{"id":3133,"date":"2024-12-19T10:14:20","date_gmt":"2024-12-19T02:14:20","guid":{"rendered":"https:\/\/meskernel.net\/?post_type=product&#038;p=3133"},"modified":"2026-01-20T09:48:50","modified_gmt":"2026-01-20T01:48:50","slug":"impulsowy-laserowy-czujnik-odleglosci-tc22-1000m","status":"publish","type":"product","link":"https:\/\/meskernel.net\/pl\/product\/pulse-laser-distance-sensor-tc22-1000m\/","title":{"rendered":"Impulsowy laserowy czujnik odleg\u0142o\u015bci TC25-1000m"},"content":{"rendered":"<p>Laserowy czujnik odleg\u0142o\u015bci serii TC, wykorzystuj\u0105cy technologi\u0119 pomiaru impulsowego, mo\u017ce dok\u0142adnie mierzy\u0107 odleg\u0142o\u015b\u0107 mi\u0119dzy obiektem docelowym a modu\u0142em pomiarowym, jest kompaktowy, \u0142atwy w instalacji i przenoszeniu, ma wysok\u0105 precyzj\u0119 pomiaru, odleg\u0142o\u015b\u0107 pomiaru do 1200 m. Laserowe czujniki odleg\u0142o\u015bci Tc mog\u0105 by\u0107 stosowane w UAV, urz\u0105dzeniach noktowizyjnych, monitorowaniu tuneli, celownikach do u\u017cytku na zewn\u0105trz, kapsu\u0142ach optoelektronicznych, monitorowaniu bezpiecze\u0144stwa, integracji termowizyjnej i innych bran\u017cach.<\/p>\n<figure id=\"attachment_2991\" class=\"wp-caption aligncenter\" aria-describedby=\"caption-attachment-2991\">\n<p><figure id=\"attachment_2991\" aria-describedby=\"caption-attachment-2991\" style=\"width: 1000px\" class=\"wp-caption aligncenter\"><img fetchpriority=\"high\" decoding=\"async\" class=\"wp-image-2991 size-full\" title=\"TC22 Czujnik dalekiego zasi\u0119gu 1000m\" src=\"https:\/\/meskernel.net\/wp-content\/uploads\/2024\/11\/TC22-Laser-Range-Finder-700m.jpg\" sizes=\"(max-width: 1000px) 100vw, 1000px\" srcset=\"https:\/\/meskernel.net\/wp-content\/uploads\/2024\/11\/TC22-Laser-Range-Finder-700m.jpg 1000w, https:\/\/meskernel.net\/wp-content\/uploads\/2024\/11\/TC22-Laser-Range-Finder-700m-300x150.jpg 300w, https:\/\/meskernel.net\/wp-content\/uploads\/2024\/11\/TC22-Laser-Range-Finder-700m-768x384.jpg 768w, https:\/\/meskernel.net\/wp-content\/uploads\/2024\/11\/TC22-Laser-Range-Finder-700m-400x200.jpg 400w\" alt=\"TC22 Dalmierz laserowy 1000m\" width=\"1000\" height=\"500\" \/><figcaption id=\"caption-attachment-2991\" class=\"wp-caption-text\">Impulsowy laserowy czujnik odleg\u0142o\u015bci<\/figcaption><\/figure><figcaption id=\"caption-attachment-2991\" class=\"wp-caption-text\">TC22 Dalmierz laserowy 1000m<\/figcaption><\/figure>\n<h3>Kluczowe zalety impulsowego laserowego czujnika odleg\u0142o\u015bci<\/h3>\n<ul>\n<li>Szeroki dystans<br \/>\nWiele opcji odleg\u0142o\u015bci, zapewniaj\u0105cych zakresy pomiarowe 700 metr\u00f3w i 1000 metr\u00f3w. Ta wszechstronno\u015b\u0107 pozwala zaspokoi\u0107 potrzeby zar\u00f3wno aplikacji o \u015brednim, jak i bardzo du\u017cym zasi\u0119gu, zapewniaj\u0105c wyj\u0105tkow\u0105 wydajno\u015b\u0107 w du\u017cych obszarach lub zdalnym monitorowaniu.<\/li>\n<li>Kszta\u0142t cylindryczny<br \/>\nCylindryczny kszta\u0142t u\u0142atwia integracj\u0119 z produktami takimi jak drony i celowniki do u\u017cytku na zewn\u0105trz.<\/li>\n<li>Wysoka precyzjaCzujnik oferuje dok\u0142adno\u015b\u0107 pomiaru do 1 metra, zapewniaj\u0105c wiarygodne i precyzyjne dane do pomiar\u00f3w na du\u017ce odleg\u0142o\u015bci.<\/li>\n<\/ul>\n<h3>\u0141atwa integracja i maksymalna elastyczno\u015b\u0107<\/h3>\n<p>Zaprojektowany z my\u015bl\u0105 o maksymalnej wszechstronno\u015bci, laserowy czujnik odleg\u0142o\u015bci Pulse obs\u0142uguje wiele interfejs\u00f3w komunikacyjnych, w tym TTL, RS485 i RS232. Zapewnia to \u0142atw\u0105 integracj\u0119 z szerok\u0105 gam\u0105 system\u00f3w, od maszyn przemys\u0142owych po platformy robotyczne i projekty oparte na mikrokontrolerach. Niezale\u017cnie od tego, czy pracujesz nad z\u0142o\u017conymi konfiguracjami przemys\u0142owymi, czy projektami na ma\u0142\u0105 skal\u0119, czujnik ten zapewnia elastyczne, skalowalne rozwi\u0105zania pomiarowe dla wszystkich typ\u00f3w aplikacji.<\/p>\n<figure id=\"attachment_2987\" class=\"wp-caption aligncenter\" aria-describedby=\"caption-attachment-2987\"><img decoding=\"async\" class=\"wp-image-2987 size-full\" title=\"Obs\u0142uga wielu interfejs\u00f3w komunikacyjnych\" src=\"https:\/\/meskernel.net\/wp-content\/uploads\/2024\/11\/Laser-Distance-Module-2000m.jpg\" sizes=\"(max-width: 750px) 100vw, 750px\" srcset=\"https:\/\/meskernel.net\/wp-content\/uploads\/2024\/11\/Laser-Distance-Module-2000m.jpg 750w, https:\/\/meskernel.net\/wp-content\/uploads\/2024\/11\/Laser-Distance-Module-2000m-300x106.jpg 300w, https:\/\/meskernel.net\/wp-content\/uploads\/2024\/11\/Laser-Distance-Module-2000m-400x142.jpg 400w\" alt=\"Obs\u0142uga wielu interfejs\u00f3w komunikacyjnych\" width=\"750\" height=\"266\" \/><figcaption id=\"caption-attachment-2987\" class=\"wp-caption-text\">Obs\u0142uga wielu interfejs\u00f3w komunikacyjnych<\/figcaption><\/figure>\n<p><strong>Laserowy czujnik odleg\u0142o\u015bci (1000 m): Niezr\u00f3wnana precyzja, moc i wszechstronno\u015b\u0107 dla ka\u017cdego zastosowania<\/strong><\/p>\n<p>Uwolnij pe\u0142en potencja\u0142 pomiaru odleg\u0142o\u015bci dalekiego zasi\u0119gu dzi\u0119ki naszemu laserowemu czujnikowi odleg\u0142o\u015bci dalekiego zasi\u0119gu. Zaprojektowany z my\u015bl\u0105 o wyj\u0105tkowej wydajno\u015bci zar\u00f3wno w zastosowaniach o \u015brednim, jak i bardzo du\u017cym zasi\u0119gu, czujnik ten oferuje niezr\u00f3wnan\u0105 precyzj\u0119 i niezawodno\u015b\u0107 w wielu wymagaj\u0105cych bran\u017cach. Dzi\u0119ki imponuj\u0105cemu zasi\u0119gowi do\u00a0<strong>1000 metr\u00f3w<\/strong>Zapewnia dok\u0142adno\u015b\u0107 potrzebn\u0105 do realizacji nawet najbardziej z\u0142o\u017conych zada\u0144, dzi\u0119ki czemu jest idealnym wyborem dla bran\u017c wymagaj\u0105cych bezdotykowych pomiar\u00f3w na du\u017ce odleg\u0142o\u015bci.<\/p>\n<h3>Idealny do szerokiego zakresu zastosowa\u0144<\/h3>\n<p>Laserowy czujnik odleg\u0142o\u015bci Pulse zosta\u0142 stworzony z my\u015bl\u0105 o pracy w r\u00f3\u017cnych \u015brodowiskach, od budownictwa i geodezji po operacje wojskowe, monitorowanie \u015brodowiska i robotyk\u0119. Niezale\u017cnie od tego, czy pracujesz na rozleg\u0142ym terenie, czy w odleg\u0142ych, trudno dost\u0119pnych obszarach, ten czujnik zapewnia precyzj\u0119 i moc, aby wykona\u0107 zadanie.<\/p>\n<ul>\n<li><strong>Budownictwo i geodezja<\/strong>: Idealny do dok\u0142adnego pomiaru du\u017cych odleg\u0142o\u015bci w celu oceny grunt\u00f3w, planowania terenu i pomiar\u00f3w topograficznych.<\/li>\n<li><strong>Monitorowanie \u015brodowiska<\/strong>: Zbieranie dok\u0142adnych danych na rozleg\u0142ych obszarach do bada\u0144 nad dzik\u0105 przyrod\u0105, zmianami klimatu lub zarz\u0105dzaniem katastrofami.<\/li>\n<li><strong>Wojsko i obronno\u015b\u0107<\/strong>: Zwi\u0119ksz mo\u017cliwo\u015bci teledetekcji, celowania i nawigacji dzi\u0119ki niezawodnym pomiarom dalekiego zasi\u0119gu.<\/li>\n<li><strong>Robotyka i automatyzacja<\/strong>: Lepsza nawigacja robot\u00f3w, wykrywanie przeszk\u00f3d i bezpiecze\u0144stwo w du\u017cych, z\u0142o\u017conych \u015brodowiskach dzi\u0119ki bardzo dok\u0142adnym odczytom odleg\u0142o\u015bci.<\/li>\n<\/ul>\n<p>Czujnik ten jest czym\u015b wi\u0119cej ni\u017c tylko narz\u0119dziem - to narz\u0119dzie zapewniaj\u0105ce precyzj\u0119, oferuj\u0105ce elastyczno\u015b\u0107 i dok\u0142adno\u015b\u0107 wymagan\u0105 do krytycznych zada\u0144 pomiarowych.<\/p>\n<figure id=\"attachment_2998\" class=\"wp-caption aligncenter\" aria-describedby=\"caption-attachment-2998\"><img decoding=\"async\" class=\"wp-image-2998 size-full\" title=\"Czujnik dalekiego zasi\u0119gu\" src=\"https:\/\/meskernel.net\/wp-content\/uploads\/2024\/10\/Telescope-Laser-sensor-PTFG-1.jpg\" sizes=\"(max-width: 1052px) 100vw, 1052px\" srcset=\"https:\/\/meskernel.net\/wp-content\/uploads\/2024\/10\/Telescope-Laser-sensor-PTFG-1.jpg 1052w, https:\/\/meskernel.net\/wp-content\/uploads\/2024\/10\/Telescope-Laser-sensor-PTFG-1-300x67.jpg 300w, https:\/\/meskernel.net\/wp-content\/uploads\/2024\/10\/Telescope-Laser-sensor-PTFG-1-1024x229.jpg 1024w, https:\/\/meskernel.net\/wp-content\/uploads\/2024\/10\/Telescope-Laser-sensor-PTFG-1-768x172.jpg 768w, https:\/\/meskernel.net\/wp-content\/uploads\/2024\/10\/Telescope-Laser-sensor-PTFG-1-400x89.jpg 400w\" alt=\"Czujnik dalekiego zasi\u0119gu\" width=\"1052\" height=\"235\" \/><figcaption id=\"caption-attachment-2998\" class=\"wp-caption-text\">Impulsowy laserowy czujnik odleg\u0142o\u015bci<\/figcaption><\/figure>\n<h3>Zaprojektowany z my\u015bl\u0105 o kompaktowej, bezproblemowej integracji<\/h3>\n<p>Laserowy czujnik odleg\u0142o\u015bci Pulse ma kompaktow\u0105, cylindryczn\u0105 konstrukcj\u0119, kt\u00f3ra sprawia, \u017ce integracja w ciasnych przestrzeniach jest \u0142atwa i bezproblemowa. Niezale\u017cnie od tego, czy integrujesz go z dronami, celownikami do u\u017cytku na zewn\u0105trz, czy innymi kompaktowymi urz\u0105dzeniami, niewielka powierzchnia czujnika nie wp\u0142ywa negatywnie na jego moc. Taka konstrukcja pozwala na zastosowanie zaawansowanej technologii pomiarowej bez zajmowania cennej przestrzeni, dzi\u0119ki czemu idealnie nadaje si\u0119 do zastosowa\u0144, w kt\u00f3rych rozmiar i wydajno\u015b\u0107 musz\u0105 i\u015b\u0107 w parze.<\/p>\n<p>In\u017cynierowie wybieraj\u0105cy odpowiedni laserowy czujnik odleg\u0142o\u015bci lub modu\u0142 dalmierza laserowego mog\u0105 zapozna\u0107 si\u0119 z nasz\u0105 ofert\u0105 <a href=\"https:\/\/meskernel.net\/pl\/laser-distance-sensor-selection\/\">Przewodnik wyboru laserowego czujnika odleg\u0142o\u015bci<\/a> w celu szczeg\u00f3\u0142owego por\u00f3wnania technologii fazowych i impulsowych.<\/p>\n<h3>Najwy\u017csza precyzja pomiar\u00f3w na du\u017ce odleg\u0142o\u015bci<\/h3>\n<p>Osi\u0105gnij niezr\u00f3wnan\u0105 precyzj\u0119 z dok\u0142adno\u015bci\u0105 \u00b11 metra, nawet na odleg\u0142o\u015bciach do 1000 metr\u00f3w. Niezale\u017cnie od tego, czy mierzysz rozleg\u0142e obszary w geodezji, czy nawigujesz w z\u0142o\u017conych \u015brodowiskach za pomoc\u0105 robotyki, ten czujnik zapewnia niezawodno\u015b\u0107 ka\u017cdego pomiaru. W sytuacjach, w kt\u00f3rych ka\u017cdy metr ma znaczenie, czujnik ten dostarcza dane, kt\u00f3rym mo\u017cna zaufa\u0107, zapewniaj\u0105c najwy\u017cszy poziom wydajno\u015bci na d\u0142ugich dystansach.<\/p>\n<h3>Pomiar bezkontaktowy z wykorzystaniem technologii TOF<\/h3>\n<p>Sercem czujnika dalekiego zasi\u0119gu jest\u00a0<a href=\"https:\/\/meskernel.net\/pl\/czas-lotu\/\">Czas lotu (TOF)<\/a>\u00a0kt\u00f3ra umo\u017cliwia pomiar bezdotykowy poprzez obliczanie odleg\u0142o\u015bci za pomoc\u0105 impuls\u00f3w laserowych. Zapewnia to wysok\u0105 dok\u0142adno\u015b\u0107 na du\u017cych odleg\u0142o\u015bciach, umo\u017cliwiaj\u0105c gromadzenie precyzyjnych danych bez fizycznego kontaktu z celem. Niezale\u017cnie od tego, czy chodzi o pomiary w niebezpiecznych, niedost\u0119pnych lub wra\u017cliwych \u015brodowiskach, bezdotykowe mo\u017cliwo\u015bci czujnika sprawiaj\u0105, \u017ce jest on idealny do szerokiego zakresu zastosowa\u0144.<\/p>\n<h3>Rewolucja w mo\u017cliwo\u015bciach pomiar\u00f3w dalekiego zasi\u0119gu<\/h3>\n<p>Laserowy czujnik odleg\u0142o\u015bci Pulse (1000 m) to prze\u0142omowe rozwi\u0105zanie dla bran\u017c, w kt\u00f3rych liczy si\u0119 precyzja, niezawodno\u015b\u0107 i bezdotykowy pomiar na du\u017cych odleg\u0142o\u015bciach. Niezale\u017cnie od tego, czy pracujesz w budownictwie, geodezji, wojsku czy robotyce, czujnik ten zapewnia moc i dok\u0142adno\u015b\u0107 potrzebn\u0105 do sprostania najbardziej wymagaj\u0105cym zadaniom pomiarowym.<\/p>\n<p>Dzi\u0119ki niezr\u00f3wnanemu zasi\u0119gowi, precyzyjnej dok\u0142adno\u015bci i kompaktowej konstrukcji, czujnik dalekiego zasi\u0119gu zmienia spos\u00f3b pomiaru du\u017cych odleg\u0142o\u015bci, zapewniaj\u0105c najbardziej wiarygodne dane dla krytycznych aplikacji. Usprawnij swoj\u0105 prac\u0119 dzi\u0119ki najnowocze\u015bniejszej technologii i uwolnij potencja\u0142 precyzyjnego pomiaru odleg\u0142o\u015bci na du\u017ce odleg\u0142o\u015bci ju\u017c dzi\u015b.<\/p>","protected":false},"excerpt":{"rendered":"<p>Laserowy czujnik odleg\u0142o\u015bci Pulse mo\u017ce pracowa\u0107 w systemach IOT, takich jak inteligentne rolnictwo, mo\u017ce mierzy\u0107 wysoko\u015b\u0107 upraw lub poziom wilgotno\u015bci gleby. Dane te mo\u017cna wykorzysta\u0107 do optymalizacji harmonogram\u00f3w nawadniania, sadzenia i zbior\u00f3w oraz integracji z platformami loT w celu precyzyjnego rolnictwa.<\/p>","protected":false},"featured_media":3143,"template":"","meta":{"site-sidebar-layout":"default","site-content-layout":"","ast-site-content-layout":"default","site-content-style":"default","site-sidebar-style":"default","ast-global-header-display":"","ast-banner-title-visibility":"","ast-main-header-display":"","ast-hfb-above-header-display":"","ast-hfb-below-header-display":"","ast-hfb-mobile-header-display":"","site-post-title":"","ast-breadcrumbs-content":"","ast-featured-img":"","footer-sml-layout":"","ast-disable-related-posts":"","theme-transparent-header-meta":"default","adv-header-id-meta":"","stick-header-meta":"","header-above-stick-meta":"","header-main-stick-meta":"","header-below-stick-meta":"","astra-migrate-meta-layouts":"set","ast-page-background-enabled":"default","ast-page-background-meta":{"desktop":{"background-color":"var(--ast-global-color-4)","background-image":"","background-repeat":"repeat","background-position":"center center","background-size":"auto","background-attachment":"scroll","background-type":"","background-media":"","overlay-type":"","overlay-color":"","overlay-opacity":"","overlay-gradient":""},"tablet":{"background-color":"","background-image":"","background-repeat":"repeat","background-position":"center center","background-size":"auto","background-attachment":"scroll","background-type":"","background-media":"","overlay-type":"","overlay-color":"","overlay-opacity":"","overlay-gradient":""},"mobile":{"background-color":"","background-image":"","background-repeat":"repeat","background-position":"center center","background-size":"auto","background-attachment":"scroll","background-type":"","background-media":"","overlay-type":"","overlay-color":"","overlay-opacity":"","overlay-gradient":""}},"ast-content-background-meta":{"desktop":{"background-color":"var(--ast-global-color-5)","background-image":"","background-repeat":"repeat","background-position":"center center","background-size":"auto","background-attachment":"scroll","background-type":"","background-media":"","overlay-type":"","overlay-color":"","overlay-opacity":"","overlay-gradient":""},"tablet":{"background-color":"var(--ast-global-color-5)","background-image":"","background-repeat":"repeat","background-position":"center center","background-size":"auto","background-attachment":"scroll","background-type":"","background-media":"","overlay-type":"","overlay-color":"","overlay-opacity":"","overlay-gradient":""},"mobile":{"background-color":"var(--ast-global-color-5)","background-image":"","background-repeat":"repeat","background-position":"center center","background-size":"auto","background-attachment":"scroll","background-type":"","background-media":"","overlay-type":"","overlay-color":"","overlay-opacity":"","overlay-gradient":""}}},"product_brand":[60],"product_cat":[54],"product_tag":[],"class_list":{"0":"post-3133","1":"product","2":"type-product","3":"status-publish","4":"has-post-thumbnail","6":"product_brand-meskernel","7":"product_cat-long-distance-laser-ranging-sensors","8":"desktop-align-center","9":"tablet-align-left","10":"mobile-align-left","12":"first","13":"instock","14":"shipping-taxable","15":"product-type-simple"},"_links":{"self":[{"href":"https:\/\/meskernel.net\/pl\/wp-json\/wp\/v2\/product\/3133","targetHints":{"allow":["GET"]}}],"collection":[{"href":"https:\/\/meskernel.net\/pl\/wp-json\/wp\/v2\/product"}],"about":[{"href":"https:\/\/meskernel.net\/pl\/wp-json\/wp\/v2\/types\/product"}],"version-history":[{"count":0,"href":"https:\/\/meskernel.net\/pl\/wp-json\/wp\/v2\/product\/3133\/revisions"}],"wp:featuredmedia":[{"embeddable":true,"href":"https:\/\/meskernel.net\/pl\/wp-json\/wp\/v2\/media\/3143"}],"wp:attachment":[{"href":"https:\/\/meskernel.net\/pl\/wp-json\/wp\/v2\/media?parent=3133"}],"wp:term":[{"taxonomy":"product_brand","embeddable":true,"href":"https:\/\/meskernel.net\/pl\/wp-json\/wp\/v2\/product_brand?post=3133"},{"taxonomy":"product_cat","embeddable":true,"href":"https:\/\/meskernel.net\/pl\/wp-json\/wp\/v2\/product_cat?post=3133"},{"taxonomy":"product_tag","embeddable":true,"href":"https:\/\/meskernel.net\/pl\/wp-json\/wp\/v2\/product_tag?post=3133"}],"curies":[{"name":"wp","href":"https:\/\/api.w.org\/{rel}","templated":true}]}}