{"id":3303,"date":"2024-12-30T16:45:24","date_gmt":"2024-12-30T08:45:24","guid":{"rendered":"https:\/\/meskernel.net\/?post_type=product&#038;p=3303"},"modified":"2025-07-03T11:02:14","modified_gmt":"2025-07-03T03:02:14","slug":"precyzyjny-fazowy-laserowy-modul-odleglosci-ldll-o-zasiegu-40-m-i-kompaktowej-konstrukcji","status":"publish","type":"product","link":"https:\/\/meskernel.net\/pl\/product\/high-precision-phase-laser-distance-module-ldll-with-40m-range-and-compact-design\/","title":{"rendered":"Dostosowany laserowy pomiar fazowy: zasi\u0119g 40 m, bezkontaktowy pomiar przemys\u0142owy"},"content":{"rendered":"<h3><strong>Precyzyjny fazowy laserowy czujnik odleg\u0142o\u015bci do zastosowa\u0144 przemys\u0142owych<\/strong><\/h3>\n<p>Nasz precyzyjny fazowy laserowy czujnik odleg\u0142o\u015bci zapewnia wyj\u0105tkow\u0105 dok\u0142adno\u015b\u0107 i niezawodno\u015b\u0107, dzi\u0119ki czemu jest idealnym rozwi\u0105zaniem do wymagaj\u0105cych zastosowa\u0144 przemys\u0142owych. Wykorzystuj\u0105c <a href=\"https:\/\/meskernel.net\/pl\/czujnik-odleglosci-2\/\">Zasada pomiaru przesuni\u0119cia fazowego<\/a>, Czujnik ten oblicza odleg\u0142o\u015b\u0107 poprzez pomiar r\u00f3\u017cnicy faz mi\u0119dzy emitowanym i odbitym \u015bwiat\u0142em lasera. Takie podej\u015bcie zapewnia wysok\u0105 precyzj\u0119 wynik\u00f3w, nawet na du\u017cych odleg\u0142o\u015bciach. Jako wiod\u0105cy producent laserowych czujnik\u00f3w pomiarowych specjalizujemy si\u0119 w dostarczaniu najnowocze\u015bniejszych technologii dla bran\u017c takich jak automatyka, produkcja, geodezja i in\u017cynieria. Niezale\u017cnie od tego, czy mierzysz ma\u0142e komponenty, czy du\u017ce obszary, nasze czujniki zapewniaj\u0105 precyzyjne wyniki za ka\u017cdym razem, nawet w trudnych warunkach.<\/p>\n<figure id=\"attachment_2960\" aria-describedby=\"caption-attachment-2960\" style=\"width: 1080px\" class=\"wp-caption aligncenter\"><img fetchpriority=\"high\" decoding=\"async\" class=\"wp-image-2960 size-full\" title=\"Laserowy czujnik odleg\u0142o\u015bci TOF\" src=\"https:\/\/meskernel.net\/wp-content\/uploads\/2024\/11\/TOF-Laser-Distance-Sensor.jpg\" alt=\"Laserowy czujnik odleg\u0142o\u015bci TOF\" width=\"1080\" height=\"300\" srcset=\"https:\/\/meskernel.net\/wp-content\/uploads\/2024\/11\/TOF-Laser-Distance-Sensor.jpg 1080w, https:\/\/meskernel.net\/wp-content\/uploads\/2024\/11\/TOF-Laser-Distance-Sensor-300x83.jpg 300w, https:\/\/meskernel.net\/wp-content\/uploads\/2024\/11\/TOF-Laser-Distance-Sensor-1024x284.jpg 1024w, https:\/\/meskernel.net\/wp-content\/uploads\/2024\/11\/TOF-Laser-Distance-Sensor-768x213.jpg 768w, https:\/\/meskernel.net\/wp-content\/uploads\/2024\/11\/TOF-Laser-Distance-Sensor-400x111.jpg 400w\" sizes=\"(max-width: 1080px) 100vw, 1080px\" \/><figcaption id=\"caption-attachment-2960\" class=\"wp-caption-text\">Laserowy czujnik odleg\u0142o\u015bci TOF<\/figcaption><\/figure>\n<h3><strong>Elastyczne dostosowanie do konkretnych potrzeb<\/strong><\/h3>\n<p>Jako zaufany producent czujnik\u00f3w oferujemy szerokie mo\u017cliwo\u015bci dostosowywania ich do konkretnych potrzeb. Niezale\u017cnie od tego, czy chodzi o dostosowanie zakresu pomiarowego, dodanie niestandardowych wyj\u015b\u0107, czy optymalizacj\u0119 obudowy czujnika pod k\u0105tem specjalistycznych \u015brodowisk, mo\u017cemy dostosowa\u0107 czujnik do konkretnych wymaga\u0144. Nasz laserowy czujnik odleg\u0142o\u015bci 40 m jest zgodny ze standardami bran\u017cowymi, takimi jak RS485, RS232 i TTL, umo\u017cliwiaj\u0105c bezproblemow\u0105 integracj\u0119 z istniej\u0105cymi systemami.<\/p>\n<p>Konfigurowalne funkcje obejmuj\u0105:<\/p>\n<ul>\n<li>Programowalne wyj\u015bcia<\/li>\n<li>Rejestrowanie danych i monitorowanie w czasie rzeczywistym<\/li>\n<li>Dostosowane zakresy pomiarowe i formaty wyj\u015bciowe<\/li>\n<li>Kompatybilno\u015b\u0107 z r\u00f3\u017cnymi warunkami \u015brodowiskowymi<\/li>\n<\/ul>\n<h3><strong>Skalowalne wytwarzanie i szybka produkcja<\/strong><\/h3>\n<p>Nasz najnowocze\u015bniejszy zak\u0142ad produkcyjny jest przystosowany do obs\u0142ugi zar\u00f3wno ma\u0142ych, jak i du\u017cych zam\u00f3wie\u0144 z kr\u00f3tkim czasem produkcji. Niezale\u017cnie od tego, czy potrzebujesz kilku jednostek, czy zam\u00f3wienia hurtowego, mo\u017cemy spe\u0142ni\u0107 Twoje wymagania dzi\u0119ki kr\u00f3tkim czasom realizacji i niezawodnym harmonogramom dostaw. Stosujemy najnowsze techniki produkcji i przestrzegamy rygorystycznych proces\u00f3w kontroli jako\u015bci, aby zapewni\u0107, \u017ce ka\u017cde 40m <a href=\"https:\/\/en.wikipedia.org\/wiki\/Time-of-flight_camera\" target=\"_blank\" rel=\"noopener\">TOF<\/a> Laserowy czujnik odleg\u0142o\u015bci spe\u0142nia najwy\u017csze standardy bran\u017cowe w zakresie dok\u0142adno\u015bci i wydajno\u015bci.<\/p>\n<div class=\"ast-oembed-container\" style=\"height: 100%;\"><iframe title=\"Chengdu Meskernel Integrated Technology Co , Ltd\" width=\"500\" height=\"281\" src=\"https:\/\/www.youtube.com\/embed\/l3-XWIFqqic?feature=oembed\" frameborder=\"0\" allow=\"accelerometer; autoplay; clipboard-write; encrypted-media; gyroscope; picture-in-picture; web-share\" referrerpolicy=\"strict-origin-when-cross-origin\" allowfullscreen><\/iframe><\/div>\n<h3><strong>Kluczowe zalety naszego fazowego laserowego czujnika odleg\u0142o\u015bci<\/strong><\/h3>\n<ul>\n<li><strong>Niezr\u00f3wnana dok\u0142adno\u015b\u0107<\/strong>: Niezawodne pomiary dzi\u0119ki <strong>\u00b1<\/strong>Dok\u0142adno\u015b\u0107 1 mm, niezb\u0119dna do precyzyjnych zada\u0144 o krytycznym znaczeniu w \u015brodowiskach przemys\u0142owych.<\/li>\n<li><strong>Konfigurowalne funkcje<\/strong>: Dostosuj zakres pomiarowy czujnika, typy wyj\u015b\u0107 i opcje integracji, aby spe\u0142ni\u0107 swoje unikalne wymagania.<\/li>\n<li><strong>Szeroki zakres zastosowa\u0144<\/strong>: Idealny do automatyzacji robot\u00f3w, kontroli jako\u015bci, pomiar\u00f3w terenowych i zastosowa\u0144 in\u017cynieryjnych.<\/li>\n<li><strong>\u0141atwa integracja<\/strong>: Bezproblemowa integracja z istniej\u0105cymi systemami za po\u015brednictwem standardowych interfejs\u00f3w, takich jak RS485, RS232 i TTL.<\/li>\n<li><strong>Skalowalna produkcja<\/strong>: Oferujemy szybk\u0105 produkcj\u0119 i niezawodn\u0105 dostaw\u0119, niezale\u017cnie od tego, czy potrzebne s\u0105 ma\u0142e czy du\u017ce ilo\u015bci.<\/li>\n<\/ul>\n<p>Je\u015bli szukasz precyzyjnego fazowego laserowego czujnika odleg\u0142o\u015bci, kt\u00f3ry zapewnia wyj\u0105tkow\u0105 dok\u0142adno\u015b\u0107, wszechstronno\u015b\u0107 i niezawodne dzia\u0142anie, nie szukaj dalej. Nasz czujnik jest idealnym rozwi\u0105zaniem dla szerokiego zakresu zastosowa\u0144 przemys\u0142owych, od produkcji i automatyki po geodezj\u0119 i robotyk\u0119. Dzi\u0119ki mo\u017cliwo\u015bci wykonywania precyzyjnych pomiar\u00f3w zwi\u0119ksza wydajno\u015b\u0107 operacyjn\u0105 i zapewnia sp\u00f3jne wyniki. Oferujemy r\u00f3\u017cnorodne laserowe czujniki odleg\u0142o\u015bci, zaprojektowane z my\u015bl\u0105 o wysokiej precyzji i wydajno\u015bci dalekiego zasi\u0119gu, dostosowane do unikalnych potrzeb danej aplikacji.<\/p>\n<p><a href=\"https:\/\/meskernel.net\/pl\/kontakt\/\">Skontaktuj si\u0119 z nami ju\u017c dzi\u015b<\/a> aby dowiedzie\u0107 si\u0119, w jaki spos\u00f3b nasze precyzyjne 40-metrowe laserowe czujniki odleg\u0142o\u015bci mog\u0105 zoptymalizowa\u0107 operacje przemys\u0142owe i przyczyni\u0107 si\u0119 do sukcesu projekt\u00f3w.<\/p>","protected":false},"excerpt":{"rendered":"<p>Konfigurowalny fazowy laserowy czujnik odleg\u0142o\u015bci o zasi\u0119gu 40 m i kompaktowej konstrukcji, idealny do zastosowa\u0144 przemys\u0142owych. Posiada transmisj\u0119 Bluetooth i interfejs TTL\/RS232\/RS485 trzy-w-jednym dla wydajnego i precyzyjnego pomiaru bezdotykowego.<\/p>","protected":false},"featured_media":3304,"template":"","meta":{"site-sidebar-layout":"default","site-content-layout":"","ast-site-content-layout":"default","site-content-style":"default","site-sidebar-style":"default","ast-global-header-display":"","ast-banner-title-visibility":"","ast-main-header-display":"","ast-hfb-above-header-display":"","ast-hfb-below-header-display":"","ast-hfb-mobile-header-display":"","site-post-title":"","ast-breadcrumbs-content":"","ast-featured-img":"","footer-sml-layout":"","ast-disable-related-posts":"","theme-transparent-header-meta":"default","adv-header-id-meta":"","stick-header-meta":"","header-above-stick-meta":"","header-main-stick-meta":"","header-below-stick-meta":"","astra-migrate-meta-layouts":"set","ast-page-background-enabled":"default","ast-page-background-meta":{"desktop":{"background-color":"var(--ast-global-color-4)","background-image":"","background-repeat":"repeat","background-position":"center center","background-size":"auto","background-attachment":"scroll","background-type":"","background-media":"","overlay-type":"","overlay-color":"","overlay-opacity":"","overlay-gradient":""},"tablet":{"background-color":"","background-image":"","background-repeat":"repeat","background-position":"center center","background-size":"auto","background-attachment":"scroll","background-type":"","background-media":"","overlay-type":"","overlay-color":"","overlay-opacity":"","overlay-gradient":""},"mobile":{"background-color":"","background-image":"","background-repeat":"repeat","background-position":"center center","background-size":"auto","background-attachment":"scroll","background-type":"","background-media":"","overlay-type":"","overlay-color":"","overlay-opacity":"","overlay-gradient":""}},"ast-content-background-meta":{"desktop":{"background-color":"var(--ast-global-color-5)","background-image":"","background-repeat":"repeat","background-position":"center center","background-size":"auto","background-attachment":"scroll","background-type":"","background-media":"","overlay-type":"","overlay-color":"","overlay-opacity":"","overlay-gradient":""},"tablet":{"background-color":"var(--ast-global-color-5)","background-image":"","background-repeat":"repeat","background-position":"center center","background-size":"auto","background-attachment":"scroll","background-type":"","background-media":"","overlay-type":"","overlay-color":"","overlay-opacity":"","overlay-gradient":""},"mobile":{"background-color":"var(--ast-global-color-5)","background-image":"","background-repeat":"repeat","background-position":"center center","background-size":"auto","background-attachment":"scroll","background-type":"","background-media":"","overlay-type":"","overlay-color":"","overlay-opacity":"","overlay-gradient":""}}},"product_brand":[60],"product_cat":[51],"product_tag":[],"class_list":{"0":"post-3303","1":"product","2":"type-product","3":"status-publish","4":"has-post-thumbnail","6":"product_brand-meskernel","7":"product_cat-laser-distance-sensor","8":"desktop-align-center","9":"tablet-align-left","10":"mobile-align-left","12":"first","13":"instock","14":"shipping-taxable","15":"product-type-simple"},"_links":{"self":[{"href":"https:\/\/meskernel.net\/pl\/wp-json\/wp\/v2\/product\/3303","targetHints":{"allow":["GET"]}}],"collection":[{"href":"https:\/\/meskernel.net\/pl\/wp-json\/wp\/v2\/product"}],"about":[{"href":"https:\/\/meskernel.net\/pl\/wp-json\/wp\/v2\/types\/product"}],"version-history":[{"count":0,"href":"https:\/\/meskernel.net\/pl\/wp-json\/wp\/v2\/product\/3303\/revisions"}],"wp:featuredmedia":[{"embeddable":true,"href":"https:\/\/meskernel.net\/pl\/wp-json\/wp\/v2\/media\/3304"}],"wp:attachment":[{"href":"https:\/\/meskernel.net\/pl\/wp-json\/wp\/v2\/media?parent=3303"}],"wp:term":[{"taxonomy":"product_brand","embeddable":true,"href":"https:\/\/meskernel.net\/pl\/wp-json\/wp\/v2\/product_brand?post=3303"},{"taxonomy":"product_cat","embeddable":true,"href":"https:\/\/meskernel.net\/pl\/wp-json\/wp\/v2\/product_cat?post=3303"},{"taxonomy":"product_tag","embeddable":true,"href":"https:\/\/meskernel.net\/pl\/wp-json\/wp\/v2\/product_tag?post=3303"}],"curies":[{"name":"wp","href":"https:\/\/api.w.org\/{rel}","templated":true}]}}