{"id":3697,"date":"2025-02-10T15:59:26","date_gmt":"2025-02-10T07:59:26","guid":{"rendered":"https:\/\/meskernel.net\/?post_type=product&#038;p=3697"},"modified":"2025-07-03T10:54:10","modified_gmt":"2025-07-03T02:54:10","slug":"czujnik-dalmierza-laserowego","status":"publish","type":"product","link":"https:\/\/meskernel.net\/pl\/product\/laser-rangefinder-sensor\/","title":{"rendered":"Czujnik dalmierza laserowego LDJ-150-20Hz \u2013 Precyzja, Szybko\u015b\u0107 i Niezawodno\u015b\u0107"},"content":{"rendered":"<div class=\"mceTemp\">\n<p data-start=\"354\" data-end=\"959\">Dalmierz laserowy LDJ-150-20Hz to najnowocze\u015bniejsze rozwi\u0105zanie przeznaczone dla bran\u017c wymagaj\u0105cych precyzyjnych pomiar\u00f3w odleg\u0142o\u015bci. Niezale\u017cnie od tego, czy zajmujesz si\u0119 geodezj\u0105, budownictwem, robotyk\u0105 czy automatyk\u0105, ten milimetrowy czujnik laserowy zapewnia szybkie, niezawodne i dok\u0142adne pomiary. Dzi\u0119ki zakresowi od 0,03 m do 200 m gwarantuje wysok\u0105 dok\u0142adno\u015b\u0107 zar\u00f3wno w zastosowaniach kr\u00f3tkiego, jak i dalekiego zasi\u0119gu. Jego kompaktowa konstrukcja i elastyczno\u015b\u0107 sprawiaj\u0105, \u017ce idealnie nadaje si\u0119 zar\u00f3wno do zastosowa\u0144 wewn\u0119trznych, jak i zewn\u0119trznych, zapewniaj\u0105c niezawodne dzia\u0142anie w r\u00f3\u017cnych warunkach.<\/p>\n<\/div>\n<h3 data-start=\"961\" data-end=\"1023\"><strong data-start=\"965\" data-end=\"1023\">Kluczowe cechy dalmierza laserowego LDJ-150-20Hz<\/strong><\/h3>\n<p><img fetchpriority=\"high\" decoding=\"async\" class=\"alignright wp-image-2841 size-full\" title=\"Zewn\u0119trzny laserowy czujnik odleg\u0142o\u015bci\" src=\"https:\/\/meskernel.net\/wp-content\/uploads\/2024\/11\/usb-laser-distance-sensor.jpg\" alt=\"Zewn\u0119trzny laserowy czujnik odleg\u0142o\u015bci\" width=\"712\" height=\"694\" srcset=\"https:\/\/meskernel.net\/wp-content\/uploads\/2024\/11\/usb-laser-distance-sensor.jpg 712w, https:\/\/meskernel.net\/wp-content\/uploads\/2024\/11\/usb-laser-distance-sensor-300x292.jpg 300w, https:\/\/meskernel.net\/wp-content\/uploads\/2024\/11\/usb-laser-distance-sensor-400x390.jpg 400w\" sizes=\"(max-width: 712px) 100vw, 712px\" \/><\/p>\n<p><strong data-start=\"1030\" data-end=\"1086\">1. Szeroki zakres pomiarowy dla wszechstronnych zastosowa\u0144<\/strong><\/p>\n<p data-start=\"1087\" data-end=\"1419\">LDJ-150-20Hz oferuje szeroki zakres wybieranych odleg\u0142o\u015bci od 0,03 m do 200 m, dzi\u0119ki czemu mo\u017cna go dostosowa\u0107 do r\u00f3\u017cnych bran\u017c i zastosowa\u0144. Niezale\u017cnie od tego, czy mierzy ma\u0142e odleg\u0142o\u015bci w \u015brodowiskach przemys\u0142owych, czy wi\u0119ksze odleg\u0142o\u015bci w geodezji lub budownictwie, czujnik ten zapewnia dok\u0142adne i wiarygodne dane we wszystkich skalach.<\/p>\n<p data-start=\"1421\" data-end=\"1471\"><strong data-start=\"1426\" data-end=\"1471\">2. Szybka reakcja na dane w czasie rzeczywistym<\/strong><\/p>\n<p data-start=\"1472\" data-end=\"1786\">Dzi\u0119ki milisekundowym czasom akwizycji danych czujnik LDJ-150-20Hz doskonale sprawdza si\u0119 w \u015brodowiskach o szybkim tempie pracy. Jest to idealne rozwi\u0105zanie dla bran\u017c takich jak robotyka, automatyka i technologia dron\u00f3w, gdzie pomiary w czasie rzeczywistym i szybkie reakcje s\u0105 niezb\u0119dne do skutecznego podejmowania decyzji i optymalizacji przep\u0142ywu pracy.<\/p>\n<p data-start=\"1788\" data-end=\"1834\"><strong data-start=\"1793\" data-end=\"1834\">3. Doskona\u0142a dok\u0142adno\u015b\u0107 na poziomie milimetra<\/strong><\/p>\n<p data-start=\"1835\" data-end=\"2160\">Oferuj\u0105c dok\u0142adno\u015b\u0107 na poziomie milimetra, dalmierz laserowy LDJ-150-20Hz jest idealny do precyzyjnych zastosowa\u0144, takich jak pomiary geodezyjne, badania naukowe i in\u017cynieria budowlana. Zapewnia to sp\u00f3jne i szczeg\u00f3\u0142owe pomiary, dzi\u0119ki czemu jest zaufanym narz\u0119dziem do precyzyjnych projekt\u00f3w.<\/p>\n<p data-start=\"2162\" data-end=\"2214\"><strong data-start=\"2167\" data-end=\"2214\">4. Niezawodne dzia\u0142anie w trudnych warunkach<\/strong><\/p>\n<p data-start=\"2215\" data-end=\"2525\">Zaprojektowany do pracy w trudnych warunkach, ten zewn\u0119trzny czujnik dalmierza laserowego zapewnia stabilne, wysokiej jako\u015bci pomiary nawet w warunkach zapylenia, wibracji lub zmiennej temperatury. Niski b\u0142\u0105d powtarzalno\u015bci gwarantuje sp\u00f3jne wyniki, nawet w trudnych warunkach przemys\u0142owych.<\/p>\n<p data-start=\"2527\" data-end=\"2573\"><strong data-start=\"2532\" data-end=\"2573\">5. Technologia pomiar\u00f3w bezkontaktowych<\/strong><\/p>\n<p data-start=\"2574\" data-end=\"2954\">Dzi\u0119ki mo\u017cliwo\u015bci pomiaru bezdotykowego, LDJ-150-20Hz jest idealny do pomiaru delikatnych lub poruszaj\u0105cych si\u0119 obiekt\u00f3w, takich jak powierzchnie o wysokiej temperaturze, delikatne elementy lub cele o nieregularnych kszta\u0142tach. Funkcja ta jest szczeg\u00f3lnie przydatna w testowaniu materia\u0142\u00f3w, produkcji motoryzacyjnej i profilowaniu powierzchni, gdzie bezpo\u015bredni kontakt nie jest mo\u017cliwy lub po\u017c\u0105dany.<\/p>\n<p data-start=\"2956\" data-end=\"3026\"><strong data-start=\"2961\" data-end=\"3026\">6. Wiele interfejs\u00f3w komunikacyjnych dla p\u0142ynnej integracji<\/strong><\/p>\n<p data-start=\"3027\" data-end=\"3385\">Dzi\u0119ki obs\u0142udze r\u00f3\u017cnych protoko\u0142\u00f3w komunikacyjnych, w tym RS232, RS485, Modbus, Bluetooth i UART, LDJ-150-20Hz p\u0142ynnie integruje si\u0119 z istniej\u0105cymi systemami. Niezale\u017cnie od tego, czy pracujesz z platformami automatyki, rejestratorami danych czy systemami sterowania, czujnik ten umo\u017cliwia \u0142atw\u0105 konfiguracj\u0119, skracaj\u0105c czas i z\u0142o\u017cono\u015b\u0107 instalacji.<\/p>\n<div class=\"magic-16\">\n<div class=\"magic-17\">\n<div data-spm-anchor-id=\"a2700.details.0.i68.469255a4z4kxlM\"><\/div>\n<\/div>\n<\/div>\n<p data-start=\"3387\" data-end=\"3434\"><strong data-start=\"3392\" data-end=\"3434\">7.<\/strong> <strong>Niestandardowe rozwi\u0105zania dla konkretnych potrzeb<\/strong><\/p>\n<p style=\"text-align: left;\" data-start=\"3435\" data-end=\"3781\">Oferujemy rozwi\u0105zania dostosowane do unikalnych wymaga\u0144 pomiarowych, w tym dostosowanie zakresu pomiarowego, cz\u0119stotliwo\u015bci, rozdzielczo\u015bci i protoko\u0142\u00f3w komunikacyjnych. Nasz zesp\u00f3\u0142 ekspert\u00f3w wsp\u00f3\u0142pracuje z Tob\u0105, aby zapewni\u0107, \u017ce LDJ-150-20Hz idealnie pasuje do specyfikacji Twojego projektu, optymalizuj\u0105c zar\u00f3wno wydajno\u015b\u0107, jak i produktywno\u015b\u0107.<\/p>\n<h3 style=\"text-align: center;\" data-start=\"3435\" data-end=\"3781\"><a href=\"https:\/\/meskernel.net\/pl\/modul-czujnika-wysokiej-czestotliwosci\/czujnik-odleglosci-fazowej\/\"><strong>Odpowiednie produkty<\/strong><\/a><\/h3>\n<figure id=\"attachment_3071\" aria-describedby=\"caption-attachment-3071\" style=\"width: 800px\" class=\"wp-caption aligncenter\"><img decoding=\"async\" class=\"wp-image-3071 size-full\" src=\"https:\/\/meskernel.net\/wp-content\/uploads\/2024\/12\/distance-sensor-analog-output.jpg\" alt=\"wyj\u015bcie analogowe czujnika odleg\u0142o\u015bci\" width=\"800\" height=\"800\" srcset=\"https:\/\/meskernel.net\/wp-content\/uploads\/2024\/12\/distance-sensor-analog-output.jpg 800w, https:\/\/meskernel.net\/wp-content\/uploads\/2024\/12\/distance-sensor-analog-output-300x300.jpg 300w, https:\/\/meskernel.net\/wp-content\/uploads\/2024\/12\/distance-sensor-analog-output-150x150.jpg 150w, https:\/\/meskernel.net\/wp-content\/uploads\/2024\/12\/distance-sensor-analog-output-768x768.jpg 768w, https:\/\/meskernel.net\/wp-content\/uploads\/2024\/12\/distance-sensor-analog-output-400x400.jpg 400w, https:\/\/meskernel.net\/wp-content\/uploads\/2024\/12\/distance-sensor-analog-output-100x100.jpg 100w\" sizes=\"(max-width: 800px) 100vw, 800px\" \/><figcaption id=\"caption-attachment-3071\" class=\"wp-caption-text\">czujnik odleg\u0142o\u015bci<\/figcaption><\/figure>\n<h3 data-start=\"3783\" data-end=\"3841\"><\/h3>\n<h3 data-start=\"3783\" data-end=\"3841\"><strong data-start=\"3787\" data-end=\"3841\">Dlaczego warto wybra\u0107 dalmierz laserowy LDJ-150-20Hz?<\/strong><\/h3>\n<p data-start=\"3843\" data-end=\"4403\">Dalmierz laserowy LDJ-150-20Hz \u0142\u0105czy w sobie szybk\u0105 akwizycj\u0119 danych, dok\u0142adno\u015b\u0107 na poziomie milimetra i wyj\u0105tkow\u0105 wszechstronno\u015b\u0107, co czyni go idealnym wyborem do zastosowa\u0144 w bran\u017cach takich jak budownictwo, geodezja, robotyka i automatyka. Dzia\u0142a niezawodnie w trudnych warunkach, dostarcza dane w czasie rzeczywistym i \u0142atwo integruje si\u0119 z istniej\u0105cymi systemami. Konfigurowalne opcje zapewniaj\u0105, \u017ce czujnik mo\u017cna precyzyjnie dostosowa\u0107 do konkretnych potrzeb, co czyni go nieocenionym narz\u0119dziem do precyzyjnych i wydajnych pomiar\u00f3w.<\/p>","protected":false},"excerpt":{"rendered":"<p>Dalmierz laserowy LDJ-150-20Hz zapewnia precyzyjne i szybkie pomiary w szerokim zakresie do 200 metr\u00f3w. Idealny dla budownictwa, robotyki, geodezji i automatyki, oferuje dane w czasie rzeczywistym, dok\u0142adno\u015b\u0107 na poziomie milimetra i p\u0142ynn\u0105 integracj\u0119 systemu. Dost\u0119pne s\u0105 rozwi\u0105zania dostosowane do indywidualnych potrzeb.<\/p>","protected":false},"featured_media":3698,"template":"","meta":{"site-sidebar-layout":"default","site-content-layout":"","ast-site-content-layout":"default","site-content-style":"default","site-sidebar-style":"default","ast-global-header-display":"","ast-banner-title-visibility":"","ast-main-header-display":"","ast-hfb-above-header-display":"","ast-hfb-below-header-display":"","ast-hfb-mobile-header-display":"","site-post-title":"","ast-breadcrumbs-content":"","ast-featured-img":"","footer-sml-layout":"","ast-disable-related-posts":"","theme-transparent-header-meta":"default","adv-header-id-meta":"","stick-header-meta":"","header-above-stick-meta":"","header-main-stick-meta":"","header-below-stick-meta":"","astra-migrate-meta-layouts":"set","ast-page-background-enabled":"default","ast-page-background-meta":{"desktop":{"background-color":"var(--ast-global-color-4)","background-image":"","background-repeat":"repeat","background-position":"center center","background-size":"auto","background-attachment":"scroll","background-type":"","background-media":"","overlay-type":"","overlay-color":"","overlay-opacity":"","overlay-gradient":""},"tablet":{"background-color":"","background-image":"","background-repeat":"repeat","background-position":"center center","background-size":"auto","background-attachment":"scroll","background-type":"","background-media":"","overlay-type":"","overlay-color":"","overlay-opacity":"","overlay-gradient":""},"mobile":{"background-color":"","background-image":"","background-repeat":"repeat","background-position":"center center","background-size":"auto","background-attachment":"scroll","background-type":"","background-media":"","overlay-type":"","overlay-color":"","overlay-opacity":"","overlay-gradient":""}},"ast-content-background-meta":{"desktop":{"background-color":"var(--ast-global-color-5)","background-image":"","background-repeat":"repeat","background-position":"center center","background-size":"auto","background-attachment":"scroll","background-type":"","background-media":"","overlay-type":"","overlay-color":"","overlay-opacity":"","overlay-gradient":""},"tablet":{"background-color":"var(--ast-global-color-5)","background-image":"","background-repeat":"repeat","background-position":"center center","background-size":"auto","background-attachment":"scroll","background-type":"","background-media":"","overlay-type":"","overlay-color":"","overlay-opacity":"","overlay-gradient":""},"mobile":{"background-color":"var(--ast-global-color-5)","background-image":"","background-repeat":"repeat","background-position":"center center","background-size":"auto","background-attachment":"scroll","background-type":"","background-media":"","overlay-type":"","overlay-color":"","overlay-opacity":"","overlay-gradient":""}}},"product_brand":[60],"product_cat":[51],"product_tag":[],"class_list":{"0":"post-3697","1":"product","2":"type-product","3":"status-publish","4":"has-post-thumbnail","6":"product_brand-meskernel","7":"product_cat-laser-distance-sensor","8":"desktop-align-center","9":"tablet-align-left","10":"mobile-align-left","12":"first","13":"instock","14":"shipping-taxable","15":"product-type-simple"},"_links":{"self":[{"href":"https:\/\/meskernel.net\/pl\/wp-json\/wp\/v2\/product\/3697","targetHints":{"allow":["GET"]}}],"collection":[{"href":"https:\/\/meskernel.net\/pl\/wp-json\/wp\/v2\/product"}],"about":[{"href":"https:\/\/meskernel.net\/pl\/wp-json\/wp\/v2\/types\/product"}],"version-history":[{"count":0,"href":"https:\/\/meskernel.net\/pl\/wp-json\/wp\/v2\/product\/3697\/revisions"}],"wp:featuredmedia":[{"embeddable":true,"href":"https:\/\/meskernel.net\/pl\/wp-json\/wp\/v2\/media\/3698"}],"wp:attachment":[{"href":"https:\/\/meskernel.net\/pl\/wp-json\/wp\/v2\/media?parent=3697"}],"wp:term":[{"taxonomy":"product_brand","embeddable":true,"href":"https:\/\/meskernel.net\/pl\/wp-json\/wp\/v2\/product_brand?post=3697"},{"taxonomy":"product_cat","embeddable":true,"href":"https:\/\/meskernel.net\/pl\/wp-json\/wp\/v2\/product_cat?post=3697"},{"taxonomy":"product_tag","embeddable":true,"href":"https:\/\/meskernel.net\/pl\/wp-json\/wp\/v2\/product_tag?post=3697"}],"curies":[{"name":"wp","href":"https:\/\/api.w.org\/{rel}","templated":true}]}}