{"id":3700,"date":"2025-02-11T11:08:16","date_gmt":"2025-02-11T03:08:16","guid":{"rendered":"https:\/\/meskernel.net\/?post_type=product&#038;p=3700"},"modified":"2025-12-29T14:02:35","modified_gmt":"2025-12-29T06:02:35","slug":"laserowe-czujniki-odleglosci-2","status":"publish","type":"product","link":"https:\/\/meskernel.net\/pl\/product\/laser-ranging-sensors\/","title":{"rendered":"Laserowy czujnik odleg\u0142o\u015bci PTFS-300 50Hz | Modu\u0142 szybkiego pomiaru odleg\u0142o\u015bci"},"content":{"rendered":"<p data-start=\"207\" data-end=\"311\"><strong data-start=\"207\" data-end=\"311\">Laserowe czujniki odleg\u0142o\u015bci PTFS-300-50Hz - precyzyjne i szybkie pomiary do wszechstronnych zastosowa\u0144<\/strong><\/p>\n<p data-start=\"313\" data-end=\"862\">Laserowy czujnik odleg\u0142o\u015bci PTFS-300-50Hz to wysokowydajny modu\u0142 pomiarowy przeznaczony do niezawodnego pomiaru odleg\u0142o\u015bci przy u\u017cyciu technologii lasera impulsowego. Emituje on seri\u0119 impulsowych wi\u0105zek laserowych, oblicza odleg\u0142o\u015b\u0107 na podstawie czasu przelotu lasera w obie strony i zapewnia dok\u0142adne wyniki nawet w trudnych warunkach. Dzi\u0119ki zasi\u0119gowi do 300 metr\u00f3w, pomiarowi z wysok\u0105 cz\u0119stotliwo\u015bci\u0105 50 Hz i solidnym funkcjom przeciwzak\u0142\u00f3ceniowym, czujnik ten jest idealny do szerokiej gamy zastosowa\u0144 przemys\u0142owych, komercyjnych i badawczych.<\/p>\n<div class=\"text-content\">\n<h3 data-start=\"864\" data-end=\"926\"><strong data-start=\"868\" data-end=\"926\">Kluczowe cechy laserowych czujnik\u00f3w odleg\u0142o\u015bci PTFS-300-50Hz<\/strong><\/h3>\n<p><img fetchpriority=\"high\" decoding=\"async\" class=\"wp-image-2979 alignright\" title=\"Laserowy czujnik odleg\u0142o\u015bci 700 m PTFS\" src=\"https:\/\/meskernel.net\/wp-content\/uploads\/2024\/11\/PTFS-Laser-Ranging-Sensor-700m.jpg\" alt=\"Laserowy czujnik odleg\u0142o\u015bci PTFS 700m\" width=\"497\" height=\"497\" srcset=\"https:\/\/meskernel.net\/wp-content\/uploads\/2024\/11\/PTFS-Laser-Ranging-Sensor-700m.jpg 800w, https:\/\/meskernel.net\/wp-content\/uploads\/2024\/11\/PTFS-Laser-Ranging-Sensor-700m-300x300.jpg 300w, https:\/\/meskernel.net\/wp-content\/uploads\/2024\/11\/PTFS-Laser-Ranging-Sensor-700m-150x150.jpg 150w, https:\/\/meskernel.net\/wp-content\/uploads\/2024\/11\/PTFS-Laser-Ranging-Sensor-700m-768x768.jpg 768w, https:\/\/meskernel.net\/wp-content\/uploads\/2024\/11\/PTFS-Laser-Ranging-Sensor-700m-400x400.jpg 400w, https:\/\/meskernel.net\/wp-content\/uploads\/2024\/11\/PTFS-Laser-Ranging-Sensor-700m-100x100.jpg 100w\" sizes=\"(max-width: 497px) 100vw, 497px\" \/><strong data-start=\"933\" data-end=\"972\">1. Wyj\u0105tkowy pomiar odleg\u0142o\u015bci<\/strong><\/p>\n<p data-start=\"973\" data-end=\"1287\">Laserowy czujnik odleg\u0142o\u015bci PTFS-300-50Hz oferuje niezawodny zakres pomiarowy do 300 metr\u00f3w, dzi\u0119ki czemu idealnie nadaje si\u0119 zar\u00f3wno do zastosowa\u0144 kr\u00f3tkiego, jak i \u015bredniego zasi\u0119gu. Czujnik ten obs\u0142uguje precyzyjne pomiary do monitorowania przemys\u0142owego, pomiaru pr\u0119dko\u015bci, pomiaru przemieszczenia i r\u00f3\u017cnych innych zada\u0144.<\/p>\n<p data-start=\"973\" data-end=\"1287\"><strong data-start=\"1294\" data-end=\"1334\">2. Wydajno\u015b\u0107 przy wysokich cz\u0119stotliwo\u015bciach (50 Hz)<\/strong><\/p>\n<p data-start=\"1335\" data-end=\"1616\">Dzia\u0142aj\u0105cy z cz\u0119stotliwo\u015bci\u0105 50 Hz laserowy czujnik odleg\u0142o\u015bci PTFS-300-50Hz zapewnia szybkie, ci\u0105g\u0142e pomiary. Wysoka cz\u0119stotliwo\u015b\u0107 jest kluczowa dla aplikacji wymagaj\u0105cych szybkiego sprz\u0119\u017cenia zwrotnego i przetwarzania danych w czasie rzeczywistym, takich jak robotyka, automatyka i \u015bledzenie ruchu.<\/p>\n<p data-start=\"1335\" data-end=\"1616\"><strong data-start=\"1623\" data-end=\"1676\">3. Technologia przeciwzak\u0142\u00f3ceniowa zapewniaj\u0105ca stabilne dzia\u0142anie<\/strong><\/p>\n<p data-start=\"1677\" data-end=\"1946\">Czujnik PTFS-300-50Hz zosta\u0142 zaprojektowany tak, aby by\u0142 odporny na ha\u0142as i zak\u0142\u00f3cenia \u015brodowiskowe, zapewniaj\u0105c sp\u00f3jne i dok\u0142adne pomiary odleg\u0142o\u015bci. Jest to szczeg\u00f3lnie cenne w warunkach przemys\u0142owych, gdzie stabilne dzia\u0142anie w trudnych warunkach ma kluczowe znaczenie.<\/p>\n<p data-start=\"1677\" data-end=\"1946\"><strong data-start=\"1953\" data-end=\"2000\">4. Konfigurowalna cz\u0119stotliwo\u015b\u0107 dla wszechstronnego zastosowania<\/strong><\/p>\n<p data-start=\"2001\" data-end=\"2247\">Chocia\u017c standardowa cz\u0119stotliwo\u015b\u0107 wynosi 50 Hz, czujnik mo\u017cna dostosowa\u0107 do obs\u0142ugi cz\u0119stotliwo\u015bci w zakresie od 1 do 400 Hz, co pozwala na dostosowanie go do r\u00f3\u017cnych zastosowa\u0144, kt\u00f3re wymagaj\u0105 r\u00f3\u017cnych pr\u0119dko\u015bci pomiaru lub informacji zwrotnych w czasie rzeczywistym.<\/p>\n<p data-start=\"2249\" data-end=\"2303\"><strong data-start=\"2254\" data-end=\"2303\">5. \u0141atwa integracja i elastyczna \u0142\u0105czno\u015b\u0107<\/strong><\/p>\n<p data-start=\"2304\" data-end=\"2661\">Dzi\u0119ki kompaktowej konstrukcji i obs\u0142udze wielu interfejs\u00f3w komunikacyjnych (TTL, RS232, RS485, Bluetooth, Modbus, UART), laserowy czujnik odleg\u0142o\u015bci PTFS-300-50Hz doskonale integruje si\u0119 z wi\u0119kszo\u015bci\u0105 system\u00f3w automatyki przemys\u0142owej, rejestrator\u00f3w danych i sieci IoT. Jego kwadratowa konstrukcja u\u0142atwia instalacj\u0119 i integracj\u0119 z systemami o ograniczonej przestrzeni.<\/p>\n<p data-start=\"2663\" data-end=\"2707\"><strong data-start=\"2668\" data-end=\"2707\">6. Bezpieczna dla oczu technologia laserowa 905 nm<\/strong><\/p>\n<p data-start=\"2708\" data-end=\"2885\">Laser 905 nm jest bezpieczny dla oczu i zgodny z mi\u0119dzynarodowymi normami bezpiecze\u0144stwa, zapewniaj\u0105c bezpieczn\u0105 prac\u0119 nawet w \u015brodowiskach, w kt\u00f3rych mo\u017ce wyst\u0105pi\u0107 nara\u017cenie ludzi na dzia\u0142anie promieni laserowych.<\/p>\n<p data-start=\"2887\" data-end=\"2936\"><strong data-start=\"2892\" data-end=\"2936\">7. Rozwi\u0105zania OEM dla niestandardowych zastosowa\u0144<\/strong><\/p>\n<p data-start=\"2937\" data-end=\"3178\">Oferujemy rozwi\u0105zania OEM dla firm, kt\u00f3re chc\u0105 w\u0142\u0105czy\u0107 laserowy czujnik odleg\u0142o\u015bci PTFS-300-50Hz do swoich produkt\u00f3w lub system\u00f3w. Dost\u0119pne s\u0105 niestandardowe konfiguracje, unikalne opakowania i zam\u00f3wienia hurtowe, aby spe\u0142ni\u0107 okre\u015blone wymagania.<\/p>\n<h3 data-start=\"3180\" data-end=\"3242\"><strong data-start=\"3184\" data-end=\"3242\">Zastosowania laserowych czujnik\u00f3w odleg\u0142o\u015bci PTFS-300-50Hz<\/strong><\/h3>\n<p data-start=\"3244\" data-end=\"3359\">Laserowe czujniki odleg\u0142o\u015bci PTFS-300-50Hz s\u0105 bardzo wszechstronne i nadaj\u0105 si\u0119 do szeregu zastosowa\u0144, w tym:<\/p>\n<ul data-start=\"3361\" data-end=\"3840\">\n<li data-start=\"3361\" data-end=\"3484\"><strong data-start=\"3363\" data-end=\"3387\">Pomiar odleg\u0142o\u015bci<\/strong>: Dok\u0142adne pomiary do 300 metr\u00f3w do r\u00f3\u017cnych zastosowa\u0144 przemys\u0142owych, naukowych i komercyjnych.<\/li>\n<li data-start=\"3485\" data-end=\"3605\"><strong data-start=\"3487\" data-end=\"3525\">Pomiar pr\u0119dko\u015bci i przemieszczenia<\/strong>: Idealny do dynamicznych pomiar\u00f3w w robotyce, automatyce i systemach czasu rzeczywistego.<\/li>\n<li data-start=\"3606\" data-end=\"3718\"><strong data-start=\"3608\" data-end=\"3633\">Geodezja i mapowanie<\/strong>: Idealny do zada\u0144 pomiarowych \u015bredniego zasi\u0119gu zar\u00f3wno w pomieszczeniach, jak i na zewn\u0105trz.<\/li>\n<li data-start=\"3719\" data-end=\"3840\"><strong data-start=\"3721\" data-end=\"3740\">\u015aledzenie ruchu<\/strong>: Zapewnia szybk\u0105 akwizycj\u0119 danych, dzi\u0119ki czemu idealnie nadaje si\u0119 do zastosowa\u0144 w robotyce i technologii dron\u00f3w.<\/li>\n<\/ul>\n<\/div>\n<figure id=\"attachment_2980\" aria-describedby=\"caption-attachment-2980\" style=\"width: 800px\" class=\"wp-caption aligncenter\"><img decoding=\"async\" class=\"wp-image-2980 size-full\" title=\"Laserowy czujnik pomiarowy PTFS do dron\u00f3w\" src=\"https:\/\/meskernel.net\/wp-content\/uploads\/2024\/11\/PTFS-Laser-Measurement-Sensor.jpg\" alt=\"Laserowy czujnik pomiarowy PTFS do dron\u00f3w\" width=\"800\" height=\"800\" srcset=\"https:\/\/meskernel.net\/wp-content\/uploads\/2024\/11\/PTFS-Laser-Measurement-Sensor.jpg 800w, https:\/\/meskernel.net\/wp-content\/uploads\/2024\/11\/PTFS-Laser-Measurement-Sensor-300x300.jpg 300w, https:\/\/meskernel.net\/wp-content\/uploads\/2024\/11\/PTFS-Laser-Measurement-Sensor-150x150.jpg 150w, https:\/\/meskernel.net\/wp-content\/uploads\/2024\/11\/PTFS-Laser-Measurement-Sensor-768x768.jpg 768w, https:\/\/meskernel.net\/wp-content\/uploads\/2024\/11\/PTFS-Laser-Measurement-Sensor-400x400.jpg 400w, https:\/\/meskernel.net\/wp-content\/uploads\/2024\/11\/PTFS-Laser-Measurement-Sensor-100x100.jpg 100w\" sizes=\"(max-width: 800px) 100vw, 800px\" \/><figcaption id=\"caption-attachment-2980\" class=\"wp-caption-text\">Laserowy czujnik pomiarowy PTFS do dron\u00f3w<\/figcaption><\/figure>\n<h3 data-start=\"3842\" data-end=\"3900\"><strong data-start=\"3846\" data-end=\"3900\">Dlaczego warto wybra\u0107 laserowe czujniki odleg\u0142o\u015bci PTFS-300-50Hz?<\/strong><\/h3>\n<ul data-start=\"3902\" data-end=\"4543\">\n<li data-start=\"3902\" data-end=\"4034\"><strong data-start=\"3904\" data-end=\"3944\">Wysoka dok\u0142adno\u015b\u0107 pomiar\u00f3w dalekiego zasi\u0119gu<\/strong>: Niezawodne pomiary do 300 metr\u00f3w, dzi\u0119ki czemu idealnie nadaje si\u0119 do r\u00f3\u017cnych zastosowa\u0144.<\/li>\n<li data-start=\"4035\" data-end=\"4183\"><strong data-start=\"4037\" data-end=\"4076\">Szybkie i ci\u0105g\u0142e gromadzenie danych<\/strong>: Dzi\u0119ki cz\u0119stotliwo\u015bci 50 Hz czujnik obs\u0142uguje aplikacje dzia\u0142aj\u0105ce w czasie rzeczywistym, zapewniaj\u0105c szybkie przetwarzanie danych.<\/li>\n<li data-start=\"4184\" data-end=\"4333\"><strong data-start=\"4186\" data-end=\"4210\">Trwa\u0142o\u015b\u0107 i niezawodno\u015b\u0107<\/strong>: Stworzony do pracy w trudnych warunkach, czujnik ten zapewnia stabilne pomiary nawet w ha\u0142a\u015bliwym lub wymagaj\u0105cym \u015brodowisku.<\/li>\n<li data-start=\"4334\" data-end=\"4444\"><strong data-start=\"4336\" data-end=\"4360\">P\u0142ynna integracja<\/strong>: Obs\u0142uguje elastyczne opcje \u0142\u0105czno\u015bci w celu \u0142atwej integracji z istniej\u0105cymi systemami.<\/li>\n<li data-start=\"4445\" data-end=\"4543\"><strong data-start=\"4447\" data-end=\"4471\">Opcje konfigurowalne<\/strong>: Dostosowane rozwi\u0105zania i wsparcie OEM w celu spe\u0142nienia okre\u015blonych potrzeb pomiarowych.<\/li>\n<\/ul>\n<p data-start=\"4565\" data-end=\"5037\">Laserowy czujnik odleg\u0142o\u015bci PTFS-300-50Hz oferuje szybkie, dok\u0142adne i dalekie mo\u017cliwo\u015bci pomiaru odleg\u0142o\u015bci, co czyni go idealnym rozwi\u0105zaniem dla bran\u017c takich jak robotyka, automatyka, geodezja i \u015bledzenie przemieszcze\u0144. Cz\u0119stotliwo\u015b\u0107 50 Hz, niezawodne dzia\u0142anie przeciwzak\u0142\u00f3ceniowe i \u0142atwa integracja sprawiaj\u0105, \u017ce jest to niezb\u0119dne narz\u0119dzie do szerokiego zakresu zastosowa\u0144, od automatyki przemys\u0142owej po badania i rozw\u00f3j.<\/p>\n<p data-start=\"5039\" data-end=\"5209\"><a href=\"https:\/\/meskernel.net\/pl\/kontakt\/\"><strong data-start=\"5039\" data-end=\"5059\">Skontaktuj si\u0119 z nami ju\u017c dzi\u015b<\/strong><\/a> aby dowiedzie\u0107 si\u0119 wi\u0119cej o tym, jak laserowe czujniki odleg\u0142o\u015bci PTFS-300-50Hz mog\u0105 ulepszy\u0107 Tw\u00f3j system lub projekt oraz w jaki spos\u00f3b mo\u017cemy pom\u00f3c w realizacji potrzeb OEM.<\/p>","protected":false},"excerpt":{"rendered":"<p>Jako wiod\u0105cy producent laserowych czujnik\u00f3w odleg\u0142o\u015bci, Meskernel oferuje rozwi\u0105zania dostosowane do indywidualnych potrzeb. Dzi\u0119ki zasi\u0119gowi od 3 do 700 metr\u00f3w i wysokiej dok\u0142adno\u015bci, nasze czujniki s\u0105 idealne do automatyki, robotyki i zastosowa\u0144 przemys\u0142owych. Skontaktuj si\u0119 z nami ju\u017c dzi\u015b, aby om\u00f3wi\u0107 swoje niestandardowe wymagania i ulepszy\u0107 swoje projekty dzi\u0119ki precyzyjnej technologii!<\/p>","protected":false},"featured_media":3701,"template":"","meta":{"site-sidebar-layout":"default","site-content-layout":"","ast-site-content-layout":"default","site-content-style":"default","site-sidebar-style":"default","ast-global-header-display":"","ast-banner-title-visibility":"","ast-main-header-display":"","ast-hfb-above-header-display":"","ast-hfb-below-header-display":"","ast-hfb-mobile-header-display":"","site-post-title":"","ast-breadcrumbs-content":"","ast-featured-img":"","footer-sml-layout":"","ast-disable-related-posts":"","theme-transparent-header-meta":"default","adv-header-id-meta":"","stick-header-meta":"","header-above-stick-meta":"","header-main-stick-meta":"","header-below-stick-meta":"","astra-migrate-meta-layouts":"set","ast-page-background-enabled":"default","ast-page-background-meta":{"desktop":{"background-color":"var(--ast-global-color-4)","background-image":"","background-repeat":"repeat","background-position":"center center","background-size":"auto","background-attachment":"scroll","background-type":"","background-media":"","overlay-type":"","overlay-color":"","overlay-opacity":"","overlay-gradient":""},"tablet":{"background-color":"","background-image":"","background-repeat":"repeat","background-position":"center center","background-size":"auto","background-attachment":"scroll","background-type":"","background-media":"","overlay-type":"","overlay-color":"","overlay-opacity":"","overlay-gradient":""},"mobile":{"background-color":"","background-image":"","background-repeat":"repeat","background-position":"center center","background-size":"auto","background-attachment":"scroll","background-type":"","background-media":"","overlay-type":"","overlay-color":"","overlay-opacity":"","overlay-gradient":""}},"ast-content-background-meta":{"desktop":{"background-color":"var(--ast-global-color-5)","background-image":"","background-repeat":"repeat","background-position":"center center","background-size":"auto","background-attachment":"scroll","background-type":"","background-media":"","overlay-type":"","overlay-color":"","overlay-opacity":"","overlay-gradient":""},"tablet":{"background-color":"var(--ast-global-color-5)","background-image":"","background-repeat":"repeat","background-position":"center center","background-size":"auto","background-attachment":"scroll","background-type":"","background-media":"","overlay-type":"","overlay-color":"","overlay-opacity":"","overlay-gradient":""},"mobile":{"background-color":"var(--ast-global-color-5)","background-image":"","background-repeat":"repeat","background-position":"center center","background-size":"auto","background-attachment":"scroll","background-type":"","background-media":"","overlay-type":"","overlay-color":"","overlay-opacity":"","overlay-gradient":""}}},"product_brand":[60],"product_cat":[30],"product_tag":[],"class_list":{"0":"post-3700","1":"product","2":"type-product","3":"status-publish","4":"has-post-thumbnail","6":"product_brand-meskernel","7":"product_cat-pulse-ranging-sensor","8":"desktop-align-center","9":"tablet-align-left","10":"mobile-align-left","12":"first","13":"instock","14":"shipping-taxable","15":"product-type-simple"},"_links":{"self":[{"href":"https:\/\/meskernel.net\/pl\/wp-json\/wp\/v2\/product\/3700","targetHints":{"allow":["GET"]}}],"collection":[{"href":"https:\/\/meskernel.net\/pl\/wp-json\/wp\/v2\/product"}],"about":[{"href":"https:\/\/meskernel.net\/pl\/wp-json\/wp\/v2\/types\/product"}],"version-history":[{"count":0,"href":"https:\/\/meskernel.net\/pl\/wp-json\/wp\/v2\/product\/3700\/revisions"}],"wp:featuredmedia":[{"embeddable":true,"href":"https:\/\/meskernel.net\/pl\/wp-json\/wp\/v2\/media\/3701"}],"wp:attachment":[{"href":"https:\/\/meskernel.net\/pl\/wp-json\/wp\/v2\/media?parent=3700"}],"wp:term":[{"taxonomy":"product_brand","embeddable":true,"href":"https:\/\/meskernel.net\/pl\/wp-json\/wp\/v2\/product_brand?post=3700"},{"taxonomy":"product_cat","embeddable":true,"href":"https:\/\/meskernel.net\/pl\/wp-json\/wp\/v2\/product_cat?post=3700"},{"taxonomy":"product_tag","embeddable":true,"href":"https:\/\/meskernel.net\/pl\/wp-json\/wp\/v2\/product_tag?post=3700"}],"curies":[{"name":"wp","href":"https:\/\/api.w.org\/{rel}","templated":true}]}}