{"id":3770,"date":"2025-02-18T17:34:45","date_gmt":"2025-02-18T09:34:45","guid":{"rendered":"https:\/\/meskernel.net\/?post_type=product&#038;p=3770"},"modified":"2025-06-11T10:24:18","modified_gmt":"2025-06-11T02:24:18","slug":"czujnik-odleglosci-tof","status":"publish","type":"product","link":"https:\/\/meskernel.net\/pl\/product\/tof-distance-sensor\/","title":{"rendered":"Czujnik odleg\u0142o\u015bci LDJG-80-20Hz ToF dla inteligentnej automatyki"},"content":{"rendered":"<p data-start=\"177\" data-end=\"234\"><strong data-start=\"177\" data-end=\"234\">Czujnik odleg\u0142o\u015bci LDJG-80-20Hz ToF dla inteligentnej automatyki<\/strong><\/p>\n<p data-start=\"236\" data-end=\"696\">Czujnik odleg\u0142o\u015bci LDJG-80-20Hz ToF (Time-of-Flight) to wysoce precyzyjne narz\u0119dzie pomiarowe zaprojektowane w celu ulepszenia system\u00f3w automatyki dzi\u0119ki niezawodnej transmisji danych w czasie rzeczywistym. Czujnik ten wykorzystuje zaawansowan\u0105 technologi\u0119 ToF do pomiaru odleg\u0142o\u015bci mi\u0119dzy czujnikiem a obiektami z wyj\u0105tkow\u0105 dok\u0142adno\u015bci\u0105 i stabilno\u015bci\u0105. Jego integracja z wyj\u015bciem analogowym zapewnia ci\u0105g\u0142y sygna\u0142 w czasie rzeczywistym, dzi\u0119ki czemu idealnie nadaje si\u0119 do szerokiej gamy inteligentnych aplikacji automatyki.<\/p>\n<figure id=\"attachment_3774\" aria-describedby=\"caption-attachment-3774\" style=\"width: 1000px\" class=\"wp-caption aligncenter\"><img data-dominant-color=\"f5f4f4\" data-has-transparency=\"false\" style=\"--dominant-color: #f5f4f4;\" fetchpriority=\"high\" decoding=\"async\" class=\"wp-image-3774 size-full not-transparent\" src=\"https:\/\/meskernel.net\/wp-content\/uploads\/2025\/02\/Arduino-Laser-Sensor.jpg\" alt=\"Czujnik laserowy Arduino\" width=\"1000\" height=\"1000\" srcset=\"https:\/\/meskernel.net\/wp-content\/uploads\/2025\/02\/Arduino-Laser-Sensor.jpg 1000w, https:\/\/meskernel.net\/wp-content\/uploads\/2025\/02\/Arduino-Laser-Sensor-300x300.jpg 300w, https:\/\/meskernel.net\/wp-content\/uploads\/2025\/02\/Arduino-Laser-Sensor-150x150.jpg 150w, https:\/\/meskernel.net\/wp-content\/uploads\/2025\/02\/Arduino-Laser-Sensor-768x768.jpg 768w, https:\/\/meskernel.net\/wp-content\/uploads\/2025\/02\/Arduino-Laser-Sensor-400x400.jpg 400w, https:\/\/meskernel.net\/wp-content\/uploads\/2025\/02\/Arduino-Laser-Sensor-100x100.jpg 100w\" sizes=\"(max-width: 1000px) 100vw, 1000px\" \/><figcaption id=\"caption-attachment-3774\" class=\"wp-caption-text\">Czujnik laserowy Arduino<\/figcaption><\/figure>\n<h3 data-start=\"698\" data-end=\"751\">1. Jak dzia\u0142a czujnik odleg\u0142o\u015bci LDJG-80-20Hz ToF?<\/h3>\n<p data-start=\"753\" data-end=\"1110\">Czujnik LDJG-80 wykorzystuje zasad\u0119 Time-of-Flight (ToF), w kt\u00f3rej emitowany jest impuls laserowy i mierzony jest czas potrzebny impulsowi na dotarcie do obiektu i powr\u00f3t. Obliczaj\u0105c op\u00f3\u017anienie, czujnik dok\u0142adnie okre\u015bla odleg\u0142o\u015b\u0107 do celu. Technologia ta zapewnia precyzyjne, bezdotykowe pomiary, nawet w wymagaj\u0105cych \u015brodowiskach.<\/p>\n<h3 data-start=\"1112\" data-end=\"1144\">2. Rola wyj\u015bcia analogowego<\/h3>\n<p data-start=\"1146\" data-end=\"1341\">Czujnik <strong data-start=\"1159\" data-end=\"1176\">wyj\u015bcie analogowe<\/strong> (dost\u0119pne jako sygna\u0142y napi\u0119ciowe lub pr\u0105dowe) zapewnia p\u0142ynne sprz\u0119\u017cenie zwrotne w czasie rzeczywistym. Jest to niezb\u0119dne do ci\u0105g\u0142ego monitorowania i sterowania. Typowe wyj\u015bcia analogowe obejmuj\u0105:<\/p>\n<ul data-start=\"1343\" data-end=\"1555\">\n<li data-start=\"1343\" data-end=\"1433\"><strong data-start=\"1345\" data-end=\"1363\">Napi\u0119cie wyj\u015bciowe<\/strong>: Zapewnia bezpo\u015bredni pomiar w zakresach napi\u0119cia, takich jak 0-10 V lub 0-5 V.<\/li>\n<li data-start=\"1434\" data-end=\"1555\"><strong data-start=\"1436\" data-end=\"1454\">Bie\u017c\u0105ce wyj\u015bcie<\/strong>: P\u0119tla pr\u0105dowa 4-20 mA jest idealna do transmisji na du\u017ce odleg\u0142o\u015bci i oferuje doskona\u0142\u0105 odporno\u015b\u0107 na zak\u0142\u00f3cenia.<\/li>\n<\/ul>\n<p data-start=\"1557\" data-end=\"1698\">Te wyj\u015bcia analogowe \u0142atwo integruj\u0105 si\u0119 z systemami sterowania, sterownikami PLC i innymi konfiguracjami przemys\u0142owymi, zapewniaj\u0105c p\u0142ynn\u0105 prac\u0119 i precyzyjne regulacje.<\/p>\n<h3 data-start=\"1700\" data-end=\"1759\">3. Zastosowania czujnika odleg\u0142o\u015bci LDJG-80-20Hz ToF<\/h3>\n<p data-start=\"1761\" data-end=\"1866\">Dok\u0142adno\u015b\u0107 czujnika LDJG-80 i wyj\u015bcie analogowe w czasie rzeczywistym sprawiaj\u0105, \u017ce jest on idealny do nast\u0119puj\u0105cych zastosowa\u0144:<\/p>\n<ul data-start=\"1868\" data-end=\"2614\">\n<li data-start=\"1868\" data-end=\"2059\"><strong data-start=\"1870\" data-end=\"1906\">Automatyka przemys\u0142owa i robotyka<\/strong>: Zapewnia precyzyjne dane dotycz\u0105ce odleg\u0142o\u015bci na potrzeby sterowania ruchem w robotyce i systemach zautomatyzowanych, zwi\u0119kszaj\u0105c wydajno\u015b\u0107 zada\u0144 takich jak przenoszenie obiekt\u00f3w lub monta\u017c.<\/li>\n<li data-start=\"2060\" data-end=\"2261\"><strong data-start=\"2062\" data-end=\"2088\">Monitorowanie poziomu p\u0142ynu<\/strong>: Mierzy poziom cieczy w zbiornikach i silosach, wysy\u0142aj\u0105c ci\u0105g\u0142y sygna\u0142 analogowy reprezentuj\u0105cy odleg\u0142o\u015b\u0107 do powierzchni, umo\u017cliwiaj\u0105c zautomatyzowan\u0105 kontrol\u0119 i informacje zwrotne w czasie rzeczywistym.<\/li>\n<li data-start=\"2262\" data-end=\"2453\"><strong data-start=\"2264\" data-end=\"2307\">Precyzyjne pomiary i kontrola jako\u015bci<\/strong>: U\u017cywany do precyzyjnych pomiar\u00f3w cz\u0119\u015bci i komponent\u00f3w w produkcji, zapewniaj\u0105c spe\u0142nienie standard\u00f3w jako\u015bci i umo\u017cliwiaj\u0105c szybk\u0105 regulacj\u0119.<\/li>\n<li data-start=\"2454\" data-end=\"2614\"><strong data-start=\"2456\" data-end=\"2491\">Inteligentne systemy parkowania i ruchu drogowego<\/strong>: Monitoruje odleg\u0142o\u015b\u0107 mi\u0119dzy pojazdami lub dost\u0119pno\u015b\u0107 miejsc parkingowych, pomagaj\u0105c zoptymalizowa\u0107 wykorzystanie przestrzeni i zarz\u0105dza\u0107 ruchem w czasie rzeczywistym.<\/li>\n<\/ul>\n<figure id=\"attachment_3771\" aria-describedby=\"caption-attachment-3771\" style=\"width: 800px\" class=\"wp-caption aligncenter\"><img data-dominant-color=\"d0cdcc\" data-has-transparency=\"false\" style=\"--dominant-color: #d0cdcc;\" decoding=\"async\" class=\"wp-image-3771 size-full not-transparent\" src=\"https:\/\/meskernel.net\/wp-content\/uploads\/2025\/02\/ToF-Distance-Sensor.jpg\" alt=\"Czujnik odleg\u0142o\u015bci ToF\" width=\"800\" height=\"800\" srcset=\"https:\/\/meskernel.net\/wp-content\/uploads\/2025\/02\/ToF-Distance-Sensor.jpg 800w, https:\/\/meskernel.net\/wp-content\/uploads\/2025\/02\/ToF-Distance-Sensor-300x300.jpg 300w, https:\/\/meskernel.net\/wp-content\/uploads\/2025\/02\/ToF-Distance-Sensor-150x150.jpg 150w, https:\/\/meskernel.net\/wp-content\/uploads\/2025\/02\/ToF-Distance-Sensor-768x768.jpg 768w, https:\/\/meskernel.net\/wp-content\/uploads\/2025\/02\/ToF-Distance-Sensor-400x400.jpg 400w, https:\/\/meskernel.net\/wp-content\/uploads\/2025\/02\/ToF-Distance-Sensor-100x100.jpg 100w\" sizes=\"(max-width: 800px) 100vw, 800px\" \/><figcaption id=\"caption-attachment-3771\" class=\"wp-caption-text\">Czujnik odleg\u0142o\u015bci ToF<\/figcaption><\/figure>\n<h3 data-start=\"2616\" data-end=\"2677\">4. Kluczowe zalety czujnika odleg\u0142o\u015bci LDJG-80-20Hz ToF<\/h3>\n<p><img decoding=\"async\" class=\"alignright wp-image-2972 size-medium\" src=\"https:\/\/meskernel.net\/wp-content\/uploads\/2024\/10\/distance-sensor-300x300.jpg\" alt=\"czujnik odleg\u0142o\u015bci\" width=\"300\" height=\"300\" srcset=\"https:\/\/meskernel.net\/wp-content\/uploads\/2024\/10\/distance-sensor-300x300.jpg 300w, https:\/\/meskernel.net\/wp-content\/uploads\/2024\/10\/distance-sensor-150x150.jpg 150w, https:\/\/meskernel.net\/wp-content\/uploads\/2024\/10\/distance-sensor-768x768.jpg 768w, https:\/\/meskernel.net\/wp-content\/uploads\/2024\/10\/distance-sensor-400x400.jpg 400w, https:\/\/meskernel.net\/wp-content\/uploads\/2024\/10\/distance-sensor-100x100.jpg 100w, https:\/\/meskernel.net\/wp-content\/uploads\/2024\/10\/distance-sensor.jpg 800w\" sizes=\"(max-width: 300px) 100vw, 300px\" \/><\/p>\n<ul data-start=\"2679\" data-end=\"3478\">\n<li data-start=\"2679\" data-end=\"2834\"><strong data-start=\"2681\" data-end=\"2712\">Wysoka dok\u0142adno\u015b\u0107 i stabilno\u015b\u0107<\/strong>: Zapewnia precyzyjne pomiary, cz\u0119sto z dok\u0142adno\u015bci\u0105 do milimetr\u00f3w lub nawet mikrometr\u00f3w, ze stabiln\u0105 wydajno\u015bci\u0105 w r\u00f3\u017cnych \u015brodowiskach.<\/li>\n<li data-start=\"2835\" data-end=\"3001\"><strong data-start=\"2837\" data-end=\"2864\">Pomiar bezdotykowy<\/strong>: Pomiar laserowy zapewnia minimalne zu\u017cycie zar\u00f3wno czujnika, jak i obiektu, co jest idealnym rozwi\u0105zaniem w przypadku delikatnych lub niebezpiecznych materia\u0142\u00f3w.<\/li>\n<li data-start=\"3002\" data-end=\"3159\"><strong data-start=\"3004\" data-end=\"3035\">Transmisja danych w czasie rzeczywistym<\/strong>: Wyj\u015bcie analogowe gwarantuje ci\u0105g\u0142e i natychmiastowe sprz\u0119\u017cenie zwrotne w procesach wymagaj\u0105cych ci\u0105g\u0142ego monitorowania lub regulacji.<\/li>\n<li data-start=\"3160\" data-end=\"3306\"><strong data-start=\"3162\" data-end=\"3188\">Pomiar dalekiego zasi\u0119gu<\/strong>: Zdolny do pomiaru odleg\u0142o\u015bci na odleg\u0142o\u015b\u0107 kilku metr\u00f3w, dzi\u0119ki czemu nadaje si\u0119 do automatyzacji na du\u017c\u0105 skal\u0119 lub z\u0142o\u017conych konfiguracji.<\/li>\n<li data-start=\"3307\" data-end=\"3478\"><strong data-start=\"3309\" data-end=\"3329\">\u0141atwa integracja<\/strong>: Dzi\u0119ki interfejsom komunikacyjnym TTL, RS485 i RS232 czujnik \u0142atwo integruje si\u0119 z istniej\u0105cymi systemami, skracaj\u0105c czas i z\u0142o\u017cono\u015b\u0107 instalacji.<\/li>\n<\/ul>\n<div class=\"mceTemp\"><\/div>\n<h3 data-start=\"3480\" data-end=\"3498\">Dlaczego warto wybra\u0107 nas?<\/h3>\n<ul data-start=\"3500\" data-end=\"4049\">\n<li data-start=\"3500\" data-end=\"3665\"><strong data-start=\"3502\" data-end=\"3526\">Wytrzyma\u0142a konstrukcja<\/strong>: Obudowa ze stopu aluminium i stopie\u0144 ochrony IP sprawiaj\u0105, \u017ce czujnik LDJG-80 jest bardzo trwa\u0142y i nadaje si\u0119 do trudnych warunk\u00f3w przemys\u0142owych.<\/li>\n<li data-start=\"3666\" data-end=\"3780\"><strong data-start=\"3668\" data-end=\"3688\">Rozwi\u0105zania niestandardowe<\/strong>: Oferujemy us\u0142ugi OEM i ODM, aby dostosowa\u0107 czujnik do konkretnych potrzeb aplikacji.<\/li>\n<li data-start=\"3781\" data-end=\"3921\"><strong data-start=\"3783\" data-end=\"3806\">Konkurencyjne ceny<\/strong>: Jako producent zapewniamy bezpo\u015brednie ceny fabryczne bez uszczerbku dla jako\u015bci, pomagaj\u0105c obni\u017cy\u0107 koszty.<\/li>\n<li data-start=\"3922\" data-end=\"4049\"><strong data-start=\"3924\" data-end=\"3945\">Niezawodna dok\u0142adno\u015b\u0107<\/strong>: Dzi\u0119ki ponad 20-letniemu do\u015bwiadczeniu w technologii czujnik\u00f3w zapewniamy najwy\u017csz\u0105 wydajno\u015b\u0107 i niezawodno\u015b\u0107.<\/li>\n<\/ul>\n<p data-start=\"4051\" data-end=\"4242\">LDJG-80-20Hz <a href=\"https:\/\/www.globalsources.com\/chengdu-meskernel\/showroom_6002100157315.htm\" target=\"_blank\" rel=\"noopener\">Czujnik odleg\u0142o\u015bci ToF<\/a> to idealne rozwi\u0105zanie do precyzyjnych pomiar\u00f3w w czasie rzeczywistym w inteligentnej automatyce, oferuj\u0105ce wysok\u0105 wydajno\u015b\u0107, \u0142atw\u0105 integracj\u0119 i niezr\u00f3wnan\u0105 niezawodno\u015b\u0107.<\/p>","protected":false},"excerpt":{"rendered":"<p>Czujnik odleg\u0142o\u015bci ToF LDJG-80-20Hz oferuje precyzyjne pomiary odleg\u0142o\u015bci w czasie rzeczywistym z wykorzystaniem zaawansowanej technologii ToF. Dzi\u0119ki wyj\u015bciu analogowemu i \u0142atwej integracji idealnie nadaje si\u0119 do inteligentnej automatyki, robotyki i monitorowania poziomu cieczy.<\/p>","protected":false},"featured_media":3776,"template":"","meta":{"site-sidebar-layout":"right-sidebar","site-content-layout":"","ast-site-content-layout":"default","site-content-style":"default","site-sidebar-style":"default","ast-global-header-display":"","ast-banner-title-visibility":"","ast-main-header-display":"","ast-hfb-above-header-display":"","ast-hfb-below-header-display":"","ast-hfb-mobile-header-display":"","site-post-title":"","ast-breadcrumbs-content":"","ast-featured-img":"","footer-sml-layout":"","ast-disable-related-posts":"","theme-transparent-header-meta":"default","adv-header-id-meta":"","stick-header-meta":"","header-above-stick-meta":"","header-main-stick-meta":"","header-below-stick-meta":"","astra-migrate-meta-layouts":"set","ast-page-background-enabled":"default","ast-page-background-meta":{"desktop":{"background-color":"var(--ast-global-color-4)","background-image":"","background-repeat":"repeat","background-position":"center center","background-size":"auto","background-attachment":"scroll","background-type":"","background-media":"","overlay-type":"","overlay-color":"","overlay-opacity":"","overlay-gradient":""},"tablet":{"background-color":"","background-image":"","background-repeat":"repeat","background-position":"center center","background-size":"auto","background-attachment":"scroll","background-type":"","background-media":"","overlay-type":"","overlay-color":"","overlay-opacity":"","overlay-gradient":""},"mobile":{"background-color":"","background-image":"","background-repeat":"repeat","background-position":"center center","background-size":"auto","background-attachment":"scroll","background-type":"","background-media":"","overlay-type":"","overlay-color":"","overlay-opacity":"","overlay-gradient":""}},"ast-content-background-meta":{"desktop":{"background-color":"var(--ast-global-color-5)","background-image":"","background-repeat":"repeat","background-position":"center center","background-size":"auto","background-attachment":"scroll","background-type":"","background-media":"","overlay-type":"","overlay-color":"","overlay-opacity":"","overlay-gradient":""},"tablet":{"background-color":"var(--ast-global-color-5)","background-image":"","background-repeat":"repeat","background-position":"center center","background-size":"auto","background-attachment":"scroll","background-type":"","background-media":"","overlay-type":"","overlay-color":"","overlay-opacity":"","overlay-gradient":""},"mobile":{"background-color":"var(--ast-global-color-5)","background-image":"","background-repeat":"repeat","background-position":"center center","background-size":"auto","background-attachment":"scroll","background-type":"","background-media":"","overlay-type":"","overlay-color":"","overlay-opacity":"","overlay-gradient":""}}},"product_brand":[60],"product_cat":[32,52],"product_tag":[],"class_list":{"0":"post-3770","1":"product","2":"type-product","3":"status-publish","4":"has-post-thumbnail","6":"product_brand-meskernel","7":"product_cat-high-frequency-ranging-sensor-module","8":"product_cat-phase-distance-sensor","9":"desktop-align-center","10":"tablet-align-left","11":"mobile-align-left","13":"first","14":"instock","15":"shipping-taxable","16":"product-type-simple"},"_links":{"self":[{"href":"https:\/\/meskernel.net\/pl\/wp-json\/wp\/v2\/product\/3770","targetHints":{"allow":["GET"]}}],"collection":[{"href":"https:\/\/meskernel.net\/pl\/wp-json\/wp\/v2\/product"}],"about":[{"href":"https:\/\/meskernel.net\/pl\/wp-json\/wp\/v2\/types\/product"}],"version-history":[{"count":0,"href":"https:\/\/meskernel.net\/pl\/wp-json\/wp\/v2\/product\/3770\/revisions"}],"wp:featuredmedia":[{"embeddable":true,"href":"https:\/\/meskernel.net\/pl\/wp-json\/wp\/v2\/media\/3776"}],"wp:attachment":[{"href":"https:\/\/meskernel.net\/pl\/wp-json\/wp\/v2\/media?parent=3770"}],"wp:term":[{"taxonomy":"product_brand","embeddable":true,"href":"https:\/\/meskernel.net\/pl\/wp-json\/wp\/v2\/product_brand?post=3770"},{"taxonomy":"product_cat","embeddable":true,"href":"https:\/\/meskernel.net\/pl\/wp-json\/wp\/v2\/product_cat?post=3770"},{"taxonomy":"product_tag","embeddable":true,"href":"https:\/\/meskernel.net\/pl\/wp-json\/wp\/v2\/product_tag?post=3770"}],"curies":[{"name":"wp","href":"https:\/\/api.w.org\/{rel}","templated":true}]}}