{"id":3777,"date":"2025-02-19T10:02:38","date_gmt":"2025-02-19T02:02:38","guid":{"rendered":"https:\/\/meskernel.net\/?post_type=product&#038;p=3777"},"modified":"2025-06-11T10:23:11","modified_gmt":"2025-06-11T02:23:11","slug":"laserowy-czujnik-odleglosci-raspberry-pi","status":"publish","type":"product","link":"https:\/\/meskernel.net\/pl\/product\/raspberry-pi-laser-distance-sensor\/","title":{"rendered":"Laserowy czujnik odleg\u0142o\u015bci PTFS-100-300Hz Raspberry Pi"},"content":{"rendered":"<p data-start=\"207\" data-end=\"311\">Precyzyjny 100-metrowy laserowy czujnik odleg\u0142o\u015bci Raspberry Pi wykorzystuje zaawansowan\u0105 technologi\u0119 Time-of-Flight (ToF), aby zapewni\u0107 dok\u0142adne pomiary odleg\u0142o\u015bci w czasie rzeczywistym do 100 metr\u00f3w z cz\u0119stotliwo\u015bci\u0105 pomiaru 300 Hz. Czujnik ten jest przeznaczony do zastosowa\u0144 wymagaj\u0105cych szybkich i precyzyjnych danych dotycz\u0105cych odleg\u0142o\u015bci. Niezale\u017cnie od tego, czy budujesz robota, monitorujesz sprz\u0119t przemys\u0142owy, czy tworzysz system wykrywania odleg\u0142o\u015bci dla automatyki, czujnik PTFS-100-300Hz jest niezb\u0119dnym narz\u0119dziem w projektach opartych na Raspberry Pi.<\/p>\n<h3 style=\"text-align: left;\" data-start=\"377\" data-end=\"394\"><strong data-start=\"377\" data-end=\"394\">Kluczowe cechy laserowego czujnika odleg\u0142o\u015bci Raspberry Pi:<img fetchpriority=\"high\" decoding=\"async\" class=\"alignright wp-image-2979 size-medium\" title=\"Laserowy czujnik odleg\u0142o\u015bci 700 m PTFS\" src=\"https:\/\/meskernel.net\/wp-content\/uploads\/2024\/11\/PTFS-Laser-Ranging-Sensor-700m-300x300.jpg\" alt=\"Laserowy czujnik odleg\u0142o\u015bci PTFS 700m\" width=\"300\" height=\"300\" srcset=\"https:\/\/meskernel.net\/wp-content\/uploads\/2024\/11\/PTFS-Laser-Ranging-Sensor-700m-300x300.jpg 300w, https:\/\/meskernel.net\/wp-content\/uploads\/2024\/11\/PTFS-Laser-Ranging-Sensor-700m-150x150.jpg 150w, https:\/\/meskernel.net\/wp-content\/uploads\/2024\/11\/PTFS-Laser-Ranging-Sensor-700m-768x768.jpg 768w, https:\/\/meskernel.net\/wp-content\/uploads\/2024\/11\/PTFS-Laser-Ranging-Sensor-700m-400x400.jpg 400w, https:\/\/meskernel.net\/wp-content\/uploads\/2024\/11\/PTFS-Laser-Ranging-Sensor-700m-100x100.jpg 100w, https:\/\/meskernel.net\/wp-content\/uploads\/2024\/11\/PTFS-Laser-Ranging-Sensor-700m.jpg 800w\" sizes=\"(max-width: 300px) 100vw, 300px\" \/><\/strong><\/h3>\n<ul>\n<li style=\"list-style-type: none;\">\n<ul data-start=\"906\" data-end=\"1642\">\n<li style=\"text-align: left;\" data-start=\"906\" data-end=\"998\"><strong data-start=\"908\" data-end=\"930\">Zakres pomiaru:<\/strong> Do 100 metr\u00f3w, idealny zar\u00f3wno do zastosowa\u0144 kr\u00f3tkiego, jak i dalekiego zasi\u0119gu.<\/li>\n<li style=\"text-align: left;\" data-start=\"999\" data-end=\"1096\"><strong data-start=\"1001\" data-end=\"1020\">Wysoka cz\u0119stotliwo\u015b\u0107:<\/strong> Cz\u0119stotliwo\u015b\u0107 pomiaru 300 Hz zapewnia szybkie przechwytywanie danych odleg\u0142o\u015bci w czasie rzeczywistym.<\/li>\n<li style=\"text-align: left;\" data-start=\"1097\" data-end=\"1188\"><strong data-start=\"1099\" data-end=\"1113\">Precyzja:<\/strong> Dok\u0142adno\u015b\u0107 na poziomie milimetra dla szczeg\u00f3\u0142owych i wiarygodnych pomiar\u00f3w odleg\u0142o\u015bci.<\/li>\n<li style=\"text-align: left;\" data-start=\"1189\" data-end=\"1328\"><strong data-start=\"1191\" data-end=\"1219\">Wiele opcji wyj\u015bcia:<\/strong> Zawiera wyj\u015bcia analogowe, RS485 i RS232 dla \u0142atwej integracji z Raspberry Pi i innymi mikrokontrolerami.<\/li>\n<li style=\"text-align: left;\" data-start=\"1329\" data-end=\"1478\"><strong data-start=\"1331\" data-end=\"1346\">Trwa\u0142o\u015b\u0107:<\/strong> Obudowa o stopniu ochrony IP67 zapewnia ochron\u0119 przed py\u0142em, wod\u0105 i trudnymi warunkami, dzi\u0119ki czemu nadaje si\u0119 do \u015brodowisk przemys\u0142owych.<\/li>\n<li style=\"text-align: left;\" data-start=\"1479\" data-end=\"1642\"><strong data-start=\"1481\" data-end=\"1512\">Kompatybilno\u015b\u0107 z Raspberry Pi:<\/strong> Bezpo\u015brednio integruje si\u0119 z Raspberry Pi poprzez GPIO lub komunikacj\u0119 szeregow\u0105, umo\u017cliwiaj\u0105c szybk\u0105 konfiguracj\u0119 i wykorzystanie w r\u00f3\u017cnych aplikacjach.<\/li>\n<\/ul>\n<\/li>\n<\/ul>\n<h6 data-start=\"893\" data-end=\"995\"><strong><span style=\"font-size: 1.5em;\">Zastosowania laserowego czujnika odleg\u0142o\u015bci Raspberry Pi<\/span><\/strong><span style=\"font-size: 1.5em; font-weight: bold;\">:<\/span><\/h6>\n<ul>\n<li><strong>Pojazdy autonomiczne i robotyka<\/strong>: Zapewnia precyzyjne dane dotycz\u0105ce odleg\u0142o\u015bci, pomagaj\u0105c w nawigacji i omijaniu przeszk\u00f3d.<\/li>\n<li><strong>Automatyka przemys\u0142owa i obs\u0142uga materia\u0142\u00f3w<\/strong>: Monitoruje pozycje obiekt\u00f3w i odleg\u0142o\u015bci w celu wsparcia dok\u0142adnych operacji, takich jak przenoszenie materia\u0142\u00f3w, monta\u017c i kontrola jako\u015bci.<\/li>\n<li><strong>Skanowanie i modelowanie 3D<\/strong>: Przechwytuje informacje o odleg\u0142o\u015bci i kszta\u0142cie powierzchni w celu tworzenia precyzyjnych modeli 3D do zastosowa\u0144 w budownictwie, badaniach geologicznych i ochronie dziedzictwa kulturowego.<\/li>\n<li><strong>Nadz\u00f3r bezpiecze\u0144stwa i wykrywanie w\u0142ama\u0144<\/strong>: Monitoruje pozycj\u0119 i odleg\u0142o\u015b\u0107 personelu i obiekt\u00f3w, aby zapewni\u0107 alerty w czasie rzeczywistym i reagowa\u0107 na potencjalne w\u0142amania.<\/li>\n<li><strong>Pomiar i kontrola poziomu<\/strong>: Dok\u0142adnie mierzy poziom cieczy w zbiornikach i silosach, umo\u017cliwiaj\u0105c automatyczne monitorowanie i kontrol\u0119 w produkcji przemys\u0142owej i magazynowaniu.<\/li>\n<\/ul>\n<h3 data-start=\"2359\" data-end=\"2367\"><strong data-start=\"2359\" data-end=\"2367\">FAQ:<\/strong><\/h3>\n<ol data-start=\"2369\" data-end=\"4245\">\n<li data-start=\"2369\" data-end=\"2749\">\n<p data-start=\"2372\" data-end=\"2448\"><strong data-start=\"2372\" data-end=\"2448\">Co sprawia, \u017ce czujnik PTFS-100-300Hz nadaje si\u0119 do projekt\u00f3w Raspberry Pi?<\/strong><\/p>\n<ul data-start=\"2452\" data-end=\"2749\">\n<li data-start=\"2452\" data-end=\"2749\">Laserowy czujnik odleg\u0142o\u015bci PTFS-100-300Hz Raspberry Pi zosta\u0142 zaprojektowany z my\u015bl\u0105 o \u0142atwej integracji z Raspberry Pi dzi\u0119ki wielu opcjom wyj\u015bciowym, takim jak analog, RS485 i RS232. Pozwala to u\u017cytkownikom Raspberry Pi na szybkie pod\u0142\u0105czenie czujnika i rozpocz\u0119cie zbierania precyzyjnych pomiar\u00f3w odleg\u0142o\u015bci do r\u00f3\u017cnych zastosowa\u0144.<\/li>\n<\/ul>\n<\/li>\n<li data-start=\"2751\" data-end=\"3031\">\n<p data-start=\"2754\" data-end=\"2786\"><strong data-start=\"2754\" data-end=\"2786\">Jak dok\u0142adny jest ten czujnik?<\/strong><\/p>\n<ul data-start=\"2790\" data-end=\"3031\">\n<li data-start=\"2790\" data-end=\"3031\">Czujnik zapewnia dok\u0142adno\u015b\u0107 na poziomie milimetra, zapewniaj\u0105c niezawodne i precyzyjne pomiary. Jest to szczeg\u00f3lnie cenne w zastosowaniach takich jak zrobotyzowana nawigacja, skanowanie 3D i przemys\u0142owa kontrola jako\u015bci, gdzie wysoka precyzja ma kluczowe znaczenie.<\/li>\n<\/ul>\n<\/li>\n<li data-start=\"3033\" data-end=\"3296\">\n<p data-start=\"3036\" data-end=\"3086\"><strong data-start=\"3036\" data-end=\"3086\">Do jakich \u015brodowisk nadaje si\u0119 ten czujnik?<\/strong><\/p>\n<ul data-start=\"3090\" data-end=\"3296\">\n<li data-start=\"3090\" data-end=\"3296\">Dzi\u0119ki klasie ochrony IP67, laserowy czujnik odleg\u0142o\u015bci Raspberry Pi jest py\u0142oszczelny i wodoodporny, dzi\u0119ki czemu jest bardzo wytrzyma\u0142y w trudnych warunkach, takich jak warunki zewn\u0119trzne, przestrzenie przemys\u0142owe lub obszary nara\u017cone na wilgo\u0107.<\/li>\n<\/ul>\n<\/li>\n<li data-start=\"3298\" data-end=\"3580\">\n<p data-start=\"3301\" data-end=\"3354\"><strong data-start=\"3301\" data-end=\"3354\">Czy czujnik ten mo\u017ce by\u0107 wykorzystywany do monitorowania w czasie rzeczywistym?<\/strong><\/p>\n<ul data-start=\"3358\" data-end=\"3580\">\n<li data-start=\"3358\" data-end=\"3580\">Tak, dzi\u0119ki cz\u0119stotliwo\u015bci pomiarowej 300 Hz czujnik ten rejestruje dane z du\u017c\u0105 szybko\u015bci\u0105, umo\u017cliwiaj\u0105c monitorowanie i kontrol\u0119 w czasie rzeczywistym, dzi\u0119ki czemu idealnie nadaje si\u0119 do szybko poruszaj\u0105cych si\u0119 lub dynamicznych aplikacji, takich jak robotyka lub systemy bezpiecze\u0144stwa.<\/li>\n<\/ul>\n<\/li>\n<li data-start=\"3582\" data-end=\"3893\">\n<p data-start=\"3585\" data-end=\"3635\"><strong data-start=\"3585\" data-end=\"3635\">Jak pod\u0142\u0105czy\u0107 czujnik do Raspberry Pi?<\/strong><\/p>\n<ul data-start=\"3639\" data-end=\"3893\">\n<li data-start=\"3639\" data-end=\"3893\">Czujnik PTFS-100-300Hz mo\u017cna pod\u0142\u0105czy\u0107 do Raspberry Pi za pomoc\u0105 dost\u0119pnych interfejs\u00f3w komunikacyjnych (np. GPIO dla wyj\u015bcia analogowego lub komunikacji szeregowej dla RS485\/RS232). U\u0142atwia to integracj\u0119 czujnika z projektami Raspberry Pi.<\/li>\n<\/ul>\n<\/li>\n<li data-start=\"3895\" data-end=\"4245\">\n<p data-start=\"3898\" data-end=\"3975\"><strong data-start=\"3898\" data-end=\"3975\">Jakie s\u0105 popularne projekty Raspberry Pi wykorzystuj\u0105ce laserowe czujniki odleg\u0142o\u015bci?<\/strong><\/p>\n<ul data-start=\"3979\" data-end=\"4245\">\n<li data-start=\"3979\" data-end=\"4245\">Typowe projekty obejmuj\u0105 autonomiczne roboty, inteligentne systemy parkingowe, urz\u0105dzenia do mapowania 3D, precyzyjne monitorowanie produkcji i zaawansowane systemy nadzoru bezpiecze\u0144stwa. Czujnik PTFS-100-300Hz mo\u017ce wzbogaci\u0107 te aplikacje o dok\u0142adne i wiarygodne dane dotycz\u0105ce odleg\u0142o\u015bci.<\/li>\n<\/ul>\n<\/li>\n<\/ol>\n<p data-start=\"4264\" data-end=\"4696\" data-is-last-node=\"\">PTFS-100-300Hz Raspberry Pi <a href=\"https:\/\/www.globalsources.com\/chengdu-meskernel\/showroom_6002100157315.htm\" target=\"_blank\" rel=\"noopener\">Laserowy czujnik odleg\u0142o\u015bci<\/a> to idealne rozwi\u0105zanie dla ka\u017cdego, kto poszukuje precyzyjnych pomiar\u00f3w w czasie rzeczywistym w swoich projektach Raspberry Pi. Niezale\u017cnie od tego, czy chodzi o robotyk\u0119, automatyk\u0119 przemys\u0142ow\u0105 czy zaawansowane skanowanie 3D, czujnik ten oferuje niezr\u00f3wnan\u0105 wydajno\u015b\u0107 i wszechstronno\u015b\u0107. Dzi\u0119ki \u0142atwej integracji, wysokiej dok\u0142adno\u015bci i trwa\u0142ej ochronie, jest to niezb\u0119dne narz\u0119dzie do urzeczywistniania pomys\u0142\u00f3w zwi\u0105zanych z wykrywaniem odleg\u0142o\u015bci.<\/p>","protected":false},"excerpt":{"rendered":"<p>Laserowy czujnik odleg\u0142o\u015bci Raspberry Pi 100m oferuje dok\u0142adne pomiary w czasie rzeczywistym do 100 metr\u00f3w z cz\u0119stotliwo\u015bci\u0105 300 Hz. Idealny do zastosowa\u0144 takich jak pojazdy autonomiczne, automatyka i bezpiecze\u0144stwo, zapewnia dok\u0142adno\u015b\u0107 na poziomie milimetra, wiele opcji wyj\u015bciowych i stopie\u0144 ochrony IP67 w trudnych warunkach. Jako wiod\u0105cy producent laserowych czujnik\u00f3w odleg\u0142o\u015bci, Meskernel oferuje konfigurowalne rozwi\u0105zania spe\u0142niaj\u0105ce okre\u015blone potrzeby.<\/p>","protected":false},"featured_media":3778,"template":"","meta":{"site-sidebar-layout":"default","site-content-layout":"","ast-site-content-layout":"default","site-content-style":"default","site-sidebar-style":"default","ast-global-header-display":"","ast-banner-title-visibility":"","ast-main-header-display":"","ast-hfb-above-header-display":"","ast-hfb-below-header-display":"","ast-hfb-mobile-header-display":"","site-post-title":"","ast-breadcrumbs-content":"","ast-featured-img":"","footer-sml-layout":"","ast-disable-related-posts":"","theme-transparent-header-meta":"default","adv-header-id-meta":"","stick-header-meta":"","header-above-stick-meta":"","header-main-stick-meta":"","header-below-stick-meta":"","astra-migrate-meta-layouts":"set","ast-page-background-enabled":"default","ast-page-background-meta":{"desktop":{"background-color":"var(--ast-global-color-4)","background-image":"","background-repeat":"repeat","background-position":"center center","background-size":"auto","background-attachment":"scroll","background-type":"","background-media":"","overlay-type":"","overlay-color":"","overlay-opacity":"","overlay-gradient":""},"tablet":{"background-color":"","background-image":"","background-repeat":"repeat","background-position":"center center","background-size":"auto","background-attachment":"scroll","background-type":"","background-media":"","overlay-type":"","overlay-color":"","overlay-opacity":"","overlay-gradient":""},"mobile":{"background-color":"","background-image":"","background-repeat":"repeat","background-position":"center center","background-size":"auto","background-attachment":"scroll","background-type":"","background-media":"","overlay-type":"","overlay-color":"","overlay-opacity":"","overlay-gradient":""}},"ast-content-background-meta":{"desktop":{"background-color":"var(--ast-global-color-5)","background-image":"","background-repeat":"repeat","background-position":"center center","background-size":"auto","background-attachment":"scroll","background-type":"","background-media":"","overlay-type":"","overlay-color":"","overlay-opacity":"","overlay-gradient":""},"tablet":{"background-color":"var(--ast-global-color-5)","background-image":"","background-repeat":"repeat","background-position":"center center","background-size":"auto","background-attachment":"scroll","background-type":"","background-media":"","overlay-type":"","overlay-color":"","overlay-opacity":"","overlay-gradient":""},"mobile":{"background-color":"var(--ast-global-color-5)","background-image":"","background-repeat":"repeat","background-position":"center center","background-size":"auto","background-attachment":"scroll","background-type":"","background-media":"","overlay-type":"","overlay-color":"","overlay-opacity":"","overlay-gradient":""}}},"product_brand":[60],"product_cat":[30,32],"product_tag":[],"class_list":{"0":"post-3777","1":"product","2":"type-product","3":"status-publish","4":"has-post-thumbnail","6":"product_brand-meskernel","7":"product_cat-pulse-ranging-sensor","8":"product_cat-high-frequency-ranging-sensor-module","9":"desktop-align-center","10":"tablet-align-left","11":"mobile-align-left","13":"first","14":"instock","15":"shipping-taxable","16":"product-type-simple"},"_links":{"self":[{"href":"https:\/\/meskernel.net\/pl\/wp-json\/wp\/v2\/product\/3777","targetHints":{"allow":["GET"]}}],"collection":[{"href":"https:\/\/meskernel.net\/pl\/wp-json\/wp\/v2\/product"}],"about":[{"href":"https:\/\/meskernel.net\/pl\/wp-json\/wp\/v2\/types\/product"}],"version-history":[{"count":0,"href":"https:\/\/meskernel.net\/pl\/wp-json\/wp\/v2\/product\/3777\/revisions"}],"wp:featuredmedia":[{"embeddable":true,"href":"https:\/\/meskernel.net\/pl\/wp-json\/wp\/v2\/media\/3778"}],"wp:attachment":[{"href":"https:\/\/meskernel.net\/pl\/wp-json\/wp\/v2\/media?parent=3777"}],"wp:term":[{"taxonomy":"product_brand","embeddable":true,"href":"https:\/\/meskernel.net\/pl\/wp-json\/wp\/v2\/product_brand?post=3777"},{"taxonomy":"product_cat","embeddable":true,"href":"https:\/\/meskernel.net\/pl\/wp-json\/wp\/v2\/product_cat?post=3777"},{"taxonomy":"product_tag","embeddable":true,"href":"https:\/\/meskernel.net\/pl\/wp-json\/wp\/v2\/product_tag?post=3777"}],"curies":[{"name":"wp","href":"https:\/\/api.w.org\/{rel}","templated":true}]}}