{"id":3828,"date":"2025-03-04T16:43:06","date_gmt":"2025-03-04T08:43:06","guid":{"rendered":"https:\/\/meskernel.net\/?post_type=product&#038;p=3828"},"modified":"2025-12-04T09:22:32","modified_gmt":"2025-12-04T01:22:32","slug":"dalmierz-z-lornetka","status":"publish","type":"product","link":"https:\/\/meskernel.net\/pl\/product\/rangefinder-with-binoculars\/","title":{"rendered":"Dalmierz 2500 m dla my\u015bliwych i golfist\u00f3w | PTFG Outdoor Gear"},"content":{"rendered":"<p><strong data-start=\"70\" data-end=\"114\">The PTFG series laser rangefinder module<\/strong> represents the latest generation of outdoor long-distance laser distance measurement technology. Designed for demanding environments, this rangefinder module offers powerful measurement capabilities, high accuracy, and easy installation and operation. Utilizing the pulse laser principle, it emits a safe, invisible 905nm Class 1 laser. By calculating the time it takes for the laser to travel to the target and back, and multiplying it by the speed of light (divided by two), the module accurately determines the distance to the target object.<\/p>\n<figure id=\"attachment_2997\" aria-describedby=\"caption-attachment-2997\" style=\"width: 1000px\" class=\"wp-caption aligncenter\"><img fetchpriority=\"high\" decoding=\"async\" class=\"wp-image-2997 size-full\" title=\"Teleskop Czujnik laserowy PTFG\" src=\"https:\/\/meskernel.net\/wp-content\/uploads\/2024\/10\/Telescope-Laser-sensor-PTFG.jpg\" alt=\"Teleskop Czujnik laserowy PTFG\" width=\"1000\" height=\"500\" srcset=\"https:\/\/meskernel.net\/wp-content\/uploads\/2024\/10\/Telescope-Laser-sensor-PTFG.jpg 1000w, https:\/\/meskernel.net\/wp-content\/uploads\/2024\/10\/Telescope-Laser-sensor-PTFG-300x150.jpg 300w, https:\/\/meskernel.net\/wp-content\/uploads\/2024\/10\/Telescope-Laser-sensor-PTFG-768x384.jpg 768w, https:\/\/meskernel.net\/wp-content\/uploads\/2024\/10\/Telescope-Laser-sensor-PTFG-400x200.jpg 400w\" sizes=\"(max-width: 1000px) 100vw, 1000px\" \/><figcaption id=\"caption-attachment-2997\" class=\"wp-caption-text\">Teleskop Czujnik laserowy PTFG<\/figcaption><\/figure>\n<h3>Kluczowe funkcje zwi\u0119kszaj\u0105ce wydajno\u015b\u0107<\/h3>\n<ul>\n<li><strong>Bezpieczny dla oczu laser dla ochrony u\u017cytkownika:<\/strong><br \/>\nThe Rangefinder with Binoculars module uses a 905nm invisible light laser, which is both safe for the eyes and resistant to interference from sunlight. This feature makes it a perfect solution for long-distance outdoor measurements, ensuring that users can operate the device safely without compromising accuracy.<\/li>\n<li><strong>Ekran wy\u015bwietlacza LCD o wysokiej przepuszczalno\u015bci:<\/strong><br \/>\nEquipped with a high-transmittance LCD display, the Rangefinder with Binoculars module allows users to view measurement results instantly. This enables quick decision-making and adjustments on the spot, streamlining workflows and improving efficiency in both fieldwork and real-time monitoring applications.<\/li>\n<li><strong>Teleskop monokularowy 6x zapewniaj\u0105cy wyra\u017any obraz:<\/strong><br \/>\nWbudowana luneta monokularowa 6x oferuje jasne i wyra\u017ane pole widzenia, niezb\u0119dne do dok\u0142adnego wskazywania odleg\u0142ych cel\u00f3w. Wielowarstwowa pow\u0142oka zwi\u0119ksza przepuszczalno\u015b\u0107 \u015bwiat\u0142a, redukuje odbicia i zwi\u0119ksza kontrast, co przek\u0142ada si\u0119 na ostrzejszy obraz. Pow\u0142oka ta chroni r\u00f3wnie\u017c obiektyw przed zarysowaniami, plamami i kurzem, zapewniaj\u0105c d\u0142ugotrwa\u0142\u0105 wytrzyma\u0142o\u015b\u0107 i niezawodne dzia\u0142anie w r\u00f3\u017cnych warunkach \u015brodowiskowych.<\/li>\n<\/ul>\n<h3>Interfejs komunikacyjny<\/h3>\n<p>Rangefinder with Binoculars module supports USB, TTL, RS232, RS485, Bluetooth and other communication interfaces, supports arduino, raspberry pi and other external devices.<\/p>\n<figure id=\"attachment_2987\" aria-describedby=\"caption-attachment-2987\" style=\"width: 750px\" class=\"wp-caption aligncenter\"><img decoding=\"async\" class=\"wp-image-2987 size-full\" title=\"Teleskop Czujnik laserowy\" src=\"https:\/\/meskernel.net\/wp-content\/uploads\/2024\/11\/Laser-Distance-Module-2000m.jpg\" alt=\"Teleskop Czujnik laserowy\" width=\"750\" height=\"266\" srcset=\"https:\/\/meskernel.net\/wp-content\/uploads\/2024\/11\/Laser-Distance-Module-2000m.jpg 750w, https:\/\/meskernel.net\/wp-content\/uploads\/2024\/11\/Laser-Distance-Module-2000m-300x106.jpg 300w, https:\/\/meskernel.net\/wp-content\/uploads\/2024\/11\/Laser-Distance-Module-2000m-400x142.jpg 400w\" sizes=\"(max-width: 750px) 100vw, 750px\" \/><figcaption id=\"caption-attachment-2987\" class=\"wp-caption-text\">Teleskop Czujnik laserowy<\/figcaption><\/figure>\n<h3><\/h3>\n<h3>Wszechstronna integracja dla r\u00f3\u017cnych aplikacji<\/h3>\n<p>Thanks to its compact design and robust features, the Rangefinder with Binoculars module integrates easily into a variety of systems. Whether for <a href=\"https:\/\/meskernel.net\/pl\/aplikacja\/konstrukcja\/\">konstrukcja<\/a> Pomiary terenu, pomiary geodezyjne lub teledetekcja - modu\u0142 ten zapewnia sp\u00f3jne, precyzyjne gromadzenie danych w szerokim zakresie zastosowa\u0144. S\u0142u\u017cy do pomiaru odleg\u0142o\u015bci, wysoko\u015bci budynk\u00f3w, wielko\u015bci urz\u0105dze\u0144 przemys\u0142owych i du\u017cych konstrukcji. Mo\u017ce by\u0107 stosowany w golfie, wspinaczce g\u00f3rskiej, turystyce pieszej i my\u015blistwie. W po\u0142\u0105czeniu z technologi\u0105 obrazowania termicznego, cele mog\u0105 by\u0107 szybko identyfikowane w z\u0142o\u017conych \u015brodowiskach. Zdolno\u015b\u0107 modu\u0142u do natychmiastowego wy\u015bwietlania danych na ekranie LCD dodatkowo zwi\u0119ksza komfort u\u017cytkowania, zapewniaj\u0105c natychmiastow\u0105 informacj\u0119 zwrotn\u0105 podczas pracy.<\/p>\n<figure id=\"attachment_2998\" aria-describedby=\"caption-attachment-2998\" style=\"width: 1052px\" class=\"wp-caption aligncenter\"><img decoding=\"async\" class=\"wp-image-2998 size-full\" title=\"Teleskop Czujnik laserowy PTFG\" src=\"https:\/\/meskernel.net\/wp-content\/uploads\/2024\/10\/Telescope-Laser-sensor-PTFG-1.jpg\" alt=\"Teleskop Czujnik laserowy PTFG\" width=\"1052\" height=\"235\" srcset=\"https:\/\/meskernel.net\/wp-content\/uploads\/2024\/10\/Telescope-Laser-sensor-PTFG-1.jpg 1052w, https:\/\/meskernel.net\/wp-content\/uploads\/2024\/10\/Telescope-Laser-sensor-PTFG-1-300x67.jpg 300w, https:\/\/meskernel.net\/wp-content\/uploads\/2024\/10\/Telescope-Laser-sensor-PTFG-1-1024x229.jpg 1024w, https:\/\/meskernel.net\/wp-content\/uploads\/2024\/10\/Telescope-Laser-sensor-PTFG-1-768x172.jpg 768w, https:\/\/meskernel.net\/wp-content\/uploads\/2024\/10\/Telescope-Laser-sensor-PTFG-1-400x89.jpg 400w\" sizes=\"(max-width: 1052px) 100vw, 1052px\" \/><figcaption id=\"caption-attachment-2998\" class=\"wp-caption-text\">Teleskop Czujnik laserowy PTFG<\/figcaption><\/figure>\n<div class=\"mceTemp\"><\/div>\n<h3>Dlaczego warto wybra\u0107 Meskernel?<\/h3>\n<p><strong>Dzi\u0119ki ponad 20-letniemu do\u015bwiadczeniu<\/strong> W dziedzinie laserowych pomiar\u00f3w odleg\u0142o\u015bci Meskernel jest liderem w bran\u017cy pod wzgl\u0119dem innowacyjno\u015bci i niezawodno\u015bci. Nasza certyfikowana przez TUV fabryka o powierzchni 7000 metr\u00f3w kwadratowych zapewnia najwy\u017csze standardy produkcji. Jeste\u015bmy dumni z posiadania wielu certyfikat\u00f3w patentowych i zgodno\u015bci z przepisami CE, RoHS, FCC i FDA.<\/p>\n<p><strong>Nasze silne mo\u017cliwo\u015bci OEM i ODM<\/strong> s\u0105 wspierane przez dedykowany zesp\u00f3\u0142 ponad 40 in\u017cynier\u00f3w ds. bada\u0144 i rozwoju, co pozwala nam dostosowywa\u0107 rozwi\u0105zania do konkretnych potrzeb. Utrzymujemy \u015bcis\u0142\u0105 kontrol\u0119 jako\u015bci w ca\u0142ym procesie, od materia\u0142\u00f3w przychodz\u0105cych do ko\u0144cowej wysy\u0142ki, zapewniaj\u0105c sp\u00f3jne, wysokowydajne produkty.<\/p>\n<p><strong>Meskernel oferuje r\u00f3wnie\u017c szybk\u0105 dostaw\u0119<\/strong>-regularne zam\u00f3wienia pr\u00f3bek mog\u0105 by\u0107 wysy\u0142ane w ci\u0105gu 3 dni - oraz ca\u0142odobowe wsparcie techniczne zapewniaj\u0105ce szybkie wskaz\u00f3wki zawsze, gdy ich potrzebujesz. Dzi\u0119ki naszym korzystnym cenom oferujemy idealn\u0105 r\u00f3wnowag\u0119 mi\u0119dzy jako\u015bci\u0105, szybko\u015bci\u0105 i warto\u015bci\u0105 dla wszystkich laserowych rozwi\u0105za\u0144 pomiarowych.<\/p>\n<p>&nbsp;<\/p>","protected":false},"excerpt":{"rendered":"<p>Accurate long-range measurements up to 2500m \u2013 this rangefinder ensures reliable performance for surveying, construction, and outdoor monitoring.<\/p>","protected":false},"featured_media":3829,"template":"","meta":{"site-sidebar-layout":"default","site-content-layout":"","ast-site-content-layout":"default","site-content-style":"default","site-sidebar-style":"default","ast-global-header-display":"","ast-banner-title-visibility":"","ast-main-header-display":"","ast-hfb-above-header-display":"","ast-hfb-below-header-display":"","ast-hfb-mobile-header-display":"","site-post-title":"","ast-breadcrumbs-content":"","ast-featured-img":"","footer-sml-layout":"","ast-disable-related-posts":"","theme-transparent-header-meta":"default","adv-header-id-meta":"","stick-header-meta":"","header-above-stick-meta":"","header-main-stick-meta":"","header-below-stick-meta":"","astra-migrate-meta-layouts":"set","ast-page-background-enabled":"default","ast-page-background-meta":{"desktop":{"background-color":"var(--ast-global-color-4)","background-image":"","background-repeat":"repeat","background-position":"center center","background-size":"auto","background-attachment":"scroll","background-type":"","background-media":"","overlay-type":"","overlay-color":"","overlay-opacity":"","overlay-gradient":""},"tablet":{"background-color":"","background-image":"","background-repeat":"repeat","background-position":"center center","background-size":"auto","background-attachment":"scroll","background-type":"","background-media":"","overlay-type":"","overlay-color":"","overlay-opacity":"","overlay-gradient":""},"mobile":{"background-color":"","background-image":"","background-repeat":"repeat","background-position":"center center","background-size":"auto","background-attachment":"scroll","background-type":"","background-media":"","overlay-type":"","overlay-color":"","overlay-opacity":"","overlay-gradient":""}},"ast-content-background-meta":{"desktop":{"background-color":"var(--ast-global-color-5)","background-image":"","background-repeat":"repeat","background-position":"center center","background-size":"auto","background-attachment":"scroll","background-type":"","background-media":"","overlay-type":"","overlay-color":"","overlay-opacity":"","overlay-gradient":""},"tablet":{"background-color":"var(--ast-global-color-5)","background-image":"","background-repeat":"repeat","background-position":"center center","background-size":"auto","background-attachment":"scroll","background-type":"","background-media":"","overlay-type":"","overlay-color":"","overlay-opacity":"","overlay-gradient":""},"mobile":{"background-color":"var(--ast-global-color-5)","background-image":"","background-repeat":"repeat","background-position":"center center","background-size":"auto","background-attachment":"scroll","background-type":"","background-media":"","overlay-type":"","overlay-color":"","overlay-opacity":"","overlay-gradient":""}}},"product_brand":[60],"product_cat":[30],"product_tag":[],"class_list":{"0":"post-3828","1":"product","2":"type-product","3":"status-publish","4":"has-post-thumbnail","6":"product_brand-meskernel","7":"product_cat-pulse-ranging-sensor","8":"desktop-align-center","9":"tablet-align-left","10":"mobile-align-left","12":"first","13":"instock","14":"shipping-taxable","15":"product-type-simple"},"_links":{"self":[{"href":"https:\/\/meskernel.net\/pl\/wp-json\/wp\/v2\/product\/3828","targetHints":{"allow":["GET"]}}],"collection":[{"href":"https:\/\/meskernel.net\/pl\/wp-json\/wp\/v2\/product"}],"about":[{"href":"https:\/\/meskernel.net\/pl\/wp-json\/wp\/v2\/types\/product"}],"version-history":[{"count":0,"href":"https:\/\/meskernel.net\/pl\/wp-json\/wp\/v2\/product\/3828\/revisions"}],"wp:featuredmedia":[{"embeddable":true,"href":"https:\/\/meskernel.net\/pl\/wp-json\/wp\/v2\/media\/3829"}],"wp:attachment":[{"href":"https:\/\/meskernel.net\/pl\/wp-json\/wp\/v2\/media?parent=3828"}],"wp:term":[{"taxonomy":"product_brand","embeddable":true,"href":"https:\/\/meskernel.net\/pl\/wp-json\/wp\/v2\/product_brand?post=3828"},{"taxonomy":"product_cat","embeddable":true,"href":"https:\/\/meskernel.net\/pl\/wp-json\/wp\/v2\/product_cat?post=3828"},{"taxonomy":"product_tag","embeddable":true,"href":"https:\/\/meskernel.net\/pl\/wp-json\/wp\/v2\/product_tag?post=3828"}],"curies":[{"name":"wp","href":"https:\/\/api.w.org\/{rel}","templated":true}]}}