{"id":3905,"date":"2025-03-12T15:26:28","date_gmt":"2025-03-12T07:26:28","guid":{"rendered":"https:\/\/meskernel.net\/?post_type=product&#038;p=3905"},"modified":"2026-01-30T10:03:06","modified_gmt":"2026-01-30T02:03:06","slug":"pomiar-odleglosci-2","status":"publish","type":"product","link":"https:\/\/meskernel.net\/pl\/product\/measure-distance\/","title":{"rendered":"Laserowy Czujnik Odleg\u0142o\u015bci UART LDJ-4Hz \u2013 Zasi\u0119g 120\u202fm do Pomiar\u00f3w Przemys\u0142owych i Dron\u00f3w"},"content":{"rendered":"<p>Laserowy czujnik odleg\u0142o\u015bci 120 m, precyzyjny laserowy modu\u0142 pomiaru odleg\u0142o\u015bci 3 mm, jest urz\u0105dzeniem wykorzystywanym do pomiaru odleg\u0142o\u015bci do celu i przesy\u0142ania danych. Wykorzystuje technologi\u0119 lasera widzialnego do emitowania wi\u0105zek laserowych i odbierania odbitych sygna\u0142\u00f3w laserowych w celu pomiaru odleg\u0142o\u015bci mi\u0119dzy obiektami a czujnikiem. Laserowy czujnik odleg\u0142o\u015bci obs\u0142uguje interfejsy komunikacyjne, takie jak USB, TTL, RS232, RS485, Bluetooth, umo\u017cliwiaj\u0105c transmisj\u0119 danych i komunikacj\u0119 z innymi urz\u0105dzeniami.<\/p>\n<p><img data-dominant-color=\"e7e9e3\" data-has-transparency=\"false\" style=\"--dominant-color: #e7e9e3;\" fetchpriority=\"high\" decoding=\"async\" class=\"wp-image-6396 size-full aligncenter not-transparent\" src=\"https:\/\/meskernel.net\/wp-content\/uploads\/2025\/03\/ldj.webp\" alt=\"ldj\" width=\"763\" height=\"307\" srcset=\"https:\/\/meskernel.net\/wp-content\/uploads\/2025\/03\/ldj.webp 763w, https:\/\/meskernel.net\/wp-content\/uploads\/2025\/03\/ldj-300x121.webp 300w, https:\/\/meskernel.net\/wp-content\/uploads\/2025\/03\/ldj-18x7.webp 18w, https:\/\/meskernel.net\/wp-content\/uploads\/2025\/03\/ldj-400x161.webp 400w\" sizes=\"(max-width: 763px) 100vw, 763px\" \/><\/p>\n<h4 data-start=\"268\" data-end=\"337\"><strong data-start=\"271\" data-end=\"335\">Niezr\u00f3wnana wydajno\u015b\u0107 naszego laserowego czujnika odleg\u0142o\u015bci<\/strong><\/h4>\n<p>Dok\u0142adno\u015b\u0107 na poziomie milimetra - ten laserowy czujnik odleg\u0142o\u015bci zapewnia <strong data-start=\"421\" data-end=\"439\">\u00b13<\/strong>Precyzja mm w zakresie od 0,03 m do 200 m, zapewniaj\u0105ca powtarzalno\u015b\u0107 klasy przemys\u0142owej dla robotyki<strong data-start=\"522\" data-end=\"561\">, <\/strong>automatyka i geodezja.<\/p>\n<p>W pe\u0142ni obs\u0142uguje RS232, RS485, Modbus, Ethernet, Bluetooth i USB, co u\u0142atwia integracj\u0119 z systemami PLC, przemys\u0142owymi sieciami IoT (IIoT) i platformami automatyki.<\/p>\n<p>Zbudowany, aby wytrzyma\u0107 trudne warunki \u015brodowiskowe - dzi\u0119ki klasie wodoodporno\u015bci i py\u0142oszczelno\u015bci IP67 ten laserowy czujnik odleg\u0142o\u015bci jest odporny na kurz, wod\u0119 i wibracje, dzia\u0142aj\u0105c niezawodnie w temperaturach od -20\u00b0C do 60\u00b0C, idealny do zastosowa\u0144 przemys\u0142owych i zewn\u0119trznych.<\/p>\n<p>Szybka cz\u0119stotliwo\u015b\u0107 pr\u00f3bkowania 20 Hz - umo\u017cliwia pomiar odleg\u0142o\u015bci w czasie rzeczywistym z czasem reakcji 20 ms, zapewniaj\u0105c dok\u0142adn\u0105 akwizycj\u0119 danych dla dron\u00f3w (UAV), AGV (pojazd\u00f3w sterowanych automatycznie), nawigacji zrobotyzowanej i precyzyjnej produkcji.<\/p>\n<h4 data-start=\"1346\" data-end=\"1422\">Zastosowania laserowego czujnika odleg\u0142o\u015bci w kluczowych bran\u017cach<\/h4>\n<p><img decoding=\"async\" class=\"wp-image-3076\" src=\"https:\/\/meskernel.net\/wp-content\/uploads\/2024\/12\/Tof-Distance-Detection-Sensor4.jpg\" alt=\"Czujnik wykrywania odleg\u0142o\u015bci Tof4\" width=\"661\" height=\"661\" srcset=\"https:\/\/meskernel.net\/wp-content\/uploads\/2024\/12\/Tof-Distance-Detection-Sensor4.jpg 800w, https:\/\/meskernel.net\/wp-content\/uploads\/2024\/12\/Tof-Distance-Detection-Sensor4-300x300.jpg 300w, https:\/\/meskernel.net\/wp-content\/uploads\/2024\/12\/Tof-Distance-Detection-Sensor4-150x150.jpg 150w, https:\/\/meskernel.net\/wp-content\/uploads\/2024\/12\/Tof-Distance-Detection-Sensor4-768x768.jpg 768w, https:\/\/meskernel.net\/wp-content\/uploads\/2024\/12\/Tof-Distance-Detection-Sensor4-400x400.jpg 400w, https:\/\/meskernel.net\/wp-content\/uploads\/2024\/12\/Tof-Distance-Detection-Sensor4-100x100.jpg 100w\" sizes=\"(max-width: 661px) 100vw, 661px\" \/><\/p>\n<p>&nbsp;<\/p>\n<p>&nbsp;<\/p>\n<p>Laserowy czujnik odleg\u0142o\u015bci dla budownictwa i geodezji<\/p>\n<ul data-start=\"1496\" data-end=\"1605\">\n<li data-start=\"1496\" data-end=\"1540\">Pomiar terenu w czasie rzeczywistym w oparciu o BIM<\/li>\n<li data-start=\"1541\" data-end=\"1605\">Wykrywanie odchyle\u0144 konstrukcji stalowej z dok\u0142adno\u015bci\u0105 \u00b13 mm<\/li>\n<\/ul>\n<p data-start=\"1607\" data-end=\"1667\">Laserowy czujnik odleg\u0142o\u015bci dla dron\u00f3w i bezza\u0142ogowych statk\u00f3w powietrznych<\/p>\n<ul data-start=\"1668\" data-end=\"1794\">\n<li data-start=\"1668\" data-end=\"1727\">Precyzyjna kontrola wysoko\u015bci zapewniaj\u0105ca stabilno\u015b\u0107 lotu drona<\/li>\n<li data-start=\"1728\" data-end=\"1794\">Wykrywanie i unikanie przeszk\u00f3d w inspekcjach linii energetycznych<\/li>\n<\/ul>\n<p data-start=\"1796\" data-end=\"1864\">Laserowy czujnik odleg\u0142o\u015bci dla automatyki przemys\u0142owej<\/p>\n<ul data-start=\"1865\" data-end=\"1976\">\n<li data-start=\"1865\" data-end=\"1922\">Nawigacja AGV i optymalizacja logistyki magazynowej<\/li>\n<li data-start=\"1923\" data-end=\"1976\">Pomiar obj\u0119to\u015bci materia\u0142u na przeno\u015bnikach ta\u015bmowych<\/li>\n<\/ul>\n<p data-start=\"1978\" data-end=\"2057\">Laserowy czujnik odleg\u0142o\u015bci do bada\u0144 naukowych i monitorowania<\/p>\n<ul data-start=\"2058\" data-end=\"2184\">\n<li data-start=\"2058\" data-end=\"2123\">Monitorowanie stanu konstrukcji (mosty, tunele i tamy)<\/li>\n<li data-start=\"2124\" data-end=\"2184\">\u015aledzenie ruchu lodowc\u00f3w i badania \u015brodowiskowe<\/li>\n<\/ul>\n<h4 data-start=\"2186\" data-end=\"2246\"><strong data-start=\"2189\" data-end=\"2244\">Kluczowe zalety naszego laserowego czujnika odleg\u0142o\u015bci<\/strong><\/h4>\n<p data-start=\"2248\" data-end=\"2297\">Technologia penetracji powierzchni wody<\/p>\n<ul data-start=\"2298\" data-end=\"2541\">\n<li data-start=\"2463\" data-end=\"2541\">Idealny do zastosowa\u0144 w hydrologii, akwakulturze i mapowaniu podwodnym.<\/li>\n<\/ul>\n<p data-start=\"2543\" data-end=\"2588\">Doskona\u0142a ochrona przed zak\u0142\u00f3ceniami \u015bwietlnymi<\/p>\n<ul data-start=\"2589\" data-end=\"2759\">\n<li data-start=\"2589\" data-end=\"2759\">Zaawansowana technologia filtrowania \u015bwiat\u0142a otoczenia zapewnia <strong data-start=\"2651\" data-end=\"2700\">\u00b1<\/strong>Dok\u0142adno\u015b\u0107 3 mm nawet w \u015bwietle s\u0142onecznym o nat\u0119\u017ceniu 100,0 luks\u00f3w, przewy\u017cszaj\u0105c konkurent\u00f3w z bran\u017cy (<strong data-start=\"2738\" data-end=\"2755\">\u00b13<\/strong>mm).<\/li>\n<\/ul>\n<p data-start=\"2761\" data-end=\"2824\">Inteligentna konwersja protoko\u0142\u00f3w dla przemys\u0142owego IoT<\/p>\n<ul data-start=\"2825\" data-end=\"3013\">\n<li data-start=\"2825\" data-end=\"2928\">Wbudowana bramka Modbus-TCP umo\u017cliwia bezpo\u015bredni\u0105 integracj\u0119 IIoT bez dodatkowego sprz\u0119tu.<\/li>\n<li data-start=\"2929\" data-end=\"3013\">Obs\u0142uga OPC UA i MQTT (wkr\u00f3tce) dla ulepszonej automatyzacji inteligentnej fabryki.<\/li>\n<\/ul>\n<p data-start=\"3015\" data-end=\"3090\">Zaufany przez lider\u00f3w bran\u017cy - sprawdzony laserowy czujnik odleg\u0142o\u015bci<\/p>\n<p>Ponad 300 klient\u00f3w przemys\u0142owych - zintegrowany z <a href=\"https:\/\/zh.wikipedia.org\/wiki\/ABB\" target=\"_blank\" rel=\"noopener\">ABB<\/a> ramiona robotyczne, drony DJI M300 i systemy PLC Siemens.<br data-start=\"3204\" data-end=\"3207\" \/>Ponad 500 000 godzin pracy - wska\u017anik awaryjno\u015bci poni\u017cej 0,2% zapewnia d\u0142ugotrwa\u0142\u0105 niezawodno\u015b\u0107 w zastosowaniach przemys\u0142owych.<\/p>\n<hr data-start=\"3342\" data-end=\"3345\" \/>\n<h4 data-start=\"3347\" data-end=\"3402\"><strong data-start=\"3351\" data-end=\"3400\">Dlaczego warto wybra\u0107 nasz laserowy czujnik odleg\u0142o\u015bci?<\/strong><\/h4>\n<p data-start=\"3403\" data-end=\"3643\">Ten precyzyjny, przemys\u0142owy laserowy czujnik odleg\u0142o\u015bci zosta\u0142 zaprojektowany z my\u015bl\u0105 o automatyce, robotyce, nawigacji UAV i monitorowaniu przemys\u0142owym, oferuj\u0105c wyj\u0105tkow\u0105 dok\u0142adno\u015b\u0107.<strong data-start=\"3571\" data-end=\"3640\">, <\/strong>trwa\u0142o\u015b\u0107 i p\u0142ynna integracja systemu.<\/p>\n<p data-start=\"3645\" data-end=\"3711\">Dla <strong data-start=\"3649\" data-end=\"3709\">Dostosowanie OEM\/ODM i zam\u00f3wienia hurtowe, <a href=\"https:\/\/meskernel.net\/pl\/kontakt\/\">skontaktuj si\u0119 z nami<\/a> dzisiaj!<\/strong><\/p>","protected":false},"excerpt":{"rendered":"<p>Precyzyjny laserowy czujnik odleg\u0142o\u015bci o dok\u0142adno\u015bci \u00b11 mm, zasi\u0119gu 200 m i pr\u00f3bkowaniu 20 Hz. Charakteryzuje si\u0119 stopniem ochrony IP67, obs\u0142ug\u0105 wielu interfejs\u00f3w (RS232, RS485, Modbus, Ethernet, Bluetooth, USB) i doskona\u0142\u0105 odporno\u015bci\u0105 na warunki \u015brodowiskowe w zastosowaniach przemys\u0142owych i automatyzacji.<\/p>","protected":false},"featured_media":3910,"template":"","meta":{"site-sidebar-layout":"default","site-content-layout":"","ast-site-content-layout":"default","site-content-style":"default","site-sidebar-style":"default","ast-global-header-display":"","ast-banner-title-visibility":"","ast-main-header-display":"","ast-hfb-above-header-display":"","ast-hfb-below-header-display":"","ast-hfb-mobile-header-display":"","site-post-title":"","ast-breadcrumbs-content":"","ast-featured-img":"","footer-sml-layout":"","ast-disable-related-posts":"","theme-transparent-header-meta":"default","adv-header-id-meta":"","stick-header-meta":"","header-above-stick-meta":"","header-main-stick-meta":"","header-below-stick-meta":"","astra-migrate-meta-layouts":"set","ast-page-background-enabled":"default","ast-page-background-meta":{"desktop":{"background-color":"var(--ast-global-color-4)","background-image":"","background-repeat":"repeat","background-position":"center center","background-size":"auto","background-attachment":"scroll","background-type":"","background-media":"","overlay-type":"","overlay-color":"","overlay-opacity":"","overlay-gradient":""},"tablet":{"background-color":"","background-image":"","background-repeat":"repeat","background-position":"center center","background-size":"auto","background-attachment":"scroll","background-type":"","background-media":"","overlay-type":"","overlay-color":"","overlay-opacity":"","overlay-gradient":""},"mobile":{"background-color":"","background-image":"","background-repeat":"repeat","background-position":"center center","background-size":"auto","background-attachment":"scroll","background-type":"","background-media":"","overlay-type":"","overlay-color":"","overlay-opacity":"","overlay-gradient":""}},"ast-content-background-meta":{"desktop":{"background-color":"var(--ast-global-color-5)","background-image":"","background-repeat":"repeat","background-position":"center center","background-size":"auto","background-attachment":"scroll","background-type":"","background-media":"","overlay-type":"","overlay-color":"","overlay-opacity":"","overlay-gradient":""},"tablet":{"background-color":"var(--ast-global-color-5)","background-image":"","background-repeat":"repeat","background-position":"center center","background-size":"auto","background-attachment":"scroll","background-type":"","background-media":"","overlay-type":"","overlay-color":"","overlay-opacity":"","overlay-gradient":""},"mobile":{"background-color":"var(--ast-global-color-5)","background-image":"","background-repeat":"repeat","background-position":"center center","background-size":"auto","background-attachment":"scroll","background-type":"","background-media":"","overlay-type":"","overlay-color":"","overlay-opacity":"","overlay-gradient":""}}},"product_brand":[60],"product_cat":[51],"product_tag":[],"class_list":{"0":"post-3905","1":"product","2":"type-product","3":"status-publish","4":"has-post-thumbnail","6":"product_brand-meskernel","7":"product_cat-laser-distance-sensor","8":"desktop-align-center","9":"tablet-align-left","10":"mobile-align-left","12":"first","13":"instock","14":"shipping-taxable","15":"product-type-simple"},"_links":{"self":[{"href":"https:\/\/meskernel.net\/pl\/wp-json\/wp\/v2\/product\/3905","targetHints":{"allow":["GET"]}}],"collection":[{"href":"https:\/\/meskernel.net\/pl\/wp-json\/wp\/v2\/product"}],"about":[{"href":"https:\/\/meskernel.net\/pl\/wp-json\/wp\/v2\/types\/product"}],"version-history":[{"count":0,"href":"https:\/\/meskernel.net\/pl\/wp-json\/wp\/v2\/product\/3905\/revisions"}],"wp:featuredmedia":[{"embeddable":true,"href":"https:\/\/meskernel.net\/pl\/wp-json\/wp\/v2\/media\/3910"}],"wp:attachment":[{"href":"https:\/\/meskernel.net\/pl\/wp-json\/wp\/v2\/media?parent=3905"}],"wp:term":[{"taxonomy":"product_brand","embeddable":true,"href":"https:\/\/meskernel.net\/pl\/wp-json\/wp\/v2\/product_brand?post=3905"},{"taxonomy":"product_cat","embeddable":true,"href":"https:\/\/meskernel.net\/pl\/wp-json\/wp\/v2\/product_cat?post=3905"},{"taxonomy":"product_tag","embeddable":true,"href":"https:\/\/meskernel.net\/pl\/wp-json\/wp\/v2\/product_tag?post=3905"}],"curies":[{"name":"wp","href":"https:\/\/api.w.org\/{rel}","templated":true}]}}