{"id":3962,"date":"2025-03-26T09:55:07","date_gmt":"2025-03-26T01:55:07","guid":{"rendered":"https:\/\/meskernel.net\/?post_type=product&#038;p=3962"},"modified":"2025-10-23T09:25:26","modified_gmt":"2025-10-23T01:25:26","slug":"laserowy-czujnik-odleglosci-2","status":"publish","type":"product","link":"https:\/\/meskernel.net\/pl\/product\/laser-distance-ranging-sensor\/","title":{"rendered":"Laserowy czujnik odleg\u0142o\u015bci | Przemys\u0142owy czujnik wysokiej cz\u0119stotliwo\u015bci z IP67"},"content":{"rendered":"<p class=\"\" data-start=\"86\" data-end=\"363\">Nasz laserowy czujnik odleg\u0142o\u015bci zosta\u0142 zaprojektowany z my\u015bl\u0105 o szybkich i precyzyjnych pomiarach odleg\u0142o\u015bci w zastosowaniach przemys\u0142owych. Dzi\u0119ki ultrawysokiej cz\u0119stotliwo\u015bci 100-3000 Hz zapewnia pomiar w czasie rzeczywistym z milimetrow\u0105 dok\u0142adno\u015bci\u0105 w zakresie od 0,2 m do 25 m.<\/p>\n<h3 class=\"\" data-start=\"365\" data-end=\"388\"><strong data-start=\"369\" data-end=\"386\">Kluczowe cechy:<\/strong><\/h3>\n<p class=\"\" data-start=\"389\" data-end=\"1038\">\u2705 <strong data-start=\"391\" data-end=\"421\">Pomiar wysokiej cz\u0119stotliwo\u015bci<\/strong> - Obs\u0142uguje ultraszybki zakres od 100 Hz do 3000 Hz, zapewniaj\u0105c szybkie i stabilne przesy\u0142anie danych.<br data-start=\"516\" data-end=\"519\" \/>\u2705 <strong data-start=\"521\" data-end=\"551\" data-is-only-node=\"\">Precyzja na poziomie milimetra<\/strong> - Zapewnia bardzo dok\u0142adne odczyty odleg\u0142o\u015bci dla automatyki przemys\u0142owej i in\u017cynierii precyzyjnej.<br data-start=\"649\" data-end=\"652\" \/>\u2705 <strong data-start=\"654\" data-end=\"688\">Wytrzyma\u0142a obudowa ze stopu aluminium<\/strong> - Metalowa pow\u0142oka zapewnia doskona\u0142\u0105 trwa\u0142o\u015b\u0107, stabilno\u015b\u0107 i odporno\u015b\u0107 na uderzenia zewn\u0119trzne.<br data-start=\"787\" data-end=\"790\" \/>\u2705 <strong data-start=\"792\" data-end=\"819\">Bryzgoszczelno\u015b\u0107 i py\u0142oszczelno\u015b\u0107<\/strong> - Zaprojektowany dla wymagaj\u0105cych \u015brodowisk, oferuj\u0105cy siln\u0105 ochron\u0119 przed kurzem i wod\u0105.<br data-start=\"911\" data-end=\"914\" \/>\u2705 <strong data-start=\"916\" data-end=\"953\">Wiele interfejs\u00f3w komunikacyjnych<\/strong> - Obs\u0142uguje interfejsy USART, RS485 i RS232, zapewniaj\u0105c p\u0142ynn\u0105 integracj\u0119 systemu.<\/p>\n<p class=\"\" data-start=\"1040\" data-end=\"1244\">Ten laserowy czujnik odleg\u0142o\u015bci TOF, idealny do zastosowa\u0144 w automatyce przemys\u0142owej, robotyce, logistyce i pozycjonowaniu, zapewnia niezr\u00f3wnan\u0105 szybko\u015b\u0107, precyzj\u0119 i niezawodno\u015b\u0107 pomiaru odleg\u0142o\u015bci.<\/p>\n<h3>Por\u00f3wnanie produkt\u00f3w<\/h3>\n<p><img data-dominant-color=\"dfdfdf\" data-has-transparency=\"false\" style=\"--dominant-color: #dfdfdf;\" fetchpriority=\"high\" decoding=\"async\" class=\"wp-image-3967 size-full not-transparent\" src=\"https:\/\/meskernel.net\/wp-content\/uploads\/2025\/03\/laser-distance-sensor-compare.jpg\" alt=\"por\u00f3wnanie laserowych czujnik\u00f3w odleg\u0142o\u015bci\" width=\"1112\" height=\"339\" srcset=\"https:\/\/meskernel.net\/wp-content\/uploads\/2025\/03\/laser-distance-sensor-compare.jpg 1112w, https:\/\/meskernel.net\/wp-content\/uploads\/2025\/03\/laser-distance-sensor-compare-300x91.jpg 300w, https:\/\/meskernel.net\/wp-content\/uploads\/2025\/03\/laser-distance-sensor-compare-1024x312.jpg 1024w, https:\/\/meskernel.net\/wp-content\/uploads\/2025\/03\/laser-distance-sensor-compare-768x234.jpg 768w, https:\/\/meskernel.net\/wp-content\/uploads\/2025\/03\/laser-distance-sensor-compare-400x122.jpg 400w\" sizes=\"(max-width: 1112px) 100vw, 1112px\" \/><\/p>\n<p>&nbsp;<\/p>\n<p><img data-dominant-color=\"aaaaa8\" data-has-transparency=\"false\" style=\"--dominant-color: #aaaaa8;\" decoding=\"async\" class=\"wp-image-3964 not-transparent\" src=\"https:\/\/meskernel.net\/wp-content\/uploads\/2025\/03\/laser-distance-ranging-sensor-application.png\" alt=\"zastosowanie laserowego czujnika odleg\u0142o\u015bci\" width=\"1130\" height=\"908\" srcset=\"https:\/\/meskernel.net\/wp-content\/uploads\/2025\/03\/laser-distance-ranging-sensor-application.png 1558w, https:\/\/meskernel.net\/wp-content\/uploads\/2025\/03\/laser-distance-ranging-sensor-application-300x241.png 300w, https:\/\/meskernel.net\/wp-content\/uploads\/2025\/03\/laser-distance-ranging-sensor-application-1024x823.png 1024w, https:\/\/meskernel.net\/wp-content\/uploads\/2025\/03\/laser-distance-ranging-sensor-application-768x617.png 768w, https:\/\/meskernel.net\/wp-content\/uploads\/2025\/03\/laser-distance-ranging-sensor-application-1536x1234.png 1536w, https:\/\/meskernel.net\/wp-content\/uploads\/2025\/03\/laser-distance-ranging-sensor-application-400x321.png 400w\" sizes=\"(max-width: 1130px) 100vw, 1130px\" \/><\/p>\n<p>&nbsp;<\/p>\n<h3 class=\"\" data-start=\"1046\" data-end=\"1070\"><strong data-start=\"1050\" data-end=\"1068\">Dlaczego warto wybra\u0107 nas?<\/strong><\/h3>\n<p class=\"\" data-start=\"1071\" data-end=\"1716\">Jako profesjonalista <a href=\"https:\/\/www.globalsources.com\/chengdu-meskernel\/showroom_6002100157315.htm\" target=\"_blank\" rel=\"noopener\">producent laserowych czujnik\u00f3w odleg\u0142o\u015bci<\/a>Zapewniamy us\u0142ugi dostosowywania OEM i ODM, aby spe\u0142ni\u0107 okre\u015blone wymagania aplikacji. W przeciwie\u0144stwie do standardowych rozwi\u0105za\u0144, oferujemy<br data-start=\"1261\" data-end=\"1264\" \/>\u2714 <strong data-start=\"1266\" data-end=\"1293\">Konfigurowalne parametry<\/strong> - Dostosuj cz\u0119stotliwo\u015b\u0107, szybko\u015b\u0107 transmisji, zakres pomiarowy i inne ustawienia do potrzeb projektu.<br data-start=\"1387\" data-end=\"1390\" \/>\u2714 <strong data-start=\"1392\" data-end=\"1428\">Elastyczne protoko\u0142y komunikacyjne<\/strong> - Dostosuj czujnik, aby p\u0142ynnie integrowa\u0142 si\u0119 z istniej\u0105cym systemem.<br data-start=\"1499\" data-end=\"1502\" \/>\u2714 <strong data-start=\"1504\" data-end=\"1530\">Bezpo\u015brednie ceny fabryczne<\/strong> - Ciesz si\u0119 <strong data-start=\"1539\" data-end=\"1557\">op\u0142acalny<\/strong> rozwi\u0105zania bez mar\u017c po\u015brednik\u00f3w.<br data-start=\"1594\" data-end=\"1597\" \/>\u2714 <strong data-start=\"1599\" data-end=\"1633\">Profesjonalne wsparcie techniczne<\/strong> - Nasz do\u015bwiadczony zesp\u00f3\u0142 badawczo-rozwojowy zapewnia optymaln\u0105 wydajno\u015b\u0107 i szybkie rozwi\u0105zywanie problem\u00f3w.<\/p>\n<p class=\"\" data-start=\"1718\" data-end=\"1961\">Dzi\u0119ki ponad 20-letniemu do\u015bwiadczeniu w technologii pomiar\u00f3w laserowych zapewniamy wysokiej jako\u015bci, konfigurowalne rozwi\u0105zania, kt\u00f3re zwi\u0119kszaj\u0105 wydajno\u015b\u0107 i precyzj\u0119 w zastosowaniach przemys\u0142owych. Skontaktuj si\u0119 z nami ju\u017c dzi\u015b, aby om\u00f3wi\u0107 swoje specyficzne wymagania!<a href=\"https:\/\/meskernel.net\/pl\/pobieranie\/\"><strong>Pobierz nasz\u0105 instrukcj\u0119 obs\u0142ugi<\/strong><\/a><\/p>\n<h3 class=\"\" data-start=\"1718\" data-end=\"1763\"><strong data-start=\"1722\" data-end=\"1761\">FAQ - Laserowy czujnik odleg\u0142o\u015bci<\/strong><\/h3>\n<p data-start=\"1765\" data-end=\"1819\"><strong>1. Co to jest laserowy czujnik odleg\u0142o\u015bci?<\/strong><\/p>\n<p class=\"\" data-start=\"1820\" data-end=\"2061\">Laserowy czujnik odleg\u0142o\u015bci to precyzyjne urz\u0105dzenie pomiarowe wykorzystuj\u0105ce technologi\u0119 laserow\u0105 do szybkiego i dok\u0142adnego okre\u015blania odleg\u0142o\u015bci. Jest powszechnie stosowany w automatyce przemys\u0142owej, robotyce, logistyce i systemach pozycjonowania.<\/p>\n<p data-start=\"2063\" data-end=\"2127\"><strong>2. Jak dok\u0142adny jest laserowy czujnik odleg\u0142o\u015bci?<\/strong><\/p>\n<p class=\"\" data-start=\"2128\" data-end=\"2320\">Nasz czujnik oferuje dok\u0142adno\u015b\u0107 na poziomie milimetra, zapewniaj\u0105c precyzyjne pomiary nawet przy du\u017cych odleg\u0142o\u015bciach. Rzeczywista precyzja zale\u017cy od warunk\u00f3w \u015brodowiskowych i w\u0142a\u015bciwo\u015bci powierzchni docelowej.<\/p>\n<p data-start=\"2322\" data-end=\"2413\"><strong>3. Jakie interfejsy komunikacyjne obs\u0142uguje laserowy czujnik odleg\u0142o\u015bci?<\/strong><\/p>\n<p class=\"\" data-start=\"2414\" data-end=\"2592\">Nasz laserowy czujnik odleg\u0142o\u015bci obs\u0142uguje interfejsy USART, RS485 i RS232, co u\u0142atwia integracj\u0119 z r\u00f3\u017cnymi przemys\u0142owymi systemami sterowania i mikrokontrolerami.<\/p>\n<p data-start=\"2594\" data-end=\"2660\"><strong>4. Czy laserowy czujnik odleg\u0142o\u015bci mo\u017cna dostosowa\u0107 do w\u0142asnych potrzeb?<\/strong><\/p>\n<p class=\"\" data-start=\"2661\" data-end=\"2900\">Tak! Jako producent laserowych czujnik\u00f3w odleg\u0142o\u015bci zapewniamy us\u0142ugi dostosowywania, w tym regulowan\u0105 cz\u0119stotliwo\u015b\u0107 (100-3000 Hz), szybko\u015b\u0107 transmisji, zakres pomiarowy i protoko\u0142y komunikacyjne, aby spe\u0142ni\u0107 okre\u015blone potrzeby aplikacji.<\/p>\n<p data-start=\"2902\" data-end=\"2978\"><strong>5. Czy laserowy czujnik odleg\u0142o\u015bci nadaje si\u0119 do u\u017cytku na zewn\u0105trz?<\/strong><\/p>\n<p class=\"\" data-start=\"2979\" data-end=\"3155\">Tak, nasz czujnik ma solidn\u0105 obudow\u0119 ze stopu aluminium z ochron\u0105 przed kurzem i zachlapaniem, dzi\u0119ki czemu idealnie nadaje si\u0119 do pracy na zewn\u0105trz i w trudnych warunkach przemys\u0142owych.<\/p>\n<p data-start=\"3157\" data-end=\"3239\"><strong>6. Jakie s\u0105 g\u0142\u00f3wne zastosowania laserowego czujnika odleg\u0142o\u015bci?<\/strong><\/p>\n<p class=\"\" data-start=\"3240\" data-end=\"3443\">Nasz laserowy czujnik odleg\u0142o\u015bci jest szeroko stosowany w robotyce, pojazdach AGV (Automated Guided Vehicles), automatyce przemys\u0142owej, inteligentnej logistyce, systemach pozycjonowania, budownictwie i transporcie materia\u0142\u00f3w.<\/p>\n<p data-start=\"3445\" data-end=\"3522\"><strong>7. Jaki jest czas reakcji laserowego czujnika odleg\u0142o\u015bci?<\/strong><\/p>\n<p class=\"\" data-start=\"3523\" data-end=\"3715\">Dzi\u0119ki wysokiej cz\u0119stotliwo\u015bci pomiaru 100-3000 Hz, nasz czujnik zapewnia szybkie i stabilne odczyty odleg\u0142o\u015bci, dzi\u0119ki czemu nadaje si\u0119 do zastosowa\u0144 wymagaj\u0105cych przetwarzania danych w czasie rzeczywistym.<\/p>\n<p data-start=\"3717\" data-end=\"3814\"><strong>8. Czy zapewniacie wsparcie techniczne w zakresie integracji laserowego czujnika odleg\u0142o\u015bci?<\/strong><\/p>\n<p class=\"\" data-start=\"3815\" data-end=\"3975\">Tak! Oferujemy profesjonalne wsparcie techniczne, aby pom\u00f3c w integracji czujnik\u00f3w, rozwi\u0105zywaniu problem\u00f3w i optymalizacji wydajno\u015bci dla konkretnego projektu.<\/p>","protected":false},"excerpt":{"rendered":"<p>Nasz laserowy czujnik odleg\u0142o\u015bci oferuje zakres pomiarowy 0,2-25 m z ultra-wysok\u0105 cz\u0119stotliwo\u015bci\u0105 100-3000 Hz i milimetrow\u0105 dok\u0142adno\u015bci\u0105. Wyposa\u017cony w solidn\u0105 obudow\u0119 ze stopu aluminium, jest py\u0142oszczelny i bryzgoszczelny, zapewniaj\u0105c niezawodne dzia\u0142anie w \u015brodowiskach przemys\u0142owych. Interfejsy USART, RS485 i RS232 umo\u017cliwiaj\u0105 bezproblemow\u0105 integracj\u0119 systemu. Jako producent zapewniamy konfigurowalne rozwi\u0105zania, w tym regulowan\u0105 cz\u0119stotliwo\u015b\u0107, szybko\u015b\u0107 transmisji i zakres pomiarowy, dostosowane do Twoich potrzeb.<\/p>","protected":false},"featured_media":6132,"template":"","meta":{"site-sidebar-layout":"default","site-content-layout":"","ast-site-content-layout":"default","site-content-style":"default","site-sidebar-style":"default","ast-global-header-display":"","ast-banner-title-visibility":"","ast-main-header-display":"","ast-hfb-above-header-display":"","ast-hfb-below-header-display":"","ast-hfb-mobile-header-display":"","site-post-title":"","ast-breadcrumbs-content":"","ast-featured-img":"","footer-sml-layout":"","ast-disable-related-posts":"","theme-transparent-header-meta":"default","adv-header-id-meta":"","stick-header-meta":"","header-above-stick-meta":"","header-main-stick-meta":"","header-below-stick-meta":"","astra-migrate-meta-layouts":"set","ast-page-background-enabled":"default","ast-page-background-meta":{"desktop":{"background-color":"var(--ast-global-color-4)","background-image":"","background-repeat":"repeat","background-position":"center center","background-size":"auto","background-attachment":"scroll","background-type":"","background-media":"","overlay-type":"","overlay-color":"","overlay-opacity":"","overlay-gradient":""},"tablet":{"background-color":"","background-image":"","background-repeat":"repeat","background-position":"center center","background-size":"auto","background-attachment":"scroll","background-type":"","background-media":"","overlay-type":"","overlay-color":"","overlay-opacity":"","overlay-gradient":""},"mobile":{"background-color":"","background-image":"","background-repeat":"repeat","background-position":"center center","background-size":"auto","background-attachment":"scroll","background-type":"","background-media":"","overlay-type":"","overlay-color":"","overlay-opacity":"","overlay-gradient":""}},"ast-content-background-meta":{"desktop":{"background-color":"var(--ast-global-color-5)","background-image":"","background-repeat":"repeat","background-position":"center center","background-size":"auto","background-attachment":"scroll","background-type":"","background-media":"","overlay-type":"","overlay-color":"","overlay-opacity":"","overlay-gradient":""},"tablet":{"background-color":"var(--ast-global-color-5)","background-image":"","background-repeat":"repeat","background-position":"center center","background-size":"auto","background-attachment":"scroll","background-type":"","background-media":"","overlay-type":"","overlay-color":"","overlay-opacity":"","overlay-gradient":""},"mobile":{"background-color":"var(--ast-global-color-5)","background-image":"","background-repeat":"repeat","background-position":"center center","background-size":"auto","background-attachment":"scroll","background-type":"","background-media":"","overlay-type":"","overlay-color":"","overlay-opacity":"","overlay-gradient":""}}},"product_brand":[60],"product_cat":[33],"product_tag":[],"class_list":{"0":"post-3962","1":"product","2":"type-product","3":"status-publish","4":"has-post-thumbnail","6":"product_brand-meskernel","7":"product_cat-industrial-laser-distance-sensors","8":"desktop-align-center","9":"tablet-align-left","10":"mobile-align-left","12":"first","13":"instock","14":"shipping-taxable","15":"product-type-simple"},"_links":{"self":[{"href":"https:\/\/meskernel.net\/pl\/wp-json\/wp\/v2\/product\/3962","targetHints":{"allow":["GET"]}}],"collection":[{"href":"https:\/\/meskernel.net\/pl\/wp-json\/wp\/v2\/product"}],"about":[{"href":"https:\/\/meskernel.net\/pl\/wp-json\/wp\/v2\/types\/product"}],"version-history":[{"count":0,"href":"https:\/\/meskernel.net\/pl\/wp-json\/wp\/v2\/product\/3962\/revisions"}],"wp:featuredmedia":[{"embeddable":true,"href":"https:\/\/meskernel.net\/pl\/wp-json\/wp\/v2\/media\/6132"}],"wp:attachment":[{"href":"https:\/\/meskernel.net\/pl\/wp-json\/wp\/v2\/media?parent=3962"}],"wp:term":[{"taxonomy":"product_brand","embeddable":true,"href":"https:\/\/meskernel.net\/pl\/wp-json\/wp\/v2\/product_brand?post=3962"},{"taxonomy":"product_cat","embeddable":true,"href":"https:\/\/meskernel.net\/pl\/wp-json\/wp\/v2\/product_cat?post=3962"},{"taxonomy":"product_tag","embeddable":true,"href":"https:\/\/meskernel.net\/pl\/wp-json\/wp\/v2\/product_tag?post=3962"}],"curies":[{"name":"wp","href":"https:\/\/api.w.org\/{rel}","templated":true}]}}