{"id":4067,"date":"2025-04-08T16:35:23","date_gmt":"2025-04-08T08:35:23","guid":{"rendered":"https:\/\/meskernel.net\/?post_type=product&#038;p=4067"},"modified":"2025-12-04T10:48:20","modified_gmt":"2025-12-04T02:48:20","slug":"laserowy-czujnik-odleglosci-1-mm","status":"publish","type":"product","link":"https:\/\/meskernel.net\/pl\/product\/1mm-laser-distance-sensor\/","title":{"rendered":"Laserowy czujnik odleg\u0142o\u015bci 1 mm LDL-T Kompaktowy modu\u0142 dalmierza"},"content":{"rendered":"<p>Nasz modu\u0142 laserowego czujnika odleg\u0142o\u015bci LDL-T 1 mm to najnowocze\u015bniejsze rozwi\u0105zanie laserowego pomiaru odleg\u0142o\u015bci przeznaczone do zastosowa\u0144, w kt\u00f3rych istotna jest wysoka dok\u0142adno\u015b\u0107, kompaktowy rozmiar i lekka konstrukcja. Zbudowany w oparciu o wiod\u0105c\u0105 w bran\u017cy technologi\u0119 pomiaru fazy, czujnik ten zapewnia <strong data-start=\"497\" data-end=\"515\">\u00b1<\/strong>1 mm i zapewnia stabilne dzia\u0142anie do 80 metr\u00f3w, dzi\u0119ki czemu idealnie nadaje si\u0119 do automatyki przemys\u0142owej, robotyki, UAV i inteligentnych system\u00f3w pomiarowych.<\/p>\n<p><img data-dominant-color=\"f4f4f4\" data-has-transparency=\"false\" style=\"--dominant-color: #f4f4f4;\" fetchpriority=\"high\" decoding=\"async\" class=\"wp-image-6408 size-full alignleft not-transparent\" src=\"https:\/\/meskernel.net\/wp-content\/uploads\/2025\/04\/Micro-Laser-Distance-Sensor-LDL-T-Module.webp\" alt=\"Mikro laserowy czujnik odleg\u0142o\u015bci LDL-T Module\" width=\"494\" height=\"491\" srcset=\"https:\/\/meskernel.net\/wp-content\/uploads\/2025\/04\/Micro-Laser-Distance-Sensor-LDL-T-Module.webp 494w, https:\/\/meskernel.net\/wp-content\/uploads\/2025\/04\/Micro-Laser-Distance-Sensor-LDL-T-Module-300x298.webp 300w, https:\/\/meskernel.net\/wp-content\/uploads\/2025\/04\/Micro-Laser-Distance-Sensor-LDL-T-Module-150x150.webp 150w, https:\/\/meskernel.net\/wp-content\/uploads\/2025\/04\/Micro-Laser-Distance-Sensor-LDL-T-Module-12x12.webp 12w, https:\/\/meskernel.net\/wp-content\/uploads\/2025\/04\/Micro-Laser-Distance-Sensor-LDL-T-Module-400x398.webp 400w, https:\/\/meskernel.net\/wp-content\/uploads\/2025\/04\/Micro-Laser-Distance-Sensor-LDL-T-Module-100x100.webp 100w\" sizes=\"(max-width: 494px) 100vw, 494px\" \/><\/p>\n<p>&nbsp;<\/p>\n<h3 class=\"\" data-start=\"659\" data-end=\"676\">Kluczowe cechy modu\u0142u laserowego czujnika odleg\u0142o\u015bci LDL-T 1 mm:<\/h3>\n<ul data-start=\"677\" data-end=\"1700\">\n<li class=\"\" data-start=\"677\" data-end=\"784\">\n<p class=\"\" data-start=\"679\" data-end=\"784\"><strong data-start=\"679\" data-end=\"703\">Niezwykle wysoka precyzja<\/strong>: Technologia pomiaru fazowego zapewnia wyj\u0105tkow\u0105 dok\u0142adno\u015b\u0107 <strong data-start=\"775\" data-end=\"783\">\u00b1<\/strong>1 mm.<\/p>\n<\/li>\n<li class=\"\" data-start=\"785\" data-end=\"915\">\n<p class=\"\" data-start=\"787\" data-end=\"915\"><strong data-start=\"787\" data-end=\"811\">D\u0142ugi zakres pomiarowy<\/strong>: Zdolny do pomiaru odleg\u0142o\u015bci do 80 metr\u00f3w, odpowiedni zar\u00f3wno do zastosowa\u0144 wewn\u0119trznych, jak i zewn\u0119trznych.<\/p>\n<\/li>\n<li class=\"\" data-start=\"916\" data-end=\"1105\">\n<p class=\"\" data-start=\"918\" data-end=\"1105\"><strong data-start=\"918\" data-end=\"949\">Ultrakompaktowy i lekki<\/strong>: Dzi\u0119ki minimalnej obudowie o wymiarach 7,01 \u00d7 27,87 \u00d7 16,57 mm i wadze zaledwie 3 g, czujnik LDS mo\u017cna \u0142atwo zintegrowa\u0107 z systemami o ograniczonej przestrzeni.<\/p>\n<\/li>\n<li class=\"\" data-start=\"1106\" data-end=\"1248\">\n<p class=\"\" data-start=\"1108\" data-end=\"1248\"><strong data-start=\"1108\" data-end=\"1140\">Elastyczna cz\u0119stotliwo\u015b\u0107 pomiaru<\/strong>: Domy\u015blna cz\u0119stotliwo\u015b\u0107 pomiaru to 3 Hz, z mo\u017cliwo\u015bci\u0105 dostosowania opcji do konkretnych wymaga\u0144.<\/p>\n<\/li>\n<li class=\"\" data-start=\"1249\" data-end=\"1359\">\n<p class=\"\" data-start=\"1251\" data-end=\"1359\"><strong data-start=\"1251\" data-end=\"1277\">Niezawodna komunikacja<\/strong>: Obs\u0142uguje standardow\u0105 komunikacj\u0119 przez port szeregowy w celu bezproblemowej integracji systemu.<\/p>\n<\/li>\n<li class=\"\" data-start=\"1360\" data-end=\"1470\">\n<p class=\"\" data-start=\"1362\" data-end=\"1470\"><strong data-start=\"1362\" data-end=\"1392\">Szerokie wsparcie w zakresie dostosowywania<\/strong>: Dost\u0119pne s\u0105 us\u0142ugi OEM, ODM i OBM, aby spe\u0142ni\u0107 dostosowane potrzeby aplikacji.<\/p>\n<\/li>\n<li class=\"\" data-start=\"1471\" data-end=\"1580\">\n<p class=\"\" data-start=\"1473\" data-end=\"1580\"><strong data-start=\"1473\" data-end=\"1490\">Wytrzyma\u0142a konstrukcja<\/strong>: Konstrukcja z wysokiej jako\u015bci materia\u0142\u00f3w APB+PCB zapewnia stabilno\u015b\u0107 i d\u0142ug\u0105 \u017cywotno\u015b\u0107.<\/p>\n<\/li>\n<li class=\"\" data-start=\"1581\" data-end=\"1700\">\n<p class=\"\" data-start=\"1583\" data-end=\"1700\"><strong data-start=\"1583\" data-end=\"1604\">Certyfikowana jako\u015b\u0107<\/strong>: Zgodno\u015b\u0107 z mi\u0119dzynarodowymi normami, w tym CE, FCC, RoHS i certyfikatami ISO9001.<\/p>\n<\/li>\n<\/ul>\n<h3 class=\"text-title\"><span class=\"magic-22\">Interfejs PCI modu\u0142u laserowego czujnika odleg\u0142o\u015bci LDL-T 1 mm<\/span><\/h3>\n<div class=\"text-content\">Obs\u0142uguje transmisj\u0119 Bluetooth, interfejs TTL\/RS232\/RS485 trzy w jednym, dzi\u0119ki czemu transmisja danych jest bardziej wydajna.<\/div>\n<div><\/div>\n<p class=\"\" data-start=\"2144\" data-end=\"2361\">Modu\u0142 laserowego czujnika odleg\u0142o\u015bci LDL-T to idealny wyb\u00f3r dla in\u017cynier\u00f3w i programist\u00f3w poszukuj\u0105cych precyzyjnego, kompaktowego i niezawodnego rozwi\u0105zania do pomiar\u00f3w laserowych z pe\u0142n\u0105 elastyczno\u015bci\u0105 dostosowywania.<\/p>\n<p class=\"\" data-start=\"2363\" data-end=\"2441\">Zapraszam do <a href=\"https:\/\/meskernel.net\/pl\/kontakt\/\">skontaktuj si\u0119 z nami<\/a> dla arkuszy danych, wsparcia integracji lub zapyta\u0144 OEM.<\/p>\n<p data-start=\"2363\" data-end=\"2441\">","protected":false},"excerpt":{"rendered":"<p>Lekki, dok\u0142adny i kompaktowy - laserowy czujnik odleg\u0142o\u015bci LDL-T 1 mm zapewnia zasi\u0119g 80 m, wag\u0119 3 g i idealnie nadaje si\u0119 do zastosowa\u0144 wymagaj\u0105cych niewielkiej przestrzeni.<\/p>","protected":false},"featured_media":4073,"template":"","meta":{"site-sidebar-layout":"default","site-content-layout":"","ast-site-content-layout":"default","site-content-style":"default","site-sidebar-style":"default","ast-global-header-display":"","ast-banner-title-visibility":"","ast-main-header-display":"","ast-hfb-above-header-display":"","ast-hfb-below-header-display":"","ast-hfb-mobile-header-display":"","site-post-title":"","ast-breadcrumbs-content":"","ast-featured-img":"","footer-sml-layout":"","ast-disable-related-posts":"","theme-transparent-header-meta":"default","adv-header-id-meta":"","stick-header-meta":"","header-above-stick-meta":"","header-main-stick-meta":"","header-below-stick-meta":"","astra-migrate-meta-layouts":"set","ast-page-background-enabled":"default","ast-page-background-meta":{"desktop":{"background-color":"var(--ast-global-color-4)","background-image":"","background-repeat":"repeat","background-position":"center center","background-size":"auto","background-attachment":"scroll","background-type":"","background-media":"","overlay-type":"","overlay-color":"","overlay-opacity":"","overlay-gradient":""},"tablet":{"background-color":"","background-image":"","background-repeat":"repeat","background-position":"center center","background-size":"auto","background-attachment":"scroll","background-type":"","background-media":"","overlay-type":"","overlay-color":"","overlay-opacity":"","overlay-gradient":""},"mobile":{"background-color":"","background-image":"","background-repeat":"repeat","background-position":"center center","background-size":"auto","background-attachment":"scroll","background-type":"","background-media":"","overlay-type":"","overlay-color":"","overlay-opacity":"","overlay-gradient":""}},"ast-content-background-meta":{"desktop":{"background-color":"var(--ast-global-color-5)","background-image":"","background-repeat":"repeat","background-position":"center center","background-size":"auto","background-attachment":"scroll","background-type":"","background-media":"","overlay-type":"","overlay-color":"","overlay-opacity":"","overlay-gradient":""},"tablet":{"background-color":"var(--ast-global-color-5)","background-image":"","background-repeat":"repeat","background-position":"center center","background-size":"auto","background-attachment":"scroll","background-type":"","background-media":"","overlay-type":"","overlay-color":"","overlay-opacity":"","overlay-gradient":""},"mobile":{"background-color":"var(--ast-global-color-5)","background-image":"","background-repeat":"repeat","background-position":"center center","background-size":"auto","background-attachment":"scroll","background-type":"","background-media":"","overlay-type":"","overlay-color":"","overlay-opacity":"","overlay-gradient":""}}},"product_brand":[60],"product_cat":[51],"product_tag":[56],"class_list":{"0":"post-4067","1":"product","2":"type-product","3":"status-publish","4":"has-post-thumbnail","6":"product_brand-meskernel","7":"product_cat-laser-distance-sensor","8":"product_tag-hot","9":"desktop-align-center","10":"tablet-align-left","11":"mobile-align-left","13":"first","14":"instock","15":"shipping-taxable","16":"product-type-simple"},"_links":{"self":[{"href":"https:\/\/meskernel.net\/pl\/wp-json\/wp\/v2\/product\/4067","targetHints":{"allow":["GET"]}}],"collection":[{"href":"https:\/\/meskernel.net\/pl\/wp-json\/wp\/v2\/product"}],"about":[{"href":"https:\/\/meskernel.net\/pl\/wp-json\/wp\/v2\/types\/product"}],"version-history":[{"count":0,"href":"https:\/\/meskernel.net\/pl\/wp-json\/wp\/v2\/product\/4067\/revisions"}],"wp:featuredmedia":[{"embeddable":true,"href":"https:\/\/meskernel.net\/pl\/wp-json\/wp\/v2\/media\/4073"}],"wp:attachment":[{"href":"https:\/\/meskernel.net\/pl\/wp-json\/wp\/v2\/media?parent=4067"}],"wp:term":[{"taxonomy":"product_brand","embeddable":true,"href":"https:\/\/meskernel.net\/pl\/wp-json\/wp\/v2\/product_brand?post=4067"},{"taxonomy":"product_cat","embeddable":true,"href":"https:\/\/meskernel.net\/pl\/wp-json\/wp\/v2\/product_cat?post=4067"},{"taxonomy":"product_tag","embeddable":true,"href":"https:\/\/meskernel.net\/pl\/wp-json\/wp\/v2\/product_tag?post=4067"}],"curies":[{"name":"wp","href":"https:\/\/api.w.org\/{rel}","templated":true}]}}