{"id":4206,"date":"2025-04-17T11:16:54","date_gmt":"2025-04-17T03:16:54","guid":{"rendered":"https:\/\/meskernel.net\/?post_type=product&#038;p=4206"},"modified":"2025-10-21T09:32:43","modified_gmt":"2025-10-21T01:32:43","slug":"modul-laserowego-czujnika-odleglosci-1-mm","status":"publish","type":"product","link":"https:\/\/meskernel.net\/pl\/product\/1mm-laser-distance-sensor-module\/","title":{"rendered":"Laserowy modu\u0142 czujnika odleg\u0142o\u015bci LDL-S 1 mm z 30 Hz i 30 m do silnego o\u015bwietlenia zewn\u0119trznego"},"content":{"rendered":"<p>nasz <a href=\"https:\/\/www.globalsources.com\/chengdu-meskernel\/showroom_6002100157315.htm\" target=\"_blank\" rel=\"noopener\">Modu\u0142 laserowego czujnika odleg\u0142o\u015bci 1 mm<\/a> LDL-S zosta\u0142 zaprojektowany do zastosowa\u0144 zewn\u0119trznych, oferuj\u0105c wyj\u0105tkow\u0105 wydajno\u015b\u0107 nawet przy silnym nas\u0142onecznieniu. Doskonale sprawdza si\u0119 w \u015brodowiskach o s\u0142abym sygnale, zapewniaj\u0105c niezawodne dzia\u0142anie. Dzi\u0119ki wysoce precyzyjnym mo\u017cliwo\u015bciom pomiarowym zapewnia dok\u0142adne wyniki dla wymagaj\u0105cych zada\u0144. Urz\u0105dzenie obs\u0142uguje konfigurowalny szeroki zakres temperatur, dzi\u0119ki czemu nadaje si\u0119 do r\u00f3\u017cnych warunk\u00f3w \u015brodowiskowych. Dodatkowo posiada opcjonaln\u0105 technologi\u0119 czerwonego lub zielonego lasera, aby zaspokoi\u0107 r\u00f3\u017cnorodne potrzeby u\u017cytkownik\u00f3w.<\/p>\n<p><img data-dominant-color=\"e6e4e4\" data-has-transparency=\"false\" style=\"--dominant-color: #e6e4e4;\" fetchpriority=\"high\" decoding=\"async\" class=\"wp-image-4207 size-full alignleft not-transparent\" src=\"https:\/\/meskernel.net\/wp-content\/uploads\/2025\/04\/1mm-Laser-Distance-Sensor-Module.webp\" alt=\"Modu\u0142 laserowego czujnika odleg\u0142o\u015bci 1 mm\" width=\"696\" height=\"459\" srcset=\"https:\/\/meskernel.net\/wp-content\/uploads\/2025\/04\/1mm-Laser-Distance-Sensor-Module.webp 696w, https:\/\/meskernel.net\/wp-content\/uploads\/2025\/04\/1mm-Laser-Distance-Sensor-Module-300x198.webp 300w, https:\/\/meskernel.net\/wp-content\/uploads\/2025\/04\/1mm-Laser-Distance-Sensor-Module-400x264.webp 400w\" sizes=\"(max-width: 696px) 100vw, 696px\" \/><\/p>\n<p>&nbsp;<\/p>\n<h6>Zalety<\/h6>\n<ul>\n<li>Do u\u017cytku na zewn\u0105trz z du\u017c\u0105 odporno\u015bci\u0105 na \u015bwiat\u0142o<\/li>\n<li>Doskona\u0142a wydajno\u015b\u0107 w warunkach s\u0142abego sygna\u0142u<\/li>\n<li>Wysoka precyzja pomiaru<\/li>\n<li>Konfigurowalny szeroki zakres temperatur<\/li>\n<li>Opcje czerwonego\/zielonego lasera<\/li>\n<\/ul>\n<h5><strong>Quick Testing Guidance<\/strong><\/h5>\n<p><img data-dominant-color=\"ebeceb\" data-has-transparency=\"false\" style=\"--dominant-color: #ebeceb;\" decoding=\"async\" class=\"alignleft wp-image-6112 size-full not-transparent\" src=\"https:\/\/meskernel.net\/wp-content\/uploads\/2025\/04\/laser-distance-sensor-Quick-Testing-Guidance.webp\" alt=\"laser distance sensor Quick Testing Guidance\" width=\"703\" height=\"185\" srcset=\"https:\/\/meskernel.net\/wp-content\/uploads\/2025\/04\/laser-distance-sensor-Quick-Testing-Guidance.webp 703w, https:\/\/meskernel.net\/wp-content\/uploads\/2025\/04\/laser-distance-sensor-Quick-Testing-Guidance-300x79.webp 300w, https:\/\/meskernel.net\/wp-content\/uploads\/2025\/04\/laser-distance-sensor-Quick-Testing-Guidance-18x5.webp 18w, https:\/\/meskernel.net\/wp-content\/uploads\/2025\/04\/laser-distance-sensor-Quick-Testing-Guidance-400x105.webp 400w\" sizes=\"(max-width: 703px) 100vw, 703px\" \/><\/p>\n<p>&nbsp;<\/p>\n<h3 class=\"text-title\"><span class=\"magic-22\">Interfejs PCI modu\u0142u laserowego czujnika odleg\u0142o\u015bci LDL-T 1 mm<\/span><\/h3>\n<div class=\"text-content\">Obs\u0142uguje transmisj\u0119 Bluetooth, interfejs TTL\/RS232\/RS485 trzy w jednym, dzi\u0119ki czemu transmisja danych jest bardziej wydajna.<\/div>\n<div><\/div>\n<p class=\"\" data-start=\"2144\" data-end=\"2361\">Modu\u0142 laserowego czujnika odleg\u0142o\u015bci 1 mm to idealny wyb\u00f3r dla in\u017cynier\u00f3w i programist\u00f3w poszukuj\u0105cych wysoce precyzyjnego, kompaktowego i niezawodnego rozwi\u0105zania do pomiar\u00f3w laserowych z pe\u0142n\u0105 elastyczno\u015bci\u0105 dostosowywania.<\/p>\n<p class=\"\" data-start=\"2363\" data-end=\"2441\">Zapraszam do <a href=\"https:\/\/meskernel.net\/pl\/kontakt\/\">skontaktuj si\u0119 z nami<\/a> dla arkuszy danych, wsparcia integracji lub zapyta\u0144 OEM.<\/p>\n<p data-start=\"2363\" data-end=\"2441\">","protected":false},"excerpt":{"rendered":"<p>Modu\u0142 laserowego czujnika odleg\u0142o\u015bci LDL-S 1 mm, charakteryzuj\u0105cy si\u0119 cz\u0119stotliwo\u015bci\u0105 30 Hz i zasi\u0119giem 30 metr\u00f3w, jest przeznaczony do u\u017cytku na zewn\u0105trz w \u015brodowiskach o silnym o\u015bwietleniu. Czujnik ten oferuje dok\u0142adno\u015b\u0107 pomiaru do 1 mm i jest szeroko stosowany w robotyce, automatyce przemys\u0142owej, pomiarach budowlanych i nie tylko. Zapewnia precyzyjne pomiary odleg\u0142o\u015bci i stabiln\u0105 prac\u0119 w r\u00f3\u017cnych warunkach \u015brodowiskowych.<\/p>","protected":false},"featured_media":4209,"template":"","meta":{"site-sidebar-layout":"default","site-content-layout":"","ast-site-content-layout":"default","site-content-style":"default","site-sidebar-style":"default","ast-global-header-display":"","ast-banner-title-visibility":"","ast-main-header-display":"","ast-hfb-above-header-display":"","ast-hfb-below-header-display":"","ast-hfb-mobile-header-display":"","site-post-title":"","ast-breadcrumbs-content":"","ast-featured-img":"","footer-sml-layout":"","ast-disable-related-posts":"","theme-transparent-header-meta":"default","adv-header-id-meta":"","stick-header-meta":"","header-above-stick-meta":"","header-main-stick-meta":"","header-below-stick-meta":"","astra-migrate-meta-layouts":"set","ast-page-background-enabled":"default","ast-page-background-meta":{"desktop":{"background-color":"var(--ast-global-color-4)","background-image":"","background-repeat":"repeat","background-position":"center center","background-size":"auto","background-attachment":"scroll","background-type":"","background-media":"","overlay-type":"","overlay-color":"","overlay-opacity":"","overlay-gradient":""},"tablet":{"background-color":"","background-image":"","background-repeat":"repeat","background-position":"center center","background-size":"auto","background-attachment":"scroll","background-type":"","background-media":"","overlay-type":"","overlay-color":"","overlay-opacity":"","overlay-gradient":""},"mobile":{"background-color":"","background-image":"","background-repeat":"repeat","background-position":"center center","background-size":"auto","background-attachment":"scroll","background-type":"","background-media":"","overlay-type":"","overlay-color":"","overlay-opacity":"","overlay-gradient":""}},"ast-content-background-meta":{"desktop":{"background-color":"var(--ast-global-color-5)","background-image":"","background-repeat":"repeat","background-position":"center center","background-size":"auto","background-attachment":"scroll","background-type":"","background-media":"","overlay-type":"","overlay-color":"","overlay-opacity":"","overlay-gradient":""},"tablet":{"background-color":"var(--ast-global-color-5)","background-image":"","background-repeat":"repeat","background-position":"center center","background-size":"auto","background-attachment":"scroll","background-type":"","background-media":"","overlay-type":"","overlay-color":"","overlay-opacity":"","overlay-gradient":""},"mobile":{"background-color":"var(--ast-global-color-5)","background-image":"","background-repeat":"repeat","background-position":"center center","background-size":"auto","background-attachment":"scroll","background-type":"","background-media":"","overlay-type":"","overlay-color":"","overlay-opacity":"","overlay-gradient":""}}},"product_brand":[60],"product_cat":[51],"product_tag":[56],"class_list":{"0":"post-4206","1":"product","2":"type-product","3":"status-publish","4":"has-post-thumbnail","6":"product_brand-meskernel","7":"product_cat-laser-distance-sensor","8":"product_tag-hot","9":"desktop-align-center","10":"tablet-align-left","11":"mobile-align-left","13":"first","14":"instock","15":"shipping-taxable","16":"product-type-simple"},"_links":{"self":[{"href":"https:\/\/meskernel.net\/pl\/wp-json\/wp\/v2\/product\/4206","targetHints":{"allow":["GET"]}}],"collection":[{"href":"https:\/\/meskernel.net\/pl\/wp-json\/wp\/v2\/product"}],"about":[{"href":"https:\/\/meskernel.net\/pl\/wp-json\/wp\/v2\/types\/product"}],"version-history":[{"count":0,"href":"https:\/\/meskernel.net\/pl\/wp-json\/wp\/v2\/product\/4206\/revisions"}],"wp:featuredmedia":[{"embeddable":true,"href":"https:\/\/meskernel.net\/pl\/wp-json\/wp\/v2\/media\/4209"}],"wp:attachment":[{"href":"https:\/\/meskernel.net\/pl\/wp-json\/wp\/v2\/media?parent=4206"}],"wp:term":[{"taxonomy":"product_brand","embeddable":true,"href":"https:\/\/meskernel.net\/pl\/wp-json\/wp\/v2\/product_brand?post=4206"},{"taxonomy":"product_cat","embeddable":true,"href":"https:\/\/meskernel.net\/pl\/wp-json\/wp\/v2\/product_cat?post=4206"},{"taxonomy":"product_tag","embeddable":true,"href":"https:\/\/meskernel.net\/pl\/wp-json\/wp\/v2\/product_tag?post=4206"}],"curies":[{"name":"wp","href":"https:\/\/api.w.org\/{rel}","templated":true}]}}