{"id":4247,"date":"2025-04-21T11:22:06","date_gmt":"2025-04-21T03:22:06","guid":{"rendered":"https:\/\/meskernel.net\/?post_type=product&#038;p=4247"},"modified":"2025-06-11T10:06:20","modified_gmt":"2025-06-11T02:06:20","slug":"laserowy-czujnik-odleglosci-z-modbusem","status":"publish","type":"product","link":"https:\/\/meskernel.net\/pl\/product\/laser-distance-sensor-with-modbus\/","title":{"rendered":"Laserowy czujnik odleg\u0142o\u015bci z integracj\u0105 Modbus - dok\u0142adne i niezawodne rozwi\u0105zanie pomiarowe"},"content":{"rendered":"<p>Nasz laserowy czujnik odleg\u0142o\u015bci z integracj\u0105 Modbus zapewnia p\u0142ynne, precyzyjne rozwi\u0105zanie do zastosowa\u0144 wymagaj\u0105cych dok\u0142adnego pomiaru odleg\u0142o\u015bci i niezawodnej komunikacji na du\u017ce odleg\u0142o\u015bci. Wykorzystuj\u0105c najnowocze\u015bniejsz\u0105 technologi\u0119 laserow\u0105 i protok\u00f3\u0142 Modbus, czujnik ten jest idealny do system\u00f3w przemys\u0142owych, automatyki i monitorowania, w kt\u00f3rych najwa\u017cniejsze jest precyzyjne gromadzenie danych i \u0142atwa integracja.<\/p>\n<p><img data-dominant-color=\"e6e4e4\" data-has-transparency=\"false\" style=\"--dominant-color: #e6e4e4;\" fetchpriority=\"high\" decoding=\"async\" class=\"wp-image-4207 size-full alignleft not-transparent\" src=\"https:\/\/meskernel.net\/wp-content\/uploads\/2025\/04\/1mm-Laser-Distance-Sensor-Module.webp\" alt=\"Modu\u0142 laserowego czujnika odleg\u0142o\u015bci 1 mm\" width=\"696\" height=\"459\" srcset=\"https:\/\/meskernel.net\/wp-content\/uploads\/2025\/04\/1mm-Laser-Distance-Sensor-Module.webp 696w, https:\/\/meskernel.net\/wp-content\/uploads\/2025\/04\/1mm-Laser-Distance-Sensor-Module-300x198.webp 300w, https:\/\/meskernel.net\/wp-content\/uploads\/2025\/04\/1mm-Laser-Distance-Sensor-Module-400x264.webp 400w\" sizes=\"(max-width: 696px) 100vw, 696px\" \/><\/p>\n<p>&nbsp;<\/p>\n<h6>Zalety<\/h6>\n<ul>\n<li>Do u\u017cytku na zewn\u0105trz z du\u017c\u0105 odporno\u015bci\u0105 na \u015bwiat\u0142o<\/li>\n<li>Doskona\u0142a wydajno\u015b\u0107 w warunkach s\u0142abego sygna\u0142u<\/li>\n<li>Wysoka precyzja pomiaru<\/li>\n<li>Konfigurowalny szeroki zakres temperatur<\/li>\n<li>Opcje czerwonego\/zielonego lasera<\/li>\n<\/ul>\n<h3 class=\"\" data-start=\"501\" data-end=\"522\"><strong data-start=\"505\" data-end=\"522\">Kluczowe cechy:<\/strong><\/h3>\n<ol data-start=\"524\" data-end=\"2426\">\n<li class=\"\" data-start=\"524\" data-end=\"815\">\n<p class=\"\" data-start=\"527\" data-end=\"815\"><strong data-start=\"527\" data-end=\"558\">Wysoka precyzja pomiaru:<\/strong> Nasz czujnik wykorzystuje zaawansowan\u0105 technologi\u0119 laserowego pomiaru odleg\u0142o\u015bci, aby zapewni\u0107 bardzo dok\u0142adne odczyty odleg\u0142o\u015bci z rozdzielczo\u015bci\u0105 nawet milimetrow\u0105. Niezale\u017cnie od tego, czy mierzy kr\u00f3tkie czy d\u0142ugie odleg\u0142o\u015bci, zapewnia precyzj\u0119 w szerokim zakresie \u015brodowisk.<\/p>\n<\/li>\n<li class=\"\" data-start=\"817\" data-end=\"1132\">\n<p class=\"\" data-start=\"820\" data-end=\"1132\"><strong data-start=\"820\" data-end=\"844\">Protok\u00f3\u0142 Modbus RTU:<\/strong> Dzi\u0119ki wbudowanej komunikacji Modbus RTU czujnik \u0142atwo integruje si\u0119 z istniej\u0105cymi systemami przemys\u0142owymi i sieciami sterowania. Modbus jest powszechnie akceptowanym protoko\u0142em w automatyce, zapewniaj\u0105cym kompatybilno\u015b\u0107 z r\u00f3\u017cnymi programowalnymi sterownikami logicznymi (PLC), interfejsami HMI i systemami SCADA.<\/p>\n<\/li>\n<li class=\"\" data-start=\"1134\" data-end=\"1434\">\n<p class=\"\" data-start=\"1137\" data-end=\"1434\"><strong data-start=\"1137\" data-end=\"1166\">Du\u017cy zasi\u0119g i wszechstronno\u015b\u0107:<\/strong> Nasz czujnik nadaje si\u0119 zar\u00f3wno do <a href=\"https:\/\/meskernel.net\/pl\/dalekosiezne-laserowe-czujniki-odleglosci\/\">Pomiary dalekiego zasi\u0119gu<\/a>, oferuj\u0105c wyj\u0105tkow\u0105 wszechstronno\u015b\u0107 w szerokim zakresie zastosowa\u0144. Od system\u00f3w automatyki po robotyk\u0119, budownictwo i zarz\u0105dzanie zapasami, mo\u017ce obs\u0142ugiwa\u0107 r\u00f3\u017cne \u015brodowiska i przypadki u\u017cycia.<\/p>\n<\/li>\n<li class=\"\" data-start=\"1436\" data-end=\"1741\">\n<p class=\"\" data-start=\"1439\" data-end=\"1741\"><strong data-start=\"1439\" data-end=\"1460\">\u0141atwa integracja:<\/strong> Zgodno\u015b\u0107 z protoko\u0142em Modbus pozwala na prost\u0105 integracj\u0119 typu plug-and-play z innymi urz\u0105dzeniami i systemami, eliminuj\u0105c potrzeb\u0119 skomplikowanych konfiguracji oprogramowania lub zastrze\u017conych standard\u00f3w komunikacji. Jest to idealne rozwi\u0105zanie dla u\u017cytkownik\u00f3w wymagaj\u0105cych prostej, ustandaryzowanej metody komunikacji.<\/p>\n<\/li>\n<li class=\"\" data-start=\"1743\" data-end=\"1999\">\n<p class=\"\" data-start=\"1746\" data-end=\"1999\"><strong data-start=\"1746\" data-end=\"1778\">Wytrzyma\u0142o\u015b\u0107 klasy przemys\u0142owej:<\/strong> Dzi\u0119ki wysokiej jako\u015bci komponentom i solidnemu stopniowi ochrony IP w zakresie odporno\u015bci na kurz i wod\u0119, czujnik zosta\u0142 zaprojektowany z my\u015bl\u0105 o niezawodnym dzia\u0142aniu w trudnych warunkach przemys\u0142owych, w tym w fabrykach, magazynach i \u015brodowiskach zewn\u0119trznych.<\/p>\n<\/li>\n<li class=\"\" data-start=\"2001\" data-end=\"2271\">\n<p class=\"\" data-start=\"2004\" data-end=\"2271\"><strong data-start=\"2004\" data-end=\"2036\">Transmisja danych w czasie rzeczywistym:<\/strong> Integracja Modbus u\u0142atwia transmisj\u0119 danych w czasie rzeczywistym, umo\u017cliwiaj\u0105c wydajne zdalne monitorowanie i sterowanie. Jest to szczeg\u00f3lnie cenne w przypadku aplikacji wymagaj\u0105cych natychmiastowej informacji zwrotnej lub zlokalizowanych w trudno dost\u0119pnych miejscach.<\/p>\n<\/li>\n<li class=\"\" data-start=\"2273\" data-end=\"2426\">\n<p class=\"\" data-start=\"2276\" data-end=\"2426\"><strong data-start=\"2276\" data-end=\"2302\">Niski pob\u00f3r mocy:<\/strong> Czujnik dzia\u0142a przy minimalnym zu\u017cyciu energii, co czyni go op\u0142acalnym wyborem dla aplikacji wra\u017cliwych na zu\u017cycie energii.<\/p>\n<\/li>\n<\/ol>\n<h3 data-start=\"2428\" data-end=\"2449\"><img data-dominant-color=\"7b8394\" data-has-transparency=\"false\" style=\"--dominant-color: #7b8394;\" decoding=\"async\" class=\"aligncenter wp-image-4248 size-full not-transparent\" src=\"https:\/\/meskernel.net\/wp-content\/uploads\/2025\/04\/laser-distance-sensor-with-modbus.webp\" alt=\"laserowy czujnik odleg\u0142o\u015bci z modbusem\" width=\"756\" height=\"308\" srcset=\"https:\/\/meskernel.net\/wp-content\/uploads\/2025\/04\/laser-distance-sensor-with-modbus.webp 756w, https:\/\/meskernel.net\/wp-content\/uploads\/2025\/04\/laser-distance-sensor-with-modbus-300x122.webp 300w, https:\/\/meskernel.net\/wp-content\/uploads\/2025\/04\/laser-distance-sensor-with-modbus-400x163.webp 400w\" sizes=\"(max-width: 756px) 100vw, 756px\" \/><\/h3>\n<h3 class=\"\" data-start=\"2428\" data-end=\"2449\"><strong data-start=\"2432\" data-end=\"2449\">Zastosowania:<\/strong><\/h3>\n<ul data-start=\"2451\" data-end=\"3064\">\n<li class=\"\" data-start=\"2451\" data-end=\"2592\">\n<p class=\"\" data-start=\"2453\" data-end=\"2592\"><strong data-start=\"2453\" data-end=\"2479\">Automatyka przemys\u0142owa:<\/strong> Zautomatyzuj zadania pomiarowe i zintegruj precyzyjne dane z systemami PLC, aby usprawni\u0107 sterowanie i monitorowanie.<\/p>\n<\/li>\n<li class=\"\" data-start=\"2593\" data-end=\"2699\">\n<p class=\"\" data-start=\"2595\" data-end=\"2699\"><strong data-start=\"2595\" data-end=\"2627\">Robotyka i systemy mobilne:<\/strong> Umo\u017cliwiaj\u0105 nawigacj\u0119 i lokalizacj\u0119 na podstawie odleg\u0142o\u015bci w platformach zrobotyzowanych.<\/p>\n<\/li>\n<li class=\"\" data-start=\"2700\" data-end=\"2804\">\n<p class=\"\" data-start=\"2702\" data-end=\"2804\"><strong data-start=\"2702\" data-end=\"2727\">Zarz\u0105dzanie zapasami:<\/strong> Zastosowanie w systemach inwentaryzacji do dok\u0142adnego \u015bledzenia odleg\u0142o\u015bci i lokalizacji obiekt\u00f3w.<\/p>\n<\/li>\n<li class=\"\" data-start=\"2805\" data-end=\"2940\">\n<p class=\"\" data-start=\"2807\" data-end=\"2940\"><strong data-start=\"2807\" data-end=\"2846\">Budownictwo i in\u017cynieria l\u0105dowa:<\/strong> Idealny do precyzyjnych pomiar\u00f3w odleg\u0142o\u015bci w geodezji, budownictwie i projektach infrastrukturalnych.<\/p>\n<\/li>\n<li class=\"\" data-start=\"2941\" data-end=\"3064\">\n<p class=\"\" data-start=\"2943\" data-end=\"3064\"><strong data-start=\"2943\" data-end=\"2972\">Monitorowanie \u015brodowiska:<\/strong> Pomiar odleg\u0142o\u015bci w warunkach zewn\u0119trznych dla stacji pogodowych lub rozwi\u0105za\u0144 zdalnego monitorowania.<\/p>\n<\/li>\n<\/ul>\n<h3 class=\"\" data-start=\"3066\" data-end=\"3123\"><strong data-start=\"3070\" data-end=\"3123\">Dlaczego warto wybra\u0107 nasz laserowy czujnik odleg\u0142o\u015bci z Modbus?<\/strong><\/h3>\n<ul data-start=\"3125\" data-end=\"3503\">\n<li class=\"\" data-start=\"3125\" data-end=\"3227\">\n<p class=\"\" data-start=\"3127\" data-end=\"3227\"><strong data-start=\"3127\" data-end=\"3140\">Dok\u0142adno\u015b\u0107:<\/strong> Uzyskaj precyzyjne pomiary za ka\u017cdym razem, zwi\u0119kszaj\u0105c wydajno\u015b\u0107 operacyjn\u0105 i niezawodno\u015b\u0107.<\/p>\n<\/li>\n<li class=\"\" data-start=\"3228\" data-end=\"3319\">\n<p class=\"\" data-start=\"3230\" data-end=\"3319\"><strong data-start=\"3230\" data-end=\"3246\">Elastyczno\u015b\u0107:<\/strong> Integracja Modbus RTU sprawia, \u017ce jest on wszechstronny w r\u00f3\u017cnych bran\u017cach.<\/p>\n<\/li>\n<li class=\"\" data-start=\"3320\" data-end=\"3395\">\n<p class=\"\" data-start=\"3322\" data-end=\"3395\"><strong data-start=\"3322\" data-end=\"3338\">\u0141atwo\u015b\u0107 u\u017cytkowania:<\/strong> Szybka i \u0142atwa konfiguracja dzi\u0119ki standardowej komunikacji Modbus.<\/p>\n<\/li>\n<li class=\"\" data-start=\"3396\" data-end=\"3503\">\n<p class=\"\" data-start=\"3398\" data-end=\"3503\"><strong data-start=\"3398\" data-end=\"3413\">Trwa\u0142o\u015b\u0107:<\/strong> Zaprojektowany, aby wytrzyma\u0107 trudne warunki przemys\u0142owe i zapewni\u0107 sp\u00f3jne wyniki.<\/p>\n<\/li>\n<\/ul>\n<p class=\"\" data-start=\"3505\" data-end=\"3749\">Niezale\u017cnie od tego, czy chcesz usprawni\u0107 procesy automatyzacji, zintegrowa\u0107 precyzyjne dane pomiarowe z systemami monitorowania, czy te\u017c \u015bledzi\u0107 odleg\u0142o\u015b\u0107 w zdalnych aplikacjach, nasze <a href=\"https:\/\/glockapps.com\/free-test\/st-1-16wnsavg\/\" target=\"_blank\" rel=\"noopener\">Laserowy czujnik odleg\u0142o\u015bci z Modbus<\/a> integracja oferuje idealne rozwi\u0105zanie.<\/p>\n<p data-start=\"2363\" data-end=\"2441\">","protected":false},"excerpt":{"rendered":"<p>The <strong data-start=\"4\" data-end=\"41\">Laserowy czujnik odleg\u0142o\u015bci z Modbus<\/strong> zapewnia precyzyjny pomiar odleg\u0142o\u015bci i niezawodn\u0105 komunikacj\u0119 Modbus RTU, idealn\u0105 dla automatyki przemys\u0142owej, robotyki i zdalnego monitorowania. \u0141atwy w integracji, trwa\u0142y i energooszcz\u0119dny, zapewnia dok\u0142adn\u0105 wydajno\u015b\u0107 w wymagaj\u0105cych \u015brodowiskach.<\/p>","protected":false},"featured_media":4209,"template":"","meta":{"site-sidebar-layout":"default","site-content-layout":"","ast-site-content-layout":"default","site-content-style":"default","site-sidebar-style":"default","ast-global-header-display":"","ast-banner-title-visibility":"","ast-main-header-display":"","ast-hfb-above-header-display":"","ast-hfb-below-header-display":"","ast-hfb-mobile-header-display":"","site-post-title":"","ast-breadcrumbs-content":"","ast-featured-img":"","footer-sml-layout":"","ast-disable-related-posts":"","theme-transparent-header-meta":"default","adv-header-id-meta":"","stick-header-meta":"","header-above-stick-meta":"","header-main-stick-meta":"","header-below-stick-meta":"","astra-migrate-meta-layouts":"set","ast-page-background-enabled":"default","ast-page-background-meta":{"desktop":{"background-color":"var(--ast-global-color-4)","background-image":"","background-repeat":"repeat","background-position":"center center","background-size":"auto","background-attachment":"scroll","background-type":"","background-media":"","overlay-type":"","overlay-color":"","overlay-opacity":"","overlay-gradient":""},"tablet":{"background-color":"","background-image":"","background-repeat":"repeat","background-position":"center center","background-size":"auto","background-attachment":"scroll","background-type":"","background-media":"","overlay-type":"","overlay-color":"","overlay-opacity":"","overlay-gradient":""},"mobile":{"background-color":"","background-image":"","background-repeat":"repeat","background-position":"center center","background-size":"auto","background-attachment":"scroll","background-type":"","background-media":"","overlay-type":"","overlay-color":"","overlay-opacity":"","overlay-gradient":""}},"ast-content-background-meta":{"desktop":{"background-color":"var(--ast-global-color-5)","background-image":"","background-repeat":"repeat","background-position":"center center","background-size":"auto","background-attachment":"scroll","background-type":"","background-media":"","overlay-type":"","overlay-color":"","overlay-opacity":"","overlay-gradient":""},"tablet":{"background-color":"var(--ast-global-color-5)","background-image":"","background-repeat":"repeat","background-position":"center center","background-size":"auto","background-attachment":"scroll","background-type":"","background-media":"","overlay-type":"","overlay-color":"","overlay-opacity":"","overlay-gradient":""},"mobile":{"background-color":"var(--ast-global-color-5)","background-image":"","background-repeat":"repeat","background-position":"center center","background-size":"auto","background-attachment":"scroll","background-type":"","background-media":"","overlay-type":"","overlay-color":"","overlay-opacity":"","overlay-gradient":""}}},"product_brand":[60],"product_cat":[51],"product_tag":[],"class_list":{"0":"post-4247","1":"product","2":"type-product","3":"status-publish","4":"has-post-thumbnail","6":"product_brand-meskernel","7":"product_cat-laser-distance-sensor","8":"desktop-align-center","9":"tablet-align-left","10":"mobile-align-left","12":"first","13":"instock","14":"shipping-taxable","15":"product-type-simple"},"_links":{"self":[{"href":"https:\/\/meskernel.net\/pl\/wp-json\/wp\/v2\/product\/4247","targetHints":{"allow":["GET"]}}],"collection":[{"href":"https:\/\/meskernel.net\/pl\/wp-json\/wp\/v2\/product"}],"about":[{"href":"https:\/\/meskernel.net\/pl\/wp-json\/wp\/v2\/types\/product"}],"version-history":[{"count":0,"href":"https:\/\/meskernel.net\/pl\/wp-json\/wp\/v2\/product\/4247\/revisions"}],"wp:featuredmedia":[{"embeddable":true,"href":"https:\/\/meskernel.net\/pl\/wp-json\/wp\/v2\/media\/4209"}],"wp:attachment":[{"href":"https:\/\/meskernel.net\/pl\/wp-json\/wp\/v2\/media?parent=4247"}],"wp:term":[{"taxonomy":"product_brand","embeddable":true,"href":"https:\/\/meskernel.net\/pl\/wp-json\/wp\/v2\/product_brand?post=4247"},{"taxonomy":"product_cat","embeddable":true,"href":"https:\/\/meskernel.net\/pl\/wp-json\/wp\/v2\/product_cat?post=4247"},{"taxonomy":"product_tag","embeddable":true,"href":"https:\/\/meskernel.net\/pl\/wp-json\/wp\/v2\/product_tag?post=4247"}],"curies":[{"name":"wp","href":"https:\/\/api.w.org\/{rel}","templated":true}]}}