{"id":4255,"date":"2025-04-22T16:25:47","date_gmt":"2025-04-22T08:25:47","guid":{"rendered":"https:\/\/meskernel.net\/?post_type=product&#038;p=4255"},"modified":"2025-12-29T14:01:19","modified_gmt":"2025-12-29T06:01:19","slug":"mini-laserowy-czujnik-pomiarowy","status":"publish","type":"product","link":"https:\/\/meskernel.net\/pl\/product\/mini-laser-measurement-sensor\/","title":{"rendered":"Mini laserowy czujnik pomiarowy LDL-S - dok\u0142adno\u015b\u0107 1 mm dla automatyki przemys\u0142owej i robotyki"},"content":{"rendered":"<p class=\"\" data-start=\"286\" data-end=\"640\">LDL-S Mini Laser Measurement Sensor Module to precyzyjny czujnik optyczny zaprojektowany z my\u015bl\u0105 o automatyce przemys\u0142owej i wymagaj\u0105cych zastosowaniach zewn\u0119trznych. Dzi\u0119ki kompaktowej konstrukcji i dok\u0142adno\u015bci 1 mm na odleg\u0142o\u015bci do 80 metr\u00f3w, modu\u0142 ten jest idealny do integracji z systemami, w kt\u00f3rych oszcz\u0119dno\u015b\u0107 miejsca i precyzyjny pomiar maj\u0105 kluczowe znaczenie.<\/p>\n<p class=\"\" data-start=\"642\" data-end=\"861\">Zaprojektowany tak, aby dzia\u0142a\u0142 niezawodnie nawet w silnym \u015bwietle s\u0142onecznym, czujnik LDL-S wyr\u00f3\u017cnia si\u0119 w \u015brodowiskach o niskim wsp\u00f3\u0142czynniku odbicia lub s\u0142abym sygnale, dzi\u0119ki czemu jest zaufanym rozwi\u0105zaniem dla rzeczywistych, trudnych scenariuszy pomiarowych.<\/p>\n<p class=\"\" data-start=\"863\" data-end=\"1263\">Zbudowany w oparciu o zaawansowan\u0105 technologi\u0119 czujnik\u00f3w optycznych, LDL-S obs\u0142uguje zar\u00f3wno wyj\u015bcie cyfrowe, jak i analogowe, z wszechstronn\u0105 kompatybilno\u015bci\u0105 gniazd, w tym CAN, SPI, I\u00b2C, UART, TTL, RS232, RS485 i interfejsami analogowymi. Elastyczny interfejs komunikacyjny \"trzy w jednym\" z opcjonaln\u0105 transmisj\u0105 Bluetooth zapewnia wydajn\u0105 i bezproblemow\u0105 integracj\u0119 danych z szerok\u0105 gam\u0105 system\u00f3w.<\/p>\n<p><img data-dominant-color=\"e2dcdb\" data-has-transparency=\"false\" style=\"--dominant-color: #e2dcdb;\" fetchpriority=\"high\" decoding=\"async\" class=\"wp-image-4210 size-full alignleft not-transparent\" src=\"https:\/\/meskernel.net\/wp-content\/uploads\/2025\/04\/1mm-Laser-Distance-Sensor-Module-LDL-S-with-30Hz-30-Meter-for-Outdoor-Strong-Light.webp\" alt=\"\" width=\"631\" height=\"559\" srcset=\"https:\/\/meskernel.net\/wp-content\/uploads\/2025\/04\/1mm-Laser-Distance-Sensor-Module-LDL-S-with-30Hz-30-Meter-for-Outdoor-Strong-Light.webp 631w, https:\/\/meskernel.net\/wp-content\/uploads\/2025\/04\/1mm-Laser-Distance-Sensor-Module-LDL-S-with-30Hz-30-Meter-for-Outdoor-Strong-Light-300x266.webp 300w, https:\/\/meskernel.net\/wp-content\/uploads\/2025\/04\/1mm-Laser-Distance-Sensor-Module-LDL-S-with-30Hz-30-Meter-for-Outdoor-Strong-Light-400x354.webp 400w\" sizes=\"(max-width: 631px) 100vw, 631px\" \/><\/p>\n<p>&nbsp;<\/p>\n<h3 data-start=\"1265\" data-end=\"1278\">Kluczowe cechy mini laserowego czujnika pomiarowego:<\/h3>\n<h3 data-start=\"1265\" data-end=\"1278\">\ud83d\udd39 <strong style=\"font-size: 16px;\" data-start=\"1284\" data-end=\"1304\">Miniaturowa konstrukcja<\/strong><span style=\"font-size: 16px;\"> - Ultrakompaktowy dla ciasnych przestrzeni integracyjnych<\/span><\/h3>\n<h3 data-start=\"1265\" data-end=\"1278\">\ud83d\udd39 <strong style=\"font-size: 16px;\" data-start=\"1357\" data-end=\"1374\">Wysoka dok\u0142adno\u015b\u0107<\/strong><span style=\"font-size: 16px;\"> - Do <\/span><strong style=\"font-size: 16px;\" data-start=\"1383\" data-end=\"1391\">\u00b1<\/strong><span style=\"font-size: 16px;\">Precyzja 1 mm<\/span><\/h3>\n<h3 data-start=\"1265\" data-end=\"1278\">\ud83d\udd39 <strong style=\"font-size: 16px;\" data-start=\"1409\" data-end=\"1423\">Daleki zasi\u0119g<\/strong><span style=\"font-size: 16px;\"> - Skuteczny pomiar do 80 metr\u00f3w<\/span><\/h3>\n<h3 data-start=\"1265\" data-end=\"1278\">\ud83d\udd39 <strong style=\"font-size: 16px;\" data-start=\"1475\" data-end=\"1492\">Gotowo\u015b\u0107 do pracy na zewn\u0105trz<\/strong><span style=\"font-size: 16px;\"> - Odporny na silne \u015bwiat\u0142o otoczenia, idealny do pozycjonowania na zewn\u0105trz<\/span><\/h3>\n<h3 data-start=\"1265\" data-end=\"1278\">\ud83d\udd39 <strong style=\"font-size: 16px;\" data-start=\"1577\" data-end=\"1613\">Doskona\u0142a wydajno\u015b\u0107 przy niskim poziomie sygna\u0142u<\/strong><span style=\"font-size: 16px;\"> - Stabilna praca w warunkach s\u0142abego wsp\u00f3\u0142czynnika odbicia<\/span><\/h3>\n<h3 data-start=\"1265\" data-end=\"1278\">\ud83d\udd39 <strong style=\"font-size: 16px;\" data-start=\"1672\" data-end=\"1706\">Konfigurowalny zakres temperatur<\/strong><span style=\"font-size: 16px;\"> - Nadaje si\u0119 do pracy w ekstremalnych warunkach<\/span><\/h3>\n<h3 data-start=\"1265\" data-end=\"1278\">\ud83d\udd39 <strong style=\"font-size: 16px;\" data-start=\"1750\" data-end=\"1767\">Opcje lasera<\/strong><span style=\"font-size: 16px;\"> - Wybierz czerwony lub zielony laser w zale\u017cno\u015bci od potrzeb aplikacji<\/span><\/h3>\n<h3 data-start=\"1265\" data-end=\"1278\">\ud83d\udd39 <strong style=\"font-size: 16px;\" data-start=\"1846\" data-end=\"1874\">Wzmacniacz wielofunkcyjny<\/strong><span style=\"font-size: 16px;\"> - Adaptowalne przetwarzanie sygna\u0142u<\/span><\/h3>\n<h3 data-start=\"1265\" data-end=\"1278\">\ud83d\udd39 <strong style=\"font-size: 16px;\" data-start=\"1912\" data-end=\"1938\">Obs\u0142uga bogatego interfejsu<\/strong><span style=\"font-size: 16px;\"> - TTL\/RS232\/RS485, Bluetooth i inne popularne protoko\u0142y<\/span><\/h3>\n<p class=\"\" data-start=\"2003\" data-end=\"2213\">Ten Mini <a href=\"https:\/\/www.globalsources.com\/chengdu-meskernel\/showroom_6002100157315.htm\" target=\"_blank\" rel=\"noopener\">Laserowy czujnik pomiarowy<\/a> <span style=\"font-size: 16px;\">to idealny wyb\u00f3r dla in\u017cynier\u00f3w i programist\u00f3w poszukuj\u0105cych kompaktowego, niezawodnego i w pe\u0142ni konfigurowalnego laserowego rozwi\u0105zania pomiarowego o solidnej wydajno\u015bci i elastycznej integracji.<\/span><\/p>\n<p class=\"\" data-start=\"2215\" data-end=\"2353\">\ud83d\udce9 <a href=\"https:\/\/meskernel.net\/pl\/kontakt\/\"><strong data-start=\"2218\" data-end=\"2238\">Skontaktuj si\u0119 z nami ju\u017c dzi\u015b<\/strong><\/a> aby uzyska\u0107 arkusze danych, wsparcie aplikacji lub om\u00f3wi\u0107 dostosowanie OEM \/ ODM w oparciu o konkretne potrzeby projektu.<\/p>\n<p data-start=\"2363\" data-end=\"2441\">","protected":false},"excerpt":{"rendered":"<p class=\"\" data-start=\"88\" data-end=\"634\">LDL-S Mini Laser Measurement Sensor Module to ultrakompaktowy, precyzyjny czujnik optyczny oferuj\u0105cy dok\u0142adno\u015b\u0107 1 mm i zasi\u0119g pomiaru do 80 m. Zaprojektowany do u\u017cytku na zewn\u0105trz, zapewnia stabiln\u0105 prac\u0119 nawet przy silnym nas\u0142onecznieniu i w \u015brodowiskach o niskim wsp\u00f3\u0142czynniku odbicia. Dzi\u0119ki konfigurowalnym opcjom, w tym czerwonemu lub zielonemu laserowi, szerokiemu zakresowi temperatur i wszechstronnej obs\u0142udze wielu interfejs\u00f3w (Bluetooth, TTL, RS232\/RS485), LDL-S jest idealny do automatyki przemys\u0142owej i precyzyjnych zastosowa\u0144 pomiarowych.<\/p>","protected":false},"featured_media":4257,"template":"","meta":{"site-sidebar-layout":"default","site-content-layout":"","ast-site-content-layout":"default","site-content-style":"default","site-sidebar-style":"default","ast-global-header-display":"","ast-banner-title-visibility":"","ast-main-header-display":"","ast-hfb-above-header-display":"","ast-hfb-below-header-display":"","ast-hfb-mobile-header-display":"","site-post-title":"","ast-breadcrumbs-content":"","ast-featured-img":"","footer-sml-layout":"","ast-disable-related-posts":"","theme-transparent-header-meta":"default","adv-header-id-meta":"","stick-header-meta":"","header-above-stick-meta":"","header-main-stick-meta":"","header-below-stick-meta":"","astra-migrate-meta-layouts":"set","ast-page-background-enabled":"default","ast-page-background-meta":{"desktop":{"background-color":"var(--ast-global-color-4)","background-image":"","background-repeat":"repeat","background-position":"center center","background-size":"auto","background-attachment":"scroll","background-type":"","background-media":"","overlay-type":"","overlay-color":"","overlay-opacity":"","overlay-gradient":""},"tablet":{"background-color":"","background-image":"","background-repeat":"repeat","background-position":"center center","background-size":"auto","background-attachment":"scroll","background-type":"","background-media":"","overlay-type":"","overlay-color":"","overlay-opacity":"","overlay-gradient":""},"mobile":{"background-color":"","background-image":"","background-repeat":"repeat","background-position":"center center","background-size":"auto","background-attachment":"scroll","background-type":"","background-media":"","overlay-type":"","overlay-color":"","overlay-opacity":"","overlay-gradient":""}},"ast-content-background-meta":{"desktop":{"background-color":"var(--ast-global-color-5)","background-image":"","background-repeat":"repeat","background-position":"center center","background-size":"auto","background-attachment":"scroll","background-type":"","background-media":"","overlay-type":"","overlay-color":"","overlay-opacity":"","overlay-gradient":""},"tablet":{"background-color":"var(--ast-global-color-5)","background-image":"","background-repeat":"repeat","background-position":"center center","background-size":"auto","background-attachment":"scroll","background-type":"","background-media":"","overlay-type":"","overlay-color":"","overlay-opacity":"","overlay-gradient":""},"mobile":{"background-color":"var(--ast-global-color-5)","background-image":"","background-repeat":"repeat","background-position":"center center","background-size":"auto","background-attachment":"scroll","background-type":"","background-media":"","overlay-type":"","overlay-color":"","overlay-opacity":"","overlay-gradient":""}}},"product_brand":[60],"product_cat":[52],"product_tag":[],"class_list":{"0":"post-4255","1":"product","2":"type-product","3":"status-publish","4":"has-post-thumbnail","6":"product_brand-meskernel","7":"product_cat-phase-distance-sensor","8":"desktop-align-center","9":"tablet-align-left","10":"mobile-align-left","12":"first","13":"instock","14":"shipping-taxable","15":"product-type-simple"},"_links":{"self":[{"href":"https:\/\/meskernel.net\/pl\/wp-json\/wp\/v2\/product\/4255","targetHints":{"allow":["GET"]}}],"collection":[{"href":"https:\/\/meskernel.net\/pl\/wp-json\/wp\/v2\/product"}],"about":[{"href":"https:\/\/meskernel.net\/pl\/wp-json\/wp\/v2\/types\/product"}],"version-history":[{"count":0,"href":"https:\/\/meskernel.net\/pl\/wp-json\/wp\/v2\/product\/4255\/revisions"}],"wp:featuredmedia":[{"embeddable":true,"href":"https:\/\/meskernel.net\/pl\/wp-json\/wp\/v2\/media\/4257"}],"wp:attachment":[{"href":"https:\/\/meskernel.net\/pl\/wp-json\/wp\/v2\/media?parent=4255"}],"wp:term":[{"taxonomy":"product_brand","embeddable":true,"href":"https:\/\/meskernel.net\/pl\/wp-json\/wp\/v2\/product_brand?post=4255"},{"taxonomy":"product_cat","embeddable":true,"href":"https:\/\/meskernel.net\/pl\/wp-json\/wp\/v2\/product_cat?post=4255"},{"taxonomy":"product_tag","embeddable":true,"href":"https:\/\/meskernel.net\/pl\/wp-json\/wp\/v2\/product_tag?post=4255"}],"curies":[{"name":"wp","href":"https:\/\/api.w.org\/{rel}","templated":true}]}}