{"id":4278,"date":"2025-04-28T15:27:09","date_gmt":"2025-04-28T07:27:09","guid":{"rendered":"https:\/\/meskernel.net\/?post_type=product&#038;p=4278"},"modified":"2025-07-10T11:19:51","modified_gmt":"2025-07-10T03:19:51","slug":"time-of-flight-laser-distance-sensor","status":"publish","type":"product","link":"https:\/\/meskernel.net\/pl\/product\/time-of-flight-laser-distance-sensor\/","title":{"rendered":"Laserowy czujnik odleg\u0142o\u015bci do drona LDJU 1000Hz czasu lotu"},"content":{"rendered":"<p class=\"\" data-start=\"86\" data-end=\"363\">Our 1000Hz Time of Flight Laser Distance Sensor is engineered for high-speed, high-precision performance in industrial applications. Featuring an ultra-high frequency of 100\u20133000Hz, it delivers real-time measurements with millimeter-level accuracy across a range of 0.2m to 25m.<\/p>\n<h3 class=\"\" data-start=\"365\" data-end=\"388\"><strong data-start=\"369\" data-end=\"386\">Kluczowe cechy:<\/strong><\/h3>\n<p class=\"\" data-start=\"389\" data-end=\"1038\">\u2705 <strong data-start=\"391\" data-end=\"421\">Pomiar wysokiej cz\u0119stotliwo\u015bci<\/strong> - Obs\u0142uguje ultraszybki zakres od 100 Hz do 3000 Hz, zapewniaj\u0105c szybkie i stabilne przesy\u0142anie danych.<br data-start=\"516\" data-end=\"519\" \/>\u2705 <strong data-start=\"521\" data-end=\"551\" data-is-only-node=\"\">Precyzja na poziomie milimetra<\/strong> - Zapewnia bardzo dok\u0142adne odczyty odleg\u0142o\u015bci dla automatyki przemys\u0142owej i in\u017cynierii precyzyjnej.<br data-start=\"649\" data-end=\"652\" \/>\u2705 <strong data-start=\"654\" data-end=\"688\">Wytrzyma\u0142a obudowa ze stopu aluminium<\/strong> - Metalowa pow\u0142oka zapewnia doskona\u0142\u0105 trwa\u0142o\u015b\u0107, stabilno\u015b\u0107 i odporno\u015b\u0107 na uderzenia zewn\u0119trzne.<br data-start=\"787\" data-end=\"790\" \/>\u2705 <strong data-start=\"792\" data-end=\"819\">Bryzgoszczelno\u015b\u0107 i py\u0142oszczelno\u015b\u0107<\/strong> - Zaprojektowany dla wymagaj\u0105cych \u015brodowisk, oferuj\u0105cy siln\u0105 ochron\u0119 przed kurzem i wod\u0105.<br data-start=\"911\" data-end=\"914\" \/>\u2705 <strong data-start=\"916\" data-end=\"953\">Wiele interfejs\u00f3w komunikacyjnych<\/strong> - Obs\u0142uguje interfejsy USART, RS485 i RS232, zapewniaj\u0105c p\u0142ynn\u0105 integracj\u0119 systemu.<\/p>\n<p class=\"\" data-start=\"1040\" data-end=\"1244\">Ideal for industrial automation, robotics, logistics, and positioning applications, this Time of Flight Laser Distance Sensor\u00a0delivers unmatched speed, precision, and reliability in distance measurement.<\/p>\n<h3>Por\u00f3wnanie produkt\u00f3w<\/h3>\n<p><img data-dominant-color=\"eceeee\" data-has-transparency=\"false\" style=\"--dominant-color: #eceeee;\" fetchpriority=\"high\" decoding=\"async\" class=\"wp-image-4283 size-large alignnone not-transparent\" src=\"https:\/\/meskernel.net\/wp-content\/uploads\/2025\/04\/High-Frequency-Ranging-Sensor-Module-1024x781.webp\" alt=\"Modu\u0142 czujnika wysokiej cz\u0119stotliwo\u015bci\" width=\"1024\" height=\"781\" srcset=\"https:\/\/meskernel.net\/wp-content\/uploads\/2025\/04\/High-Frequency-Ranging-Sensor-Module-1024x781.webp 1024w, https:\/\/meskernel.net\/wp-content\/uploads\/2025\/04\/High-Frequency-Ranging-Sensor-Module-300x229.webp 300w, https:\/\/meskernel.net\/wp-content\/uploads\/2025\/04\/High-Frequency-Ranging-Sensor-Module-768x586.webp 768w, https:\/\/meskernel.net\/wp-content\/uploads\/2025\/04\/High-Frequency-Ranging-Sensor-Module-1536x1172.webp 1536w, https:\/\/meskernel.net\/wp-content\/uploads\/2025\/04\/High-Frequency-Ranging-Sensor-Module-400x305.webp 400w, https:\/\/meskernel.net\/wp-content\/uploads\/2025\/04\/High-Frequency-Ranging-Sensor-Module.webp 1796w\" sizes=\"(max-width: 1024px) 100vw, 1024px\" \/><\/p>\n<h3 data-start=\"1046\" data-end=\"1070\"><\/h3>\n<h3 class=\"\" data-start=\"1046\" data-end=\"1070\"><strong data-start=\"1050\" data-end=\"1068\">Dlaczego warto wybra\u0107 nas?<\/strong><\/h3>\n<p class=\"\" data-start=\"1071\" data-end=\"1716\">Jako profesjonalista <a href=\"https:\/\/www.globalsources.com\/chengdu-meskernel\/showroom_6002100157315.htm\" target=\"_blank\" rel=\"noopener\">producent laserowych czujnik\u00f3w odleg\u0142o\u015bci<\/a>Zapewniamy us\u0142ugi dostosowywania OEM i ODM, aby spe\u0142ni\u0107 okre\u015blone wymagania aplikacji. W przeciwie\u0144stwie do standardowych rozwi\u0105za\u0144, oferujemy<br data-start=\"1261\" data-end=\"1264\" \/>\u2714 <strong data-start=\"1266\" data-end=\"1293\">Konfigurowalne parametry<\/strong> - Dostosuj cz\u0119stotliwo\u015b\u0107, szybko\u015b\u0107 transmisji, zakres pomiarowy i inne ustawienia do potrzeb projektu.<br data-start=\"1387\" data-end=\"1390\" \/>\u2714 <strong data-start=\"1392\" data-end=\"1428\">Elastyczne protoko\u0142y komunikacyjne<\/strong> - Dostosuj czujnik, aby p\u0142ynnie integrowa\u0142 si\u0119 z istniej\u0105cym systemem.<br data-start=\"1499\" data-end=\"1502\" \/>\u2714 <strong data-start=\"1504\" data-end=\"1530\">Bezpo\u015brednie ceny fabryczne<\/strong> - Ciesz si\u0119 <strong data-start=\"1539\" data-end=\"1557\">op\u0142acalny<\/strong> rozwi\u0105zania bez mar\u017c po\u015brednik\u00f3w.<br data-start=\"1594\" data-end=\"1597\" \/>\u2714 <strong data-start=\"1599\" data-end=\"1633\">Profesjonalne wsparcie techniczne<\/strong> - Nasz do\u015bwiadczony zesp\u00f3\u0142 badawczo-rozwojowy zapewnia optymaln\u0105 wydajno\u015b\u0107 i szybkie rozwi\u0105zywanie problem\u00f3w.<\/p>\n<p class=\"\" data-start=\"1718\" data-end=\"1961\">Dzi\u0119ki ponad 20-letniemu do\u015bwiadczeniu w technologii pomiar\u00f3w laserowych zapewniamy wysokiej jako\u015bci, konfigurowalne rozwi\u0105zania, kt\u00f3re zwi\u0119kszaj\u0105 wydajno\u015b\u0107 i precyzj\u0119 w zastosowaniach przemys\u0142owych. Skontaktuj si\u0119 z nami ju\u017c dzi\u015b, aby om\u00f3wi\u0107 swoje specyficzne wymagania!<a href=\"https:\/\/meskernel.net\/pl\/pobieranie\/\"><strong>Pobierz nasz\u0105 instrukcj\u0119 obs\u0142ugi<\/strong><\/a><\/p>\n<h3 data-start=\"177\" data-end=\"228\">FAQ \u2013 Time of Flight Laser Distance Sensor<\/h3>\n<h5 data-start=\"230\" data-end=\"290\">1. Co to jest laserowy czujnik odleg\u0142o\u015bci czasu przelotu (ToF)?<\/h5>\n<p class=\"\" data-start=\"291\" data-end=\"606\">Laserowy czujnik odleg\u0142o\u015bci Time of Flight (ToF) mierzy odleg\u0142o\u015b\u0107, obliczaj\u0105c czas potrzebny wi\u0105zce lasera na dotarcie do celu i powr\u00f3t. Metoda ta zapewnia szybkie, dok\u0142adne i niezawodne pomiary odleg\u0142o\u015bci, dzi\u0119ki czemu idealnie nadaje si\u0119 do zastosowa\u0144 w automatyce przemys\u0142owej, robotyce i precyzyjnym monitorowaniu.<\/p>\n<hr class=\"\" data-start=\"608\" data-end=\"611\" \/>\n<h5 data-start=\"613\" data-end=\"702\">2. Jaki jest zakres pomiarowy laserowego czujnika odleg\u0142o\u015bci 1000 Hz?<\/h5>\n<p class=\"\" data-start=\"703\" data-end=\"864\">Nasz czujnik obs\u0142uguje zakres pomiarowy od 0,2 metra do 25 metr\u00f3w, zapewniaj\u0105c dok\u0142adn\u0105 wydajno\u015b\u0107 zar\u00f3wno w zastosowaniach przemys\u0142owych kr\u00f3tkiego, jak i \u015bredniego zasi\u0119gu.<\/p>\n<hr class=\"\" data-start=\"866\" data-end=\"869\" \/>\n<h5 data-start=\"871\" data-end=\"925\">3. Jak dok\u0142adny jest laserowy pomiar odleg\u0142o\u015bci?<\/h5>\n<p class=\"\" data-start=\"926\" data-end=\"1106\">Czujnik ten zapewnia dok\u0142adno\u015b\u0107 na poziomie milimetra, dzi\u0119ki czemu doskonale sprawdza si\u0119 w wymagaj\u0105cych precyzji \u015brodowiskach, takich jak produkcja, systemy inspekcji i zautomatyzowana kontrola.<\/p>\n<hr class=\"\" data-start=\"1746\" data-end=\"1749\" \/>\n<h5 data-start=\"1751\" data-end=\"1802\">4. Jakie interfejsy komunikacyjne s\u0105 obs\u0142ugiwane?<\/h5>\n<p class=\"\" data-start=\"1803\" data-end=\"2013\">Nasz laserowy czujnik odleg\u0142o\u015bci 1000 Hz obs\u0142uguje interfejsy USART, RS485 i RS232, umo\u017cliwiaj\u0105c \u0142atw\u0105 i elastyczn\u0105 integracj\u0119 z istniej\u0105cymi przemys\u0142owymi systemami sterowania, sterownikami PLC i platformami IoT.<\/p>\n<hr class=\"\" data-start=\"2015\" data-end=\"2018\" \/>\n<h5 data-start=\"2020\" data-end=\"2096\">5. Czy mo\u017cna dostosowa\u0107 cz\u0119stotliwo\u015b\u0107, szybko\u015b\u0107 transmisji i zasi\u0119g czujnika laserowego?<\/h5>\n<p class=\"\" data-start=\"2097\" data-end=\"2293\">Tak. Jako producent oferujemy konfigurowalne rozwi\u0105zania, w tym regulowan\u0105 cz\u0119stotliwo\u015b\u0107 pr\u00f3bkowania, szybko\u015b\u0107 transmisji i zakres pomiarowy, aby idealnie dopasowa\u0107 si\u0119 do konkretnych potrzeb projektu.<\/p>\n<p class=\"\" data-start=\"3185\" data-end=\"3227\">","protected":false},"excerpt":{"rendered":"<p>Nasz laserowy czujnik odleg\u0142o\u015bci Time of Flight oferuje zakres 0,2-25 m z bardzo wysok\u0105 cz\u0119stotliwo\u015bci\u0105 100-3000 Hz i milimetrow\u0105 dok\u0142adno\u015bci\u0105. Umieszczony w solidnej obudowie ze stopu aluminium, jest py\u0142oszczelny i bryzgoszczelny, zapewniaj\u0105c niezawodne dzia\u0142anie w wymagaj\u0105cych \u015brodowiskach przemys\u0142owych. Dzi\u0119ki obs\u0142udze interfejs\u00f3w USART, RS485 i RS232, ten laserowy czujnik odleg\u0142o\u015bci 1000 Hz \u0142atwo integruje si\u0119 z r\u00f3\u017cnymi systemami. Jako producent zapewniamy r\u00f3wnie\u017c konfigurowalne opcje, takie jak regulowana cz\u0119stotliwo\u015b\u0107, szybko\u015b\u0107 transmisji i zakres pomiarowy, aby spe\u0142ni\u0107 okre\u015blone wymagania aplikacji.<\/p>","protected":false},"featured_media":4279,"template":"","meta":{"site-sidebar-layout":"default","site-content-layout":"","ast-site-content-layout":"default","site-content-style":"default","site-sidebar-style":"default","ast-global-header-display":"","ast-banner-title-visibility":"","ast-main-header-display":"","ast-hfb-above-header-display":"","ast-hfb-below-header-display":"","ast-hfb-mobile-header-display":"","site-post-title":"","ast-breadcrumbs-content":"","ast-featured-img":"","footer-sml-layout":"","ast-disable-related-posts":"","theme-transparent-header-meta":"default","adv-header-id-meta":"","stick-header-meta":"","header-above-stick-meta":"","header-main-stick-meta":"","header-below-stick-meta":"","astra-migrate-meta-layouts":"set","ast-page-background-enabled":"default","ast-page-background-meta":{"desktop":{"background-color":"var(--ast-global-color-4)","background-image":"","background-repeat":"repeat","background-position":"center center","background-size":"auto","background-attachment":"scroll","background-type":"","background-media":"","overlay-type":"","overlay-color":"","overlay-opacity":"","overlay-gradient":""},"tablet":{"background-color":"","background-image":"","background-repeat":"repeat","background-position":"center center","background-size":"auto","background-attachment":"scroll","background-type":"","background-media":"","overlay-type":"","overlay-color":"","overlay-opacity":"","overlay-gradient":""},"mobile":{"background-color":"","background-image":"","background-repeat":"repeat","background-position":"center center","background-size":"auto","background-attachment":"scroll","background-type":"","background-media":"","overlay-type":"","overlay-color":"","overlay-opacity":"","overlay-gradient":""}},"ast-content-background-meta":{"desktop":{"background-color":"var(--ast-global-color-5)","background-image":"","background-repeat":"repeat","background-position":"center center","background-size":"auto","background-attachment":"scroll","background-type":"","background-media":"","overlay-type":"","overlay-color":"","overlay-opacity":"","overlay-gradient":""},"tablet":{"background-color":"var(--ast-global-color-5)","background-image":"","background-repeat":"repeat","background-position":"center center","background-size":"auto","background-attachment":"scroll","background-type":"","background-media":"","overlay-type":"","overlay-color":"","overlay-opacity":"","overlay-gradient":""},"mobile":{"background-color":"var(--ast-global-color-5)","background-image":"","background-repeat":"repeat","background-position":"center center","background-size":"auto","background-attachment":"scroll","background-type":"","background-media":"","overlay-type":"","overlay-color":"","overlay-opacity":"","overlay-gradient":""}}},"product_brand":[60],"product_cat":[32,52],"product_tag":[],"class_list":{"0":"post-4278","1":"product","2":"type-product","3":"status-publish","4":"has-post-thumbnail","6":"product_brand-meskernel","7":"product_cat-high-frequency-ranging-sensor-module","8":"product_cat-phase-distance-sensor","9":"desktop-align-center","10":"tablet-align-left","11":"mobile-align-left","13":"first","14":"instock","15":"shipping-taxable","16":"product-type-simple"},"_links":{"self":[{"href":"https:\/\/meskernel.net\/pl\/wp-json\/wp\/v2\/product\/4278","targetHints":{"allow":["GET"]}}],"collection":[{"href":"https:\/\/meskernel.net\/pl\/wp-json\/wp\/v2\/product"}],"about":[{"href":"https:\/\/meskernel.net\/pl\/wp-json\/wp\/v2\/types\/product"}],"version-history":[{"count":0,"href":"https:\/\/meskernel.net\/pl\/wp-json\/wp\/v2\/product\/4278\/revisions"}],"wp:featuredmedia":[{"embeddable":true,"href":"https:\/\/meskernel.net\/pl\/wp-json\/wp\/v2\/media\/4279"}],"wp:attachment":[{"href":"https:\/\/meskernel.net\/pl\/wp-json\/wp\/v2\/media?parent=4278"}],"wp:term":[{"taxonomy":"product_brand","embeddable":true,"href":"https:\/\/meskernel.net\/pl\/wp-json\/wp\/v2\/product_brand?post=4278"},{"taxonomy":"product_cat","embeddable":true,"href":"https:\/\/meskernel.net\/pl\/wp-json\/wp\/v2\/product_cat?post=4278"},{"taxonomy":"product_tag","embeddable":true,"href":"https:\/\/meskernel.net\/pl\/wp-json\/wp\/v2\/product_tag?post=4278"}],"curies":[{"name":"wp","href":"https:\/\/api.w.org\/{rel}","templated":true}]}}