{"id":497,"date":"2024-10-17T09:29:51","date_gmt":"2024-10-17T01:29:51","guid":{"rendered":"https:\/\/meskernel.net\/?post_type=product&#038;p=497"},"modified":"2025-07-03T13:57:20","modified_gmt":"2025-07-03T05:57:20","slug":"czujnik-pomiaru-odleglosci-2","status":"publish","type":"product","link":"https:\/\/meskernel.net\/pl\/product\/distance-measuring-sensor\/","title":{"rendered":"Czujnik pomiaru odleg\u0142o\u015bci: Zasi\u0119g 150 m, stabilny i \u0142atwy w integracji"},"content":{"rendered":"<h3>Czujnik pomiaru odleg\u0142o\u015bci o dalekim zasi\u0119gu 150 m i stabilnej, \u0142atwej integracji<\/h3>\n<p>Czujnik odleg\u0142o\u015bci charakteryzuje si\u0119 imponuj\u0105cym zasi\u0119giem 150 m oraz wysok\u0105 dok\u0142adno\u015bci\u0105 i stabilno\u015bci\u0105. Zapewnia niezawodne pomiary odleg\u0142o\u015bci w r\u00f3\u017cnych \u015brodowiskach, zapewniaj\u0105c precyzyjne dane w czasie rzeczywistym. Dzi\u0119ki przyjaznej dla u\u017cytkownika konstrukcji czujnik \u0142atwo integruje si\u0119 z istniej\u0105cymi systemami, dzi\u0119ki czemu idealnie nadaje si\u0119 do zastosowa\u0144 w automatyce, robotyce i pojazdach autonomicznych.<\/p>\n<figure id=\"attachment_2958\" aria-describedby=\"caption-attachment-2958\" style=\"width: 1080px\" class=\"wp-caption aligncenter\"><img fetchpriority=\"high\" decoding=\"async\" class=\"wp-image-2958 size-full\" title=\"Czujnik wykrywania odleg\u0142o\u015bci Tof\" src=\"https:\/\/meskernel.net\/wp-content\/uploads\/2024\/11\/laser-distance-senso.jpg\" alt=\"laserowy czujnik odleg\u0142o\u015bci\" width=\"1080\" height=\"300\" srcset=\"https:\/\/meskernel.net\/wp-content\/uploads\/2024\/11\/laser-distance-senso.jpg 1080w, https:\/\/meskernel.net\/wp-content\/uploads\/2024\/11\/laser-distance-senso-300x83.jpg 300w, https:\/\/meskernel.net\/wp-content\/uploads\/2024\/11\/laser-distance-senso-1024x284.jpg 1024w, https:\/\/meskernel.net\/wp-content\/uploads\/2024\/11\/laser-distance-senso-768x213.jpg 768w, https:\/\/meskernel.net\/wp-content\/uploads\/2024\/11\/laser-distance-senso-400x111.jpg 400w\" sizes=\"(max-width: 1080px) 100vw, 1080px\" \/><figcaption id=\"caption-attachment-2958\" class=\"wp-caption-text\">laserowy czujnik odleg\u0142o\u015bci<\/figcaption><\/figure>\n<h3>Kluczowe cechy:<\/h3>\n<ul>\n<li><strong>Szerokie opcje odleg\u0142o\u015bci<\/strong><br \/>\nSzeroki zakres wybieranych odleg\u0142o\u015bci, dzi\u0119ki czemu nadaje si\u0119 do r\u00f3\u017cnych zastosowa\u0144.<\/li>\n<li><strong>Du\u017ca szybko\u015b\u0107 reakcji<\/strong><br \/>\nMo\u017cliwo\u015bci szybkiego gromadzenia danych, ko\u0144cz\u0105ce pomiary odleg\u0142o\u015bci w ci\u0105gu milisekund.<\/li>\n<li><strong>Wiele interfejs\u00f3w komunikacyjnych<\/strong><br \/>\nObs\u0142uguje r\u00f3\u017cne interfejsy i protoko\u0142y komunikacyjne, w tym RS232, RS485, Bluetooth, Modbus i UART, u\u0142atwiaj\u0105c integracj\u0119 z istniej\u0105cym sterowaniem lub danymi.<\/li>\n<li><strong>Wysoka precyzja pomiaru<\/strong><br \/>\nDzi\u0119ki precyzji zazwyczaj w zakresie milimetr\u00f3w, czujnik ten spe\u0142nia wysokie wymagania dotycz\u0105ce dok\u0142adno\u015bci w zastosowaniach takich jak geodezja i in\u017cynieria budowlana.<\/li>\n<li><strong>Stabilna wydajno\u015b\u0107<\/strong><br \/>\nCzujnik utrzymuje w\u0105ski zakres waha\u0144 danych i wykazuje bardzo niski b\u0142\u0105d powtarzalno\u015bci.<\/li>\n<li><strong>Pomiar bezkontaktowy<\/strong><br \/>\nCzujnik jest zdolny do pomiaru bezdotykowego, odpowiedniego do wykrywania poruszaj\u0105cych si\u0119 obiekt\u00f3w, obiekt\u00f3w o wysokiej lub niskiej temperaturze, cieczy i obiekt\u00f3w o nieregularnych kszta\u0142tach.<\/li>\n<\/ul>\n<h3>Laserowa emisja i odbi\u00f3r<\/h3>\n<p>Dioda emituje laser, odbiera laser przez soczewk\u0119 optyczn\u0105 i przekszta\u0142ca sygna\u0142 \u015bwietlny w sygna\u0142 elektryczny.<\/p>\n<h3 class=\"magic-4\"><span class=\"magic-5\" data-spm-anchor-id=\"a2700.details.0.i67.6d7e275bI6VU3h\">Port komunikacyjny<\/span><\/h3>\n<div class=\"magic-16\">\n<div class=\"magic-17\">\n<div class=\"magic-18\"><span class=\"magic-6\"><span data-spm-anchor-id=\"a2700.details.0.i68.6d7e275bI6VU3h\">Czujnik pomiaru odleg\u0142o\u015bci obs\u0142uguje USB, TTL, RS232, RS485, Bluetooth i inne interfejsy komunikacyjne, obs\u0142uguje Arduino, Raspberry PI i inne urz\u0105dzenia zewn\u0119trzne.<\/span><\/span><\/div>\n<div>\n<figure id=\"attachment_2972\" aria-describedby=\"caption-attachment-2972\" style=\"width: 800px\" class=\"wp-caption aligncenter\"><img decoding=\"async\" class=\"wp-image-2972 size-full\" title=\"czujnik odleg\u0142o\u015bci\" src=\"https:\/\/meskernel.net\/wp-content\/uploads\/2024\/10\/distance-sensor.jpg\" alt=\"czujnik odleg\u0142o\u015bci\" width=\"800\" height=\"800\" srcset=\"https:\/\/meskernel.net\/wp-content\/uploads\/2024\/10\/distance-sensor.jpg 800w, https:\/\/meskernel.net\/wp-content\/uploads\/2024\/10\/distance-sensor-300x300.jpg 300w, https:\/\/meskernel.net\/wp-content\/uploads\/2024\/10\/distance-sensor-150x150.jpg 150w, https:\/\/meskernel.net\/wp-content\/uploads\/2024\/10\/distance-sensor-768x768.jpg 768w, https:\/\/meskernel.net\/wp-content\/uploads\/2024\/10\/distance-sensor-400x400.jpg 400w, https:\/\/meskernel.net\/wp-content\/uploads\/2024\/10\/distance-sensor-100x100.jpg 100w\" sizes=\"(max-width: 800px) 100vw, 800px\" \/><figcaption id=\"caption-attachment-2972\" class=\"wp-caption-text\">czujnik odleg\u0142o\u015bci<\/figcaption><\/figure>\n<\/div>\n<div>\n<h3 class=\"magic-4\"><span class=\"magic-5\" data-spm-anchor-id=\"a2700.details.0.i71.6d7e275bI6VU3h\">Platforma oprogramowania testowego<\/span><\/h3>\n<div class=\"magic-16\">\n<div class=\"magic-17\">\n<div class=\"magic-18\"><span class=\"magic-6\"><span data-spm-anchor-id=\"a2700.details.0.i72.6d7e275bI6VU3h\">Posiadamy w\u0142asne narz\u0119dzia do testowania oprogramowania, kt\u00f3re \u0142\u0105cz\u0105 si\u0119 z komputerem za pomoc\u0105 technologii pomiaru odleg\u0142o\u015bci.<\/span><\/span><\/div>\n<div>\n<figure id=\"attachment_2967\" aria-describedby=\"caption-attachment-2967\" style=\"width: 1024px\" class=\"wp-caption aligncenter\"><img decoding=\"async\" class=\"wp-image-2967 size-large\" title=\"Czujnik wykrywania odleg\u0142o\u015bci Tof\" src=\"https:\/\/meskernel.net\/wp-content\/uploads\/2024\/10\/Arduino-Laser-Sensor-1024x520.jpg\" alt=\"Czujnik laserowy Arduino\" width=\"1024\" height=\"520\" srcset=\"https:\/\/meskernel.net\/wp-content\/uploads\/2024\/10\/Arduino-Laser-Sensor-1024x520.jpg 1024w, https:\/\/meskernel.net\/wp-content\/uploads\/2024\/10\/Arduino-Laser-Sensor-300x152.jpg 300w, https:\/\/meskernel.net\/wp-content\/uploads\/2024\/10\/Arduino-Laser-Sensor-768x390.jpg 768w, https:\/\/meskernel.net\/wp-content\/uploads\/2024\/10\/Arduino-Laser-Sensor-1536x779.jpg 1536w, https:\/\/meskernel.net\/wp-content\/uploads\/2024\/10\/Arduino-Laser-Sensor-400x203.jpg 400w, https:\/\/meskernel.net\/wp-content\/uploads\/2024\/10\/Arduino-Laser-Sensor.jpg 1906w\" sizes=\"(max-width: 1024px) 100vw, 1024px\" \/><figcaption id=\"caption-attachment-2967\" class=\"wp-caption-text\">Czujnik laserowy Arduino<\/figcaption><\/figure>\n<\/div>\n<div><\/div>\n<\/div>\n<\/div>\n<\/div>\n<div>\n<h3 class=\"magic-4\" data-spm-anchor-id=\"a2700.details.0.i69.6d7e275bI6VU3h\"><span class=\"magic-5\">Definicja interfejsu<\/span><\/h3>\n<div class=\"magic-16\">\n<div class=\"magic-17\">\n<div class=\"magic-18\"><span class=\"magic-6\"><span data-spm-anchor-id=\"a2700.details.0.i70.6d7e275bI6VU3h\">Zapewnimy naszym klientom kompleksowe etykietowanie pin\u00f3w i definicje, a nasz zesp\u00f3\u0142 profesjonalnych in\u017cynier\u00f3w b\u0119dzie dost\u0119pny, aby pom\u00f3c i poprowadzi\u0107 Ci\u0119 przez proces lutowania.<\/span><\/span><\/div>\n<\/div>\n<\/div>\n<\/div>\n<\/div>\n<\/div>","protected":false},"excerpt":{"rendered":"<p>Nasz czujnik odleg\u0142o\u015bci oferuje dok\u0142adne pomiary odleg\u0142o\u015bci w zakresie od 0,05 m do 100 m, dzi\u0119ki czemu nadaje si\u0119 do szerokiej gamy zastosowa\u0144. Dzi\u0119ki kompaktowej konstrukcji i \u0142atwej integracji idealnie nadaje si\u0119 do robotyki, budownictwa i automatyki przemys\u0142owej. Modu\u0142 zapewnia wysok\u0105 precyzj\u0119 i niezawodno\u015b\u0107, spe\u0142niaj\u0105c wymagania nawet najbardziej wymagaj\u0105cych zada\u0144. Jego wszechstronno\u015b\u0107 czyni go niezast\u0105pionym narz\u0119dziem dla profesjonalist\u00f3w wymagaj\u0105cych precyzyjnych pomiar\u00f3w w swoich projektach.<\/p>","protected":false},"featured_media":3219,"template":"","meta":{"site-sidebar-layout":"default","site-content-layout":"","ast-site-content-layout":"default","site-content-style":"default","site-sidebar-style":"default","ast-global-header-display":"","ast-banner-title-visibility":"","ast-main-header-display":"","ast-hfb-above-header-display":"","ast-hfb-below-header-display":"","ast-hfb-mobile-header-display":"","site-post-title":"","ast-breadcrumbs-content":"","ast-featured-img":"","footer-sml-layout":"","ast-disable-related-posts":"","theme-transparent-header-meta":"default","adv-header-id-meta":"","stick-header-meta":"","header-above-stick-meta":"","header-main-stick-meta":"","header-below-stick-meta":"","astra-migrate-meta-layouts":"set","ast-page-background-enabled":"default","ast-page-background-meta":{"desktop":{"background-color":"var(--ast-global-color-4)","background-image":"","background-repeat":"repeat","background-position":"center center","background-size":"auto","background-attachment":"scroll","background-type":"","background-media":"","overlay-type":"","overlay-color":"","overlay-opacity":"","overlay-gradient":""},"tablet":{"background-color":"","background-image":"","background-repeat":"repeat","background-position":"center center","background-size":"auto","background-attachment":"scroll","background-type":"","background-media":"","overlay-type":"","overlay-color":"","overlay-opacity":"","overlay-gradient":""},"mobile":{"background-color":"","background-image":"","background-repeat":"repeat","background-position":"center center","background-size":"auto","background-attachment":"scroll","background-type":"","background-media":"","overlay-type":"","overlay-color":"","overlay-opacity":"","overlay-gradient":""}},"ast-content-background-meta":{"desktop":{"background-color":"var(--ast-global-color-5)","background-image":"","background-repeat":"repeat","background-position":"center center","background-size":"auto","background-attachment":"scroll","background-type":"","background-media":"","overlay-type":"","overlay-color":"","overlay-opacity":"","overlay-gradient":""},"tablet":{"background-color":"var(--ast-global-color-5)","background-image":"","background-repeat":"repeat","background-position":"center center","background-size":"auto","background-attachment":"scroll","background-type":"","background-media":"","overlay-type":"","overlay-color":"","overlay-opacity":"","overlay-gradient":""},"mobile":{"background-color":"var(--ast-global-color-5)","background-image":"","background-repeat":"repeat","background-position":"center center","background-size":"auto","background-attachment":"scroll","background-type":"","background-media":"","overlay-type":"","overlay-color":"","overlay-opacity":"","overlay-gradient":""}}},"product_brand":[60],"product_cat":[52],"product_tag":[],"class_list":{"0":"post-497","1":"product","2":"type-product","3":"status-publish","4":"has-post-thumbnail","6":"product_brand-meskernel","7":"product_cat-phase-distance-sensor","8":"desktop-align-center","9":"tablet-align-left","10":"mobile-align-left","12":"first","13":"instock","14":"shipping-taxable","15":"product-type-simple"},"_links":{"self":[{"href":"https:\/\/meskernel.net\/pl\/wp-json\/wp\/v2\/product\/497","targetHints":{"allow":["GET"]}}],"collection":[{"href":"https:\/\/meskernel.net\/pl\/wp-json\/wp\/v2\/product"}],"about":[{"href":"https:\/\/meskernel.net\/pl\/wp-json\/wp\/v2\/types\/product"}],"version-history":[{"count":0,"href":"https:\/\/meskernel.net\/pl\/wp-json\/wp\/v2\/product\/497\/revisions"}],"wp:featuredmedia":[{"embeddable":true,"href":"https:\/\/meskernel.net\/pl\/wp-json\/wp\/v2\/media\/3219"}],"wp:attachment":[{"href":"https:\/\/meskernel.net\/pl\/wp-json\/wp\/v2\/media?parent=497"}],"wp:term":[{"taxonomy":"product_brand","embeddable":true,"href":"https:\/\/meskernel.net\/pl\/wp-json\/wp\/v2\/product_brand?post=497"},{"taxonomy":"product_cat","embeddable":true,"href":"https:\/\/meskernel.net\/pl\/wp-json\/wp\/v2\/product_cat?post=497"},{"taxonomy":"product_tag","embeddable":true,"href":"https:\/\/meskernel.net\/pl\/wp-json\/wp\/v2\/product_tag?post=497"}],"curies":[{"name":"wp","href":"https:\/\/api.w.org\/{rel}","templated":true}]}}