{"id":498,"date":"2024-11-12T17:34:11","date_gmt":"2024-11-12T09:34:11","guid":{"rendered":"https:\/\/meskernel.net\/?post_type=product&#038;p=498"},"modified":"2025-07-03T13:53:30","modified_gmt":"2025-07-03T05:53:30","slug":"phase-laser-distance-module","status":"publish","type":"product","link":"https:\/\/meskernel.net\/pl\/product\/phase-laser-distance-module\/","title":{"rendered":"Kompaktowy 60-metrowy fazowy laserowy modu\u0142 odleg\u0142o\u015bci do pomiar\u00f3w bezkontaktowych"},"content":{"rendered":"<p><strong>Precyzyjny fazowy laserowy modu\u0142 odleg\u0142o\u015bci - kompaktowy, dok\u0142adny i niezawodny pomiar odleg\u0142o\u015bci<\/strong><\/p>\n<p>The High-Precision Phase Laser Distance Module\u00a0offers exceptional accuracy in a compact design, making it the perfect choice for a wide variety of applications that require precise distance measurement. With a measuring range from 0.03 meters to 60 meters, this distance sensor module ensures reliable performance for both short-range and long-range measurements. Operating within a frequency range of 3 to 10 Hz, it guarantees quick and responsive data collection. This makes it an ideal solution for real-time applications where accuracy and speed are essential.<\/p>\n<figure id=\"attachment_2961\" aria-describedby=\"caption-attachment-2961\" style=\"width: 1080px\" class=\"wp-caption aligncenter\"><img fetchpriority=\"high\" decoding=\"async\" class=\"wp-image-2961 size-full\" title=\"Fazowy laserowy modu\u0142 odleg\u0142o\u015bci\" src=\"https:\/\/meskernel.net\/wp-content\/uploads\/2024\/11\/Phase-Laser-Distance-Module.jpg\" alt=\"Fazowy laserowy modu\u0142 odleg\u0142o\u015bci\" width=\"1080\" height=\"300\" srcset=\"https:\/\/meskernel.net\/wp-content\/uploads\/2024\/11\/Phase-Laser-Distance-Module.jpg 1080w, https:\/\/meskernel.net\/wp-content\/uploads\/2024\/11\/Phase-Laser-Distance-Module-300x83.jpg 300w, https:\/\/meskernel.net\/wp-content\/uploads\/2024\/11\/Phase-Laser-Distance-Module-1024x284.jpg 1024w, https:\/\/meskernel.net\/wp-content\/uploads\/2024\/11\/Phase-Laser-Distance-Module-768x213.jpg 768w, https:\/\/meskernel.net\/wp-content\/uploads\/2024\/11\/Phase-Laser-Distance-Module-400x111.jpg 400w\" sizes=\"(max-width: 1080px) 100vw, 1080px\" \/><figcaption id=\"caption-attachment-2961\" class=\"wp-caption-text\">Fazowy laserowy modu\u0142 odleg\u0142o\u015bci<\/figcaption><\/figure>\n<h3>Kluczowe cechy fazowego laserowego modu\u0142u odleg\u0142o\u015bci:<\/h3>\n<ul>\n<li><strong>Szerokie opcje odleg\u0142o\u015bci<\/strong><br \/>\nSzeroki zakres wybieranych odleg\u0142o\u015bci, dzi\u0119ki czemu nadaje si\u0119 do r\u00f3\u017cnych zastosowa\u0144.<\/li>\n<li><strong>Du\u017ca szybko\u015b\u0107 reakcji<\/strong><br \/>\nMo\u017cliwo\u015bci szybkiego gromadzenia danych, ko\u0144cz\u0105ce pomiary odleg\u0142o\u015bci w ci\u0105gu milisekund.<\/li>\n<li><strong>Wiele interfejs\u00f3w komunikacyjnych<\/strong><br \/>\nObs\u0142uguje r\u00f3\u017cne interfejsy i protoko\u0142y komunikacyjne, w tym RS232, RS485, Bluetooth, Modbus i UART, u\u0142atwiaj\u0105c integracj\u0119 z istniej\u0105cym sterowaniem lub danymi.<\/li>\n<li><strong>Wysoka precyzja pomiaru<\/strong><br \/>\nDzi\u0119ki precyzji zazwyczaj w zakresie milimetr\u00f3w, czujnik ten spe\u0142nia wysokie wymagania dotycz\u0105ce dok\u0142adno\u015bci w zastosowaniach takich jak geodezja i in\u017cynieria budowlana.<\/li>\n<li><strong>Stabilna wydajno\u015b\u0107<\/strong><br \/>\nCzujnik utrzymuje w\u0105ski zakres waha\u0144 danych i wykazuje bardzo niski b\u0142\u0105d powtarzalno\u015bci.<\/li>\n<li><strong>Pomiar bezkontaktowy<\/strong><br \/>\nCzujnik jest zdolny do pomiaru bezdotykowego, odpowiedniego do wykrywania poruszaj\u0105cych si\u0119 obiekt\u00f3w, obiekt\u00f3w o wysokiej lub niskiej temperaturze, cieczy i obiekt\u00f3w o nieregularnych kszta\u0142tach.<\/li>\n<li><strong>Wyj\u0105tkowa dok\u0142adno\u015b\u0107 zapewniaj\u0105ca niezawodne pomiary<\/strong>Je\u015bli chodzi o laserowy pomiar odleg\u0142o\u015bci, czujnik ten wyr\u00f3\u017cnia si\u0119 niezr\u00f3wnan\u0105 dok\u0142adno\u015bci\u0105. Dzi\u0119ki precyzji \u00b1(5 mm + D*(1\/10000)) zapewnia niezawodne wyniki nawet przy du\u017cych odleg\u0142o\u015bciach. Niezale\u017cnie od tego, czy pracujesz w systemach automatyki, robotyce czy zastosowaniach przemys\u0142owych, mo\u017cesz liczy\u0107 na ten czujnik odleg\u0142o\u015bci, kt\u00f3ry zapewnia precyzyjne i sp\u00f3jne pomiary za ka\u017cdym razem.<\/li>\n<li>\u00a0<strong style=\"font-size: 16px;\">Kompaktowy i \u0142atwy w integracji<\/strong>Ten kompaktowy dalmierz laserowy o wymiarach zaledwie 48 x 26 x 13 mm zosta\u0142 zaprojektowany tak, aby idealnie pasowa\u0142 do r\u00f3\u017cnych system\u00f3w, nawet w miejscach o ograniczonej przestrzeni. Jego niewielka obudowa zapewnia elastyczno\u015b\u0107, u\u0142atwiaj\u0105c integracj\u0119 zar\u00f3wno z nowymi systemami, jak i istniej\u0105cymi konfiguracjami. Niezale\u017cnie od tego, czy budujesz nowy projekt automatyzacji, czy modernizujesz system przemys\u0142owy, ten modu\u0142 czujnika laserowego zapewnia bezproblemowy proces integracji bez po\u015bwi\u0119cania wydajno\u015bci.<\/li>\n<li>\u00a0<strong style=\"font-size: 16px;\">Niezawodna wydajno\u015b\u0107 w r\u00f3\u017cnych \u015brodowiskach<\/strong>Dzi\u0119ki zaawansowanej technologii lasera fazowego, to urz\u0105dzenie do pomiaru odleg\u0142o\u015bci zapewnia stabilne i niezawodne dzia\u0142anie w szerokim zakresie \u015brodowisk. Niezale\u017cnie od tego, czy jest u\u017cywany w badaniach laboratoryjnych, maszynach przemys\u0142owych czy instalacjach zewn\u0119trznych, czujnik ten konsekwentnie zapewnia precyzyjne pomiary. Zosta\u0142 zaprojektowany do pracy w trudnych warunkach, oferuj\u0105c d\u0142ugotrwa\u0142\u0105 niezawodno\u015b\u0107 i dok\u0142adno\u015b\u0107 w ka\u017cdym miejscu.<\/li>\n<\/ul>\n<h3 class=\"text-title\"><span class=\"magic-22\">Interfejs PCI<\/span><\/h3>\n<div class=\"text-content\">Obs\u0142uguje transmisj\u0119 Bluetooth, interfejs TTL\/RS232\/RS485 trzy w jednym, dzi\u0119ki czemu transmisja danych jest bardziej wydajna.<\/div>\n<div>\n<figure id=\"attachment_2965\" aria-describedby=\"caption-attachment-2965\" style=\"width: 751px\" class=\"wp-caption aligncenter\"><img decoding=\"async\" class=\"wp-image-2965 size-full\" title=\"Fazowy laserowy modu\u0142 odleg\u0142o\u015bci\" src=\"https:\/\/meskernel.net\/wp-content\/uploads\/2024\/10\/ldk.jpg\" alt=\"Laserowe czujniki przemieszczenia\" width=\"751\" height=\"480\" srcset=\"https:\/\/meskernel.net\/wp-content\/uploads\/2024\/10\/ldk.jpg 751w, https:\/\/meskernel.net\/wp-content\/uploads\/2024\/10\/ldk-300x192.jpg 300w, https:\/\/meskernel.net\/wp-content\/uploads\/2024\/10\/ldk-400x256.jpg 400w\" sizes=\"(max-width: 751px) 100vw, 751px\" \/><figcaption id=\"caption-attachment-2965\" class=\"wp-caption-text\">Laserowe czujniki przemieszczenia<\/figcaption><\/figure>\n<\/div>\n<p>&nbsp;<\/p>\n<p><strong>Dlaczego nabywcy hurtowi wybieraj\u0105 ten fazowy laserowy modu\u0142 odleg\u0142o\u015bci?<\/strong><\/p>\n<p>Dalmierz laserowy oferuje wysok\u0105 dok\u0142adno\u015b\u0107, du\u017c\u0105 szybko\u015b\u0107 pomiaru i trwa\u0142o\u015b\u0107 dla firm, kt\u00f3re chc\u0105 kupowa\u0107 laserowe czujniki odleg\u0142o\u015bci w du\u017cych ilo\u015bciach. Jego elastyczno\u015b\u0107 i kompaktowy rozmiar sprawiaj\u0105, \u017ce nadaje si\u0119 do r\u00f3\u017cnych zastosowa\u0144, w tym automatyki, robotyki i przemys\u0142owych system\u00f3w pomiarowych. Niezale\u017cnie od tego, czy potrzebujesz pojedynczego czujnika, czy setek, to urz\u0105dzenie do pomiaru odleg\u0142o\u015bci oferuje op\u0142acalne i niezawodne rozwi\u0105zania, kt\u00f3re spe\u0142ni\u0105 wymagania Twojej firmy.<\/p>\n<p>Podsumowuj\u0105c, precyzyjny fazowy laserowy modu\u0142 odleg\u0142o\u015bci oferuje idealn\u0105 r\u00f3wnowag\u0119 mi\u0119dzy precyzj\u0105, szybko\u015bci\u0105 i kompaktowo\u015bci\u0105. Niezale\u017cnie od tego, czy pracujesz nad projektem automatyzacji, potrzebujesz dok\u0142adnego wykrywania robot\u00f3w, czy budujesz przemys\u0142owy system pomiarowy, ten modu\u0142 czujnika laserowego jest idealnym wyborem. Jest \u0142atwy w integracji, oferuje niezr\u00f3wnan\u0105 wydajno\u015b\u0107 i jest zbudowany z my\u015bl\u0105 o trwa\u0142o\u015bci. Dzi\u0119ki zaawansowanej technologii i wszechstronno\u015bci zapewnia precyzyjne pomiary przez wiele lat.<\/p>","protected":false},"excerpt":{"rendered":"<p><strong style=\"font-size: 16px;\">Compact and Easy to Integrate:<\/strong>At just 48x26x13mm, this <strong>Fazowy laserowy modu\u0142 odleg\u0142o\u015bci<\/strong> is designed to fit seamlessly into a variety of systems, even in spaces where room is limited. Its small form factor offers flexibility, making it easy to integrate into both new systems and existing setups. Whether you&#8217;re building a new automation project or upgrading an industrial system, this laser sensor module provides a hassle-free integration process without sacrificing performance.<\/p>","protected":false},"featured_media":2208,"template":"","meta":{"site-sidebar-layout":"default","site-content-layout":"","ast-site-content-layout":"default","site-content-style":"default","site-sidebar-style":"default","ast-global-header-display":"","ast-banner-title-visibility":"","ast-main-header-display":"","ast-hfb-above-header-display":"","ast-hfb-below-header-display":"","ast-hfb-mobile-header-display":"","site-post-title":"","ast-breadcrumbs-content":"","ast-featured-img":"","footer-sml-layout":"","ast-disable-related-posts":"","theme-transparent-header-meta":"default","adv-header-id-meta":"","stick-header-meta":"","header-above-stick-meta":"","header-main-stick-meta":"","header-below-stick-meta":"","astra-migrate-meta-layouts":"set","ast-page-background-enabled":"default","ast-page-background-meta":{"desktop":{"background-color":"var(--ast-global-color-4)","background-image":"","background-repeat":"repeat","background-position":"center center","background-size":"auto","background-attachment":"scroll","background-type":"","background-media":"","overlay-type":"","overlay-color":"","overlay-opacity":"","overlay-gradient":""},"tablet":{"background-color":"","background-image":"","background-repeat":"repeat","background-position":"center center","background-size":"auto","background-attachment":"scroll","background-type":"","background-media":"","overlay-type":"","overlay-color":"","overlay-opacity":"","overlay-gradient":""},"mobile":{"background-color":"","background-image":"","background-repeat":"repeat","background-position":"center center","background-size":"auto","background-attachment":"scroll","background-type":"","background-media":"","overlay-type":"","overlay-color":"","overlay-opacity":"","overlay-gradient":""}},"ast-content-background-meta":{"desktop":{"background-color":"var(--ast-global-color-5)","background-image":"","background-repeat":"repeat","background-position":"center center","background-size":"auto","background-attachment":"scroll","background-type":"","background-media":"","overlay-type":"","overlay-color":"","overlay-opacity":"","overlay-gradient":""},"tablet":{"background-color":"var(--ast-global-color-5)","background-image":"","background-repeat":"repeat","background-position":"center center","background-size":"auto","background-attachment":"scroll","background-type":"","background-media":"","overlay-type":"","overlay-color":"","overlay-opacity":"","overlay-gradient":""},"mobile":{"background-color":"var(--ast-global-color-5)","background-image":"","background-repeat":"repeat","background-position":"center center","background-size":"auto","background-attachment":"scroll","background-type":"","background-media":"","overlay-type":"","overlay-color":"","overlay-opacity":"","overlay-gradient":""}}},"product_brand":[60],"product_cat":[51],"product_tag":[],"class_list":{"0":"post-498","1":"product","2":"type-product","3":"status-publish","4":"has-post-thumbnail","6":"product_brand-meskernel","7":"product_cat-laser-distance-sensor","8":"desktop-align-center","9":"tablet-align-left","10":"mobile-align-left","12":"first","13":"instock","14":"shipping-taxable","15":"product-type-simple"},"_links":{"self":[{"href":"https:\/\/meskernel.net\/pl\/wp-json\/wp\/v2\/product\/498","targetHints":{"allow":["GET"]}}],"collection":[{"href":"https:\/\/meskernel.net\/pl\/wp-json\/wp\/v2\/product"}],"about":[{"href":"https:\/\/meskernel.net\/pl\/wp-json\/wp\/v2\/types\/product"}],"version-history":[{"count":0,"href":"https:\/\/meskernel.net\/pl\/wp-json\/wp\/v2\/product\/498\/revisions"}],"wp:featuredmedia":[{"embeddable":true,"href":"https:\/\/meskernel.net\/pl\/wp-json\/wp\/v2\/media\/2208"}],"wp:attachment":[{"href":"https:\/\/meskernel.net\/pl\/wp-json\/wp\/v2\/media?parent=498"}],"wp:term":[{"taxonomy":"product_brand","embeddable":true,"href":"https:\/\/meskernel.net\/pl\/wp-json\/wp\/v2\/product_brand?post=498"},{"taxonomy":"product_cat","embeddable":true,"href":"https:\/\/meskernel.net\/pl\/wp-json\/wp\/v2\/product_cat?post=498"},{"taxonomy":"product_tag","embeddable":true,"href":"https:\/\/meskernel.net\/pl\/wp-json\/wp\/v2\/product_tag?post=498"}],"curies":[{"name":"wp","href":"https:\/\/api.w.org\/{rel}","templated":true}]}}