{"id":5322,"date":"2025-08-08T17:17:44","date_gmt":"2025-08-08T09:17:44","guid":{"rendered":"https:\/\/meskernel.net\/?post_type=product&#038;p=5322"},"modified":"2026-01-27T11:23:55","modified_gmt":"2026-01-27T03:23:55","slug":"zielony-laserowy-czujnik-odleglosci","status":"publish","type":"product","link":"https:\/\/meskernel.net\/pl\/product\/green-laser-distance-sensor\/","title":{"rendered":"200 m Zielony laserowy czujnik odleg\u0142o\u015bci do pomiar\u00f3w zewn\u0119trznych Stopie\u0144 ochrony IP67 Lekki"},"content":{"rendered":"<p>Nasz zielony laserowy czujnik odleg\u0142o\u015bci 200 m zosta\u0142 zaprojektowany tak, aby zapewnia\u0107 dok\u0142adne i niezawodne pomiary odleg\u0142o\u015bci, dzi\u0119ki czemu jest idealnym rozwi\u0105zaniem do r\u00f3\u017cnych zastosowa\u0144 przemys\u0142owych, naukowych i automatyki. Dzi\u0119ki wytrzyma\u0142ej przemys\u0142owej obudowie ochronnej, elastycznym opcjom komunikacji i konfigurowalnym funkcjom, czujnik ten zapewnia p\u0142ynn\u0105 integracj\u0119 z dowolnym systemem. Jako wiod\u0105cy producent oferujemy us\u0142ugi OEM i ODM, aby spe\u0142ni\u0107 okre\u015blone potrzeby, od dostosowania parametr\u00f3w po pe\u0142ne dostosowanie projektu.<\/p>\n<p><img data-dominant-color=\"f8f8f8\" data-has-transparency=\"false\" style=\"--dominant-color: #f8f8f8;\" fetchpriority=\"high\" decoding=\"async\" class=\"aligncenter wp-image-5323 size-full not-transparent\" src=\"https:\/\/meskernel.net\/wp-content\/uploads\/2025\/08\/200m-Green-Laser-Distance-Sensor-for-Outdoor-Measure-with-RS485.webp\" alt=\"Zielony laserowy czujnik odleg\u0142o\u015bci 200 m do pomiar\u00f3w zewn\u0119trznych z RS485\" width=\"697\" height=\"409\" srcset=\"https:\/\/meskernel.net\/wp-content\/uploads\/2025\/08\/200m-Green-Laser-Distance-Sensor-for-Outdoor-Measure-with-RS485.webp 697w, https:\/\/meskernel.net\/wp-content\/uploads\/2025\/08\/200m-Green-Laser-Distance-Sensor-for-Outdoor-Measure-with-RS485-300x176.webp 300w, https:\/\/meskernel.net\/wp-content\/uploads\/2025\/08\/200m-Green-Laser-Distance-Sensor-for-Outdoor-Measure-with-RS485-18x12.webp 18w, https:\/\/meskernel.net\/wp-content\/uploads\/2025\/08\/200m-Green-Laser-Distance-Sensor-for-Outdoor-Measure-with-RS485-400x235.webp 400w\" sizes=\"(max-width: 697px) 100vw, 697px\" \/><\/p>\n<h3>Kluczowe cechy zielonego laserowego czujnika odleg\u0142o\u015bci<\/h3>\n<ul>\n<li><strong>Szeroki zakres pomiarowy: 0,03 m do 200 m<\/strong><\/li>\n<\/ul>\n<p style=\"padding-left: 40px;\">Zielony laserowy czujnik odleg\u0142o\u015bci oferuje imponuj\u0105cy zakres pomiarowy od 0,03 m do 100 m\/150 m\/200 m, zapewniaj\u0105c wyj\u0105tkow\u0105 wszechstronno\u015b\u0107 zar\u00f3wno w przypadku pomiar\u00f3w odleg\u0142o\u015bci kr\u00f3tkiego, jak i dalekiego zasi\u0119gu. Niezale\u017cnie od tego, czy pracujesz nad ma\u0142ymi projektami, czy du\u017cymi aplikacjami przemys\u0142owymi, czujnik ten mo\u017ce dostosowa\u0107 si\u0119 do Twoich wymaga\u0144, oferuj\u0105c sta\u0142\u0105 dok\u0142adno\u015b\u0107 w szerokim zakresie odleg\u0142o\u015bci.<\/p>\n<ul>\n<li><strong>Wyj\u0105tkowa dok\u0142adno\u015b\u0107 i precyzja<\/strong><\/li>\n<\/ul>\n<p style=\"padding-left: 40px;\">Z dok\u0142adno\u015bci\u0105 do <strong>\u00b1<\/strong>(3 mm + D \u00d7 (1\/10000)), gdzie D to mierzona odleg\u0142o\u015b\u0107, czujnik ten zapewnia wysok\u0105 precyzj\u0119 dzia\u0142ania nawet w najbardziej wymagaj\u0105cych \u015brodowiskach. Formu\u0142a ta pozwala na precyzyjne pomiary z minimalnym b\u0142\u0119dem, dzi\u0119ki czemu nadaje si\u0119 do zastosowa\u0144, w kt\u00f3rych liczy si\u0119 ka\u017cdy milimetr, takich jak robotyka, systemy zautomatyzowane i geodezja.<\/p>\n<ul>\n<li><strong>Wiele interfejs\u00f3w komunikacyjnych: TTL, RS485, RS232<\/strong><\/li>\n<\/ul>\n<p style=\"padding-left: 40px;\">Aby u\u0142atwi\u0107 integracj\u0119 z dowolnym systemem, nasz czujnik obs\u0142uguje interfejsy komunikacyjne TTL, RS485 i RS232. Te wszechstronne opcje u\u0142atwiaj\u0105 pod\u0142\u0105czenie czujnika do szerokiej gamy urz\u0105dze\u0144, niezale\u017cnie od tego, czy u\u017cywasz mikrokontroler\u00f3w, system\u00f3w PLC czy innych przemys\u0142owych urz\u0105dze\u0144 steruj\u0105cych. Ta elastyczno\u015b\u0107 zapewnia, \u017ce czujnik mo\u017ce spe\u0142ni\u0107 potrzeby konkretnego projektu w zakresie \u0142\u0105czno\u015bci.<\/p>\n<ul>\n<li><strong>Wytrzyma\u0142a przemys\u0142owa obudowa ochronna<\/strong><\/li>\n<\/ul>\n<p style=\"padding-left: 40px;\">Zaprojektowany, aby wytrzyma\u0107 trudne warunki pracy, precyzyjny czujnik odleg\u0142o\u015bci jest umieszczony w trwa\u0142ej przemys\u0142owej obudowie ochronnej (rozmiar:<strong> LDJ-P4 85,00 x 62,00 x 22,00 mm<\/strong>). Ta ochronna obudowa chroni czujnik przed kurzem, wilgoci\u0105 i uszkodzeniami mechanicznymi, zapewniaj\u0105c niezawodne dzia\u0142anie w trudnych warunkach, takich jak fabryki, place budowy i pola zewn\u0119trzne.<\/p>\n<ul>\n<li><strong>Szeroki zakres cz\u0119stotliwo\u015bci: 3Hz do 20Hz<\/strong><\/li>\n<\/ul>\n<p style=\"padding-left: 40px;\">Dzia\u0142aj\u0105c w zakresie cz\u0119stotliwo\u015bci od 3 Hz do 20 Hz, czujnik zapewnia akwizycj\u0119 danych w czasie rzeczywistym, dzi\u0119ki czemu idealnie nadaje si\u0119 do dynamicznych i szybkich aplikacji. Niezale\u017cnie od tego, czy u\u017cywasz go do<strong> prawdziwy-<\/strong>\u015bledzenie obiekt\u00f3w w czasie, systemy pozycjonowania lub mapowanie odleg\u0142o\u015bci, czujnik mo\u017ce zapewni\u0107 sp\u00f3jne i dok\u0142adne wyniki.<\/p>\n<ul>\n<li><strong>\u0141atwa instalacja z konfigurowalnymi parametrami<\/strong><\/li>\n<\/ul>\n<p style=\"padding-left: 40px;\">Zielony laserowy czujnik odleg\u0142o\u015bci zosta\u0142 zaprojektowany z my\u015bl\u0105 o \u0142atwej instalacji i szybkiej konfiguracji. Rozumiemy, \u017ce ka\u017cda aplikacja jest wyj\u0105tkowa, dlatego oferujemy konfigurowalne parametry, aby spe\u0142ni\u0107 okre\u015blone potrzeby projektu. Niezale\u017cnie od tego, czy potrzebujesz dostosowa\u0107 zakres pomiarowy, dok\u0142adno\u015b\u0107 lub inne parametry wydajno\u015bci, mo\u017cemy dostosowa\u0107 czujnik do Twoich wymaga\u0144. Ponadto, jako producent, \u015bwiadczymy zar\u00f3wno us\u0142ugi OEM, jak i ODM, co pozwala na pe\u0142ne dostosowanie konstrukcji i funkcji czujnika.<\/p>\n<h3>Dlaczego warto wybra\u0107 nasz zielony laserowy czujnik odleg\u0142o\u015bci?<\/h3>\n<p>Jako zaufany producent oferujemy kilka zalet, kt\u00f3re nas wyr\u00f3\u017cniaj\u0105:<\/p>\n<ul>\n<li><strong>Konkurencyjne ceny:<\/strong> Dostarczamy wysokiej jako\u015bci czujniki w cenach fabrycznych, zapewniaj\u0105c najlepsz\u0105 warto\u015b\u0107 inwestycji.<\/li>\n<li><strong>Rozwi\u0105zania niestandardowe:<\/strong> Nasze mo\u017cliwo\u015bci OEM i ODM pozwalaj\u0105 nam tworzy\u0107 czujniki o okre\u015blonych parametrach dostosowanych do Twoich potrzeb. Niezale\u017cnie od tego, czy potrzebujesz niestandardowego rozmiaru obudowy, specjalistycznych protoko\u0142\u00f3w komunikacyjnych czy r\u00f3\u017cnych opcji zakresu, mo\u017cemy zaprojektowa\u0107 rozwi\u0105zanie, kt\u00f3re idealnie sprawdzi si\u0119 w Twojej aplikacji.<\/li>\n<li><strong>Niezawodna obs\u0142uga i wsparcie:<\/strong> Dzi\u0119ki dedykowanemu zespo\u0142owi ekspert\u00f3w oferujemy kompleksowe wsparcie posprzeda\u017cowe i wskaz\u00f3wki przez ca\u0142y cykl \u017cycia produktu. Od pomocy przy instalacji po bie\u017c\u0105ce wsparcie techniczne, jeste\u015bmy zobowi\u0105zani do zapewnienia sukcesu.<\/li>\n<li><strong>Wysoka jako\u015b\u0107 i trwa\u0142o\u015b\u0107:<\/strong> Nasze precyzyjne czujniki odleg\u0142o\u015bci maj\u0105 wytrzyma\u0142\u0105 konstrukcj\u0119 i najwy\u017cszej jako\u015bci komponenty. Utrzymujemy \u015bcis\u0142e standardy kontroli jako\u015bci, zapewniaj\u0105c, \u017ce ka\u017cdy czujnik spe\u0142nia najwy\u017csze standardy wydajno\u015bci.<\/li>\n<\/ul>\n<h3>Zastosowania zielonego laserowego czujnika odleg\u0142o\u015bci:<\/h3>\n<p>Zielony laserowy czujnik odleg\u0142o\u015bci jest idealny do r\u00f3\u017cnych zastosowa\u0144, w tym<\/p>\n<ul>\n<li><strong>Automatyka przemys\u0142owa:<\/strong> Idealny do precyzyjnego pomiaru odleg\u0142o\u015bci, wykrywania obiekt\u00f3w i monitorowania pozycji w zautomatyzowanych systemach.<\/li>\n<li><strong>Robotyka i pojazdy autonomiczne:<\/strong> Idealny do unikania przeszk\u00f3d, pomiaru odleg\u0142o\u015bci i nawigacji w robotyce i systemach autonomicznych.<\/li>\n<li><strong>Geodezja i budownictwo:<\/strong> Dok\u0142adne pomiary na potrzeby topografii, projektowania budynk\u00f3w i mapowania plac\u00f3w budowy.<\/li>\n<li><strong><a href=\"https:\/\/meskernel.net\/pl\/aplikacja\/monitorowanie-srodowiska\/\">Monitorowanie \u015brodowiska<\/a>:<\/strong> S\u0142u\u017cy do pomiaru odleg\u0142o\u015bci w \u015brodowiskach zewn\u0119trznych, takich jak monitorowanie wzrostu ro\u015blin, mapowanie terenu lub pomiary geodezyjne.<\/li>\n<li><strong>Obs\u0142uga materia\u0142\u00f3w i logistyka:<\/strong> Skuteczny w automatyzacji magazyn\u00f3w, systemach przeno\u015bnik\u00f3w ta\u015bmowych i zarz\u0105dzaniu zapasami w czasie rzeczywistym.<\/li>\n<\/ul>\n<p class=\"elementor-heading-title elementor-size-default\"><a href=\"https:\/\/meskernel.net\/pl\/green-laser-vs-red-laser\/\">Laser zielony a laser czerwony: 6 kluczowych r\u00f3\u017cnic przy wyborze najlepszego czujnika<\/a><\/p>\n<p>Nasz zielony laserowy czujnik odleg\u0142o\u015bci to idealny wyb\u00f3r dla tych, kt\u00f3rzy szukaj\u0105 niedrogiego, wysokowydajnego rozwi\u0105zania do pomiaru odleg\u0142o\u015bci. Dzi\u0119ki \u0142atwej instalacji, konfigurowalnym opcjom i trwa\u0142o\u015bci klasy przemys\u0142owej zapewnia dok\u0142adno\u015b\u0107 i niezawodno\u015b\u0107 wymagan\u0105 w wymagaj\u0105cych zastosowaniach. Jako producent oferuj\u0105cy us\u0142ugi OEM i ODM, jeste\u015bmy zaanga\u017cowani w dostarczanie rozwi\u0105za\u0144 dostosowanych do indywidualnych potrzeb. Skontaktuj si\u0119 z nami ju\u017c dzi\u015b, aby dowiedzie\u0107 si\u0119, jak mo\u017cemy pom\u00f3c Ci zintegrowa\u0107 ten wszechstronny precyzyjny czujnik odleg\u0142o\u015bci z Twoim projektem.<\/p>","protected":false},"excerpt":{"rendered":"<p>Szukasz wysokowydajnego, konfigurowalnego precyzyjnego czujnika odleg\u0142o\u015bci? Nasz zielony laserowy czujnik odleg\u0142o\u015bci 200 m oferuje szeroki zakres pomiarowy (od 0,03 m do 200 m), wyj\u0105tkow\u0105 dok\u0142adno\u015b\u0107 i wiele interfejs\u00f3w komunikacyjnych (TTL, RS485, RS232). Umieszczony w wytrzyma\u0142ej przemys\u0142owej obudowie ochronnej, jest idealny do zastosowa\u0144 przemys\u0142owych, robotyki i automatyki. Oferujemy us\u0142ugi OEM i ODM, umo\u017cliwiaj\u0105c dostosowanie parametr\u00f3w do konkretnych potrzeb. Ciesz si\u0119 bezpo\u015brednimi cenami fabrycznymi, niezawodn\u0105 obs\u0142ug\u0105 i najwy\u017csz\u0105 jako\u015bci\u0105 dzia\u0142ania.<\/p>","protected":false},"featured_media":2820,"template":"","meta":{"site-sidebar-layout":"default","site-content-layout":"","ast-site-content-layout":"default","site-content-style":"default","site-sidebar-style":"default","ast-global-header-display":"","ast-banner-title-visibility":"","ast-main-header-display":"","ast-hfb-above-header-display":"","ast-hfb-below-header-display":"","ast-hfb-mobile-header-display":"","site-post-title":"","ast-breadcrumbs-content":"","ast-featured-img":"","footer-sml-layout":"","ast-disable-related-posts":"","theme-transparent-header-meta":"default","adv-header-id-meta":"","stick-header-meta":"","header-above-stick-meta":"","header-main-stick-meta":"","header-below-stick-meta":"","astra-migrate-meta-layouts":"set","ast-page-background-enabled":"default","ast-page-background-meta":{"desktop":{"background-color":"var(--ast-global-color-4)","background-image":"","background-repeat":"repeat","background-position":"center center","background-size":"auto","background-attachment":"scroll","background-type":"","background-media":"","overlay-type":"","overlay-color":"","overlay-opacity":"","overlay-gradient":""},"tablet":{"background-color":"","background-image":"","background-repeat":"repeat","background-position":"center center","background-size":"auto","background-attachment":"scroll","background-type":"","background-media":"","overlay-type":"","overlay-color":"","overlay-opacity":"","overlay-gradient":""},"mobile":{"background-color":"","background-image":"","background-repeat":"repeat","background-position":"center center","background-size":"auto","background-attachment":"scroll","background-type":"","background-media":"","overlay-type":"","overlay-color":"","overlay-opacity":"","overlay-gradient":""}},"ast-content-background-meta":{"desktop":{"background-color":"var(--ast-global-color-5)","background-image":"","background-repeat":"repeat","background-position":"center center","background-size":"auto","background-attachment":"scroll","background-type":"","background-media":"","overlay-type":"","overlay-color":"","overlay-opacity":"","overlay-gradient":""},"tablet":{"background-color":"var(--ast-global-color-5)","background-image":"","background-repeat":"repeat","background-position":"center center","background-size":"auto","background-attachment":"scroll","background-type":"","background-media":"","overlay-type":"","overlay-color":"","overlay-opacity":"","overlay-gradient":""},"mobile":{"background-color":"var(--ast-global-color-5)","background-image":"","background-repeat":"repeat","background-position":"center center","background-size":"auto","background-attachment":"scroll","background-type":"","background-media":"","overlay-type":"","overlay-color":"","overlay-opacity":"","overlay-gradient":""}}},"product_brand":[],"product_cat":[33],"product_tag":[],"class_list":{"0":"post-5322","1":"product","2":"type-product","3":"status-publish","4":"has-post-thumbnail","6":"product_cat-industrial-laser-distance-sensors","7":"desktop-align-center","8":"tablet-align-left","9":"mobile-align-left","11":"first","12":"instock","13":"shipping-taxable","14":"product-type-simple"},"_links":{"self":[{"href":"https:\/\/meskernel.net\/pl\/wp-json\/wp\/v2\/product\/5322","targetHints":{"allow":["GET"]}}],"collection":[{"href":"https:\/\/meskernel.net\/pl\/wp-json\/wp\/v2\/product"}],"about":[{"href":"https:\/\/meskernel.net\/pl\/wp-json\/wp\/v2\/types\/product"}],"version-history":[{"count":0,"href":"https:\/\/meskernel.net\/pl\/wp-json\/wp\/v2\/product\/5322\/revisions"}],"wp:featuredmedia":[{"embeddable":true,"href":"https:\/\/meskernel.net\/pl\/wp-json\/wp\/v2\/media\/2820"}],"wp:attachment":[{"href":"https:\/\/meskernel.net\/pl\/wp-json\/wp\/v2\/media?parent=5322"}],"wp:term":[{"taxonomy":"product_brand","embeddable":true,"href":"https:\/\/meskernel.net\/pl\/wp-json\/wp\/v2\/product_brand?post=5322"},{"taxonomy":"product_cat","embeddable":true,"href":"https:\/\/meskernel.net\/pl\/wp-json\/wp\/v2\/product_cat?post=5322"},{"taxonomy":"product_tag","embeddable":true,"href":"https:\/\/meskernel.net\/pl\/wp-json\/wp\/v2\/product_tag?post=5322"}],"curies":[{"name":"wp","href":"https:\/\/api.w.org\/{rel}","templated":true}]}}