{"id":5854,"date":"2025-09-03T17:44:47","date_gmt":"2025-09-03T09:44:47","guid":{"rendered":"https:\/\/meskernel.net\/?post_type=product&#038;p=5854"},"modified":"2026-01-29T10:08:33","modified_gmt":"2026-01-29T02:08:33","slug":"pomiar-odleglosci-w-czasie-rzeczywistym","status":"publish","type":"product","link":"https:\/\/meskernel.net\/pl\/product\/real-time-distance-measurement\/","title":{"rendered":"LDJU Czujnik pomiaru odleg\u0142o\u015bci w czasie rzeczywistym dla UAV 3000Hz Bez czekania"},"content":{"rendered":"<p class=\"\" data-start=\"86\" data-end=\"363\">Nasz czujnik do pomiaru odleg\u0142o\u015bci w czasie rzeczywistym LDJU o ultrawysokiej cz\u0119stotliwo\u015bci zapewnia pomiary w czasie rzeczywistym z milimetrow\u0105 dok\u0142adno\u015bci\u0105 w zakresie od 0,2 m do 25 m.<\/p>\n<h3 class=\"\" data-start=\"365\" data-end=\"388\"><strong data-start=\"369\" data-end=\"386\">Kluczowe cechy:<\/strong><\/h3>\n<p class=\"\" data-start=\"389\" data-end=\"1038\">\u2705 <strong data-start=\"391\" data-end=\"421\">Pomiar wysokiej cz\u0119stotliwo\u015bci<\/strong> - Obs\u0142uguje ultraszybki zakres od 100 Hz do 3000 Hz, zapewniaj\u0105c szybkie i stabilne przesy\u0142anie danych.<br data-start=\"516\" data-end=\"519\" \/>\u2705 <strong data-start=\"521\" data-end=\"551\" data-is-only-node=\"\">Precyzja na poziomie milimetra<\/strong> - Zapewnia bardzo dok\u0142adne odczyty odleg\u0142o\u015bci dla automatyki przemys\u0142owej i in\u017cynierii precyzyjnej.<br data-start=\"649\" data-end=\"652\" \/>\u2705 <strong data-start=\"654\" data-end=\"688\">Wytrzyma\u0142a obudowa ze stopu aluminium<\/strong> - Metalowa pow\u0142oka zapewnia doskona\u0142\u0105 trwa\u0142o\u015b\u0107, stabilno\u015b\u0107 i odporno\u015b\u0107 na uderzenia zewn\u0119trzne.<br data-start=\"787\" data-end=\"790\" \/>\u2705 <strong data-start=\"792\" data-end=\"819\">Bryzgoszczelno\u015b\u0107 i py\u0142oszczelno\u015b\u0107<\/strong> - Zaprojektowany dla wymagaj\u0105cych \u015brodowisk, oferuj\u0105cy siln\u0105 ochron\u0119 przed kurzem i wod\u0105.<br data-start=\"911\" data-end=\"914\" \/>\u2705 <strong data-start=\"916\" data-end=\"953\">Wiele interfejs\u00f3w komunikacyjnych<\/strong> - Obs\u0142uguje interfejsy USART, RS485 i RS232, zapewniaj\u0105c p\u0142ynn\u0105 integracj\u0119 systemu.<\/p>\n<p class=\"\" data-start=\"1040\" data-end=\"1244\">Idealny do zastosowa\u0144 w automatyce przemys\u0142owej, robotyce, logistyce i pozycjonowaniu, ten czujnik pomiaru odleg\u0142o\u015bci w czasie rzeczywistym zapewnia niezr\u00f3wnan\u0105 szybko\u015b\u0107, precyzj\u0119 i niezawodno\u015b\u0107 pomiaru odleg\u0142o\u015bci.<\/p>\n<h3>Por\u00f3wnanie produkt\u00f3w<\/h3>\n<p><img data-dominant-color=\"e0e0df\" data-has-transparency=\"false\" style=\"--dominant-color: #e0e0df;\" fetchpriority=\"high\" decoding=\"async\" class=\"alignleft wp-image-5856 size-full not-transparent\" src=\"https:\/\/meskernel.net\/wp-content\/uploads\/2025\/09\/Real-Time-Ranging-Sensor.webp\" alt=\"Czujnik pomiaru odleg\u0142o\u015bci w czasie rzeczywistym\" width=\"1112\" height=\"339\" srcset=\"https:\/\/meskernel.net\/wp-content\/uploads\/2025\/09\/Real-Time-Ranging-Sensor.webp 1112w, https:\/\/meskernel.net\/wp-content\/uploads\/2025\/09\/Real-Time-Ranging-Sensor-300x91.webp 300w, https:\/\/meskernel.net\/wp-content\/uploads\/2025\/09\/Real-Time-Ranging-Sensor-1024x312.webp 1024w, https:\/\/meskernel.net\/wp-content\/uploads\/2025\/09\/Real-Time-Ranging-Sensor-768x234.webp 768w, https:\/\/meskernel.net\/wp-content\/uploads\/2025\/09\/Real-Time-Ranging-Sensor-18x5.webp 18w, https:\/\/meskernel.net\/wp-content\/uploads\/2025\/09\/Real-Time-Ranging-Sensor-400x122.webp 400w\" sizes=\"(max-width: 1112px) 100vw, 1112px\" \/><\/p>\n<h3 class=\"\" data-start=\"1046\" data-end=\"1070\"><strong data-start=\"1050\" data-end=\"1068\">Dlaczego warto wybra\u0107 nas?<\/strong><\/h3>\n<p class=\"\" data-start=\"1071\" data-end=\"1716\">Jako profesjonalista <a href=\"https:\/\/www.globalsources.com\/chengdu-meskernel\/showroom_6002100157315.htm\" target=\"_blank\" rel=\"noopener\">producent laserowych czujnik\u00f3w odleg\u0142o\u015bci<\/a>Zapewniamy us\u0142ugi dostosowywania OEM i ODM, aby spe\u0142ni\u0107 okre\u015blone wymagania aplikacji. W przeciwie\u0144stwie do standardowych rozwi\u0105za\u0144, oferujemy<br data-start=\"1261\" data-end=\"1264\" \/>\u2714 <strong data-start=\"1266\" data-end=\"1293\">Konfigurowalne parametry<\/strong> - Dostosuj cz\u0119stotliwo\u015b\u0107, szybko\u015b\u0107 transmisji, zakres pomiarowy i inne ustawienia do potrzeb projektu.<br data-start=\"1387\" data-end=\"1390\" \/>\u2714 <strong data-start=\"1392\" data-end=\"1428\">Elastyczne protoko\u0142y komunikacyjne<\/strong> - Dostosuj czujnik, aby p\u0142ynnie integrowa\u0142 si\u0119 z istniej\u0105cym systemem.<br data-start=\"1499\" data-end=\"1502\" \/>\u2714 <strong data-start=\"1504\" data-end=\"1530\">Bezpo\u015brednie ceny fabryczne<\/strong> - Ciesz si\u0119 <strong data-start=\"1539\" data-end=\"1557\">op\u0142acalny<\/strong> rozwi\u0105zania bez mar\u017c po\u015brednik\u00f3w.<br data-start=\"1594\" data-end=\"1597\" \/>\u2714 <strong data-start=\"1599\" data-end=\"1633\">Profesjonalne wsparcie techniczne<\/strong> - Nasz do\u015bwiadczony zesp\u00f3\u0142 badawczo-rozwojowy zapewnia optymaln\u0105 wydajno\u015b\u0107 i szybkie rozwi\u0105zywanie problem\u00f3w.<\/p>\n<p class=\"\" data-start=\"1718\" data-end=\"1961\">Dzi\u0119ki ponad 20-letniemu do\u015bwiadczeniu w technologii pomiar\u00f3w laserowych zapewniamy wysokiej jako\u015bci, konfigurowalne rozwi\u0105zania, kt\u00f3re zwi\u0119kszaj\u0105 wydajno\u015b\u0107 i precyzj\u0119 w zastosowaniach przemys\u0142owych. Skontaktuj si\u0119 z nami ju\u017c dzi\u015b, aby om\u00f3wi\u0107 swoje specyficzne wymagania!<a href=\"https:\/\/meskernel.net\/pl\/pobieranie\/\"><strong>Pobierz nasz\u0105 instrukcj\u0119 obs\u0142ugi<\/strong><\/a><\/p>\n<h3 data-start=\"177\" data-end=\"228\"><img data-dominant-color=\"6e7975\" data-has-transparency=\"false\" style=\"--dominant-color: #6e7975;\" decoding=\"async\" class=\"aligncenter wp-image-5603 size-full not-transparent\" src=\"https:\/\/meskernel.net\/wp-content\/uploads\/2025\/08\/Meskernel-Laser-Distance-Sensor.webp\" alt=\"Laserowy czujnik odleg\u0142o\u015bci Meskernel\" width=\"750\" height=\"669\" srcset=\"https:\/\/meskernel.net\/wp-content\/uploads\/2025\/08\/Meskernel-Laser-Distance-Sensor.webp 750w, https:\/\/meskernel.net\/wp-content\/uploads\/2025\/08\/Meskernel-Laser-Distance-Sensor-300x268.webp 300w, https:\/\/meskernel.net\/wp-content\/uploads\/2025\/08\/Meskernel-Laser-Distance-Sensor-13x12.webp 13w, https:\/\/meskernel.net\/wp-content\/uploads\/2025\/08\/Meskernel-Laser-Distance-Sensor-400x357.webp 400w\" sizes=\"(max-width: 750px) 100vw, 750px\" \/><\/h3>\n<p><a class=\"wps-ellipsis-parent wps-internal-link\" href=\"https:\/\/meskernel.net\/pl\/single-point-laser-distance-sensors\/\" aria-label=\"Jak wybra\u0107 najlepsze jednopunktowe laserowe czujniki odleg\u0142o\u015bci dla \u0142adunku UAV (\/pl\/single-point-laser-distance-sensors\/)\"><span class=\"wps-ellipsis-text\">Jak wybra\u0107 najlepsze jednopunktowe laserowe czujniki odleg\u0142o\u015bci dla \u0142adunku UAV?\u00a0<\/span><\/a><\/p>\n<h3 data-start=\"177\" data-end=\"228\">FAQ<\/h3>\n<h5 data-start=\"230\" data-end=\"290\">1. Co to jest czujnik pomiaru odleg\u0142o\u015bci w czasie rzeczywistym?<\/h5>\n<p class=\"\" data-start=\"291\" data-end=\"606\">Czujnik pomiaru odleg\u0142o\u015bci w czasie rzeczywistym mierzy odleg\u0142o\u015b\u0107, obliczaj\u0105c czas potrzebny wi\u0105zce lasera na dotarcie do celu i powr\u00f3t. Metoda ta zapewnia szybkie, dok\u0142adne i niezawodne pomiary odleg\u0142o\u015bci, dzi\u0119ki czemu idealnie nadaje si\u0119 do zastosowa\u0144 w automatyce przemys\u0142owej, robotyce i precyzyjnym monitorowaniu.<\/p>\n<hr class=\"\" data-start=\"608\" data-end=\"611\" \/>\n<h5 data-start=\"613\" data-end=\"702\">2. Jaki jest zakres pomiarowy czujnika do pomiaru odleg\u0142o\u015bci w czasie rzeczywistym?<\/h5>\n<p class=\"\" data-start=\"703\" data-end=\"864\">Nasz czujnik obs\u0142uguje zakres pomiarowy od 0,2 metra do 25 metr\u00f3w, zapewniaj\u0105c dok\u0142adn\u0105 wydajno\u015b\u0107 zar\u00f3wno w zastosowaniach przemys\u0142owych kr\u00f3tkiego, jak i \u015bredniego zasi\u0119gu.<\/p>\n<hr class=\"\" data-start=\"866\" data-end=\"869\" \/>\n<h5 data-start=\"871\" data-end=\"925\">3. Jak dok\u0142adny jest czujnik pomiaru odleg\u0142o\u015bci w czasie rzeczywistym?<\/h5>\n<p class=\"\" data-start=\"926\" data-end=\"1106\">Czujnik ten zapewnia dok\u0142adno\u015b\u0107 na poziomie milimetra, dzi\u0119ki czemu doskonale sprawdza si\u0119 w wymagaj\u0105cych precyzji \u015brodowiskach, takich jak produkcja, systemy inspekcji i zautomatyzowana kontrola.<\/p>\n<hr class=\"\" data-start=\"1746\" data-end=\"1749\" \/>\n<h5 data-start=\"1751\" data-end=\"1802\">4. Jakie interfejsy komunikacyjne s\u0105 obs\u0142ugiwane?<\/h5>\n<p class=\"\" data-start=\"1803\" data-end=\"2013\">Nasz laserowy czujnik odleg\u0142o\u015bci 1000 Hz obs\u0142uguje interfejsy USART, RS485 i RS232, umo\u017cliwiaj\u0105c \u0142atw\u0105 i elastyczn\u0105 integracj\u0119 z istniej\u0105cymi przemys\u0142owymi systemami sterowania, sterownikami PLC i platformami IoT.<\/p>\n<hr class=\"\" data-start=\"2015\" data-end=\"2018\" \/>\n<h5 data-start=\"2020\" data-end=\"2096\">5. Czy mo\u017cna dostosowa\u0107 cz\u0119stotliwo\u015b\u0107, szybko\u015b\u0107 transmisji i zasi\u0119g czujnika laserowego?<\/h5>\n<p class=\"\" data-start=\"2097\" data-end=\"2293\">Tak. Jako producent oferujemy konfigurowalne rozwi\u0105zania, w tym regulowan\u0105 cz\u0119stotliwo\u015b\u0107 pr\u00f3bkowania, szybko\u015b\u0107 transmisji i zakres pomiarowy, aby idealnie dopasowa\u0107 si\u0119 do konkretnych potrzeb projektu.<\/p>\n<p class=\"\" data-start=\"3185\" data-end=\"3227\">","protected":false},"excerpt":{"rendered":"<p>Ten modu\u0142 czujnika pomiaru odleg\u0142o\u015bci w czasie rzeczywistym o stabilnej wydajno\u015bci, szeroko stosowany w autonomicznej je\u017adzie, radarowym unikaniu przeszk\u00f3d, inteligentnej ochronie transportu logistycznego, lotnictwie morskim, automatyce przemys\u0142owej i innych obszarach.<\/p>","protected":false},"featured_media":5855,"template":"","meta":{"site-sidebar-layout":"default","site-content-layout":"","ast-site-content-layout":"default","site-content-style":"default","site-sidebar-style":"default","ast-global-header-display":"","ast-banner-title-visibility":"","ast-main-header-display":"","ast-hfb-above-header-display":"","ast-hfb-below-header-display":"","ast-hfb-mobile-header-display":"","site-post-title":"","ast-breadcrumbs-content":"","ast-featured-img":"","footer-sml-layout":"","ast-disable-related-posts":"","theme-transparent-header-meta":"default","adv-header-id-meta":"","stick-header-meta":"","header-above-stick-meta":"","header-main-stick-meta":"","header-below-stick-meta":"","astra-migrate-meta-layouts":"set","ast-page-background-enabled":"default","ast-page-background-meta":{"desktop":{"background-color":"var(--ast-global-color-4)","background-image":"","background-repeat":"repeat","background-position":"center center","background-size":"auto","background-attachment":"scroll","background-type":"","background-media":"","overlay-type":"","overlay-color":"","overlay-opacity":"","overlay-gradient":""},"tablet":{"background-color":"","background-image":"","background-repeat":"repeat","background-position":"center center","background-size":"auto","background-attachment":"scroll","background-type":"","background-media":"","overlay-type":"","overlay-color":"","overlay-opacity":"","overlay-gradient":""},"mobile":{"background-color":"","background-image":"","background-repeat":"repeat","background-position":"center center","background-size":"auto","background-attachment":"scroll","background-type":"","background-media":"","overlay-type":"","overlay-color":"","overlay-opacity":"","overlay-gradient":""}},"ast-content-background-meta":{"desktop":{"background-color":"var(--ast-global-color-5)","background-image":"","background-repeat":"repeat","background-position":"center center","background-size":"auto","background-attachment":"scroll","background-type":"","background-media":"","overlay-type":"","overlay-color":"","overlay-opacity":"","overlay-gradient":""},"tablet":{"background-color":"var(--ast-global-color-5)","background-image":"","background-repeat":"repeat","background-position":"center center","background-size":"auto","background-attachment":"scroll","background-type":"","background-media":"","overlay-type":"","overlay-color":"","overlay-opacity":"","overlay-gradient":""},"mobile":{"background-color":"var(--ast-global-color-5)","background-image":"","background-repeat":"repeat","background-position":"center center","background-size":"auto","background-attachment":"scroll","background-type":"","background-media":"","overlay-type":"","overlay-color":"","overlay-opacity":"","overlay-gradient":""}}},"product_brand":[],"product_cat":[32,52],"product_tag":[],"class_list":{"0":"post-5854","1":"product","2":"type-product","3":"status-publish","4":"has-post-thumbnail","6":"product_cat-high-frequency-ranging-sensor-module","7":"product_cat-phase-distance-sensor","8":"desktop-align-center","9":"tablet-align-left","10":"mobile-align-left","12":"first","13":"instock","14":"shipping-taxable","15":"product-type-simple"},"_links":{"self":[{"href":"https:\/\/meskernel.net\/pl\/wp-json\/wp\/v2\/product\/5854","targetHints":{"allow":["GET"]}}],"collection":[{"href":"https:\/\/meskernel.net\/pl\/wp-json\/wp\/v2\/product"}],"about":[{"href":"https:\/\/meskernel.net\/pl\/wp-json\/wp\/v2\/types\/product"}],"version-history":[{"count":0,"href":"https:\/\/meskernel.net\/pl\/wp-json\/wp\/v2\/product\/5854\/revisions"}],"wp:featuredmedia":[{"embeddable":true,"href":"https:\/\/meskernel.net\/pl\/wp-json\/wp\/v2\/media\/5855"}],"wp:attachment":[{"href":"https:\/\/meskernel.net\/pl\/wp-json\/wp\/v2\/media?parent=5854"}],"wp:term":[{"taxonomy":"product_brand","embeddable":true,"href":"https:\/\/meskernel.net\/pl\/wp-json\/wp\/v2\/product_brand?post=5854"},{"taxonomy":"product_cat","embeddable":true,"href":"https:\/\/meskernel.net\/pl\/wp-json\/wp\/v2\/product_cat?post=5854"},{"taxonomy":"product_tag","embeddable":true,"href":"https:\/\/meskernel.net\/pl\/wp-json\/wp\/v2\/product_tag?post=5854"}],"curies":[{"name":"wp","href":"https:\/\/api.w.org\/{rel}","templated":true}]}}