{"id":5966,"date":"2025-09-25T11:33:46","date_gmt":"2025-09-25T03:33:46","guid":{"rendered":"https:\/\/meskernel.net\/?post_type=product&#038;p=5966"},"modified":"2025-10-10T10:25:46","modified_gmt":"2025-10-10T02:25:46","slug":"laserowy-czujnik-tof","status":"publish","type":"product","link":"https:\/\/meskernel.net\/pl\/product\/laser-tof-sensor\/","title":{"rendered":"Laserowy czujnik ToF LDJ-P7 150 m do precyzyjnego pomiaru odleg\u0142o\u015bci, stopie\u0144 ochrony IP67 i najlepsza cena"},"content":{"rendered":"<h2 data-start=\"662\" data-end=\"992\">Laserowy czujnik ToF LDJ-P7 150m\/200m | Modu\u0142 przemys\u0142owy IP67<\/h2>\n<p data-start=\"662\" data-end=\"992\">Laserowy czujnik ToF LDJ-P7 to wysokowydajny modu\u0142 pomiaru odleg\u0142o\u015bci przeznaczony do wymagaj\u0105cych zastosowa\u0144 przemys\u0142owych i zewn\u0119trznych. Dzi\u0119ki zakresowi pomiarowemu od 0,03 m do 200 m i dok\u0142adno\u015bci wynosz\u0105cej <strong data-start=\"887\" data-end=\"909\">\u00b1<\/strong>(3 mm + D\/10 000), zapewnia stabilne i wiarygodne dane dotycz\u0105ce odleg\u0142o\u015bci nawet w trudnych warunkach.<\/p>\n<p data-start=\"994\" data-end=\"1460\">Czujnik ten posiada wytrzyma\u0142\u0105 obudow\u0119 o stopniu ochrony IP67, zapewniaj\u0105c\u0105 ochron\u0119 przed kurzem i wod\u0105, a jego szeroka temperatura pracy (-10 \u2103 do 50 \u2103) sprawia, \u017ce nadaje si\u0119 do ca\u0142orocznego zastosowania. Obs\u0142uguj\u0105c opcje czerwonego\/zielonego lasera, wiele cz\u0119stotliwo\u015bci wyj\u015bciowych (do 30 Hz) i wszechstronne interfejsy komunikacyjne (RS485, RS232, USART), LDJ-P7 oferuje p\u0142ynn\u0105 integracj\u0119 z AGV, UAV, robotyk\u0105, budownictwem i inteligentnymi systemami monitorowania ruchu.<\/p>\n<p><img data-dominant-color=\"c3c3c4\" data-has-transparency=\"false\" style=\"--dominant-color: #c3c3c4;\" fetchpriority=\"high\" decoding=\"async\" class=\"aligncenter wp-image-5970 size-full not-transparent\" src=\"https:\/\/meskernel.net\/wp-content\/uploads\/2025\/09\/Laser-ToF-Distance-Sensor.webp\" alt=\"Laserowy czujnik odleg\u0142o\u015bci ToF\" width=\"696\" height=\"454\" srcset=\"https:\/\/meskernel.net\/wp-content\/uploads\/2025\/09\/Laser-ToF-Distance-Sensor.webp 696w, https:\/\/meskernel.net\/wp-content\/uploads\/2025\/09\/Laser-ToF-Distance-Sensor-300x196.webp 300w, https:\/\/meskernel.net\/wp-content\/uploads\/2025\/09\/Laser-ToF-Distance-Sensor-18x12.webp 18w, https:\/\/meskernel.net\/wp-content\/uploads\/2025\/09\/Laser-ToF-Distance-Sensor-400x261.webp 400w\" sizes=\"(max-width: 696px) 100vw, 696px\" \/><\/p>\n<hr data-start=\"1724\" data-end=\"1727\" \/>\n<h2 data-start=\"964\" data-end=\"993\">Kluczowe specyfikacje<\/h2>\n<ul data-start=\"995\" data-end=\"1361\">\n<li data-start=\"995\" data-end=\"1046\">\n<p data-start=\"997\" data-end=\"1046\">Zakres pomiaru: 0.03 - 100 \/ 150 \/ 200 m<\/p>\n<\/li>\n<li data-start=\"1047\" data-end=\"1083\">\n<p data-start=\"1049\" data-end=\"1083\">Dok\u0142adno\u015b\u0107: \u00b1(3 mm + D\/10,000)<\/p>\n<\/li>\n<li data-start=\"1084\" data-end=\"1118\">\n<p data-start=\"1086\" data-end=\"1118\">Opcje lasera: Czerwony \/ Zielony<\/p>\n<\/li>\n<li data-start=\"1119\" data-end=\"1172\">\n<p data-start=\"1121\" data-end=\"1172\">Stopie\u0144 ochrony: wodoodporno\u015b\u0107 i py\u0142oszczelno\u015b\u0107 IP67<\/p>\n<\/li>\n<li data-start=\"1173\" data-end=\"1214\">\n<p data-start=\"1175\" data-end=\"1214\">Temperatura pracy: od -10\u00b0C do +50\u00b0C<\/p>\n<\/li>\n<li data-start=\"1215\" data-end=\"1236\">\n<p data-start=\"1217\" data-end=\"1236\">Waga: 446 g<\/p>\n<\/li>\n<li data-start=\"1237\" data-end=\"1275\">\n<p data-start=\"1239\" data-end=\"1275\">Cz\u0119stotliwo\u015b\u0107: 3 \/ 10 \/ 20 \/ 30 Hz<\/p>\n<\/li>\n<li data-start=\"1276\" data-end=\"1315\">\n<p data-start=\"1278\" data-end=\"1315\">Interfejsy: RS485, RS232, USART<\/p>\n<\/li>\n<li data-start=\"1316\" data-end=\"1361\">\n<p data-start=\"1318\" data-end=\"1361\">Wymiary: 122,00 \u00d7 84,00 \u00d7 37,00 mm<\/p>\n<\/li>\n<\/ul>\n<hr data-start=\"1724\" data-end=\"1727\" \/>\n<h2 data-start=\"646\" data-end=\"695\">Kluczowe cechy laserowego czujnika ToF LDJ-P7<\/h2>\n<ul data-start=\"697\" data-end=\"1240\">\n<li data-start=\"697\" data-end=\"841\">\n<p data-start=\"699\" data-end=\"841\">Wytrzyma\u0142y korpus ze stopu aluminium - metalowa obudowa o wysokiej wytrzyma\u0142o\u015bci zapewnia wi\u0119ksz\u0105 trwa\u0142o\u015b\u0107, stabilno\u015b\u0107 i odporno\u015b\u0107 na wibracje.<\/p>\n<\/li>\n<li data-start=\"842\" data-end=\"1035\">\n<p data-start=\"844\" data-end=\"1035\">Zaawansowany stopie\u0144 ochrony IP67 - zapewnia pe\u0142n\u0105 py\u0142oszczelno\u015b\u0107 i odporno\u015b\u0107 na zachlapania, umo\u017cliwiaj\u0105c stabiln\u0105 prac\u0119 w automatyce przemys\u0142owej, pomiarach zewn\u0119trznych<strong data-start=\"966\" data-end=\"1032\">, <\/strong>i aplikacje UAV.<\/p>\n<\/li>\n<li data-start=\"1036\" data-end=\"1240\">\n<p data-start=\"1038\" data-end=\"1240\">Elastyczne opcje \u0142\u0105czno\u015bci - Wyposa\u017cony w interfejsy RS232, RS485 i USART w celu zapewnienia p\u0142ynnej integracji z szerok\u0105 gam\u0105 system\u00f3w sterowania, pojazd\u00f3w AGV i platform akwizycji danych.<\/p>\n<\/li>\n<\/ul>\n<hr data-start=\"1724\" data-end=\"1727\" \/>\n<h2>Scenariusze zastosowa\u0144<\/h2>\n<p><img data-dominant-color=\"79828b\" data-has-transparency=\"true\" style=\"--dominant-color: #79828b;\" decoding=\"async\" class=\"aligncenter wp-image-5974 size-full has-transparency\" src=\"https:\/\/meskernel.net\/wp-content\/uploads\/2025\/09\/laser-tof-sensor-applications.webp\" alt=\"zastosowania czujnik\u00f3w laserowych tof\" width=\"1923\" height=\"406\" srcset=\"https:\/\/meskernel.net\/wp-content\/uploads\/2025\/09\/laser-tof-sensor-applications.webp 1923w, https:\/\/meskernel.net\/wp-content\/uploads\/2025\/09\/laser-tof-sensor-applications-300x63.webp 300w, https:\/\/meskernel.net\/wp-content\/uploads\/2025\/09\/laser-tof-sensor-applications-1024x216.webp 1024w, https:\/\/meskernel.net\/wp-content\/uploads\/2025\/09\/laser-tof-sensor-applications-768x162.webp 768w, https:\/\/meskernel.net\/wp-content\/uploads\/2025\/09\/laser-tof-sensor-applications-1536x324.webp 1536w, https:\/\/meskernel.net\/wp-content\/uploads\/2025\/09\/laser-tof-sensor-applications-18x4.webp 18w, https:\/\/meskernel.net\/wp-content\/uploads\/2025\/09\/laser-tof-sensor-applications-400x84.webp 400w\" sizes=\"(max-width: 1923px) 100vw, 1923px\" \/><\/p>\n<p><strong>Automatyka przemys\u0142owa<\/strong><\/p>\n<p>LDJ-P7 umo\u017cliwia bezdotykowy pomiar odleg\u0142o\u015bci w zautomatyzowanych liniach produkcyjnych, systemach przeno\u015bnik\u00f3w i ramionach robot\u00f3w, zapewniaj\u0105c precyzj\u0119 i wydajno\u015b\u0107.<\/p>\n<p><strong>Nawigacja UAV i dron\u00f3w<\/strong><\/p>\n<p>Dzi\u0119ki swojej lekko\u015bci i mo\u017cliwo\u015bci dalekiego zasi\u0119gu ToF, czujnik ten obs\u0142uguje mapowanie oparte na dronach, unikanie przeszk\u00f3d i \u015bledzenie terenu.<\/p>\n<p><strong><a href=\"https:\/\/meskernel.net\/pl\/aplikacja\/surveying-and-geospatial-analysis\/\">Geodezja i mapowanie<\/a><\/strong><\/p>\n<p>In\u017cynierowie i geodeci mog\u0105 polega\u0107 na 200-metrowym czujniku laserowym dalekiego zasi\u0119gu do monitorowania placu budowy, gromadzenia danych geograficznych i pomiar\u00f3w odleg\u0142o\u015bci.<\/p>\n<p><strong>Inteligentny transport i bezpiecze\u0144stwo<\/strong><\/p>\n<p>Czujnik mo\u017cna zintegrowa\u0107 z systemami wykrywania pojazd\u00f3w, monitorowania ruchu i barierami bezpiecze\u0144stwa, oferuj\u0105c niezawodne pomiary w czasie rzeczywistym.<\/p>\n<p><strong>Trudne warunki zewn\u0119trzne<\/strong><\/p>\n<p>Dzi\u0119ki stopniowi ochrony IP67, LDJ-P7 dzia\u0142a niezawodnie w zakurzonych, deszczowych lub trudnych warunkach zewn\u0119trznych<\/p>\n<hr data-start=\"2286\" data-end=\"2289\" \/>\n<h2 data-start=\"2348\" data-end=\"2407\">Dlaczego warto wybra\u0107 laserowy czujnik ToF LDJ-P7?<\/h2>\n<p data-start=\"2409\" data-end=\"2795\">W przeciwie\u0144stwie do konwencjonalnych optycznych czujnik\u00f3w odleg\u0142o\u015bci, LDJ-P7 wykorzystuje zaawansowan\u0105 technologi\u0119 Time-of-Flight, aby zapewni\u0107 szybkie, stabilne i bardzo dok\u0142adne wyniki na du\u017cych odleg\u0142o\u015bciach. Niezale\u017cnie od tego, czy potrzebujesz przemys\u0142owego laserowego czujnika odleg\u0142o\u015bci, modu\u0142u pomiaru odleg\u0142o\u015bci dla pojazd\u00f3w AGV, czy zewn\u0119trznego czujnika laserowego o stopniu ochrony IP67, LDJ-P7 zapewnia wszechstronne i ekonomiczne rozwi\u0105zanie.<\/p>\n<p data-start=\"3365\" data-end=\"3480\">","protected":false},"excerpt":{"rendered":"<p>Laserowy czujnik ToF LDJ-P7 zapewnia precyzyjny pomiar dalekiego zasi\u0119gu do 200 m ze stopniem ochrony IP67, dzi\u0119ki czemu idealnie nadaje si\u0119 do automatyki przemys\u0142owej, nawigacji UAV, pomiar\u00f3w i trudnych warunk\u00f3w zewn\u0119trznych. Dzi\u0119ki wielu opcjom cz\u0119stotliwo\u015bci (3\/10\/20\/30 Hz) i interfejsom, w tym RS485, RS232 i USART, zapewnia niezawodne dzia\u0142anie w szerokim zakresie zastosowa\u0144.<\/p>","protected":false},"featured_media":5971,"template":"","meta":{"site-sidebar-layout":"default","site-content-layout":"","ast-site-content-layout":"default","site-content-style":"default","site-sidebar-style":"default","ast-global-header-display":"","ast-banner-title-visibility":"","ast-main-header-display":"","ast-hfb-above-header-display":"","ast-hfb-below-header-display":"","ast-hfb-mobile-header-display":"","site-post-title":"","ast-breadcrumbs-content":"","ast-featured-img":"","footer-sml-layout":"","ast-disable-related-posts":"","theme-transparent-header-meta":"default","adv-header-id-meta":"","stick-header-meta":"","header-above-stick-meta":"","header-main-stick-meta":"","header-below-stick-meta":"","astra-migrate-meta-layouts":"set","ast-page-background-enabled":"default","ast-page-background-meta":{"desktop":{"background-color":"var(--ast-global-color-4)","background-image":"","background-repeat":"repeat","background-position":"center center","background-size":"auto","background-attachment":"scroll","background-type":"","background-media":"","overlay-type":"","overlay-color":"","overlay-opacity":"","overlay-gradient":""},"tablet":{"background-color":"","background-image":"","background-repeat":"repeat","background-position":"center center","background-size":"auto","background-attachment":"scroll","background-type":"","background-media":"","overlay-type":"","overlay-color":"","overlay-opacity":"","overlay-gradient":""},"mobile":{"background-color":"","background-image":"","background-repeat":"repeat","background-position":"center center","background-size":"auto","background-attachment":"scroll","background-type":"","background-media":"","overlay-type":"","overlay-color":"","overlay-opacity":"","overlay-gradient":""}},"ast-content-background-meta":{"desktop":{"background-color":"var(--ast-global-color-5)","background-image":"","background-repeat":"repeat","background-position":"center center","background-size":"auto","background-attachment":"scroll","background-type":"","background-media":"","overlay-type":"","overlay-color":"","overlay-opacity":"","overlay-gradient":""},"tablet":{"background-color":"var(--ast-global-color-5)","background-image":"","background-repeat":"repeat","background-position":"center center","background-size":"auto","background-attachment":"scroll","background-type":"","background-media":"","overlay-type":"","overlay-color":"","overlay-opacity":"","overlay-gradient":""},"mobile":{"background-color":"var(--ast-global-color-5)","background-image":"","background-repeat":"repeat","background-position":"center center","background-size":"auto","background-attachment":"scroll","background-type":"","background-media":"","overlay-type":"","overlay-color":"","overlay-opacity":"","overlay-gradient":""}}},"product_brand":[],"product_cat":[33],"product_tag":[],"class_list":{"0":"post-5966","1":"product","2":"type-product","3":"status-publish","4":"has-post-thumbnail","6":"product_cat-industrial-laser-distance-sensors","7":"desktop-align-center","8":"tablet-align-left","9":"mobile-align-left","11":"first","12":"instock","13":"shipping-taxable","14":"product-type-simple"},"_links":{"self":[{"href":"https:\/\/meskernel.net\/pl\/wp-json\/wp\/v2\/product\/5966","targetHints":{"allow":["GET"]}}],"collection":[{"href":"https:\/\/meskernel.net\/pl\/wp-json\/wp\/v2\/product"}],"about":[{"href":"https:\/\/meskernel.net\/pl\/wp-json\/wp\/v2\/types\/product"}],"version-history":[{"count":0,"href":"https:\/\/meskernel.net\/pl\/wp-json\/wp\/v2\/product\/5966\/revisions"}],"wp:featuredmedia":[{"embeddable":true,"href":"https:\/\/meskernel.net\/pl\/wp-json\/wp\/v2\/media\/5971"}],"wp:attachment":[{"href":"https:\/\/meskernel.net\/pl\/wp-json\/wp\/v2\/media?parent=5966"}],"wp:term":[{"taxonomy":"product_brand","embeddable":true,"href":"https:\/\/meskernel.net\/pl\/wp-json\/wp\/v2\/product_brand?post=5966"},{"taxonomy":"product_cat","embeddable":true,"href":"https:\/\/meskernel.net\/pl\/wp-json\/wp\/v2\/product_cat?post=5966"},{"taxonomy":"product_tag","embeddable":true,"href":"https:\/\/meskernel.net\/pl\/wp-json\/wp\/v2\/product_tag?post=5966"}],"curies":[{"name":"wp","href":"https:\/\/api.w.org\/{rel}","templated":true}]}}