{"id":6104,"date":"2025-10-20T09:29:29","date_gmt":"2025-10-20T01:29:29","guid":{"rendered":"https:\/\/meskernel.net\/?post_type=product&#038;p=6104"},"modified":"2025-11-04T10:46:33","modified_gmt":"2025-11-04T02:46:33","slug":"czujnik-wysokiej-czestotliwosci","status":"publish","type":"product","link":"https:\/\/meskernel.net\/pl\/product\/high-frequency-ranging-sensor\/","title":{"rendered":"LDLG-P4 | IP54 20Hz Czujnik wysokiej cz\u0119stotliwo\u015bci z zielon\u0105 wi\u0105zk\u0105 laserow\u0105"},"content":{"rendered":"<p data-start=\"289\" data-end=\"810\">Meskernel LDLG-P4 to przemys\u0142owy czujnik wysokiej cz\u0119stotliwo\u015bci zaprojektowany do precyzyjnego pomiaru odleg\u0142o\u015bci w wymagaj\u0105cych \u015brodowiskach.<br data-start=\"444\" data-end=\"447\" \/>Zbudowany w oparciu o sprawdzon\u0105 technologi\u0119 iToF (Indirect Time of Flight) z serii LDL40, LDLG-P4 integruje zielon\u0105 wi\u0105zk\u0119 laserow\u0105, trwa\u0142\u0105 aluminiow\u0105 obudow\u0119 o stopniu ochrony IP54 i szybk\u0105 cz\u0119stotliwo\u015b\u0107 pomiaru 100 Hz.<br data-start=\"671\" data-end=\"674\" \/>Zapewnia szybkie, stabilne i dok\u0142adne odczyty odleg\u0142o\u015bci nawet przy silnym o\u015bwietleniu otoczenia, wibracjach lub w zapylonych warunkach przemys\u0142owych.<\/p>\n<p data-start=\"812\" data-end=\"1022\">Aby zaspokoi\u0107 r\u00f3\u017cne potrzeby aplikacji, seria czujnik\u00f3w wysokiej cz\u0119stotliwo\u015bci jest dost\u0119pna w wielu wersjach zasi\u0119gu - 40 m, 60 m i 100 m - wszystkie zachowuj\u0105 sta\u0142\u0105 precyzj\u0119 pomiaru i stabilno\u015b\u0107 sygna\u0142u.<\/p>\n<hr data-start=\"1024\" data-end=\"1027\" \/>\n<h3 data-start=\"1029\" data-end=\"1049\"><strong data-start=\"1033\" data-end=\"1049\">Kluczowe cechy<\/strong><\/h3>\n<ul data-start=\"1050\" data-end=\"1725\">\n<li data-start=\"1050\" data-end=\"1161\">\n<p data-start=\"1052\" data-end=\"1161\"><strong data-start=\"1052\" data-end=\"1083\">Pomiar wysokiej cz\u0119stotliwo\u015bci:<\/strong> Ci\u0105g\u0142y zakres do 100 Hz dla aplikacji dzia\u0142aj\u0105cych w czasie rzeczywistym i dynamicznych.<\/p>\n<\/li>\n<li data-start=\"1162\" data-end=\"1261\">\n<p data-start=\"1164\" data-end=\"1261\"><strong data-start=\"1164\" data-end=\"1195\">Mo\u017cliwo\u015b\u0107 wyboru zakresu pomiarowego:<\/strong> Dost\u0119pne wersje 40 m \/ 60 m \/ 100 m do elastycznego wdra\u017cania.<\/p>\n<\/li>\n<li data-start=\"1262\" data-end=\"1372\">\n<p data-start=\"1264\" data-end=\"1372\"><strong data-start=\"1264\" data-end=\"1298\">Zielona wi\u0105zka laserowa (\u03bb = 520 nm):<\/strong> Lepsza widoczno\u015b\u0107 i odblaskowo\u015b\u0107 na r\u00f3\u017cnych powierzchniach i materia\u0142ach.<\/p>\n<\/li>\n<li data-start=\"1373\" data-end=\"1465\">\n<p data-start=\"1375\" data-end=\"1465\"><strong data-start=\"1375\" data-end=\"1398\">Obudowa o stopniu ochrony IP54:<\/strong> Odporny na kurz i zachlapania, do zastosowa\u0144 przemys\u0142owych wewn\u0105trz i na zewn\u0105trz budynk\u00f3w.<\/p>\n<\/li>\n<li data-start=\"1466\" data-end=\"1563\">\n<p data-start=\"1468\" data-end=\"1563\"><strong data-start=\"1468\" data-end=\"1492\">Kompaktowa integracja:<\/strong> Aluminiowy korpus o wymiarach 58,00 \u00d7 42,20 \u00d7 17,40 mm z \u0142atwo\u015bci\u0105 pasuje do system\u00f3w OEM.<\/p>\n<\/li>\n<li data-start=\"1564\" data-end=\"1628\">\n<p data-start=\"1566\" data-end=\"1628\"><strong data-start=\"1566\" data-end=\"1584\">Wysoka dok\u0142adno\u015b\u0107:<\/strong> \u00b1(3 mm + D \u00d7 1\/10 000) typowa precyzja.<\/p>\n<\/li>\n<li data-start=\"1629\" data-end=\"1725\">\n<p data-start=\"1631\" data-end=\"1725\"><strong data-start=\"1631\" data-end=\"1670\">Niski pob\u00f3r mocy i niezawodna komunikacja:<\/strong> &lt; 100 mA przy 3,3 V z opcjami interfejsu UART\/RS485.<\/p>\n<\/li>\n<\/ul>\n<hr data-start=\"1727\" data-end=\"1730\" \/>\n<h3 data-start=\"1732\" data-end=\"1764\"><strong data-start=\"1736\" data-end=\"1764\">Specyfikacja techniczna<\/strong><\/h3>\n<div class=\"_tableContainer_1rjym_1\">\n<div class=\"group _tableWrapper_1rjym_13 flex w-fit flex-col-reverse\" tabindex=\"-1\">\n<table class=\"w-fit min-w-(--thread-content-width)\" data-start=\"1766\" data-end=\"2820\">\n<thead data-start=\"1766\" data-end=\"1798\">\n<tr data-start=\"1766\" data-end=\"1798\">\n<th data-start=\"1766\" data-end=\"1777\" data-col-size=\"sm\"><strong data-start=\"1768\" data-end=\"1776\">Pozycja<\/strong><\/th>\n<th data-start=\"1777\" data-end=\"1798\" data-col-size=\"md\"><strong data-start=\"1779\" data-end=\"1796\">Specyfikacja<\/strong><\/th>\n<\/tr>\n<\/thead>\n<tbody data-start=\"1833\" data-end=\"2820\">\n<tr data-start=\"1833\" data-end=\"1908\">\n<td data-start=\"1833\" data-end=\"1861\" data-col-size=\"sm\"><strong data-start=\"1835\" data-end=\"1860\">Zasada pomiaru<\/strong><\/td>\n<td data-col-size=\"md\" data-start=\"1861\" data-end=\"1908\">iToF (po\u015bredni czas lotu, oparty na fazie)<\/td>\n<\/tr>\n<tr data-start=\"1909\" data-end=\"1991\">\n<td data-start=\"1909\" data-end=\"1939\" data-col-size=\"sm\"><strong data-start=\"1911\" data-end=\"1938\">Opcje zakresu pomiarowego<\/strong><\/td>\n<td data-col-size=\"md\" data-start=\"1939\" data-end=\"1991\">0,03 m - 40 m \/ 60 m \/ 100 m (modele do wyboru)<\/td>\n<\/tr>\n<tr data-start=\"1992\" data-end=\"2033\">\n<td data-start=\"1992\" data-end=\"2007\" data-col-size=\"sm\"><strong data-start=\"1994\" data-end=\"2006\">Dok\u0142adno\u015b\u0107<\/strong><\/td>\n<td data-start=\"2007\" data-end=\"2033\" data-col-size=\"md\">\u00b1(3 mm + D \u00d7 1\/10 000)<\/td>\n<\/tr>\n<tr data-start=\"2034\" data-end=\"2059\">\n<td data-start=\"2034\" data-end=\"2051\" data-col-size=\"sm\"><strong data-start=\"2036\" data-end=\"2050\">Rozdzielczo\u015b\u0107<\/strong><\/td>\n<td data-col-size=\"md\" data-start=\"2051\" data-end=\"2059\">1 mm<\/td>\n<\/tr>\n<tr data-start=\"2060\" data-end=\"2109\">\n<td data-start=\"2060\" data-end=\"2088\" data-col-size=\"sm\"><strong data-start=\"2062\" data-end=\"2087\">Cz\u0119stotliwo\u015b\u0107 pomiaru<\/strong><\/td>\n<td data-col-size=\"md\" data-start=\"2088\" data-end=\"2109\">100 Hz ci\u0105g\u0142y<\/td>\n<\/tr>\n<tr data-start=\"2110\" data-end=\"2151\">\n<td data-start=\"2110\" data-end=\"2127\" data-col-size=\"sm\"><strong data-start=\"2112\" data-end=\"2126\">Typ lasera<\/strong><\/td>\n<td data-col-size=\"md\" data-start=\"2127\" data-end=\"2151\">Zielony laser klasy II<\/td>\n<\/tr>\n<tr data-start=\"2152\" data-end=\"2185\">\n<td data-start=\"2152\" data-end=\"2175\" data-col-size=\"sm\"><strong data-start=\"2154\" data-end=\"2174\">D\u0142ugo\u015b\u0107 fali lasera<\/strong><\/td>\n<td data-col-size=\"md\" data-start=\"2175\" data-end=\"2185\">520 nm<\/td>\n<\/tr>\n<tr data-start=\"2186\" data-end=\"2214\">\n<td data-start=\"2186\" data-end=\"2204\" data-col-size=\"sm\"><strong data-start=\"2188\" data-end=\"2203\">Moc lasera<\/strong><\/td>\n<td data-col-size=\"md\" data-start=\"2204\" data-end=\"2214\">&lt; 1 mW<\/td>\n<\/tr>\n<tr data-start=\"2215\" data-end=\"2252\">\n<td data-start=\"2215\" data-end=\"2235\" data-col-size=\"sm\"><strong data-start=\"2217\" data-end=\"2234\">\u015arednica punktu<\/strong><\/td>\n<td data-col-size=\"md\" data-start=\"2235\" data-end=\"2252\">&lt; 8 mm przy 10 m<\/td>\n<\/tr>\n<tr data-start=\"2253\" data-end=\"2308\">\n<td data-start=\"2253\" data-end=\"2277\" data-col-size=\"sm\"><strong data-start=\"2255\" data-end=\"2276\">Napi\u0119cie robocze<\/strong><\/td>\n<td data-col-size=\"md\" data-start=\"2277\" data-end=\"2308\">DC 2,5 - 3,6 V (typowo 3,3 V)<\/td>\n<\/tr>\n<tr data-start=\"2309\" data-end=\"2353\">\n<td data-start=\"2309\" data-end=\"2333\" data-col-size=\"sm\"><strong data-start=\"2311\" data-end=\"2332\">Pr\u0105d operacyjny<\/strong><\/td>\n<td data-col-size=\"md\" data-start=\"2333\" data-end=\"2353\">&lt; 100 mA przy 3,3 V<\/td>\n<\/tr>\n<tr data-start=\"2354\" data-end=\"2407\">\n<td data-start=\"2354\" data-end=\"2370\" data-col-size=\"sm\"><strong data-start=\"2356\" data-end=\"2369\">Interfejs<\/strong><\/td>\n<td data-col-size=\"md\" data-start=\"2370\" data-end=\"2407\">UART (TTL 3,3 V) \/ RS485 opcjonalnie<\/td>\n<\/tr>\n<tr data-start=\"2408\" data-end=\"2462\">\n<td data-start=\"2408\" data-end=\"2424\" data-col-size=\"sm\"><strong data-start=\"2410\" data-end=\"2423\">Szybko\u015b\u0107 transmisji<\/strong><\/td>\n<td data-col-size=\"md\" data-start=\"2424\" data-end=\"2462\">9600 - 115200 bps (domy\u015blnie 115200)<\/td>\n<\/tr>\n<tr data-start=\"2463\" data-end=\"2537\">\n<td data-start=\"2463\" data-end=\"2491\" data-col-size=\"sm\"><strong data-start=\"2465\" data-end=\"2490\">Temperatura pracy<\/strong><\/td>\n<td data-col-size=\"md\" data-start=\"2491\" data-end=\"2537\">0 \u00b0C - 40 \u00b0C (konfigurowalne -25 \u00b0C - 60 \u00b0C)<\/td>\n<\/tr>\n<tr data-start=\"2538\" data-end=\"2582\">\n<td data-start=\"2538\" data-end=\"2564\" data-col-size=\"sm\"><strong data-start=\"2540\" data-end=\"2563\">Temperatura przechowywania<\/strong><\/td>\n<td data-col-size=\"md\" data-start=\"2564\" data-end=\"2582\">-25 \u00b0C - 60 \u00b0C<\/td>\n<\/tr>\n<tr data-start=\"2583\" data-end=\"2614\">\n<td data-start=\"2583\" data-end=\"2606\" data-col-size=\"sm\"><strong data-start=\"2585\" data-end=\"2605\">Poziom ochrony<\/strong><\/td>\n<td data-col-size=\"md\" data-start=\"2606\" data-end=\"2614\">IP54<\/td>\n<\/tr>\n<tr data-start=\"2615\" data-end=\"2682\">\n<td data-start=\"2615\" data-end=\"2638\" data-col-size=\"sm\"><strong data-start=\"2617\" data-end=\"2637\">Materia\u0142 obudowy<\/strong><\/td>\n<td data-col-size=\"md\" data-start=\"2638\" data-end=\"2682\">Stop aluminium z oknem ze szk\u0142a optycznego<\/td>\n<\/tr>\n<tr data-start=\"2683\" data-end=\"2728\">\n<td data-start=\"2683\" data-end=\"2700\" data-col-size=\"sm\"><strong data-start=\"2685\" data-end=\"2699\">Wymiary<\/strong><\/td>\n<td data-col-size=\"md\" data-start=\"2700\" data-end=\"2728\">58,00 \u00d7 42,20 \u00d7 17,40 mm<\/td>\n<\/tr>\n<tr data-start=\"2729\" data-end=\"2758\">\n<td data-start=\"2729\" data-end=\"2742\" data-col-size=\"sm\"><strong data-start=\"2731\" data-end=\"2741\">Waga<\/strong><\/td>\n<td data-col-size=\"md\" data-start=\"2742\" data-end=\"2758\">Oko\u0142o 50 g<\/td>\n<\/tr>\n<tr data-start=\"2759\" data-end=\"2820\">\n<td data-start=\"2759\" data-end=\"2774\" data-col-size=\"sm\"><strong data-start=\"2761\" data-end=\"2773\">Monta\u017c<\/strong><\/td>\n<td data-col-size=\"md\" data-start=\"2774\" data-end=\"2820\">Otwory na \u015bruby M3 \/ klej \/ niestandardowe mocowanie<\/td>\n<\/tr>\n<\/tbody>\n<\/table>\n<\/div>\n<\/div>\n<hr data-start=\"2822\" data-end=\"2825\" \/>\n<h3 data-start=\"2827\" data-end=\"2863\"><strong data-start=\"2831\" data-end=\"2863\">Zalety czujnika wysokiej cz\u0119stotliwo\u015bci<\/strong><\/h3>\n<div class=\"_tableContainer_1rjym_1\">\n<div class=\"group _tableWrapper_1rjym_13 flex w-fit flex-col-reverse\" tabindex=\"-1\">\n<table class=\"w-fit min-w-(--thread-content-width)\" data-start=\"2865\" data-end=\"3365\">\n<thead data-start=\"2865\" data-end=\"2906\">\n<tr data-start=\"2865\" data-end=\"2906\">\n<th data-start=\"2865\" data-end=\"2879\" data-col-size=\"sm\"><strong data-start=\"2867\" data-end=\"2878\">Cecha<\/strong><\/th>\n<th data-start=\"2879\" data-end=\"2891\" data-col-size=\"sm\"><strong data-start=\"2881\" data-end=\"2890\">LDL40<\/strong><\/th>\n<th data-start=\"2891\" data-end=\"2906\" data-col-size=\"sm\"><strong data-start=\"2893\" data-end=\"2904\">LDLG-P4<\/strong><\/th>\n<\/tr>\n<\/thead>\n<tbody data-start=\"2952\" data-end=\"3365\">\n<tr data-start=\"2952\" data-end=\"3011\">\n<td data-start=\"2952\" data-end=\"2970\" data-col-size=\"sm\"><strong data-start=\"2954\" data-end=\"2969\">Kolor lasera<\/strong><\/td>\n<td data-col-size=\"sm\" data-start=\"2970\" data-end=\"2989\">Czerwony (610-690 nm)<\/td>\n<td data-col-size=\"sm\" data-start=\"2989\" data-end=\"3011\"><strong data-start=\"2991\" data-end=\"3009\">Zielony (520 nm)<\/strong><\/td>\n<\/tr>\n<tr data-start=\"3012\" data-end=\"3067\">\n<td data-start=\"3012\" data-end=\"3028\" data-col-size=\"sm\"><strong data-start=\"3014\" data-end=\"3027\">Cz\u0119stotliwo\u015b\u0107<\/strong><\/td>\n<td data-col-size=\"sm\" data-start=\"3028\" data-end=\"3038\">3-20 Hz<\/td>\n<td data-col-size=\"sm\" data-start=\"3038\" data-end=\"3067\"><strong data-start=\"3040\" data-end=\"3065\">100 Hz Wysoka cz\u0119stotliwo\u015b\u0107<\/strong><\/td>\n<\/tr>\n<tr data-start=\"3068\" data-end=\"3138\">\n<td data-start=\"3068\" data-end=\"3091\" data-col-size=\"sm\"><strong data-start=\"3070\" data-end=\"3090\">Odleg\u0142o\u015b\u0107 zasi\u0119gu<\/strong><\/td>\n<td data-col-size=\"sm\" data-start=\"3091\" data-end=\"3104\">Do 40 m<\/td>\n<td data-col-size=\"sm\" data-start=\"3104\" data-end=\"3138\"><strong data-start=\"3106\" data-end=\"3136\">Modele 40 m \/ 60 m \/ 100 m<\/strong><\/td>\n<\/tr>\n<tr data-start=\"3139\" data-end=\"3202\">\n<td data-start=\"3139\" data-end=\"3155\" data-col-size=\"sm\"><strong data-start=\"3141\" data-end=\"3154\">Obudowa<\/strong><\/td>\n<td data-col-size=\"sm\" data-start=\"3155\" data-end=\"3173\">Go\u0142y modu\u0142 PCB<\/td>\n<td data-col-size=\"sm\" data-start=\"3173\" data-end=\"3202\"><strong data-start=\"3175\" data-end=\"3200\">Aluminiowa obudowa IP54<\/strong><\/td>\n<\/tr>\n<tr data-start=\"3203\" data-end=\"3282\">\n<td data-start=\"3203\" data-end=\"3218\" data-col-size=\"sm\"><strong data-start=\"3205\" data-end=\"3217\">Przypadek u\u017cycia<\/strong><\/td>\n<td data-start=\"3218\" data-end=\"3241\" data-col-size=\"sm\">Testy wewn\u0119trzne \/ laboratoryjne<\/td>\n<td data-col-size=\"sm\" data-start=\"3241\" data-end=\"3282\"><strong data-start=\"3243\" data-end=\"3280\">Zastosowania przemys\u0142owe \/ zewn\u0119trzne<\/strong><\/td>\n<\/tr>\n<tr data-start=\"3283\" data-end=\"3365\">\n<td data-start=\"3283\" data-end=\"3300\" data-col-size=\"sm\"><strong data-start=\"3285\" data-end=\"3299\">Widoczno\u015b\u0107<\/strong><\/td>\n<td data-start=\"3300\" data-end=\"3325\" data-col-size=\"sm\">Ograniczone w \u015bwietle s\u0142onecznym<\/td>\n<td data-col-size=\"sm\" data-start=\"3325\" data-end=\"3365\"><strong data-start=\"3327\" data-end=\"3363\">Doskona\u0142a w jasnym otoczeniu<\/strong><\/td>\n<\/tr>\n<\/tbody>\n<\/table>\n<\/div>\n<\/div>\n<hr data-start=\"3367\" data-end=\"3370\" \/>\n<h3 data-start=\"3372\" data-end=\"3400\"><img data-dominant-color=\"bbc1be\" data-has-transparency=\"false\" style=\"--dominant-color: #bbc1be;\" fetchpriority=\"high\" decoding=\"async\" class=\"alignleft wp-image-3992 size-full not-transparent\" src=\"https:\/\/meskernel.net\/wp-content\/uploads\/2025\/03\/laser-distance-sensor-1.jpg\" alt=\"laserowy czujnik odleg\u0142o\u015bci\" width=\"1695\" height=\"340\" srcset=\"https:\/\/meskernel.net\/wp-content\/uploads\/2025\/03\/laser-distance-sensor-1.jpg 1695w, https:\/\/meskernel.net\/wp-content\/uploads\/2025\/03\/laser-distance-sensor-1-300x60.jpg 300w, https:\/\/meskernel.net\/wp-content\/uploads\/2025\/03\/laser-distance-sensor-1-1024x205.jpg 1024w, https:\/\/meskernel.net\/wp-content\/uploads\/2025\/03\/laser-distance-sensor-1-768x154.jpg 768w, https:\/\/meskernel.net\/wp-content\/uploads\/2025\/03\/laser-distance-sensor-1-1536x308.jpg 1536w, https:\/\/meskernel.net\/wp-content\/uploads\/2025\/03\/laser-distance-sensor-1-400x80.jpg 400w\" sizes=\"(max-width: 1695px) 100vw, 1695px\" \/><strong data-start=\"3376\" data-end=\"3400\">Typowe zastosowania<\/strong><\/h3>\n<ul data-start=\"3401\" data-end=\"3788\">\n<li data-start=\"3401\" data-end=\"3481\">\n<p data-start=\"3403\" data-end=\"3481\"><strong data-start=\"3403\" data-end=\"3446\">Automatyka przemys\u0142owa i kontrola proces\u00f3w<\/strong> wymagaj\u0105ce szybkiej reakcji zwrotnej<\/p>\n<\/li>\n<li data-start=\"3482\" data-end=\"3563\">\n<p data-start=\"3484\" data-end=\"3563\"><strong data-start=\"3484\" data-end=\"3515\">Robotyka i sterowanie ruchem<\/strong> - Pozycjonowanie ramion i suwnic w czasie rzeczywistym<\/p>\n<\/li>\n<li data-start=\"3564\" data-end=\"3638\">\n<p data-start=\"3566\" data-end=\"3638\"><strong data-start=\"3566\" data-end=\"3600\">Monitorowanie poziomu w zbiornikach i silosach<\/strong> w \u015brodowiskach zapylonych lub odbijaj\u0105cych \u015bwiat\u0142o<\/p>\n<\/li>\n<li data-start=\"3639\" data-end=\"3709\">\n<p data-start=\"3641\" data-end=\"3709\"><strong data-start=\"3641\" data-end=\"3665\">Nawigacja UAV \/ AGV<\/strong>, wykrywanie kolizji i mapowanie terenu<\/p>\n<\/li>\n<li data-start=\"3710\" data-end=\"3788\">\n<p data-start=\"3712\" data-end=\"3788\"><strong data-start=\"3712\" data-end=\"3742\">Budownictwo i geodezja<\/strong> aplikacje wymagaj\u0105ce precyzji dalekiego zasi\u0119gu<\/p>\n<\/li>\n<\/ul>\n<hr data-start=\"3790\" data-end=\"3793\" \/>\n<h3 data-start=\"3795\" data-end=\"3845\"><strong data-start=\"3799\" data-end=\"3845\">Dlaczego warto wybra\u0107 czujnik wysokiej cz\u0119stotliwo\u015bci<\/strong><\/h3>\n<p data-start=\"3846\" data-end=\"4235\">W przeciwie\u0144stwie do tradycyjnych modu\u0142\u00f3w niskiej cz\u0119stotliwo\u015bci, LDLG-P4 <a href=\"https:\/\/www.youtube.com\/@Meskernelnet\/videos\" target=\"_blank\" rel=\"noopener\">Czujnik wysokiej cz\u0119stotliwo\u015bci<\/a> rejestruje ci\u0105g\u0142e dane odleg\u0142o\u015bci z cz\u0119stotliwo\u015bci\u0105 do 100 Hz, znacznie poprawiaj\u0105c dok\u0142adno\u015b\u0107 \u015bledzenia ruchu i wykrywania powierzchni w dynamicznych scenariuszach.<br data-start=\"4081\" data-end=\"4084\" \/>Zielony laser poprawia reakcj\u0119 na powierzchni\u0119, a obudowa o stopniu ochrony IP54 zapewnia sta\u0142\u0105 prac\u0119 w warunkach przemys\u0142owych i p\u00f3\u0142zewn\u0119trznych.<\/p>\n<p data-start=\"3846\" data-end=\"4235\"><img data-dominant-color=\"b2aead\" data-has-transparency=\"false\" style=\"--dominant-color: #b2aead;\" decoding=\"async\" class=\"alignleft wp-image-4222 size-full not-transparent\" src=\"https:\/\/meskernel.net\/wp-content\/uploads\/2025\/04\/Industrial-Applications.webp\" alt=\"\" width=\"719\" height=\"292\" srcset=\"https:\/\/meskernel.net\/wp-content\/uploads\/2025\/04\/Industrial-Applications.webp 719w, https:\/\/meskernel.net\/wp-content\/uploads\/2025\/04\/Industrial-Applications-300x122.webp 300w, https:\/\/meskernel.net\/wp-content\/uploads\/2025\/04\/Industrial-Applications-400x162.webp 400w\" sizes=\"(max-width: 719px) 100vw, 719px\" \/><\/p>\n<hr data-start=\"4237\" data-end=\"4240\" \/>\n<h3 data-start=\"4242\" data-end=\"4254\"><strong data-start=\"4246\" data-end=\"4254\">Najcz\u0119\u015bciej zadawane pytania<\/strong><\/h3>\n<p data-start=\"4256\" data-end=\"4466\"><strong data-start=\"4256\" data-end=\"4316\">P1: Jakie s\u0105 dost\u0119pne zakresy pomiarowe dla czujnik\u00f3w wysokiej cz\u0119stotliwo\u015bci?<\/strong><br data-start=\"4316\" data-end=\"4319\" \/>O: LDLG-P4 jest dost\u0119pny w wersjach 40 m, 60 m i 100 m, z kt\u00f3rych wszystkie oferuj\u0105 tak\u0105 sam\u0105 wydajno\u015b\u0107 i precyzj\u0119 przy wysokich cz\u0119stotliwo\u015bciach (100 Hz).<\/p>\n<p data-start=\"4468\" data-end=\"4678\"><strong data-start=\"4468\" data-end=\"4533\">P2: Jakie s\u0105 zalety zielonego lasera w por\u00f3wnaniu z czerwonym?<\/strong><br data-start=\"4533\" data-end=\"4536\" \/>O: Zielone lasery (520 nm) maj\u0105 lepsz\u0105 widoczno\u015b\u0107 i wsp\u00f3\u0142czynnik odbicia, zapewniaj\u0105c lepsz\u0105 dok\u0142adno\u015b\u0107 w r\u00f3\u017cnych materia\u0142ach i warunkach o\u015bwietleniowych.<\/p>\n<p data-start=\"4680\" data-end=\"4841\"><strong data-start=\"4680\" data-end=\"4721\">P3: Czy LDLG-P4 mo\u017ce by\u0107 u\u017cywany na zewn\u0105trz?<\/strong><br data-start=\"4721\" data-end=\"4724\" \/>Tak. Obudowa o stopniu ochrony IP54 chroni przed kurzem i zachlapaniami, dzi\u0119ki czemu nadaje si\u0119 do zastosowa\u0144 zewn\u0119trznych lub przemys\u0142owych.<\/p>\n<p data-start=\"4843\" data-end=\"5000\"><strong data-start=\"4843\" data-end=\"4895\">P4: Jakie interfejsy komunikacyjne s\u0105 dost\u0119pne?<\/strong><br data-start=\"4895\" data-end=\"4898\" \/>O: Czujnik obs\u0142uguje UART (TTL 3,3 V) i opcjonalnie RS485 do komunikacji przemys\u0142owej na du\u017ce odleg\u0142o\u015bci.<\/p>\n<p data-start=\"5002\" data-end=\"5171\"><strong data-start=\"5002\" data-end=\"5060\">P5: Czy jest kompatybilny z oprogramowaniem i protoko\u0142em LDL40?<\/strong><br data-start=\"5060\" data-end=\"5063\" \/>Tak. Wykorzystuje ten sam protok\u00f3\u0142 komunikacyjny, zapewniaj\u0105c \u0142atw\u0105 integracj\u0119 lub aktualizacj\u0119 z serii LDL40.<\/p>\n<hr data-start=\"5173\" data-end=\"5176\" \/>\n<h3 data-start=\"5178\" data-end=\"5202\"><strong data-start=\"5182\" data-end=\"5202\">Powi\u0105zane produkty<\/strong><\/h3>\n<ul data-start=\"5203\" data-end=\"5542\">\n<li data-start=\"5203\" data-end=\"5304\">\n<p data-start=\"5205\" data-end=\"5304\"><a class=\"decorated-link cursor-pointer\" href=\"https:\/\/meskernel.net\/pl\/product\/laserowy-czujnik-odleglosci-10-m\/\" target=\"_new\" rel=\"noopener\" data-start=\"5205\" data-end=\"5302\">Kompaktowy modu\u0142 czujnika odleg\u0142o\u015bci LDL<\/a><\/p>\n<\/li>\n<li data-start=\"5305\" data-end=\"5419\">\n<p data-start=\"5307\" data-end=\"5419\"><a class=\"decorated-link cursor-pointer\" href=\"https:\/\/meskernel.net\/pl\/dalekosiezne-laserowe-czujniki-odleglosci\/\" target=\"_new\" rel=\"noopener\" data-start=\"5307\" data-end=\"5417\">Laserowy czujnik odleg\u0142o\u015bci RS485 dalekiego zasi\u0119gu<\/a><\/p>\n<\/li>\n<li data-start=\"5420\" data-end=\"5542\">\n<p data-start=\"5422\" data-end=\"5542\"><a class=\"decorated-link cursor-pointer\" href=\"https:\/\/meskernel.net\/pl\/product\/modul-laserowego-czujnika-odleglosci-1-mm\/\" target=\"_new\" rel=\"noopener\" data-start=\"5422\" data-end=\"5542\">Cyfrowe czujniki wyj\u015bciowe do pomiaru poziomu w zbiorniku<\/a><\/p>\n<\/li>\n<\/ul>","protected":false},"excerpt":{"rendered":"<p>Czujnik wysokiej cz\u0119stotliwo\u015bci Meskernel LDLG-P4 \u0142\u0105czy w sobie szybki pomiar 100 Hz, precyzj\u0119 zielonego lasera i obudow\u0119 o stopniu ochrony IP54, zapewniaj\u0105c niezawodne dzia\u0142anie w \u015brodowiskach przemys\u0142owych i zewn\u0119trznych. Charakteryzuj\u0105cy si\u0119 milimetrow\u0105 dok\u0142adno\u015bci\u0105 i zasi\u0119giem 100 m, ten kompaktowy czujnik oparty na technologii iToF jest idealny do zastosowa\u0144 w automatyce, robotyce i wykrywaniu odleg\u0142o\u015bci w czasie rzeczywistym.<\/p>","protected":false},"featured_media":6105,"template":"","meta":{"site-sidebar-layout":"default","site-content-layout":"","ast-site-content-layout":"default","site-content-style":"default","site-sidebar-style":"default","ast-global-header-display":"","ast-banner-title-visibility":"","ast-main-header-display":"","ast-hfb-above-header-display":"","ast-hfb-below-header-display":"","ast-hfb-mobile-header-display":"","site-post-title":"","ast-breadcrumbs-content":"","ast-featured-img":"","footer-sml-layout":"","ast-disable-related-posts":"","theme-transparent-header-meta":"default","adv-header-id-meta":"","stick-header-meta":"","header-above-stick-meta":"","header-main-stick-meta":"","header-below-stick-meta":"","astra-migrate-meta-layouts":"set","ast-page-background-enabled":"default","ast-page-background-meta":{"desktop":{"background-color":"var(--ast-global-color-4)","background-image":"","background-repeat":"repeat","background-position":"center center","background-size":"auto","background-attachment":"scroll","background-type":"","background-media":"","overlay-type":"","overlay-color":"","overlay-opacity":"","overlay-gradient":""},"tablet":{"background-color":"","background-image":"","background-repeat":"repeat","background-position":"center center","background-size":"auto","background-attachment":"scroll","background-type":"","background-media":"","overlay-type":"","overlay-color":"","overlay-opacity":"","overlay-gradient":""},"mobile":{"background-color":"","background-image":"","background-repeat":"repeat","background-position":"center center","background-size":"auto","background-attachment":"scroll","background-type":"","background-media":"","overlay-type":"","overlay-color":"","overlay-opacity":"","overlay-gradient":""}},"ast-content-background-meta":{"desktop":{"background-color":"var(--ast-global-color-5)","background-image":"","background-repeat":"repeat","background-position":"center center","background-size":"auto","background-attachment":"scroll","background-type":"","background-media":"","overlay-type":"","overlay-color":"","overlay-opacity":"","overlay-gradient":""},"tablet":{"background-color":"var(--ast-global-color-5)","background-image":"","background-repeat":"repeat","background-position":"center center","background-size":"auto","background-attachment":"scroll","background-type":"","background-media":"","overlay-type":"","overlay-color":"","overlay-opacity":"","overlay-gradient":""},"mobile":{"background-color":"var(--ast-global-color-5)","background-image":"","background-repeat":"repeat","background-position":"center center","background-size":"auto","background-attachment":"scroll","background-type":"","background-media":"","overlay-type":"","overlay-color":"","overlay-opacity":"","overlay-gradient":""}}},"product_brand":[],"product_cat":[33],"product_tag":[],"class_list":{"0":"post-6104","1":"product","2":"type-product","3":"status-publish","4":"has-post-thumbnail","6":"product_cat-industrial-laser-distance-sensors","7":"desktop-align-center","8":"tablet-align-left","9":"mobile-align-left","11":"first","12":"instock","13":"shipping-taxable","14":"product-type-simple"},"_links":{"self":[{"href":"https:\/\/meskernel.net\/pl\/wp-json\/wp\/v2\/product\/6104","targetHints":{"allow":["GET"]}}],"collection":[{"href":"https:\/\/meskernel.net\/pl\/wp-json\/wp\/v2\/product"}],"about":[{"href":"https:\/\/meskernel.net\/pl\/wp-json\/wp\/v2\/types\/product"}],"version-history":[{"count":0,"href":"https:\/\/meskernel.net\/pl\/wp-json\/wp\/v2\/product\/6104\/revisions"}],"wp:featuredmedia":[{"embeddable":true,"href":"https:\/\/meskernel.net\/pl\/wp-json\/wp\/v2\/media\/6105"}],"wp:attachment":[{"href":"https:\/\/meskernel.net\/pl\/wp-json\/wp\/v2\/media?parent=6104"}],"wp:term":[{"taxonomy":"product_brand","embeddable":true,"href":"https:\/\/meskernel.net\/pl\/wp-json\/wp\/v2\/product_brand?post=6104"},{"taxonomy":"product_cat","embeddable":true,"href":"https:\/\/meskernel.net\/pl\/wp-json\/wp\/v2\/product_cat?post=6104"},{"taxonomy":"product_tag","embeddable":true,"href":"https:\/\/meskernel.net\/pl\/wp-json\/wp\/v2\/product_tag?post=6104"}],"curies":[{"name":"wp","href":"https:\/\/api.w.org\/{rel}","templated":true}]}}