{"id":6180,"date":"2025-11-04T10:57:48","date_gmt":"2025-11-04T02:57:48","guid":{"rendered":"https:\/\/meskernel.net\/?post_type=product&#038;p=6180"},"modified":"2025-11-04T11:12:25","modified_gmt":"2025-11-04T03:12:25","slug":"laser-range-finder-sensor","status":"publish","type":"product","link":"https:\/\/meskernel.net\/pl\/product\/laser-range-finder-sensor\/","title":{"rendered":"Szybki czerwony laserowy czujnik odleg\u0142o\u015bci 100 Hz do dynamicznego \u015bledzenia celu"},"content":{"rendered":"<p class=\"\" data-start=\"286\" data-end=\"640\">The 100Hz High-Speed Red Laser Range Finder Sensor Module is a high-precision optical sensor designed for industrial automation and demanding outdoor applications. With a compact design and 1mm accuracy over distances up to 80 meters, this module is ideal for integration into systems where space-saving and precise measurement are critical.<\/p>\n<p class=\"\" data-start=\"642\" data-end=\"861\">Engineered to perform reliably even under strong sunlight, the Laser Range Finder Sensor excels in low reflectivity or weak signal environments, making it a trusted solution for real-world, challenging measurement scenarios.<\/p>\n<p class=\"\" data-start=\"863\" data-end=\"1263\">Built on advanced optical sensing technology, the Laser Range Finder Sensor supports both digital and analog output, with versatile jack compatibility including CAN, SPI, I\u00b2C, UART, TTL, RS232, RS485, and analog interfaces. Its flexible three-in-one communication interface with optional Bluetooth transmission ensures efficient and seamless data integration into a wide range of systems.<\/p>\n<p><img data-dominant-color=\"d0d3d0\" data-has-transparency=\"false\" style=\"--dominant-color: #d0d3d0;\" fetchpriority=\"high\" decoding=\"async\" class=\"alignnone wp-image-4444 size-full not-transparent\" src=\"https:\/\/meskernel.net\/wp-content\/uploads\/2025\/04\/distance-sensor-module.webp\" alt=\"modu\u0142 czujnika odleg\u0142o\u015bci\" width=\"800\" height=\"718\" srcset=\"https:\/\/meskernel.net\/wp-content\/uploads\/2025\/04\/distance-sensor-module.webp 800w, https:\/\/meskernel.net\/wp-content\/uploads\/2025\/04\/distance-sensor-module-300x269.webp 300w, https:\/\/meskernel.net\/wp-content\/uploads\/2025\/04\/distance-sensor-module-768x689.webp 768w, https:\/\/meskernel.net\/wp-content\/uploads\/2025\/04\/distance-sensor-module-400x359.webp 400w\" sizes=\"(max-width: 800px) 100vw, 800px\" \/><\/p>\n<p>&nbsp;<\/p>\n<h3 data-start=\"1265\" data-end=\"1278\">Key Features of Laser Range Finder Sensor:<\/h3>\n<h3 data-start=\"1265\" data-end=\"1278\">\ud83d\udd39 <strong style=\"font-size: 16px;\" data-start=\"1284\" data-end=\"1304\">Miniaturowa konstrukcja<\/strong><span style=\"font-size: 16px;\"> - Ultrakompaktowy dla ciasnych przestrzeni integracyjnych<\/span><\/h3>\n<h3 data-start=\"1265\" data-end=\"1278\">\ud83d\udd39 <strong style=\"font-size: 16px;\" data-start=\"1357\" data-end=\"1374\">Wysoka dok\u0142adno\u015b\u0107<\/strong><span style=\"font-size: 16px;\"> - Do <\/span><strong style=\"font-size: 16px;\" data-start=\"1383\" data-end=\"1391\">\u00b1<\/strong><span style=\"font-size: 16px;\">Precyzja 1 mm<\/span><\/h3>\n<h3 data-start=\"1265\" data-end=\"1278\">\ud83d\udd39 <strong style=\"font-size: 16px;\" data-start=\"1409\" data-end=\"1423\">Daleki zasi\u0119g<\/strong><span style=\"font-size: 16px;\"> - Skuteczny pomiar do 80 metr\u00f3w<\/span><\/h3>\n<h3 data-start=\"1265\" data-end=\"1278\">\ud83d\udd39 <strong style=\"font-size: 16px;\" data-start=\"1475\" data-end=\"1492\">Gotowo\u015b\u0107 do pracy na zewn\u0105trz<\/strong><span style=\"font-size: 16px;\"> - Odporny na silne \u015bwiat\u0142o otoczenia, idealny do pozycjonowania na zewn\u0105trz<\/span><\/h3>\n<h3 data-start=\"1265\" data-end=\"1278\">\ud83d\udd39 <strong style=\"font-size: 16px;\" data-start=\"1577\" data-end=\"1613\">Doskona\u0142a wydajno\u015b\u0107 przy niskim poziomie sygna\u0142u<\/strong><span style=\"font-size: 16px;\"> - Stabilna praca w warunkach s\u0142abego wsp\u00f3\u0142czynnika odbicia<\/span><\/h3>\n<h3 data-start=\"1265\" data-end=\"1278\">\ud83d\udd39 <strong style=\"font-size: 16px;\" data-start=\"1672\" data-end=\"1706\">Konfigurowalny zakres temperatur<\/strong><span style=\"font-size: 16px;\"> - Nadaje si\u0119 do pracy w ekstremalnych warunkach<\/span><\/h3>\n<h3 data-start=\"1265\" data-end=\"1278\">\ud83d\udd39 <strong style=\"font-size: 16px;\" data-start=\"1750\" data-end=\"1767\">Opcje lasera<\/strong><span style=\"font-size: 16px;\"> - Wybierz czerwony lub zielony laser w zale\u017cno\u015bci od potrzeb aplikacji<\/span><\/h3>\n<h3 data-start=\"1265\" data-end=\"1278\">\ud83d\udd39 <strong style=\"font-size: 16px;\" data-start=\"1846\" data-end=\"1874\">Wzmacniacz wielofunkcyjny<\/strong><span style=\"font-size: 16px;\"> - Adaptowalne przetwarzanie sygna\u0142u<\/span><\/h3>\n<h3 data-start=\"1265\" data-end=\"1278\">\ud83d\udd39 <strong style=\"font-size: 16px;\" data-start=\"1912\" data-end=\"1938\">Obs\u0142uga bogatego interfejsu<\/strong><span style=\"font-size: 16px;\"> - TTL\/RS232\/RS485, Bluetooth i inne popularne protoko\u0142y<\/span><\/h3>\n<p class=\"\" data-start=\"2003\" data-end=\"2213\">This Laser Range Finder Sensor\u00a0<span style=\"font-size: 16px;\">to idealny wyb\u00f3r dla in\u017cynier\u00f3w i programist\u00f3w poszukuj\u0105cych kompaktowego, niezawodnego i w pe\u0142ni konfigurowalnego laserowego rozwi\u0105zania pomiarowego o solidnej wydajno\u015bci i elastycznej integracji.<\/span><\/p>\n<p data-start=\"2003\" data-end=\"2213\"><img data-dominant-color=\"ebeceb\" data-has-transparency=\"false\" style=\"--dominant-color: #ebeceb;\" decoding=\"async\" class=\"wp-image-6112 size-full aligncenter not-transparent\" src=\"https:\/\/meskernel.net\/wp-content\/uploads\/2025\/04\/laser-distance-sensor-Quick-Testing-Guidance.webp\" alt=\"laser distance sensor Quick Testing Guidance\" width=\"703\" height=\"185\" srcset=\"https:\/\/meskernel.net\/wp-content\/uploads\/2025\/04\/laser-distance-sensor-Quick-Testing-Guidance.webp 703w, https:\/\/meskernel.net\/wp-content\/uploads\/2025\/04\/laser-distance-sensor-Quick-Testing-Guidance-300x79.webp 300w, https:\/\/meskernel.net\/wp-content\/uploads\/2025\/04\/laser-distance-sensor-Quick-Testing-Guidance-18x5.webp 18w, https:\/\/meskernel.net\/wp-content\/uploads\/2025\/04\/laser-distance-sensor-Quick-Testing-Guidance-400x105.webp 400w\" sizes=\"(max-width: 703px) 100vw, 703px\" \/><\/p>\n<p class=\"\" data-start=\"2215\" data-end=\"2353\">\ud83d\udce9 <a href=\"https:\/\/meskernel.net\/pl\/kontakt\/\"><strong data-start=\"2218\" data-end=\"2238\">Skontaktuj si\u0119 z nami ju\u017c dzi\u015b<\/strong><\/a> aby uzyska\u0107 arkusze danych, wsparcie aplikacji lub om\u00f3wi\u0107 dostosowanie OEM \/ ODM w oparciu o konkretne potrzeby projektu.<\/p>\n<p data-start=\"2363\" data-end=\"2441\">","protected":false},"excerpt":{"rendered":"<p class=\"\" data-start=\"88\" data-end=\"634\">Modu\u0142 czujnika laserowego dalmierza to ultrakompaktowy, precyzyjny czujnik optyczny oferuj\u0105cy dok\u0142adno\u015b\u0107 1 mm i zasi\u0119g pomiaru do 80 m. Zaprojektowany do u\u017cytku na zewn\u0105trz, zapewnia stabiln\u0105 prac\u0119 nawet przy silnym nas\u0142onecznieniu i w \u015brodowiskach o niskim wsp\u00f3\u0142czynniku odbicia. Dzi\u0119ki konfigurowalnym opcjom, w tym czerwonemu lub zielonemu laserowi, szerokiemu zakresowi temperatur i wszechstronnej obs\u0142udze wielu interfejs\u00f3w (Bluetooth, TTL, RS232\/RS485), LDL-S jest idealny do automatyki przemys\u0142owej i precyzyjnych zastosowa\u0144 pomiarowych.<\/p>","protected":false},"featured_media":6181,"template":"","meta":{"site-sidebar-layout":"default","site-content-layout":"","ast-site-content-layout":"default","site-content-style":"default","site-sidebar-style":"default","ast-global-header-display":"","ast-banner-title-visibility":"","ast-main-header-display":"","ast-hfb-above-header-display":"","ast-hfb-below-header-display":"","ast-hfb-mobile-header-display":"","site-post-title":"","ast-breadcrumbs-content":"","ast-featured-img":"","footer-sml-layout":"","ast-disable-related-posts":"","theme-transparent-header-meta":"default","adv-header-id-meta":"","stick-header-meta":"","header-above-stick-meta":"","header-main-stick-meta":"","header-below-stick-meta":"","astra-migrate-meta-layouts":"set","ast-page-background-enabled":"default","ast-page-background-meta":{"desktop":{"background-color":"var(--ast-global-color-4)","background-image":"","background-repeat":"repeat","background-position":"center center","background-size":"auto","background-attachment":"scroll","background-type":"","background-media":"","overlay-type":"","overlay-color":"","overlay-opacity":"","overlay-gradient":""},"tablet":{"background-color":"","background-image":"","background-repeat":"repeat","background-position":"center center","background-size":"auto","background-attachment":"scroll","background-type":"","background-media":"","overlay-type":"","overlay-color":"","overlay-opacity":"","overlay-gradient":""},"mobile":{"background-color":"","background-image":"","background-repeat":"repeat","background-position":"center center","background-size":"auto","background-attachment":"scroll","background-type":"","background-media":"","overlay-type":"","overlay-color":"","overlay-opacity":"","overlay-gradient":""}},"ast-content-background-meta":{"desktop":{"background-color":"var(--ast-global-color-5)","background-image":"","background-repeat":"repeat","background-position":"center center","background-size":"auto","background-attachment":"scroll","background-type":"","background-media":"","overlay-type":"","overlay-color":"","overlay-opacity":"","overlay-gradient":""},"tablet":{"background-color":"var(--ast-global-color-5)","background-image":"","background-repeat":"repeat","background-position":"center center","background-size":"auto","background-attachment":"scroll","background-type":"","background-media":"","overlay-type":"","overlay-color":"","overlay-opacity":"","overlay-gradient":""},"mobile":{"background-color":"var(--ast-global-color-5)","background-image":"","background-repeat":"repeat","background-position":"center center","background-size":"auto","background-attachment":"scroll","background-type":"","background-media":"","overlay-type":"","overlay-color":"","overlay-opacity":"","overlay-gradient":""}}},"product_brand":[],"product_cat":[52],"product_tag":[],"class_list":{"0":"post-6180","1":"product","2":"type-product","3":"status-publish","4":"has-post-thumbnail","6":"product_cat-phase-distance-sensor","7":"desktop-align-center","8":"tablet-align-left","9":"mobile-align-left","11":"first","12":"instock","13":"shipping-taxable","14":"product-type-simple"},"_links":{"self":[{"href":"https:\/\/meskernel.net\/pl\/wp-json\/wp\/v2\/product\/6180","targetHints":{"allow":["GET"]}}],"collection":[{"href":"https:\/\/meskernel.net\/pl\/wp-json\/wp\/v2\/product"}],"about":[{"href":"https:\/\/meskernel.net\/pl\/wp-json\/wp\/v2\/types\/product"}],"version-history":[{"count":0,"href":"https:\/\/meskernel.net\/pl\/wp-json\/wp\/v2\/product\/6180\/revisions"}],"wp:featuredmedia":[{"embeddable":true,"href":"https:\/\/meskernel.net\/pl\/wp-json\/wp\/v2\/media\/6181"}],"wp:attachment":[{"href":"https:\/\/meskernel.net\/pl\/wp-json\/wp\/v2\/media?parent=6180"}],"wp:term":[{"taxonomy":"product_brand","embeddable":true,"href":"https:\/\/meskernel.net\/pl\/wp-json\/wp\/v2\/product_brand?post=6180"},{"taxonomy":"product_cat","embeddable":true,"href":"https:\/\/meskernel.net\/pl\/wp-json\/wp\/v2\/product_cat?post=6180"},{"taxonomy":"product_tag","embeddable":true,"href":"https:\/\/meskernel.net\/pl\/wp-json\/wp\/v2\/product_tag?post=6180"}],"curies":[{"name":"wp","href":"https:\/\/api.w.org\/{rel}","templated":true}]}}