{"id":6283,"date":"2025-11-17T11:30:15","date_gmt":"2025-11-17T03:30:15","guid":{"rendered":"https:\/\/meskernel.net\/?post_type=product&#038;p=6283"},"modified":"2025-11-17T11:30:16","modified_gmt":"2025-11-17T03:30:16","slug":"czujnik-noktowizyjny","status":"publish","type":"product","link":"https:\/\/meskernel.net\/pl\/product\/night-vision-sensor\/","title":{"rendered":"Monochromatyczny czujnik noktowizyjny 1024P Sub 1 mLux Ultra-Low-Light do obrony, bezpiecze\u0144stwa i wizji maszynowej"},"content":{"rendered":"<p data-start=\"1173\" data-end=\"1262\"><strong data-start=\"1173\" data-end=\"1262\">Monochromatyczny czujnik noktowizyjny o bardzo s\u0142abym o\u015bwietleniu do zastosowa\u0144 obronnych, bezpiecze\u0144stwa i wizji maszynowej<\/strong><\/p>\n<p data-start=\"1264\" data-end=\"1745\">Cyfrowy modu\u0142 noktowizyjny 1024P Sub 1 mLux to wysokowydajne rozwi\u0105zanie do obrazowania monochromatycznego przeznaczone do pracy w ekstremalnie s\u0142abym o\u015bwietleniu, zapewniaj\u0105ce wyra\u017ane obrazy przy poziomach o\u015bwietlenia tak niskich jak 0,65 mLux (\u015bwiat\u0142o gwiazd bez ksi\u0119\u017cyca).<\/p>\n<p class=\"not-prose mt-0! mb-0! flex-auto truncate\">Wyposa\u017cony w przetwornik obrazu CMOS 1280 \u00d7 1024, osi\u0105ga w czasie rzeczywistym 30 klatek na sekund\u0119 \/ 60 klatek na sekund\u0119 z zaawansowanymi algorytmami noktowizyjnymi zoptymalizowanymi pod k\u0105tem obrony, nadzoru i zastosowa\u0144 przemys\u0142owych.<\/p>\n<p data-start=\"1747\" data-end=\"2069\">Ten modu\u0142 cyfrowego czujnika noktowizyjnego integruje krytyczne funkcje, takie jak obrazowanie HDR, wzmocnienie bliskiej podczerwieni, redukcja szum\u00f3w 3D, korekcja wadliwych pikseli, usuwanie mg\u0142y i przetwarzanie o niskim op\u00f3\u017anieniu, dzi\u0119ki czemu jest niezawodnym wyborem dla producent\u00f3w OEM tworz\u0105cych profesjonalne urz\u0105dzenia noktowizyjne lub modernizuj\u0105cych istniej\u0105ce systemy obrazowania.<\/p>\n<p data-start=\"1747\" data-end=\"2069\"><img data-dominant-color=\"fbfafb\" data-has-transparency=\"false\" style=\"--dominant-color: #fbfafb;\" fetchpriority=\"high\" decoding=\"async\" class=\"aligncenter wp-image-6286 size-full not-transparent\" src=\"https:\/\/meskernel.net\/wp-content\/uploads\/2025\/11\/Digital-Nightvision.webp\" alt=\"Cyfrowy noktowizor\" width=\"1000\" height=\"615\" srcset=\"https:\/\/meskernel.net\/wp-content\/uploads\/2025\/11\/Digital-Nightvision.webp 1000w, https:\/\/meskernel.net\/wp-content\/uploads\/2025\/11\/Digital-Nightvision-300x185.webp 300w, https:\/\/meskernel.net\/wp-content\/uploads\/2025\/11\/Digital-Nightvision-768x472.webp 768w, https:\/\/meskernel.net\/wp-content\/uploads\/2025\/11\/Digital-Nightvision-18x12.webp 18w, https:\/\/meskernel.net\/wp-content\/uploads\/2025\/11\/Digital-Nightvision-400x246.webp 400w\" sizes=\"(max-width: 1000px) 100vw, 1000px\" \/><\/p>\n<hr data-start=\"2071\" data-end=\"2074\" \/>\n<h2 data-start=\"2076\" data-end=\"2095\"><strong data-start=\"2079\" data-end=\"2095\">Kluczowe cechy<\/strong><\/h2>\n<ul data-start=\"2096\" data-end=\"2640\">\n<li data-start=\"2096\" data-end=\"2177\">\n<p data-start=\"2098\" data-end=\"2177\">Bardzo niski poziom o\u015bwietlenia do 6,5\u00d710-\u2074 luks\u00f3w z obiektywem F1.4<\/p>\n<\/li>\n<li data-start=\"2178\" data-end=\"2234\">\n<p data-start=\"2180\" data-end=\"2234\">Zwi\u0119kszona czu\u0142o\u015b\u0107 w bliskiej podczerwieni (400-1100 nm)<\/p>\n<\/li>\n<li data-start=\"2235\" data-end=\"2274\">\n<p data-start=\"2237\" data-end=\"2274\">Wysoki zakres dynamiki \u226580 dB (HDR)<\/p>\n<\/li>\n<li data-start=\"2275\" data-end=\"2335\">\n<p data-start=\"2277\" data-end=\"2335\">Niski poziom szum\u00f3w i ma\u0142e op\u00f3\u017anienia dla noktowizji w czasie rzeczywistym<\/p>\n<\/li>\n<li data-start=\"2336\" data-end=\"2397\">\n<p data-start=\"2338\" data-end=\"2397\">Wbudowana redukcja szum\u00f3w 3D i korekcja wadliwych pikseli<\/p>\n<\/li>\n<li data-start=\"2398\" data-end=\"2447\">\n<p data-start=\"2400\" data-end=\"2447\">Funkcje usuwania mg\u0142y i poprawy jako\u015bci obrazu<\/p>\n<\/li>\n<li data-start=\"2448\" data-end=\"2508\">\n<p data-start=\"2450\" data-end=\"2508\">Automatyczna ekspozycja dla dynamicznych warunk\u00f3w o\u015bwietleniowych<\/p>\n<\/li>\n<li data-start=\"2509\" data-end=\"2570\">\n<p data-start=\"2511\" data-end=\"2570\">Kompaktowa konstrukcja z geometrycznym rozmieszczeniem czujnik\u00f3w<\/p>\n<\/li>\n<li data-start=\"2571\" data-end=\"2640\">\n<p data-start=\"2573\" data-end=\"2640\">Obs\u0142uga wielu interfejs\u00f3w wyj\u015bciowych: Camera Link \/ OLED \/ GbE<\/p>\n<\/li>\n<\/ul>\n<hr data-start=\"2642\" data-end=\"2645\" \/>\n<h2 data-start=\"2647\" data-end=\"2674\"><strong data-start=\"2650\" data-end=\"2674\">Typowe zastosowania<\/strong><\/h2>\n<p data-start=\"2675\" data-end=\"2775\">Zaprojektowany dla profesjonalnych system\u00f3w obrazowania wymagaj\u0105cych stabilnego dzia\u0142ania w ekstremalnie ciemnych warunkach:<\/p>\n<ul data-start=\"2777\" data-end=\"3088\">\n<li data-start=\"2777\" data-end=\"2851\">\n<p data-start=\"2779\" data-end=\"2851\">Obrona i nadz\u00f3r wojskowy<\/p>\n<\/li>\n<li data-start=\"2852\" data-end=\"2886\">\n<p data-start=\"2854\" data-end=\"2886\">Systemy wizyjne pojazd\u00f3w opancerzonych<\/p>\n<\/li>\n<li data-start=\"2887\" data-end=\"2927\">\n<p data-start=\"2889\" data-end=\"2927\">Monitorowanie granic i infrastruktury<\/p>\n<\/li>\n<li data-start=\"2928\" data-end=\"2973\">\n<p data-start=\"2930\" data-end=\"2973\">Indywidualny noktowizor \u017co\u0142nierza<\/p>\n<\/li>\n<li data-start=\"2974\" data-end=\"3015\">\n<p data-start=\"2976\" data-end=\"3015\">Widzenie maszynowe w s\u0142abo o\u015bwietlonych fabrykach<\/p>\n<\/li>\n<li data-start=\"3016\" data-end=\"3053\">\n<p data-start=\"3018\" data-end=\"3053\">Nadz\u00f3r obwodowy i bezpiecze\u0144stwa<\/p>\n<\/li>\n<li data-start=\"3054\" data-end=\"3088\">\n<p data-start=\"3056\" data-end=\"3088\">Cyfrowe noktowizory OEM<\/p>\n<\/li>\n<\/ul>\n<hr data-start=\"3090\" data-end=\"3093\" \/>\n<h2 data-start=\"3095\" data-end=\"3126\"><strong data-start=\"3098\" data-end=\"3126\">Specyfikacja techniczna<\/strong><\/h2>\n<div class=\"_tableContainer_1rjym_1\">\n<div class=\"group _tableWrapper_1rjym_13 flex w-fit flex-col-reverse\" tabindex=\"-1\">\n<table class=\"w-fit min-w-(--thread-content-width)\" data-start=\"3128\" data-end=\"4086\">\n<thead data-start=\"3128\" data-end=\"3157\">\n<tr data-start=\"3128\" data-end=\"3157\">\n<th data-start=\"3128\" data-end=\"3144\" data-col-size=\"sm\"><strong data-start=\"3130\" data-end=\"3143\">Parametr<\/strong><\/th>\n<th data-start=\"3144\" data-end=\"3157\" data-col-size=\"md\"><strong data-start=\"3146\" data-end=\"3155\">Warto\u015b\u0107<\/strong><\/th>\n<\/tr>\n<\/thead>\n<tbody data-start=\"3188\" data-end=\"4086\">\n<tr data-start=\"3188\" data-end=\"3226\">\n<td data-start=\"3188\" data-end=\"3206\" data-col-size=\"sm\"><strong data-start=\"3190\" data-end=\"3205\">Typ czujnika<\/strong><\/td>\n<td data-col-size=\"md\" data-start=\"3206\" data-end=\"3226\">CMOS, monochromatyczny<\/td>\n<\/tr>\n<tr data-start=\"3227\" data-end=\"3321\">\n<td data-start=\"3227\" data-end=\"3244\" data-col-size=\"sm\"><strong data-start=\"3229\" data-end=\"3243\">Rozmiar tablicy<\/strong><\/td>\n<td data-col-size=\"md\" data-start=\"3244\" data-end=\"3321\">1280(H) \u00d7 1024(V) \/ 1024P \/ 1,3 Mpix<\/td>\n<\/tr>\n<tr data-start=\"3322\" data-end=\"3358\">\n<td data-start=\"3322\" data-end=\"3339\" data-col-size=\"sm\"><strong data-start=\"3324\" data-end=\"3338\">Rozmiar piksela<\/strong><\/td>\n<td data-col-size=\"md\" data-start=\"3339\" data-end=\"3358\">9,7 \u03bcm \u00d7 9,7 \u03bcm<\/td>\n<\/tr>\n<tr data-start=\"3359\" data-end=\"3393\">\n<td data-start=\"3359\" data-end=\"3376\" data-col-size=\"sm\"><strong data-start=\"3361\" data-end=\"3375\">Liczba klatek na sekund\u0119<\/strong><\/td>\n<td data-col-size=\"md\" data-start=\"3376\" data-end=\"3393\">30 Hz \/ 60 Hz<\/td>\n<\/tr>\n<tr data-start=\"3394\" data-end=\"3459\">\n<td data-start=\"3394\" data-end=\"3421\" data-col-size=\"sm\"><strong data-start=\"3396\" data-end=\"3420\">Minimalne pod\u015bwietlenie<\/strong><\/td>\n<td data-col-size=\"md\" data-start=\"3421\" data-end=\"3459\">6,5 \u00d7 10-\u2074 luks\u00f3w (obiektyw 35 mm przy F1,4)<\/td>\n<\/tr>\n<tr data-start=\"3460\" data-end=\"3514\">\n<td data-start=\"3460\" data-end=\"3480\" data-col-size=\"sm\"><strong data-start=\"3462\" data-end=\"3479\">Zakres dynamiczny<\/strong><\/td>\n<td data-start=\"3480\" data-end=\"3514\" data-col-size=\"md\">\u226580 dB (HDR), \u226568 dB (bez HDR)<\/td>\n<\/tr>\n<tr data-start=\"3515\" data-end=\"3551\">\n<td data-start=\"3515\" data-end=\"3536\" data-col-size=\"sm\"><strong data-start=\"3517\" data-end=\"3535\">Zakres widmowy<\/strong><\/td>\n<td data-col-size=\"md\" data-start=\"3536\" data-end=\"3551\">400-1100 nm<\/td>\n<\/tr>\n<tr data-start=\"3552\" data-end=\"3596\">\n<td data-start=\"3552\" data-end=\"3577\" data-col-size=\"sm\"><strong data-start=\"3554\" data-end=\"3576\">Migawka elektroniczna<\/strong><\/td>\n<td data-col-size=\"md\" data-start=\"3577\" data-end=\"3596\">Rolling shutter<\/td>\n<\/tr>\n<tr data-start=\"3597\" data-end=\"3627\">\n<td data-start=\"3597\" data-end=\"3616\" data-col-size=\"sm\"><strong data-start=\"3599\" data-end=\"3615\">Kontrola wzmocnienia<\/strong><\/td>\n<td data-col-size=\"md\" data-start=\"3616\" data-end=\"3627\">0-24 dB<\/td>\n<\/tr>\n<tr data-start=\"3628\" data-end=\"3697\">\n<td data-start=\"3628\" data-end=\"3650\" data-col-size=\"sm\"><strong data-start=\"3630\" data-end=\"3649\">Redukcja ha\u0142asu<\/strong><\/td>\n<td data-col-size=\"md\" data-start=\"3650\" data-end=\"3697\">Redukcja szum\u00f3w 3D, korekcja wadliwych pikseli<\/td>\n<\/tr>\n<tr data-start=\"3698\" data-end=\"3750\">\n<td data-start=\"3698\" data-end=\"3722\" data-col-size=\"sm\"><strong data-start=\"3700\" data-end=\"3721\">Interfejsy wyj\u015bciowe<\/strong><\/td>\n<td data-col-size=\"md\" data-start=\"3722\" data-end=\"3750\">Camera Link \/ OLED \/ GbE<\/td>\n<\/tr>\n<tr data-start=\"3751\" data-end=\"3780\">\n<td data-start=\"3751\" data-end=\"3770\" data-col-size=\"sm\"><strong data-start=\"3753\" data-end=\"3769\">Zegar wyj\u015bciowy<\/strong><\/td>\n<td data-col-size=\"md\" data-start=\"3770\" data-end=\"3780\">50 MHz<\/td>\n<\/tr>\n<tr data-start=\"3781\" data-end=\"3809\">\n<td data-start=\"3781\" data-end=\"3800\" data-col-size=\"sm\"><strong data-start=\"3783\" data-end=\"3799\">Zasilanie<\/strong><\/td>\n<td data-col-size=\"md\" data-start=\"3800\" data-end=\"3809\">4-6 V<\/td>\n<\/tr>\n<tr data-start=\"3810\" data-end=\"3842\">\n<td data-start=\"3810\" data-end=\"3834\" data-col-size=\"sm\"><strong data-start=\"3812\" data-end=\"3833\">Zu\u017cycie energii<\/strong><\/td>\n<td data-col-size=\"md\" data-start=\"3834\" data-end=\"3842\">\u22642 W<\/td>\n<\/tr>\n<tr data-start=\"3843\" data-end=\"3888\">\n<td data-start=\"3843\" data-end=\"3871\" data-col-size=\"sm\"><strong data-start=\"3845\" data-end=\"3870\">Temperatura pracy<\/strong><\/td>\n<td data-col-size=\"md\" data-start=\"3871\" data-end=\"3888\">-55 do +70 \u00b0C<\/td>\n<\/tr>\n<tr data-start=\"3889\" data-end=\"3932\">\n<td data-start=\"3889\" data-end=\"3915\" data-col-size=\"sm\"><strong data-start=\"3891\" data-end=\"3914\">Temperatura przechowywania<\/strong><\/td>\n<td data-col-size=\"md\" data-start=\"3915\" data-end=\"3932\">-55 do +70 \u00b0C<\/td>\n<\/tr>\n<tr data-start=\"3933\" data-end=\"4027\">\n<td data-start=\"3933\" data-end=\"3973\" data-col-size=\"sm\"><strong data-start=\"3935\" data-end=\"3972\">Zalecana temperatura pracy<\/strong><\/td>\n<td data-col-size=\"md\" data-start=\"3973\" data-end=\"4027\">-40 do +60 \u00b0C<\/p>\n<p class=\"not-prose mt-0! mb-0! flex-auto truncate\">1024P Sub 1 mLux Digital Nightv...<\/p>\n<\/td>\n<\/tr>\n<tr data-start=\"4028\" data-end=\"4086\">\n<td data-start=\"4028\" data-end=\"4056\" data-col-size=\"sm\"><strong data-start=\"4030\" data-end=\"4055\">Pozycja instalacji<\/strong><\/td>\n<td data-col-size=\"md\" data-start=\"4056\" data-end=\"4086\">Czujnik w centrum geometrycznym<\/td>\n<\/tr>\n<\/tbody>\n<\/table>\n<\/div>\n<\/div>\n<hr data-start=\"4088\" data-end=\"4091\" \/>\n<h2 data-start=\"4093\" data-end=\"4144\"><strong data-start=\"4096\" data-end=\"4144\">Dlaczego warto wybra\u0107 ten cyfrowy czujnik noktowizyjny?<\/strong><\/h2>\n<p data-start=\"4145\" data-end=\"4363\">Modu\u0142 ten zosta\u0142 zaprojektowany z my\u015bl\u0105 o \u015brodowiskach o znaczeniu krytycznym, w kt\u00f3rych konwencjonalne czujniki CMOS zawodz\u0105. Dzi\u0119ki czu\u0142o\u015bci poni\u017cej mLux, obrazowaniu HDR, algorytmom przenikania mg\u0142y i reakcji NIR, zapewnia stabiln\u0105 wydajno\u015b\u0107 w..:<\/p>\n<ul data-start=\"4365\" data-end=\"4475\">\n<li data-start=\"4365\" data-end=\"4378\">\n<p data-start=\"4367\" data-end=\"4378\">\u015bwiat\u0142o gwiazd<\/p>\n<\/li>\n<li data-start=\"4379\" data-end=\"4398\">\n<p data-start=\"4381\" data-end=\"4398\">bezksi\u0119\u017cycowe noce<\/p>\n<\/li>\n<li data-start=\"4399\" data-end=\"4419\">\n<p data-start=\"4401\" data-end=\"4419\">mg\u0142a, kurz, dym<\/p>\n<\/li>\n<li data-start=\"4420\" data-end=\"4447\">\n<p data-start=\"4422\" data-end=\"4447\">warunki niskiego kontrastu<\/p>\n<\/li>\n<li data-start=\"4448\" data-end=\"4475\">\n<p data-start=\"4450\" data-end=\"4475\">Nadz\u00f3r dalekiego zasi\u0119gu<\/p>\n<\/li>\n<\/ul>\n<p data-start=\"4477\" data-end=\"4642\">Dla integrator\u00f3w, kt\u00f3rzy musz\u0105 kupi\u0107 cyfrowy czujnik noktowizyjny, model ten zapewnia idealn\u0105 r\u00f3wnowag\u0119 mi\u0119dzy jako\u015bci\u0105 obrazu, niezawodno\u015bci\u0105 i \u0142atw\u0105 integracj\u0105 OEM.<\/p>\n<p data-start=\"4477\" data-end=\"4642\"><img data-dominant-color=\"c5c9cf\" data-has-transparency=\"false\" style=\"--dominant-color: #c5c9cf;\" decoding=\"async\" class=\"aligncenter wp-image-6285 size-full not-transparent\" src=\"https:\/\/meskernel.net\/wp-content\/uploads\/2025\/11\/Defense-and-Surveillance-Systems.webp\" alt=\"Systemy obrony i nadzoru\" width=\"800\" height=\"800\" srcset=\"https:\/\/meskernel.net\/wp-content\/uploads\/2025\/11\/Defense-and-Surveillance-Systems.webp 800w, https:\/\/meskernel.net\/wp-content\/uploads\/2025\/11\/Defense-and-Surveillance-Systems-300x300.webp 300w, https:\/\/meskernel.net\/wp-content\/uploads\/2025\/11\/Defense-and-Surveillance-Systems-150x150.webp 150w, https:\/\/meskernel.net\/wp-content\/uploads\/2025\/11\/Defense-and-Surveillance-Systems-768x768.webp 768w, https:\/\/meskernel.net\/wp-content\/uploads\/2025\/11\/Defense-and-Surveillance-Systems-12x12.webp 12w, https:\/\/meskernel.net\/wp-content\/uploads\/2025\/11\/Defense-and-Surveillance-Systems-400x400.webp 400w, https:\/\/meskernel.net\/wp-content\/uploads\/2025\/11\/Defense-and-Surveillance-Systems-100x100.webp 100w\" sizes=\"(max-width: 800px) 100vw, 800px\" \/><\/p>\n<hr data-start=\"4644\" data-end=\"4647\" \/>\n<h2 data-start=\"4649\" data-end=\"4683\"><strong data-start=\"4652\" data-end=\"4683\">Wsparcie i personalizacja OEM<\/strong><\/h2>\n<p data-start=\"4684\" data-end=\"4695\">Zapewniamy:<\/p>\n<ul data-start=\"4696\" data-end=\"4895\">\n<li data-start=\"4696\" data-end=\"4729\">\n<p data-start=\"4698\" data-end=\"4729\">Pe\u0142na personalizacja modu\u0142u OEM<\/p>\n<\/li>\n<li data-start=\"4730\" data-end=\"4781\">\n<p data-start=\"4732\" data-end=\"4781\">Adaptacja interfejsu (Camera Link \/ GbE \/ OLED)<\/p>\n<\/li>\n<li data-start=\"4782\" data-end=\"4837\">\n<p data-start=\"4784\" data-end=\"4837\">D\u0142ugoterminowe dostawy dla klient\u00f3w z bran\u017cy obronnej i przemys\u0142owej<\/p>\n<\/li>\n<li data-start=\"4838\" data-end=\"4895\">\n<p data-start=\"4840\" data-end=\"4895\">Pr\u00f3bki in\u017cynieryjne i wsparcie integracji technicznej<\/p>\n<\/li>\n<\/ul>","protected":false},"excerpt":{"rendered":"<p>Cyfrowy czujnik noktowizyjny 1024P sub-1 mLux zapewniaj\u0105cy wyra\u017any obraz monochromatyczny poni\u017cej 0,65 mLux. Posiada HDR, niski poziom szum\u00f3w, wzmocnienie NIR, usuwanie mg\u0142y i 30\/60 klatek na sekund\u0119. Idealny do zastosowa\u0144 obronnych, nadzoru, pojazd\u00f3w opancerzonych i wizji maszynowej.<\/p>","protected":false},"featured_media":6288,"template":"","meta":{"site-sidebar-layout":"default","site-content-layout":"","ast-site-content-layout":"default","site-content-style":"default","site-sidebar-style":"default","ast-global-header-display":"","ast-banner-title-visibility":"","ast-main-header-display":"","ast-hfb-above-header-display":"","ast-hfb-below-header-display":"","ast-hfb-mobile-header-display":"","site-post-title":"","ast-breadcrumbs-content":"","ast-featured-img":"","footer-sml-layout":"","ast-disable-related-posts":"","theme-transparent-header-meta":"default","adv-header-id-meta":"","stick-header-meta":"","header-above-stick-meta":"","header-main-stick-meta":"","header-below-stick-meta":"","astra-migrate-meta-layouts":"set","ast-page-background-enabled":"default","ast-page-background-meta":{"desktop":{"background-color":"var(--ast-global-color-4)","background-image":"","background-repeat":"repeat","background-position":"center center","background-size":"auto","background-attachment":"scroll","background-type":"","background-media":"","overlay-type":"","overlay-color":"","overlay-opacity":"","overlay-gradient":""},"tablet":{"background-color":"","background-image":"","background-repeat":"repeat","background-position":"center center","background-size":"auto","background-attachment":"scroll","background-type":"","background-media":"","overlay-type":"","overlay-color":"","overlay-opacity":"","overlay-gradient":""},"mobile":{"background-color":"","background-image":"","background-repeat":"repeat","background-position":"center center","background-size":"auto","background-attachment":"scroll","background-type":"","background-media":"","overlay-type":"","overlay-color":"","overlay-opacity":"","overlay-gradient":""}},"ast-content-background-meta":{"desktop":{"background-color":"var(--ast-global-color-5)","background-image":"","background-repeat":"repeat","background-position":"center center","background-size":"auto","background-attachment":"scroll","background-type":"","background-media":"","overlay-type":"","overlay-color":"","overlay-opacity":"","overlay-gradient":""},"tablet":{"background-color":"var(--ast-global-color-5)","background-image":"","background-repeat":"repeat","background-position":"center center","background-size":"auto","background-attachment":"scroll","background-type":"","background-media":"","overlay-type":"","overlay-color":"","overlay-opacity":"","overlay-gradient":""},"mobile":{"background-color":"var(--ast-global-color-5)","background-image":"","background-repeat":"repeat","background-position":"center center","background-size":"auto","background-attachment":"scroll","background-type":"","background-media":"","overlay-type":"","overlay-color":"","overlay-opacity":"","overlay-gradient":""}}},"product_brand":[],"product_cat":[62],"product_tag":[],"class_list":{"0":"post-6283","1":"product","2":"type-product","3":"status-publish","4":"has-post-thumbnail","6":"product_cat-detectors-components","7":"desktop-align-center","8":"tablet-align-left","9":"mobile-align-left","11":"first","12":"instock","13":"shipping-taxable","14":"product-type-simple"},"_links":{"self":[{"href":"https:\/\/meskernel.net\/pl\/wp-json\/wp\/v2\/product\/6283","targetHints":{"allow":["GET"]}}],"collection":[{"href":"https:\/\/meskernel.net\/pl\/wp-json\/wp\/v2\/product"}],"about":[{"href":"https:\/\/meskernel.net\/pl\/wp-json\/wp\/v2\/types\/product"}],"version-history":[{"count":0,"href":"https:\/\/meskernel.net\/pl\/wp-json\/wp\/v2\/product\/6283\/revisions"}],"wp:featuredmedia":[{"embeddable":true,"href":"https:\/\/meskernel.net\/pl\/wp-json\/wp\/v2\/media\/6288"}],"wp:attachment":[{"href":"https:\/\/meskernel.net\/pl\/wp-json\/wp\/v2\/media?parent=6283"}],"wp:term":[{"taxonomy":"product_brand","embeddable":true,"href":"https:\/\/meskernel.net\/pl\/wp-json\/wp\/v2\/product_brand?post=6283"},{"taxonomy":"product_cat","embeddable":true,"href":"https:\/\/meskernel.net\/pl\/wp-json\/wp\/v2\/product_cat?post=6283"},{"taxonomy":"product_tag","embeddable":true,"href":"https:\/\/meskernel.net\/pl\/wp-json\/wp\/v2\/product_tag?post=6283"}],"curies":[{"name":"wp","href":"https:\/\/api.w.org\/{rel}","templated":true}]}}