{"id":6318,"date":"2025-11-24T14:25:09","date_gmt":"2025-11-24T06:25:09","guid":{"rendered":"https:\/\/meskernel.net\/?post_type=product&#038;p=6318"},"modified":"2026-03-03T15:12:59","modified_gmt":"2026-03-03T07:12:59","slug":"modul-odleglosci-lasera-z-zielona-wiazka","status":"publish","type":"product","link":"https:\/\/meskernel.net\/pl\/product\/green-beam-laser-distance-module\/","title":{"rendered":"50-metrowy modu\u0142 odleg\u0142o\u015bci laserowej z zielon\u0105 wi\u0105zk\u0105 i kompaktowym rozmiarem do przechowywania ziarna"},"content":{"rendered":"<h2 data-start=\"386\" data-end=\"460\"><strong data-start=\"389\" data-end=\"458\">Modu\u0142 odleg\u0142o\u015bci lasera Micro Green Beam - kompaktowa moc, przemys\u0142owa precyzja<\/strong><\/h2>\n<p data-start=\"462\" data-end=\"878\">Odblokuj nowy poziom pomiaru odleg\u0142o\u015bci dzi\u0119ki modu\u0142owi odleg\u0142o\u015bci laserowej Green Beam, najnowocze\u015bniejszemu modu\u0142owi precyzyjnego laserowego czujnika odleg\u0142o\u015bci firmy Chengdu Meskernel Integrated Technology Co.  Zaprojektowany z my\u015bl\u0105 o integracji z systemami wra\u017cliwymi na rozmiar i wag\u0119, ten mikro laserowy modu\u0142 czujnika odleg\u0142o\u015bci zapewnia wyj\u0105tkow\u0105 dok\u0142adno\u015b\u0107, szybk\u0105 reakcj\u0119 i niezawodno\u015b\u0107 klasy przemys\u0142owej - a wszystko to w opakowaniu wa\u017c\u0105cym zaledwie 2 gramy.<img data-dominant-color=\"c6ced1\" data-has-transparency=\"false\" style=\"--dominant-color: #c6ced1;\" fetchpriority=\"high\" decoding=\"async\" class=\"alignleft wp-image-6319 size-full not-transparent\" src=\"https:\/\/meskernel.net\/wp-content\/uploads\/2025\/11\/Green-beam-laser-distance-module.webp\" alt=\"Modu\u0142 odleg\u0142o\u015bci lasera z zielon\u0105 wi\u0105zk\u0105\" width=\"1920\" height=\"800\" srcset=\"https:\/\/meskernel.net\/wp-content\/uploads\/2025\/11\/Green-beam-laser-distance-module.webp 1920w, https:\/\/meskernel.net\/wp-content\/uploads\/2025\/11\/Green-beam-laser-distance-module-300x125.webp 300w, https:\/\/meskernel.net\/wp-content\/uploads\/2025\/11\/Green-beam-laser-distance-module-1024x427.webp 1024w, https:\/\/meskernel.net\/wp-content\/uploads\/2025\/11\/Green-beam-laser-distance-module-768x320.webp 768w, https:\/\/meskernel.net\/wp-content\/uploads\/2025\/11\/Green-beam-laser-distance-module-1536x640.webp 1536w, https:\/\/meskernel.net\/wp-content\/uploads\/2025\/11\/Green-beam-laser-distance-module-18x8.webp 18w, https:\/\/meskernel.net\/wp-content\/uploads\/2025\/11\/Green-beam-laser-distance-module-400x167.webp 400w\" sizes=\"(max-width: 1920px) 100vw, 1920px\" \/><\/p>\n<p>&nbsp;<\/p>\n<h3 data-start=\"885\" data-end=\"916\"><strong data-start=\"889\" data-end=\"914\">Dlaczego warto wybra\u0107 modu\u0142 odleg\u0142o\u015bci laserowej z zielon\u0105 wi\u0105zk\u0105?<\/strong><\/h3>\n<p><img data-dominant-color=\"d2cac9\" data-has-transparency=\"false\" style=\"--dominant-color: #d2cac9;\" decoding=\"async\" class=\"wp-image-5545 size-full aligncenter not-transparent\" src=\"https:\/\/meskernel.net\/wp-content\/uploads\/2025\/08\/Micro-Laser-Distance-Sensor-LDL-T-Module-2.webp\" alt=\"Mikro laserowy czujnik odleg\u0142o\u015bci LDL-T Modu\u0142 -2\" width=\"490\" height=\"492\" srcset=\"https:\/\/meskernel.net\/wp-content\/uploads\/2025\/08\/Micro-Laser-Distance-Sensor-LDL-T-Module-2.webp 490w, https:\/\/meskernel.net\/wp-content\/uploads\/2025\/08\/Micro-Laser-Distance-Sensor-LDL-T-Module-2-300x300.webp 300w, https:\/\/meskernel.net\/wp-content\/uploads\/2025\/08\/Micro-Laser-Distance-Sensor-LDL-T-Module-2-150x150.webp 150w, https:\/\/meskernel.net\/wp-content\/uploads\/2025\/08\/Micro-Laser-Distance-Sensor-LDL-T-Module-2-12x12.webp 12w, https:\/\/meskernel.net\/wp-content\/uploads\/2025\/08\/Micro-Laser-Distance-Sensor-LDL-T-Module-2-400x402.webp 400w, https:\/\/meskernel.net\/wp-content\/uploads\/2025\/08\/Micro-Laser-Distance-Sensor-LDL-T-Module-2-100x100.webp 100w\" sizes=\"(max-width: 490px) 100vw, 490px\" \/><\/p>\n<p>&nbsp;<\/p>\n<h4 data-start=\"918\" data-end=\"960\"><\/h4>\n<h4 data-start=\"918\" data-end=\"960\"><strong data-start=\"923\" data-end=\"958\">1. Ultrakompaktowy i lekki jak pi\u00f3rko<\/strong><\/h4>\n<p data-start=\"961\" data-end=\"1115\">Przy wymiarach 27,87 \u00d7 16,57 \u00d7 7,01 mm i wadze zaledwie 2 g, modu\u0142 odleg\u0142o\u015bci laserowej Green Beam bez trudu mie\u015bci si\u0119 w UAV, AGV, r\u0119cznych instrumentach i innych urz\u0105dzeniach o ograniczonej przestrzeni.<\/p>\n<h4 data-start=\"1117\" data-end=\"1156\"><strong data-start=\"1122\" data-end=\"1154\">2. Wysoka dok\u0142adno\u015b\u0107, du\u017cy zasi\u0119g<\/strong><\/h4>\n<ul data-start=\"1157\" data-end=\"1335\">\n<li data-start=\"1157\" data-end=\"1193\">\n<p data-start=\"1159\" data-end=\"1193\">Zakres pomiaru<strong data-start=\"1159\" data-end=\"1181\">:<\/strong> 0.03-80 m<\/p>\n<\/li>\n<li data-start=\"1194\" data-end=\"1270\">\n<p data-start=\"1196\" data-end=\"1270\">Precyzja<strong data-start=\"1196\" data-end=\"1210\">:<\/strong> \u00b11 mm nawet przy niskim wsp\u00f3\u0142czynniku odbicia lub jasnym o\u015bwietleniu<\/p>\n<\/li>\n<li data-start=\"1271\" data-end=\"1335\">\n<p data-start=\"1273\" data-end=\"1335\">Niezawodne odczyty zar\u00f3wno dla zada\u0144 kr\u00f3tkiego, jak i dalekiego zasi\u0119gu.<\/p>\n<\/li>\n<\/ul>\n<h4 data-start=\"1337\" data-end=\"1377\"><strong data-start=\"1342\" data-end=\"1375\">3. B\u0142yskawiczny pomiar<\/strong><\/h4>\n<ul data-start=\"1378\" data-end=\"1511\">\n<li data-start=\"1378\" data-end=\"1436\">\n<p data-start=\"1380\" data-end=\"1436\">Cz\u0119stotliwo\u015b\u0107<strong data-start=\"1380\" data-end=\"1394\">:<\/strong> Do 30 Hz dla aplikacji dzia\u0142aj\u0105cych w czasie rzeczywistym.<\/p>\n<\/li>\n<li data-start=\"1437\" data-end=\"1511\">\n<p data-start=\"1439\" data-end=\"1511\">Idealny do ruchomych cel\u00f3w, linii automatyki i nawigacji robot\u00f3w.<\/p>\n<\/li>\n<\/ul>\n<h4 data-start=\"1513\" data-end=\"1550\"><strong data-start=\"1518\" data-end=\"1548\">4. Energooszcz\u0119dna konstrukcja<\/strong><\/h4>\n<ul data-start=\"1551\" data-end=\"1682\">\n<li data-start=\"1551\" data-end=\"1614\">\n<p data-start=\"1553\" data-end=\"1614\">Niski pob\u00f3r pr\u0105du, idealny do system\u00f3w zasilanych bateryjnie.<\/p>\n<\/li>\n<li data-start=\"1615\" data-end=\"1682\">\n<p data-start=\"1617\" data-end=\"1682\">Kompatybilny z zasilaniem z ogniw suchych i litowych.<\/p>\n<\/li>\n<\/ul>\n<h4 data-start=\"1684\" data-end=\"1719\"><strong data-start=\"1689\" data-end=\"1717\">5. Elastyczna \u0142\u0105czno\u015b\u0107<\/strong><\/h4>\n<ul data-start=\"1720\" data-end=\"1850\">\n<li data-start=\"1720\" data-end=\"1776\">\n<p data-start=\"1722\" data-end=\"1776\">Wiele opcji interfejs\u00f3w: USART, RS232, RS485.<\/p>\n<\/li>\n<li data-start=\"1777\" data-end=\"1850\">\n<p data-start=\"1779\" data-end=\"1850\">Regulowane szybko\u015bci transmisji zapewniaj\u0105 bezproblemow\u0105 integracj\u0119 z istniej\u0105cymi systemami.<\/p>\n<\/li>\n<\/ul>\n<h4 data-start=\"1852\" data-end=\"1892\"><strong data-start=\"1857\" data-end=\"1890\">6. Sprawdzone bezpiecze\u0144stwo i zgodno\u015b\u0107<\/strong><\/h4>\n<ul data-start=\"1893\" data-end=\"2030\">\n<li data-start=\"1893\" data-end=\"1964\">\n<p data-start=\"1895\" data-end=\"1964\">Widoczny czerwony laser klasy II, bezpieczny do u\u017cytku przemys\u0142owego i komercyjnego.<\/p>\n<\/li>\n<li data-start=\"1965\" data-end=\"2030\">\n<p data-start=\"1967\" data-end=\"2030\">Certyfikat CE \/ FCC \/ RoHS \/ FDA dla zgodno\u015bci na ca\u0142ym \u015bwiecie.<\/p>\n<\/li>\n<\/ul>\n<h4 data-start=\"2032\" data-end=\"2077\"><strong data-start=\"2037\" data-end=\"2075\">7. Dostosowanie do w\u0142asnych potrzeb<\/strong><\/h4>\n<p data-start=\"2078\" data-end=\"2223\">Potrzebujesz okre\u015blonego zakresu, dok\u0142adno\u015bci lub ustawie\u0144 komunikacji? Meskernel oferuje pe\u0142n\u0105 personalizacj\u0119, aby spe\u0142ni\u0107 dok\u0142adne wymagania aplikacji.<\/p>\n<hr data-start=\"2225\" data-end=\"2228\" \/>\n<h3 data-start=\"2230\" data-end=\"2260\"><strong data-start=\"2234\" data-end=\"2258\">Typowe zastosowania<\/strong><\/h3>\n<ul data-start=\"2261\" data-end=\"2647\">\n<li data-start=\"2261\" data-end=\"2340\">\n<p data-start=\"2263\" data-end=\"2340\"><strong data-start=\"2263\" data-end=\"2288\">Automatyka przemys\u0142owa<\/strong> - Pozycjonowanie, wykrywanie obiekt\u00f3w, sterowanie maszynami.<\/p>\n<\/li>\n<li data-start=\"2341\" data-end=\"2416\">\n<p data-start=\"2343\" data-end=\"2416\"><strong data-start=\"2343\" data-end=\"2364\">Drony i robotyka<\/strong> - Unikanie przeszk\u00f3d, kontrola wysoko\u015bci, nawigacja.<\/p>\n<\/li>\n<li data-start=\"2417\" data-end=\"2480\">\n<p data-start=\"2419\" data-end=\"2480\"><strong data-start=\"2419\" data-end=\"2442\">Geodezja i mapowanie<\/strong> - Wysoka dok\u0142adno\u015b\u0107 pomiar\u00f3w w terenie.<\/p>\n<\/li>\n<li data-start=\"2481\" data-end=\"2565\">\n<p data-start=\"2483\" data-end=\"2565\"><strong data-start=\"2483\" data-end=\"2502\">Inteligentna logistyka<\/strong> - Zautomatyzowana kontrola odleg\u0142o\u015bci dla przeno\u015bnik\u00f3w ta\u015bmowych i magazynowych.<\/p>\n<\/li>\n<li data-start=\"2566\" data-end=\"2647\">\n<p data-start=\"2568\" data-end=\"2647\"><strong data-start=\"2568\" data-end=\"2588\">Urz\u0105dzenia przeno\u015bne<\/strong> - Integracja z r\u0119cznymi lub ubieralnymi narz\u0119dziami pomiarowymi.<\/p>\n<\/li>\n<\/ul>\n<p><img data-dominant-color=\"858580\" data-has-transparency=\"false\" style=\"--dominant-color: #858580;\" decoding=\"async\" class=\"wp-image-4226 size-full aligncenter not-transparent\" src=\"https:\/\/meskernel.net\/wp-content\/uploads\/2025\/04\/height-measurement-sensor.webp\" alt=\"\" width=\"716\" height=\"291\" srcset=\"https:\/\/meskernel.net\/wp-content\/uploads\/2025\/04\/height-measurement-sensor.webp 716w, https:\/\/meskernel.net\/wp-content\/uploads\/2025\/04\/height-measurement-sensor-300x122.webp 300w, https:\/\/meskernel.net\/wp-content\/uploads\/2025\/04\/height-measurement-sensor-400x163.webp 400w\" sizes=\"(max-width: 716px) 100vw, 716px\" \/><\/p>\n<hr data-start=\"2649\" data-end=\"2652\" \/>\n<h3 data-start=\"2654\" data-end=\"2684\"><strong data-start=\"2658\" data-end=\"2682\">Najwa\u017cniejsze informacje techniczne<\/strong><\/h3>\n<div class=\"_tableContainer_1rjym_1\">\n<div class=\"_tableWrapper_1rjym_13 group flex w-fit flex-col-reverse\" tabindex=\"-1\">\n<table class=\"w-fit min-w-(--thread-content-width)\" data-start=\"2685\" data-end=\"3074\">\n<thead data-start=\"2685\" data-end=\"2722\">\n<tr data-start=\"2685\" data-end=\"2722\">\n<th data-start=\"2685\" data-end=\"2705\" data-col-size=\"sm\">Cecha<\/th>\n<th data-start=\"2705\" data-end=\"2722\" data-col-size=\"sm\">Specyfikacja<\/th>\n<\/tr>\n<\/thead>\n<tbody data-start=\"2760\" data-end=\"3074\">\n<tr data-start=\"2760\" data-end=\"2793\">\n<td data-start=\"2760\" data-end=\"2780\" data-col-size=\"sm\">Zasi\u0119g<\/td>\n<td data-col-size=\"sm\" data-start=\"2780\" data-end=\"2793\">0.03-80 m<\/td>\n<\/tr>\n<tr data-start=\"2794\" data-end=\"2823\">\n<td data-start=\"2794\" data-end=\"2814\" data-col-size=\"sm\">Dok\u0142adno\u015b\u0107<\/td>\n<td data-col-size=\"sm\" data-start=\"2814\" data-end=\"2823\">\u00b11 mm<\/td>\n<\/tr>\n<tr data-start=\"2824\" data-end=\"2859\">\n<td data-start=\"2824\" data-end=\"2844\" data-col-size=\"sm\">Cz\u0119stotliwo\u015b\u0107<\/td>\n<td data-col-size=\"sm\" data-start=\"2844\" data-end=\"2859\">Do 30 Hz<\/td>\n<\/tr>\n<tr data-start=\"2860\" data-end=\"2908\">\n<td data-start=\"2860\" data-end=\"2880\" data-col-size=\"sm\">Typ lasera<\/td>\n<td data-col-size=\"sm\" data-start=\"2880\" data-end=\"2908\">610-690 nm (widzialna czerwie\u0144)<\/td>\n<\/tr>\n<tr data-start=\"2909\" data-end=\"2956\">\n<td data-start=\"2909\" data-end=\"2929\" data-col-size=\"sm\">Wymiary<\/td>\n<td data-col-size=\"sm\" data-start=\"2929\" data-end=\"2956\">27,87 \u00d7 16,57 \u00d7 7,01 mm<\/td>\n<\/tr>\n<tr data-start=\"2957\" data-end=\"2984\">\n<td data-start=\"2957\" data-end=\"2977\" data-col-size=\"sm\">Waga<\/td>\n<td data-col-size=\"sm\" data-start=\"2977\" data-end=\"2984\">2 g<\/td>\n<\/tr>\n<tr data-start=\"2985\" data-end=\"3028\">\n<td data-start=\"2985\" data-end=\"3005\" data-col-size=\"sm\">Interfejsy<\/td>\n<td data-col-size=\"sm\" data-start=\"3005\" data-end=\"3028\">USART, RS232, RS485<\/td>\n<\/tr>\n<tr data-start=\"3029\" data-end=\"3074\">\n<td data-start=\"3029\" data-end=\"3049\" data-col-size=\"sm\">Certyfikaty<\/td>\n<td data-col-size=\"sm\" data-start=\"3049\" data-end=\"3074\">CE \/ FCC \/ RoHS \/ FDA<\/td>\n<\/tr>\n<\/tbody>\n<\/table>\n<\/div>\n<\/div>\n<hr data-start=\"3076\" data-end=\"3079\" \/>\n<p data-start=\"3081\" data-end=\"3399\">Laserowy modu\u0142 odleg\u0142o\u015bci Green Beam to idealny wyb\u00f3r dla in\u017cynier\u00f3w, producent\u00f3w OEM i innowator\u00f3w poszukuj\u0105cych po\u0142\u0105czenia miniaturowych rozmiar\u00f3w z maksymaln\u0105 wydajno\u015bci\u0105 pomiarow\u0105. Niezale\u017cnie od tego, czy budujesz sprz\u0119t przemys\u0142owy, robotyk\u0119 czy inteligentne urz\u0105dzenia, ten laserowy modu\u0142 odleg\u0142o\u015bci zapewnia szybko\u015b\u0107, precyzj\u0119 i trwa\u0142o\u015b\u0107, kt\u00f3rym mo\u017cesz zaufa\u0107.<\/p>\n<p class=\"elementor-heading-title elementor-size-default\"><a href=\"https:\/\/meskernel.net\/pl\/green-laser-vs-red-laser\/\">Laser zielony a laser czerwony: 6 kluczowych r\u00f3\u017cnic przy wyborze najlepszego czujnika<\/a><\/p>\n<p data-start=\"3401\" data-end=\"3555\">\ud83d\udce9 <a href=\"https:\/\/meskernel.net\/pl\/kontakt\/\"><strong data-start=\"3404\" data-end=\"3445\">Zapytaj teraz o ceny i opcje OEM<\/strong><\/a><\/p>","protected":false},"excerpt":{"rendered":"<p>Laserowy modu\u0142 odleg\u0142o\u015bci Green Beam to miniaturowy, precyzyjny laserowy czujnik odleg\u0142o\u015bci 1 mm o zasi\u0119gu do 80 metr\u00f3w. Ultrakompaktowy laserowy modu\u0142 odleg\u0142o\u015bci 2g o dok\u0142adno\u015bci \u00b11 mm, zasi\u0119gu 0,03-80 m, pr\u0119dko\u015bci 30 Hz, niskim poborze mocy i niezawodno\u015bci klasy przemys\u0142owej.<\/p>","protected":false},"featured_media":6320,"template":"","meta":{"site-sidebar-layout":"default","site-content-layout":"","ast-site-content-layout":"default","site-content-style":"default","site-sidebar-style":"default","ast-global-header-display":"","ast-banner-title-visibility":"","ast-main-header-display":"","ast-hfb-above-header-display":"","ast-hfb-below-header-display":"","ast-hfb-mobile-header-display":"","site-post-title":"","ast-breadcrumbs-content":"","ast-featured-img":"","footer-sml-layout":"","ast-disable-related-posts":"","theme-transparent-header-meta":"default","adv-header-id-meta":"","stick-header-meta":"","header-above-stick-meta":"","header-main-stick-meta":"","header-below-stick-meta":"","astra-migrate-meta-layouts":"set","ast-page-background-enabled":"default","ast-page-background-meta":{"desktop":{"background-color":"var(--ast-global-color-4)","background-image":"","background-repeat":"repeat","background-position":"center center","background-size":"auto","background-attachment":"scroll","background-type":"","background-media":"","overlay-type":"","overlay-color":"","overlay-opacity":"","overlay-gradient":""},"tablet":{"background-color":"","background-image":"","background-repeat":"repeat","background-position":"center center","background-size":"auto","background-attachment":"scroll","background-type":"","background-media":"","overlay-type":"","overlay-color":"","overlay-opacity":"","overlay-gradient":""},"mobile":{"background-color":"","background-image":"","background-repeat":"repeat","background-position":"center center","background-size":"auto","background-attachment":"scroll","background-type":"","background-media":"","overlay-type":"","overlay-color":"","overlay-opacity":"","overlay-gradient":""}},"ast-content-background-meta":{"desktop":{"background-color":"var(--ast-global-color-5)","background-image":"","background-repeat":"repeat","background-position":"center center","background-size":"auto","background-attachment":"scroll","background-type":"","background-media":"","overlay-type":"","overlay-color":"","overlay-opacity":"","overlay-gradient":""},"tablet":{"background-color":"var(--ast-global-color-5)","background-image":"","background-repeat":"repeat","background-position":"center center","background-size":"auto","background-attachment":"scroll","background-type":"","background-media":"","overlay-type":"","overlay-color":"","overlay-opacity":"","overlay-gradient":""},"mobile":{"background-color":"var(--ast-global-color-5)","background-image":"","background-repeat":"repeat","background-position":"center center","background-size":"auto","background-attachment":"scroll","background-type":"","background-media":"","overlay-type":"","overlay-color":"","overlay-opacity":"","overlay-gradient":""}}},"product_brand":[],"product_cat":[51],"product_tag":[56],"class_list":{"0":"post-6318","1":"product","2":"type-product","3":"status-publish","4":"has-post-thumbnail","6":"product_cat-laser-distance-sensor","7":"product_tag-hot","8":"desktop-align-center","9":"tablet-align-left","10":"mobile-align-left","12":"first","13":"instock","14":"shipping-taxable","15":"product-type-simple"},"_links":{"self":[{"href":"https:\/\/meskernel.net\/pl\/wp-json\/wp\/v2\/product\/6318","targetHints":{"allow":["GET"]}}],"collection":[{"href":"https:\/\/meskernel.net\/pl\/wp-json\/wp\/v2\/product"}],"about":[{"href":"https:\/\/meskernel.net\/pl\/wp-json\/wp\/v2\/types\/product"}],"version-history":[{"count":0,"href":"https:\/\/meskernel.net\/pl\/wp-json\/wp\/v2\/product\/6318\/revisions"}],"wp:featuredmedia":[{"embeddable":true,"href":"https:\/\/meskernel.net\/pl\/wp-json\/wp\/v2\/media\/6320"}],"wp:attachment":[{"href":"https:\/\/meskernel.net\/pl\/wp-json\/wp\/v2\/media?parent=6318"}],"wp:term":[{"taxonomy":"product_brand","embeddable":true,"href":"https:\/\/meskernel.net\/pl\/wp-json\/wp\/v2\/product_brand?post=6318"},{"taxonomy":"product_cat","embeddable":true,"href":"https:\/\/meskernel.net\/pl\/wp-json\/wp\/v2\/product_cat?post=6318"},{"taxonomy":"product_tag","embeddable":true,"href":"https:\/\/meskernel.net\/pl\/wp-json\/wp\/v2\/product_tag?post=6318"}],"curies":[{"name":"wp","href":"https:\/\/api.w.org\/{rel}","templated":true}]}}