{"id":6996,"date":"2026-02-06T15:48:18","date_gmt":"2026-02-06T07:48:18","guid":{"rendered":"https:\/\/meskernel.net\/?post_type=product&#038;p=6996"},"modified":"2026-02-06T15:57:31","modified_gmt":"2026-02-06T07:57:31","slug":"szybki-laserowy-czujnik-odleglosci","status":"publish","type":"product","link":"https:\/\/meskernel.net\/pl\/product\/high-speed-laser-distance-sensor\/","title":{"rendered":"Szybki laserowy czujnik odleg\u0142o\u015bci LDJU (do 10 kHz)"},"content":{"rendered":"<h3 data-start=\"350\" data-end=\"427\">Milimetrowo dok\u0142adny pomiar odleg\u0142o\u015bci dla system\u00f3w przemys\u0142owych czasu rzeczywistego<\/h3>\n<p data-start=\"429\" data-end=\"769\">Szybki laserowy czujnik odleg\u0142o\u015bci LDJU jest przeznaczony do zastosowa\u0144 wymagaj\u0105cych ultraszybkiej reakcji, stabilnego wyj\u015bcia ci\u0105g\u0142ego i milimetrowej dok\u0142adno\u015bci.<br data-start=\"598\" data-end=\"601\" \/>Dzi\u0119ki maksymalnej cz\u0119stotliwo\u015bci pomiarowej wynosz\u0105cej 10 000 pomiar\u00f3w na sekund\u0119, LDJU jest idealny do automatyki przemys\u0142owej, sterowania ruchem i system\u00f3w sprz\u0119\u017cenia zwrotnego w czasie rzeczywistym.<\/p>\n<p data-start=\"429\" data-end=\"769\"><img data-dominant-color=\"b8bcc9\" data-has-transparency=\"true\" style=\"--dominant-color: #b8bcc9;\" fetchpriority=\"high\" decoding=\"async\" class=\"alignleft wp-image-7001 has-transparency\" src=\"https:\/\/meskernel.net\/wp-content\/uploads\/2026\/02\/LDJU-Laser-Distance-Sensor-300x244.webp\" alt=\"Laserowy czujnik odleg\u0142o\u015bci LDJU\" width=\"400\" height=\"326\" srcset=\"https:\/\/meskernel.net\/wp-content\/uploads\/2026\/02\/LDJU-Laser-Distance-Sensor-300x244.webp 300w, https:\/\/meskernel.net\/wp-content\/uploads\/2026\/02\/LDJU-Laser-Distance-Sensor-768x626.webp 768w, https:\/\/meskernel.net\/wp-content\/uploads\/2026\/02\/LDJU-Laser-Distance-Sensor-15x12.webp 15w, https:\/\/meskernel.net\/wp-content\/uploads\/2026\/02\/LDJU-Laser-Distance-Sensor-400x326.webp 400w, https:\/\/meskernel.net\/wp-content\/uploads\/2026\/02\/LDJU-Laser-Distance-Sensor.webp 945w\" sizes=\"(max-width: 400px) 100vw, 400px\" \/><\/p>\n<p data-start=\"771\" data-end=\"789\"><strong data-start=\"771\" data-end=\"789\">Najwa\u017cniejsze informacje<\/strong><\/p>\n<ul data-start=\"790\" data-end=\"1038\">\n<li data-start=\"790\" data-end=\"841\">\n<p data-start=\"792\" data-end=\"841\">Cz\u0119stotliwo\u015b\u0107 pomiaru ci\u0105g\u0142ego do 10 kHz<\/p>\n<\/li>\n<li data-start=\"842\" data-end=\"878\">\n<p data-start=\"844\" data-end=\"878\"><strong data-start=\"844\" data-end=\"869\">\u00b1<\/strong>(3 mm + D \u00d7 1\/10000) dok\u0142adno\u015b\u0107<\/p>\n<\/li>\n<li data-start=\"879\" data-end=\"900\">\n<p data-start=\"881\" data-end=\"900\">Rozdzielczo\u015b\u0107 1 mm<\/p>\n<\/li>\n<li data-start=\"901\" data-end=\"943\">\n<p data-start=\"903\" data-end=\"943\">Technologia pomiaru r\u00f3\u017cnicy faz iToF<\/p>\n<\/li>\n<li data-start=\"944\" data-end=\"979\">\n<p data-start=\"946\" data-end=\"979\">Obs\u0142uga TTL \/ USB \/ RS232 \/ RS485<\/p>\n<\/li>\n<li data-start=\"980\" data-end=\"1038\">\n<p data-start=\"982\" data-end=\"1038\">Gotowo\u015b\u0107 OEM z obs\u0142ug\u0105 protoko\u0142u ASCII i aktualizacj\u0105 oprogramowania uk\u0142adowego<\/p>\n<\/li>\n<\/ul>\n<hr data-start=\"1040\" data-end=\"1043\" \/>\n<h2 data-start=\"1045\" data-end=\"1094\"><strong data-start=\"1048\" data-end=\"1094\">Czym jest laserowy czujnik odleg\u0142o\u015bci LDJU?<\/strong><\/h2>\n<p data-start=\"1096\" data-end=\"1403\">LDJU to kompaktowy, przemys\u0142owy, szybki laserowy czujnik odleg\u0142o\u015bci oparty na technologii po\u015bredniego pomiaru r\u00f3\u017cnicy faz Time-of-Flight (iToF).<br data-start=\"1257\" data-end=\"1260\" \/>W spos\u00f3b ci\u0105g\u0142y mierzy odleg\u0142o\u015b\u0107 mi\u0119dzy czujnikiem a celem, analizuj\u0105c przesuni\u0119cie fazowe mi\u0119dzy emitowanymi i odbitymi sygna\u0142ami laserowymi.<\/p>\n<p data-start=\"1405\" data-end=\"1606\">W por\u00f3wnaniu z konwencjonalnymi czujnikami odleg\u0142o\u015bci, LDJU koncentruje si\u0119 na wysokiej cz\u0119stotliwo\u015bci wyj\u015bciowej w po\u0142\u0105czeniu ze stabiln\u0105 dok\u0142adno\u015bci\u0105, dzi\u0119ki czemu nadaje si\u0119 do dynamicznych system\u00f3w, w kt\u00f3rych informacja zwrotna o odleg\u0142o\u015bci w czasie rzeczywistym ma kluczowe znaczenie.<\/p>\n<p data-start=\"1405\" data-end=\"1606\"><a href=\"https:\/\/www.youtube.com\/@Meskernelnet\/videos\" target=\"_blank\" rel=\"noopener\">Obejrzyj rzeczywisty test wydajno\u015bci szybkiego laserowego czujnika odleg\u0142o\u015bci LDJU<\/a>, w tym ci\u0105g\u0142e wyj\u015bcie 10 kHz i stabilno\u015b\u0107 sygna\u0142u.<\/p>\n<hr data-start=\"1608\" data-end=\"1611\" \/>\n<h2 data-start=\"1613\" data-end=\"1639\"><strong data-start=\"1616\" data-end=\"1639\">Dlaczego warto wybra\u0107 LDJU?<\/strong><\/h2>\n<p>&nbsp;<\/p>\n<h3 data-start=\"1641\" data-end=\"1677\"><strong data-start=\"1645\" data-end=\"1677\">1. bardzo wysoka pr\u0119dko\u015b\u0107 pomiaru<\/strong><\/h3>\n<p data-start=\"1678\" data-end=\"1798\">LDJU obs\u0142uguje ci\u0105g\u0142e cz\u0119stotliwo\u015bci pomiarowe do 10 kHz, umo\u017cliwiaj\u0105c szybk\u0105 reakcj\u0119 w szybkich systemach sterowania.<\/p>\n<h3 data-start=\"1800\" data-end=\"1834\"><strong data-start=\"1804\" data-end=\"1834\">2. stabilna dok\u0142adno\u015b\u0107 milimetrowa<\/strong><\/h3>\n<p data-start=\"1835\" data-end=\"1979\">Dzi\u0119ki rozdzielczo\u015bci 1 mm i adaptacyjnemu czasowi pomiaru, LDJU utrzymuje stabiln\u0105 moc wyj\u015bciow\u0105, nawet gdy zmienia si\u0119 wsp\u00f3\u0142czynnik odbicia celu lub si\u0142a sygna\u0142u.<\/p>\n<h3 data-start=\"1981\" data-end=\"2015\"><strong data-start=\"1985\" data-end=\"2015\">3. adaptacyjna logika pomiaru<\/strong><\/h3>\n<p data-start=\"2016\" data-end=\"2067\">Czujnik automatycznie dostosowuje pr\u0119dko\u015b\u0107 pomiaru:<\/p>\n<ul data-start=\"2068\" data-end=\"2162\">\n<li data-start=\"2068\" data-end=\"2106\">\n<p data-start=\"2070\" data-end=\"2106\">Silny sygna\u0142 \u2192 szybszy pomiar<\/p>\n<\/li>\n<li data-start=\"2107\" data-end=\"2162\">\n<p data-start=\"2109\" data-end=\"2162\">S\u0142aby sygna\u0142 \u2192 zoptymalizowane taktowanie w celu zachowania dok\u0142adno\u015bci<\/p>\n<\/li>\n<\/ul>\n<p data-start=\"2164\" data-end=\"2224\">Zapewnia to wiarygodne wyniki bez nag\u0142ych skok\u00f3w odleg\u0142o\u015bci.<\/p>\n<h3 data-start=\"2226\" data-end=\"2259\"><strong data-start=\"2230\" data-end=\"2259\">Przyjazny dla przemys\u0142u i OEM<\/strong><\/h3>\n<p data-start=\"2260\" data-end=\"2486\">LDJU domy\u015blnie obs\u0142uguje komunikacj\u0119 TTL i mo\u017ce by\u0107 zintegrowany z systemami USB, RS232 lub RS485 za po\u015brednictwem zewn\u0119trznych modu\u0142\u00f3w konwersji.<br data-start=\"2391\" data-end=\"2394\" \/>Protok\u00f3\u0142 polece\u0144 oparty na ASCII z MODBUS CRC16 u\u0142atwia integracj\u0119 systemu.<\/p>\n<p><img decoding=\"async\" class=\"wp-image-2995 size-full aligncenter\" src=\"https:\/\/meskernel.net\/wp-content\/uploads\/2024\/11\/why-us-distance-sensor.jpg\" alt=\"Dlaczego warto u\u017cywa\u0107 czujnika odleg\u0142o\u015bci\" width=\"1069\" height=\"228\" srcset=\"https:\/\/meskernel.net\/wp-content\/uploads\/2024\/11\/why-us-distance-sensor.jpg 1069w, https:\/\/meskernel.net\/wp-content\/uploads\/2024\/11\/why-us-distance-sensor-300x64.jpg 300w, https:\/\/meskernel.net\/wp-content\/uploads\/2024\/11\/why-us-distance-sensor-1024x218.jpg 1024w, https:\/\/meskernel.net\/wp-content\/uploads\/2024\/11\/why-us-distance-sensor-768x164.jpg 768w, https:\/\/meskernel.net\/wp-content\/uploads\/2024\/11\/why-us-distance-sensor-400x85.jpg 400w\" sizes=\"(max-width: 1069px) 100vw, 1069px\" \/><\/p>\n<hr data-start=\"2488\" data-end=\"2491\" \/>\n<h2 data-start=\"2493\" data-end=\"2549\"><strong data-start=\"2496\" data-end=\"2549\">Technologia pomiarowa - r\u00f3\u017cnica faz iToF<\/strong><\/h2>\n<p data-start=\"2551\" data-end=\"2722\">LDJU przyjmuje po\u015brednie <a href=\"https:\/\/meskernel.net\/pl\/czujnik-odleglosci-czasu-lotu\/\">Technologia Time-of-Flight (iToF)<\/a>, kt\u00f3ry oblicza odleg\u0142o\u015b\u0107 poprzez pomiar r\u00f3\u017cnicy faz mi\u0119dzy modulowanym sygna\u0142em laserowym a jego odbiciem.<\/p>\n<p data-start=\"2724\" data-end=\"2752\">Korzy\u015bci z iToF w LDJU<\/p>\n<ul data-start=\"2753\" data-end=\"2907\">\n<li data-start=\"2753\" data-end=\"2779\">\n<p data-start=\"2755\" data-end=\"2779\">Wysoka rozdzielczo\u015b\u0107 na odleg\u0142o\u015b\u0107<\/p>\n<\/li>\n<li data-start=\"2780\" data-end=\"2807\">\n<p data-start=\"2782\" data-end=\"2807\">Zmniejszona z\u0142o\u017cono\u015b\u0107 taktowania<\/p>\n<\/li>\n<li data-start=\"2808\" data-end=\"2844\">\n<p data-start=\"2810\" data-end=\"2844\">Wysoka odporno\u015b\u0107 na \u015bwiat\u0142o otoczenia<\/p>\n<\/li>\n<li data-start=\"2845\" data-end=\"2907\">\n<p data-start=\"2847\" data-end=\"2907\">Zoptymalizowany pod k\u0105tem szybkich pomiar\u00f3w kr\u00f3tkiego i \u015bredniego zasi\u0119gu<\/p>\n<\/li>\n<\/ul>\n<hr data-start=\"2909\" data-end=\"2912\" \/>\n<h2 data-start=\"2914\" data-end=\"2944\"><\/h2>\n<h2 data-start=\"2914\" data-end=\"2944\"><strong data-start=\"2917\" data-end=\"2944\">Typowe zastosowania<\/strong><\/h2>\n<ul data-start=\"2946\" data-end=\"3131\">\n<li data-start=\"2946\" data-end=\"2990\">\n<p data-start=\"2948\" data-end=\"2990\">Automatyka przemys\u0142owa i sterowanie ruchem<\/p>\n<\/li>\n<li data-start=\"2991\" data-end=\"3023\">\n<p data-start=\"2993\" data-end=\"3023\">Robotyka i pozycjonowanie AGV<\/p>\n<\/li>\n<li data-start=\"3024\" data-end=\"3056\">\n<p data-start=\"3026\" data-end=\"3056\">Systemy przeno\u015bnik\u00f3w i sortowania<\/p>\n<\/li>\n<li data-start=\"3057\" data-end=\"3094\">\n<p data-start=\"3059\" data-end=\"3094\">Monitorowanie przemieszczenia w czasie rzeczywistym<\/p>\n<\/li>\n<li data-start=\"3095\" data-end=\"3131\">\n<p data-start=\"3097\" data-end=\"3131\">Wbudowane systemy pomiarowe OEM<\/p>\n<\/li>\n<\/ul>\n<hr data-start=\"3133\" data-end=\"3136\" \/>\n<h2 data-start=\"3138\" data-end=\"3172\"><img data-dominant-color=\"e3e4e2\" data-has-transparency=\"false\" style=\"--dominant-color: #e3e4e2;\" decoding=\"async\" class=\"wp-image-7000 size-full aligncenter not-transparent\" src=\"https:\/\/meskernel.net\/wp-content\/uploads\/2026\/02\/LDJU-laser-distance-sensor-integration.webp\" alt=\"Integracja laserowego czujnika odleg\u0142o\u015bci LDJU\" width=\"984\" height=\"233\" srcset=\"https:\/\/meskernel.net\/wp-content\/uploads\/2026\/02\/LDJU-laser-distance-sensor-integration.webp 984w, https:\/\/meskernel.net\/wp-content\/uploads\/2026\/02\/LDJU-laser-distance-sensor-integration-300x71.webp 300w, https:\/\/meskernel.net\/wp-content\/uploads\/2026\/02\/LDJU-laser-distance-sensor-integration-768x182.webp 768w, https:\/\/meskernel.net\/wp-content\/uploads\/2026\/02\/LDJU-laser-distance-sensor-integration-18x4.webp 18w, https:\/\/meskernel.net\/wp-content\/uploads\/2026\/02\/LDJU-laser-distance-sensor-integration-400x95.webp 400w\" sizes=\"(max-width: 984px) 100vw, 984px\" \/><\/h2>\n<h2 data-start=\"3138\" data-end=\"3172\"><\/h2>\n<h2 data-start=\"3138\" data-end=\"3172\"><strong data-start=\"3141\" data-end=\"3172\">Integracja i kolejne kroki<\/strong><\/h2>\n<p data-start=\"3174\" data-end=\"3330\">LDJU zosta\u0142 zaprojektowany do bezpo\u015bredniej integracji z platformami przemys\u0142owymi i wbudowanymi, obs\u0142uguj\u0105c ci\u0105g\u0142e wyj\u015bcie, diagnostyk\u0119 systemu i aktualizacje oprogramowania uk\u0142adowego.<\/p>","protected":false},"excerpt":{"rendered":"<p>Szybki laserowy czujnik odleg\u0142o\u015bci z cz\u0119stotliwo\u015bci\u0105 10 kHz, milimetrow\u0105 precyzj\u0105 i pomiarem adaptacyjnym. Zaprojektowany z my\u015bl\u0105 o automatyce przemys\u0142owej, robotyce i integracji OEM.<\/p>","protected":false},"featured_media":6999,"template":"","meta":{"site-sidebar-layout":"default","site-content-layout":"","ast-site-content-layout":"default","site-content-style":"default","site-sidebar-style":"default","ast-global-header-display":"","ast-banner-title-visibility":"","ast-main-header-display":"","ast-hfb-above-header-display":"","ast-hfb-below-header-display":"","ast-hfb-mobile-header-display":"","site-post-title":"","ast-breadcrumbs-content":"","ast-featured-img":"","footer-sml-layout":"","ast-disable-related-posts":"","theme-transparent-header-meta":"default","adv-header-id-meta":"","stick-header-meta":"","header-above-stick-meta":"","header-main-stick-meta":"","header-below-stick-meta":"","astra-migrate-meta-layouts":"set","ast-page-background-enabled":"default","ast-page-background-meta":{"desktop":{"background-color":"var(--ast-global-color-4)","background-image":"","background-repeat":"repeat","background-position":"center center","background-size":"auto","background-attachment":"scroll","background-type":"","background-media":"","overlay-type":"","overlay-color":"","overlay-opacity":"","overlay-gradient":""},"tablet":{"background-color":"","background-image":"","background-repeat":"repeat","background-position":"center center","background-size":"auto","background-attachment":"scroll","background-type":"","background-media":"","overlay-type":"","overlay-color":"","overlay-opacity":"","overlay-gradient":""},"mobile":{"background-color":"","background-image":"","background-repeat":"repeat","background-position":"center center","background-size":"auto","background-attachment":"scroll","background-type":"","background-media":"","overlay-type":"","overlay-color":"","overlay-opacity":"","overlay-gradient":""}},"ast-content-background-meta":{"desktop":{"background-color":"var(--ast-global-color-5)","background-image":"","background-repeat":"repeat","background-position":"center center","background-size":"auto","background-attachment":"scroll","background-type":"","background-media":"","overlay-type":"","overlay-color":"","overlay-opacity":"","overlay-gradient":""},"tablet":{"background-color":"var(--ast-global-color-5)","background-image":"","background-repeat":"repeat","background-position":"center center","background-size":"auto","background-attachment":"scroll","background-type":"","background-media":"","overlay-type":"","overlay-color":"","overlay-opacity":"","overlay-gradient":""},"mobile":{"background-color":"var(--ast-global-color-5)","background-image":"","background-repeat":"repeat","background-position":"center center","background-size":"auto","background-attachment":"scroll","background-type":"","background-media":"","overlay-type":"","overlay-color":"","overlay-opacity":"","overlay-gradient":""}}},"product_brand":[],"product_cat":[32,52],"product_tag":[],"class_list":{"0":"post-6996","1":"product","2":"type-product","3":"status-publish","4":"has-post-thumbnail","6":"product_cat-high-frequency-ranging-sensor-module","7":"product_cat-phase-distance-sensor","8":"desktop-align-center","9":"tablet-align-left","10":"mobile-align-left","12":"first","13":"instock","14":"shipping-taxable","15":"product-type-simple"},"_links":{"self":[{"href":"https:\/\/meskernel.net\/pl\/wp-json\/wp\/v2\/product\/6996","targetHints":{"allow":["GET"]}}],"collection":[{"href":"https:\/\/meskernel.net\/pl\/wp-json\/wp\/v2\/product"}],"about":[{"href":"https:\/\/meskernel.net\/pl\/wp-json\/wp\/v2\/types\/product"}],"version-history":[{"count":0,"href":"https:\/\/meskernel.net\/pl\/wp-json\/wp\/v2\/product\/6996\/revisions"}],"wp:featuredmedia":[{"embeddable":true,"href":"https:\/\/meskernel.net\/pl\/wp-json\/wp\/v2\/media\/6999"}],"wp:attachment":[{"href":"https:\/\/meskernel.net\/pl\/wp-json\/wp\/v2\/media?parent=6996"}],"wp:term":[{"taxonomy":"product_brand","embeddable":true,"href":"https:\/\/meskernel.net\/pl\/wp-json\/wp\/v2\/product_brand?post=6996"},{"taxonomy":"product_cat","embeddable":true,"href":"https:\/\/meskernel.net\/pl\/wp-json\/wp\/v2\/product_cat?post=6996"},{"taxonomy":"product_tag","embeddable":true,"href":"https:\/\/meskernel.net\/pl\/wp-json\/wp\/v2\/product_tag?post=6996"}],"curies":[{"name":"wp","href":"https:\/\/api.w.org\/{rel}","templated":true}]}}