{"id":110,"date":"2024-10-10T10:30:43","date_gmt":"2024-10-10T02:30:43","guid":{"rendered":"http:\/\/170.106.98.143\/?post_type=product&#038;p=110"},"modified":"2025-07-03T14:03:24","modified_gmt":"2025-07-03T06:03:24","slug":"sensor-de-alcance-laser","status":"publish","type":"product","link":"https:\/\/meskernel.net\/pt\/product\/laser-range-sensor\/","title":{"rendered":"Mini sensor de alcance de laser 10Hz LDK-40m para monitoramento de seguran\u00e7a"},"content":{"rendered":"<p><span style=\"font-size: 16px;\">O sensor de alcance laser de alta precis\u00e3o foi concebido para fornecer medi\u00e7\u00f5es de dist\u00e2ncia r\u00e1pidas, fi\u00e1veis e precisas, o que o torna uma escolha de topo para uma grande variedade de ind\u00fastrias. Quer esteja a trabalhar em geodesia, constru\u00e7\u00e3o, rob\u00f3tica ou automa\u00e7\u00e3o, este sensor oferece um desempenho excecional em projectos de pequena e grande escala. Gra\u00e7as ao seu design compacto, garante medi\u00e7\u00f5es precisas mesmo em ambientes dif\u00edceis - tanto no interior como no exterior. Abaixo, vamos explorar as principais carater\u00edsticas que fazem deste sensor uma ferramenta indispens\u00e1vel para a sua aplica\u00e7\u00e3o.<\/span><\/p>\n<figure id=\"attachment_2961\" aria-describedby=\"caption-attachment-2961\" style=\"width: 1080px\" class=\"wp-caption aligncenter\"><img fetchpriority=\"high\" decoding=\"async\" class=\"wp-image-2961 size-full\" src=\"https:\/\/meskernel.net\/wp-content\/uploads\/2024\/11\/Phase-Laser-Distance-Module.jpg\" alt=\"M\u00f3dulo de dist\u00e2ncia laser de fase\" width=\"1080\" height=\"300\" srcset=\"https:\/\/meskernel.net\/wp-content\/uploads\/2024\/11\/Phase-Laser-Distance-Module.jpg 1080w, https:\/\/meskernel.net\/wp-content\/uploads\/2024\/11\/Phase-Laser-Distance-Module-300x83.jpg 300w, https:\/\/meskernel.net\/wp-content\/uploads\/2024\/11\/Phase-Laser-Distance-Module-1024x284.jpg 1024w, https:\/\/meskernel.net\/wp-content\/uploads\/2024\/11\/Phase-Laser-Distance-Module-768x213.jpg 768w, https:\/\/meskernel.net\/wp-content\/uploads\/2024\/11\/Phase-Laser-Distance-Module-400x111.jpg 400w\" sizes=\"(max-width: 1080px) 100vw, 1080px\" \/><figcaption id=\"caption-attachment-2961\" class=\"wp-caption-text\">M\u00f3dulo de dist\u00e2ncia laser de fase<\/figcaption><\/figure>\n<h3>Integra\u00e7\u00e3o perfeita com m\u00faltiplas interfaces de comunica\u00e7\u00e3o<\/h3>\n<p>Concebido com a facilidade de utiliza\u00e7\u00e3o em mente, este sensor de alcance laser integra-se sem esfor\u00e7o nos sistemas existentes. Suporta uma variedade de interfaces de comunica\u00e7\u00e3o, tais como RS232, RS485, Bluetooth, Modbus e UART. Como resultado, assegura a compatibilidade com in\u00fameros sistemas de controlo, registadores de dados e plataformas de automa\u00e7\u00e3o. Esta flexibilidade torna o sensor simples de incorporar em configura\u00e7\u00f5es novas e existentes, reduzindo o tempo de instala\u00e7\u00e3o e minimizando os desafios de integra\u00e7\u00e3o. Por sua vez, isto ajuda a melhorar a efici\u00eancia operacional global e proporciona uma experi\u00eancia perfeita aos utilizadores.<\/p>\n<figure id=\"attachment_2968\" aria-describedby=\"caption-attachment-2968\" style=\"width: 750px\" class=\"wp-caption aligncenter\"><img decoding=\"async\" class=\"wp-image-2968 size-full\" title=\"Sensor de alcance laser\" src=\"https:\/\/meskernel.net\/wp-content\/uploads\/2024\/10\/Laser-Range-Sensor.jpg\" alt=\"Sensor de alcance laser\" width=\"750\" height=\"532\" srcset=\"https:\/\/meskernel.net\/wp-content\/uploads\/2024\/10\/Laser-Range-Sensor.jpg 750w, https:\/\/meskernel.net\/wp-content\/uploads\/2024\/10\/Laser-Range-Sensor-300x213.jpg 300w, https:\/\/meskernel.net\/wp-content\/uploads\/2024\/10\/Laser-Range-Sensor-400x284.jpg 400w\" sizes=\"(max-width: 750px) 100vw, 750px\" \/><figcaption id=\"caption-attachment-2968\" class=\"wp-caption-text\">Sensor de alcance laser<\/figcaption><\/figure>\n<h3>Principais carater\u00edsticas do sensor de alcance a laser:<\/h3>\n<ul>\n<li><strong>Op\u00e7\u00f5es de grande dist\u00e2ncia<\/strong><br \/>\nAmpla gama de dist\u00e2ncias selecion\u00e1veis, tornando-o adequado para v\u00e1rias aplica\u00e7\u00f5es.<\/li>\n<li><strong>Velocidade de resposta r\u00e1pida<\/strong><br \/>\nCapacidades de aquisi\u00e7\u00e3o r\u00e1pida de dados, completando medi\u00e7\u00f5es de dist\u00e2ncia em milissegundos.<\/li>\n<li><strong>M\u00faltiplas interfaces de comunica\u00e7\u00e3o<\/strong><br \/>\nSuporta v\u00e1rias interfaces e protocolos de comunica\u00e7\u00e3o, incluindo RS232, RS485, Bluetooth, Modbus e UART, facilitando a integra\u00e7\u00e3o com o controlo ou os dados existentes.<\/li>\n<li><strong>Elevada precis\u00e3o de medi\u00e7\u00e3o<\/strong><br \/>\nCom uma precis\u00e3o tipicamente na ordem dos mil\u00edmetros, este sensor satisfaz os requisitos de elevada exatid\u00e3o de aplica\u00e7\u00f5es como os cen\u00e1rios geod\u00e9sicos e de engenharia de constru\u00e7\u00e3o.<\/li>\n<li><strong>Desempenho est\u00e1vel<\/strong><br \/>\nO sensor mant\u00e9m uma gama estreita de flutua\u00e7\u00f5es de dados e apresenta um erro de repetibilidade muito baixo.<\/li>\n<li><strong>Medi\u00e7\u00e3o sem contacto<\/strong><br \/>\nO sensor \u00e9 capaz de efetuar medi\u00e7\u00f5es sem contacto, adequado para detetar objectos em movimento, objectos a alta ou baixa temperatura, l\u00edquidos e objectos com formas irregulares.<\/li>\n<\/ul>\n<h3>Medi\u00e7\u00e3o sem contacto para maior versatilidade<\/h3>\n<p>Gra\u00e7as \u00e0 sua capacidade de medi\u00e7\u00e3o sem contacto, este sensor de alcance a laser pode medir uma vasta gama de objectos sem qualquer intera\u00e7\u00e3o f\u00edsica. Esta carater\u00edstica torna-o ideal para situa\u00e7\u00f5es em que o contacto direto \u00e9 impratic\u00e1vel ou potencialmente perigoso. Por exemplo, pode medir alvos em movimento, superf\u00edcies a alta temperatura, l\u00edquidos ou objectos com formas irregulares com facilidade e precis\u00e3o. A carater\u00edstica de n\u00e3o contacto aumenta a versatilidade do sensor, permitindo a sua utiliza\u00e7\u00e3o em ambientes dif\u00edceis ou perigosos, onde os m\u00e9todos de medi\u00e7\u00e3o tradicionais seriam dif\u00edceis ou inseguros.<\/p>\n<figure id=\"attachment_2969\" aria-describedby=\"caption-attachment-2969\" style=\"width: 800px\" class=\"wp-caption aligncenter\"><img decoding=\"async\" class=\"wp-image-2969 size-full\" title=\"Medi\u00e7\u00e3o sem contacto com sensor de alcance laser\" src=\"https:\/\/meskernel.net\/wp-content\/uploads\/2024\/10\/Non-Contact-Measurement.jpg\" alt=\"Medi\u00e7\u00e3o sem contacto\" width=\"800\" height=\"800\" srcset=\"https:\/\/meskernel.net\/wp-content\/uploads\/2024\/10\/Non-Contact-Measurement.jpg 800w, https:\/\/meskernel.net\/wp-content\/uploads\/2024\/10\/Non-Contact-Measurement-300x300.jpg 300w, https:\/\/meskernel.net\/wp-content\/uploads\/2024\/10\/Non-Contact-Measurement-150x150.jpg 150w, https:\/\/meskernel.net\/wp-content\/uploads\/2024\/10\/Non-Contact-Measurement-768x768.jpg 768w, https:\/\/meskernel.net\/wp-content\/uploads\/2024\/10\/Non-Contact-Measurement-400x400.jpg 400w, https:\/\/meskernel.net\/wp-content\/uploads\/2024\/10\/Non-Contact-Measurement-100x100.jpg 100w\" sizes=\"(max-width: 800px) 100vw, 800px\" \/><figcaption id=\"caption-attachment-2969\" class=\"wp-caption-text\">Medi\u00e7\u00e3o sem contacto<\/figcaption><\/figure>\n<h3>Solu\u00e7\u00f5es personalizadas adaptadas \u00e0s suas necessidades<\/h3>\n<p>Compreendemos que n\u00e3o existem dois projectos iguais, e \u00e9 por isso que oferecemos op\u00e7\u00f5es de personaliza\u00e7\u00e3o \u00e0 medida. Quer necessite de ajustes \u00e0 gama de medi\u00e7\u00e3o, frequ\u00eancia ou protocolos de comunica\u00e7\u00e3o, a nossa equipa trabalhar\u00e1 em estreita colabora\u00e7\u00e3o consigo para criar uma solu\u00e7\u00e3o que satisfa\u00e7a exatamente as suas necessidades. Estamos empenhados em fornecer um sensor que se integre perfeitamente nos seus sistemas e optimize o desempenho para a sua aplica\u00e7\u00e3o espec\u00edfica. Com os nossos servi\u00e7os de personaliza\u00e7\u00e3o, obt\u00e9m a flexibilidade para adaptar o sensor aos seus requisitos exclusivos, garantindo que funciona exatamente como necess\u00e1rio.<\/p>\n<h3>Porqu\u00ea escolher este sensor de alcance laser de alta precis\u00e3o?<\/h3>\n<p>Em resumo, o sensor de alcance a laser de alta precis\u00e3o destaca-se pela precis\u00e3o, velocidade e flexibilidade, tornando-o a escolha ideal para profissionais de v\u00e1rios sectores. A sua vasta gama de medi\u00e7\u00e3o, tempo de resposta r\u00e1pido e baixo erro de repetibilidade garantem uma recolha de dados fi\u00e1vel e em tempo real em qualquer situa\u00e7\u00e3o. Al\u00e9m disso, a capacidade de medi\u00e7\u00e3o sem contacto do sensor, juntamente com a sua ampla compatibilidade com v\u00e1rias interfaces de comunica\u00e7\u00e3o, garante uma integra\u00e7\u00e3o perfeita nos sistemas existentes. Juntamente com as nossas op\u00e7\u00f5es de personaliza\u00e7\u00e3o, este sensor laser pode ser perfeitamente adaptado para satisfazer as exig\u00eancias \u00fanicas do seu projeto. Quer esteja a trabalhar na constru\u00e7\u00e3o, topografia, automa\u00e7\u00e3o ou noutra \u00e1rea, este sensor oferece a precis\u00e3o e fiabilidade necess\u00e1rias para realizar o trabalho de forma eficiente e exacta.<\/p>","protected":false},"excerpt":{"rendered":"<p>O sensor de alcance laser de alta precis\u00e3o oferece medi\u00e7\u00f5es de dist\u00e2ncia r\u00e1pidas, fi\u00e1veis e precisas, tornando-o ideal para ind\u00fastrias como a geodesia, a constru\u00e7\u00e3o e a automa\u00e7\u00e3o. Com uma vasta gama de op\u00e7\u00f5es de medi\u00e7\u00e3o, tempos de resposta r\u00e1pidos e precis\u00e3o ao n\u00edvel do mil\u00edmetro, \u00e9 perfeito tanto para tarefas de pequena escala como para grandes projectos. A sua capacidade de medi\u00e7\u00e3o sem contacto, desempenho est\u00e1vel e integra\u00e7\u00e3o perfeita com m\u00faltiplas interfaces de comunica\u00e7\u00e3o garantem versatilidade e fiabilidade em v\u00e1rias aplica\u00e7\u00f5es. Al\u00e9m disso, as nossas solu\u00e7\u00f5es personalizadas permitem-lhe adaptar o sensor \u00e0s suas necessidades espec\u00edficas, garantindo um desempenho \u00f3timo para qualquer projeto.<\/p>","protected":false},"featured_media":2208,"template":"","meta":{"site-sidebar-layout":"default","site-content-layout":"","ast-site-content-layout":"default","site-content-style":"default","site-sidebar-style":"default","ast-global-header-display":"","ast-banner-title-visibility":"","ast-main-header-display":"","ast-hfb-above-header-display":"","ast-hfb-below-header-display":"","ast-hfb-mobile-header-display":"","site-post-title":"","ast-breadcrumbs-content":"","ast-featured-img":"","footer-sml-layout":"","ast-disable-related-posts":"","theme-transparent-header-meta":"default","adv-header-id-meta":"","stick-header-meta":"","header-above-stick-meta":"","header-main-stick-meta":"","header-below-stick-meta":"","astra-migrate-meta-layouts":"set","ast-page-background-enabled":"default","ast-page-background-meta":{"desktop":{"background-color":"var(--ast-global-color-4)","background-image":"","background-repeat":"repeat","background-position":"center center","background-size":"auto","background-attachment":"scroll","background-type":"","background-media":"","overlay-type":"","overlay-color":"","overlay-opacity":"","overlay-gradient":""},"tablet":{"background-color":"","background-image":"","background-repeat":"repeat","background-position":"center center","background-size":"auto","background-attachment":"scroll","background-type":"","background-media":"","overlay-type":"","overlay-color":"","overlay-opacity":"","overlay-gradient":""},"mobile":{"background-color":"","background-image":"","background-repeat":"repeat","background-position":"center center","background-size":"auto","background-attachment":"scroll","background-type":"","background-media":"","overlay-type":"","overlay-color":"","overlay-opacity":"","overlay-gradient":""}},"ast-content-background-meta":{"desktop":{"background-color":"var(--ast-global-color-5)","background-image":"","background-repeat":"repeat","background-position":"center center","background-size":"auto","background-attachment":"scroll","background-type":"","background-media":"","overlay-type":"","overlay-color":"","overlay-opacity":"","overlay-gradient":""},"tablet":{"background-color":"var(--ast-global-color-5)","background-image":"","background-repeat":"repeat","background-position":"center center","background-size":"auto","background-attachment":"scroll","background-type":"","background-media":"","overlay-type":"","overlay-color":"","overlay-opacity":"","overlay-gradient":""},"mobile":{"background-color":"var(--ast-global-color-5)","background-image":"","background-repeat":"repeat","background-position":"center center","background-size":"auto","background-attachment":"scroll","background-type":"","background-media":"","overlay-type":"","overlay-color":"","overlay-opacity":"","overlay-gradient":""}}},"product_brand":[60],"product_cat":[52],"product_tag":[],"class_list":{"0":"post-110","1":"product","2":"type-product","3":"status-publish","4":"has-post-thumbnail","6":"product_brand-meskernel","7":"product_cat-phase-distance-sensor","8":"desktop-align-center","9":"tablet-align-left","10":"mobile-align-left","12":"first","13":"instock","14":"shipping-taxable","15":"product-type-simple"},"_links":{"self":[{"href":"https:\/\/meskernel.net\/pt\/wp-json\/wp\/v2\/product\/110","targetHints":{"allow":["GET"]}}],"collection":[{"href":"https:\/\/meskernel.net\/pt\/wp-json\/wp\/v2\/product"}],"about":[{"href":"https:\/\/meskernel.net\/pt\/wp-json\/wp\/v2\/types\/product"}],"version-history":[{"count":0,"href":"https:\/\/meskernel.net\/pt\/wp-json\/wp\/v2\/product\/110\/revisions"}],"wp:featuredmedia":[{"embeddable":true,"href":"https:\/\/meskernel.net\/pt\/wp-json\/wp\/v2\/media\/2208"}],"wp:attachment":[{"href":"https:\/\/meskernel.net\/pt\/wp-json\/wp\/v2\/media?parent=110"}],"wp:term":[{"taxonomy":"product_brand","embeddable":true,"href":"https:\/\/meskernel.net\/pt\/wp-json\/wp\/v2\/product_brand?post=110"},{"taxonomy":"product_cat","embeddable":true,"href":"https:\/\/meskernel.net\/pt\/wp-json\/wp\/v2\/product_cat?post=110"},{"taxonomy":"product_tag","embeddable":true,"href":"https:\/\/meskernel.net\/pt\/wp-json\/wp\/v2\/product_tag?post=110"}],"curies":[{"name":"wp","href":"https:\/\/api.w.org\/{rel}","templated":true}]}}