{"id":122,"date":"2024-10-10T11:07:10","date_gmt":"2024-10-10T03:07:10","guid":{"rendered":"http:\/\/170.106.98.143\/?post_type=product&#038;p=122"},"modified":"2025-07-03T14:00:46","modified_gmt":"2025-07-03T06:00:46","slug":"sensor-laser-de-distancia","status":"publish","type":"product","link":"https:\/\/meskernel.net\/pt\/product\/distance-laser-sensor\/","title":{"rendered":"Sensor laser de dist\u00e2ncia com precis\u00e3o e fiabilidade 400m RS485"},"content":{"rendered":"<p>O sensor de dist\u00e2ncia a laser \u00e9 um m\u00f3dulo que utiliza a tecnologia de laser pulsado para medir a dist\u00e2ncia. Emite uma s\u00e9rie de feixes de laser pulsados e calcula a dist\u00e2ncia entre o objeto alvo e o m\u00f3dulo medindo o tempo de ida e volta dos feixes de laser. O sensor de dist\u00e2ncia a laser PTFS tem uma elevada precis\u00e3o de alcance e um longo alcance, uma forte capacidade anti-bloqueio, suporte para desenvolvimento secund\u00e1rio, um grande n\u00famero de alcances, seguro para o olho humano 905 nm, frequ\u00eancia personaliz\u00e1vel (20-3500 Hz), dispon\u00edvel para interior e exterior. Pode ser amplamente utilizado na medi\u00e7\u00e3o de velocidade, medi\u00e7\u00e3o de desloca\u00e7\u00e3o, medi\u00e7\u00e3o de dist\u00e2ncia e outros dom\u00ednios.<\/p>\n<figure id=\"attachment_2981\" aria-describedby=\"caption-attachment-2981\" style=\"width: 1000px\" class=\"wp-caption aligncenter\"><img fetchpriority=\"high\" decoding=\"async\" class=\"wp-image-2981 size-full\" title=\"Sensor laser de dist\u00e2ncia\" src=\"https:\/\/meskernel.net\/wp-content\/uploads\/2024\/10\/Long-Distance-Sensor-PTFS.jpg\" alt=\"Sensor de longa dist\u00e2ncia PTFS\" width=\"1000\" height=\"500\" srcset=\"https:\/\/meskernel.net\/wp-content\/uploads\/2024\/10\/Long-Distance-Sensor-PTFS.jpg 1000w, https:\/\/meskernel.net\/wp-content\/uploads\/2024\/10\/Long-Distance-Sensor-PTFS-300x150.jpg 300w, https:\/\/meskernel.net\/wp-content\/uploads\/2024\/10\/Long-Distance-Sensor-PTFS-768x384.jpg 768w, https:\/\/meskernel.net\/wp-content\/uploads\/2024\/10\/Long-Distance-Sensor-PTFS-400x200.jpg 400w\" sizes=\"(max-width: 1000px) 100vw, 1000px\" \/><figcaption id=\"caption-attachment-2981\" class=\"wp-caption-text\">Sensor de longa dist\u00e2ncia PTFS<\/figcaption><\/figure>\n<h3 class=\"magic-4\" data-spm-anchor-id=\"a2700.details.0.i69.8c003d05ZAEItF\"><span class=\"magic-23\">Interface de comunica\u00e7\u00e3o<\/span><\/h3>\n<div class=\"magic-16\">\n<div class=\"magic-17\">\n<div class=\"magic-18\" data-spm-anchor-id=\"a2700.details.0.i70.8c003d05ZAEItF\"><span class=\"magic-6\">M\u00e1quina semi-autom\u00e1tica de sopro para garrafas PET M\u00e1quina de fabrico de garrafas A m\u00e1quina de fabrico de garrafas PET \u00e9 adequada para produzir recipientes e garrafas de pl\u00e1stico PET em todas as formas.<\/span><\/div>\n<div data-spm-anchor-id=\"a2700.details.0.i70.8c003d05ZAEItF\">\n<figure id=\"attachment_2979\" aria-describedby=\"caption-attachment-2979\" style=\"width: 800px\" class=\"wp-caption aligncenter\"><img decoding=\"async\" class=\"wp-image-2979 size-full\" title=\"Sensor laser de dist\u00e2ncia com RS485\" src=\"https:\/\/meskernel.net\/wp-content\/uploads\/2024\/11\/PTFS-Laser-Ranging-Sensor-700m.jpg\" alt=\"Sensor de longa dist\u00e2ncia\" width=\"800\" height=\"800\" srcset=\"https:\/\/meskernel.net\/wp-content\/uploads\/2024\/11\/PTFS-Laser-Ranging-Sensor-700m.jpg 800w, https:\/\/meskernel.net\/wp-content\/uploads\/2024\/11\/PTFS-Laser-Ranging-Sensor-700m-300x300.jpg 300w, https:\/\/meskernel.net\/wp-content\/uploads\/2024\/11\/PTFS-Laser-Ranging-Sensor-700m-150x150.jpg 150w, https:\/\/meskernel.net\/wp-content\/uploads\/2024\/11\/PTFS-Laser-Ranging-Sensor-700m-768x768.jpg 768w, https:\/\/meskernel.net\/wp-content\/uploads\/2024\/11\/PTFS-Laser-Ranging-Sensor-700m-400x400.jpg 400w, https:\/\/meskernel.net\/wp-content\/uploads\/2024\/11\/PTFS-Laser-Ranging-Sensor-700m-100x100.jpg 100w\" sizes=\"(max-width: 800px) 100vw, 800px\" \/><figcaption id=\"caption-attachment-2979\" class=\"wp-caption-text\">Sensor de longa dist\u00e2ncia<\/figcaption><\/figure>\n<\/div>\n<\/div>\n<\/div>\n<h3>Carater\u00edsticas principais<\/h3>\n<ul>\n<li><strong>Gama de dist\u00e2ncias flex\u00edvel:<\/strong><\/li>\n<\/ul>\n<p>Uma das carater\u00edsticas de destaque deste sensor de medi\u00e7\u00e3o a laser s\u00e3o as suas op\u00e7\u00f5es de alcance. Pode escolher entre v\u00e1rios intervalos de dist\u00e2ncia, incluindo 100 metros, 400 metros, 700 metros e 1100 metros, dependendo das suas necessidades espec\u00edficas. Esta flexibilidade permite-lhe lidar com medi\u00e7\u00f5es de curto alcance para tarefas como a navega\u00e7\u00e3o por drone e projectos de levantamento em grande escala. Independentemente da escala da sua aplica\u00e7\u00e3o, este sensor adapta-se para fornecer sempre resultados exactos.<\/p>\n<ul>\n<li><strong>Frequ\u00eancia personaliz\u00e1vel para uma recolha r\u00e1pida de dados:<\/strong><\/li>\n<\/ul>\n<p>Outra vantagem importante deste sensor de medi\u00e7\u00e3o de dist\u00e2ncias a laser \u00e9 a sua gama de frequ\u00eancia personaliz\u00e1vel. \u00c9 poss\u00edvel ajustar a frequ\u00eancia de 50 Hz a 500 Hz, tornando-o ideal para aplica\u00e7\u00f5es que requerem medi\u00e7\u00f5es r\u00e1pidas. Por exemplo, em rob\u00f3tica, automa\u00e7\u00e3o ou monitoriza\u00e7\u00e3o em tempo real, a capacidade de recolher dados rapidamente ajuda a melhorar a efici\u00eancia geral do sistema. Ao captar medi\u00e7\u00f5es precisas em menos tempo, este sensor suporta opera\u00e7\u00f5es r\u00e1pidas e sens\u00edveis ao tempo.<\/p>\n<ul>\n<li><strong>Design compacto para f\u00e1cil integra\u00e7\u00e3o:<\/strong><\/li>\n<\/ul>\n<p>Gra\u00e7as ao seu design compacto e quadrado, este sensor laser industrial \u00e9 f\u00e1cil de integrar em v\u00e1rios sistemas. O seu formato pequeno torna-o perfeito para aplica\u00e7\u00f5es com limita\u00e7\u00f5es de espa\u00e7o, como dispositivos incorporados, drones ou plataformas rob\u00f3ticas. Al\u00e9m disso, o processo de integra\u00e7\u00e3o simples reduz o tempo de configura\u00e7\u00e3o, permitindo-lhe concentrar-se mais na funcionalidade principal do seu projeto. N\u00e3o precisa de se preocupar com uma instala\u00e7\u00e3o complicada, o que poupa tempo e esfor\u00e7o.<\/p>\n<ul>\n<li><strong>Constru\u00eddo para durabilidade e utiliza\u00e7\u00e3o a longo prazo:<\/strong><\/li>\n<\/ul>\n<p>Este sensor laser de dist\u00e2ncia foi concebido para ser fi\u00e1vel. Utilizando tecnologia pulsada e um laser de 905nm, foi constru\u00eddo para suportar as exig\u00eancias de uma utiliza\u00e7\u00e3o a longo prazo. O m\u00f3dulo passou por v\u00e1rias itera\u00e7\u00f5es e actualiza\u00e7\u00f5es, tornando-se um produto emblem\u00e1tico na linha da Meskernel. Como resultado, fornece resultados precisos e fi\u00e1veis de forma consistente, mesmo em condi\u00e7\u00f5es dif\u00edceis como as encontradas na constru\u00e7\u00e3o, monitoriza\u00e7\u00e3o ambiental ou ambientes industriais pesados.<\/p>\n<h3 class=\"magic-4\"><span class=\"magic-5\" data-spm-anchor-id=\"a2700.details.0.i71.8c003d05ZAEItF\">Plataforma de software de teste<\/span><\/h3>\n<div class=\"magic-16\">\n<div class=\"magic-17\">\n<div class=\"magic-18\"><span class=\"magic-6\">Dispomos das nossas pr\u00f3prias ferramentas de teste de software, que s\u00e3o transmitidas ao computador atrav\u00e9s da medi\u00e7\u00e3o da dist\u00e2ncia.<\/span><\/div>\n<div>\n<figure id=\"attachment_2967\" aria-describedby=\"caption-attachment-2967\" style=\"width: 1024px\" class=\"wp-caption aligncenter\"><img decoding=\"async\" class=\"wp-image-2967 size-large\" title=\"Sensor laser de dist\u00e2ncia\" src=\"https:\/\/meskernel.net\/wp-content\/uploads\/2024\/10\/Arduino-Laser-Sensor-1024x520.jpg\" alt=\"Sensor laser Arduino\" width=\"1024\" height=\"520\" srcset=\"https:\/\/meskernel.net\/wp-content\/uploads\/2024\/10\/Arduino-Laser-Sensor-1024x520.jpg 1024w, https:\/\/meskernel.net\/wp-content\/uploads\/2024\/10\/Arduino-Laser-Sensor-300x152.jpg 300w, https:\/\/meskernel.net\/wp-content\/uploads\/2024\/10\/Arduino-Laser-Sensor-768x390.jpg 768w, https:\/\/meskernel.net\/wp-content\/uploads\/2024\/10\/Arduino-Laser-Sensor-1536x779.jpg 1536w, https:\/\/meskernel.net\/wp-content\/uploads\/2024\/10\/Arduino-Laser-Sensor-400x203.jpg 400w, https:\/\/meskernel.net\/wp-content\/uploads\/2024\/10\/Arduino-Laser-Sensor.jpg 1906w\" sizes=\"(max-width: 1024px) 100vw, 1024px\" \/><figcaption id=\"caption-attachment-2967\" class=\"wp-caption-text\">Sensor laser Arduino<\/figcaption><\/figure>\n<\/div>\n<\/div>\n<\/div>\n<h3>Solu\u00e7\u00f5es personalizadas para atender \u00e0s suas necessidades<\/h3>\n<p>Para al\u00e9m das suas poderosas carater\u00edsticas padr\u00e3o, tamb\u00e9m oferecemos solu\u00e7\u00f5es personalizadas para adaptar este sensor laser de dist\u00e2ncia aos seus requisitos espec\u00edficos. Quer necessite de ajustes \u00e0 gama de medi\u00e7\u00e3o, defini\u00e7\u00f5es de frequ\u00eancia ou op\u00e7\u00f5es de interface (TTL, RS485, RS232), podemos fornecer solu\u00e7\u00f5es flex\u00edveis que se alinham perfeitamente com a sua aplica\u00e7\u00e3o. A personaliza\u00e7\u00e3o garante que obt\u00e9m o melhor desempenho poss\u00edvel do sensor, adaptado \u00e0s necessidades exclusivas do seu sistema.<\/p>\n<h3>Porqu\u00ea escolher o sensor laser de dist\u00e2ncia compacto?<\/h3>\n<p>O sensor laser de dist\u00e2ncia compacto oferece uma combina\u00e7\u00e3o perfeita de precis\u00e3o, flexibilidade e durabilidade. A sua versatilidade em op\u00e7\u00f5es de alcance e defini\u00e7\u00f5es personaliz\u00e1veis tornam-no ideal para ind\u00fastrias como a rob\u00f3tica, a topografia e a automa\u00e7\u00e3o. O design robusto do sensor, as capacidades de alta frequ\u00eancia e a adaptabilidade a v\u00e1rias aplica\u00e7\u00f5es fazem dele uma escolha fi\u00e1vel para uma vasta gama de casos de utiliza\u00e7\u00e3o industrial. Com medi\u00e7\u00f5es r\u00e1pidas e precisas, ajuda-o a otimizar as suas opera\u00e7\u00f5es, a melhorar a efici\u00eancia e a reduzir o tempo de inatividade.<\/p>\n<p>Quer esteja a trabalhar num projeto de pequena escala ou a gerir sistemas grandes e complexos, este sensor laser de dist\u00e2ncia proporciona a velocidade, a precis\u00e3o e a personaliza\u00e7\u00e3o de que necessita para fazer o trabalho bem feito.<\/p>","protected":false},"excerpt":{"rendered":"<p>Descubra o Sensor laser de dist\u00e2ncia compacto - um sensor dur\u00e1vel e de alta precis\u00e3o, perfeito para rob\u00f3tica, topografia e automa\u00e7\u00e3o. Com defini\u00e7\u00f5es personaliz\u00e1veis, alcances flex\u00edveis at\u00e9 1100 metros e medi\u00e7\u00f5es r\u00e1pidas e exactas, \u00e9 a solu\u00e7\u00e3o ideal para as suas necessidades industriais. Obtenha hoje mesmo um desempenho fi\u00e1vel e uma integra\u00e7\u00e3o perfeita!<\/p>","protected":false},"featured_media":3000,"template":"","meta":{"site-sidebar-layout":"default","site-content-layout":"","ast-site-content-layout":"default","site-content-style":"default","site-sidebar-style":"default","ast-global-header-display":"","ast-banner-title-visibility":"","ast-main-header-display":"","ast-hfb-above-header-display":"","ast-hfb-below-header-display":"","ast-hfb-mobile-header-display":"","site-post-title":"","ast-breadcrumbs-content":"","ast-featured-img":"","footer-sml-layout":"","ast-disable-related-posts":"","theme-transparent-header-meta":"default","adv-header-id-meta":"","stick-header-meta":"","header-above-stick-meta":"","header-main-stick-meta":"","header-below-stick-meta":"","astra-migrate-meta-layouts":"set","ast-page-background-enabled":"default","ast-page-background-meta":{"desktop":{"background-color":"var(--ast-global-color-4)","background-image":"","background-repeat":"repeat","background-position":"center center","background-size":"auto","background-attachment":"scroll","background-type":"","background-media":"","overlay-type":"","overlay-color":"","overlay-opacity":"","overlay-gradient":""},"tablet":{"background-color":"","background-image":"","background-repeat":"repeat","background-position":"center center","background-size":"auto","background-attachment":"scroll","background-type":"","background-media":"","overlay-type":"","overlay-color":"","overlay-opacity":"","overlay-gradient":""},"mobile":{"background-color":"","background-image":"","background-repeat":"repeat","background-position":"center center","background-size":"auto","background-attachment":"scroll","background-type":"","background-media":"","overlay-type":"","overlay-color":"","overlay-opacity":"","overlay-gradient":""}},"ast-content-background-meta":{"desktop":{"background-color":"var(--ast-global-color-5)","background-image":"","background-repeat":"repeat","background-position":"center center","background-size":"auto","background-attachment":"scroll","background-type":"","background-media":"","overlay-type":"","overlay-color":"","overlay-opacity":"","overlay-gradient":""},"tablet":{"background-color":"var(--ast-global-color-5)","background-image":"","background-repeat":"repeat","background-position":"center center","background-size":"auto","background-attachment":"scroll","background-type":"","background-media":"","overlay-type":"","overlay-color":"","overlay-opacity":"","overlay-gradient":""},"mobile":{"background-color":"var(--ast-global-color-5)","background-image":"","background-repeat":"repeat","background-position":"center center","background-size":"auto","background-attachment":"scroll","background-type":"","background-media":"","overlay-type":"","overlay-color":"","overlay-opacity":"","overlay-gradient":""}}},"product_brand":[60],"product_cat":[31],"product_tag":[],"class_list":{"0":"post-122","1":"product","2":"type-product","3":"status-publish","4":"has-post-thumbnail","6":"product_brand-meskernel","7":"product_cat-tof-ranging-sensor","8":"desktop-align-center","9":"tablet-align-left","10":"mobile-align-left","12":"first","13":"instock","14":"shipping-taxable","15":"product-type-simple"},"_links":{"self":[{"href":"https:\/\/meskernel.net\/pt\/wp-json\/wp\/v2\/product\/122","targetHints":{"allow":["GET"]}}],"collection":[{"href":"https:\/\/meskernel.net\/pt\/wp-json\/wp\/v2\/product"}],"about":[{"href":"https:\/\/meskernel.net\/pt\/wp-json\/wp\/v2\/types\/product"}],"version-history":[{"count":0,"href":"https:\/\/meskernel.net\/pt\/wp-json\/wp\/v2\/product\/122\/revisions"}],"wp:featuredmedia":[{"embeddable":true,"href":"https:\/\/meskernel.net\/pt\/wp-json\/wp\/v2\/media\/3000"}],"wp:attachment":[{"href":"https:\/\/meskernel.net\/pt\/wp-json\/wp\/v2\/media?parent=122"}],"wp:term":[{"taxonomy":"product_brand","embeddable":true,"href":"https:\/\/meskernel.net\/pt\/wp-json\/wp\/v2\/product_brand?post=122"},{"taxonomy":"product_cat","embeddable":true,"href":"https:\/\/meskernel.net\/pt\/wp-json\/wp\/v2\/product_cat?post=122"},{"taxonomy":"product_tag","embeddable":true,"href":"https:\/\/meskernel.net\/pt\/wp-json\/wp\/v2\/product_tag?post=122"}],"curies":[{"name":"wp","href":"https:\/\/api.w.org\/{rel}","templated":true}]}}