{"id":126,"date":"2024-10-10T11:13:24","date_gmt":"2024-10-10T03:13:24","guid":{"rendered":"http:\/\/170.106.98.143\/?post_type=product&#038;p=126"},"modified":"2025-09-05T10:17:01","modified_gmt":"2025-09-05T02:17:01","slug":"sensor-de-longo-alcance","status":"publish","type":"product","link":"https:\/\/meskernel.net\/pt\/product\/long-range-sensor\/","title":{"rendered":"Sensor de longo alcance (1000m) com o melhor pre\u00e7o de f\u00e1brica"},"content":{"rendered":"<p>O sensor de longo alcance de pulso da s\u00e9rie TC, o uso da tecnologia de alcance de pulso, pode medir com precis\u00e3o a dist\u00e2ncia entre o objeto-alvo e o m\u00f3dulo de alcance, \u00e9 compacto, f\u00e1cil de instalar e transportar, tem uma capacidade de alcance de alta precis\u00e3o, a dist\u00e2ncia de medi\u00e7\u00e3o at\u00e9 1200 m. Os sensores de alcance de laser Tc podem ser usados no UAV, dispositivos de vis\u00e3o noturna, monitoramento de t\u00fanel, miras de uso externo, pods optoeletr\u00f4nicos, monitoramento de seguran\u00e7a, integra\u00e7\u00e3o de imagens t\u00e9rmicas e outras ind\u00fastrias.<\/p>\n<figure id=\"attachment_2991\" aria-describedby=\"caption-attachment-2991\" style=\"width: 1000px\" class=\"wp-caption aligncenter\"><img fetchpriority=\"high\" decoding=\"async\" class=\"wp-image-2991 size-full\" title=\"TC22 Sensor de longo alcance1000m\" src=\"https:\/\/meskernel.net\/wp-content\/uploads\/2024\/11\/TC22-Laser-Range-Finder-700m.jpg\" alt=\"Tel\u00e9metro laser TC22 1000m\" width=\"1000\" height=\"500\" srcset=\"https:\/\/meskernel.net\/wp-content\/uploads\/2024\/11\/TC22-Laser-Range-Finder-700m.jpg 1000w, https:\/\/meskernel.net\/wp-content\/uploads\/2024\/11\/TC22-Laser-Range-Finder-700m-300x150.jpg 300w, https:\/\/meskernel.net\/wp-content\/uploads\/2024\/11\/TC22-Laser-Range-Finder-700m-768x384.jpg 768w, https:\/\/meskernel.net\/wp-content\/uploads\/2024\/11\/TC22-Laser-Range-Finder-700m-400x200.jpg 400w\" sizes=\"(max-width: 1000px) 100vw, 1000px\" \/><figcaption id=\"caption-attachment-2991\" class=\"wp-caption-text\">Tel\u00e9metro laser TC22 1000m<\/figcaption><\/figure>\n<h3>Principais vantagens do sensor de longo alcance<\/h3>\n<ul>\n<li><strong>Gama alargada<\/strong>: Mede dist\u00e2ncias at\u00e9 1000 metros com uma precis\u00e3o consistente e fi\u00e1vel, perfeita para uma vasta gama de aplica\u00e7\u00f5es.<\/li>\n<li><strong>Alta precis\u00e3o<\/strong>: Com <strong>\u00b1<\/strong>A precis\u00e3o de 1 metro garante medi\u00e7\u00f5es exactas mesmo nas tarefas mais cr\u00edticas.<\/li>\n<li><strong>Design compacto<\/strong>: O formato cil\u00edndrico facilita a sua integra\u00e7\u00e3o em pequenos dispositivos como drones, miras para utiliza\u00e7\u00e3o no exterior e outros sistemas compactos.<\/li>\n<li><strong>Tecnologia sem contacto<\/strong>: Tire partido da tecnologia TOF para medi\u00e7\u00f5es de dist\u00e2ncia seguras e de elevada precis\u00e3o sem contacto f\u00edsico com o alvo.<\/li>\n<li><strong>Integra\u00e7\u00e3o flex\u00edvel<\/strong>: Ligue-se facilmente aos seus sistemas com interfaces TTL, RS485 e RS232 para uma compatibilidade m\u00e1xima.<\/li>\n<\/ul>\n<h3>F\u00e1cil integra\u00e7\u00e3o e m\u00e1xima flexibilidade<\/h3>\n<p>Concebida para uma m\u00e1xima versatilidade, a <strong>Sensor de dist\u00e2ncia a laser de longo alcance<\/strong> suporta m\u00faltiplas interfaces de comunica\u00e7\u00e3o, incluindo TTL, RS485 e RS232. Isto assegura uma integra\u00e7\u00e3o sem esfor\u00e7o numa grande variedade de sistemas, desde maquinaria industrial a plataformas rob\u00f3ticas e projectos baseados em microcontroladores. Quer esteja a trabalhar em configura\u00e7\u00f5es industriais complexas ou em projectos de pequena escala, este sensor fornece solu\u00e7\u00f5es de medi\u00e7\u00e3o flex\u00edveis e escal\u00e1veis para todos os tipos de aplica\u00e7\u00f5es.<\/p>\n<figure id=\"attachment_2987\" aria-describedby=\"caption-attachment-2987\" style=\"width: 750px\" class=\"wp-caption aligncenter\"><img decoding=\"async\" class=\"wp-image-2987 size-full\" title=\"Suporta m\u00faltiplas interfaces de comunica\u00e7\u00e3o\" src=\"https:\/\/meskernel.net\/wp-content\/uploads\/2024\/11\/Laser-Distance-Module-2000m.jpg\" alt=\"Suporta m\u00faltiplas interfaces de comunica\u00e7\u00e3o\" width=\"750\" height=\"266\" srcset=\"https:\/\/meskernel.net\/wp-content\/uploads\/2024\/11\/Laser-Distance-Module-2000m.jpg 750w, https:\/\/meskernel.net\/wp-content\/uploads\/2024\/11\/Laser-Distance-Module-2000m-300x106.jpg 300w, https:\/\/meskernel.net\/wp-content\/uploads\/2024\/11\/Laser-Distance-Module-2000m-400x142.jpg 400w\" sizes=\"(max-width: 750px) 100vw, 750px\" \/><figcaption id=\"caption-attachment-2987\" class=\"wp-caption-text\">Suporta m\u00faltiplas interfaces de comunica\u00e7\u00e3o<\/figcaption><\/figure>\n<p><strong style=\"font-size: 16px;\">Sensor de longo alcance (1000m): Precis\u00e3o, pot\u00eancia e versatilidade inigual\u00e1veis para todas as aplica\u00e7\u00f5es<\/strong><\/p>\n<p>Liberte todo o potencial da medi\u00e7\u00e3o de dist\u00e2ncias de longo alcance com o nosso sensor de dist\u00e2ncias a laser de longo alcance. Concebido para um desempenho excecional em aplica\u00e7\u00f5es de m\u00e9dio e ultra-longo alcance, este sensor oferece uma precis\u00e3o e fiabilidade inigual\u00e1veis para uma variedade de ind\u00fastrias exigentes. Com um impressionante alcance de at\u00e9 <strong>1000 metros<\/strong>, O sistema de medi\u00e7\u00e3o de precis\u00e3o da s\u00e9rie \"A\", fornece a precis\u00e3o necess\u00e1ria para lidar mesmo com as tarefas mais complexas, tornando-o a escolha ideal para ind\u00fastrias que requerem medi\u00e7\u00f5es sem contacto e a longa dist\u00e2ncia.<\/p>\n<h3>Ideal para uma vasta gama de aplica\u00e7\u00f5es<\/h3>\n<p>O sensor de longo alcance foi concebido para se destacar em diversos ambientes, desde a constru\u00e7\u00e3o e levantamento topogr\u00e1fico a opera\u00e7\u00f5es militares, monitoriza\u00e7\u00e3o ambiental e rob\u00f3tica. Quer esteja a trabalhar em terrenos de grande escala ou em \u00e1reas remotas e de dif\u00edcil acesso, este sensor fornece a precis\u00e3o e a pot\u00eancia necess\u00e1rias para realizar o trabalho.<\/p>\n<ul>\n<li><strong>Constru\u00e7\u00e3o e topografia<\/strong>: Perfeito para medir com precis\u00e3o longas dist\u00e2ncias para avalia\u00e7\u00f5es de terrenos, planeamento de locais e levantamentos topogr\u00e1ficos.<\/li>\n<li><strong>Monitoriza\u00e7\u00e3o ambiental<\/strong>: Recolha de dados precisos em vastas \u00e1reas para estudos sobre a vida selvagem, altera\u00e7\u00f5es clim\u00e1ticas ou gest\u00e3o de cat\u00e1strofes.<\/li>\n<li><strong>Militar e Defesa<\/strong>: Melhore as suas capacidades de dete\u00e7\u00e3o remota, orienta\u00e7\u00e3o e navega\u00e7\u00e3o com medi\u00e7\u00f5es fi\u00e1veis de longo alcance.<\/li>\n<li><strong>Rob\u00f3tica e automa\u00e7\u00e3o<\/strong>: Melhore a navega\u00e7\u00e3o do rob\u00f4, a dete\u00e7\u00e3o de obst\u00e1culos e a seguran\u00e7a em ambientes grandes e complexos com leituras de dist\u00e2ncia altamente precisas.<\/li>\n<\/ul>\n<p>Este sensor \u00e9 mais do que uma simples ferramenta - \u00e9 um facilitador da precis\u00e3o, oferecendo a flexibilidade e a exatid\u00e3o necess\u00e1rias para tarefas de medi\u00e7\u00e3o cr\u00edticas.<\/p>\n<figure id=\"attachment_2998\" aria-describedby=\"caption-attachment-2998\" style=\"width: 1052px\" class=\"wp-caption aligncenter\"><img decoding=\"async\" class=\"wp-image-2998 size-full\" title=\"Sensor de longo alcance\" src=\"https:\/\/meskernel.net\/wp-content\/uploads\/2024\/10\/Telescope-Laser-sensor-PTFG-1.jpg\" alt=\"Sensor de longo alcance\" width=\"1052\" height=\"235\" srcset=\"https:\/\/meskernel.net\/wp-content\/uploads\/2024\/10\/Telescope-Laser-sensor-PTFG-1.jpg 1052w, https:\/\/meskernel.net\/wp-content\/uploads\/2024\/10\/Telescope-Laser-sensor-PTFG-1-300x67.jpg 300w, https:\/\/meskernel.net\/wp-content\/uploads\/2024\/10\/Telescope-Laser-sensor-PTFG-1-1024x229.jpg 1024w, https:\/\/meskernel.net\/wp-content\/uploads\/2024\/10\/Telescope-Laser-sensor-PTFG-1-768x172.jpg 768w, https:\/\/meskernel.net\/wp-content\/uploads\/2024\/10\/Telescope-Laser-sensor-PTFG-1-400x89.jpg 400w\" sizes=\"(max-width: 1052px) 100vw, 1052px\" \/><figcaption id=\"caption-attachment-2998\" class=\"wp-caption-text\">Sensor de longo alcance<\/figcaption><\/figure>\n<h3>Concebida para uma integra\u00e7\u00e3o compacta e sem falhas<\/h3>\n<p>O sensor de longo alcance apresenta um design compacto e cil\u00edndrico que torna a integra\u00e7\u00e3o em espa\u00e7os apertados f\u00e1cil e sem complica\u00e7\u00f5es. Quer esteja a integr\u00e1-lo em drones, miras para utiliza\u00e7\u00e3o no exterior ou outros dispositivos compactos, a pequena dimens\u00e3o do sensor n\u00e3o compromete a sua pot\u00eancia. Este design permite-lhe incorporar tecnologia de medi\u00e7\u00e3o avan\u00e7ada sem ocupar espa\u00e7o valioso, tornando-o perfeito para aplica\u00e7\u00f5es em que o tamanho e o desempenho t\u00eam de andar de m\u00e3os dadas.<\/p>\n<h3>Precis\u00e3o superior para medi\u00e7\u00f5es de longa dist\u00e2ncia<\/h3>\n<p>Obtenha uma precis\u00e3o sem paralelo com uma exatid\u00e3o de \u00b11 metro, mesmo em dist\u00e2ncias at\u00e9 1000 metros. Quer se trate de medir grandes extens\u00f5es em levantamentos topogr\u00e1ficos ou de navegar em ambientes complexos com rob\u00f3tica, este sensor garante que cada medi\u00e7\u00e3o \u00e9 fi\u00e1vel. Em situa\u00e7\u00f5es em que cada metro \u00e9 importante, este sensor fornece dados em que pode confiar, proporcionando o mais elevado n\u00edvel de desempenho em longas dist\u00e2ncias.<\/p>\n<h3>Medi\u00e7\u00e3o sem contacto com tecnologia TOF<\/h3>\n<p>No cora\u00e7\u00e3o do sensor de longo alcance est\u00e1 <a href=\"https:\/\/meskernel.net\/pt\/hora-do-voo\/\">Tempo de voo (TOF)<\/a> que permite a medi\u00e7\u00e3o sem contacto atrav\u00e9s do c\u00e1lculo de dist\u00e2ncias utilizando impulsos laser. Isto assegura uma elevada precis\u00e3o em longas dist\u00e2ncias, permitindo-lhe recolher dados precisos sem contactar fisicamente com o alvo. Quer a medi\u00e7\u00e3o seja efectuada em ambientes perigosos, inacess\u00edveis ou sens\u00edveis, a capacidade de n\u00e3o contacto do sensor torna-o ideal para uma vasta gama de aplica\u00e7\u00f5es.<\/p>\n<h3>Revolucione as suas capacidades de medi\u00e7\u00e3o de longo alcance<\/h3>\n<p>O sensor de longo alcance (1000 m) \u00e9 um divisor de \u00e1guas para as ind\u00fastrias que dependem da precis\u00e3o, fiabilidade e medi\u00e7\u00e3o sem contacto a longas dist\u00e2ncias. Quer trabalhe no sector da constru\u00e7\u00e3o, topografia, militar ou rob\u00f3tica, este sensor oferece a pot\u00eancia e a precis\u00e3o necess\u00e1rias para enfrentar as suas tarefas de medi\u00e7\u00e3o mais exigentes.<\/p>\n<p>Com o seu alcance sem paralelo, precis\u00e3o exacta e design compacto, o sensor de longo alcance transforma a forma como mede grandes dist\u00e2ncias, assegurando que obt\u00e9m os dados mais fi\u00e1veis para as suas aplica\u00e7\u00f5es cr\u00edticas. Melhore o seu fluxo de trabalho com tecnologia de ponta e desbloqueie o potencial de medi\u00e7\u00e3o de dist\u00e2ncias precisas e de longo alcance hoje mesmo.<\/p>","protected":false},"excerpt":{"rendered":"<p>Procura um sensor de longo alcance de alto desempenho? O nosso sensor TOF de 1000m oferece precis\u00e3o de \u00b11m, fiabilidade e design compacto - ideal para constru\u00e7\u00e3o, militar e rob\u00f3tica. Resolva desafios de medi\u00e7\u00e3o complexos hoje mesmo!<\/p>","protected":false},"featured_media":3001,"template":"","meta":{"site-sidebar-layout":"default","site-content-layout":"","ast-site-content-layout":"default","site-content-style":"default","site-sidebar-style":"default","ast-global-header-display":"","ast-banner-title-visibility":"","ast-main-header-display":"","ast-hfb-above-header-display":"","ast-hfb-below-header-display":"","ast-hfb-mobile-header-display":"","site-post-title":"","ast-breadcrumbs-content":"","ast-featured-img":"","footer-sml-layout":"","ast-disable-related-posts":"","theme-transparent-header-meta":"default","adv-header-id-meta":"","stick-header-meta":"","header-above-stick-meta":"","header-main-stick-meta":"","header-below-stick-meta":"","astra-migrate-meta-layouts":"set","ast-page-background-enabled":"default","ast-page-background-meta":{"desktop":{"background-color":"var(--ast-global-color-4)","background-image":"","background-repeat":"repeat","background-position":"center center","background-size":"auto","background-attachment":"scroll","background-type":"","background-media":"","overlay-type":"","overlay-color":"","overlay-opacity":"","overlay-gradient":""},"tablet":{"background-color":"","background-image":"","background-repeat":"repeat","background-position":"center center","background-size":"auto","background-attachment":"scroll","background-type":"","background-media":"","overlay-type":"","overlay-color":"","overlay-opacity":"","overlay-gradient":""},"mobile":{"background-color":"","background-image":"","background-repeat":"repeat","background-position":"center center","background-size":"auto","background-attachment":"scroll","background-type":"","background-media":"","overlay-type":"","overlay-color":"","overlay-opacity":"","overlay-gradient":""}},"ast-content-background-meta":{"desktop":{"background-color":"var(--ast-global-color-5)","background-image":"","background-repeat":"repeat","background-position":"center center","background-size":"auto","background-attachment":"scroll","background-type":"","background-media":"","overlay-type":"","overlay-color":"","overlay-opacity":"","overlay-gradient":""},"tablet":{"background-color":"var(--ast-global-color-5)","background-image":"","background-repeat":"repeat","background-position":"center center","background-size":"auto","background-attachment":"scroll","background-type":"","background-media":"","overlay-type":"","overlay-color":"","overlay-opacity":"","overlay-gradient":""},"mobile":{"background-color":"var(--ast-global-color-5)","background-image":"","background-repeat":"repeat","background-position":"center center","background-size":"auto","background-attachment":"scroll","background-type":"","background-media":"","overlay-type":"","overlay-color":"","overlay-opacity":"","overlay-gradient":""}}},"product_brand":[60],"product_cat":[31],"product_tag":[],"class_list":{"0":"post-126","1":"product","2":"type-product","3":"status-publish","4":"has-post-thumbnail","6":"product_brand-meskernel","7":"product_cat-tof-ranging-sensor","8":"desktop-align-center","9":"tablet-align-left","10":"mobile-align-left","12":"first","13":"instock","14":"shipping-taxable","15":"product-type-simple"},"_links":{"self":[{"href":"https:\/\/meskernel.net\/pt\/wp-json\/wp\/v2\/product\/126","targetHints":{"allow":["GET"]}}],"collection":[{"href":"https:\/\/meskernel.net\/pt\/wp-json\/wp\/v2\/product"}],"about":[{"href":"https:\/\/meskernel.net\/pt\/wp-json\/wp\/v2\/types\/product"}],"version-history":[{"count":0,"href":"https:\/\/meskernel.net\/pt\/wp-json\/wp\/v2\/product\/126\/revisions"}],"wp:featuredmedia":[{"embeddable":true,"href":"https:\/\/meskernel.net\/pt\/wp-json\/wp\/v2\/media\/3001"}],"wp:attachment":[{"href":"https:\/\/meskernel.net\/pt\/wp-json\/wp\/v2\/media?parent=126"}],"wp:term":[{"taxonomy":"product_brand","embeddable":true,"href":"https:\/\/meskernel.net\/pt\/wp-json\/wp\/v2\/product_brand?post=126"},{"taxonomy":"product_cat","embeddable":true,"href":"https:\/\/meskernel.net\/pt\/wp-json\/wp\/v2\/product_cat?post=126"},{"taxonomy":"product_tag","embeddable":true,"href":"https:\/\/meskernel.net\/pt\/wp-json\/wp\/v2\/product_tag?post=126"}],"curies":[{"name":"wp","href":"https:\/\/api.w.org\/{rel}","templated":true}]}}