{"id":2200,"date":"2024-11-12T14:47:17","date_gmt":"2024-11-12T06:47:17","guid":{"rendered":"https:\/\/meskernel.net\/?post_type=product&#038;p=2200"},"modified":"2025-07-03T13:55:55","modified_gmt":"2025-07-03T05:55:55","slug":"sensor-laser-de-precisao","status":"publish","type":"product","link":"https:\/\/meskernel.net\/pt\/product\/precision-laser-sensor\/","title":{"rendered":"Sensor laser de alta precis\u00e3o de 200 m - Medi\u00e7\u00f5es exactas, fabricado na China"},"content":{"rendered":"<div class=\"mceTemp\"><\/div>\n<h3>Sensor laser de alta precis\u00e3o 200m - Precis\u00e3o incompar\u00e1vel, fabricado na China<\/h3>\n<p>Desbloqueie um novo n\u00edvel de precis\u00e3o com o Sensor Laser de Alta Precis\u00e3o 200m, concebido para proporcionar uma precis\u00e3o sem paralelo na medi\u00e7\u00e3o de dist\u00e2ncias. Com uma vasta gama de 0,03 m a 200 m e uma precis\u00e3o surpreendente de <strong>\u00b1<\/strong>0,2 mm, este sensor avan\u00e7ado permite-lhe realizar as opera\u00e7\u00f5es com as medi\u00e7\u00f5es exactas de que necessita, sempre. Funcionando a frequ\u00eancias entre 3Hz e 20Hz, assegura leituras r\u00e1pidas e fi\u00e1veis, mesmo em ambientes din\u00e2micos ou dif\u00edceis.<\/p>\n<p>Compacto mas potente, este sensor mede apenas 64x40x18mm, o que o torna a escolha ideal para espa\u00e7os apertados e aplica\u00e7\u00f5es exigentes sem comprometer o desempenho. Quer esteja a otimizar sistemas de automa\u00e7\u00e3o, a melhorar a navega\u00e7\u00e3o rob\u00f3tica, a efetuar medi\u00e7\u00f5es de constru\u00e7\u00e3o ou a afinar a dete\u00e7\u00e3o de objectos, este sensor foi concebido para fornecer resultados com velocidade, precis\u00e3o e fiabilidade.<\/p>\n<figure id=\"attachment_2958\" aria-describedby=\"caption-attachment-2958\" style=\"width: 1080px\" class=\"wp-caption aligncenter\"><img fetchpriority=\"high\" decoding=\"async\" class=\"wp-image-2958 size-full\" title=\"Sensor laser de precis\u00e3o\" src=\"https:\/\/meskernel.net\/wp-content\/uploads\/2024\/11\/laser-distance-senso.jpg\" alt=\"sensor de dist\u00e2ncia por laser\" width=\"1080\" height=\"300\" srcset=\"https:\/\/meskernel.net\/wp-content\/uploads\/2024\/11\/laser-distance-senso.jpg 1080w, https:\/\/meskernel.net\/wp-content\/uploads\/2024\/11\/laser-distance-senso-300x83.jpg 300w, https:\/\/meskernel.net\/wp-content\/uploads\/2024\/11\/laser-distance-senso-1024x284.jpg 1024w, https:\/\/meskernel.net\/wp-content\/uploads\/2024\/11\/laser-distance-senso-768x213.jpg 768w, https:\/\/meskernel.net\/wp-content\/uploads\/2024\/11\/laser-distance-senso-400x111.jpg 400w\" sizes=\"(max-width: 1080px) 100vw, 1080px\" \/><figcaption id=\"caption-attachment-2958\" class=\"wp-caption-text\">sensor de dist\u00e2ncia por laser<\/figcaption><\/figure>\n<h3>Carater\u00edsticas principais:<\/h3>\n<ul>\n<li><strong>Op\u00e7\u00f5es de grande dist\u00e2ncia<\/strong><br \/>\nAmpla gama de dist\u00e2ncias selecion\u00e1veis, tornando-o adequado para v\u00e1rias aplica\u00e7\u00f5es.<\/li>\n<li><strong>Velocidade de resposta r\u00e1pida<\/strong><br \/>\nCapacidades de aquisi\u00e7\u00e3o r\u00e1pida de dados, completando medi\u00e7\u00f5es de dist\u00e2ncia em milissegundos.<\/li>\n<li><strong>M\u00faltiplas interfaces de comunica\u00e7\u00e3o<\/strong><br \/>\nSuporta v\u00e1rias interfaces e protocolos de comunica\u00e7\u00e3o, incluindo RS232, RS485, Bluetooth, Modbus e UART, facilitando a integra\u00e7\u00e3o com o controlo ou os dados existentes.<\/li>\n<li><strong>Elevada precis\u00e3o de medi\u00e7\u00e3o<\/strong><br \/>\nCom uma precis\u00e3o tipicamente na ordem dos mil\u00edmetros, este sensor satisfaz os requisitos de elevada exatid\u00e3o de aplica\u00e7\u00f5es como os cen\u00e1rios geod\u00e9sicos e de engenharia de constru\u00e7\u00e3o.<\/li>\n<li><strong>Desempenho est\u00e1vel<\/strong><br \/>\nO sensor mant\u00e9m uma gama estreita de flutua\u00e7\u00f5es de dados e apresenta um erro de repetibilidade muito baixo.<\/li>\n<li><strong>Medi\u00e7\u00e3o sem contacto<\/strong><br \/>\nO sensor \u00e9 capaz de efetuar medi\u00e7\u00f5es sem contacto, adequado para detetar objectos em movimento, objectos a alta ou baixa temperatura, l\u00edquidos e objectos com formas irregulares.<\/li>\n<\/ul>\n<h3 class=\"magic-4\"><span class=\"magic-5\" data-spm-anchor-id=\"a2700.details.0.i67.469255a4z4kxlM\">Porta de comunica\u00e7\u00e3o:<\/span><\/h3>\n<div class=\"magic-16\">\n<div class=\"magic-17\">\n<div class=\"magic-18\" data-spm-anchor-id=\"a2700.details.0.i68.469255a4z4kxlM\"><span class=\"magic-6\">O sensor de medi\u00e7\u00e3o de dist\u00e2ncia a laser LDJ suporta USB, TTL, RS232, RS485, Bluetooth e outras interfaces de comunica\u00e7\u00e3o, suporta Arduino, Raspberry PI e outros dispositivos externos.<\/span><\/div>\n<\/div>\n<\/div>\n<figure id=\"attachment_2841\" aria-describedby=\"caption-attachment-2841\" style=\"width: 712px\" class=\"wp-caption aligncenter\"><img decoding=\"async\" class=\"wp-image-2841 size-full\" title=\"Sensor laser de precis\u00e3o\" src=\"https:\/\/meskernel.net\/wp-content\/uploads\/2024\/11\/usb-laser-distance-sensor.jpg\" alt=\"sensor de dist\u00e2ncia laser usb\" width=\"712\" height=\"694\" srcset=\"https:\/\/meskernel.net\/wp-content\/uploads\/2024\/11\/usb-laser-distance-sensor.jpg 712w, https:\/\/meskernel.net\/wp-content\/uploads\/2024\/11\/usb-laser-distance-sensor-300x292.jpg 300w, https:\/\/meskernel.net\/wp-content\/uploads\/2024\/11\/usb-laser-distance-sensor-400x390.jpg 400w\" sizes=\"(max-width: 712px) 100vw, 712px\" \/><figcaption id=\"caption-attachment-2841\" class=\"wp-caption-text\">sensor de dist\u00e2ncia laser usb<\/figcaption><\/figure>\n<h3 class=\"magic-4\"><span class=\"magic-5\" data-spm-anchor-id=\"a2700.details.0.i69.469255a4z4kxlM\">Sensor laser de precis\u00e3o com plataforma de software de teste:<\/span><\/h3>\n<div class=\"magic-16\">\n<div class=\"magic-17\">\n<div class=\"magic-18\" data-spm-anchor-id=\"a2700.details.0.i71.469255a4z4kxlM\"><span class=\"magic-6\">Possu\u00edmos ferramentas de teste de software patenteadas que interagem com o computador atrav\u00e9s da tecnologia de medi\u00e7\u00e3o de dist\u00e2ncias.<\/span><\/div>\n<div data-spm-anchor-id=\"a2700.details.0.i71.469255a4z4kxlM\">\n<figure id=\"attachment_2964\" aria-describedby=\"caption-attachment-2964\" style=\"width: 1024px\" class=\"wp-caption aligncenter\"><img decoding=\"async\" class=\"wp-image-2964 size-large\" title=\"Sensor laser de precis\u00e3o com plataforma de software de teste\" src=\"https:\/\/meskernel.net\/wp-content\/uploads\/2024\/11\/Test-Software-Platform-1024x521.jpg\" alt=\"Plataforma de software de teste\" width=\"1024\" height=\"521\" srcset=\"https:\/\/meskernel.net\/wp-content\/uploads\/2024\/11\/Test-Software-Platform-1024x521.jpg 1024w, https:\/\/meskernel.net\/wp-content\/uploads\/2024\/11\/Test-Software-Platform-300x153.jpg 300w, https:\/\/meskernel.net\/wp-content\/uploads\/2024\/11\/Test-Software-Platform-768x390.jpg 768w, https:\/\/meskernel.net\/wp-content\/uploads\/2024\/11\/Test-Software-Platform-1536x781.jpg 1536w, https:\/\/meskernel.net\/wp-content\/uploads\/2024\/11\/Test-Software-Platform-400x203.jpg 400w, https:\/\/meskernel.net\/wp-content\/uploads\/2024\/11\/Test-Software-Platform.jpg 1776w\" sizes=\"(max-width: 1024px) 100vw, 1024px\" \/><figcaption id=\"caption-attachment-2964\" class=\"wp-caption-text\">Plataforma de software de teste<\/figcaption><\/figure>\n<\/div>\n<\/div>\n<\/div>\n<h3>Principais aplica\u00e7\u00f5es:<\/h3>\n<ul>\n<li><strong>Sistemas de automa\u00e7\u00e3o:<\/strong> Melhorar a precis\u00e3o dos processos automatizados e dos sistemas de controlo.<\/li>\n<li><strong>Rob\u00f3tica:<\/strong> Permitem a medi\u00e7\u00e3o exacta da dist\u00e2ncia para a navega\u00e7\u00e3o de rob\u00f4s e a preven\u00e7\u00e3o de obst\u00e1culos.<\/li>\n<li><strong>Constru\u00e7\u00e3o e topografia:<\/strong> Medir dist\u00e2ncias com elevada precis\u00e3o em esquemas de constru\u00e7\u00e3o, medi\u00e7\u00e3o de edif\u00edcios e tarefas de topografia.<\/li>\n<li><strong>Dete\u00e7\u00e3o e seguimento de objectos:<\/strong> Melhorar a precis\u00e3o da dete\u00e7\u00e3o em ambientes complexos para obter resultados mais fi\u00e1veis.<\/li>\n<\/ul>\n<p>Fa\u00e7a hoje a escolha inteligente - escolha o Sensor Laser de Alta Precis\u00e3o 200m para experimentar o futuro da medi\u00e7\u00e3o de dist\u00e2ncias precisa, r\u00e1pida e fi\u00e1vel.<\/p>","protected":false},"excerpt":{"rendered":"<p>O sensor laser de precis\u00e3o de fase fornece medi\u00e7\u00f5es de dist\u00e2ncia exactas de 0,03m a 200m com uma precis\u00e3o de \u00b10,2mm. Operando em frequ\u00eancias entre 3Hz e 20Hz, este m\u00f3dulo compacto (64x40x18mm) \u00e9 ideal para aplica\u00e7\u00f5es industriais como automa\u00e7\u00e3o, rob\u00f3tica e constru\u00e7\u00e3o. A sua resposta r\u00e1pida e desempenho fi\u00e1vel fazem dele a solu\u00e7\u00e3o perfeita para tarefas de medi\u00e7\u00e3o de alta precis\u00e3o em ambientes exigentes.<\/p>","protected":false},"featured_media":2201,"template":"","meta":{"site-sidebar-layout":"default","site-content-layout":"","ast-site-content-layout":"default","site-content-style":"default","site-sidebar-style":"default","ast-global-header-display":"","ast-banner-title-visibility":"","ast-main-header-display":"","ast-hfb-above-header-display":"","ast-hfb-below-header-display":"","ast-hfb-mobile-header-display":"","site-post-title":"","ast-breadcrumbs-content":"","ast-featured-img":"","footer-sml-layout":"","ast-disable-related-posts":"","theme-transparent-header-meta":"default","adv-header-id-meta":"","stick-header-meta":"","header-above-stick-meta":"","header-main-stick-meta":"","header-below-stick-meta":"","astra-migrate-meta-layouts":"set","ast-page-background-enabled":"default","ast-page-background-meta":{"desktop":{"background-color":"var(--ast-global-color-4)","background-image":"","background-repeat":"repeat","background-position":"center center","background-size":"auto","background-attachment":"scroll","background-type":"","background-media":"","overlay-type":"","overlay-color":"","overlay-opacity":"","overlay-gradient":""},"tablet":{"background-color":"","background-image":"","background-repeat":"repeat","background-position":"center center","background-size":"auto","background-attachment":"scroll","background-type":"","background-media":"","overlay-type":"","overlay-color":"","overlay-opacity":"","overlay-gradient":""},"mobile":{"background-color":"","background-image":"","background-repeat":"repeat","background-position":"center center","background-size":"auto","background-attachment":"scroll","background-type":"","background-media":"","overlay-type":"","overlay-color":"","overlay-opacity":"","overlay-gradient":""}},"ast-content-background-meta":{"desktop":{"background-color":"var(--ast-global-color-5)","background-image":"","background-repeat":"repeat","background-position":"center center","background-size":"auto","background-attachment":"scroll","background-type":"","background-media":"","overlay-type":"","overlay-color":"","overlay-opacity":"","overlay-gradient":""},"tablet":{"background-color":"var(--ast-global-color-5)","background-image":"","background-repeat":"repeat","background-position":"center center","background-size":"auto","background-attachment":"scroll","background-type":"","background-media":"","overlay-type":"","overlay-color":"","overlay-opacity":"","overlay-gradient":""},"mobile":{"background-color":"var(--ast-global-color-5)","background-image":"","background-repeat":"repeat","background-position":"center center","background-size":"auto","background-attachment":"scroll","background-type":"","background-media":"","overlay-type":"","overlay-color":"","overlay-opacity":"","overlay-gradient":""}}},"product_brand":[60],"product_cat":[52],"product_tag":[],"class_list":{"0":"post-2200","1":"product","2":"type-product","3":"status-publish","4":"has-post-thumbnail","6":"product_brand-meskernel","7":"product_cat-phase-distance-sensor","8":"desktop-align-center","9":"tablet-align-left","10":"mobile-align-left","12":"first","13":"instock","14":"shipping-taxable","15":"product-type-simple"},"_links":{"self":[{"href":"https:\/\/meskernel.net\/pt\/wp-json\/wp\/v2\/product\/2200","targetHints":{"allow":["GET"]}}],"collection":[{"href":"https:\/\/meskernel.net\/pt\/wp-json\/wp\/v2\/product"}],"about":[{"href":"https:\/\/meskernel.net\/pt\/wp-json\/wp\/v2\/types\/product"}],"version-history":[{"count":0,"href":"https:\/\/meskernel.net\/pt\/wp-json\/wp\/v2\/product\/2200\/revisions"}],"wp:featuredmedia":[{"embeddable":true,"href":"https:\/\/meskernel.net\/pt\/wp-json\/wp\/v2\/media\/2201"}],"wp:attachment":[{"href":"https:\/\/meskernel.net\/pt\/wp-json\/wp\/v2\/media?parent=2200"}],"wp:term":[{"taxonomy":"product_brand","embeddable":true,"href":"https:\/\/meskernel.net\/pt\/wp-json\/wp\/v2\/product_brand?post=2200"},{"taxonomy":"product_cat","embeddable":true,"href":"https:\/\/meskernel.net\/pt\/wp-json\/wp\/v2\/product_cat?post=2200"},{"taxonomy":"product_tag","embeddable":true,"href":"https:\/\/meskernel.net\/pt\/wp-json\/wp\/v2\/product_tag?post=2200"}],"curies":[{"name":"wp","href":"https:\/\/api.w.org\/{rel}","templated":true}]}}