{"id":2684,"date":"2024-11-19T17:41:19","date_gmt":"2024-11-19T09:41:19","guid":{"rendered":"https:\/\/meskernel.net\/?post_type=product&#038;p=2684"},"modified":"2025-07-03T13:48:52","modified_gmt":"2025-07-03T05:48:52","slug":"laser-range-finder","status":"publish","type":"product","link":"https:\/\/meskernel.net\/pt\/product\/laser-range-finder\/","title":{"rendered":"TC25 Sensor de localiza\u00e7\u00e3o a laser de 700m Moudle"},"content":{"rendered":"<p><strong style=\"font-size: 1.7em;\">Tel\u00e9metro laser de alta precis\u00e3o - Solu\u00e7\u00f5es compactas e fi\u00e1veis<\/strong><\/p>\n<p>Apresentamos o Laser Range Finder da Meskernel, concebido para fornecer medi\u00e7\u00f5es de dist\u00e2ncia precisas e fi\u00e1veis para uma vasta gama de aplica\u00e7\u00f5es. Quer esteja a trabalhar em automa\u00e7\u00e3o, rob\u00f3tica, medi\u00e7\u00e3o industrial ou <a href=\"https:\/\/meskernel.net\/pt\/categoria\/aplicacao\/controlo-ambiental\/\">controlo ambiental<\/a>O nosso dispositivo oferece a precis\u00e3o de que necessita, mantendo ao mesmo tempo um design compacto e eficiente que se integra perfeitamente nos seus sistemas.<\/p>\n<p>&nbsp;<\/p>\n<figure id=\"attachment_2991\" aria-describedby=\"caption-attachment-2991\" style=\"width: 1000px\" class=\"wp-caption aligncenter\"><img fetchpriority=\"high\" decoding=\"async\" class=\"wp-image-2991 size-full\" title=\"Tel\u00e9metro laser TC22 700m\" src=\"https:\/\/meskernel.net\/wp-content\/uploads\/2024\/11\/TC22-Laser-Range-Finder-700m.jpg\" alt=\"Tel\u00e9metro laser TC22 700m\" width=\"1000\" height=\"500\" srcset=\"https:\/\/meskernel.net\/wp-content\/uploads\/2024\/11\/TC22-Laser-Range-Finder-700m.jpg 1000w, https:\/\/meskernel.net\/wp-content\/uploads\/2024\/11\/TC22-Laser-Range-Finder-700m-300x150.jpg 300w, https:\/\/meskernel.net\/wp-content\/uploads\/2024\/11\/TC22-Laser-Range-Finder-700m-768x384.jpg 768w, https:\/\/meskernel.net\/wp-content\/uploads\/2024\/11\/TC22-Laser-Range-Finder-700m-400x200.jpg 400w\" sizes=\"(max-width: 1000px) 100vw, 1000px\" \/><figcaption id=\"caption-attachment-2991\" class=\"wp-caption-text\">Tel\u00e9metro laser TC22 700m<\/figcaption><\/figure>\n<h3>Carater\u00edsticas principais<\/h3>\n<ul>\n<li>Grande dist\u00e2ncia<\/li>\n<\/ul>\n<p style=\"padding-left: 40px;\">M\u00faltiplas op\u00e7\u00f5es de dist\u00e2ncia, proporcionando alcances de medi\u00e7\u00e3o de 700 metros e 1000 metros. Esta versatilidade permite-lhe satisfazer as necessidades de aplica\u00e7\u00f5es de m\u00e9dio e ultra longo alcance, proporcionando um desempenho excecional em grandes \u00e1reas ou monitoriza\u00e7\u00e3o remota.<\/p>\n<ul>\n<li>Forma cil\u00edndrica<\/li>\n<\/ul>\n<p style=\"padding-left: 40px;\">A forma cil\u00edndrica facilita a sua integra\u00e7\u00e3o em produtos como drones e miras para utiliza\u00e7\u00e3o no exterior.<\/p>\n<ul>\n<li>Alta precis\u00e3o<\/li>\n<\/ul>\n<p style=\"padding-left: 40px;\">O sensor oferece uma precis\u00e3o de medi\u00e7\u00e3o at\u00e9 1 metro, fornecendo dados fi\u00e1veis e precisos para medi\u00e7\u00f5es a longa dist\u00e2ncia.<\/p>\n<ul>\n<li>Tamanho compacto para integra\u00e7\u00e3o vers\u00e1til<\/li>\n<\/ul>\n<p style=\"padding-left: 40px;\">Medindo apenas \u03a622x43mm, o Laser Range Finder \u00e9 ideal para sistemas onde o espa\u00e7o \u00e9 limitado. O seu formato pequeno facilita a integra\u00e7\u00e3o numa variedade de projectos, desde plataformas rob\u00f3ticas compactas a sistemas industriais de maiores dimens\u00f5es. Apesar do seu tamanho compacto, o dispositivo mant\u00e9m um desempenho robusto, fornecendo medi\u00e7\u00f5es precisas e de alta qualidade, tanto em ambientes interiores como exteriores. Al\u00e9m disso, o seu design leve n\u00e3o compromete a durabilidade, garantindo uma funcionalidade duradoura mesmo nas aplica\u00e7\u00f5es mais exigentes.<\/p>\n<figure id=\"attachment_2994\" aria-describedby=\"caption-attachment-2994\" style=\"width: 1048px\" class=\"wp-caption aligncenter\"><img decoding=\"async\" class=\"wp-image-2994 size-full\" title=\"aplica\u00e7\u00e3o do sensor de dist\u00e2ncia\" src=\"https:\/\/meskernel.net\/wp-content\/uploads\/2024\/11\/application.jpg\" alt=\"aplica\u00e7\u00e3o do sensor de dist\u00e2ncia\" width=\"1048\" height=\"226\" srcset=\"https:\/\/meskernel.net\/wp-content\/uploads\/2024\/11\/application.jpg 1048w, https:\/\/meskernel.net\/wp-content\/uploads\/2024\/11\/application-300x65.jpg 300w, https:\/\/meskernel.net\/wp-content\/uploads\/2024\/11\/application-1024x221.jpg 1024w, https:\/\/meskernel.net\/wp-content\/uploads\/2024\/11\/application-768x166.jpg 768w, https:\/\/meskernel.net\/wp-content\/uploads\/2024\/11\/application-400x86.jpg 400w\" sizes=\"(max-width: 1048px) 100vw, 1048px\" \/><figcaption id=\"caption-attachment-2994\" class=\"wp-caption-text\">aplica\u00e7\u00e3o do sensor de dist\u00e2ncia<\/figcaption><\/figure>\n<h3>M\u00faltiplas interfaces para uma integra\u00e7\u00e3o perfeita<\/h3>\n<p>Para assegurar uma integra\u00e7\u00e3o de sistemas sem esfor\u00e7o, o tel\u00e9metro laser est\u00e1 equipado com uma gama de interfaces de comunica\u00e7\u00e3o, incluindo TTL, RS485 e RS232. Esta variedade de op\u00e7\u00f5es permite-lhe ligar facilmente o sensor a uma vasta gama de sistemas, tornando a transmiss\u00e3o de dados simples e sem falhas. Como resultado, independentemente da plataforma que estiver a utilizar, pode confiar numa integra\u00e7\u00e3o suave, assegurando a compatibilidade com a sua infraestrutura existente. Quer esteja a trabalhar com sistemas rob\u00f3ticos avan\u00e7ados ou equipamento de automa\u00e7\u00e3o industrial, o nosso sensor proporciona a flexibilidade de que necessita para uma grande variedade de aplica\u00e7\u00f5es.<\/p>\n<figure id=\"attachment_2987\" aria-describedby=\"caption-attachment-2987\" style=\"width: 750px\" class=\"wp-caption aligncenter\"><img decoding=\"async\" class=\"wp-image-2987 size-full\" title=\"Tel\u00e9metro laser 700m\" src=\"https:\/\/meskernel.net\/wp-content\/uploads\/2024\/11\/Laser-Distance-Module-2000m.jpg\" alt=\"M\u00f3dulo de dist\u00e2ncia laser 2000m\" width=\"750\" height=\"266\" srcset=\"https:\/\/meskernel.net\/wp-content\/uploads\/2024\/11\/Laser-Distance-Module-2000m.jpg 750w, https:\/\/meskernel.net\/wp-content\/uploads\/2024\/11\/Laser-Distance-Module-2000m-300x106.jpg 300w, https:\/\/meskernel.net\/wp-content\/uploads\/2024\/11\/Laser-Distance-Module-2000m-400x142.jpg 400w\" sizes=\"(max-width: 750px) 100vw, 750px\" \/><figcaption id=\"caption-attachment-2987\" class=\"wp-caption-text\">M\u00f3dulo de dist\u00e2ncia laser 2000m<\/figcaption><\/figure>\n<h3><strong>Porqu\u00ea escolher o Laser Range Finder da Meskernel?<\/strong><\/h3>\n<ul>\n<li><strong>Solu\u00e7\u00f5es personaliz\u00e1veis<\/strong>: Como um fabricante l\u00edder, a Meskernel oferece servi\u00e7os OEM e ODM. Isso significa que podemos adaptar o tel\u00eametro a laser para atender aos requisitos espec\u00edficos do seu projeto. Desde a modifica\u00e7\u00e3o do alcance at\u00e9 \u00e0 personaliza\u00e7\u00e3o da interface ou da precis\u00e3o, podemos conceber o dispositivo para corresponder perfeitamente \u00e0s suas necessidades.<\/li>\n<li><strong>Pre\u00e7os competitivos<\/strong>: Ao fabricar os nossos aparelhos internamente, podemos oferecer pre\u00e7os altamente competitivos sem comprometer a qualidade. Consequentemente, o seu investimento \u00e9 muito rent\u00e1vel, uma vez que garantimos que os nossos produtos s\u00e3o econ\u00f3micos e fi\u00e1veis.<\/li>\n<li><strong>Suporte t\u00e9cnico especializado<\/strong>: A nossa equipa dedicada de especialistas est\u00e1 aqui para fornecer apoio t\u00e9cnico completo, assegurando a integra\u00e7\u00e3o e o funcionamento perfeitos das nossas <a href=\"https:\/\/meskernel.net\/pt\/product\/high-precision-laser-distance-sensor\/\">sensor de dist\u00e2ncia por laser<\/a> nos seus sistemas. Desde o momento em que seleciona o seu produto at\u00e9 \u00e0 instala\u00e7\u00e3o, estamos aqui para o orientar em cada passo do processo, prestando assist\u00eancia cont\u00ednua sempre que necess\u00e1rio.<\/li>\n<li><strong>Aplica\u00e7\u00f5es vers\u00e1teis<\/strong>: Quer se trate de automatiza\u00e7\u00e3o industrial, de sistemas rob\u00f3ticos, de topografia de precis\u00e3o ou de monitoriza\u00e7\u00e3o da seguran\u00e7a, o nosso sensor de alcance laser \u00e9 uma ferramenta vers\u00e1til que pode ser utilizada numa grande variedade de dom\u00ednios. Por exemplo, o nosso sensor \u00e9 ideal para medir a dist\u00e2ncia em sistemas automatizados de manuseamento de materiais, detetar potenciais perigos em zonas de constru\u00e7\u00e3o ou mesmo monitorizar a dist\u00e2ncia entre animais e per\u00edmetros em sistemas de prote\u00e7\u00e3o da vida selvagem.\n<p><figure id=\"attachment_2995\" aria-describedby=\"caption-attachment-2995\" style=\"width: 1069px\" class=\"wp-caption aligncenter\"><img loading=\"lazy\" decoding=\"async\" class=\"wp-image-2995 size-full\" title=\"porqu\u00ea utilizar um sensor de dist\u00e2ncia\" src=\"https:\/\/meskernel.net\/wp-content\/uploads\/2024\/11\/why-us-distance-sensor.jpg\" alt=\"porqu\u00ea utilizar um sensor de dist\u00e2ncia\" width=\"1069\" height=\"228\" srcset=\"https:\/\/meskernel.net\/wp-content\/uploads\/2024\/11\/why-us-distance-sensor.jpg 1069w, https:\/\/meskernel.net\/wp-content\/uploads\/2024\/11\/why-us-distance-sensor-300x64.jpg 300w, https:\/\/meskernel.net\/wp-content\/uploads\/2024\/11\/why-us-distance-sensor-1024x218.jpg 1024w, https:\/\/meskernel.net\/wp-content\/uploads\/2024\/11\/why-us-distance-sensor-768x164.jpg 768w, https:\/\/meskernel.net\/wp-content\/uploads\/2024\/11\/why-us-distance-sensor-400x85.jpg 400w\" sizes=\"(max-width: 1069px) 100vw, 1069px\" \/><figcaption id=\"caption-attachment-2995\" class=\"wp-caption-text\">porqu\u00ea utilizar um sensor de dist\u00e2ncia<\/figcaption><\/figure><\/li>\n<\/ul>\n<p>&nbsp;<\/p>\n<h3><strong>Melhore os seus projectos com o Laser Range Finder da Meskernel<\/strong><\/h3>\n<p>Na Meskernel, orgulhamo-nos de fornecer tecnologia de ponta combinada com um servi\u00e7o excecional ao cliente. O Laser Range Finder atinge o equil\u00edbrio perfeito entre precis\u00e3o, alcance e flexibilidade de integra\u00e7\u00e3o, tornando-o uma excelente escolha para uma variedade de projectos exigentes.<\/p>\n<p>Contacte-nos hoje para saber mais sobre como o nosso Laser Range Finder pode melhorar os seus sistemas. Al\u00e9m disso, oferecemos solu\u00e7\u00f5es personalizadas para satisfazer os seus requisitos exclusivos - quer esteja \u00e0 procura de produ\u00e7\u00e3o OEM ou de um design personalizado. Deixe-nos ajud\u00e1-lo a obter precis\u00e3o e fiabilidade em cada medi\u00e7\u00e3o.<\/p>","protected":false},"excerpt":{"rendered":"<p>O tel\u00e9metro laser da Meskernel oferece solu\u00e7\u00f5es de medi\u00e7\u00e3o de dist\u00e2ncias de alta precis\u00e3o para uma variedade de ind\u00fastrias, incluindo automa\u00e7\u00e3o, rob\u00f3tica e aplica\u00e7\u00f5es industriais. Com um design compacto, uma vasta gama de medi\u00e7\u00e3o (3 a 700 metros, extens\u00edvel at\u00e9 1000 metros) e um desempenho preciso (\u00b11m), garante resultados fi\u00e1veis mesmo em ambientes complexos. Oferecendo integra\u00e7\u00e3o flex\u00edvel com interfaces TTL, RS485 e RS232, \u00e9 ideal para diversas aplica\u00e7\u00f5es, como rastreamento em tempo real, monitoramento de seguran\u00e7a e inspe\u00e7\u00e3o industrial. A Meskernel tamb\u00e9m fornece servi\u00e7os OEM e ODM, oferecendo solu\u00e7\u00f5es personalizadas para atender \u00e0s suas necessidades espec\u00edficas. Melhore os seus projectos com a precis\u00e3o e versatilidade do nosso sensor de dist\u00e2ncia a laser<\/p>","protected":false},"featured_media":3005,"template":"","meta":{"site-sidebar-layout":"default","site-content-layout":"","ast-site-content-layout":"default","site-content-style":"default","site-sidebar-style":"default","ast-global-header-display":"","ast-banner-title-visibility":"","ast-main-header-display":"","ast-hfb-above-header-display":"","ast-hfb-below-header-display":"","ast-hfb-mobile-header-display":"","site-post-title":"","ast-breadcrumbs-content":"","ast-featured-img":"","footer-sml-layout":"","ast-disable-related-posts":"","theme-transparent-header-meta":"default","adv-header-id-meta":"","stick-header-meta":"","header-above-stick-meta":"","header-main-stick-meta":"","header-below-stick-meta":"","astra-migrate-meta-layouts":"set","ast-page-background-enabled":"default","ast-page-background-meta":{"desktop":{"background-color":"var(--ast-global-color-4)","background-image":"","background-repeat":"repeat","background-position":"center center","background-size":"auto","background-attachment":"scroll","background-type":"","background-media":"","overlay-type":"","overlay-color":"","overlay-opacity":"","overlay-gradient":""},"tablet":{"background-color":"","background-image":"","background-repeat":"repeat","background-position":"center center","background-size":"auto","background-attachment":"scroll","background-type":"","background-media":"","overlay-type":"","overlay-color":"","overlay-opacity":"","overlay-gradient":""},"mobile":{"background-color":"","background-image":"","background-repeat":"repeat","background-position":"center center","background-size":"auto","background-attachment":"scroll","background-type":"","background-media":"","overlay-type":"","overlay-color":"","overlay-opacity":"","overlay-gradient":""}},"ast-content-background-meta":{"desktop":{"background-color":"var(--ast-global-color-5)","background-image":"","background-repeat":"repeat","background-position":"center center","background-size":"auto","background-attachment":"scroll","background-type":"","background-media":"","overlay-type":"","overlay-color":"","overlay-opacity":"","overlay-gradient":""},"tablet":{"background-color":"var(--ast-global-color-5)","background-image":"","background-repeat":"repeat","background-position":"center center","background-size":"auto","background-attachment":"scroll","background-type":"","background-media":"","overlay-type":"","overlay-color":"","overlay-opacity":"","overlay-gradient":""},"mobile":{"background-color":"var(--ast-global-color-5)","background-image":"","background-repeat":"repeat","background-position":"center center","background-size":"auto","background-attachment":"scroll","background-type":"","background-media":"","overlay-type":"","overlay-color":"","overlay-opacity":"","overlay-gradient":""}}},"product_brand":[60],"product_cat":[54],"product_tag":[],"class_list":{"0":"post-2684","1":"product","2":"type-product","3":"status-publish","4":"has-post-thumbnail","6":"product_brand-meskernel","7":"product_cat-long-distance-laser-ranging-sensors","8":"desktop-align-center","9":"tablet-align-left","10":"mobile-align-left","12":"first","13":"instock","14":"shipping-taxable","15":"product-type-simple"},"_links":{"self":[{"href":"https:\/\/meskernel.net\/pt\/wp-json\/wp\/v2\/product\/2684","targetHints":{"allow":["GET"]}}],"collection":[{"href":"https:\/\/meskernel.net\/pt\/wp-json\/wp\/v2\/product"}],"about":[{"href":"https:\/\/meskernel.net\/pt\/wp-json\/wp\/v2\/types\/product"}],"version-history":[{"count":0,"href":"https:\/\/meskernel.net\/pt\/wp-json\/wp\/v2\/product\/2684\/revisions"}],"wp:featuredmedia":[{"embeddable":true,"href":"https:\/\/meskernel.net\/pt\/wp-json\/wp\/v2\/media\/3005"}],"wp:attachment":[{"href":"https:\/\/meskernel.net\/pt\/wp-json\/wp\/v2\/media?parent=2684"}],"wp:term":[{"taxonomy":"product_brand","embeddable":true,"href":"https:\/\/meskernel.net\/pt\/wp-json\/wp\/v2\/product_brand?post=2684"},{"taxonomy":"product_cat","embeddable":true,"href":"https:\/\/meskernel.net\/pt\/wp-json\/wp\/v2\/product_cat?post=2684"},{"taxonomy":"product_tag","embeddable":true,"href":"https:\/\/meskernel.net\/pt\/wp-json\/wp\/v2\/product_tag?post=2684"}],"curies":[{"name":"wp","href":"https:\/\/api.w.org\/{rel}","templated":true}]}}