{"id":2737,"date":"2024-11-25T15:56:45","date_gmt":"2024-11-25T07:56:45","guid":{"rendered":"https:\/\/meskernel.net\/?post_type=product&#038;p=2737"},"modified":"2025-09-25T14:37:29","modified_gmt":"2025-09-25T06:37:29","slug":"sensor-laser-ip54","status":"publish","type":"product","link":"https:\/\/meskernel.net\/pt\/product\/ip54-laser-sensor\/","title":{"rendered":"PTFS-P4 IP54 Sensor laser 400Hz Alta frequ\u00eancia"},"content":{"rendered":"<p>O nosso sensor laser IP54 foi habilmente concebido para oferecer uma prote\u00e7\u00e3o superior, durabilidade e fiabilidade para sensores laser em ambientes industriais exigentes. Com o seu tamanho compacto (medindo 80x65x32,20 mm), esta caixa de prote\u00e7\u00e3o protege os sensores laser contra danos f\u00edsicos, riscos ambientais e interfer\u00eancias electromagn\u00e9ticas. Suporta uma gama de medi\u00e7\u00e3o de 3m a 1100m e <strong>\u00b1<\/strong>Com uma precis\u00e3o de 1 m, o nosso sensor laser IP54 garante que os sensores laser funcionam com precis\u00e3o, mesmo em condi\u00e7\u00f5es extremas.<\/p>\n<h3>Porqu\u00ea escolher o nosso sensor laser IP54?<\/h3>\n<ol>\n<li><strong>Prote\u00e7\u00e3o inigual\u00e1vel para sensores laser<\/strong><br \/>\nO nosso sensor laser IP54 proporciona uma prote\u00e7\u00e3o excecional contra poeiras, \u00e1gua e danos f\u00edsicos. Quer esteja a trabalhar em constru\u00e7\u00e3o, rob\u00f3tica ou topografia, este inv\u00f3lucro robusto mant\u00e9m os seus sensores laser seguros e operacionais. Por exemplo, em aplica\u00e7\u00f5es de topografia, as caixas dos sensores est\u00e3o expostas a ambientes exteriores adversos, mas o nosso inv\u00f3lucro de prote\u00e7\u00e3o garante que mant\u00eam um desempenho fi\u00e1vel mesmo em condi\u00e7\u00f5es de p\u00f3 ou chuva.<\/li>\n<li><strong>Alta precis\u00e3o e ampla gama de medi\u00e7\u00e3o<\/strong><br \/>\nA caixa do sensor foi concebida para suportar uma vasta gama de medi\u00e7\u00e3o de 3m a 1100m com <strong>\u00b1<\/strong>1m de precis\u00e3o, o que o torna ideal para ind\u00fastrias que exigem medi\u00e7\u00f5es precisas a longas dist\u00e2ncias. Por exemplo, na rob\u00f3tica, os sensores laser alojados na nossa caixa de prote\u00e7\u00e3o proporcionam um posicionamento preciso e a dete\u00e7\u00e3o de objectos. O inv\u00f3lucro duradouro para sensores laser garante um desempenho est\u00e1vel em ambientes industriais, assegurando fiabilidade para medi\u00e7\u00f5es cr\u00edticas.<\/li>\n<li><strong>Integra\u00e7\u00e3o perfeita com m\u00faltiplas interfaces de comunica\u00e7\u00e3o<\/strong><br \/>\nO nosso sensor laser IP54 est\u00e1 equipado com interfaces de comunica\u00e7\u00e3o TTL, RS485 e RS232, garantindo uma transmiss\u00e3o de dados perfeita e uma f\u00e1cil integra\u00e7\u00e3o com sistemas de controlo. Na automa\u00e7\u00e3o industrial, por exemplo, os sensores laser integrados com a nossa estrutura s\u00e3o utilizados para monitorizar as posi\u00e7\u00f5es e o alinhamento das m\u00e1quinas. Isto permite uma comunica\u00e7\u00e3o sem problemas entre a caixa do sensor e o sistema para uma efici\u00eancia operacional em tempo real.<\/li>\n<li><strong>Desempenho fi\u00e1vel em ambientes agressivos<\/strong><br \/>\nO inv\u00f3lucro de prote\u00e7\u00e3o para sensores laser \u00e9 constru\u00eddo para suportar condi\u00e7\u00f5es extremas. Evita interfer\u00eancias electromagn\u00e9ticas (EMI) e descargas electrost\u00e1ticas (ESD) que poderiam perturbar o desempenho do sensor. Quer se trate de cartografia exterior, explora\u00e7\u00e3o mineira ou constru\u00e7\u00e3o, este inv\u00f3lucro assegura que os sensores laser continuam a fornecer resultados precisos e consistentes, mesmo em ambientes dif\u00edceis.<\/li>\n<li><strong>Solu\u00e7\u00f5es personalizadas de sensores laser IP54 - adaptadas \u00e0s suas necessidades<\/strong><br \/>\nComo fabricante l\u00edder de sensores laser, oferecemos servi\u00e7os OEM e ODM para fornecer sensores laser personalizados que satisfazem as exig\u00eancias espec\u00edficas da sua ind\u00fastria. Desde a modifica\u00e7\u00e3o do tamanho da caixa at\u00e9 \u00e0 sua adapta\u00e7\u00e3o a condi\u00e7\u00f5es ambientais \u00fanicas, fornecemos solu\u00e7\u00f5es flex\u00edveis que garantem um desempenho \u00f3timo. Por exemplo, no fabrico de autom\u00f3veis, as nossas solu\u00e7\u00f5es de alojamento personalizadas para sensores laser ajudam a efetuar medi\u00e7\u00f5es precisas em linhas de montagem robotizadas, garantindo um posicionamento e alinhamento precisos.<\/li>\n<\/ol>\n<h3>Carater\u00edsticas principais<\/h3>\n<ul>\n<li><strong>Design compacto e duradouro:<\/strong> Com apenas 80x65x32,20 mm, o nosso sensor laser IP54 oferece uma prote\u00e7\u00e3o robusta para sensores laser num formato compacto, perfeito para aplica\u00e7\u00f5es industriais.<\/li>\n<li><strong>Desempenho de alta precis\u00e3o:<\/strong> Suporta uma gama de medi\u00e7\u00e3o de 3m a 1100m com uma precis\u00e3o de \u00b11m, assegurando um desempenho preciso e fi\u00e1vel para sensores laser em condi\u00e7\u00f5es exigentes.<\/li>\n<li><strong>Op\u00e7\u00f5es de comunica\u00e7\u00e3o vers\u00e1teis:<\/strong> Inclui interfaces TTL, RS485 e RS232 para uma transmiss\u00e3o de dados sem problemas e integra\u00e7\u00e3o com v\u00e1rios dispositivos.<\/li>\n<li><strong>Maior durabilidade:<\/strong> O inv\u00f3lucro do sensor laser tem classifica\u00e7\u00e3o IP, proporcionando prote\u00e7\u00e3o contra poeira, \u00e1gua e danos f\u00edsicos, garantindo que o seu sensor permanece operacional mesmo em ambientes dif\u00edceis.<\/li>\n<li><strong>Solu\u00e7\u00f5es personalizadas:<\/strong> Oferecemos servi\u00e7os OEM e ODM para criar caixas personalizadas adaptadas \u00e0s necessidades espec\u00edficas das suas aplica\u00e7\u00f5es industriais.<\/li>\n<\/ul>\n<h3>Casos de utiliza\u00e7\u00e3o no mundo real para o sensor laser IP54<\/h3>\n<ul>\n<li><strong>Automa\u00e7\u00e3o industrial:<\/strong> Em f\u00e1bricas automatizadas, os sensores laser protegidos pela nossa caixa de sensores s\u00e3o utilizados para o posicionamento e alinhamento de m\u00e1quinas. O inv\u00f3lucro assegura a prote\u00e7\u00e3o contra o p\u00f3, a humidade e as flutua\u00e7\u00f5es de temperatura, mantendo um desempenho fi\u00e1vel.<\/li>\n<li><strong>Rob\u00f3tica:<\/strong> Os sensores laser nas nossas caixas personalizadas ajudam os rob\u00f4s a navegar e a detetar objectos com precis\u00e3o, mesmo em condi\u00e7\u00f5es adversas. A caixa de prote\u00e7\u00e3o garante que o sensor laser continua a funcionar de forma eficiente, assegurando processos de automatiza\u00e7\u00e3o sem problemas.<\/li>\n<li><strong><a href=\"https:\/\/meskernel.net\/pt\/aplicacao\/surveying-and-geospatial-analysis\/\">Topografia e cartografia<\/a>:<\/strong> Os sensores laser s\u00e3o essenciais em aplica\u00e7\u00f5es de levantamento topogr\u00e1fico e o nosso inv\u00f3lucro para sensores oferece prote\u00e7\u00e3o contra os elementos, incluindo chuva, poeira e ventos fortes, garantindo a recolha cont\u00ednua de dados.<\/li>\n<li><strong>Explora\u00e7\u00e3o mineira e agricultura:<\/strong> Em ambientes dif\u00edceis como a explora\u00e7\u00e3o mineira ou a agricultura, os sensores laser alojados nos nossos inv\u00f3lucros duradouros s\u00e3o utilizados para medir volumes de stocks ou monitorizar o crescimento das plantas, proporcionando prote\u00e7\u00e3o contra a sujidade, humidade e temperaturas extremas.<\/li>\n<\/ul>\n<h3>Porque \u00e9 que os nossos clientes nos escolhem<\/h3>\n<p>Somos mais do que um simples fornecedor; somos o seu parceiro de confian\u00e7a no desenvolvimento de solu\u00e7\u00f5es personalizadas de sensores laser adaptadas \u00e0s necessidades espec\u00edficas da sua ind\u00fastria. Quer se trate de rob\u00f3tica, automa\u00e7\u00e3o industrial, topografia ou explora\u00e7\u00e3o mineira, fornecemos sensores laser de elevado desempenho que garantem um funcionamento preciso e fi\u00e1vel mesmo nos ambientes mais adversos. Os nossos servi\u00e7os OEM\/ODM flex\u00edveis garantem que cumprimos as suas especifica\u00e7\u00f5es exactas para solu\u00e7\u00f5es personalizadas.<\/p>\n<div class=\"ast-oembed-container\" style=\"height: 100%;\"><iframe title=\"Chengdu Meskernel Integrated Technology Co , Ltd\" width=\"500\" height=\"281\" src=\"https:\/\/www.youtube.com\/embed\/l3-XWIFqqic?feature=oembed\" frameborder=\"0\" allow=\"accelerometer; autoplay; clipboard-write; encrypted-media; gyroscope; picture-in-picture; web-share\" referrerpolicy=\"strict-origin-when-cross-origin\" allowfullscreen><\/iframe><\/div>\n<h3>Comece hoje a sua viagem personalizada do sensor laser IP54<\/h3>\n<p>N\u00e3o se contente com solu\u00e7\u00f5es prontas a usar. Escolha o nosso sensor laser IP54 e desfrute das vantagens de uma prote\u00e7\u00e3o personalizada concebida especificamente para a sua ind\u00fastria. Quer necessite de um sensor laser IP54 personalizado para ambientes extremos, medi\u00e7\u00f5es de elevada precis\u00e3o ou capacidades de longa dist\u00e2ncia, estamos aqui para o ajudar. Contacte-nos hoje para saber mais sobre os nossos servi\u00e7os OEM\/ODM e como podemos fornecer uma solu\u00e7\u00e3o que se adapte \u00e0s suas necessidades exclusivas.<\/p>","protected":false},"excerpt":{"rendered":"<p>Descubra o nosso dur\u00e1vel sensor laser IP54 concebido para uma prote\u00e7\u00e3o e desempenho ideais. Oferecendo solu\u00e7\u00f5es personalizadas, o nosso inv\u00f3lucro garante que os seus sensores laser se mant\u00eam a salvo de poeiras, \u00e1gua e danos f\u00edsicos em ambientes industriais adversos. Com medi\u00e7\u00f5es precisas e op\u00e7\u00f5es de comunica\u00e7\u00e3o vers\u00e1teis, \u00e9 a escolha perfeita para ind\u00fastrias como a automa\u00e7\u00e3o, rob\u00f3tica, topografia e muito mais. Explore os nossos servi\u00e7os OEM\/ODM hoje mesmo!<\/p>","protected":false},"featured_media":5981,"template":"","meta":{"site-sidebar-layout":"default","site-content-layout":"","ast-site-content-layout":"default","site-content-style":"default","site-sidebar-style":"default","ast-global-header-display":"","ast-banner-title-visibility":"","ast-main-header-display":"","ast-hfb-above-header-display":"","ast-hfb-below-header-display":"","ast-hfb-mobile-header-display":"","site-post-title":"","ast-breadcrumbs-content":"","ast-featured-img":"","footer-sml-layout":"","ast-disable-related-posts":"","theme-transparent-header-meta":"default","adv-header-id-meta":"","stick-header-meta":"","header-above-stick-meta":"","header-main-stick-meta":"","header-below-stick-meta":"","astra-migrate-meta-layouts":"set","ast-page-background-enabled":"default","ast-page-background-meta":{"desktop":{"background-color":"var(--ast-global-color-4)","background-image":"","background-repeat":"repeat","background-position":"center center","background-size":"auto","background-attachment":"scroll","background-type":"","background-media":"","overlay-type":"","overlay-color":"","overlay-opacity":"","overlay-gradient":""},"tablet":{"background-color":"","background-image":"","background-repeat":"repeat","background-position":"center center","background-size":"auto","background-attachment":"scroll","background-type":"","background-media":"","overlay-type":"","overlay-color":"","overlay-opacity":"","overlay-gradient":""},"mobile":{"background-color":"","background-image":"","background-repeat":"repeat","background-position":"center center","background-size":"auto","background-attachment":"scroll","background-type":"","background-media":"","overlay-type":"","overlay-color":"","overlay-opacity":"","overlay-gradient":""}},"ast-content-background-meta":{"desktop":{"background-color":"var(--ast-global-color-5)","background-image":"","background-repeat":"repeat","background-position":"center center","background-size":"auto","background-attachment":"scroll","background-type":"","background-media":"","overlay-type":"","overlay-color":"","overlay-opacity":"","overlay-gradient":""},"tablet":{"background-color":"var(--ast-global-color-5)","background-image":"","background-repeat":"repeat","background-position":"center center","background-size":"auto","background-attachment":"scroll","background-type":"","background-media":"","overlay-type":"","overlay-color":"","overlay-opacity":"","overlay-gradient":""},"mobile":{"background-color":"var(--ast-global-color-5)","background-image":"","background-repeat":"repeat","background-position":"center center","background-size":"auto","background-attachment":"scroll","background-type":"","background-media":"","overlay-type":"","overlay-color":"","overlay-opacity":"","overlay-gradient":""}}},"product_brand":[60],"product_cat":[33],"product_tag":[],"class_list":{"0":"post-2737","1":"product","2":"type-product","3":"status-publish","4":"has-post-thumbnail","6":"product_brand-meskernel","7":"product_cat-industrial-laser-distance-sensors","8":"desktop-align-center","9":"tablet-align-left","10":"mobile-align-left","12":"first","13":"instock","14":"shipping-taxable","15":"product-type-simple"},"_links":{"self":[{"href":"https:\/\/meskernel.net\/pt\/wp-json\/wp\/v2\/product\/2737","targetHints":{"allow":["GET"]}}],"collection":[{"href":"https:\/\/meskernel.net\/pt\/wp-json\/wp\/v2\/product"}],"about":[{"href":"https:\/\/meskernel.net\/pt\/wp-json\/wp\/v2\/types\/product"}],"version-history":[{"count":0,"href":"https:\/\/meskernel.net\/pt\/wp-json\/wp\/v2\/product\/2737\/revisions"}],"wp:featuredmedia":[{"embeddable":true,"href":"https:\/\/meskernel.net\/pt\/wp-json\/wp\/v2\/media\/5981"}],"wp:attachment":[{"href":"https:\/\/meskernel.net\/pt\/wp-json\/wp\/v2\/media?parent=2737"}],"wp:term":[{"taxonomy":"product_brand","embeddable":true,"href":"https:\/\/meskernel.net\/pt\/wp-json\/wp\/v2\/product_brand?post=2737"},{"taxonomy":"product_cat","embeddable":true,"href":"https:\/\/meskernel.net\/pt\/wp-json\/wp\/v2\/product_cat?post=2737"},{"taxonomy":"product_tag","embeddable":true,"href":"https:\/\/meskernel.net\/pt\/wp-json\/wp\/v2\/product_tag?post=2737"}],"curies":[{"name":"wp","href":"https:\/\/api.w.org\/{rel}","templated":true}]}}