{"id":2818,"date":"2024-11-28T15:04:19","date_gmt":"2024-11-28T07:04:19","guid":{"rendered":"https:\/\/meskernel.net\/?post_type=product&#038;p=2818"},"modified":"2025-07-03T13:44:02","modified_gmt":"2025-07-03T05:44:02","slug":"sensor-de-distancia-de-precisao","status":"publish","type":"product","link":"https:\/\/meskernel.net\/pt\/product\/precision-distance-sensor\/","title":{"rendered":"Sensor de dist\u00e2ncia de precis\u00e3o IP54 Interface de comunica\u00e7\u00e3o m\u00faltipla 100 metros"},"content":{"rendered":"<p>O nosso sensor de dist\u00e2ncia de precis\u00e3o foi concebido para fornecer medi\u00e7\u00f5es de dist\u00e2ncia precisas e fi\u00e1veis, tornando-o uma solu\u00e7\u00e3o ideal para v\u00e1rias aplica\u00e7\u00f5es industriais, cient\u00edficas e de automa\u00e7\u00e3o. Com a sua caixa de prote\u00e7\u00e3o industrial robusta, op\u00e7\u00f5es de comunica\u00e7\u00e3o flex\u00edveis e carater\u00edsticas personaliz\u00e1veis, este sensor assegura uma integra\u00e7\u00e3o perfeita em qualquer sistema. Como fabricante l\u00edder, oferecemos servi\u00e7os OEM e ODM para satisfazer as suas necessidades espec\u00edficas, desde ajustes de par\u00e2metros at\u00e9 \u00e0 personaliza\u00e7\u00e3o total do design.<\/p>\n<h3>Principais carater\u00edsticas do sensor de dist\u00e2ncia de precis\u00e3o<\/h3>\n<ul>\n<li><strong>Ampla gama de medi\u00e7\u00e3o: 0,03m a 200m<\/strong><\/li>\n<\/ul>\n<p style=\"padding-left: 40px;\">O sensor de dist\u00e2ncia de precis\u00e3o apresenta uma impressionante gama de medi\u00e7\u00e3o de 0,03 m a 100 m\/150 m\/200 m, proporcionando uma versatilidade excecional para medi\u00e7\u00f5es de dist\u00e2ncias de curto e longo alcance. Quer esteja a trabalhar em projectos de pequena escala ou em grandes aplica\u00e7\u00f5es industriais, este sensor pode adaptar-se \u00e0s suas necessidades, oferecendo uma precis\u00e3o consistente numa vasta gama de dist\u00e2ncias.<\/p>\n<ul>\n<li><strong>Exatid\u00e3o e precis\u00e3o excepcionais<\/strong><\/li>\n<\/ul>\n<p style=\"padding-left: 40px;\">Com uma precis\u00e3o de <strong>\u00b1<\/strong>(3mm + D \u00d7 (1\/10000)), em que D \u00e9 a dist\u00e2ncia medida, este sensor garante um desempenho de alta precis\u00e3o mesmo nos ambientes mais exigentes. A f\u00f3rmula permite medi\u00e7\u00f5es precisas com um erro m\u00ednimo, tornando-o adequado para aplica\u00e7\u00f5es em que cada mil\u00edmetro conta, tais como rob\u00f3tica, sistemas automatizados e topografia.<\/p>\n<ul>\n<li><strong>M\u00faltiplas interfaces de comunica\u00e7\u00e3o: TTL, RS485, RS232<\/strong><\/li>\n<\/ul>\n<p style=\"padding-left: 40px;\">Para uma f\u00e1cil integra\u00e7\u00e3o em qualquer sistema, o nosso sensor suporta interfaces de comunica\u00e7\u00e3o TTL, RS485 e RS232. Estas op\u00e7\u00f5es vers\u00e1teis tornam simples a liga\u00e7\u00e3o do sensor a uma grande variedade de equipamentos, quer esteja a utilizar microcontroladores, sistemas PLC ou outros dispositivos de controlo industrial. Esta flexibilidade garante que o sensor pode satisfazer as necessidades de conetividade do seu projeto espec\u00edfico.<\/p>\n<ul>\n<li><strong>Caixa de prote\u00e7\u00e3o industrial robusta<\/strong><\/li>\n<\/ul>\n<p style=\"padding-left: 40px;\">Concebido para resistir a condi\u00e7\u00f5es de trabalho dif\u00edceis, o sensor de dist\u00e2ncia de precis\u00e3o est\u00e1 alojado numa caixa de prote\u00e7\u00e3o industrial dur\u00e1vel (Tamanho:<strong> LDJ-P4 85,00 x 62,00 x 22,00mm<\/strong>). Este inv\u00f3lucro protetor protege o sensor do p\u00f3, da humidade e de danos mec\u00e2nicos, garantindo um desempenho fi\u00e1vel em ambientes adversos como f\u00e1bricas, estaleiros de constru\u00e7\u00e3o e campos exteriores.<\/p>\n<ul>\n<li><strong>Ampla gama de frequ\u00eancias: 3Hz a 20Hz<\/strong><\/li>\n<\/ul>\n<p style=\"padding-left: 40px;\">Funcionando numa gama de frequ\u00eancias de 3Hz a 20Hz, o sensor fornece aquisi\u00e7\u00e3o de dados em tempo real, tornando-o perfeito para aplica\u00e7\u00f5es din\u00e2micas e de ritmo acelerado. Quer esteja a utiliz\u00e1-lo para<strong> real-<\/strong>Se o sensor for utilizado para rastreio de objectos em tempo real, sistemas de posicionamento ou mapeamento de dist\u00e2ncias, pode fornecer resultados consistentes e precisos.<\/p>\n<ul>\n<li><strong>Instala\u00e7\u00e3o f\u00e1cil com par\u00e2metros personaliz\u00e1veis<\/strong><\/li>\n<\/ul>\n<p style=\"padding-left: 40px;\">O sensor de dist\u00e2ncia de precis\u00e3o foi concebido para uma instala\u00e7\u00e3o f\u00e1cil e uma configura\u00e7\u00e3o r\u00e1pida. Compreendemos que cada aplica\u00e7\u00e3o \u00e9 \u00fanica, pelo que oferecemos par\u00e2metros personaliz\u00e1veis para satisfazer as necessidades espec\u00edficas do projeto. Quer necessite de ajustar a gama de medi\u00e7\u00e3o, a precis\u00e3o ou outros par\u00e2metros de desempenho, podemos adaptar o sensor aos seus requisitos exactos. Al\u00e9m disso, como fabricante, fornecemos servi\u00e7os OEM e ODM, permitindo a personaliza\u00e7\u00e3o total do design e das carater\u00edsticas do sensor.<\/p>\n<h3>Porqu\u00ea escolher o nosso sensor de dist\u00e2ncia de precis\u00e3o?<\/h3>\n<p>Como fabricante de confian\u00e7a, oferecemos v\u00e1rias vantagens que nos distinguem:<\/p>\n<ul>\n<li><strong>Pre\u00e7os competitivos:<\/strong> Fornecemos sensores de alta qualidade a pre\u00e7os diretos de f\u00e1brica, garantindo que obt\u00e9m o melhor valor para o seu investimento.<\/li>\n<li><strong>Solu\u00e7\u00f5es personalizadas:<\/strong> As nossas capacidades OEM e ODM permitem-nos criar sensores com par\u00e2metros espec\u00edficos adaptados \u00e0s suas necessidades. Quer necessite de um tamanho de caixa personalizado, protocolos de comunica\u00e7\u00e3o especializados ou diferentes op\u00e7\u00f5es de gama, podemos conceber uma solu\u00e7\u00e3o que funcione na perfei\u00e7\u00e3o para a sua aplica\u00e7\u00e3o.<\/li>\n<li><strong>Servi\u00e7o e suporte fi\u00e1veis:<\/strong> Com uma equipa dedicada de especialistas, oferecemos apoio p\u00f3s-venda abrangente e orienta\u00e7\u00e3o durante todo o ciclo de vida do produto. Desde a assist\u00eancia \u00e0 instala\u00e7\u00e3o at\u00e9 ao apoio t\u00e9cnico cont\u00ednuo, estamos empenhados em garantir o seu sucesso.<\/li>\n<li><strong>Alta qualidade e durabilidade:<\/strong> Os nossos sensores de dist\u00e2ncia de precis\u00e3o s\u00e3o constru\u00eddos para durar, com uma constru\u00e7\u00e3o robusta e componentes de alta qualidade. Mantemos normas de controlo de qualidade rigorosas, garantindo que cada sensor cumpre os mais elevados padr\u00f5es de desempenho.<\/li>\n<\/ul>\n<h3>Aplica\u00e7\u00f5es do sensor de dist\u00e2ncia de precis\u00e3o:<\/h3>\n<p>O sensor de dist\u00e2ncia de precis\u00e3o \u00e9 perfeito para uma variedade de aplica\u00e7\u00f5es, incluindo:<\/p>\n<ul>\n<li><strong>Automa\u00e7\u00e3o industrial:<\/strong> Ideal para medi\u00e7\u00e3o precisa de dist\u00e2ncias, dete\u00e7\u00e3o de objectos e monitoriza\u00e7\u00e3o de posi\u00e7\u00f5es em sistemas automatizados.<\/li>\n<li><strong>Rob\u00f3tica e ve\u00edculos aut\u00f3nomos:<\/strong> Perfeito para evitar obst\u00e1culos, medir dist\u00e2ncias e navegar em rob\u00f3tica e sistemas aut\u00f3nomos.<\/li>\n<li><strong>Topografia e constru\u00e7\u00e3o:<\/strong> Medi\u00e7\u00f5es exactas para topografia, desenho de edif\u00edcios e mapeamento de locais de constru\u00e7\u00e3o.<\/li>\n<li><strong><a href=\"https:\/\/meskernel.net\/pt\/aplicacao\/controlo-ambiental\/\">Monitoriza\u00e7\u00e3o ambiental<\/a>:<\/strong> Utilizado para medir dist\u00e2ncias em ambientes exteriores, como a monitoriza\u00e7\u00e3o do crescimento de plantas, mapeamento de terrenos ou aplica\u00e7\u00f5es de levantamento topogr\u00e1fico.<\/li>\n<li><strong>Manuseamento de materiais e log\u00edstica:<\/strong> Eficiente na automatiza\u00e7\u00e3o de armaz\u00e9ns, sistemas de tapetes rolantes e gest\u00e3o de invent\u00e1rio em tempo real.<\/li>\n<\/ul>\n<p>O nosso sensor de dist\u00e2ncia de precis\u00e3o \u00e9 a escolha perfeita para quem procura uma solu\u00e7\u00e3o de medi\u00e7\u00e3o de dist\u00e2ncias acess\u00edvel e de elevado desempenho. Com a sua f\u00e1cil instala\u00e7\u00e3o, op\u00e7\u00f5es personaliz\u00e1veis e durabilidade de n\u00edvel industrial, proporciona a precis\u00e3o e fiabilidade necess\u00e1rias para aplica\u00e7\u00f5es exigentes. Como fabricante que oferece servi\u00e7os OEM e ODM, estamos empenhados em fornecer solu\u00e7\u00f5es personalizadas que se adaptam \u00e0s suas necessidades exclusivas. Contacte-nos hoje para saber como o podemos ajudar a integrar este vers\u00e1til sensor de dist\u00e2ncia de precis\u00e3o no seu projeto.<\/p>","protected":false},"excerpt":{"rendered":"<p>Procura um sensor de dist\u00e2ncia de precis\u00e3o personaliz\u00e1vel e de elevado desempenho? O nosso sensor oferece uma vasta gama de medi\u00e7\u00e3o (0,03 m a 200 m), uma precis\u00e3o excecional e v\u00e1rias interfaces de comunica\u00e7\u00e3o (TTL, RS485, RS232). Alojado numa caixa de prote\u00e7\u00e3o industrial robusta, \u00e9 perfeito para aplica\u00e7\u00f5es industriais, de rob\u00f3tica e de automa\u00e7\u00e3o. Oferecemos servi\u00e7os OEM e ODM, permitindo-lhe personalizar par\u00e2metros para as suas necessidades espec\u00edficas. Desfrute de pre\u00e7os diretos de f\u00e1brica, servi\u00e7o fi\u00e1vel e desempenho de alta qualidade.<\/p>","protected":false},"featured_media":2820,"template":"","meta":{"site-sidebar-layout":"default","site-content-layout":"","ast-site-content-layout":"default","site-content-style":"default","site-sidebar-style":"default","ast-global-header-display":"","ast-banner-title-visibility":"","ast-main-header-display":"","ast-hfb-above-header-display":"","ast-hfb-below-header-display":"","ast-hfb-mobile-header-display":"","site-post-title":"","ast-breadcrumbs-content":"","ast-featured-img":"","footer-sml-layout":"","ast-disable-related-posts":"","theme-transparent-header-meta":"default","adv-header-id-meta":"","stick-header-meta":"","header-above-stick-meta":"","header-main-stick-meta":"","header-below-stick-meta":"","astra-migrate-meta-layouts":"set","ast-page-background-enabled":"default","ast-page-background-meta":{"desktop":{"background-color":"var(--ast-global-color-4)","background-image":"","background-repeat":"repeat","background-position":"center center","background-size":"auto","background-attachment":"scroll","background-type":"","background-media":"","overlay-type":"","overlay-color":"","overlay-opacity":"","overlay-gradient":""},"tablet":{"background-color":"","background-image":"","background-repeat":"repeat","background-position":"center center","background-size":"auto","background-attachment":"scroll","background-type":"","background-media":"","overlay-type":"","overlay-color":"","overlay-opacity":"","overlay-gradient":""},"mobile":{"background-color":"","background-image":"","background-repeat":"repeat","background-position":"center center","background-size":"auto","background-attachment":"scroll","background-type":"","background-media":"","overlay-type":"","overlay-color":"","overlay-opacity":"","overlay-gradient":""}},"ast-content-background-meta":{"desktop":{"background-color":"var(--ast-global-color-5)","background-image":"","background-repeat":"repeat","background-position":"center center","background-size":"auto","background-attachment":"scroll","background-type":"","background-media":"","overlay-type":"","overlay-color":"","overlay-opacity":"","overlay-gradient":""},"tablet":{"background-color":"var(--ast-global-color-5)","background-image":"","background-repeat":"repeat","background-position":"center center","background-size":"auto","background-attachment":"scroll","background-type":"","background-media":"","overlay-type":"","overlay-color":"","overlay-opacity":"","overlay-gradient":""},"mobile":{"background-color":"var(--ast-global-color-5)","background-image":"","background-repeat":"repeat","background-position":"center center","background-size":"auto","background-attachment":"scroll","background-type":"","background-media":"","overlay-type":"","overlay-color":"","overlay-opacity":"","overlay-gradient":""}}},"product_brand":[60],"product_cat":[33],"product_tag":[],"class_list":{"0":"post-2818","1":"product","2":"type-product","3":"status-publish","4":"has-post-thumbnail","6":"product_brand-meskernel","7":"product_cat-industrial-laser-distance-sensors","8":"desktop-align-center","9":"tablet-align-left","10":"mobile-align-left","12":"first","13":"instock","14":"shipping-taxable","15":"product-type-simple"},"_links":{"self":[{"href":"https:\/\/meskernel.net\/pt\/wp-json\/wp\/v2\/product\/2818","targetHints":{"allow":["GET"]}}],"collection":[{"href":"https:\/\/meskernel.net\/pt\/wp-json\/wp\/v2\/product"}],"about":[{"href":"https:\/\/meskernel.net\/pt\/wp-json\/wp\/v2\/types\/product"}],"version-history":[{"count":0,"href":"https:\/\/meskernel.net\/pt\/wp-json\/wp\/v2\/product\/2818\/revisions"}],"wp:featuredmedia":[{"embeddable":true,"href":"https:\/\/meskernel.net\/pt\/wp-json\/wp\/v2\/media\/2820"}],"wp:attachment":[{"href":"https:\/\/meskernel.net\/pt\/wp-json\/wp\/v2\/media?parent=2818"}],"wp:term":[{"taxonomy":"product_brand","embeddable":true,"href":"https:\/\/meskernel.net\/pt\/wp-json\/wp\/v2\/product_brand?post=2818"},{"taxonomy":"product_cat","embeddable":true,"href":"https:\/\/meskernel.net\/pt\/wp-json\/wp\/v2\/product_cat?post=2818"},{"taxonomy":"product_tag","embeddable":true,"href":"https:\/\/meskernel.net\/pt\/wp-json\/wp\/v2\/product_tag?post=2818"}],"curies":[{"name":"wp","href":"https:\/\/api.w.org\/{rel}","templated":true}]}}