{"id":2824,"date":"2024-11-28T15:49:57","date_gmt":"2024-11-28T07:49:57","guid":{"rendered":"https:\/\/meskernel.net\/?post_type=product&#038;p=2824"},"modified":"2025-07-03T13:43:25","modified_gmt":"2025-07-03T05:43:25","slug":"sensores-de-medicao-de-distancias","status":"publish","type":"product","link":"https:\/\/meskernel.net\/pt\/product\/distance-measuring-sensors\/","title":{"rendered":"Sensores de medi\u00e7\u00e3o de dist\u00e2ncias IP67 LDK-P4 40m 10Hz"},"content":{"rendered":"<h3><strong> Sensores de medi\u00e7\u00e3o de dist\u00e2ncias de alta precis\u00e3o - precisos, dur\u00e1veis e personaliz\u00e1veis<\/strong><\/h3>\n<p>Os nossos sensores de medi\u00e7\u00e3o de dist\u00e2ncias oferecem um desempenho excecional para uma vasta gama de aplica\u00e7\u00f5es industriais, cient\u00edficas e exteriores. Constru\u00eddos com uma caixa de prote\u00e7\u00e3o industrial, m\u00faltiplas interfaces de comunica\u00e7\u00e3o e capacidades de medi\u00e7\u00e3o de elevada precis\u00e3o, estes sensores foram concebidos para uma integra\u00e7\u00e3o perfeita e um funcionamento fi\u00e1vel. Quer necessite de sensores para rob\u00f3tica, automa\u00e7\u00e3o ou levantamento topogr\u00e1fico, os nossos sensores de medi\u00e7\u00e3o de dist\u00e2ncias oferecem a flexibilidade, durabilidade e precis\u00e3o de que necessita. Al\u00e9m disso, oferecemos servi\u00e7os OEM e ODM para personalizar os sensores de acordo com os seus requisitos espec\u00edficos.<\/p>\n<h3>Principais carater\u00edsticas dos nossos sensores de medi\u00e7\u00e3o de dist\u00e2ncias<\/h3>\n<ul>\n<li><strong>Caixa de prote\u00e7\u00e3o industrial robusta para ambientes agressivos<\/strong><\/li>\n<\/ul>\n<p style=\"padding-left: 40px;\">Os nossos sensores de medi\u00e7\u00e3o de dist\u00e2ncias apresentam uma robusta estrutura met\u00e1lica em liga de alum\u00ednio (Tamanho: LDK-P4 75,00 x 47,00 x 21,05 mm), concebida para suportar at\u00e9 as condi\u00e7\u00f5es mais dif\u00edceis. As carater\u00edsticas \u00e0 prova de salpicos e de poeiras deste inv\u00f3lucro asseguram um funcionamento fi\u00e1vel em ambientes adversos, tais como estaleiros de constru\u00e7\u00e3o, f\u00e1bricas e locais exteriores. A classifica\u00e7\u00e3o de prote\u00e7\u00e3o IP (de acordo com a norma IEC 60529) garante que estes sensores s\u00e3o altamente resistentes \u00e0 entrada de \u00e1gua e poeiras, proporcionando uma prote\u00e7\u00e3o a longo prazo e um desempenho \u00f3timo em todas as condi\u00e7\u00f5es.<\/p>\n<ul>\n<li><strong>Ampla gama de medi\u00e7\u00e3o: 0,03m a 60m<\/strong><\/li>\n<\/ul>\n<p style=\"padding-left: 40px;\">Os nossos sensores de medi\u00e7\u00e3o de dist\u00e2ncias oferecem uma gama de medi\u00e7\u00e3o flex\u00edvel de 0,03 m a 40 m ou 0,03 m a 60 m, fornecendo leituras de dist\u00e2ncias precisas para aplica\u00e7\u00f5es de curto e m\u00e9dio alcance. Quer esteja a seguir objectos, a medir dist\u00e2ncias para automa\u00e7\u00e3o ou a pesquisar grandes \u00e1reas, estes sensores fornecem resultados precisos e consistentes para v\u00e1rios casos de utiliza\u00e7\u00e3o.<\/p>\n<ul>\n<li><strong>Medi\u00e7\u00e3o de dist\u00e2ncias de alta precis\u00e3o<\/strong><\/li>\n<\/ul>\n<p style=\"padding-left: 40px;\">O sensor de medi\u00e7\u00e3o de dist\u00e2ncias garante medi\u00e7\u00f5es de alta precis\u00e3o com uma exatid\u00e3o de <strong>\u00b1<\/strong>(3mm + D \u00d7 (1\/10000)), em que <strong>D<\/strong> \u00e9 a dist\u00e2ncia medida. Este n\u00edvel excecional de precis\u00e3o torna estes sensores perfeitos para rob\u00f3tica, monitoriza\u00e7\u00e3o de posi\u00e7\u00e3o e levantamento topogr\u00e1fico, onde cada mil\u00edmetro conta. A capacidade de confiar em leituras de dist\u00e2ncias exactas \u00e9 crucial para aplica\u00e7\u00f5es que requerem medi\u00e7\u00f5es precisas.<\/p>\n<ul>\n<li><strong>M\u00faltiplas interfaces de comunica\u00e7\u00e3o: TTL, RS485, RS232<\/strong><\/li>\n<\/ul>\n<p style=\"padding-left: 40px;\">Os nossos sensores de medi\u00e7\u00e3o de dist\u00e2ncias suportam uma variedade de interfaces de comunica\u00e7\u00e3o, incluindo TTL, RS485 e RS232, garantindo uma f\u00e1cil integra\u00e7\u00e3o nos sistemas existentes. Esta flexibilidade permite que o sensor se ligue sem problemas a microcontroladores, sistemas PLC e outros dispositivos de automa\u00e7\u00e3o industrial. Quer esteja a integrar o sensor num sistema de automa\u00e7\u00e3o complexo ou num dispositivo aut\u00f3nomo, \u00e9 f\u00e1cil adaptar o nosso sensor \u00e0 sua configura\u00e7\u00e3o.<\/p>\n<ul>\n<li><strong>Ampla gama de frequ\u00eancias: 3Hz a 10Hz<\/strong><\/li>\n<\/ul>\n<p style=\"padding-left: 40px;\">O sensor funciona numa gama de frequ\u00eancias de 3Hz a 10Hz, o que o torna ideal para aplica\u00e7\u00f5es de medi\u00e7\u00e3o em tempo real. Com esta gama, o sensor de medi\u00e7\u00e3o de dist\u00e2ncias \u00e9 capaz de lidar com sistemas din\u00e2micos e objectos em movimento r\u00e1pido, fornecendo dados cont\u00ednuos e precisos para o seguimento de objectos, posicionamento e mapeamento de dist\u00e2ncias.<\/p>\n<h3>Porqu\u00ea escolher os nossos sensores de medi\u00e7\u00e3o de dist\u00e2ncias?<\/h3>\n<ul>\n<li><strong>Constru\u00e7\u00e3o dur\u00e1vel e fi\u00e1vel<\/strong>: A caixa em liga de alum\u00ednio e a prote\u00e7\u00e3o com classifica\u00e7\u00e3o IP garantem que estes sensores podem suportar condi\u00e7\u00f5es extremas, incluindo humidade, poeira e impactos f\u00edsicos. Isto torna-os adequados para utiliza\u00e7\u00e3o no exterior e industrial.<\/li>\n<li><strong>Precis\u00e3o superior<\/strong>: Com <strong>\u00b1<\/strong>(3 mm + D \u00d7 (1\/10000)), estes sensores fornecem medi\u00e7\u00f5es precisas, garantindo dados fi\u00e1veis para aplica\u00e7\u00f5es de alta precis\u00e3o como rob\u00f3tica, automa\u00e7\u00e3o e topografia.<\/li>\n<li><strong>Op\u00e7\u00f5es de integra\u00e7\u00e3o flex\u00edveis<\/strong>: As interfaces TTL, RS485 e RS232 oferecem flexibilidade na integra\u00e7\u00e3o dos sensores com v\u00e1rios sistemas, desde microcontroladores a plataformas de automa\u00e7\u00e3o industrial.<\/li>\n<li><strong>Solu\u00e7\u00f5es personaliz\u00e1veis<\/strong>: Como fabricante, fornecemos servi\u00e7os OEM e ODM para adaptar os par\u00e2metros do sensor \u00e0s suas necessidades espec\u00edficas, quer necessite de uma gama de medi\u00e7\u00e3o diferente, de um protocolo de comunica\u00e7\u00e3o ou de outros ajustes.<\/li>\n<li><strong>Pre\u00e7os econ\u00f3micos<\/strong>: Ao comprar diretamente \u00e0 f\u00e1brica, beneficia de pre\u00e7os competitivos sem sacrificar a qualidade, o que faz dos nossos sensores uma solu\u00e7\u00e3o acess\u00edvel tanto para projectos de pequena como de grande escala.<\/li>\n<\/ul>\n<h3>Aplica\u00e7\u00f5es dos nossos sensores de medi\u00e7\u00e3o de dist\u00e2ncias<\/h3>\n<p>Os nossos sensores de medi\u00e7\u00e3o de dist\u00e2ncias s\u00e3o vers\u00e1teis e ideais para v\u00e1rias ind\u00fastrias, incluindo:<\/p>\n<ul>\n<li><strong>Automa\u00e7\u00e3o industrial<\/strong>: Para dete\u00e7\u00e3o precisa de objectos, monitoriza\u00e7\u00e3o da posi\u00e7\u00e3o e automatiza\u00e7\u00e3o em sistemas de fabrico, linhas de montagem e armaz\u00e9ns.<\/li>\n<li><strong>Rob\u00f3tica e ve\u00edculos aut\u00f3nomos<\/strong>: Essencial para a navega\u00e7\u00e3o em tempo real, a preven\u00e7\u00e3o de obst\u00e1culos e a medi\u00e7\u00e3o de dist\u00e2ncias em sistemas rob\u00f3ticos e ve\u00edculos aut\u00f3nomos.<\/li>\n<li><strong>Levantamento topogr\u00e1fico e cartogr\u00e1fico<\/strong>: Perfeito para levantamentos topogr\u00e1ficos, medi\u00e7\u00f5es de constru\u00e7\u00e3o e cartografia topogr\u00e1fica, onde a precis\u00e3o \u00e9 fundamental.<\/li>\n<li><a href=\"https:\/\/meskernel.net\/pt\/aplicacao\/controlo-ambiental\/\"><strong>Monitoriza\u00e7\u00e3o ambiental<\/strong><\/a>: Adequado para aplica\u00e7\u00f5es no exterior, como cartografia do terreno, monitoriza\u00e7\u00e3o agr\u00edcola e recolha de dados ambientais.<\/li>\n<li><strong>Manuseamento de materiais e log\u00edstica<\/strong>: Ideal para o seguimento em tempo real de objectos, gest\u00e3o de invent\u00e1rio e posicionamento em sistemas de log\u00edstica e de armaz\u00e9m.<\/li>\n<\/ul>\n<h3>Porque \u00e9 que os nossos clientes confiam nos nossos sensores de medi\u00e7\u00e3o de dist\u00e2ncias<\/h3>\n<ul>\n<li><strong>Alta durabilidade<\/strong>: A combina\u00e7\u00e3o de um inv\u00f3lucro em liga de alum\u00ednio e de uma prote\u00e7\u00e3o com classifica\u00e7\u00e3o IP garante que o sensor pode resistir a ambientes adversos, oferecendo um funcionamento fi\u00e1vel ano ap\u00f3s ano.<\/li>\n<li><strong>Precis\u00e3o em que pode confiar<\/strong>: Os nossos sensores de medi\u00e7\u00e3o da dist\u00e2ncia garantem medi\u00e7\u00f5es precisas, fornecendo dados exactos que satisfazem os mais elevados padr\u00f5es para utiliza\u00e7\u00e3o industrial e cient\u00edfica.<\/li>\n<li><strong>Integra\u00e7\u00e3o f\u00e1cil<\/strong>: Com m\u00faltiplas interfaces de comunica\u00e7\u00e3o como TTL, RS485 e RS232, os nossos sensores integram-se sem esfor\u00e7o nos sistemas existentes, reduzindo o tempo e a complexidade da instala\u00e7\u00e3o.<\/li>\n<li><strong>Adaptado \u00e0s suas necessidades<\/strong>: Oferecemos servi\u00e7os OEM e ODM para personalizar os seus sensores com base nas suas necessidades espec\u00edficas de aplica\u00e7\u00e3o, garantindo que o sensor cumpre os seus requisitos exactos.<\/li>\n<li><strong>Pre\u00e7os diretos da f\u00e1brica<\/strong>: Como fabricante, oferecemos pre\u00e7os competitivos, ajudando-o a poupar custos e a obter sensores de alta qualidade para os seus projectos.<\/li>\n<\/ul>\n<p><img fetchpriority=\"high\" decoding=\"async\" class=\"wp-image-3215 size-full\" title=\"Sensores de medi\u00e7\u00e3o de dist\u00e2ncias\" src=\"https:\/\/meskernel.net\/wp-content\/uploads\/2024\/11\/USB-Laser-Sensor-2.jpg\" alt=\"Sensores de medi\u00e7\u00e3o de dist\u00e2ncias\" width=\"1400\" height=\"300\" srcset=\"https:\/\/meskernel.net\/wp-content\/uploads\/2024\/11\/USB-Laser-Sensor-2.jpg 1400w, https:\/\/meskernel.net\/wp-content\/uploads\/2024\/11\/USB-Laser-Sensor-2-300x64.jpg 300w, https:\/\/meskernel.net\/wp-content\/uploads\/2024\/11\/USB-Laser-Sensor-2-1024x219.jpg 1024w, https:\/\/meskernel.net\/wp-content\/uploads\/2024\/11\/USB-Laser-Sensor-2-768x165.jpg 768w, https:\/\/meskernel.net\/wp-content\/uploads\/2024\/11\/USB-Laser-Sensor-2-400x86.jpg 400w\" sizes=\"(max-width: 1400px) 100vw, 1400px\" \/><\/p>\n<p>Os nossos sensores de medi\u00e7\u00e3o de dist\u00e2ncias a laser proporcionam a combina\u00e7\u00e3o perfeita de durabilidade, precis\u00e3o e flexibilidade para uma vasta gama de aplica\u00e7\u00f5es. Quer necessite de sensores para automa\u00e7\u00e3o industrial, rob\u00f3tica ou levantamento topogr\u00e1fico, os nossos produtos oferecem um desempenho fi\u00e1vel mesmo nas condi\u00e7\u00f5es mais adversas. Com servi\u00e7os de personaliza\u00e7\u00e3o OEM e ODM dispon\u00edveis, podemos adaptar o sensor aos seus requisitos espec\u00edficos. Contacte-nos hoje para saber como os nossos sensores de medi\u00e7\u00e3o de dist\u00e2ncias podem ajudar a otimizar as suas opera\u00e7\u00f5es com precis\u00e3o, durabilidade e rentabilidade.<\/p>","protected":false},"excerpt":{"rendered":"<p>Descubra os sensores de medi\u00e7\u00e3o de dist\u00e2ncias de alta precis\u00e3o concebidos para aplica\u00e7\u00f5es industriais, rob\u00f3ticas e exteriores. Oferecendo medi\u00e7\u00f5es precisas (\u00b13mm + D \u00d7 1\/10000), um inv\u00f3lucro de prote\u00e7\u00e3o robusto com classifica\u00e7\u00e3o IP e interfaces TTL\/RS485\/RS232 flex\u00edveis, estes sensores s\u00e3o perfeitos para ambientes adversos. Com op\u00e7\u00f5es de personaliza\u00e7\u00e3o OEM e ODM dispon\u00edveis, pode adaptar o sensor \u00e0s suas necessidades. Beneficie de pre\u00e7os diretos da f\u00e1brica e de um desempenho fi\u00e1vel em automa\u00e7\u00e3o, topografia e muito mais.<\/p>","protected":false},"featured_media":2825,"template":"","meta":{"site-sidebar-layout":"default","site-content-layout":"","ast-site-content-layout":"default","site-content-style":"default","site-sidebar-style":"default","ast-global-header-display":"","ast-banner-title-visibility":"","ast-main-header-display":"","ast-hfb-above-header-display":"","ast-hfb-below-header-display":"","ast-hfb-mobile-header-display":"","site-post-title":"","ast-breadcrumbs-content":"","ast-featured-img":"","footer-sml-layout":"","ast-disable-related-posts":"","theme-transparent-header-meta":"default","adv-header-id-meta":"","stick-header-meta":"","header-above-stick-meta":"","header-main-stick-meta":"","header-below-stick-meta":"","astra-migrate-meta-layouts":"set","ast-page-background-enabled":"default","ast-page-background-meta":{"desktop":{"background-color":"var(--ast-global-color-4)","background-image":"","background-repeat":"repeat","background-position":"center center","background-size":"auto","background-attachment":"scroll","background-type":"","background-media":"","overlay-type":"","overlay-color":"","overlay-opacity":"","overlay-gradient":""},"tablet":{"background-color":"","background-image":"","background-repeat":"repeat","background-position":"center center","background-size":"auto","background-attachment":"scroll","background-type":"","background-media":"","overlay-type":"","overlay-color":"","overlay-opacity":"","overlay-gradient":""},"mobile":{"background-color":"","background-image":"","background-repeat":"repeat","background-position":"center center","background-size":"auto","background-attachment":"scroll","background-type":"","background-media":"","overlay-type":"","overlay-color":"","overlay-opacity":"","overlay-gradient":""}},"ast-content-background-meta":{"desktop":{"background-color":"var(--ast-global-color-5)","background-image":"","background-repeat":"repeat","background-position":"center center","background-size":"auto","background-attachment":"scroll","background-type":"","background-media":"","overlay-type":"","overlay-color":"","overlay-opacity":"","overlay-gradient":""},"tablet":{"background-color":"var(--ast-global-color-5)","background-image":"","background-repeat":"repeat","background-position":"center center","background-size":"auto","background-attachment":"scroll","background-type":"","background-media":"","overlay-type":"","overlay-color":"","overlay-opacity":"","overlay-gradient":""},"mobile":{"background-color":"var(--ast-global-color-5)","background-image":"","background-repeat":"repeat","background-position":"center center","background-size":"auto","background-attachment":"scroll","background-type":"","background-media":"","overlay-type":"","overlay-color":"","overlay-opacity":"","overlay-gradient":""}}},"product_brand":[60],"product_cat":[33],"product_tag":[],"class_list":{"0":"post-2824","1":"product","2":"type-product","3":"status-publish","4":"has-post-thumbnail","6":"product_brand-meskernel","7":"product_cat-industrial-laser-distance-sensors","8":"desktop-align-center","9":"tablet-align-left","10":"mobile-align-left","12":"first","13":"instock","14":"shipping-taxable","15":"product-type-simple"},"_links":{"self":[{"href":"https:\/\/meskernel.net\/pt\/wp-json\/wp\/v2\/product\/2824","targetHints":{"allow":["GET"]}}],"collection":[{"href":"https:\/\/meskernel.net\/pt\/wp-json\/wp\/v2\/product"}],"about":[{"href":"https:\/\/meskernel.net\/pt\/wp-json\/wp\/v2\/types\/product"}],"version-history":[{"count":0,"href":"https:\/\/meskernel.net\/pt\/wp-json\/wp\/v2\/product\/2824\/revisions"}],"wp:featuredmedia":[{"embeddable":true,"href":"https:\/\/meskernel.net\/pt\/wp-json\/wp\/v2\/media\/2825"}],"wp:attachment":[{"href":"https:\/\/meskernel.net\/pt\/wp-json\/wp\/v2\/media?parent=2824"}],"wp:term":[{"taxonomy":"product_brand","embeddable":true,"href":"https:\/\/meskernel.net\/pt\/wp-json\/wp\/v2\/product_brand?post=2824"},{"taxonomy":"product_cat","embeddable":true,"href":"https:\/\/meskernel.net\/pt\/wp-json\/wp\/v2\/product_cat?post=2824"},{"taxonomy":"product_tag","embeddable":true,"href":"https:\/\/meskernel.net\/pt\/wp-json\/wp\/v2\/product_tag?post=2824"}],"curies":[{"name":"wp","href":"https:\/\/api.w.org\/{rel}","templated":true}]}}