{"id":2829,"date":"2024-11-28T16:38:31","date_gmt":"2024-11-28T08:38:31","guid":{"rendered":"https:\/\/meskernel.net\/?post_type=product&#038;p=2829"},"modified":"2025-07-03T13:42:49","modified_gmt":"2025-07-03T05:42:49","slug":"sensor-de-distancia-itof","status":"publish","type":"product","link":"https:\/\/meskernel.net\/pt\/product\/itof-distance-sensor\/","title":{"rendered":"Sensor de dist\u00e2ncia ITOF 20m: Melhorar a precis\u00e3o e a efici\u00eancia para a Ind\u00fastria 4.0"},"content":{"rendered":"<h3>Sensores de dist\u00e2ncia ITOF: A solu\u00e7\u00e3o ideal para aplica\u00e7\u00f5es industriais de alta precis\u00e3o<\/h3>\n<p>No cen\u00e1rio industrial acelerado de hoje, onde a automa\u00e7\u00e3o, a rob\u00f3tica e a Internet das Coisas (IoT) est\u00e3o a remodelar as opera\u00e7\u00f5es, a medi\u00e7\u00e3o de dist\u00e2ncias precisa e fi\u00e1vel \u00e9 mais cr\u00edtica do que nunca. Os sensores de dist\u00e2ncia ITOF (Indirect Time-of-Flight) oferecem a solu\u00e7\u00e3o ideal, combinando precis\u00e3o, velocidade e durabilidade para satisfazer as exig\u00eancias das ind\u00fastrias modernas. Quer esteja envolvido em rob\u00f3tica, log\u00edstica, fabrico inteligente ou aplica\u00e7\u00f5es no exterior, estes sensores integram-se perfeitamente nas opera\u00e7\u00f5es, fornecendo dados consistentes e em tempo real - mesmo em ambientes adversos.<\/p>\n<p>\u00c0 medida que as ind\u00fastrias adoptam cada vez mais a automa\u00e7\u00e3o, as tecnologias orientadas para a IA e a IoT, os sensores de dist\u00e2ncia ITOF tornaram-se ferramentas indispens\u00e1veis para otimizar a efici\u00eancia, melhorar a seguran\u00e7a e permitir opera\u00e7\u00f5es mais inteligentes. Vamos dar uma olhada mais de perto nos principais recursos, nas aplica\u00e7\u00f5es do mundo real e em como os sensores de dist\u00e2ncia ITOF est\u00e3o transformando o setor industrial.<\/p>\n<h3>Principais carater\u00edsticas dos sensores de dist\u00e2ncia ITOF<\/h3>\n<ol>\n<li><strong>Alta precis\u00e3o e ampla gama de medi\u00e7\u00e3o<\/strong> Os sensores de dist\u00e2ncia ITOF oferecem uma precis\u00e3o impressionante numa vasta gama de medi\u00e7\u00e3o, desde 0,03 metros at\u00e9 mais de 40 metros. Estes sensores alcan\u00e7am uma elevada precis\u00e3o, muitas vezes <em>\u00b1(3mm + D(1\/10000))<\/em>, O sistema de controlo de qualidade \u00e9 um sistema de controlo de qualidade que garante que at\u00e9 as mais pequenas varia\u00e7\u00f5es s\u00e3o detectadas e tidas em conta. Em ind\u00fastrias onde at\u00e9 um pequeno erro pode causar inefici\u00eancia ou riscos de seguran\u00e7a, esta precis\u00e3o \u00e9 essencial. Com a sua capacidade de fornecer uma precis\u00e3o consistente em dist\u00e2ncias vari\u00e1veis, estes sensores s\u00e3o perfeitamente adequados para sistemas de automa\u00e7\u00e3o complexos e plataformas ligadas \u00e0 IoT, onde as medi\u00e7\u00f5es precisas s\u00e3o fundamentais para manter as opera\u00e7\u00f5es ideais.<\/li>\n<li><strong>Recolha de dados r\u00e1pida e em tempo real (3-20Hz)<\/strong> Uma das carater\u00edsticas de destaque dos sensores de dist\u00e2ncia ITOF \u00e9 a sua elevada taxa de captura de dados, que normalmente varia entre 3 e 20Hz. Esta r\u00e1pida recolha de dados permite um feedback em tempo real, tornando estes sensores ideais para aplica\u00e7\u00f5es em automa\u00e7\u00e3o de processos rob\u00f3ticos (RPA), gest\u00e3o de invent\u00e1rio, controlo de qualidade e sistemas de inspe\u00e7\u00e3o automatizados. \u00c0 medida que as ind\u00fastrias dependem mais de dados em tempo real para impulsionar processos orientados por IA e fabrico inteligente, os sensores ITOF desempenham um papel crucial no fornecimento de informa\u00e7\u00f5es r\u00e1pidas e de alta qualidade necess\u00e1rias para manter os sistemas a funcionar sem problemas e adaptar-se a condi\u00e7\u00f5es din\u00e2micas.<\/li>\n<li><strong>Design dur\u00e1vel e robusto para ambientes agressivos<\/strong> Os ambientes industriais podem ser dif\u00edceis para o equipamento. Os sensores de dist\u00e2ncia ITOF s\u00e3o constru\u00eddos com materiais robustos e dur\u00e1veis, como a liga de alum\u00ednio, para resistir a choques, vibra\u00e7\u00f5es e temperaturas extremas. Para as ind\u00fastrias que lidam com a exposi\u00e7\u00e3o constante a condi\u00e7\u00f5es adversas - como a constru\u00e7\u00e3o, a log\u00edstica e as opera\u00e7\u00f5es no exterior - os sensores ITOF oferecem a robustez e a durabilidade necess\u00e1rias para uma recolha de dados ininterrupta e de elevado desempenho.<\/li>\n<li><strong>Prote\u00e7\u00e3o IP para resist\u00eancia \u00e0 poeira e \u00e0 \u00e1gua<\/strong> Os sensores de dist\u00e2ncia ITOF s\u00e3o fornecidos com elevada prote\u00e7\u00e3o IP contra poeiras e \u00e1gua, cumprindo a norma IEC 60529. Isto torna-os adequados para ambientes onde a humidade, o p\u00f3 ou os detritos s\u00e3o comuns, como a agricultura, a explora\u00e7\u00e3o mineira e a constru\u00e7\u00e3o. Quer trabalhem em campos encharcados de chuva ou em ch\u00e3o de f\u00e1brica poeirento, estes sensores continuam a funcionar de forma fi\u00e1vel, assegurando que as medi\u00e7\u00f5es cr\u00edticas n\u00e3o s\u00e3o interrompidas por factores ambientais. Para as ind\u00fastrias que necessitam de equipamento que possa funcionar de forma fi\u00e1vel em condi\u00e7\u00f5es exteriores dif\u00edceis, os sensores ITOF oferecem a prote\u00e7\u00e3o e a durabilidade necess\u00e1rias para assegurar um desempenho cont\u00ednuo.<\/li>\n<li><strong>Interfaces de comunica\u00e7\u00e3o flex\u00edveis para uma integra\u00e7\u00e3o f\u00e1cil<\/strong> Os sensores de dist\u00e2ncia ITOF suportam uma vasta gama de interfaces de comunica\u00e7\u00e3o, incluindo TTL, RS485 e RS232. Esta flexibilidade garante uma integra\u00e7\u00e3o perfeita com os sistemas existentes, quer se trate de aplica\u00e7\u00f5es rob\u00f3ticas, linhas de produ\u00e7\u00e3o automatizadas ou plataformas activadas por IoT. Com a capacidade de se ligarem facilmente a diferentes dispositivos e redes, estes sensores asseguram um fluxo de dados suave, melhorando a efici\u00eancia do sistema e reduzindo a complexidade da integra\u00e7\u00e3o. Num mundo cada vez mais interligado, a capacidade de integrar sensores numa variedade de sistemas \u00e9 essencial. Os sensores ITOF proporcionam a versatilidade necess\u00e1ria para suportar uma vasta gama de aplica\u00e7\u00f5es industriais, desde a produ\u00e7\u00e3o automatizada at\u00e9 \u00e0s redes de dete\u00e7\u00e3o remota.<\/li>\n<\/ol>\n<div class=\"ast-oembed-container\" style=\"height: 100%;\"><iframe title=\"Chengdu Meskernel Integrated Technology Co , Ltd\" width=\"500\" height=\"281\" src=\"https:\/\/www.youtube.com\/embed\/l3-XWIFqqic?feature=oembed\" frameborder=\"0\" allow=\"accelerometer; autoplay; clipboard-write; encrypted-media; gyroscope; picture-in-picture; web-share\" referrerpolicy=\"strict-origin-when-cross-origin\" allowfullscreen><\/iframe><\/div>\n<h3>Porqu\u00ea escolher os sensores de dist\u00e2ncia ITOF?<\/h3>\n<ol>\n<li><strong>Permitir uma automatiza\u00e7\u00e3o mais inteligente e a integra\u00e7\u00e3o da IA<\/strong> O aumento das f\u00e1bricas inteligentes e da automa\u00e7\u00e3o alimentada por IA tornou os dados precisos e em tempo real essenciais para uma tomada de decis\u00e3o eficaz. Os sensores de dist\u00e2ncia ITOF s\u00e3o os principais facilitadores da integra\u00e7\u00e3o da IA, fornecendo as medi\u00e7\u00f5es fi\u00e1veis necess\u00e1rias para alimentar algoritmos de aprendizagem autom\u00e1tica, ferramentas de manuten\u00e7\u00e3o preditiva e sistemas de IA. \u00c0 medida que as ind\u00fastrias adotam a IA e a aprendizagem autom\u00e1tica para otimizar os fluxos de trabalho, os sensores de dist\u00e2ncia ITOF garantem a precis\u00e3o e a velocidade necess\u00e1rias para melhorar as opera\u00e7\u00f5es e impulsionar a inova\u00e7\u00e3o.<\/li>\n<li><strong>Otimiza\u00e7\u00e3o de sistemas de rob\u00f3tica e IoT<\/strong> A rob\u00f3tica e as tecnologias IoT est\u00e3o a transformar ind\u00fastrias como a log\u00edstica, o fabrico e a agricultura, criando uma necessidade cada vez maior de sensores fi\u00e1veis e de elevado desempenho. Os sensores de dist\u00e2ncia ITOF s\u00e3o ideais para aplica\u00e7\u00f5es como a navega\u00e7\u00e3o rob\u00f3tica, a dete\u00e7\u00e3o de objectos e a gest\u00e3o din\u00e2mica de tarefas. Al\u00e9m disso, a sua compatibilidade com os sistemas IoT facilita a sua integra\u00e7\u00e3o em redes baseadas na nuvem para monitoriza\u00e7\u00e3o remota, an\u00e1lise de dados e otimiza\u00e7\u00e3o cont\u00ednua do sistema. Isto faz dos sensores ITOF um componente essencial no crescente mundo dos dispositivos inteligentes e conectados.<\/li>\n<li><strong>Garantir a seguran\u00e7a e a precis\u00e3o em aplica\u00e7\u00f5es cr\u00edticas<\/strong> Nas ind\u00fastrias em que a seguran\u00e7a \u00e9 uma prioridade m\u00e1xima - como a dos ve\u00edculos aut\u00f3nomos, rob\u00f3tica e constru\u00e7\u00e3o - qualquer erro na medi\u00e7\u00e3o de dist\u00e2ncias pode ter consequ\u00eancias graves. Os sensores de dist\u00e2ncia ITOF fornecem a precis\u00e3o e fiabilidade necess\u00e1rias para garantir que estes sistemas funcionam em seguran\u00e7a, reduzindo o risco de acidentes e erros dispendiosos. As suas capacidades de medi\u00e7\u00e3o em tempo real ajudam a garantir que as opera\u00e7\u00f5es s\u00e3o realizadas sem problemas, com um risco m\u00ednimo de erro. Para aplica\u00e7\u00f5es em que tanto a seguran\u00e7a como a precis\u00e3o s\u00e3o cr\u00edticas, os sensores de dist\u00e2ncia ITOF oferecem a confian\u00e7a de que os sistemas funcionar\u00e3o como pretendido, aumentando a seguran\u00e7a e a produtividade numa vasta gama de ind\u00fastrias.<\/li>\n<\/ol>\n<h3>Aplica\u00e7\u00f5es pr\u00e1ticas dos sensores de dist\u00e2ncia ITOF<\/h3>\n<p>Os sensores de dist\u00e2ncia ITOF s\u00e3o vers\u00e1teis e podem ser utilizados numa vasta gama de aplica\u00e7\u00f5es industriais, incluindo:<\/p>\n<ul>\n<li><strong>Rob\u00f3tica e Automa\u00e7\u00e3o:<\/strong> Os sensores ITOF s\u00e3o ideais para navega\u00e7\u00e3o rob\u00f3tica, preven\u00e7\u00e3o de colis\u00f5es e dete\u00e7\u00e3o de objectos, tanto em interiores como em exteriores. Com a sua r\u00e1pida recolha de dados e precis\u00e3o, s\u00e3o parte integrante dos sistemas rob\u00f3ticos orientados para a IA.<\/li>\n<li><strong>Fabrico inteligente:<\/strong> Em linhas de produ\u00e7\u00e3o automatizadas, os sensores ITOF melhoram a monitoriza\u00e7\u00e3o em tempo real, o controlo de qualidade e a otimiza\u00e7\u00e3o do sistema. Quando integrados com sistemas de vis\u00e3o artificial, estes sensores ajudam os fabricantes a melhorar a precis\u00e3o do processo e a reduzir o tempo de inatividade.<\/li>\n<li><strong><a href=\"https:\/\/meskernel.net\/pt\/aplicacao\/logistics-warehousing\/\">Log\u00edstica e armazenamento<\/a>:<\/strong> Os sensores de dist\u00e2ncia ITOF s\u00e3o fundamentais para automatizar o controlo de invent\u00e1rio, a classifica\u00e7\u00e3o e o manuseamento de materiais em armaz\u00e9ns. Ajudam a otimizar as opera\u00e7\u00f5es de armaz\u00e9m e a melhorar a gest\u00e3o da cadeia de fornecimento, fornecendo medi\u00e7\u00f5es r\u00e1pidas e fi\u00e1veis.<\/li>\n<li><strong>Constru\u00e7\u00e3o e topografia:<\/strong> Para aplica\u00e7\u00f5es como mapeamento de locais, medi\u00e7\u00e3o de dist\u00e2ncias e monitoriza\u00e7\u00e3o de seguran\u00e7a, os sensores ITOF fornecem dados precisos e fi\u00e1veis mesmo nas condi\u00e7\u00f5es mais dif\u00edceis.<\/li>\n<li><strong>Monitoriza\u00e7\u00e3o exterior e ambiental:<\/strong> Os sensores ITOF destacam-se na agricultura, esta\u00e7\u00f5es meteorol\u00f3gicas e investiga\u00e7\u00e3o ambiental, proporcionando um desempenho robusto e fi\u00e1vel, mesmo em ambientes exteriores adversos.<\/li>\n<\/ul>\n<h3>Medi\u00e7\u00e3o de precis\u00e3o para o futuro<\/h3>\n<p>Os sensores de dist\u00e2ncia ITOF oferecem \u00e0s ind\u00fastrias a precis\u00e3o, a velocidade e a durabilidade necess\u00e1rias para se manterem competitivas no atual panorama industrial em r\u00e1pida evolu\u00e7\u00e3o. Com elevada precis\u00e3o, r\u00e1pida recolha de dados e fiabilidade robusta, estes sensores s\u00e3o inestim\u00e1veis para aplica\u00e7\u00f5es que v\u00e3o desde a rob\u00f3tica e o fabrico inteligente at\u00e9 \u00e0 monitoriza\u00e7\u00e3o ambiental.<\/p>\n<p>Ao incorporar sensores de dist\u00e2ncia ITOF nas suas opera\u00e7\u00f5es, pode garantir que os seus sistemas oferecem o desempenho, a efici\u00eancia e a fiabilidade necess\u00e1rios para ter sucesso no mundo industrial moderno. Com a sua capacidade de lidar com os desafios das ind\u00fastrias do futuro, os sensores de dist\u00e2ncia ITOF s\u00e3o uma solu\u00e7\u00e3o \u00e0 prova de futuro para as empresas que procuram manter-se na vanguarda num mundo cada vez mais automatizado e ligado.<\/p>","protected":false},"excerpt":{"rendered":"<p>O sensor de dist\u00e2ncia ITOF oferece alta precis\u00e3o, resposta r\u00e1pida e durabilidade, tornando-o ideal para aplica\u00e7\u00f5es industriais em automa\u00e7\u00e3o, rob\u00f3tica, log\u00edstica e fabrico inteligente. Com uma vasta gama de medi\u00e7\u00e3o, recolha de dados em tempo real e design robusto, este sensor proporciona um desempenho fi\u00e1vel em ambientes adversos, ajudando as empresas a otimizar processos, melhorar a efici\u00eancia e garantir a seguran\u00e7a.<\/p>","protected":false},"featured_media":2833,"template":"","meta":{"site-sidebar-layout":"default","site-content-layout":"","ast-site-content-layout":"default","site-content-style":"default","site-sidebar-style":"default","ast-global-header-display":"","ast-banner-title-visibility":"","ast-main-header-display":"","ast-hfb-above-header-display":"","ast-hfb-below-header-display":"","ast-hfb-mobile-header-display":"","site-post-title":"","ast-breadcrumbs-content":"","ast-featured-img":"","footer-sml-layout":"","ast-disable-related-posts":"","theme-transparent-header-meta":"default","adv-header-id-meta":"","stick-header-meta":"","header-above-stick-meta":"","header-main-stick-meta":"","header-below-stick-meta":"","astra-migrate-meta-layouts":"set","ast-page-background-enabled":"default","ast-page-background-meta":{"desktop":{"background-color":"var(--ast-global-color-4)","background-image":"","background-repeat":"repeat","background-position":"center center","background-size":"auto","background-attachment":"scroll","background-type":"","background-media":"","overlay-type":"","overlay-color":"","overlay-opacity":"","overlay-gradient":""},"tablet":{"background-color":"","background-image":"","background-repeat":"repeat","background-position":"center center","background-size":"auto","background-attachment":"scroll","background-type":"","background-media":"","overlay-type":"","overlay-color":"","overlay-opacity":"","overlay-gradient":""},"mobile":{"background-color":"","background-image":"","background-repeat":"repeat","background-position":"center center","background-size":"auto","background-attachment":"scroll","background-type":"","background-media":"","overlay-type":"","overlay-color":"","overlay-opacity":"","overlay-gradient":""}},"ast-content-background-meta":{"desktop":{"background-color":"var(--ast-global-color-5)","background-image":"","background-repeat":"repeat","background-position":"center center","background-size":"auto","background-attachment":"scroll","background-type":"","background-media":"","overlay-type":"","overlay-color":"","overlay-opacity":"","overlay-gradient":""},"tablet":{"background-color":"var(--ast-global-color-5)","background-image":"","background-repeat":"repeat","background-position":"center center","background-size":"auto","background-attachment":"scroll","background-type":"","background-media":"","overlay-type":"","overlay-color":"","overlay-opacity":"","overlay-gradient":""},"mobile":{"background-color":"var(--ast-global-color-5)","background-image":"","background-repeat":"repeat","background-position":"center center","background-size":"auto","background-attachment":"scroll","background-type":"","background-media":"","overlay-type":"","overlay-color":"","overlay-opacity":"","overlay-gradient":""}}},"product_brand":[60],"product_cat":[33],"product_tag":[],"class_list":{"0":"post-2829","1":"product","2":"type-product","3":"status-publish","4":"has-post-thumbnail","6":"product_brand-meskernel","7":"product_cat-industrial-laser-distance-sensors","8":"desktop-align-center","9":"tablet-align-left","10":"mobile-align-left","12":"first","13":"instock","14":"shipping-taxable","15":"product-type-simple"},"_links":{"self":[{"href":"https:\/\/meskernel.net\/pt\/wp-json\/wp\/v2\/product\/2829","targetHints":{"allow":["GET"]}}],"collection":[{"href":"https:\/\/meskernel.net\/pt\/wp-json\/wp\/v2\/product"}],"about":[{"href":"https:\/\/meskernel.net\/pt\/wp-json\/wp\/v2\/types\/product"}],"version-history":[{"count":0,"href":"https:\/\/meskernel.net\/pt\/wp-json\/wp\/v2\/product\/2829\/revisions"}],"wp:featuredmedia":[{"embeddable":true,"href":"https:\/\/meskernel.net\/pt\/wp-json\/wp\/v2\/media\/2833"}],"wp:attachment":[{"href":"https:\/\/meskernel.net\/pt\/wp-json\/wp\/v2\/media?parent=2829"}],"wp:term":[{"taxonomy":"product_brand","embeddable":true,"href":"https:\/\/meskernel.net\/pt\/wp-json\/wp\/v2\/product_brand?post=2829"},{"taxonomy":"product_cat","embeddable":true,"href":"https:\/\/meskernel.net\/pt\/wp-json\/wp\/v2\/product_cat?post=2829"},{"taxonomy":"product_tag","embeddable":true,"href":"https:\/\/meskernel.net\/pt\/wp-json\/wp\/v2\/product_tag?post=2829"}],"curies":[{"name":"wp","href":"https:\/\/api.w.org\/{rel}","templated":true}]}}