{"id":3018,"date":"2024-12-06T15:54:12","date_gmt":"2024-12-06T07:54:12","guid":{"rendered":"https:\/\/meskernel.net\/?post_type=product&#038;p=3018"},"modified":"2025-07-03T13:40:58","modified_gmt":"2025-07-03T05:40:58","slug":"sensor-de-medicao","status":"publish","type":"product","link":"https:\/\/meskernel.net\/pt\/product\/measurement-sensor\/","title":{"rendered":"Sensor de medi\u00e7\u00e3o a laser de 400 Hz de f\u00e1cil integra\u00e7\u00e3o"},"content":{"rendered":"<p><strong style=\"font-size: 1.5em;\">Sensor de medi\u00e7\u00e3o para uma medi\u00e7\u00e3o fi\u00e1vel da dist\u00e2ncia<\/strong><\/p>\n<p>O sensor de medi\u00e7\u00e3o a laser \u00e9 um m\u00f3dulo que utiliza a tecnologia de laser pulsado para medir a dist\u00e2ncia. Emite uma s\u00e9rie de feixes de laser pulsado e calcula a dist\u00e2ncia entre o objeto alvo e o m\u00f3dulo medindo o tempo de ida e volta dos feixes de laser. O sensor de dist\u00e2ncia a laser tem uma elevada precis\u00e3o de alcance e um longo alcance, uma forte capacidade anti-bloqueio, suporte para desenvolvimento secund\u00e1rio, um grande n\u00famero de alcances, seguro para o olho humano 905 nm, frequ\u00eancia personaliz\u00e1vel (20-3500 Hz), dispon\u00edvel para interior e exterior. Pode ser amplamente utilizado na medi\u00e7\u00e3o de velocidade, medi\u00e7\u00e3o de desloca\u00e7\u00e3o, medi\u00e7\u00e3o de dist\u00e2ncia e outros dom\u00ednios.<\/p>\n<figure id=\"attachment_2978\" aria-describedby=\"caption-attachment-2978\" style=\"width: 800px\" class=\"wp-caption aligncenter\"><img fetchpriority=\"high\" decoding=\"async\" class=\"wp-image-2978 size-full\" title=\"Sensor de alcance laser 700m\" src=\"https:\/\/meskernel.net\/wp-content\/uploads\/2024\/11\/Laser-Ranging-Sensor-PTFS.jpg\" alt=\"Sensor de alcance laser PTFS\" width=\"800\" height=\"800\" srcset=\"https:\/\/meskernel.net\/wp-content\/uploads\/2024\/11\/Laser-Ranging-Sensor-PTFS.jpg 800w, https:\/\/meskernel.net\/wp-content\/uploads\/2024\/11\/Laser-Ranging-Sensor-PTFS-300x300.jpg 300w, https:\/\/meskernel.net\/wp-content\/uploads\/2024\/11\/Laser-Ranging-Sensor-PTFS-150x150.jpg 150w, https:\/\/meskernel.net\/wp-content\/uploads\/2024\/11\/Laser-Ranging-Sensor-PTFS-768x768.jpg 768w, https:\/\/meskernel.net\/wp-content\/uploads\/2024\/11\/Laser-Ranging-Sensor-PTFS-400x400.jpg 400w, https:\/\/meskernel.net\/wp-content\/uploads\/2024\/11\/Laser-Ranging-Sensor-PTFS-100x100.jpg 100w\" sizes=\"(max-width: 800px) 100vw, 800px\" \/><figcaption id=\"caption-attachment-2978\" class=\"wp-caption-text\">Sensor de alcance laser PTFS<\/figcaption><\/figure>\n<h3>Carater\u00edsticas principais<\/h3>\n<ul>\n<li><strong>Dist\u00e2ncia m\u00e9dia<\/strong><br \/>\nM\u00faltiplas op\u00e7\u00f5es de dist\u00e2ncia, proporcionando gamas de medi\u00e7\u00e3o de 100 metros, 400 metros, 700 metros e 1100 metros.<\/li>\n<li><strong>Alta frequ\u00eancia<\/strong><br \/>\nFrequ\u00eancias personaliz\u00e1veis que variam entre 50 e 500 Hz, tornando-o ideal para aplica\u00e7\u00f5es que exigem tempos de resposta r\u00e1pidos.<\/li>\n<li><strong>Integra\u00e7\u00e3o f\u00e1cil<\/strong><br \/>\nA estrutura quadrada \u00e9 f\u00e1cil de integrar no sistema.<\/li>\n<li><strong>O m\u00f3dulo cl\u00e1ssico destaca-se pela sua durabilidade<\/strong><br \/>\nFabricado utilizando a tecnologia pulsada e o laser de 905 nm, tem sido um produto emblem\u00e1tico na categoria da Meskernel ap\u00f3s itera\u00e7\u00f5es e actualiza\u00e7\u00f5es t\u00e9cnicas, e \u00e9 bem aceite por clientes em diferentes regi\u00f5es.<\/li>\n<\/ul>\n<h3 class=\"text-title\"><span class=\"magic-22\">Interface PCI<\/span><\/h3>\n<div class=\"text-content\">Suporta transmiss\u00e3o Bluetooth, interface TTL\/RS232\/RS485 tr\u00eas-em-um, para que a transmiss\u00e3o de dados seja mais eficiente.<\/div>\n<div>\n<figure id=\"attachment_2979\" aria-describedby=\"caption-attachment-2979\" style=\"width: 800px\" class=\"wp-caption aligncenter\"><img decoding=\"async\" class=\"wp-image-2979 size-full\" title=\"Sensor de alcance laser 700m PTFS\" src=\"https:\/\/meskernel.net\/wp-content\/uploads\/2024\/11\/PTFS-Laser-Ranging-Sensor-700m.jpg\" alt=\"Sensor de alcance laser PTFS 700m\" width=\"800\" height=\"800\" srcset=\"https:\/\/meskernel.net\/wp-content\/uploads\/2024\/11\/PTFS-Laser-Ranging-Sensor-700m.jpg 800w, https:\/\/meskernel.net\/wp-content\/uploads\/2024\/11\/PTFS-Laser-Ranging-Sensor-700m-300x300.jpg 300w, https:\/\/meskernel.net\/wp-content\/uploads\/2024\/11\/PTFS-Laser-Ranging-Sensor-700m-150x150.jpg 150w, https:\/\/meskernel.net\/wp-content\/uploads\/2024\/11\/PTFS-Laser-Ranging-Sensor-700m-768x768.jpg 768w, https:\/\/meskernel.net\/wp-content\/uploads\/2024\/11\/PTFS-Laser-Ranging-Sensor-700m-400x400.jpg 400w, https:\/\/meskernel.net\/wp-content\/uploads\/2024\/11\/PTFS-Laser-Ranging-Sensor-700m-100x100.jpg 100w\" sizes=\"(max-width: 800px) 100vw, 800px\" \/><figcaption id=\"caption-attachment-2979\" class=\"wp-caption-text\">Sensor de alcance laser PTFS 700m<\/figcaption><\/figure>\n<\/div>\n<h4><strong>Impressionante desempenho de longo alcance para aplica\u00e7\u00f5es vers\u00e1teis<\/strong><\/h4>\n<p>A carater\u00edstica de destaque do Sensor de Medi\u00e7\u00e3o Laser Meskernel \u00e9 a sua excecional gama de medi\u00e7\u00e3o de 3 a 700 metros, que pode ser alargada at\u00e9 1100 metros. Isto torna-o a escolha ideal para projectos que requerem medi\u00e7\u00f5es a longa dist\u00e2ncia, tanto em ambientes interiores como exteriores. Desde sistemas de monitoriza\u00e7\u00e3o industrial a tarefas de automa\u00e7\u00e3o e rob\u00f3tica, este sensor oferece a flexibilidade para cobrir dist\u00e2ncias de grande escala com facilidade.<\/p>\n<h4><strong>Design compacto com durabilidade<\/strong><\/h4>\n<p>Apesar da sua impressionante gama, o Sensor de Medi\u00e7\u00e3o Laser Meskernel apresenta um design compacto de apenas 43x35x21mm, facilitando a sua integra\u00e7\u00e3o em ambientes com limita\u00e7\u00f5es de espa\u00e7o. A constru\u00e7\u00e3o robusta do sensor garante que funciona de forma fi\u00e1vel mesmo em condi\u00e7\u00f5es adversas, proporcionando um desempenho consistente numa variedade de aplica\u00e7\u00f5es industriais, comerciais e de investiga\u00e7\u00e3o.<\/p>\n<h4><strong>Recolha r\u00e1pida de dados para aplica\u00e7\u00f5es em tempo real<\/strong><\/h4>\n<p>Concebido para a recolha de dados a alta velocidade, este sensor laser funciona a uma frequ\u00eancia de 1-3 Hz, fornecendo medi\u00e7\u00f5es de dist\u00e2ncia r\u00e1pidas e cont\u00ednuas. Esta elevada frequ\u00eancia \u00e9 particularmente ben\u00e9fica em aplica\u00e7\u00f5es que requerem processamento de dados em tempo real, tais como sistemas de rob\u00f3tica e automa\u00e7\u00e3o, onde o feedback r\u00e1pido \u00e9 crucial.<\/p>\n<h4><strong>F\u00e1cil integra\u00e7\u00e3o para uma conetividade perfeita<\/strong><\/h4>\n<p>O sensor de medi\u00e7\u00e3o a laser Meskernel oferece integra\u00e7\u00e3o flex\u00edvel com uma variedade de sistemas. Ele suporta interfaces de comunica\u00e7\u00e3o TTL, RS485 e RS232, garantindo compatibilidade com a maioria das plataformas industriais, PLC, SCADA e IoT. Quer esteja a incorporar o sensor num projeto de automa\u00e7\u00e3o complexo ou a lig\u00e1-lo a uma rede IoT, a integra\u00e7\u00e3o \u00e9 r\u00e1pida e simples.<\/p>\n<figure id=\"attachment_2980\" aria-describedby=\"caption-attachment-2980\" style=\"width: 800px\" class=\"wp-caption aligncenter\"><img decoding=\"async\" class=\"wp-image-2980 size-full\" title=\"Sensor de medi\u00e7\u00e3o laser PTFS para drone\" src=\"https:\/\/meskernel.net\/wp-content\/uploads\/2024\/11\/PTFS-Laser-Measurement-Sensor.jpg\" alt=\"Sensor de medi\u00e7\u00e3o laser PTFS para drone\" width=\"800\" height=\"800\" srcset=\"https:\/\/meskernel.net\/wp-content\/uploads\/2024\/11\/PTFS-Laser-Measurement-Sensor.jpg 800w, https:\/\/meskernel.net\/wp-content\/uploads\/2024\/11\/PTFS-Laser-Measurement-Sensor-300x300.jpg 300w, https:\/\/meskernel.net\/wp-content\/uploads\/2024\/11\/PTFS-Laser-Measurement-Sensor-150x150.jpg 150w, https:\/\/meskernel.net\/wp-content\/uploads\/2024\/11\/PTFS-Laser-Measurement-Sensor-768x768.jpg 768w, https:\/\/meskernel.net\/wp-content\/uploads\/2024\/11\/PTFS-Laser-Measurement-Sensor-400x400.jpg 400w, https:\/\/meskernel.net\/wp-content\/uploads\/2024\/11\/PTFS-Laser-Measurement-Sensor-100x100.jpg 100w\" sizes=\"(max-width: 800px) 100vw, 800px\" \/><figcaption id=\"caption-attachment-2980\" class=\"wp-caption-text\">Sensor de medi\u00e7\u00e3o laser PTFS para drone<\/figcaption><\/figure>\n<h4><strong>Solu\u00e7\u00f5es OEM dispon\u00edveis<\/strong><\/h4>\n<p>Oferecemos solu\u00e7\u00f5es OEM para empresas e fabricantes que procuram incorporar o Sensor de Medi\u00e7\u00e3o Laser Meskernel nos seus produtos ou sistemas. Os nossos sensores podem ser personalizados para satisfazer as suas necessidades espec\u00edficas, quer se trate de encomendas em massa, interfaces personalizadas ou embalagens \u00fanicas. Estamos empenhados em fornecer solu\u00e7\u00f5es escal\u00e1veis para melhorar as suas ofertas de produtos.<\/p>\n<h4><strong>Porqu\u00ea escolher o sensor de dist\u00e2ncia a laser Meskernel?<\/strong><\/h4>\n<ul>\n<li><strong>Precis\u00e3o de longo alcance<\/strong>: Fornece medi\u00e7\u00f5es de dist\u00e2ncia fi\u00e1veis em dist\u00e2ncias alargadas de at\u00e9 1100 metros.<\/li>\n<li><strong>Desempenho de alta velocidade<\/strong>: Recolhe dados rapidamente com uma frequ\u00eancia de 1-3 Hz para aplica\u00e7\u00f5es em tempo real.<\/li>\n<li><strong>Robusto e compacto<\/strong>: Ideal para projectos de pequena e grande dimens\u00e3o, com um design que resiste a ambientes dif\u00edceis.<\/li>\n<li><strong>Integra\u00e7\u00e3o perfeita<\/strong>: Liga-se facilmente aos seus sistemas com op\u00e7\u00f5es de comunica\u00e7\u00e3o flex\u00edveis.<\/li>\n<li><strong>Suporte OEM<\/strong>: Solu\u00e7\u00f5es \u00e0 medida para empresas que necessitam de uma integra\u00e7\u00e3o de sensores personalizada.<\/li>\n<\/ul>\n<p>O sensor de medi\u00e7\u00e3o laser Meskernel \u00e9 a solu\u00e7\u00e3o perfeita para qualquer projeto que exija medi\u00e7\u00f5es de longo alcance, recolha r\u00e1pida de dados e f\u00e1cil integra\u00e7\u00e3o no sistema. Quer esteja a trabalhar em automa\u00e7\u00e3o industrial, rob\u00f3tica ou qualquer outra aplica\u00e7\u00e3o que exija medi\u00e7\u00f5es de dist\u00e2ncia precisas, este sensor proporciona a fiabilidade e o desempenho de que necessita.<\/p>\n<p><a href=\"https:\/\/meskernel.net\/pt\/contacto\/\"><strong>Contacte-nos hoje<\/strong><\/a> para saber mais sobre a forma como o nosso sensor de alcance laser pode melhorar o seu sistema ou projeto e como podemos ajudar com os seus requisitos OEM.<\/p>","protected":false},"excerpt":{"rendered":"<p>Como um fabricante l\u00edder de sensores de medi\u00e7\u00e3o a laser, a Meskernel oferece solu\u00e7\u00f5es personalizadas para atender \u00e0s suas necessidades espec\u00edficas. Com um alcance de 3 a 700 metros e alta precis\u00e3o, nossos sensores s\u00e3o perfeitos para automa\u00e7\u00e3o, rob\u00f3tica e aplica\u00e7\u00f5es industriais. Contacte-nos hoje para discutir os seus requisitos personalizados e elevar os seus projectos com tecnologia de precis\u00e3o!<\/p>","protected":false},"featured_media":3019,"template":"","meta":{"site-sidebar-layout":"default","site-content-layout":"","ast-site-content-layout":"default","site-content-style":"default","site-sidebar-style":"default","ast-global-header-display":"","ast-banner-title-visibility":"","ast-main-header-display":"","ast-hfb-above-header-display":"","ast-hfb-below-header-display":"","ast-hfb-mobile-header-display":"","site-post-title":"","ast-breadcrumbs-content":"","ast-featured-img":"","footer-sml-layout":"","ast-disable-related-posts":"","theme-transparent-header-meta":"default","adv-header-id-meta":"","stick-header-meta":"","header-above-stick-meta":"","header-main-stick-meta":"","header-below-stick-meta":"","astra-migrate-meta-layouts":"set","ast-page-background-enabled":"default","ast-page-background-meta":{"desktop":{"background-color":"var(--ast-global-color-4)","background-image":"","background-repeat":"repeat","background-position":"center center","background-size":"auto","background-attachment":"scroll","background-type":"","background-media":"","overlay-type":"","overlay-color":"","overlay-opacity":"","overlay-gradient":""},"tablet":{"background-color":"","background-image":"","background-repeat":"repeat","background-position":"center center","background-size":"auto","background-attachment":"scroll","background-type":"","background-media":"","overlay-type":"","overlay-color":"","overlay-opacity":"","overlay-gradient":""},"mobile":{"background-color":"","background-image":"","background-repeat":"repeat","background-position":"center center","background-size":"auto","background-attachment":"scroll","background-type":"","background-media":"","overlay-type":"","overlay-color":"","overlay-opacity":"","overlay-gradient":""}},"ast-content-background-meta":{"desktop":{"background-color":"var(--ast-global-color-5)","background-image":"","background-repeat":"repeat","background-position":"center center","background-size":"auto","background-attachment":"scroll","background-type":"","background-media":"","overlay-type":"","overlay-color":"","overlay-opacity":"","overlay-gradient":""},"tablet":{"background-color":"var(--ast-global-color-5)","background-image":"","background-repeat":"repeat","background-position":"center center","background-size":"auto","background-attachment":"scroll","background-type":"","background-media":"","overlay-type":"","overlay-color":"","overlay-opacity":"","overlay-gradient":""},"mobile":{"background-color":"var(--ast-global-color-5)","background-image":"","background-repeat":"repeat","background-position":"center center","background-size":"auto","background-attachment":"scroll","background-type":"","background-media":"","overlay-type":"","overlay-color":"","overlay-opacity":"","overlay-gradient":""}}},"product_brand":[60],"product_cat":[30],"product_tag":[],"class_list":{"0":"post-3018","1":"product","2":"type-product","3":"status-publish","4":"has-post-thumbnail","6":"product_brand-meskernel","7":"product_cat-pulse-ranging-sensor","8":"desktop-align-center","9":"tablet-align-left","10":"mobile-align-left","12":"first","13":"instock","14":"shipping-taxable","15":"product-type-simple"},"_links":{"self":[{"href":"https:\/\/meskernel.net\/pt\/wp-json\/wp\/v2\/product\/3018","targetHints":{"allow":["GET"]}}],"collection":[{"href":"https:\/\/meskernel.net\/pt\/wp-json\/wp\/v2\/product"}],"about":[{"href":"https:\/\/meskernel.net\/pt\/wp-json\/wp\/v2\/types\/product"}],"version-history":[{"count":0,"href":"https:\/\/meskernel.net\/pt\/wp-json\/wp\/v2\/product\/3018\/revisions"}],"wp:featuredmedia":[{"embeddable":true,"href":"https:\/\/meskernel.net\/pt\/wp-json\/wp\/v2\/media\/3019"}],"wp:attachment":[{"href":"https:\/\/meskernel.net\/pt\/wp-json\/wp\/v2\/media?parent=3018"}],"wp:term":[{"taxonomy":"product_brand","embeddable":true,"href":"https:\/\/meskernel.net\/pt\/wp-json\/wp\/v2\/product_brand?post=3018"},{"taxonomy":"product_cat","embeddable":true,"href":"https:\/\/meskernel.net\/pt\/wp-json\/wp\/v2\/product_cat?post=3018"},{"taxonomy":"product_tag","embeddable":true,"href":"https:\/\/meskernel.net\/pt\/wp-json\/wp\/v2\/product_tag?post=3018"}],"curies":[{"name":"wp","href":"https:\/\/api.w.org\/{rel}","templated":true}]}}