{"id":3054,"date":"2024-12-10T14:33:39","date_gmt":"2024-12-10T06:33:39","guid":{"rendered":"https:\/\/meskernel.net\/?post_type=product&#038;p=3054"},"modified":"2025-12-29T11:02:32","modified_gmt":"2025-12-29T03:02:32","slug":"sensor-de-proximidade","status":"publish","type":"product","link":"https:\/\/meskernel.net\/pt\/product\/proximity-sensor\/","title":{"rendered":"Sensor de medi\u00e7\u00e3o do alcance do laser TS1224 de 2000m | Sensor OEM \u00e0 prova de \u00e1gua e de alta temperatura"},"content":{"rendered":"<p data-start=\"168\" data-end=\"259\"><strong data-start=\"168\" data-end=\"259\">M\u00f3dulo de sensor de medi\u00e7\u00e3o de alcance a laser TS1224: Solu\u00e7\u00e3o de medi\u00e7\u00e3o de precis\u00e3o de longo alcance<\/strong><\/p>\n<p data-start=\"261\" data-end=\"898\">O m\u00f3dulo de sensor de medi\u00e7\u00e3o de alcance laser TS1224 proporciona uma solu\u00e7\u00e3o de medi\u00e7\u00e3o potente e precisa, combinando elevado desempenho, fiabilidade e versatilidade num design compacto. Com uma gama de medi\u00e7\u00e3o de 5 metros a 2000 metros, destaca-se em projectos que requerem capacidades de medi\u00e7\u00e3o a longa dist\u00e2ncia. Operando em frequ\u00eancias entre 1-3Hz, este m\u00f3dulo \u00e9 adequado para v\u00e1rias ind\u00fastrias, incluindo constru\u00e7\u00e3o, topografia, rob\u00f3tica e investiga\u00e7\u00e3o cient\u00edfica. Baseado na tecnologia laser semicondutor de 905 nm, o m\u00f3dulo possui uma interface de transmiss\u00e3o de dados UART (protocolo TTL), facilitando aos utilizadores o desenvolvimento de solu\u00e7\u00f5es personalizadas.<\/p>\n<figure id=\"attachment_2986\" aria-describedby=\"caption-attachment-2986\" style=\"width: 1000px\" class=\"wp-caption aligncenter\"><img fetchpriority=\"high\" decoding=\"async\" class=\"wp-image-2986 size-full\" title=\"M\u00f3dulo de dist\u00e2ncia laser UART TS1224 2000m\" src=\"https:\/\/meskernel.net\/wp-content\/uploads\/2024\/11\/UART-laser-distance-module-TS1224.jpg\" alt=\"M\u00f3dulo de dist\u00e2ncia laser UART TS1224\" width=\"1000\" height=\"500\" srcset=\"https:\/\/meskernel.net\/wp-content\/uploads\/2024\/11\/UART-laser-distance-module-TS1224.jpg 1000w, https:\/\/meskernel.net\/wp-content\/uploads\/2024\/11\/UART-laser-distance-module-TS1224-300x150.jpg 300w, https:\/\/meskernel.net\/wp-content\/uploads\/2024\/11\/UART-laser-distance-module-TS1224-768x384.jpg 768w, https:\/\/meskernel.net\/wp-content\/uploads\/2024\/11\/UART-laser-distance-module-TS1224-400x200.jpg 400w\" sizes=\"(max-width: 1000px) 100vw, 1000px\" \/><figcaption id=\"caption-attachment-2986\" class=\"wp-caption-text\">M\u00f3dulo de dist\u00e2ncia laser UART TS1224<\/figcaption><\/figure>\n<h3>Carater\u00edsticas principais:<\/h3>\n<ul>\n<li data-start=\"919\" data-end=\"972\">Medi\u00e7\u00e3o a longo prazo para projectos de grande escala:<\/li>\n<\/ul>\n<p data-start=\"973\" data-end=\"1357\">\u00a0 \u00a0 \u00a0 \u00a0 \u00a0 \u00a0 Uma das principais vantagens do TS1224 \u00e9 o seu impressionante alcance de medi\u00e7\u00e3o de at\u00e9 2000 metros. Isto torna-o ideal para aplica\u00e7\u00f5es em grande escala, como levantamentos topogr\u00e1ficos, projectos de infra-estruturas e monitoriza\u00e7\u00e3o ambiental. Quer seja necess\u00e1rio medir em vastas \u00e1reas ou recolher dados de locais remotos, este m\u00f3dulo garante resultados fi\u00e1veis e de elevado desempenho a longas dist\u00e2ncias.<\/p>\n<ul>\n<li data-start=\"1359\" data-end=\"1393\">Design compacto, economia de espa\u00e7o:<\/li>\n<\/ul>\n<p data-start=\"1394\" data-end=\"1771\">\u00a0 \u00a0 \u00a0 \u00a0 \u00a0 \u00a0 Apesar do seu potente desempenho, o TS1224 tem um formato ultra-compacto (25,72\u00d724,60\u00d713,40 mm), o que o torna mais pequeno do que uma moeda. Este design compacto \u00e9 perfeito para sistemas incorporados e dispositivos onde o espa\u00e7o \u00e9 limitado. O m\u00f3dulo integra-se perfeitamente em rob\u00f3tica, drones ou dispositivos de medi\u00e7\u00e3o port\u00e1teis, proporcionando um desempenho excecional sem ocupar espa\u00e7o valioso.<\/p>\n<ul>\n<li data-start=\"1773\" data-end=\"1829\">Rece\u00e7\u00e3o de sinal superior para medi\u00e7\u00f5es mais claras:<\/li>\n<\/ul>\n<p data-start=\"1830\" data-end=\"2206\">\u00a0 \u00a0 \u00a0 \u00a0 \u00a0 \u00a0 Equipado com vidro de alta transmit\u00e2ncia, o TS1224 garante uma excelente rece\u00e7\u00e3o de sinal, fornecendo medi\u00e7\u00f5es precisas mesmo a dist\u00e2ncias maiores. Esta carater\u00edstica \u00e9 fundamental para ambientes com potenciais interfer\u00eancias de sinal ou obst\u00e1culos, tais como ambientes exteriores ou industriais. Pode contar com o m\u00f3dulo para fornecer medi\u00e7\u00f5es consistentes e fi\u00e1veis em condi\u00e7\u00f5es dif\u00edceis.<\/p>\n<ul>\n<li data-start=\"2208\" data-end=\"2256\">Estrutura met\u00e1lica dur\u00e1vel para ambientes dif\u00edceis:<\/li>\n<\/ul>\n<p data-start=\"2257\" data-end=\"2571\">\u00a0 \u00a0 \u00a0 \u00a0 \u00a0 \u00a0 O TS1224 possui uma caixa met\u00e1lica robusta que resiste a ambientes adversos. O inv\u00f3lucro dur\u00e1vel n\u00e3o s\u00f3 fornece prote\u00e7\u00e3o f\u00edsica como tamb\u00e9m aumenta a longevidade do m\u00f3dulo. Quer trabalhe em temperaturas extremas, em condi\u00e7\u00f5es de poeira ou em projectos no exterior, o design robusto garante um desempenho cont\u00ednuo ao longo do tempo.<\/p>\n<ul>\n<li data-start=\"2573\" data-end=\"2620\">F\u00e1cil integra\u00e7\u00e3o com m\u00faltiplas interfaces:<\/li>\n<\/ul>\n<p data-start=\"2621\" data-end=\"2985\">\u00a0 \u00a0 \u00a0 \u00a0 \u00a0 \u00a0 O TS1224 oferece op\u00e7\u00f5es de integra\u00e7\u00e3o flex\u00edveis, suportando interfaces TTL, RS485 e RS232. Esta compatibilidade facilita a liga\u00e7\u00e3o a uma variedade de dispositivos e controladores. Quer se trate de integrar o m\u00f3dulo num sistema baseado em microcontroladores, numa configura\u00e7\u00e3o de automa\u00e7\u00e3o industrial ou num projeto personalizado, o TS1224 assegura um processo de integra\u00e7\u00e3o simples e direto.<\/p>\n<figure id=\"attachment_2987\" aria-describedby=\"caption-attachment-2987\" style=\"width: 750px\" class=\"wp-caption aligncenter\"><img decoding=\"async\" class=\"wp-image-2987 size-full\" title=\"M\u00f3dulo de dist\u00e2ncia laser 2000m\" src=\"https:\/\/meskernel.net\/wp-content\/uploads\/2024\/11\/Laser-Distance-Module-2000m.jpg\" alt=\"M\u00f3dulo de dist\u00e2ncia laser 2000m\" width=\"750\" height=\"266\" srcset=\"https:\/\/meskernel.net\/wp-content\/uploads\/2024\/11\/Laser-Distance-Module-2000m.jpg 750w, https:\/\/meskernel.net\/wp-content\/uploads\/2024\/11\/Laser-Distance-Module-2000m-300x106.jpg 300w, https:\/\/meskernel.net\/wp-content\/uploads\/2024\/11\/Laser-Distance-Module-2000m-400x142.jpg 400w\" sizes=\"(max-width: 750px) 100vw, 750px\" \/><figcaption id=\"caption-attachment-2987\" class=\"wp-caption-text\">M\u00f3dulo de dist\u00e2ncia laser Interfaces m\u00faltiplas<\/figcaption><\/figure>\n<h3>Aplica\u00e7\u00f5es vers\u00e1teis em todos os sectores:<\/h3>\n<p>&nbsp;<\/p>\n<p data-start=\"3034\" data-end=\"3191\">O M\u00f3dulo Sensor de Medi\u00e7\u00e3o de Alcance Laser TS1224 responde \u00e0s necessidades dos profissionais em v\u00e1rios dom\u00ednios, gra\u00e7as \u00e0 sua medi\u00e7\u00e3o de longo alcance e elevada precis\u00e3o:<\/p>\n<ul data-start=\"3193\" data-end=\"4857\">\n<li data-start=\"3193\" data-end=\"3489\">\n<p data-start=\"3195\" data-end=\"3489\"><strong data-start=\"3195\" data-end=\"3225\">Constru\u00e7\u00e3o e engenharia<\/strong>: No sector da constru\u00e7\u00e3o e da engenharia, o TS1224 \u00e9 de valor inestim\u00e1vel para medir grandes \u00e1reas de terreno, construir estruturas e efetuar levantamentos de locais. A sua capacidade de medir com precis\u00e3o em longas dist\u00e2ncias torna-o uma ferramenta fundamental para o planeamento e execu\u00e7\u00e3o de projectos de grande escala.<\/p>\n<\/li>\n<li data-start=\"3493\" data-end=\"3756\">\n<p data-start=\"3495\" data-end=\"3756\"><strong data-start=\"3495\" data-end=\"3508\">Topografia<\/strong>: Os top\u00f3grafos beneficiar\u00e3o da fiabilidade e precis\u00e3o do TS1224. Quer se trate de mapear grandes \u00e1reas, calcular topografia ou efetuar levantamentos geod\u00e9sicos, o m\u00f3dulo fornece as medi\u00e7\u00f5es de dist\u00e2ncia exactas necess\u00e1rias para uma avalia\u00e7\u00e3o precisa do terreno.<a href=\"https:\/\/meskernel.net\/pt\/produtos\/\">produtos relacionados<\/a><\/p>\n<\/li>\n<li data-start=\"3758\" data-end=\"4012\">\n<p data-start=\"3760\" data-end=\"4012\"><strong data-start=\"3760\" data-end=\"3785\">Rob\u00f3tica e automa\u00e7\u00e3o<\/strong>: O design compacto e as medi\u00e7\u00f5es precisas do TS1224 tornam-no perfeito para rob\u00f3tica e sistemas automatizados. Ajuda na dete\u00e7\u00e3o de obst\u00e1culos, navega\u00e7\u00e3o e posicionamento, assegurando um funcionamento sem problemas em ambientes automatizados.<\/p>\n<\/li>\n<li data-start=\"4014\" data-end=\"4297\">\n<p data-start=\"4016\" data-end=\"4297\"><strong data-start=\"4016\" data-end=\"4044\">Monitoriza\u00e7\u00e3o ambiental<\/strong>: Para monitoriza\u00e7\u00e3o ambiental em \u00e1reas remotas ou de dif\u00edcil acesso, o TS1224 oferece capacidades de longo alcance e elevada precis\u00e3o. \u00c9 ideal para silvicultura, rastreio da vida selvagem, levantamentos geol\u00f3gicos e outras aplica\u00e7\u00f5es em que a medi\u00e7\u00e3o fi\u00e1vel \u00e9 fundamental.<\/p>\n<\/li>\n<li data-start=\"4299\" data-end=\"4508\">\n<p data-start=\"4301\" data-end=\"4508\"><strong data-start=\"4301\" data-end=\"4321\">Aplica\u00e7\u00f5es UAV<\/strong>: O TS1224 ajuda os UAVs em tarefas como posicionamento, navega\u00e7\u00e3o, dete\u00e7\u00e3o de obst\u00e1culos, preven\u00e7\u00e3o e monitoriza\u00e7\u00e3o de precis\u00e3o, tornando-o uma ferramenta valiosa para uma vasta gama de aplica\u00e7\u00f5es de drones.<\/p>\n<\/li>\n<li data-start=\"4510\" data-end=\"4656\">\n<p data-start=\"4512\" data-end=\"4656\"><strong data-start=\"4512\" data-end=\"4530\">Dispositivos de mira<\/strong>: O TS1224 melhora o desempenho dos sistemas de pontaria com uma medi\u00e7\u00e3o precisa da dist\u00e2ncia, contribuindo para uma pontaria exacta.<\/p>\n<\/li>\n<li data-start=\"4658\" data-end=\"4857\">\n<p data-start=\"4660\" data-end=\"4857\"><strong data-start=\"4660\" data-end=\"4691\">Sistemas de monitoriza\u00e7\u00e3o de seguran\u00e7a<\/strong>: O TS1224 melhora os sistemas de seguran\u00e7a fornecendo medi\u00e7\u00f5es de dist\u00e2ncia de alta precis\u00e3o e em tempo real, monitoriza\u00e7\u00e3o din\u00e2mica e an\u00e1lise inteligente para uma melhor vigil\u00e2ncia.<\/p>\n<\/li>\n<\/ul>\n<p>&nbsp;<\/p>\n<figure id=\"attachment_3056\" aria-describedby=\"caption-attachment-3056\" style=\"width: 1080px\" class=\"wp-caption aligncenter\"><img decoding=\"async\" class=\"wp-image-3056 size-full\" title=\"Sensor de proximidade\" src=\"https:\/\/meskernel.net\/wp-content\/uploads\/2024\/12\/Proximity-Sensor-1.jpg\" alt=\"Sensor de proximidade\" width=\"1080\" height=\"262\" srcset=\"https:\/\/meskernel.net\/wp-content\/uploads\/2024\/12\/Proximity-Sensor-1.jpg 1080w, https:\/\/meskernel.net\/wp-content\/uploads\/2024\/12\/Proximity-Sensor-1-300x73.jpg 300w, https:\/\/meskernel.net\/wp-content\/uploads\/2024\/12\/Proximity-Sensor-1-1024x248.jpg 1024w, https:\/\/meskernel.net\/wp-content\/uploads\/2024\/12\/Proximity-Sensor-1-768x186.jpg 768w, https:\/\/meskernel.net\/wp-content\/uploads\/2024\/12\/Proximity-Sensor-1-400x97.jpg 400w\" sizes=\"(max-width: 1080px) 100vw, 1080px\" \/><figcaption id=\"caption-attachment-3056\" class=\"wp-caption-text\">Sensor de proximidade<\/figcaption><\/figure>\n<h3 data-start=\"4859\" data-end=\"4923\">Por que escolher o m\u00f3dulo sensor de medi\u00e7\u00e3o de alcance a laser TS1224?<\/h3>\n<p data-start=\"4925\" data-end=\"5054\">Se procura um sensor de alcance laser de elevado desempenho, fi\u00e1vel e compacto, o TS1224 \u00e9 a solu\u00e7\u00e3o ideal. Eis porqu\u00ea:<\/p>\n<ul data-start=\"5056\" data-end=\"5756\">\n<li data-start=\"5056\" data-end=\"5243\">\n<p data-start=\"5058\" data-end=\"5243\"><strong data-start=\"5058\" data-end=\"5093\">Medi\u00e7\u00e3o fi\u00e1vel de longo alcance<\/strong>: O TS1224 garante resultados precisos em dist\u00e2ncias que variam de 5 metros a 2000 metros, oferecendo um desempenho consistente em diversos ambientes.<\/p>\n<\/li>\n<li data-start=\"5247\" data-end=\"5399\">\n<p data-start=\"5249\" data-end=\"5399\"><strong data-start=\"5249\" data-end=\"5272\">Design que poupa espa\u00e7o<\/strong>: O seu tamanho ultra-compacto permite uma f\u00e1cil integra\u00e7\u00e3o em espa\u00e7os pequenos, tornando-o perfeito para sistemas incorporados e dispositivos compactos.<\/p>\n<\/li>\n<li data-start=\"5401\" data-end=\"5585\">\n<p data-start=\"5403\" data-end=\"5585\"><strong data-start=\"5403\" data-end=\"5433\">Excelente rece\u00e7\u00e3o de sinal<\/strong>: O vidro de alta transmit\u00e2ncia garante que o m\u00f3dulo fornece medi\u00e7\u00f5es precisas mesmo a longas dist\u00e2ncias, ideal para aplica\u00e7\u00f5es industriais ou no exterior.<\/p>\n<\/li>\n<li data-start=\"5587\" data-end=\"5756\">\n<p data-start=\"5589\" data-end=\"5756\"><strong data-start=\"5589\" data-end=\"5617\">Dur\u00e1vel e de longa dura\u00e7\u00e3o<\/strong>: Com uma estrutura met\u00e1lica robusta, o TS1224 foi constru\u00eddo para durar e pode suportar condi\u00e7\u00f5es ambientais adversas, proporcionando fiabilidade a longo prazo.<\/p>\n<\/li>\n<\/ul>\n<p data-start=\"5758\" data-end=\"6133\">Quer esteja a trabalhar na constru\u00e7\u00e3o, topografia, rob\u00f3tica, monitoriza\u00e7\u00e3o ambiental ou em qualquer outro campo que exija medi\u00e7\u00f5es de longo alcance, o TS1224 <a href=\"https:\/\/www.globalsources.com\/chengdu-meskernel\/showroom_6002100157315.htm\" target=\"_blank\" rel=\"noopener\">Sensor de medi\u00e7\u00e3o de alcance a laser<\/a> O m\u00f3dulo oferece um desempenho inigual\u00e1vel, durabilidade e facilidade de integra\u00e7\u00e3o. A sua versatilidade torna-o uma escolha fi\u00e1vel para v\u00e1rias ind\u00fastrias, garantindo sempre resultados precisos e exatos.<\/p>","protected":false},"excerpt":{"rendered":"<p>O sensor de medi\u00e7\u00e3o de alcance por laser de pulso oferece medi\u00e7\u00f5es de dist\u00e2ncia precisas de 5 metros a 2000 metros com <strong>\u00b1<\/strong>Precis\u00e3o de 1 metro. Compacto mas potente, apresenta um design ultra-pequeno, vidro de alta transmit\u00e2ncia para uma rece\u00e7\u00e3o de sinal superior e um inv\u00f3lucro met\u00e1lico dur\u00e1vel para um desempenho duradouro. Ideal para uma s\u00e9rie de aplica\u00e7\u00f5es, incluindo constru\u00e7\u00e3o, topografia, rob\u00f3tica e monitoriza\u00e7\u00e3o ambiental, este m\u00f3dulo \u00e9 f\u00e1cil de integrar com interfaces TTL, RS485 e RS232. Perfeito para projectos que requerem medi\u00e7\u00f5es precisas, fi\u00e1veis e de longo alcance em ambientes dif\u00edceis.<\/p>","protected":false},"featured_media":3706,"template":"","meta":{"site-sidebar-layout":"default","site-content-layout":"","ast-site-content-layout":"default","site-content-style":"default","site-sidebar-style":"default","ast-global-header-display":"","ast-banner-title-visibility":"","ast-main-header-display":"","ast-hfb-above-header-display":"","ast-hfb-below-header-display":"","ast-hfb-mobile-header-display":"","site-post-title":"","ast-breadcrumbs-content":"","ast-featured-img":"","footer-sml-layout":"","ast-disable-related-posts":"","theme-transparent-header-meta":"default","adv-header-id-meta":"","stick-header-meta":"","header-above-stick-meta":"","header-main-stick-meta":"","header-below-stick-meta":"","astra-migrate-meta-layouts":"set","ast-page-background-enabled":"default","ast-page-background-meta":{"desktop":{"background-color":"var(--ast-global-color-4)","background-image":"","background-repeat":"repeat","background-position":"center center","background-size":"auto","background-attachment":"scroll","background-type":"","background-media":"","overlay-type":"","overlay-color":"","overlay-opacity":"","overlay-gradient":""},"tablet":{"background-color":"","background-image":"","background-repeat":"repeat","background-position":"center center","background-size":"auto","background-attachment":"scroll","background-type":"","background-media":"","overlay-type":"","overlay-color":"","overlay-opacity":"","overlay-gradient":""},"mobile":{"background-color":"","background-image":"","background-repeat":"repeat","background-position":"center center","background-size":"auto","background-attachment":"scroll","background-type":"","background-media":"","overlay-type":"","overlay-color":"","overlay-opacity":"","overlay-gradient":""}},"ast-content-background-meta":{"desktop":{"background-color":"var(--ast-global-color-5)","background-image":"","background-repeat":"repeat","background-position":"center center","background-size":"auto","background-attachment":"scroll","background-type":"","background-media":"","overlay-type":"","overlay-color":"","overlay-opacity":"","overlay-gradient":""},"tablet":{"background-color":"var(--ast-global-color-5)","background-image":"","background-repeat":"repeat","background-position":"center center","background-size":"auto","background-attachment":"scroll","background-type":"","background-media":"","overlay-type":"","overlay-color":"","overlay-opacity":"","overlay-gradient":""},"mobile":{"background-color":"var(--ast-global-color-5)","background-image":"","background-repeat":"repeat","background-position":"center center","background-size":"auto","background-attachment":"scroll","background-type":"","background-media":"","overlay-type":"","overlay-color":"","overlay-opacity":"","overlay-gradient":""}}},"product_brand":[60],"product_cat":[54],"product_tag":[56],"class_list":{"0":"post-3054","1":"product","2":"type-product","3":"status-publish","4":"has-post-thumbnail","6":"product_brand-meskernel","7":"product_cat-long-distance-laser-ranging-sensors","8":"product_tag-hot","9":"desktop-align-center","10":"tablet-align-left","11":"mobile-align-left","13":"first","14":"instock","15":"shipping-taxable","16":"product-type-simple"},"_links":{"self":[{"href":"https:\/\/meskernel.net\/pt\/wp-json\/wp\/v2\/product\/3054","targetHints":{"allow":["GET"]}}],"collection":[{"href":"https:\/\/meskernel.net\/pt\/wp-json\/wp\/v2\/product"}],"about":[{"href":"https:\/\/meskernel.net\/pt\/wp-json\/wp\/v2\/types\/product"}],"version-history":[{"count":0,"href":"https:\/\/meskernel.net\/pt\/wp-json\/wp\/v2\/product\/3054\/revisions"}],"wp:featuredmedia":[{"embeddable":true,"href":"https:\/\/meskernel.net\/pt\/wp-json\/wp\/v2\/media\/3706"}],"wp:attachment":[{"href":"https:\/\/meskernel.net\/pt\/wp-json\/wp\/v2\/media?parent=3054"}],"wp:term":[{"taxonomy":"product_brand","embeddable":true,"href":"https:\/\/meskernel.net\/pt\/wp-json\/wp\/v2\/product_brand?post=3054"},{"taxonomy":"product_cat","embeddable":true,"href":"https:\/\/meskernel.net\/pt\/wp-json\/wp\/v2\/product_cat?post=3054"},{"taxonomy":"product_tag","embeddable":true,"href":"https:\/\/meskernel.net\/pt\/wp-json\/wp\/v2\/product_tag?post=3054"}],"curies":[{"name":"wp","href":"https:\/\/api.w.org\/{rel}","templated":true}]}}