{"id":3070,"date":"2024-12-11T10:11:47","date_gmt":"2024-12-11T02:11:47","guid":{"rendered":"https:\/\/meskernel.net\/?post_type=product&#038;p=3070"},"modified":"2025-12-02T17:54:06","modified_gmt":"2025-12-02T09:54:06","slug":"sensor-de-alcance","status":"publish","type":"product","link":"https:\/\/meskernel.net\/pt\/product\/range-sensor\/","title":{"rendered":"Sensor de alcance de 200 m com laser verde seguro de classe 1"},"content":{"rendered":"<p>Os sensores de alcance a laser com sa\u00edda anal\u00f3gica s\u00e3o componentes essenciais em aplica\u00e7\u00f5es industriais modernas, especialmente em \u00e1reas que exigem elevada precis\u00e3o, como a automa\u00e7\u00e3o, a rob\u00f3tica e o controlo de qualidade. \u00c0 medida que as ind\u00fastrias adoptam tecnologias avan\u00e7adas, a integra\u00e7\u00e3o de sensores laser com sa\u00edda anal\u00f3gica proporciona uma solu\u00e7\u00e3o fi\u00e1vel para medi\u00e7\u00f5es cont\u00ednuas, precisas e em tempo real. De seguida, iremos explorar os princ\u00edpios, as vantagens e as aplica\u00e7\u00f5es dos sensores de alcance laser e das sa\u00eddas anal\u00f3gicas, real\u00e7ando a forma como estas tecnologias funcionam em conjunto para melhorar a precis\u00e3o da medi\u00e7\u00e3o e a efici\u00eancia do sistema.<\/p>\n<p><img data-dominant-color=\"b8c0c9\" data-has-transparency=\"true\" style=\"--dominant-color: #b8c0c9;\" fetchpriority=\"high\" decoding=\"async\" class=\"wp-image-6378 size-full aligncenter has-transparency\" src=\"https:\/\/meskernel.net\/wp-content\/uploads\/2024\/12\/green-laser-beam-sensors.webp\" alt=\"sensores de feixe laser verde\" width=\"945\" height=\"770\" srcset=\"https:\/\/meskernel.net\/wp-content\/uploads\/2024\/12\/green-laser-beam-sensors.webp 945w, https:\/\/meskernel.net\/wp-content\/uploads\/2024\/12\/green-laser-beam-sensors-300x244.webp 300w, https:\/\/meskernel.net\/wp-content\/uploads\/2024\/12\/green-laser-beam-sensors-768x626.webp 768w, https:\/\/meskernel.net\/wp-content\/uploads\/2024\/12\/green-laser-beam-sensors-15x12.webp 15w, https:\/\/meskernel.net\/wp-content\/uploads\/2024\/12\/green-laser-beam-sensors-400x326.webp 400w\" sizes=\"(max-width: 945px) 100vw, 945px\" \/><\/p>\n<h4>1. Como funcionam os sensores de dist\u00e2ncia a laser<\/h4>\n<p>Os sensores de alcance a laser medem a dist\u00e2ncia entre o sensor e um objeto utilizando luz laser. Estes sensores baseiam-se geralmente num dos seguintes princ\u00edpios:<\/p>\n<ol>\n<li><strong>Tempo de voo (TOF)<\/strong>: Neste m\u00e9todo, um impulso de laser \u00e9 emitido e refletido no alvo. O sensor mede o tempo que o impulso demora a viajar at\u00e9 ao objeto e a voltar. Conhecendo a velocidade da luz, o sensor calcula a dist\u00e2ncia com base no tempo de atraso.<\/li>\n<li><strong>Desloca\u00e7\u00e3o de fase<\/strong>: O sensor emite um feixe de laser cont\u00ednuo e a fase da luz reflectida \u00e9 comparada com a fase emitida. A diferen\u00e7a de fase \u00e9 ent\u00e3o utilizada para calcular a dist\u00e2ncia. Este m\u00e9todo oferece uma elevada precis\u00e3o, especialmente para medi\u00e7\u00f5es de longo alcance.<\/li>\n<li><strong>Triangula\u00e7\u00e3o<\/strong>: Na triangula\u00e7\u00e3o, o sensor projecta um feixe laser sobre um objeto e um detetor sens\u00edvel \u00e0 posi\u00e7\u00e3o detecta a luz reflectida. Ao medir o \u00e2ngulo da luz reflectida, o sensor calcula a dist\u00e2ncia utilizando princ\u00edpios trigonom\u00e9tricos.<\/li>\n<\/ol>\n<p>Independentemente do m\u00e9todo utilizado, o sensor de alcance a laser proporciona uma precis\u00e3o excecional, atingindo frequentemente uma precis\u00e3o ao n\u00edvel do mil\u00edmetro ou mesmo do m\u00edcron.<\/p>\n<h4>2. O papel da sa\u00edda anal\u00f3gica<\/h4>\n<p>A sa\u00edda anal\u00f3gica \u00e9 um m\u00e9todo que os sensores utilizam para transmitir dados medidos como um sinal el\u00e9trico cont\u00ednuo, normalmente sob a forma de tens\u00e3o ou corrente. Os sinais anal\u00f3gicos oferecem um feedback suave e em tempo real, tornando-os ideais para aplica\u00e7\u00f5es que requerem monitoriza\u00e7\u00e3o ou controlo cont\u00ednuos.<\/p>\n<p>Os tipos comuns de sa\u00edda anal\u00f3gica incluem:<\/p>\n<ul>\n<li><strong>Sa\u00edda de tens\u00e3o<\/strong>: S\u00e3o utilizados sinais em gamas como 0-10V, 0-5V ou 1-5V, correspondendo o valor medido diretamente \u00e0 tens\u00e3o de sa\u00edda.<\/li>\n<li><strong>Sa\u00edda de corrente<\/strong>: O circuito de corrente 4-20mA \u00e9 um sinal anal\u00f3gico muito utilizado, especialmente \u00fatil para a transmiss\u00e3o a longa dist\u00e2ncia e que proporciona uma melhor imunidade ao ru\u00eddo el\u00e9trico.<\/li>\n<\/ul>\n<p>Os sinais de sa\u00edda anal\u00f3gicos integram-se perfeitamente em sistemas de controlo industrial, PLCs e sistemas de aquisi\u00e7\u00e3o de dados, onde podem ser processados e utilizados para controlo e monitoriza\u00e7\u00e3o em tempo real.<\/p>\n<h4>3. combina\u00e7\u00e3o de sensor de alcance laser com sa\u00edda anal\u00f3gica<\/h4>\n<p>Quando os sensores de dist\u00e2ncia a laser e a sa\u00edda anal\u00f3gica trabalham em conjunto, criam uma solu\u00e7\u00e3o poderosa para v\u00e1rias aplica\u00e7\u00f5es. Eis alguns casos de utiliza\u00e7\u00e3o comuns em que esta combina\u00e7\u00e3o se revela particularmente ben\u00e9fica:<\/p>\n<ol>\n<li><strong>Automa\u00e7\u00e3o industrial e rob\u00f3tica<\/strong>: O sensor de alcance laser com sa\u00edda anal\u00f3gica \u00e9 amplamente utilizado em rob\u00f3tica, linhas de montagem e sistemas de manuseamento de materiais. Por exemplo, um rob\u00f4 pode utilizar um sensor laser para medir a dist\u00e2ncia a um objeto e a sa\u00edda anal\u00f3gica envia estes dados para o sistema de controlo, permitindo um controlo preciso do movimento para tarefas como a recolha ou montagem de objectos.<\/li>\n<li><strong>Medi\u00e7\u00e3o de n\u00edvel e posi\u00e7\u00e3o<\/strong>: Os sensores de alcance laser s\u00e3o normalmente utilizados para medir os n\u00edveis de l\u00edquidos em tanques, silos ou contentores. O sensor envia um sinal anal\u00f3gico cont\u00ednuo que representa a dist\u00e2ncia \u00e0 superf\u00edcie do l\u00edquido, permitindo que o sistema monitorize os n\u00edveis de fluido e desencadeie ac\u00e7\u00f5es em tempo real, como a ativa\u00e7\u00e3o de alarmes ou o controlo de bombas.<\/li>\n<li><strong>Medi\u00e7\u00e3o de precis\u00e3o e controlo de qualidade<\/strong>: No fabrico, os sensores laser medem as dimens\u00f5es dos componentes com elevada precis\u00e3o, detectando varia\u00e7\u00f5es de tamanho. A sa\u00edda anal\u00f3gica fornece um feedback cont\u00ednuo ao sistema de controlo, permitindo ajustes autom\u00e1ticos ou verifica\u00e7\u00f5es de qualidade.<\/li>\n<li><strong>Sistemas de estacionamento e monitoriza\u00e7\u00e3o do tr\u00e1fego<\/strong>: Os sensores laser s\u00e3o tamb\u00e9m utilizados em sistemas de estacionamento inteligentes e na monitoriza\u00e7\u00e3o do tr\u00e1fego. Ao medir a dist\u00e2ncia entre ve\u00edculos ou obst\u00e1culos e ao enviar uma sa\u00edda anal\u00f3gica, estes sistemas podem monitorizar a disponibilidade de estacionamento ou o congestionamento do tr\u00e1fego em tempo real.<\/li>\n<\/ol>\n<h3>4.Vantagens dos sensores de dist\u00e2ncia a laser com sa\u00edda anal\u00f3gica<\/h3>\n<ol>\n<li><strong>Elevada precis\u00e3o e estabilidade<\/strong>: Os sensores de alcance a laser fornecem medi\u00e7\u00f5es extremamente exactas, muitas vezes com uma precis\u00e3o de mil\u00edmetros ou mesmo micr\u00f3metros. Estes sensores funcionam de forma fi\u00e1vel em diversos ambientes, incluindo pouca luz, temperaturas elevadas e condi\u00e7\u00f5es industriais adversas.<\/li>\n<li><strong>Medi\u00e7\u00e3o sem contacto<\/strong>: Os sensores laser oferecem uma medi\u00e7\u00e3o sem contacto, o que significa que o sensor n\u00e3o interage fisicamente com o objeto que est\u00e1 a ser medido. Esta carater\u00edstica minimiza o desgaste tanto do sensor como do alvo, tornando-o ideal para materiais delicados ou perigosos.<\/li>\n<li><strong>Transmiss\u00e3o de dados em tempo real<\/strong>: A sa\u00edda anal\u00f3gica assegura a transmiss\u00e3o cont\u00ednua de dados em tempo real, o que \u00e9 perfeito para aplica\u00e7\u00f5es que requerem uma monitoriza\u00e7\u00e3o constante e ajustes imediatos. Isto \u00e9 particularmente \u00fatil em processos automatizados em que o sistema precisa de atuar sobre os dados do sensor sem demora.<\/li>\n<li><strong>Medi\u00e7\u00e3o de longo alcance<\/strong>: O sensor de alcance laser pode efetuar medi\u00e7\u00f5es a longas dist\u00e2ncias - por vezes v\u00e1rios metros ou mesmo dezenas de metros. Esta capacidade torna-os ideais para aplica\u00e7\u00f5es que envolvem medi\u00e7\u00f5es de grande alcance, tais como fabrico em grande escala ou ambientes complexos.<\/li>\n<li><strong>Integra\u00e7\u00e3o f\u00e1cil<\/strong>: Os sinais de sa\u00edda anal\u00f3gicos s\u00e3o simples e compat\u00edveis com uma vasta gama de controladores industriais e sistemas de aquisi\u00e7\u00e3o de dados. Isto facilita a sua integra\u00e7\u00e3o em sistemas existentes sem necessidade de programa\u00e7\u00e3o ou protocolos de comunica\u00e7\u00e3o complexos.<\/li>\n<\/ol>\n<p><img decoding=\"async\" class=\"wp-image-3072 size-full aligncenter\" title=\"sensores de dist\u00e2ncia com sa\u00edda anal\u00f3gica\" src=\"https:\/\/meskernel.net\/wp-content\/uploads\/2024\/12\/distance-sensors-with-analog-output.jpg\" alt=\"sensores de dist\u00e2ncia com sa\u00edda anal\u00f3gica\" width=\"800\" height=\"800\" srcset=\"https:\/\/meskernel.net\/wp-content\/uploads\/2024\/12\/distance-sensors-with-analog-output.jpg 800w, https:\/\/meskernel.net\/wp-content\/uploads\/2024\/12\/distance-sensors-with-analog-output-300x300.jpg 300w, https:\/\/meskernel.net\/wp-content\/uploads\/2024\/12\/distance-sensors-with-analog-output-150x150.jpg 150w, https:\/\/meskernel.net\/wp-content\/uploads\/2024\/12\/distance-sensors-with-analog-output-768x768.jpg 768w, https:\/\/meskernel.net\/wp-content\/uploads\/2024\/12\/distance-sensors-with-analog-output-400x400.jpg 400w, https:\/\/meskernel.net\/wp-content\/uploads\/2024\/12\/distance-sensors-with-analog-output-100x100.jpg 100w\" sizes=\"(max-width: 800px) 100vw, 800px\" \/><\/p>\n<p>O sensor de alcance com sa\u00edda anal\u00f3gica fornece uma solu\u00e7\u00e3o poderosa e eficiente para in\u00fameras aplica\u00e7\u00f5es industriais. Os sensores laser fornecem medi\u00e7\u00f5es precisas, sem contacto, com elevada exatid\u00e3o, enquanto a sa\u00edda anal\u00f3gica assegura uma transmiss\u00e3o de dados cont\u00ednua e em tempo real. Em conjunto, estas tecnologias permitem uma monitoriza\u00e7\u00e3o, controlo e automatiza\u00e7\u00e3o eficientes em \u00e1reas como a rob\u00f3tica, a automatiza\u00e7\u00e3o industrial, a medi\u00e7\u00e3o do n\u00edvel de fluidos e o controlo de qualidade.<\/p>\n<p>\u00c0 medida que a tecnologia continua a avan\u00e7ar, o sensor de alcance a laser tornar-se-\u00e1 ainda mais preciso e vers\u00e1til, enquanto a sa\u00edda anal\u00f3gica continuar\u00e1 a ser um m\u00e9todo fi\u00e1vel e amplamente utilizado de transmiss\u00e3o de sinais em ambientes industriais. Esta integra\u00e7\u00e3o continuar\u00e1 a impulsionar a inova\u00e7\u00e3o e a efici\u00eancia, conduzindo a sistemas mais inteligentes e automatizados em todas as ind\u00fastrias.<\/p>\n<h3>Porqu\u00ea n\u00f3s<\/h3>\n<p>&nbsp;<\/p>\n<ul>\n<li><strong>Alta durabilidade<\/strong>: A combina\u00e7\u00e3o de um inv\u00f3lucro em liga de alum\u00ednio e de uma prote\u00e7\u00e3o com classifica\u00e7\u00e3o IP garante que o sensor pode resistir a ambientes adversos, oferecendo um funcionamento fi\u00e1vel ano ap\u00f3s ano.<\/li>\n<li><strong>Precis\u00e3o em que pode confiar<\/strong>: Os nossos sensores de medi\u00e7\u00e3o da dist\u00e2ncia garantem medi\u00e7\u00f5es precisas, fornecendo dados exactos que satisfazem os mais elevados padr\u00f5es para utiliza\u00e7\u00e3o industrial e cient\u00edfica.<\/li>\n<li><strong>Integra\u00e7\u00e3o f\u00e1cil<\/strong>: Com m\u00faltiplas interfaces de comunica\u00e7\u00e3o como TTL, RS485 e RS232, os nossos sensores integram-se sem esfor\u00e7o nos sistemas existentes, reduzindo o tempo e a complexidade da instala\u00e7\u00e3o.<\/li>\n<li><strong>Adaptado \u00e0s suas necessidades<\/strong>: Oferecemos servi\u00e7os OEM e ODM para personalizar os seus sensores com base nas suas necessidades espec\u00edficas de aplica\u00e7\u00e3o, garantindo que o sensor cumpre os seus requisitos exactos.<\/li>\n<li><strong>Pre\u00e7os diretos da f\u00e1brica<\/strong>: Como fabricante, oferecemos pre\u00e7os competitivos, ajudando-o a poupar custos e a obter sensores de alta qualidade para os seus projectos.<\/li>\n<\/ul>","protected":false},"excerpt":{"rendered":"<p>O sensor de alcance laser com sa\u00edda anal\u00f3gica da Meskernel proporciona uma precis\u00e3o inigual\u00e1vel, uma resposta r\u00e1pida e uma gama de medi\u00e7\u00e3o extensa, tornando-o a escolha perfeita para aplica\u00e7\u00f5es industriais, exteriores e especializadas. Com mais de 20 anos de experi\u00eancia, a Meskernel oferece um sensor altamente personaliz\u00e1vel com tecnologia avan\u00e7ada de laser verde de 520 nm, op\u00e7\u00f5es de alimenta\u00e7\u00e3o vers\u00e1teis e protocolos de comunica\u00e7\u00e3o robustos. Concebido para funcionar em ambientes dif\u00edceis - incluindo medi\u00e7\u00f5es subaqu\u00e1ticas e em l\u00edquidos - o sensor laser USB garante resultados fi\u00e1veis e de elevado desempenho. Escolha a Meskernel para obter um sensor que satisfa\u00e7a exatamente as suas necessidades e conduza os seus projectos ao sucesso.<\/p>","protected":false},"featured_media":3207,"template":"","meta":{"site-sidebar-layout":"right-sidebar","site-content-layout":"","ast-site-content-layout":"default","site-content-style":"default","site-sidebar-style":"default","ast-global-header-display":"","ast-banner-title-visibility":"","ast-main-header-display":"","ast-hfb-above-header-display":"","ast-hfb-below-header-display":"","ast-hfb-mobile-header-display":"","site-post-title":"","ast-breadcrumbs-content":"","ast-featured-img":"","footer-sml-layout":"","ast-disable-related-posts":"","theme-transparent-header-meta":"default","adv-header-id-meta":"","stick-header-meta":"","header-above-stick-meta":"","header-main-stick-meta":"","header-below-stick-meta":"","astra-migrate-meta-layouts":"set","ast-page-background-enabled":"default","ast-page-background-meta":{"desktop":{"background-color":"var(--ast-global-color-4)","background-image":"","background-repeat":"repeat","background-position":"center center","background-size":"auto","background-attachment":"scroll","background-type":"","background-media":"","overlay-type":"","overlay-color":"","overlay-opacity":"","overlay-gradient":""},"tablet":{"background-color":"","background-image":"","background-repeat":"repeat","background-position":"center center","background-size":"auto","background-attachment":"scroll","background-type":"","background-media":"","overlay-type":"","overlay-color":"","overlay-opacity":"","overlay-gradient":""},"mobile":{"background-color":"","background-image":"","background-repeat":"repeat","background-position":"center center","background-size":"auto","background-attachment":"scroll","background-type":"","background-media":"","overlay-type":"","overlay-color":"","overlay-opacity":"","overlay-gradient":""}},"ast-content-background-meta":{"desktop":{"background-color":"var(--ast-global-color-5)","background-image":"","background-repeat":"repeat","background-position":"center center","background-size":"auto","background-attachment":"scroll","background-type":"","background-media":"","overlay-type":"","overlay-color":"","overlay-opacity":"","overlay-gradient":""},"tablet":{"background-color":"var(--ast-global-color-5)","background-image":"","background-repeat":"repeat","background-position":"center center","background-size":"auto","background-attachment":"scroll","background-type":"","background-media":"","overlay-type":"","overlay-color":"","overlay-opacity":"","overlay-gradient":""},"mobile":{"background-color":"var(--ast-global-color-5)","background-image":"","background-repeat":"repeat","background-position":"center center","background-size":"auto","background-attachment":"scroll","background-type":"","background-media":"","overlay-type":"","overlay-color":"","overlay-opacity":"","overlay-gradient":""}}},"product_brand":[60],"product_cat":[52],"product_tag":[],"class_list":{"0":"post-3070","1":"product","2":"type-product","3":"status-publish","4":"has-post-thumbnail","6":"product_brand-meskernel","7":"product_cat-phase-distance-sensor","8":"desktop-align-center","9":"tablet-align-left","10":"mobile-align-left","12":"first","13":"instock","14":"shipping-taxable","15":"product-type-simple"},"_links":{"self":[{"href":"https:\/\/meskernel.net\/pt\/wp-json\/wp\/v2\/product\/3070","targetHints":{"allow":["GET"]}}],"collection":[{"href":"https:\/\/meskernel.net\/pt\/wp-json\/wp\/v2\/product"}],"about":[{"href":"https:\/\/meskernel.net\/pt\/wp-json\/wp\/v2\/types\/product"}],"version-history":[{"count":0,"href":"https:\/\/meskernel.net\/pt\/wp-json\/wp\/v2\/product\/3070\/revisions"}],"wp:featuredmedia":[{"embeddable":true,"href":"https:\/\/meskernel.net\/pt\/wp-json\/wp\/v2\/media\/3207"}],"wp:attachment":[{"href":"https:\/\/meskernel.net\/pt\/wp-json\/wp\/v2\/media?parent=3070"}],"wp:term":[{"taxonomy":"product_brand","embeddable":true,"href":"https:\/\/meskernel.net\/pt\/wp-json\/wp\/v2\/product_brand?post=3070"},{"taxonomy":"product_cat","embeddable":true,"href":"https:\/\/meskernel.net\/pt\/wp-json\/wp\/v2\/product_cat?post=3070"},{"taxonomy":"product_tag","embeddable":true,"href":"https:\/\/meskernel.net\/pt\/wp-json\/wp\/v2\/product_tag?post=3070"}],"curies":[{"name":"wp","href":"https:\/\/api.w.org\/{rel}","templated":true}]}}