{"id":3100,"date":"2024-12-16T09:50:02","date_gmt":"2024-12-16T01:50:02","guid":{"rendered":"https:\/\/meskernel.net\/?post_type=product&#038;p=3100"},"modified":"2025-12-29T14:06:43","modified_gmt":"2025-12-29T06:06:43","slug":"sensor-de-detecao-de-objectos","status":"publish","type":"product","link":"https:\/\/meskernel.net\/pt\/product\/object-detection-sensor\/","title":{"rendered":"Sensor de dist\u00e2ncia laser quadrado PTFS - Dete\u00e7\u00e3o de objectos de longo alcance a 700m a 3Hz"},"content":{"rendered":"<p data-start=\"219\" data-end=\"299\"><strong data-start=\"219\" data-end=\"299\">Sensores de dist\u00e2ncia para alarme e notifica\u00e7\u00f5es m\u00f3veis: Uma solu\u00e7\u00e3o de seguran\u00e7a inteligente<\/strong><\/p>\n<p data-start=\"301\" data-end=\"735\">No mundo atual das casas inteligentes e da automa\u00e7\u00e3o, os sensores de dist\u00e2ncia est\u00e3o a tornar-se componentes essenciais. Estes sensores podem medir a dist\u00e2ncia entre objectos e integrar-se perfeitamente com sistemas de alarme e funcionalidades de notifica\u00e7\u00e3o m\u00f3vel, fornecendo alertas em tempo real e monitoriza\u00e7\u00e3o remota. Nesta publica\u00e7\u00e3o do blogue, vamos explorar a forma de combinar sensores de dist\u00e2ncia com alarmes e notifica\u00e7\u00f5es m\u00f3veis para criar uma solu\u00e7\u00e3o de seguran\u00e7a inteligente e automatizada.<\/p>\n<h3 style=\"text-align: left;\">Carater\u00edsticas principais<\/h3>\n<figure id=\"attachment_2978\" aria-describedby=\"caption-attachment-2978\" style=\"width: 433px\" class=\"wp-caption alignright\"><img fetchpriority=\"high\" decoding=\"async\" class=\"wp-image-2978\" title=\"Sensor de dete\u00e7\u00e3o de objectos\" src=\"https:\/\/meskernel.net\/wp-content\/uploads\/2024\/11\/Laser-Ranging-Sensor-PTFS.jpg\" alt=\"Sensor de dete\u00e7\u00e3o de objectos\" width=\"433\" height=\"433\" srcset=\"https:\/\/meskernel.net\/wp-content\/uploads\/2024\/11\/Laser-Ranging-Sensor-PTFS.jpg 800w, https:\/\/meskernel.net\/wp-content\/uploads\/2024\/11\/Laser-Ranging-Sensor-PTFS-300x300.jpg 300w, https:\/\/meskernel.net\/wp-content\/uploads\/2024\/11\/Laser-Ranging-Sensor-PTFS-150x150.jpg 150w, https:\/\/meskernel.net\/wp-content\/uploads\/2024\/11\/Laser-Ranging-Sensor-PTFS-768x768.jpg 768w, https:\/\/meskernel.net\/wp-content\/uploads\/2024\/11\/Laser-Ranging-Sensor-PTFS-400x400.jpg 400w, https:\/\/meskernel.net\/wp-content\/uploads\/2024\/11\/Laser-Ranging-Sensor-PTFS-100x100.jpg 100w\" sizes=\"(max-width: 433px) 100vw, 433px\" \/><figcaption id=\"caption-attachment-2978\" class=\"wp-caption-text\">Sensor de dete\u00e7\u00e3o de objectos<\/figcaption><\/figure>\n<ul>\n<li style=\"text-align: left;\"><strong>Dist\u00e2ncia m\u00e9dia<\/strong><br \/>\nM\u00faltiplas op\u00e7\u00f5es de dist\u00e2ncia, proporcionando gamas de medi\u00e7\u00e3o de 100 metros, 400 metros, 700 metros e 1100 metros.<\/li>\n<li style=\"text-align: left;\"><strong>Alta frequ\u00eancia<\/strong><br \/>\nFrequ\u00eancias personaliz\u00e1veis que variam entre 3 Hz e 500 Hz, tornando-o ideal para aplica\u00e7\u00f5es que exigem tempos de resposta r\u00e1pidos.<\/li>\n<li style=\"text-align: left;\"><strong>Integra\u00e7\u00e3o f\u00e1cil<\/strong><br \/>\nA estrutura quadrada \u00e9 f\u00e1cil de integrar no sistema.<\/li>\n<li style=\"text-align: left;\"><strong>O m\u00f3dulo cl\u00e1ssico destaca-se pela sua durabilidade<\/strong><br \/>\nFabricado utilizando a tecnologia pulsada e o laser de 905 nm, tem sido um produto emblem\u00e1tico na categoria da Meskernel ap\u00f3s itera\u00e7\u00f5es e actualiza\u00e7\u00f5es t\u00e9cnicas, e \u00e9 bem aceite por clientes em diferentes regi\u00f5es.<\/li>\n<\/ul>\n<div class=\"mceTemp\"><\/div>\n<div class=\"text-content\">\n<h3 data-start=\"1401\" data-end=\"1433\">1. Como funcionam os sensores de dist\u00e2ncia<\/h3>\n<p data-start=\"1435\" data-end=\"1572\"><strong data-start=\"1435\" data-end=\"1463\">Sensores de dete\u00e7\u00e3o de objectos<\/strong> medem a dist\u00e2ncia entre o sensor e um objeto utilizando uma variedade de tecnologias. Os tipos mais comuns incluem:<\/p>\n<ul data-start=\"1574\" data-end=\"2007\">\n<li data-start=\"1574\" data-end=\"1722\"><strong data-start=\"1576\" data-end=\"1598\">Sensores ultra-s\u00f3nicos<\/strong>: Emitir ondas sonoras para calcular a dist\u00e2ncia com base no tempo que o som demora a regressar. \u00datil para a dete\u00e7\u00e3o b\u00e1sica.<\/li>\n<li data-start=\"1723\" data-end=\"1823\"><strong data-start=\"1725\" data-end=\"1745\">Sensores de infravermelhos<\/strong>: Utilizam a luz infravermelha para a dete\u00e7\u00e3o a curta dist\u00e2ncia, normalmente dentro de alguns metros.<\/li>\n<li data-start=\"1824\" data-end=\"2007\"><strong data-start=\"1826\" data-end=\"1843\">Sensores laser<\/strong>: Feixes laser de alta precis\u00e3o que fornecem medi\u00e7\u00f5es de dist\u00e2ncia exactas, ideais para aplica\u00e7\u00f5es de m\u00e9dio e longo alcance como o Sensor de Dist\u00e2ncia Quadrado PTFS 700m.<\/li>\n<\/ul>\n<p data-start=\"2009\" data-end=\"2245\">Quando um sensor de dist\u00e2ncia recolhe os dados, envia-os para uma unidade de processamento (como um microcontrolador ou um dispositivo incorporado), que desencadeia ac\u00e7\u00f5es com base em condi\u00e7\u00f5es predefinidas, como a ativa\u00e7\u00e3o de um alarme ou o envio de uma notifica\u00e7\u00e3o.<\/p>\n<h3 data-start=\"2247\" data-end=\"2280\">2. Configurar um sistema de alarme<\/h3>\n<p data-start=\"2282\" data-end=\"2447\">Quando um sensor de dist\u00e2ncia detecta um objeto a entrar numa zona predefinida (ou seja, a dist\u00e2ncia desce abaixo de um limiar espec\u00edfico), o sistema pode acionar v\u00e1rios alarmes:<\/p>\n<ul data-start=\"2449\" data-end=\"2709\">\n<li data-start=\"2449\" data-end=\"2535\"><strong data-start=\"2451\" data-end=\"2467\">Alarmes sonoros<\/strong>: Um sinal sonoro ou uma sirene alertam os utilizadores para potenciais amea\u00e7as ou intrus\u00f5es.<\/li>\n<li data-start=\"2536\" data-end=\"2627\"><strong data-start=\"2538\" data-end=\"2555\">Alarmes visuais<\/strong>: As luzes intermitentes assinalam os estados de alerta, tais como avisos ou emerg\u00eancias.<\/li>\n<li data-start=\"2628\" data-end=\"2709\"><strong data-start=\"2630\" data-end=\"2650\">Alarmes de vibra\u00e7\u00e3o<\/strong>: Um dispositivo vibrat\u00f3rio pode alertar os utilizadores em ambientes ruidosos.<\/li>\n<\/ul>\n<p data-start=\"2711\" data-end=\"2848\">Este sistema de alarme ajuda a evitar intrus\u00f5es, a alertar as pessoas para perigos ou a garantir que os objectos se mant\u00eam a uma dist\u00e2ncia segura de \u00e1reas perigosas.<\/p>\n<h3 data-start=\"2850\" data-end=\"2888\">3. Integra\u00e7\u00e3o de notifica\u00e7\u00f5es m\u00f3veis<\/h3>\n<p data-start=\"2890\" data-end=\"3096\">Com o crescimento da IoT, muitos dispositivos t\u00eam agora a capacidade de enviar notifica\u00e7\u00f5es para o seu smartphone. Ao integrar um sensor de dist\u00e2ncia com um sistema de notifica\u00e7\u00e3o m\u00f3vel, os utilizadores podem receber alertas remotamente.<\/p>\n<p data-start=\"3098\" data-end=\"3127\"><strong data-start=\"3098\" data-end=\"3126\">Passos para a implementa\u00e7\u00e3o<\/strong>:<\/p>\n<ol data-start=\"3128\" data-end=\"3678\">\n<li data-start=\"3128\" data-end=\"3285\"><strong data-start=\"3131\" data-end=\"3150\">Recolha de dados<\/strong>: O sensor de dete\u00e7\u00e3o de objectos monitoriza continuamente o ambiente e envia dados de dist\u00e2ncia para um microcontrolador ou sistema incorporado.<\/li>\n<li data-start=\"3286\" data-end=\"3412\"><strong data-start=\"3289\" data-end=\"3315\">Definir condi\u00e7\u00f5es de acionamento<\/strong>: Definir um limiar de dist\u00e2ncia. Se um objeto ultrapassar este limite, o sistema dispara um alarme.<\/li>\n<li data-start=\"3413\" data-end=\"3533\"><strong data-start=\"3416\" data-end=\"3430\">Liga\u00e7\u00e3o em rede<\/strong>: O sistema envia dados atrav\u00e9s de Wi-Fi, Bluetooth ou redes celulares para uma plataforma na nuvem ou um servidor local.<\/li>\n<li data-start=\"3534\" data-end=\"3678\"><strong data-start=\"3537\" data-end=\"3564\">Notifica\u00e7\u00e3o de aplica\u00e7\u00f5es m\u00f3veis<\/strong>: Uma aplica\u00e7\u00e3o m\u00f3vel (Android ou iOS) recebe notifica\u00e7\u00f5es push da nuvem ou do servidor, alertando os utilizadores em tempo real.<\/li>\n<\/ol>\n<p data-start=\"3680\" data-end=\"3857\">Plataformas como o Arduino, o Raspberry Pi e servi\u00e7os IoT como o IFTTT ou o Blynk podem ajud\u00e1-lo a enviar facilmente dados de sensores para a nuvem e a acionar notifica\u00e7\u00f5es m\u00f3veis.<\/p>\n<h3 data-start=\"3859\" data-end=\"3897\">4. Exemplos de aplica\u00e7\u00f5es no mundo real<\/h3>\n<p data-start=\"3899\" data-end=\"3987\">Eis algumas utiliza\u00e7\u00f5es pr\u00e1ticas para sensores de dist\u00e2ncia, alarmes e notifica\u00e7\u00f5es m\u00f3veis:<\/p>\n<ul data-start=\"3989\" data-end=\"4750\">\n<li data-start=\"3989\" data-end=\"4255\"><strong data-start=\"3991\" data-end=\"4021\">Sistema de seguran\u00e7a dom\u00e9stico inteligente<\/strong>: Instale sensores de dist\u00e2ncia em portas ou janelas para monitorizar o acesso n\u00e3o autorizado. Se algu\u00e9m se aproximar demasiado ou tentar abrir uma porta\/janela, o sistema dispara um alarme e envia uma notifica\u00e7\u00e3o instant\u00e2nea para o smartphone do propriet\u00e1rio.<\/li>\n<li data-start=\"4256\" data-end=\"4488\"><strong data-start=\"4258\" data-end=\"4287\">Sistema de gest\u00e3o de estacionamento<\/strong>: Utilizar sensores de dist\u00e2ncia em parques de estacionamento para detetar lugares de estacionamento dispon\u00edveis. Quando um ve\u00edculo estaciona ou se aproxima de um lugar, o sistema pode acionar alertas para notificar o gestor de estacionamento ou o propriet\u00e1rio do sistema.<\/li>\n<li data-start=\"4489\" data-end=\"4750\"><strong data-start=\"4491\" data-end=\"4523\">Monitoriza\u00e7\u00e3o da seguran\u00e7a industrial<\/strong>: Nas f\u00e1bricas, os sensores de dist\u00e2ncia monitorizam as m\u00e1quinas ou as zonas perigosas. Se um objeto entrar numa \u00e1rea perigosa, o sistema dispara um alarme e envia um alerta a um supervisor, ajudando a evitar acidentes ou danos no equipamento.<\/li>\n<\/ul>\n<h3 data-start=\"4752\" data-end=\"4793\">5. Escolher o sensor de dist\u00e2ncia correto<\/h3>\n<p data-start=\"4795\" data-end=\"4864\">Ao selecionar um sensor de dist\u00e2ncia, considere os seguintes factores:<\/p>\n<ul data-start=\"4866\" data-end=\"5525\">\n<li data-start=\"4866\" data-end=\"5124\"><strong data-start=\"4868\" data-end=\"4889\">Gama de medi\u00e7\u00e3o<\/strong>: Escolha um sensor com base no alcance necess\u00e1rio. Para sistemas de estacionamento, um sensor com um alcance de alguns metros pode ser suficiente, enquanto as aplica\u00e7\u00f5es industriais podem exigir sensores com alcances mais longos, como o Sensor de Dist\u00e2ncia Quadrado PTFS 700m.<\/li>\n<li data-start=\"5125\" data-end=\"5254\"><strong data-start=\"5127\" data-end=\"5139\">Exatid\u00e3o<\/strong>: Para aplica\u00e7\u00f5es que necessitam de elevada precis\u00e3o, como o fabrico autom\u00e1tico, opte por sensores com uma precis\u00e3o superior.<\/li>\n<li data-start=\"5255\" data-end=\"5365\"><strong data-start=\"5257\" data-end=\"5274\">Tempo de resposta<\/strong>: Nos sistemas de seguran\u00e7a, os tempos de resposta r\u00e1pidos s\u00e3o cruciais. Escolha sensores com feedback r\u00e1pido.<\/li>\n<li data-start=\"5366\" data-end=\"5525\"><strong data-start=\"5368\" data-end=\"5399\">Compatibilidade ambiental<\/strong>: Considere a temperatura, a humidade e a resist\u00eancia ao p\u00f3. Os sensores com uma classifica\u00e7\u00e3o IP elevada s\u00e3o mais adequados para ambientes agressivos.<\/li>\n<\/ul>\n<h3 data-start=\"5527\" data-end=\"5569\">6. Expans\u00e3o e otimiza\u00e7\u00e3o do sistema<\/h3>\n<p data-start=\"5571\" data-end=\"5677\">Uma vez configurado o seu sistema b\u00e1sico de alarme e notifica\u00e7\u00e3o, existem v\u00e1rias formas de o expandir e otimizar:<\/p>\n<ul data-start=\"5679\" data-end=\"6150\">\n<li data-start=\"5679\" data-end=\"5813\"><strong data-start=\"5681\" data-end=\"5701\">Adicionar mais sensores<\/strong>: Instalar sensores adicionais para criar uma rede de monitoriza\u00e7\u00e3o mais abrangente para uma melhor cobertura e seguran\u00e7a.<\/li>\n<li data-start=\"5814\" data-end=\"5978\"><strong data-start=\"5816\" data-end=\"5848\">Integrar dispositivos adicionais<\/strong>: Combine sensores de dist\u00e2ncia com outros dispositivos inteligentes, como c\u00e2maras, fechaduras ou sensores de temperatura, para criar um sistema mais robusto.<\/li>\n<li data-start=\"5979\" data-end=\"6150\"><strong data-start=\"5981\" data-end=\"6017\">An\u00e1lise de dados e aprendizagem autom\u00e1tica<\/strong>: Analisar os dados dos sensores para permitir que o sistema se adapte a diferentes cen\u00e1rios, melhorando a exatid\u00e3o dos alertas e o desempenho geral.<\/li>\n<\/ul>\n<h3 data-start=\"6152\" data-end=\"6169\">Interface PCI<\/h3>\n<p data-start=\"6171\" data-end=\"6333\">O suporte para transmiss\u00e3o Bluetooth, bem como para interfaces TTL\/RS232\/RS485 tr\u00eas-em-um, assegura uma transmiss\u00e3o de dados mais eficiente para sensores de dist\u00e2ncia.<\/p>\n<\/div>\n<div>\n<figure id=\"attachment_2979\" aria-describedby=\"caption-attachment-2979\" style=\"width: 800px\" class=\"wp-caption aligncenter\"><img decoding=\"async\" class=\"wp-image-2979 size-full\" title=\"Sensor de dete\u00e7\u00e3o de objectos 700m\" src=\"https:\/\/meskernel.net\/wp-content\/uploads\/2024\/11\/PTFS-Laser-Ranging-Sensor-700m.jpg\" alt=\"Sensor de alcance laser PTFS 700m\" width=\"800\" height=\"800\" srcset=\"https:\/\/meskernel.net\/wp-content\/uploads\/2024\/11\/PTFS-Laser-Ranging-Sensor-700m.jpg 800w, https:\/\/meskernel.net\/wp-content\/uploads\/2024\/11\/PTFS-Laser-Ranging-Sensor-700m-300x300.jpg 300w, https:\/\/meskernel.net\/wp-content\/uploads\/2024\/11\/PTFS-Laser-Ranging-Sensor-700m-150x150.jpg 150w, https:\/\/meskernel.net\/wp-content\/uploads\/2024\/11\/PTFS-Laser-Ranging-Sensor-700m-768x768.jpg 768w, https:\/\/meskernel.net\/wp-content\/uploads\/2024\/11\/PTFS-Laser-Ranging-Sensor-700m-400x400.jpg 400w, https:\/\/meskernel.net\/wp-content\/uploads\/2024\/11\/PTFS-Laser-Ranging-Sensor-700m-100x100.jpg 100w\" sizes=\"(max-width: 800px) 100vw, 800px\" \/><figcaption id=\"caption-attachment-2979\" class=\"wp-caption-text\">Sensor de dete\u00e7\u00e3o de objectos<\/figcaption><\/figure>\n<\/div>\n<h4><strong>Solu\u00e7\u00f5es OEM dispon\u00edveis<\/strong><\/h4>\n<p>Oferecemos solu\u00e7\u00f5es OEM para empresas e fabricantes que procuram incorporar o Sensor de Medi\u00e7\u00e3o Laser Meskernel nos seus produtos ou sistemas. O nosso sensor de dete\u00e7\u00e3o de objectos pode ser personalizado para satisfazer as suas necessidades espec\u00edficas, quer se trate de encomendas em massa, interfaces personalizadas ou embalagens \u00fanicas. Estamos empenhados em fornecer solu\u00e7\u00f5es escal\u00e1veis para melhorar as suas ofertas de produtos.<\/p>\n<h4><strong>Porqu\u00ea escolher o sensor de dete\u00e7\u00e3o de objectos Meskernel?<\/strong><\/h4>\n<ul>\n<li><strong>Precis\u00e3o de longo alcance<\/strong>: Fornece medi\u00e7\u00f5es de dist\u00e2ncia fi\u00e1veis em dist\u00e2ncias alargadas de at\u00e9 1100 metros.<\/li>\n<li><strong>Desempenho de alta velocidade<\/strong>: Recolhe dados rapidamente com uma frequ\u00eancia de 1-3 Hz para aplica\u00e7\u00f5es em tempo real.<\/li>\n<li><strong>Robusto e compacto<\/strong>: Ideal para projectos de pequena e grande dimens\u00e3o, com um design que resiste a ambientes dif\u00edceis.<\/li>\n<li><strong>Integra\u00e7\u00e3o perfeita<\/strong>: Liga-se facilmente aos seus sistemas com op\u00e7\u00f5es de comunica\u00e7\u00e3o flex\u00edveis.<\/li>\n<li><strong>Suporte OEM<\/strong>: Solu\u00e7\u00f5es \u00e0 medida para empresas que necessitam de uma integra\u00e7\u00e3o de sensores personalizada.<\/li>\n<\/ul>\n<p>O sensor de dete\u00e7\u00e3o de objectos Meskernel \u00e9 a solu\u00e7\u00e3o perfeita para qualquer projeto que exija medi\u00e7\u00f5es de longo alcance, recolha r\u00e1pida de dados e f\u00e1cil integra\u00e7\u00e3o de sistemas. Quer esteja a trabalhar em automa\u00e7\u00e3o industrial, rob\u00f3tica ou qualquer outra aplica\u00e7\u00e3o que exija medi\u00e7\u00f5es de dist\u00e2ncia precisas, este sensor proporciona a fiabilidade e o desempenho de que necessita.<\/p>\n<p><a href=\"https:\/\/meskernel.net\/pt\/contacto\/\"><strong>Contacte-nos hoje<\/strong><\/a> para saber mais sobre a forma como o nosso sensor de alcance laser pode melhorar o seu sistema ou projeto e como podemos ajudar com os seus requisitos OEM.<\/p>","protected":false},"excerpt":{"rendered":"<p>Saiba como integrar o sensor de dist\u00e2ncia com sistemas de alarme e notifica\u00e7\u00f5es m\u00f3veis para criar uma solu\u00e7\u00e3o de seguran\u00e7a inteligente. Este guia abrange os tipos de sensores de dist\u00e2ncia, a configura\u00e7\u00e3o de alarmes e a forma de enviar alertas em tempo real para o seu smartphone, oferecendo aplica\u00e7\u00f5es pr\u00e1ticas para seguran\u00e7a dom\u00e9stica inteligente, gest\u00e3o de estacionamento e seguran\u00e7a industrial.<\/p>","protected":false},"featured_media":3705,"template":"","meta":{"site-sidebar-layout":"default","site-content-layout":"","ast-site-content-layout":"default","site-content-style":"default","site-sidebar-style":"default","ast-global-header-display":"","ast-banner-title-visibility":"","ast-main-header-display":"","ast-hfb-above-header-display":"","ast-hfb-below-header-display":"","ast-hfb-mobile-header-display":"","site-post-title":"","ast-breadcrumbs-content":"","ast-featured-img":"","footer-sml-layout":"","ast-disable-related-posts":"","theme-transparent-header-meta":"default","adv-header-id-meta":"","stick-header-meta":"","header-above-stick-meta":"","header-main-stick-meta":"","header-below-stick-meta":"","astra-migrate-meta-layouts":"set","ast-page-background-enabled":"default","ast-page-background-meta":{"desktop":{"background-color":"var(--ast-global-color-4)","background-image":"","background-repeat":"repeat","background-position":"center center","background-size":"auto","background-attachment":"scroll","background-type":"","background-media":"","overlay-type":"","overlay-color":"","overlay-opacity":"","overlay-gradient":""},"tablet":{"background-color":"","background-image":"","background-repeat":"repeat","background-position":"center center","background-size":"auto","background-attachment":"scroll","background-type":"","background-media":"","overlay-type":"","overlay-color":"","overlay-opacity":"","overlay-gradient":""},"mobile":{"background-color":"","background-image":"","background-repeat":"repeat","background-position":"center center","background-size":"auto","background-attachment":"scroll","background-type":"","background-media":"","overlay-type":"","overlay-color":"","overlay-opacity":"","overlay-gradient":""}},"ast-content-background-meta":{"desktop":{"background-color":"var(--ast-global-color-5)","background-image":"","background-repeat":"repeat","background-position":"center center","background-size":"auto","background-attachment":"scroll","background-type":"","background-media":"","overlay-type":"","overlay-color":"","overlay-opacity":"","overlay-gradient":""},"tablet":{"background-color":"var(--ast-global-color-5)","background-image":"","background-repeat":"repeat","background-position":"center center","background-size":"auto","background-attachment":"scroll","background-type":"","background-media":"","overlay-type":"","overlay-color":"","overlay-opacity":"","overlay-gradient":""},"mobile":{"background-color":"var(--ast-global-color-5)","background-image":"","background-repeat":"repeat","background-position":"center center","background-size":"auto","background-attachment":"scroll","background-type":"","background-media":"","overlay-type":"","overlay-color":"","overlay-opacity":"","overlay-gradient":""}}},"product_brand":[60],"product_cat":[30],"product_tag":[],"class_list":{"0":"post-3100","1":"product","2":"type-product","3":"status-publish","4":"has-post-thumbnail","6":"product_brand-meskernel","7":"product_cat-pulse-ranging-sensor","8":"desktop-align-center","9":"tablet-align-left","10":"mobile-align-left","12":"first","13":"instock","14":"shipping-taxable","15":"product-type-simple"},"_links":{"self":[{"href":"https:\/\/meskernel.net\/pt\/wp-json\/wp\/v2\/product\/3100","targetHints":{"allow":["GET"]}}],"collection":[{"href":"https:\/\/meskernel.net\/pt\/wp-json\/wp\/v2\/product"}],"about":[{"href":"https:\/\/meskernel.net\/pt\/wp-json\/wp\/v2\/types\/product"}],"version-history":[{"count":0,"href":"https:\/\/meskernel.net\/pt\/wp-json\/wp\/v2\/product\/3100\/revisions"}],"wp:featuredmedia":[{"embeddable":true,"href":"https:\/\/meskernel.net\/pt\/wp-json\/wp\/v2\/media\/3705"}],"wp:attachment":[{"href":"https:\/\/meskernel.net\/pt\/wp-json\/wp\/v2\/media?parent=3100"}],"wp:term":[{"taxonomy":"product_brand","embeddable":true,"href":"https:\/\/meskernel.net\/pt\/wp-json\/wp\/v2\/product_brand?post=3100"},{"taxonomy":"product_cat","embeddable":true,"href":"https:\/\/meskernel.net\/pt\/wp-json\/wp\/v2\/product_cat?post=3100"},{"taxonomy":"product_tag","embeddable":true,"href":"https:\/\/meskernel.net\/pt\/wp-json\/wp\/v2\/product_tag?post=3100"}],"curies":[{"name":"wp","href":"https:\/\/api.w.org\/{rel}","templated":true}]}}