{"id":3132,"date":"2024-12-19T10:14:20","date_gmt":"2024-12-19T02:14:20","guid":{"rendered":"https:\/\/meskernel.net\/?post_type=product&#038;p=3132"},"modified":"2025-07-28T11:26:19","modified_gmt":"2025-07-28T03:26:19","slug":"sensor-detetor-de-nivel-de-agua","status":"publish","type":"product","link":"https:\/\/meskernel.net\/pt\/product\/water-level-detector-sensor\/","title":{"rendered":"Sensor de medi\u00e7\u00e3o de dist\u00e2ncias TS1224 2000m para projectos exteriores precisos"},"content":{"rendered":"<div class=\"text-title\">\n<div class=\"magic-3\">\n<h3 data-start=\"0\" data-end=\"77\"><strong data-start=\"4\" data-end=\"77\">Sensor de medi\u00e7\u00e3o de dist\u00e2ncias TS1224 - 2000m para projectos exteriores precisos<\/strong><\/h3>\n<p data-start=\"79\" data-end=\"613\">O sensor de medi\u00e7\u00e3o de dist\u00e2ncias TS1224 foi concebido para proporcionar uma precis\u00e3o excecional e um desempenho de longo alcance em ambientes exteriores. Quer esteja a trabalhar em topografia, constru\u00e7\u00e3o ou em qualquer projeto de grande escala que exija medi\u00e7\u00f5es precisas, o TS1224 garante que obt\u00e9m sempre dados fi\u00e1veis. Com um alcance de medi\u00e7\u00e3o de 2000 metros, este sensor foi concebido para funcionar em condi\u00e7\u00f5es exteriores exigentes, fornecendo leituras de dist\u00e2ncia precisas que podem ser fundamentais para o sucesso do seu projeto.<\/p>\n<\/div>\n<\/div>\n<figure id=\"attachment_2986\" aria-describedby=\"caption-attachment-2986\" style=\"width: 1000px\" class=\"wp-caption aligncenter\"><img fetchpriority=\"high\" decoding=\"async\" class=\"wp-image-2986 size-full\" title=\"M\u00f3dulo de dist\u00e2ncia laser UART TS1224 2000m\" src=\"https:\/\/meskernel.net\/wp-content\/uploads\/2024\/11\/UART-laser-distance-module-TS1224.jpg\" alt=\"M\u00f3dulo de dist\u00e2ncia laser UART TS1224\" width=\"1000\" height=\"500\" srcset=\"https:\/\/meskernel.net\/wp-content\/uploads\/2024\/11\/UART-laser-distance-module-TS1224.jpg 1000w, https:\/\/meskernel.net\/wp-content\/uploads\/2024\/11\/UART-laser-distance-module-TS1224-300x150.jpg 300w, https:\/\/meskernel.net\/wp-content\/uploads\/2024\/11\/UART-laser-distance-module-TS1224-768x384.jpg 768w, https:\/\/meskernel.net\/wp-content\/uploads\/2024\/11\/UART-laser-distance-module-TS1224-400x200.jpg 400w\" sizes=\"(max-width: 1000px) 100vw, 1000px\" \/><figcaption id=\"caption-attachment-2986\" class=\"wp-caption-text\">M\u00f3dulo de dist\u00e2ncia laser UART TS1224<\/figcaption><\/figure>\n<h3 data-start=\"620\" data-end=\"640\"><strong data-start=\"624\" data-end=\"640\">Carater\u00edsticas principais<\/strong><\/h3>\n<ul>\n<li data-start=\"642\" data-end=\"683\"><strong data-start=\"647\" data-end=\"683\">Gama de medi\u00e7\u00e3o alargada de 2000 m<\/strong><\/li>\n<\/ul>\n<p data-start=\"684\" data-end=\"973\">Com um not\u00e1vel alcance de at\u00e9 2000 metros, o TS1224 \u00e9 perfeito para aplica\u00e7\u00f5es que requerem medi\u00e7\u00f5es a longa dist\u00e2ncia. Quer esteja a mapear grandes \u00e1reas, a realizar estudos ambientais ou a gerir vastos locais de constru\u00e7\u00e3o, este sensor proporciona um alcance e uma precis\u00e3o inigual\u00e1veis.<\/p>\n<ul>\n<li data-start=\"975\" data-end=\"1021\"><strong data-start=\"980\" data-end=\"1021\">Design ultra-compacto e economizador de espa\u00e7o<\/strong><\/li>\n<\/ul>\n<p data-start=\"1022\" data-end=\"1292\">Apesar das suas capacidades de longo alcance, o TS1224 apresenta um formato compacto com um lado m\u00e1ximo mais pequeno do que uma moeda. Isto permite uma f\u00e1cil integra\u00e7\u00e3o em espa\u00e7os apertados e sistemas compactos, tornando-o numa escolha ideal quando o tamanho e a efici\u00eancia do espa\u00e7o s\u00e3o cruciais.<\/p>\n<ul>\n<li data-start=\"1294\" data-end=\"1336\"><strong data-start=\"1299\" data-end=\"1336\">Rece\u00e7\u00e3o de sinal de alto desempenho<\/strong><\/li>\n<\/ul>\n<p data-start=\"1337\" data-end=\"1668\">O TS1224 est\u00e1 equipado com vidro de alta transmit\u00e2ncia, que maximiza a rece\u00e7\u00e3o do sinal e assegura medi\u00e7\u00f5es mais claras e precisas a longas dist\u00e2ncias. Esta carater\u00edstica torna-o ideal para projectos no exterior, onde factores ambientais como o clima, as condi\u00e7\u00f5es de luz e o terreno podem interferir com o desempenho.<\/p>\n<ul>\n<li data-start=\"1670\" data-end=\"1721\"><strong data-start=\"1675\" data-end=\"1721\">Estrutura met\u00e1lica dur\u00e1vel para ambientes agressivos<\/strong><\/li>\n<\/ul>\n<p data-start=\"1722\" data-end=\"2021\">Constru\u00eddo para resistir a condi\u00e7\u00f5es dif\u00edceis, o TS1224 possui um design de concha met\u00e1lica que proporciona maior durabilidade. Quer esteja exposto a p\u00f3, humidade ou temperaturas extremas, o sensor proporciona um desempenho consistente, garantindo que as suas medi\u00e7\u00f5es permanecem precisas independentemente do ambiente.<\/p>\n<h3 data-start=\"3070\" data-end=\"3090\"><strong data-start=\"3074\" data-end=\"3090\">Aplica\u00e7\u00f5es<\/strong><\/h3>\n<ul>\n<li data-start=\"3092\" data-end=\"3295\"><strong data-start=\"3094\" data-end=\"3117\">Topografia e cartografia<\/strong>: Ideal para levantamentos em grande escala, o TS1224 pode cobrir dist\u00e2ncias at\u00e9 2000 metros, fornecendo medi\u00e7\u00f5es de alta precis\u00e3o essenciais para mapas topogr\u00e1ficos e planos de locais exactos.<\/li>\n<li data-start=\"3296\" data-end=\"3481\"><strong data-start=\"3298\" data-end=\"3314\">Constru\u00e7\u00e3o<\/strong>: Para grandes projectos de constru\u00e7\u00e3o, o longo alcance do sensor assegura leituras de dist\u00e2ncia fi\u00e1veis para medir parcelas, funda\u00e7\u00f5es e outras estruturas em vastas \u00e1reas.<\/li>\n<li data-start=\"3482\" data-end=\"3681\"><strong data-start=\"3484\" data-end=\"3512\">Monitoriza\u00e7\u00e3o ambiental<\/strong>: O TS1224 \u00e9 adequado para estudos ambientais, onde as medi\u00e7\u00f5es de dist\u00e2ncia precisas podem ser cruciais para monitorizar florestas, zonas h\u00famidas e outras paisagens naturais.<\/li>\n<li data-start=\"3682\" data-end=\"3897\"><strong data-start=\"3684\" data-end=\"3717\">Agricultura e gest\u00e3o do territ\u00f3rio<\/strong>: Para aplica\u00e7\u00f5es em medi\u00e7\u00e3o e gest\u00e3o de terrenos, este sensor \u00e9 perfeito para explora\u00e7\u00f5es agr\u00edcolas de grande escala e terrenos remotos, oferecendo leituras precisas que podem orientar as decis\u00f5es de utiliza\u00e7\u00e3o dos terrenos.<em style=\"font-size: 16px;\"><a href=\"https:\/\/meskernel.net\/pt\/modulo-sensor-de-alcance-de-alta-frequencia\/sensor-de-distancia-de-fase\/\">produtos relacionados<\/a><\/em><\/li>\n<\/ul>\n<p>&nbsp;<\/p>\n<p><img decoding=\"async\" class=\"wp-image-3056 size-full aligncenter\" title=\"Sensor de proximidade\" src=\"https:\/\/meskernel.net\/wp-content\/uploads\/2024\/12\/Proximity-Sensor-1.jpg\" alt=\"Sensor de proximidade\" width=\"1080\" height=\"262\" srcset=\"https:\/\/meskernel.net\/wp-content\/uploads\/2024\/12\/Proximity-Sensor-1.jpg 1080w, https:\/\/meskernel.net\/wp-content\/uploads\/2024\/12\/Proximity-Sensor-1-300x73.jpg 300w, https:\/\/meskernel.net\/wp-content\/uploads\/2024\/12\/Proximity-Sensor-1-1024x248.jpg 1024w, https:\/\/meskernel.net\/wp-content\/uploads\/2024\/12\/Proximity-Sensor-1-768x186.jpg 768w, https:\/\/meskernel.net\/wp-content\/uploads\/2024\/12\/Proximity-Sensor-1-400x97.jpg 400w\" sizes=\"(max-width: 1080px) 100vw, 1080px\" \/><\/p>\n<h3 data-start=\"2028\" data-end=\"2084\"><strong data-start=\"2032\" data-end=\"2084\">Porqu\u00ea escolher o sensor de medi\u00e7\u00e3o de dist\u00e2ncias TS1224?<\/strong><\/h3>\n<p data-start=\"2086\" data-end=\"2126\"><strong data-start=\"2091\" data-end=\"2126\">Precis\u00e3o para projectos cr\u00edticos<\/strong><\/p>\n<p data-start=\"2127\" data-end=\"2381\">Em projectos no exterior onde cada medi\u00e7\u00e3o conta, o TS1224 assegura a obten\u00e7\u00e3o de dados precisos para as suas necessidades. Desde estaleiros de constru\u00e7\u00e3o a monitoriza\u00e7\u00e3o ambiental, este sensor pode lidar com opera\u00e7\u00f5es em grande escala com elevada precis\u00e3o em grandes dist\u00e2ncias.<\/p>\n<p data-start=\"2383\" data-end=\"2421\"><strong data-start=\"2388\" data-end=\"2421\">Versatilidade em todos os sectores<\/strong><\/p>\n<p data-start=\"2422\" data-end=\"2759\">Quer esteja envolvido em levantamentos topogr\u00e1ficos, geodesia, constru\u00e7\u00e3o ou agricultura, o TS1224 <a href=\"https:\/\/www.globalsources.com\/chengdu-meskernel\/showroom_6002100157315.htm\" target=\"_blank\" rel=\"noopener\">sensor<\/a> adapta-se perfeitamente a uma variedade de ind\u00fastrias. A sua combina\u00e7\u00e3o de longo alcance, tamanho compacto e elevada precis\u00e3o torna-o uma ferramenta essencial para tarefas de medi\u00e7\u00e3o no exterior que exigem precis\u00e3o em diversas condi\u00e7\u00f5es.<\/p>\n<p data-start=\"2761\" data-end=\"2800\"><strong data-start=\"2766\" data-end=\"2800\">Integra\u00e7\u00e3o r\u00e1pida e configura\u00e7\u00e3o f\u00e1cil<\/strong><\/p>\n<p data-start=\"2801\" data-end=\"3063\">Com a sua interface de f\u00e1cil utiliza\u00e7\u00e3o e processo de integra\u00e7\u00e3o simples, o sensor TS1224 foi concebido para se adaptar facilmente aos sistemas existentes. \u00c9 ideal para engenheiros e gestores de projectos que necessitam de uma configura\u00e7\u00e3o r\u00e1pida sem a complexidade de uma instala\u00e7\u00e3o complicada.<\/p>\n<p data-start=\"3924\" data-end=\"4509\">O sensor de medi\u00e7\u00e3o de dist\u00e2ncias TS1224 \u00e9 a solu\u00e7\u00e3o ideal para medi\u00e7\u00f5es de longa dist\u00e2ncia com uma precis\u00e3o inigual\u00e1vel em ambientes exteriores. O seu alcance de 2000 metros, o seu design ultra-compacto e a sua durabilidade robusta fazem dele a solu\u00e7\u00e3o perfeita para projectos exigentes no exterior, onde a precis\u00e3o e a fiabilidade s\u00e3o fundamentais. Quer esteja a fazer o levantamento de grandes \u00e1reas de terreno, a gerir projectos de constru\u00e7\u00e3o ou a realizar monitoriza\u00e7\u00e3o ambiental, o TS1224 garante que as suas medi\u00e7\u00f5es est\u00e3o sempre no ponto, permitindo-lhe concluir projectos de forma eficiente e com confian\u00e7a.<\/p>\n<p data-start=\"4511\" data-end=\"4611\">Para mais informa\u00e7\u00f5es ou para obter informa\u00e7\u00f5es sobre a integra\u00e7\u00e3o do TS1224 nos seus sistemas, <a href=\"https:\/\/meskernel.net\/pt\/contacto\/\">contacte-nos hoje<\/a>!<\/p>","protected":false},"excerpt":{"rendered":"<p>O sensor de medi\u00e7\u00e3o de dist\u00e2ncias a laser TS1224 oferece uma precis\u00e3o excecional com um alcance de 2000 metros, tornando-o ideal para projectos no exterior, como cartografia, constru\u00e7\u00e3o e monitoriza\u00e7\u00e3o ambiental. O seu design ultra-compacto, a rece\u00e7\u00e3o de sinal de elevado desempenho e o inv\u00f3lucro met\u00e1lico robusto garantem um funcionamento fi\u00e1vel em condi\u00e7\u00f5es adversas. F\u00e1cil de integrar em sistemas existentes, o TS1224 \u00e9 perfeito para medi\u00e7\u00f5es de grande escala e de alta precis\u00e3o, fornecendo dados r\u00e1pidos e exactos para diversas ind\u00fastrias.<\/p>","protected":false},"featured_media":3707,"template":"","meta":{"site-sidebar-layout":"default","site-content-layout":"","ast-site-content-layout":"default","site-content-style":"default","site-sidebar-style":"default","ast-global-header-display":"","ast-banner-title-visibility":"","ast-main-header-display":"","ast-hfb-above-header-display":"","ast-hfb-below-header-display":"","ast-hfb-mobile-header-display":"","site-post-title":"","ast-breadcrumbs-content":"","ast-featured-img":"","footer-sml-layout":"","ast-disable-related-posts":"","theme-transparent-header-meta":"default","adv-header-id-meta":"","stick-header-meta":"","header-above-stick-meta":"","header-main-stick-meta":"","header-below-stick-meta":"","astra-migrate-meta-layouts":"set","ast-page-background-enabled":"default","ast-page-background-meta":{"desktop":{"background-color":"var(--ast-global-color-4)","background-image":"","background-repeat":"repeat","background-position":"center center","background-size":"auto","background-attachment":"scroll","background-type":"","background-media":"","overlay-type":"","overlay-color":"","overlay-opacity":"","overlay-gradient":""},"tablet":{"background-color":"","background-image":"","background-repeat":"repeat","background-position":"center center","background-size":"auto","background-attachment":"scroll","background-type":"","background-media":"","overlay-type":"","overlay-color":"","overlay-opacity":"","overlay-gradient":""},"mobile":{"background-color":"","background-image":"","background-repeat":"repeat","background-position":"center center","background-size":"auto","background-attachment":"scroll","background-type":"","background-media":"","overlay-type":"","overlay-color":"","overlay-opacity":"","overlay-gradient":""}},"ast-content-background-meta":{"desktop":{"background-color":"var(--ast-global-color-5)","background-image":"","background-repeat":"repeat","background-position":"center center","background-size":"auto","background-attachment":"scroll","background-type":"","background-media":"","overlay-type":"","overlay-color":"","overlay-opacity":"","overlay-gradient":""},"tablet":{"background-color":"var(--ast-global-color-5)","background-image":"","background-repeat":"repeat","background-position":"center center","background-size":"auto","background-attachment":"scroll","background-type":"","background-media":"","overlay-type":"","overlay-color":"","overlay-opacity":"","overlay-gradient":""},"mobile":{"background-color":"var(--ast-global-color-5)","background-image":"","background-repeat":"repeat","background-position":"center center","background-size":"auto","background-attachment":"scroll","background-type":"","background-media":"","overlay-type":"","overlay-color":"","overlay-opacity":"","overlay-gradient":""}}},"product_brand":[60],"product_cat":[30],"product_tag":[],"class_list":{"0":"post-3132","1":"product","2":"type-product","3":"status-publish","4":"has-post-thumbnail","6":"product_brand-meskernel","7":"product_cat-pulse-ranging-sensor","8":"desktop-align-center","9":"tablet-align-left","10":"mobile-align-left","12":"first","13":"instock","14":"shipping-taxable","15":"product-type-simple"},"_links":{"self":[{"href":"https:\/\/meskernel.net\/pt\/wp-json\/wp\/v2\/product\/3132","targetHints":{"allow":["GET"]}}],"collection":[{"href":"https:\/\/meskernel.net\/pt\/wp-json\/wp\/v2\/product"}],"about":[{"href":"https:\/\/meskernel.net\/pt\/wp-json\/wp\/v2\/types\/product"}],"version-history":[{"count":0,"href":"https:\/\/meskernel.net\/pt\/wp-json\/wp\/v2\/product\/3132\/revisions"}],"wp:featuredmedia":[{"embeddable":true,"href":"https:\/\/meskernel.net\/pt\/wp-json\/wp\/v2\/media\/3707"}],"wp:attachment":[{"href":"https:\/\/meskernel.net\/pt\/wp-json\/wp\/v2\/media?parent=3132"}],"wp:term":[{"taxonomy":"product_brand","embeddable":true,"href":"https:\/\/meskernel.net\/pt\/wp-json\/wp\/v2\/product_brand?post=3132"},{"taxonomy":"product_cat","embeddable":true,"href":"https:\/\/meskernel.net\/pt\/wp-json\/wp\/v2\/product_cat?post=3132"},{"taxonomy":"product_tag","embeddable":true,"href":"https:\/\/meskernel.net\/pt\/wp-json\/wp\/v2\/product_tag?post=3132"}],"curies":[{"name":"wp","href":"https:\/\/api.w.org\/{rel}","templated":true}]}}