{"id":3297,"date":"2024-12-30T11:31:42","date_gmt":"2024-12-30T03:31:42","guid":{"rendered":"https:\/\/meskernel.net\/?post_type=product&#038;p=3297"},"modified":"2025-07-03T11:09:44","modified_gmt":"2025-07-03T03:09:44","slug":"laser-measuring-tape","status":"publish","type":"product","link":"https:\/\/meskernel.net\/pt\/product\/laser-measuring-tape\/","title":{"rendered":"Fita m\u00e9trica laser 2 em 1: r\u00e9gua port\u00e1til de 40 m para medi\u00e7\u00f5es precisas e f\u00e1ceis"},"content":{"rendered":"<h3>2-in-1 Laser Measuring Tape 40m Portable Electronic Ruler Measurement High Precision<\/h3>\n<p>Descubra o poder da medi\u00e7\u00e3o exacta de dist\u00e2ncias com a nossa fita m\u00e9trica laser, concebida para precis\u00e3o e versatilidade. Com uma gama de medi\u00e7\u00e3o de 0,03 m a 40 m, esta ferramenta compacta oferece uma precis\u00e3o excecional, tornando-a perfeita para uma vasta gama de aplica\u00e7\u00f5es, desde projectos de constru\u00e7\u00e3o e melhoramento da casa at\u00e9 desportos ao ar livre e passatempos.<\/p>\n<figure id=\"attachment_2957\" aria-describedby=\"caption-attachment-2957\" style=\"width: 667px\" class=\"wp-caption aligncenter\"><img fetchpriority=\"high\" decoding=\"async\" class=\"wp-image-2957 size-full\" title=\"fita m\u00e9trica laser com carregamento por usb\" src=\"https:\/\/meskernel.net\/wp-content\/uploads\/2024\/11\/USB-CHARGING.png\" alt=\"fita m\u00e9trica laser com carregamento por usb\" width=\"667\" height=\"675\" srcset=\"https:\/\/meskernel.net\/wp-content\/uploads\/2024\/11\/USB-CHARGING.png 667w, https:\/\/meskernel.net\/wp-content\/uploads\/2024\/11\/USB-CHARGING-296x300.png 296w, https:\/\/meskernel.net\/wp-content\/uploads\/2024\/11\/USB-CHARGING-400x405.png 400w, https:\/\/meskernel.net\/wp-content\/uploads\/2024\/11\/USB-CHARGING-100x100.png 100w\" sizes=\"(max-width: 667px) 100vw, 667px\" \/><figcaption id=\"caption-attachment-2957\" class=\"wp-caption-text\">fita m\u00e9trica laser com carregamento por usb<\/figcaption><\/figure>\n<h3><strong>Carater\u00edsticas principais:<\/strong><\/h3>\n<h5><strong>Design compacto e port\u00e1til<\/strong><\/h5>\n<p>A fita m\u00e9trica laser tem um tamanho ultra-compacto de M6 72x72x35mm, tornando-a f\u00e1cil de transportar e armazenar. O seu design pequeno e leve garante a portabilidade sem sacrificar o desempenho. Quer esteja a medir em espa\u00e7os apertados ou em viagem, este dispositivo proporciona comodidade e facilidade de utiliza\u00e7\u00e3o.<\/p>\n<h5><strong>Ampla gama de medi\u00e7\u00e3o<\/strong><\/h5>\n<p>Este dispositivo oferece uma gama de medi\u00e7\u00e3o de 0,03 m a 40 m, ideal para medi\u00e7\u00f5es de curta e longa dist\u00e2ncia. Quer esteja a medir pequenos espa\u00e7os interiores, dist\u00e2ncias para paisagismo ou actividades ao ar livre, este tel\u00e9metro fornece resultados precisos em segundos.<\/p>\n<h5><strong>Elevada precis\u00e3o<\/strong><\/h5>\n<p>Com uma precis\u00e3o de\u00a0<strong>\u00b1<\/strong>3 mm, a fita m\u00e9trica laser garante sempre leituras fi\u00e1veis e de alta precis\u00e3o. Quer esteja a trabalhar num projeto detalhado ou necessite de medi\u00e7\u00f5es r\u00e1pidas para tarefas gerais, esta ferramenta proporciona a precis\u00e3o de que necessita para obter resultados perfeitos.<\/p>\n<h5><strong>Laser de classe II para uma utiliza\u00e7\u00e3o segura<\/strong><\/h5>\n<p>Equipado com um laser de Classe II que funciona na gama de comprimentos de onda de 620-690nm, este dispositivo \u00e9 seguro e eficiente. O laser de Classe II garante a seguran\u00e7a durante a utiliza\u00e7\u00e3o normal e cumpre as normas rigorosas de prote\u00e7\u00e3o ocular.<\/p>\n<h3><strong>F\u00e1cil de utilizar<\/strong><\/h3>\n<p>A interface de f\u00e1cil utiliza\u00e7\u00e3o e os controlos simples facilitam o funcionamento tanto para profissionais como para principiantes. A fita m\u00e9trica laser \u00e9 intuitiva, fornecendo leituras r\u00e1pidas com o premir de um bot\u00e3o.<\/p>\n<figure id=\"attachment_2956\" aria-describedby=\"caption-attachment-2956\" style=\"width: 745px\" class=\"wp-caption aligncenter\"><img decoding=\"async\" class=\"wp-image-2956 size-full\" title=\"Fita m\u00e9trica laser\" src=\"https:\/\/meskernel.net\/wp-content\/uploads\/2024\/11\/Laser-Tape-Measure-1.jpg\" alt=\"Fita m\u00e9trica laser\" width=\"745\" height=\"719\" srcset=\"https:\/\/meskernel.net\/wp-content\/uploads\/2024\/11\/Laser-Tape-Measure-1.jpg 745w, https:\/\/meskernel.net\/wp-content\/uploads\/2024\/11\/Laser-Tape-Measure-1-300x290.jpg 300w, https:\/\/meskernel.net\/wp-content\/uploads\/2024\/11\/Laser-Tape-Measure-1-400x386.jpg 400w\" sizes=\"(max-width: 745px) 100vw, 745px\" \/><figcaption id=\"caption-attachment-2956\" class=\"wp-caption-text\">Fita m\u00e9trica laser<\/figcaption><\/figure>\n<p>A Mini Fita m\u00e9trica laser 3 em 1 USB 40m Digital Measuring Tool \u00e9 perfeita para a bricolage de melhoramentos dom\u00e9sticos. \u00c9 mais exacta e pr\u00e1tica do que as fitas m\u00e9tricas tradicionais.<\/p>\n<ul>\n<li><strong>Design dois em um:<\/strong> Combina uma fita m\u00e9trica de 5 m e um medidor laser de 40 m.<\/li>\n<li><strong>Ecr\u00e3 LED:<\/strong> Medi\u00e7\u00f5es claras e f\u00e1ceis de ler.<\/li>\n<li><strong>Bloqueio autom\u00e1tico:<\/strong> Evita o ressalto da fita para maior seguran\u00e7a.<\/li>\n<li><strong>Medi\u00e7\u00e3o a curta e longa dist\u00e2ncia:<\/strong> Fita adesiva para dist\u00e2ncias curtas e laser para dist\u00e2ncias longas, para evitar erros.<\/li>\n<li><strong>M\u00faltiplos modos:<\/strong> Suporta medidas de dist\u00e2ncia, \u00e1rea, volume e pitag\u00f3ricas.<\/li>\n<\/ul>\n<p>Esta ferramenta satisfaz eficazmente as necessidades de medi\u00e7\u00e3o di\u00e1rias e profissionais.<\/p>\n<p><strong>Encomende agora e experimente medi\u00e7\u00f5es precisas!<\/strong><\/p>\n<p>Quer seja um profissional de <a href=\"https:\/\/meskernel.net\/pt\/aplicacao\/construcao\/\">constru\u00e7\u00e3o<\/a> Se \u00e9 um utilizador profissional ou um amador, esta fita m\u00e9trica laser oferece a precis\u00e3o, a portabilidade e a seguran\u00e7a de que necessita para as suas tarefas de medi\u00e7\u00e3o.<\/p>","protected":false},"excerpt":{"rendered":"<p>Descubra a precis\u00e3o da nossa fita m\u00e9trica laser com um alcance de 0,03 m a 40 m e uma elevada exatid\u00e3o de \u00b13 mm. Compacta, leve e ideal para constru\u00e7\u00e3o, melhoramento da casa, desporto e muito mais. Segura, f\u00e1cil de utilizar e perfeita para medi\u00e7\u00f5es exactas em movimento.<\/p>","protected":false},"featured_media":3298,"template":"","meta":{"site-sidebar-layout":"default","site-content-layout":"","ast-site-content-layout":"default","site-content-style":"default","site-sidebar-style":"default","ast-global-header-display":"","ast-banner-title-visibility":"","ast-main-header-display":"","ast-hfb-above-header-display":"","ast-hfb-below-header-display":"","ast-hfb-mobile-header-display":"","site-post-title":"","ast-breadcrumbs-content":"","ast-featured-img":"","footer-sml-layout":"","ast-disable-related-posts":"","theme-transparent-header-meta":"default","adv-header-id-meta":"","stick-header-meta":"","header-above-stick-meta":"","header-main-stick-meta":"","header-below-stick-meta":"","astra-migrate-meta-layouts":"set","ast-page-background-enabled":"default","ast-page-background-meta":{"desktop":{"background-color":"var(--ast-global-color-4)","background-image":"","background-repeat":"repeat","background-position":"center center","background-size":"auto","background-attachment":"scroll","background-type":"","background-media":"","overlay-type":"","overlay-color":"","overlay-opacity":"","overlay-gradient":""},"tablet":{"background-color":"","background-image":"","background-repeat":"repeat","background-position":"center center","background-size":"auto","background-attachment":"scroll","background-type":"","background-media":"","overlay-type":"","overlay-color":"","overlay-opacity":"","overlay-gradient":""},"mobile":{"background-color":"","background-image":"","background-repeat":"repeat","background-position":"center center","background-size":"auto","background-attachment":"scroll","background-type":"","background-media":"","overlay-type":"","overlay-color":"","overlay-opacity":"","overlay-gradient":""}},"ast-content-background-meta":{"desktop":{"background-color":"var(--ast-global-color-5)","background-image":"","background-repeat":"repeat","background-position":"center center","background-size":"auto","background-attachment":"scroll","background-type":"","background-media":"","overlay-type":"","overlay-color":"","overlay-opacity":"","overlay-gradient":""},"tablet":{"background-color":"var(--ast-global-color-5)","background-image":"","background-repeat":"repeat","background-position":"center center","background-size":"auto","background-attachment":"scroll","background-type":"","background-media":"","overlay-type":"","overlay-color":"","overlay-opacity":"","overlay-gradient":""},"mobile":{"background-color":"var(--ast-global-color-5)","background-image":"","background-repeat":"repeat","background-position":"center center","background-size":"auto","background-attachment":"scroll","background-type":"","background-media":"","overlay-type":"","overlay-color":"","overlay-opacity":"","overlay-gradient":""}}},"product_brand":[60],"product_cat":[29],"product_tag":[],"class_list":{"0":"post-3297","1":"product","2":"type-product","3":"status-publish","4":"has-post-thumbnail","6":"product_brand-meskernel","7":"product_cat-laser-measurement-tool","8":"desktop-align-center","9":"tablet-align-left","10":"mobile-align-left","12":"first","13":"instock","14":"shipping-taxable","15":"product-type-simple"},"_links":{"self":[{"href":"https:\/\/meskernel.net\/pt\/wp-json\/wp\/v2\/product\/3297","targetHints":{"allow":["GET"]}}],"collection":[{"href":"https:\/\/meskernel.net\/pt\/wp-json\/wp\/v2\/product"}],"about":[{"href":"https:\/\/meskernel.net\/pt\/wp-json\/wp\/v2\/types\/product"}],"version-history":[{"count":0,"href":"https:\/\/meskernel.net\/pt\/wp-json\/wp\/v2\/product\/3297\/revisions"}],"wp:featuredmedia":[{"embeddable":true,"href":"https:\/\/meskernel.net\/pt\/wp-json\/wp\/v2\/media\/3298"}],"wp:attachment":[{"href":"https:\/\/meskernel.net\/pt\/wp-json\/wp\/v2\/media?parent=3297"}],"wp:term":[{"taxonomy":"product_brand","embeddable":true,"href":"https:\/\/meskernel.net\/pt\/wp-json\/wp\/v2\/product_brand?post=3297"},{"taxonomy":"product_cat","embeddable":true,"href":"https:\/\/meskernel.net\/pt\/wp-json\/wp\/v2\/product_cat?post=3297"},{"taxonomy":"product_tag","embeddable":true,"href":"https:\/\/meskernel.net\/pt\/wp-json\/wp\/v2\/product_tag?post=3297"}],"curies":[{"name":"wp","href":"https:\/\/api.w.org\/{rel}","templated":true}]}}