{"id":3700,"date":"2025-02-11T11:08:16","date_gmt":"2025-02-11T03:08:16","guid":{"rendered":"https:\/\/meskernel.net\/?post_type=product&#038;p=3700"},"modified":"2025-12-29T14:02:35","modified_gmt":"2025-12-29T06:02:35","slug":"sensores-de-alcance-laser","status":"publish","type":"product","link":"https:\/\/meskernel.net\/pt\/product\/laser-ranging-sensors\/","title":{"rendered":"PTFS-300 50Hz Laser Ranging Sensor | M\u00f3dulo de medi\u00e7\u00e3o de dist\u00e2ncia de alta velocidade"},"content":{"rendered":"<p data-start=\"207\" data-end=\"311\"><strong data-start=\"207\" data-end=\"311\">PTFS-300-50Hz Laser Ranging Sensors - Medi\u00e7\u00e3o de precis\u00e3o e alta velocidade para aplica\u00e7\u00f5es vers\u00e1teis<\/strong><\/p>\n<p data-start=\"313\" data-end=\"862\">O PTFS-300-50Hz Laser Ranging Sensors \u00e9 um m\u00f3dulo de medi\u00e7\u00e3o de alto desempenho concebido para a medi\u00e7\u00e3o fi\u00e1vel de dist\u00e2ncias utilizando tecnologia laser pulsada. Emite uma s\u00e9rie de feixes laser pulsados, calcula a dist\u00e2ncia com base no tempo de ida e volta do laser e fornece resultados exactos mesmo em ambientes dif\u00edceis. Com um alcance de at\u00e9 300 metros, medi\u00e7\u00e3o de alta frequ\u00eancia a 50 Hz e capacidades robustas anti-interfer\u00eancia, este sensor \u00e9 ideal para uma vasta gama de aplica\u00e7\u00f5es industriais, comerciais e de investiga\u00e7\u00e3o.<\/p>\n<div class=\"text-content\">\n<h3 data-start=\"864\" data-end=\"926\"><strong data-start=\"868\" data-end=\"926\">Principais carater\u00edsticas dos sensores de telemetria a laser PTFS-300-50Hz<\/strong><\/h3>\n<p><img fetchpriority=\"high\" decoding=\"async\" class=\"wp-image-2979 alignright\" title=\"Sensor de alcance laser 700m PTFS\" src=\"https:\/\/meskernel.net\/wp-content\/uploads\/2024\/11\/PTFS-Laser-Ranging-Sensor-700m.jpg\" alt=\"Sensor de alcance laser PTFS 700m\" width=\"497\" height=\"497\" srcset=\"https:\/\/meskernel.net\/wp-content\/uploads\/2024\/11\/PTFS-Laser-Ranging-Sensor-700m.jpg 800w, https:\/\/meskernel.net\/wp-content\/uploads\/2024\/11\/PTFS-Laser-Ranging-Sensor-700m-300x300.jpg 300w, https:\/\/meskernel.net\/wp-content\/uploads\/2024\/11\/PTFS-Laser-Ranging-Sensor-700m-150x150.jpg 150w, https:\/\/meskernel.net\/wp-content\/uploads\/2024\/11\/PTFS-Laser-Ranging-Sensor-700m-768x768.jpg 768w, https:\/\/meskernel.net\/wp-content\/uploads\/2024\/11\/PTFS-Laser-Ranging-Sensor-700m-400x400.jpg 400w, https:\/\/meskernel.net\/wp-content\/uploads\/2024\/11\/PTFS-Laser-Ranging-Sensor-700m-100x100.jpg 100w\" sizes=\"(max-width: 497px) 100vw, 497px\" \/><strong data-start=\"933\" data-end=\"972\">1. Medi\u00e7\u00e3o de dist\u00e2ncias excepcionais<\/strong><\/p>\n<p data-start=\"973\" data-end=\"1287\">O sensor de alcance laser PTFS-300-50Hz oferece um alcance de medi\u00e7\u00e3o fi\u00e1vel de at\u00e9 300 metros, tornando-o perfeito para aplica\u00e7\u00f5es de curto e m\u00e9dio alcance. Este sensor suporta medi\u00e7\u00f5es precisas para monitoriza\u00e7\u00e3o industrial, medi\u00e7\u00e3o de velocidade, medi\u00e7\u00e3o de deslocamento e v\u00e1rias outras tarefas.<\/p>\n<p data-start=\"973\" data-end=\"1287\"><strong data-start=\"1294\" data-end=\"1334\">2. Desempenho em alta frequ\u00eancia (50Hz)<\/strong><\/p>\n<p data-start=\"1335\" data-end=\"1616\">Operando a uma frequ\u00eancia de 50Hz, o sensor de alcance laser PTFS-300-50Hz garante medi\u00e7\u00f5es r\u00e1pidas e cont\u00ednuas. A alta frequ\u00eancia \u00e9 crucial para aplica\u00e7\u00f5es que requerem feedback r\u00e1pido e processamento de dados em tempo real, como rob\u00f3tica, automa\u00e7\u00e3o e rastreamento de movimento.<\/p>\n<p data-start=\"1335\" data-end=\"1616\"><strong data-start=\"1623\" data-end=\"1676\">3. Tecnologia anti-interfer\u00eancia para um desempenho est\u00e1vel<\/strong><\/p>\n<p data-start=\"1677\" data-end=\"1946\">O sensor PTFS-300-50Hz foi concebido para resistir a ru\u00eddos e interfer\u00eancias ambientais, garantindo medi\u00e7\u00f5es de dist\u00e2ncia consistentes e exactas. Isto \u00e9 particularmente valioso em ambientes industriais onde o desempenho est\u00e1vel em condi\u00e7\u00f5es dif\u00edceis \u00e9 fundamental.<\/p>\n<p data-start=\"1677\" data-end=\"1946\"><strong data-start=\"1953\" data-end=\"2000\">4. Frequ\u00eancia personaliz\u00e1vel para uma utiliza\u00e7\u00e3o vers\u00e1til<\/strong><\/p>\n<p data-start=\"2001\" data-end=\"2247\">Embora a frequ\u00eancia padr\u00e3o seja de 50 Hz, o sensor pode ser personalizado para suportar frequ\u00eancias entre 1 e 400 Hz, o que lhe permite ser adaptado a uma variedade de aplica\u00e7\u00f5es que requerem diferentes velocidades de medi\u00e7\u00e3o ou feedback em tempo real.<\/p>\n<p data-start=\"2249\" data-end=\"2303\"><strong data-start=\"2254\" data-end=\"2303\">5. Integra\u00e7\u00e3o f\u00e1cil e conetividade flex\u00edvel<\/strong><\/p>\n<p data-start=\"2304\" data-end=\"2661\">Com o seu design compacto e suporte para v\u00e1rias interfaces de comunica\u00e7\u00e3o (TTL, RS232, RS485, Bluetooth, Modbus, UART), o sensor de alcance laser PTFS-300-50Hz integra-se perfeitamente na maioria dos sistemas de automa\u00e7\u00e3o industrial, registadores de dados e redes IoT. A sua estrutura quadrada facilita a instala\u00e7\u00e3o e a integra\u00e7\u00e3o em sistemas com restri\u00e7\u00f5es de espa\u00e7o.<\/p>\n<p data-start=\"2663\" data-end=\"2707\"><strong data-start=\"2668\" data-end=\"2707\">6. Tecnologia laser de 905 nm, segura para os olhos<\/strong><\/p>\n<p data-start=\"2708\" data-end=\"2885\">O laser de 905 nm \u00e9 seguro para os olhos e est\u00e1 em conformidade com as normas de seguran\u00e7a internacionais, garantindo um funcionamento seguro mesmo em ambientes onde possa ocorrer exposi\u00e7\u00e3o humana a feixes laser.<\/p>\n<p data-start=\"2887\" data-end=\"2936\"><strong data-start=\"2892\" data-end=\"2936\">7. Solu\u00e7\u00f5es OEM para aplica\u00e7\u00f5es personalizadas<\/strong><\/p>\n<p data-start=\"2937\" data-end=\"3178\">Oferecemos solu\u00e7\u00f5es OEM para empresas que procuram incorporar o sensor de alcance laser PTFS-300-50Hz nos seus produtos ou sistemas. Configura\u00e7\u00f5es personalizadas, embalagens exclusivas e encomendas em massa est\u00e3o dispon\u00edveis para atender a requisitos espec\u00edficos.<\/p>\n<h3 data-start=\"3180\" data-end=\"3242\"><strong data-start=\"3184\" data-end=\"3242\">Aplica\u00e7\u00f5es dos sensores de telemetria a laser PTFS-300-50Hz<\/strong><\/h3>\n<p data-start=\"3244\" data-end=\"3359\">O PTFS-300-50Hz Laser Ranging Sensors \u00e9 altamente vers\u00e1til e adequado para uma s\u00e9rie de aplica\u00e7\u00f5es, incluindo:<\/p>\n<ul data-start=\"3361\" data-end=\"3840\">\n<li data-start=\"3361\" data-end=\"3484\"><strong data-start=\"3363\" data-end=\"3387\">Medi\u00e7\u00e3o de dist\u00e2ncias<\/strong>: Medi\u00e7\u00f5es exactas at\u00e9 300 metros para v\u00e1rias utiliza\u00e7\u00f5es industriais, cient\u00edficas e comerciais.<\/li>\n<li data-start=\"3485\" data-end=\"3605\"><strong data-start=\"3487\" data-end=\"3525\">Medi\u00e7\u00e3o da velocidade e do deslocamento<\/strong>: Ideal para medi\u00e7\u00f5es din\u00e2micas em rob\u00f3tica, automa\u00e7\u00e3o e sistemas em tempo real.<\/li>\n<li data-start=\"3606\" data-end=\"3718\"><strong data-start=\"3608\" data-end=\"3633\">Levantamento topogr\u00e1fico e cartogr\u00e1fico<\/strong>: Perfeito para tarefas de medi\u00e7\u00e3o de m\u00e9dio alcance, tanto em ambientes interiores como exteriores.<\/li>\n<li data-start=\"3719\" data-end=\"3840\"><strong data-start=\"3721\" data-end=\"3740\">Seguimento de movimentos<\/strong>: Proporciona uma aquisi\u00e7\u00e3o r\u00e1pida de dados, tornando-o ideal para aplica\u00e7\u00f5es em rob\u00f3tica e tecnologia de drones.<\/li>\n<\/ul>\n<\/div>\n<figure id=\"attachment_2980\" aria-describedby=\"caption-attachment-2980\" style=\"width: 800px\" class=\"wp-caption aligncenter\"><img decoding=\"async\" class=\"wp-image-2980 size-full\" title=\"Sensor de medi\u00e7\u00e3o laser PTFS para drone\" src=\"https:\/\/meskernel.net\/wp-content\/uploads\/2024\/11\/PTFS-Laser-Measurement-Sensor.jpg\" alt=\"Sensor de medi\u00e7\u00e3o laser PTFS para drone\" width=\"800\" height=\"800\" srcset=\"https:\/\/meskernel.net\/wp-content\/uploads\/2024\/11\/PTFS-Laser-Measurement-Sensor.jpg 800w, https:\/\/meskernel.net\/wp-content\/uploads\/2024\/11\/PTFS-Laser-Measurement-Sensor-300x300.jpg 300w, https:\/\/meskernel.net\/wp-content\/uploads\/2024\/11\/PTFS-Laser-Measurement-Sensor-150x150.jpg 150w, https:\/\/meskernel.net\/wp-content\/uploads\/2024\/11\/PTFS-Laser-Measurement-Sensor-768x768.jpg 768w, https:\/\/meskernel.net\/wp-content\/uploads\/2024\/11\/PTFS-Laser-Measurement-Sensor-400x400.jpg 400w, https:\/\/meskernel.net\/wp-content\/uploads\/2024\/11\/PTFS-Laser-Measurement-Sensor-100x100.jpg 100w\" sizes=\"(max-width: 800px) 100vw, 800px\" \/><figcaption id=\"caption-attachment-2980\" class=\"wp-caption-text\">Sensor de medi\u00e7\u00e3o laser PTFS para drone<\/figcaption><\/figure>\n<h3 data-start=\"3842\" data-end=\"3900\"><strong data-start=\"3846\" data-end=\"3900\">Porqu\u00ea escolher os sensores de telemetria a laser PTFS-300-50Hz?<\/strong><\/h3>\n<ul data-start=\"3902\" data-end=\"4543\">\n<li data-start=\"3902\" data-end=\"4034\"><strong data-start=\"3904\" data-end=\"3944\">Medi\u00e7\u00e3o de longo alcance de alta precis\u00e3o<\/strong>: Medi\u00e7\u00f5es fi\u00e1veis at\u00e9 300 metros, o que o torna perfeito para uma variedade de aplica\u00e7\u00f5es.<\/li>\n<li data-start=\"4035\" data-end=\"4183\"><strong data-start=\"4037\" data-end=\"4076\">Recolha de dados r\u00e1pida e cont\u00ednua<\/strong>: Com uma frequ\u00eancia de 50Hz, o sensor suporta aplica\u00e7\u00f5es em tempo real, assegurando um processamento r\u00e1pido dos dados.<\/li>\n<li data-start=\"4184\" data-end=\"4333\"><strong data-start=\"4186\" data-end=\"4210\">Dur\u00e1vel e fi\u00e1vel<\/strong>: Constru\u00eddo para funcionar em condi\u00e7\u00f5es dif\u00edceis, este sensor fornece medi\u00e7\u00f5es est\u00e1veis mesmo em ambientes ruidosos ou dif\u00edceis.<\/li>\n<li data-start=\"4334\" data-end=\"4444\"><strong data-start=\"4336\" data-end=\"4360\">Integra\u00e7\u00e3o perfeita<\/strong>: Suporta op\u00e7\u00f5es de conetividade flex\u00edveis para uma f\u00e1cil integra\u00e7\u00e3o nos sistemas existentes.<\/li>\n<li data-start=\"4445\" data-end=\"4543\"><strong data-start=\"4447\" data-end=\"4471\">Op\u00e7\u00f5es personaliz\u00e1veis<\/strong>: Solu\u00e7\u00f5es \u00e0 medida e apoio OEM para satisfazer necessidades de medi\u00e7\u00e3o espec\u00edficas.<\/li>\n<\/ul>\n<p data-start=\"4565\" data-end=\"5037\">O PTFS-300-50Hz Laser Ranging Sensors oferece capacidades de medi\u00e7\u00e3o de dist\u00e2ncias de alta velocidade, alta precis\u00e3o e longo alcance, tornando-o na solu\u00e7\u00e3o perfeita para ind\u00fastrias como a rob\u00f3tica, automa\u00e7\u00e3o, topografia e localiza\u00e7\u00e3o de desloca\u00e7\u00f5es. A sua frequ\u00eancia de 50Hz, o desempenho fi\u00e1vel anti-bloqueio e a f\u00e1cil integra\u00e7\u00e3o fazem dele uma ferramenta essencial para uma vasta gama de aplica\u00e7\u00f5es, desde a automa\u00e7\u00e3o industrial \u00e0 investiga\u00e7\u00e3o e desenvolvimento.<\/p>\n<p data-start=\"5039\" data-end=\"5209\"><a href=\"https:\/\/meskernel.net\/pt\/contacto\/\"><strong data-start=\"5039\" data-end=\"5059\">Contacte-nos hoje<\/strong><\/a> para saber mais sobre como os sensores de alcance laser PTFS-300-50Hz podem melhorar o seu sistema ou projeto, e como podemos ajudar com as suas necessidades OEM.<\/p>","protected":false},"excerpt":{"rendered":"<p>Como fabricante l\u00edder de Sensores de Medi\u00e7\u00e3o por Laser, a Meskernel oferece solu\u00e7\u00f5es personalizadas para satisfazer as suas necessidades espec\u00edficas. Com um alcance de 3 a 700 metros e alta precis\u00e3o, os nossos sensores s\u00e3o perfeitos para automa\u00e7\u00e3o, rob\u00f3tica e aplica\u00e7\u00f5es industriais. Contacte-nos hoje para discutir os seus requisitos personalizados e elevar os seus projectos com tecnologia de precis\u00e3o!<\/p>","protected":false},"featured_media":3701,"template":"","meta":{"site-sidebar-layout":"default","site-content-layout":"","ast-site-content-layout":"default","site-content-style":"default","site-sidebar-style":"default","ast-global-header-display":"","ast-banner-title-visibility":"","ast-main-header-display":"","ast-hfb-above-header-display":"","ast-hfb-below-header-display":"","ast-hfb-mobile-header-display":"","site-post-title":"","ast-breadcrumbs-content":"","ast-featured-img":"","footer-sml-layout":"","ast-disable-related-posts":"","theme-transparent-header-meta":"default","adv-header-id-meta":"","stick-header-meta":"","header-above-stick-meta":"","header-main-stick-meta":"","header-below-stick-meta":"","astra-migrate-meta-layouts":"set","ast-page-background-enabled":"default","ast-page-background-meta":{"desktop":{"background-color":"var(--ast-global-color-4)","background-image":"","background-repeat":"repeat","background-position":"center center","background-size":"auto","background-attachment":"scroll","background-type":"","background-media":"","overlay-type":"","overlay-color":"","overlay-opacity":"","overlay-gradient":""},"tablet":{"background-color":"","background-image":"","background-repeat":"repeat","background-position":"center center","background-size":"auto","background-attachment":"scroll","background-type":"","background-media":"","overlay-type":"","overlay-color":"","overlay-opacity":"","overlay-gradient":""},"mobile":{"background-color":"","background-image":"","background-repeat":"repeat","background-position":"center center","background-size":"auto","background-attachment":"scroll","background-type":"","background-media":"","overlay-type":"","overlay-color":"","overlay-opacity":"","overlay-gradient":""}},"ast-content-background-meta":{"desktop":{"background-color":"var(--ast-global-color-5)","background-image":"","background-repeat":"repeat","background-position":"center center","background-size":"auto","background-attachment":"scroll","background-type":"","background-media":"","overlay-type":"","overlay-color":"","overlay-opacity":"","overlay-gradient":""},"tablet":{"background-color":"var(--ast-global-color-5)","background-image":"","background-repeat":"repeat","background-position":"center center","background-size":"auto","background-attachment":"scroll","background-type":"","background-media":"","overlay-type":"","overlay-color":"","overlay-opacity":"","overlay-gradient":""},"mobile":{"background-color":"var(--ast-global-color-5)","background-image":"","background-repeat":"repeat","background-position":"center center","background-size":"auto","background-attachment":"scroll","background-type":"","background-media":"","overlay-type":"","overlay-color":"","overlay-opacity":"","overlay-gradient":""}}},"product_brand":[60],"product_cat":[30],"product_tag":[],"class_list":{"0":"post-3700","1":"product","2":"type-product","3":"status-publish","4":"has-post-thumbnail","6":"product_brand-meskernel","7":"product_cat-pulse-ranging-sensor","8":"desktop-align-center","9":"tablet-align-left","10":"mobile-align-left","12":"first","13":"instock","14":"shipping-taxable","15":"product-type-simple"},"_links":{"self":[{"href":"https:\/\/meskernel.net\/pt\/wp-json\/wp\/v2\/product\/3700","targetHints":{"allow":["GET"]}}],"collection":[{"href":"https:\/\/meskernel.net\/pt\/wp-json\/wp\/v2\/product"}],"about":[{"href":"https:\/\/meskernel.net\/pt\/wp-json\/wp\/v2\/types\/product"}],"version-history":[{"count":0,"href":"https:\/\/meskernel.net\/pt\/wp-json\/wp\/v2\/product\/3700\/revisions"}],"wp:featuredmedia":[{"embeddable":true,"href":"https:\/\/meskernel.net\/pt\/wp-json\/wp\/v2\/media\/3701"}],"wp:attachment":[{"href":"https:\/\/meskernel.net\/pt\/wp-json\/wp\/v2\/media?parent=3700"}],"wp:term":[{"taxonomy":"product_brand","embeddable":true,"href":"https:\/\/meskernel.net\/pt\/wp-json\/wp\/v2\/product_brand?post=3700"},{"taxonomy":"product_cat","embeddable":true,"href":"https:\/\/meskernel.net\/pt\/wp-json\/wp\/v2\/product_cat?post=3700"},{"taxonomy":"product_tag","embeddable":true,"href":"https:\/\/meskernel.net\/pt\/wp-json\/wp\/v2\/product_tag?post=3700"}],"curies":[{"name":"wp","href":"https:\/\/api.w.org\/{rel}","templated":true}]}}