{"id":3961,"date":"2025-03-26T09:55:07","date_gmt":"2025-03-26T01:55:07","guid":{"rendered":"https:\/\/meskernel.net\/?post_type=product&#038;p=3961"},"modified":"2025-06-11T10:17:59","modified_gmt":"2025-06-11T02:17:59","slug":"modulo-de-medicao-de-distancias-por-laser","status":"publish","type":"product","link":"https:\/\/meskernel.net\/pt\/product\/laser-distance-measuring-module\/","title":{"rendered":"M\u00f3dulo de medi\u00e7\u00e3o de dist\u00e2ncia a laser para automa\u00e7\u00e3o industrial LDL-P4 | Medi\u00e7\u00e3o sem contacto de alta precis\u00e3o de 0,03-40 metros"},"content":{"rendered":"<h3>M\u00f3dulo de sensor de dist\u00e2ncia a laser para automa\u00e7\u00e3o industrial LDL-P4 | Medi\u00e7\u00e3o sem contacto de alta precis\u00e3o de 0,03-40 metros<\/h3>\n<p class=\"\" data-start=\"0\" data-end=\"277\">O m\u00f3dulo de medi\u00e7\u00e3o de dist\u00e2ncias a laser LDL-P4 foi especificamente concebido para a automa\u00e7\u00e3o industrial, fornecendo uma solu\u00e7\u00e3o de medi\u00e7\u00e3o de alta precis\u00e3o e sem contacto. Suporta uma gama de medi\u00e7\u00e3o ultra-ampla de 0,03 metros a 40 metros, com uma precis\u00e3o de at\u00e9 <strong data-start=\"266\" data-end=\"274\">\u00b1<\/strong>1mm.<\/p>\n<p class=\"\" data-start=\"279\" data-end=\"618\">Utilizando tecnologia de dete\u00e7\u00e3o laser duradoura, o m\u00f3dulo foi concebido para suportar ambientes industriais adversos, apresentando uma classifica\u00e7\u00e3o de prote\u00e7\u00e3o IP67 e uma vasta gama de temperaturas de funcionamento de -10\u00b0C a 60\u00b0C. Integra-se perfeitamente em bra\u00e7os rob\u00f3ticos, navega\u00e7\u00e3o AGV, inspe\u00e7\u00e3o de linhas de produ\u00e7\u00e3o e sistemas de log\u00edstica de armaz\u00e9ns.<\/p>\n<p class=\"\" data-start=\"620\" data-end=\"1070\">O LDL-P4 suporta os protocolos RS-485\/Modbus, assegurando a compatibilidade com PLCs e controladores industriais. Oferece sa\u00edda de dados em tempo real, resist\u00eancia \u00e0 interfer\u00eancia da luz ambiente e baixo consumo de energia, melhorando significativamente a efici\u00eancia de posicionamento e a fiabilidade do equipamento de automa\u00e7\u00e3o. Isto torna-o uma solu\u00e7\u00e3o ideal para fabrico inteligente, constru\u00e7\u00e3o, navega\u00e7\u00e3o rob\u00f3tica e outras aplica\u00e7\u00f5es de elevada exig\u00eancia.<\/p>\n<p data-start=\"620\" data-end=\"1070\"><img data-dominant-color=\"dfdfdf\" data-has-transparency=\"false\" style=\"--dominant-color: #dfdfdf;\" fetchpriority=\"high\" decoding=\"async\" class=\"aligncenter wp-image-3967 size-full not-transparent\" src=\"https:\/\/meskernel.net\/wp-content\/uploads\/2025\/03\/laser-distance-sensor-compare.jpg\" alt=\"compara\u00e7\u00e3o de sensores de dist\u00e2ncia a laser\" width=\"1112\" height=\"339\" srcset=\"https:\/\/meskernel.net\/wp-content\/uploads\/2025\/03\/laser-distance-sensor-compare.jpg 1112w, https:\/\/meskernel.net\/wp-content\/uploads\/2025\/03\/laser-distance-sensor-compare-300x91.jpg 300w, https:\/\/meskernel.net\/wp-content\/uploads\/2025\/03\/laser-distance-sensor-compare-1024x312.jpg 1024w, https:\/\/meskernel.net\/wp-content\/uploads\/2025\/03\/laser-distance-sensor-compare-768x234.jpg 768w, https:\/\/meskernel.net\/wp-content\/uploads\/2025\/03\/laser-distance-sensor-compare-400x122.jpg 400w\" sizes=\"(max-width: 1112px) 100vw, 1112px\" \/><\/p>\n<h3>Aplica\u00e7\u00f5es pr\u00e1ticas do m\u00f3dulo de medi\u00e7\u00e3o de dist\u00e2ncias por laser<\/h3>\n<p>O m\u00f3dulo de medi\u00e7\u00e3o de dist\u00e2ncias a laser \u00e9 vers\u00e1til e pode ser utilizado numa vasta gama de aplica\u00e7\u00f5es industriais, incluindo:<\/p>\n<ul>\n<li><strong>Rob\u00f3tica e Automa\u00e7\u00e3o:<\/strong> Os sensores ITOF s\u00e3o ideais para navega\u00e7\u00e3o rob\u00f3tica, preven\u00e7\u00e3o de colis\u00f5es e dete\u00e7\u00e3o de objectos, tanto em interiores como em exteriores. Com a sua r\u00e1pida recolha de dados e precis\u00e3o, s\u00e3o parte integrante dos sistemas rob\u00f3ticos orientados para a IA.<\/li>\n<li><strong>Fabrico inteligente:<\/strong> Em linhas de produ\u00e7\u00e3o automatizadas, os sensores ITOF melhoram a monitoriza\u00e7\u00e3o em tempo real, o controlo de qualidade e a otimiza\u00e7\u00e3o do sistema. Quando integrados com sistemas de vis\u00e3o artificial, estes sensores ajudam os fabricantes a melhorar a precis\u00e3o do processo e a reduzir o tempo de inatividade.<\/li>\n<li><strong><a href=\"https:\/\/meskernel.net\/pt\/aplicacao\/logistics-warehousing\/\">Log\u00edstica e armazenamento<\/a>:<\/strong> Os sensores de dist\u00e2ncia ITOF s\u00e3o fundamentais para automatizar o controlo de invent\u00e1rio, a classifica\u00e7\u00e3o e o manuseamento de materiais em armaz\u00e9ns. Ajudam a otimizar as opera\u00e7\u00f5es de armaz\u00e9m e a melhorar a gest\u00e3o da cadeia de fornecimento, fornecendo medi\u00e7\u00f5es r\u00e1pidas e fi\u00e1veis.<\/li>\n<li><strong>Constru\u00e7\u00e3o e topografia:<\/strong> Para aplica\u00e7\u00f5es como mapeamento de locais, medi\u00e7\u00e3o de dist\u00e2ncias e monitoriza\u00e7\u00e3o de seguran\u00e7a, os sensores ITOF fornecem dados precisos e fi\u00e1veis mesmo nas condi\u00e7\u00f5es mais dif\u00edceis.<\/li>\n<li><strong>Monitoriza\u00e7\u00e3o exterior e ambiental:<\/strong> Os sensores ITOF destacam-se na agricultura, esta\u00e7\u00f5es meteorol\u00f3gicas e investiga\u00e7\u00e3o ambiental, proporcionando um desempenho robusto e fi\u00e1vel, mesmo em ambientes exteriores adversos.<\/li>\n<\/ul>\n<p><img data-dominant-color=\"858580\" data-has-transparency=\"false\" style=\"--dominant-color: #858580;\" decoding=\"async\" class=\"wp-image-3985 size-full aligncenter not-transparent\" src=\"https:\/\/meskernel.net\/wp-content\/uploads\/2025\/03\/height-measurement-sensor.png\" alt=\"sensor de medi\u00e7\u00e3o de altura\" width=\"716\" height=\"291\" srcset=\"https:\/\/meskernel.net\/wp-content\/uploads\/2025\/03\/height-measurement-sensor.png 716w, https:\/\/meskernel.net\/wp-content\/uploads\/2025\/03\/height-measurement-sensor-300x122.png 300w, https:\/\/meskernel.net\/wp-content\/uploads\/2025\/03\/height-measurement-sensor-400x163.png 400w\" sizes=\"(max-width: 716px) 100vw, 716px\" \/><\/p>\n<p><img data-dominant-color=\"6d7573\" data-has-transparency=\"false\" style=\"--dominant-color: #6d7573;\" decoding=\"async\" class=\"wp-image-3986 size-full aligncenter not-transparent\" src=\"https:\/\/meskernel.net\/wp-content\/uploads\/2025\/03\/laser-based-distance-measurement.png\" alt=\"medi\u00e7\u00e3o de dist\u00e2ncias com laser\" width=\"714\" height=\"290\" srcset=\"https:\/\/meskernel.net\/wp-content\/uploads\/2025\/03\/laser-based-distance-measurement.png 714w, https:\/\/meskernel.net\/wp-content\/uploads\/2025\/03\/laser-based-distance-measurement-300x122.png 300w, https:\/\/meskernel.net\/wp-content\/uploads\/2025\/03\/laser-based-distance-measurement-400x162.png 400w\" sizes=\"(max-width: 714px) 100vw, 714px\" \/><\/p>\n<h3 class=\"\" data-start=\"0\" data-end=\"83\"><strong data-start=\"4\" data-end=\"81\">M\u00f3dulo de medi\u00e7\u00e3o de dist\u00e2ncias a laser LDL-P4 - Perguntas mais frequentes (FAQ)<\/strong><\/h3>\n<p data-start=\"85\" data-end=\"143\">1. Qual \u00e9 a gama de medi\u00e7\u00e3o do m\u00f3dulo de medi\u00e7\u00e3o de dist\u00e2ncias a laser LDL-P4?<\/p>\n<p>O LDL-P4 suporta uma gama de medi\u00e7\u00e3o ultra-ampla de 0,03 metros a 40 metros, tornando-o adequado para v\u00e1rias aplica\u00e7\u00f5es industriais.<\/p>\n<p><strong data-start=\"295\" data-end=\"334\">2. Qual o grau de exatid\u00e3o da medi\u00e7\u00e3o?<\/strong><\/p>\n<p>O m\u00f3dulo oferece <strong data-start=\"355\" data-end=\"378\">\u00b1<\/strong>1mm de alta precis\u00e3o, garantindo medi\u00e7\u00f5es fi\u00e1veis e est\u00e1veis para sistemas de automa\u00e7\u00e3o industrial.<\/p>\n<p><strong data-start=\"465\" data-end=\"535\">3. Em que tipo de ambientes industriais pode o LDL-P4 funcionar?<\/strong><\/p>\n<p>Com uma classifica\u00e7\u00e3o de prote\u00e7\u00e3o IP67, o LDL-P4 \u00e9 \u00e0 prova de p\u00f3 e de \u00e1gua, capaz de funcionar em condi\u00e7\u00f5es adversas. Suporta uma ampla gama de temperaturas de -10\u00b0C a 60\u00b0C, tornando-o ideal para fabrico inteligente, constru\u00e7\u00e3o, navega\u00e7\u00e3o rob\u00f3tica, log\u00edstica de armaz\u00e9m e muito mais.<\/p>\n<p><strong data-start=\"837\" data-end=\"906\">4. Como \u00e9 que o M\u00f3dulo de Medi\u00e7\u00e3o de Dist\u00e2ncias a Laser LDL-P4 se integra nos sistemas de controlo industrial?<\/strong><\/p>\n<p>O LDL-P4 suporta os protocolos de comunica\u00e7\u00e3o RS-485 e Modbus, tornando-o compat\u00edvel com PLCs, computadores industriais e controladores de automa\u00e7\u00e3o. Integra-se perfeitamente em AGVs, bra\u00e7os rob\u00f3ticos, linhas de produ\u00e7\u00e3o e outros equipamentos automatizados.<\/p>\n<p><strong data-start=\"1173\" data-end=\"1235\">5. O m\u00f3dulo resiste \u00e0 interfer\u00eancia da luz ambiente?<\/strong><\/p>\n<p>Sim, o LDL-P4 foi concebido com uma elevada tecnologia de dete\u00e7\u00e3o de laser anti-interfer\u00eancia, garantindo um desempenho est\u00e1vel mesmo em condi\u00e7\u00f5es de ilumina\u00e7\u00e3o intensa ou em ambientes industriais complexos.<\/p>\n<p><strong data-start=\"1431\" data-end=\"1482\">6. Qual \u00e9 o consumo de energia do m\u00f3dulo de medi\u00e7\u00e3o de dist\u00e2ncias por laser LDL-P4?<\/strong><\/p>\n<p>O m\u00f3dulo est\u00e1 optimizado para um baixo consumo de energia, o que o torna ideal para um funcionamento cont\u00ednuo em sistemas de automa\u00e7\u00e3o, reduzindo o consumo de energia.<\/p>\n<p><strong data-start=\"1640\" data-end=\"1686\">7. Como \u00e9 que instalo e configuro o M\u00f3dulo de Medi\u00e7\u00e3o de Dist\u00e2ncias com Laser LDL-P4?<\/strong><\/p>\n<p>O LDL-P4 suporta v\u00e1rios m\u00e9todos de instala\u00e7\u00e3o, incluindo montagem fixa e integra\u00e7\u00e3o embutida. \u00c9 fornecido com um manual de utilizador detalhado e um guia de protocolo Modbus para garantir uma configura\u00e7\u00e3o r\u00e1pida e f\u00e1cil.<\/p>\n<p><strong data-start=\"1904\" data-end=\"1978\">8. O m\u00f3dulo suporta monitoriza\u00e7\u00e3o remota ou sa\u00edda de dados em tempo real?<\/strong><\/p>\n<p>Sim, o LDL-P4 possui sa\u00edda de dados em tempo real via RS-485, permitindo uma transmiss\u00e3o de dados perfeita para monitoriza\u00e7\u00e3o remota e integra\u00e7\u00e3o de sistemas industriais.<\/p>\n<p><strong data-start=\"2145\" data-end=\"2200\">9. Quais s\u00e3o as aplica\u00e7\u00f5es t\u00edpicas do m\u00f3dulo de medi\u00e7\u00e3o de dist\u00e2ncias por laser LDL-P4?<\/strong><\/p>\n<p>O LDL-P4 \u00e9 amplamente utilizado no fabrico inteligente, navega\u00e7\u00e3o AGV, preven\u00e7\u00e3o de obst\u00e1culos rob\u00f3ticos, inspe\u00e7\u00e3o de linhas de produ\u00e7\u00e3o, log\u00edstica de armaz\u00e9ns, medi\u00e7\u00e3o de constru\u00e7\u00e3o e monitoriza\u00e7\u00e3o de tr\u00e1fego.<\/p>\n<p><strong data-start=\"2408\" data-end=\"2462\">10. Est\u00e1 dispon\u00edvel apoio t\u00e9cnico ap\u00f3s a compra?<\/strong><\/p>\n<p>Sim, fornecemos documenta\u00e7\u00e3o t\u00e9cnica, orienta\u00e7\u00e3o de instala\u00e7\u00e3o e suporte de depura\u00e7\u00e3o. A nossa equipa de engenheiros profissionais est\u00e1 dispon\u00edvel para ajudar com quaisquer quest\u00f5es, assegurando uma integra\u00e7\u00e3o suave e um desempenho fi\u00e1vel.<\/p>","protected":false},"excerpt":{"rendered":"<p>O m\u00f3dulo de medi\u00e7\u00e3o de dist\u00e2ncias a laser LDL-P4 oferece <strong data-start=\"440\" data-end=\"458\">\u00b1<\/strong>Precis\u00e3o de 1 mm numa gama de 0,03 m-40 m, com durabilidade IP67 e suporte RS-485\/Modbus para uma integra\u00e7\u00e3o industrial perfeita. Perfeito para rob\u00f3tica, AGVs e automa\u00e7\u00e3o.<\/p>","protected":false},"featured_media":3987,"template":"","meta":{"site-sidebar-layout":"default","site-content-layout":"","ast-site-content-layout":"default","site-content-style":"default","site-sidebar-style":"default","ast-global-header-display":"","ast-banner-title-visibility":"","ast-main-header-display":"","ast-hfb-above-header-display":"","ast-hfb-below-header-display":"","ast-hfb-mobile-header-display":"","site-post-title":"","ast-breadcrumbs-content":"","ast-featured-img":"","footer-sml-layout":"","ast-disable-related-posts":"","theme-transparent-header-meta":"default","adv-header-id-meta":"","stick-header-meta":"","header-above-stick-meta":"","header-main-stick-meta":"","header-below-stick-meta":"","astra-migrate-meta-layouts":"set","ast-page-background-enabled":"default","ast-page-background-meta":{"desktop":{"background-color":"var(--ast-global-color-4)","background-image":"","background-repeat":"repeat","background-position":"center center","background-size":"auto","background-attachment":"scroll","background-type":"","background-media":"","overlay-type":"","overlay-color":"","overlay-opacity":"","overlay-gradient":""},"tablet":{"background-color":"","background-image":"","background-repeat":"repeat","background-position":"center center","background-size":"auto","background-attachment":"scroll","background-type":"","background-media":"","overlay-type":"","overlay-color":"","overlay-opacity":"","overlay-gradient":""},"mobile":{"background-color":"","background-image":"","background-repeat":"repeat","background-position":"center center","background-size":"auto","background-attachment":"scroll","background-type":"","background-media":"","overlay-type":"","overlay-color":"","overlay-opacity":"","overlay-gradient":""}},"ast-content-background-meta":{"desktop":{"background-color":"var(--ast-global-color-5)","background-image":"","background-repeat":"repeat","background-position":"center center","background-size":"auto","background-attachment":"scroll","background-type":"","background-media":"","overlay-type":"","overlay-color":"","overlay-opacity":"","overlay-gradient":""},"tablet":{"background-color":"var(--ast-global-color-5)","background-image":"","background-repeat":"repeat","background-position":"center center","background-size":"auto","background-attachment":"scroll","background-type":"","background-media":"","overlay-type":"","overlay-color":"","overlay-opacity":"","overlay-gradient":""},"mobile":{"background-color":"var(--ast-global-color-5)","background-image":"","background-repeat":"repeat","background-position":"center center","background-size":"auto","background-attachment":"scroll","background-type":"","background-media":"","overlay-type":"","overlay-color":"","overlay-opacity":"","overlay-gradient":""}}},"product_brand":[60],"product_cat":[33],"product_tag":[],"class_list":{"0":"post-3961","1":"product","2":"type-product","3":"status-publish","4":"has-post-thumbnail","6":"product_brand-meskernel","7":"product_cat-industrial-laser-distance-sensors","8":"desktop-align-center","9":"tablet-align-left","10":"mobile-align-left","12":"first","13":"instock","14":"shipping-taxable","15":"product-type-simple"},"_links":{"self":[{"href":"https:\/\/meskernel.net\/pt\/wp-json\/wp\/v2\/product\/3961","targetHints":{"allow":["GET"]}}],"collection":[{"href":"https:\/\/meskernel.net\/pt\/wp-json\/wp\/v2\/product"}],"about":[{"href":"https:\/\/meskernel.net\/pt\/wp-json\/wp\/v2\/types\/product"}],"version-history":[{"count":0,"href":"https:\/\/meskernel.net\/pt\/wp-json\/wp\/v2\/product\/3961\/revisions"}],"wp:featuredmedia":[{"embeddable":true,"href":"https:\/\/meskernel.net\/pt\/wp-json\/wp\/v2\/media\/3987"}],"wp:attachment":[{"href":"https:\/\/meskernel.net\/pt\/wp-json\/wp\/v2\/media?parent=3961"}],"wp:term":[{"taxonomy":"product_brand","embeddable":true,"href":"https:\/\/meskernel.net\/pt\/wp-json\/wp\/v2\/product_brand?post=3961"},{"taxonomy":"product_cat","embeddable":true,"href":"https:\/\/meskernel.net\/pt\/wp-json\/wp\/v2\/product_cat?post=3961"},{"taxonomy":"product_tag","embeddable":true,"href":"https:\/\/meskernel.net\/pt\/wp-json\/wp\/v2\/product_tag?post=3961"}],"curies":[{"name":"wp","href":"https:\/\/api.w.org\/{rel}","templated":true}]}}