{"id":4206,"date":"2025-04-17T11:16:54","date_gmt":"2025-04-17T03:16:54","guid":{"rendered":"https:\/\/meskernel.net\/?post_type=product&#038;p=4206"},"modified":"2025-10-21T09:32:43","modified_gmt":"2025-10-21T01:32:43","slug":"modulo-de-sensor-de-distancia-por-laser-de-1-mm","status":"publish","type":"product","link":"https:\/\/meskernel.net\/pt\/product\/1mm-laser-distance-sensor-module\/","title":{"rendered":"M\u00f3dulo de sensor de dist\u00e2ncia a laser de 1 mm LDL-S com 30 Hz e 30 metros para exterior com luz forte"},"content":{"rendered":"<p>nosso <a href=\"https:\/\/www.globalsources.com\/chengdu-meskernel\/showroom_6002100157315.htm\" target=\"_blank\" rel=\"noopener\">M\u00f3dulo de sensor de dist\u00e2ncia a laser de 1 mm<\/a> O LDL-S foi concebido para aplica\u00e7\u00f5es no exterior, oferecendo um desempenho excecional mesmo sob luz solar intensa. \u00c9 excelente em ambientes de sinal fraco, garantindo um funcionamento fi\u00e1vel. Com capacidades de medi\u00e7\u00e3o de alta precis\u00e3o, fornece resultados exactos para tarefas exigentes. O dispositivo suporta uma vasta gama de temperaturas personaliz\u00e1veis, tornando-o adequado para v\u00e1rias condi\u00e7\u00f5es ambientais. Al\u00e9m disso, possui tecnologia laser vermelha ou verde opcional para satisfazer as diversas necessidades dos utilizadores.<\/p>\n<p><img data-dominant-color=\"e6e4e4\" data-has-transparency=\"false\" style=\"--dominant-color: #e6e4e4;\" fetchpriority=\"high\" decoding=\"async\" class=\"wp-image-4207 size-full alignleft not-transparent\" src=\"https:\/\/meskernel.net\/wp-content\/uploads\/2025\/04\/1mm-Laser-Distance-Sensor-Module.webp\" alt=\"M\u00f3dulo de sensor de dist\u00e2ncia a laser de 1 mm\" width=\"696\" height=\"459\" srcset=\"https:\/\/meskernel.net\/wp-content\/uploads\/2025\/04\/1mm-Laser-Distance-Sensor-Module.webp 696w, https:\/\/meskernel.net\/wp-content\/uploads\/2025\/04\/1mm-Laser-Distance-Sensor-Module-300x198.webp 300w, https:\/\/meskernel.net\/wp-content\/uploads\/2025\/04\/1mm-Laser-Distance-Sensor-Module-400x264.webp 400w\" sizes=\"(max-width: 696px) 100vw, 696px\" \/><\/p>\n<p>&nbsp;<\/p>\n<h6>Vantagens<\/h6>\n<ul>\n<li>Utiliza\u00e7\u00e3o no exterior com forte resist\u00eancia \u00e0 luz<\/li>\n<li>Desempenho superior em condi\u00e7\u00f5es de sinal fraco<\/li>\n<li>Medi\u00e7\u00e3o de alta precis\u00e3o<\/li>\n<li>Ampla gama de temperaturas personaliz\u00e1vel<\/li>\n<li>Op\u00e7\u00f5es de laser vermelho\/verde<\/li>\n<\/ul>\n<h5><strong>Quick Testing Guidance<\/strong><\/h5>\n<p><img data-dominant-color=\"ebeceb\" data-has-transparency=\"false\" style=\"--dominant-color: #ebeceb;\" decoding=\"async\" class=\"alignleft wp-image-6112 size-full not-transparent\" src=\"https:\/\/meskernel.net\/wp-content\/uploads\/2025\/04\/laser-distance-sensor-Quick-Testing-Guidance.webp\" alt=\"sensor de dist\u00e2ncia por laser Guia de teste r\u00e1pido\" width=\"703\" height=\"185\" srcset=\"https:\/\/meskernel.net\/wp-content\/uploads\/2025\/04\/laser-distance-sensor-Quick-Testing-Guidance.webp 703w, https:\/\/meskernel.net\/wp-content\/uploads\/2025\/04\/laser-distance-sensor-Quick-Testing-Guidance-300x79.webp 300w, https:\/\/meskernel.net\/wp-content\/uploads\/2025\/04\/laser-distance-sensor-Quick-Testing-Guidance-18x5.webp 18w, https:\/\/meskernel.net\/wp-content\/uploads\/2025\/04\/laser-distance-sensor-Quick-Testing-Guidance-400x105.webp 400w\" sizes=\"(max-width: 703px) 100vw, 703px\" \/><\/p>\n<p>&nbsp;<\/p>\n<h3 class=\"text-title\"><span class=\"magic-22\">Interface PCI do m\u00f3dulo de sensor de dist\u00e2ncia a laser LDL-T 1mm<\/span><\/h3>\n<div class=\"text-content\">Suporta transmiss\u00e3o Bluetooth, interface TTL\/RS232\/RS485 tr\u00eas-em-um, para que a transmiss\u00e3o de dados seja mais eficiente.<\/div>\n<div><\/div>\n<p class=\"\" data-start=\"2144\" data-end=\"2361\">O m\u00f3dulo de sensor de dist\u00e2ncia a laser de 1 mm \u00e9 a escolha perfeita para engenheiros e programadores que procuram uma solu\u00e7\u00e3o de medi\u00e7\u00e3o a laser de alta precis\u00e3o, compacta e fi\u00e1vel, com total flexibilidade de personaliza\u00e7\u00e3o.<\/p>\n<p class=\"\" data-start=\"2363\" data-end=\"2441\">N\u00e3o hesite em <a href=\"https:\/\/meskernel.net\/pt\/contacto\/\">contactar-nos<\/a> para obter fichas de dados, suporte de integra\u00e7\u00e3o ou pedidos de OEM.<\/p>\n<p data-start=\"2363\" data-end=\"2441\">","protected":false},"excerpt":{"rendered":"<p>O m\u00f3dulo de sensor de dist\u00e2ncia a laser LDL-S de 1 mm, com uma frequ\u00eancia de 30 Hz e um alcance de 30 metros, foi concebido para utiliza\u00e7\u00e3o no exterior em ambientes de luz forte. Este sensor oferece uma precis\u00e3o de medi\u00e7\u00e3o de at\u00e9 1 mm e \u00e9 amplamente utilizado em rob\u00f3tica, automa\u00e7\u00e3o industrial, medi\u00e7\u00e3o de constru\u00e7\u00e3o e muito mais. Proporciona medi\u00e7\u00f5es de dist\u00e2ncia precisas e um desempenho est\u00e1vel em v\u00e1rias condi\u00e7\u00f5es ambientais.<\/p>","protected":false},"featured_media":4209,"template":"","meta":{"site-sidebar-layout":"default","site-content-layout":"","ast-site-content-layout":"default","site-content-style":"default","site-sidebar-style":"default","ast-global-header-display":"","ast-banner-title-visibility":"","ast-main-header-display":"","ast-hfb-above-header-display":"","ast-hfb-below-header-display":"","ast-hfb-mobile-header-display":"","site-post-title":"","ast-breadcrumbs-content":"","ast-featured-img":"","footer-sml-layout":"","ast-disable-related-posts":"","theme-transparent-header-meta":"default","adv-header-id-meta":"","stick-header-meta":"","header-above-stick-meta":"","header-main-stick-meta":"","header-below-stick-meta":"","astra-migrate-meta-layouts":"set","ast-page-background-enabled":"default","ast-page-background-meta":{"desktop":{"background-color":"var(--ast-global-color-4)","background-image":"","background-repeat":"repeat","background-position":"center center","background-size":"auto","background-attachment":"scroll","background-type":"","background-media":"","overlay-type":"","overlay-color":"","overlay-opacity":"","overlay-gradient":""},"tablet":{"background-color":"","background-image":"","background-repeat":"repeat","background-position":"center center","background-size":"auto","background-attachment":"scroll","background-type":"","background-media":"","overlay-type":"","overlay-color":"","overlay-opacity":"","overlay-gradient":""},"mobile":{"background-color":"","background-image":"","background-repeat":"repeat","background-position":"center center","background-size":"auto","background-attachment":"scroll","background-type":"","background-media":"","overlay-type":"","overlay-color":"","overlay-opacity":"","overlay-gradient":""}},"ast-content-background-meta":{"desktop":{"background-color":"var(--ast-global-color-5)","background-image":"","background-repeat":"repeat","background-position":"center center","background-size":"auto","background-attachment":"scroll","background-type":"","background-media":"","overlay-type":"","overlay-color":"","overlay-opacity":"","overlay-gradient":""},"tablet":{"background-color":"var(--ast-global-color-5)","background-image":"","background-repeat":"repeat","background-position":"center center","background-size":"auto","background-attachment":"scroll","background-type":"","background-media":"","overlay-type":"","overlay-color":"","overlay-opacity":"","overlay-gradient":""},"mobile":{"background-color":"var(--ast-global-color-5)","background-image":"","background-repeat":"repeat","background-position":"center center","background-size":"auto","background-attachment":"scroll","background-type":"","background-media":"","overlay-type":"","overlay-color":"","overlay-opacity":"","overlay-gradient":""}}},"product_brand":[60],"product_cat":[51],"product_tag":[56],"class_list":{"0":"post-4206","1":"product","2":"type-product","3":"status-publish","4":"has-post-thumbnail","6":"product_brand-meskernel","7":"product_cat-laser-distance-sensor","8":"product_tag-hot","9":"desktop-align-center","10":"tablet-align-left","11":"mobile-align-left","13":"first","14":"instock","15":"shipping-taxable","16":"product-type-simple"},"_links":{"self":[{"href":"https:\/\/meskernel.net\/pt\/wp-json\/wp\/v2\/product\/4206","targetHints":{"allow":["GET"]}}],"collection":[{"href":"https:\/\/meskernel.net\/pt\/wp-json\/wp\/v2\/product"}],"about":[{"href":"https:\/\/meskernel.net\/pt\/wp-json\/wp\/v2\/types\/product"}],"version-history":[{"count":0,"href":"https:\/\/meskernel.net\/pt\/wp-json\/wp\/v2\/product\/4206\/revisions"}],"wp:featuredmedia":[{"embeddable":true,"href":"https:\/\/meskernel.net\/pt\/wp-json\/wp\/v2\/media\/4209"}],"wp:attachment":[{"href":"https:\/\/meskernel.net\/pt\/wp-json\/wp\/v2\/media?parent=4206"}],"wp:term":[{"taxonomy":"product_brand","embeddable":true,"href":"https:\/\/meskernel.net\/pt\/wp-json\/wp\/v2\/product_brand?post=4206"},{"taxonomy":"product_cat","embeddable":true,"href":"https:\/\/meskernel.net\/pt\/wp-json\/wp\/v2\/product_cat?post=4206"},{"taxonomy":"product_tag","embeddable":true,"href":"https:\/\/meskernel.net\/pt\/wp-json\/wp\/v2\/product_tag?post=4206"}],"curies":[{"name":"wp","href":"https:\/\/api.w.org\/{rel}","templated":true}]}}