{"id":4247,"date":"2025-04-21T11:22:06","date_gmt":"2025-04-21T03:22:06","guid":{"rendered":"https:\/\/meskernel.net\/?post_type=product&#038;p=4247"},"modified":"2025-06-11T10:06:20","modified_gmt":"2025-06-11T02:06:20","slug":"sensor-de-distancia-por-laser-com-modbus","status":"publish","type":"product","link":"https:\/\/meskernel.net\/pt\/product\/laser-distance-sensor-with-modbus\/","title":{"rendered":"Sensor de dist\u00e2ncia a laser com integra\u00e7\u00e3o Modbus - Solu\u00e7\u00e3o de medi\u00e7\u00e3o precisa e fi\u00e1vel"},"content":{"rendered":"<p>O nosso sensor de dist\u00e2ncia a laser com integra\u00e7\u00e3o Modbus fornece uma solu\u00e7\u00e3o perfeita e de alta precis\u00e3o para aplica\u00e7\u00f5es que requerem uma medi\u00e7\u00e3o exacta da dist\u00e2ncia e uma comunica\u00e7\u00e3o fi\u00e1vel a longas dist\u00e2ncias. Tirando partido da tecnologia laser de ponta e do protocolo Modbus, este sensor \u00e9 ideal para sistemas industriais, de automa\u00e7\u00e3o e de monitoriza\u00e7\u00e3o em que a recolha de dados precisos e a f\u00e1cil integra\u00e7\u00e3o s\u00e3o fundamentais.<\/p>\n<p><img data-dominant-color=\"e6e4e4\" data-has-transparency=\"false\" style=\"--dominant-color: #e6e4e4;\" fetchpriority=\"high\" decoding=\"async\" class=\"wp-image-4207 size-full alignleft not-transparent\" src=\"https:\/\/meskernel.net\/wp-content\/uploads\/2025\/04\/1mm-Laser-Distance-Sensor-Module.webp\" alt=\"M\u00f3dulo de sensor de dist\u00e2ncia a laser de 1 mm\" width=\"696\" height=\"459\" srcset=\"https:\/\/meskernel.net\/wp-content\/uploads\/2025\/04\/1mm-Laser-Distance-Sensor-Module.webp 696w, https:\/\/meskernel.net\/wp-content\/uploads\/2025\/04\/1mm-Laser-Distance-Sensor-Module-300x198.webp 300w, https:\/\/meskernel.net\/wp-content\/uploads\/2025\/04\/1mm-Laser-Distance-Sensor-Module-400x264.webp 400w\" sizes=\"(max-width: 696px) 100vw, 696px\" \/><\/p>\n<p>&nbsp;<\/p>\n<h6>Vantagens<\/h6>\n<ul>\n<li>Utiliza\u00e7\u00e3o no exterior com forte resist\u00eancia \u00e0 luz<\/li>\n<li>Desempenho superior em condi\u00e7\u00f5es de sinal fraco<\/li>\n<li>Medi\u00e7\u00e3o de alta precis\u00e3o<\/li>\n<li>Ampla gama de temperaturas personaliz\u00e1vel<\/li>\n<li>Op\u00e7\u00f5es de laser vermelho\/verde<\/li>\n<\/ul>\n<h3 class=\"\" data-start=\"501\" data-end=\"522\"><strong data-start=\"505\" data-end=\"522\">Carater\u00edsticas principais:<\/strong><\/h3>\n<ol data-start=\"524\" data-end=\"2426\">\n<li class=\"\" data-start=\"524\" data-end=\"815\">\n<p class=\"\" data-start=\"527\" data-end=\"815\"><strong data-start=\"527\" data-end=\"558\">Medi\u00e7\u00e3o de alta precis\u00e3o:<\/strong> O nosso sensor utiliza tecnologia avan\u00e7ada de medi\u00e7\u00e3o de dist\u00e2ncias por laser para oferecer leituras de dist\u00e2ncias altamente precisas, com uma resolu\u00e7\u00e3o t\u00e3o fina como mil\u00edmetros. Quer me\u00e7a dist\u00e2ncias curtas ou longas, garante precis\u00e3o numa vasta gama de ambientes.<\/p>\n<\/li>\n<li class=\"\" data-start=\"817\" data-end=\"1132\">\n<p class=\"\" data-start=\"820\" data-end=\"1132\"><strong data-start=\"820\" data-end=\"844\">Protocolo Modbus RTU:<\/strong> Com comunica\u00e7\u00e3o Modbus RTU incorporada, o sensor integra-se facilmente em sistemas industriais e redes de controlo existentes. O Modbus \u00e9 um protocolo amplamente aceite na automa\u00e7\u00e3o, assegurando a compatibilidade com uma variedade de controladores l\u00f3gicos program\u00e1veis (PLCs), HMIs e sistemas SCADA.<\/p>\n<\/li>\n<li class=\"\" data-start=\"1134\" data-end=\"1434\">\n<p class=\"\" data-start=\"1137\" data-end=\"1434\"><strong data-start=\"1137\" data-end=\"1166\">Longo alcance e versatilidade:<\/strong> O nosso sensor \u00e9 adequado tanto para aplica\u00e7\u00f5es curtas como <a href=\"https:\/\/meskernel.net\/pt\/sensores-de-alcance-laser-de-longa-distancia\/\">medi\u00e7\u00f5es de longo alcance<\/a>, O sistema de gest\u00e3o de dados da Microsoft oferece uma versatilidade excecional para uma vasta gama de aplica\u00e7\u00f5es. Desde sistemas de automa\u00e7\u00e3o a rob\u00f3tica, constru\u00e7\u00e3o e gest\u00e3o de invent\u00e1rio, pode lidar com diversos ambientes e casos de utiliza\u00e7\u00e3o.<\/p>\n<\/li>\n<li class=\"\" data-start=\"1436\" data-end=\"1741\">\n<p class=\"\" data-start=\"1439\" data-end=\"1741\"><strong data-start=\"1439\" data-end=\"1460\">F\u00e1cil integra\u00e7\u00e3o:<\/strong> A compatibilidade Modbus permite uma integra\u00e7\u00e3o direta plug-and-play com outros dispositivos e sistemas, eliminando a necessidade de configura\u00e7\u00f5es de software complexas ou normas de comunica\u00e7\u00e3o propriet\u00e1rias. \u00c9 ideal para utilizadores que necessitam de um m\u00e9todo de comunica\u00e7\u00e3o simples e normalizado.<\/p>\n<\/li>\n<li class=\"\" data-start=\"1743\" data-end=\"1999\">\n<p class=\"\" data-start=\"1746\" data-end=\"1999\"><strong data-start=\"1746\" data-end=\"1778\">Durabilidade de n\u00edvel industrial:<\/strong> Com componentes de alta qualidade e classifica\u00e7\u00f5es IP robustas para resist\u00eancia ao p\u00f3 e \u00e0 \u00e1gua, o sensor foi concebido para funcionar de forma fi\u00e1vel em ambientes industriais adversos, incluindo f\u00e1bricas, armaz\u00e9ns e ambientes exteriores.<\/p>\n<\/li>\n<li class=\"\" data-start=\"2001\" data-end=\"2271\">\n<p class=\"\" data-start=\"2004\" data-end=\"2271\"><strong data-start=\"2004\" data-end=\"2036\">Transmiss\u00e3o de dados em tempo real:<\/strong> A integra\u00e7\u00e3o Modbus facilita a transmiss\u00e3o de dados em tempo real, permitindo uma monitoriza\u00e7\u00e3o e controlo remotos eficientes. Isto \u00e9 especialmente valioso para aplica\u00e7\u00f5es que requerem feedback instant\u00e2neo ou que est\u00e3o localizadas em locais de dif\u00edcil acesso.<\/p>\n<\/li>\n<li class=\"\" data-start=\"2273\" data-end=\"2426\">\n<p class=\"\" data-start=\"2276\" data-end=\"2426\"><strong data-start=\"2276\" data-end=\"2302\">Baixo consumo de energia:<\/strong> O sensor funciona com um consumo m\u00ednimo de energia, o que o torna uma escolha econ\u00f3mica para aplica\u00e7\u00f5es sens\u00edveis \u00e0 energia.<\/p>\n<\/li>\n<\/ol>\n<h3 data-start=\"2428\" data-end=\"2449\"><img data-dominant-color=\"7b8394\" data-has-transparency=\"false\" style=\"--dominant-color: #7b8394;\" decoding=\"async\" class=\"aligncenter wp-image-4248 size-full not-transparent\" src=\"https:\/\/meskernel.net\/wp-content\/uploads\/2025\/04\/laser-distance-sensor-with-modbus.webp\" alt=\"sensor de dist\u00e2ncia por laser com modbus\" width=\"756\" height=\"308\" srcset=\"https:\/\/meskernel.net\/wp-content\/uploads\/2025\/04\/laser-distance-sensor-with-modbus.webp 756w, https:\/\/meskernel.net\/wp-content\/uploads\/2025\/04\/laser-distance-sensor-with-modbus-300x122.webp 300w, https:\/\/meskernel.net\/wp-content\/uploads\/2025\/04\/laser-distance-sensor-with-modbus-400x163.webp 400w\" sizes=\"(max-width: 756px) 100vw, 756px\" \/><\/h3>\n<h3 class=\"\" data-start=\"2428\" data-end=\"2449\"><strong data-start=\"2432\" data-end=\"2449\">Aplica\u00e7\u00f5es:<\/strong><\/h3>\n<ul data-start=\"2451\" data-end=\"3064\">\n<li class=\"\" data-start=\"2451\" data-end=\"2592\">\n<p class=\"\" data-start=\"2453\" data-end=\"2592\"><strong data-start=\"2453\" data-end=\"2479\">Automa\u00e7\u00e3o industrial:<\/strong> Automatize as tarefas de medi\u00e7\u00e3o e integre dados precisos nos seus sistemas PLC para um melhor controlo e monitoriza\u00e7\u00e3o.<\/p>\n<\/li>\n<li class=\"\" data-start=\"2593\" data-end=\"2699\">\n<p class=\"\" data-start=\"2595\" data-end=\"2699\"><strong data-start=\"2595\" data-end=\"2627\">Rob\u00f3tica e sistemas m\u00f3veis:<\/strong> Permitir a navega\u00e7\u00e3o e localiza\u00e7\u00e3o baseadas na dist\u00e2ncia em plataformas rob\u00f3ticas.<\/p>\n<\/li>\n<li class=\"\" data-start=\"2700\" data-end=\"2804\">\n<p class=\"\" data-start=\"2702\" data-end=\"2804\"><strong data-start=\"2702\" data-end=\"2727\">Gest\u00e3o de invent\u00e1rio:<\/strong> Utiliza\u00e7\u00e3o em sistemas de invent\u00e1rio para um seguimento preciso da dist\u00e2ncia e localiza\u00e7\u00e3o de objectos.<\/p>\n<\/li>\n<li class=\"\" data-start=\"2805\" data-end=\"2940\">\n<p class=\"\" data-start=\"2807\" data-end=\"2940\"><strong data-start=\"2807\" data-end=\"2846\">Constru\u00e7\u00e3o e engenharia civil:<\/strong> Perfeito para a medi\u00e7\u00e3o precisa de dist\u00e2ncias em projectos de topografia, constru\u00e7\u00e3o e infra-estruturas.<\/p>\n<\/li>\n<li class=\"\" data-start=\"2941\" data-end=\"3064\">\n<p class=\"\" data-start=\"2943\" data-end=\"3064\"><strong data-start=\"2943\" data-end=\"2972\">Monitoriza\u00e7\u00e3o ambiental:<\/strong> Medir a dist\u00e2ncia em condi\u00e7\u00f5es exteriores para esta\u00e7\u00f5es meteorol\u00f3gicas ou solu\u00e7\u00f5es de monitoriza\u00e7\u00e3o remota.<\/p>\n<\/li>\n<\/ul>\n<h3 class=\"\" data-start=\"3066\" data-end=\"3123\"><strong data-start=\"3070\" data-end=\"3123\">Porqu\u00ea escolher o nosso sensor de dist\u00e2ncia a laser com Modbus?<\/strong><\/h3>\n<ul data-start=\"3125\" data-end=\"3503\">\n<li class=\"\" data-start=\"3125\" data-end=\"3227\">\n<p class=\"\" data-start=\"3127\" data-end=\"3227\"><strong data-start=\"3127\" data-end=\"3140\">Exatid\u00e3o:<\/strong> Obtenha sempre medi\u00e7\u00f5es precisas, aumentando a efici\u00eancia operacional e a fiabilidade.<\/p>\n<\/li>\n<li class=\"\" data-start=\"3228\" data-end=\"3319\">\n<p class=\"\" data-start=\"3230\" data-end=\"3319\"><strong data-start=\"3230\" data-end=\"3246\">Flexibilidade:<\/strong> A integra\u00e7\u00e3o do Modbus RTU torna-o vers\u00e1til em v\u00e1rios sectores.<\/p>\n<\/li>\n<li class=\"\" data-start=\"3320\" data-end=\"3395\">\n<p class=\"\" data-start=\"3322\" data-end=\"3395\"><strong data-start=\"3322\" data-end=\"3338\">Facilidade de utiliza\u00e7\u00e3o:<\/strong> Configura\u00e7\u00e3o r\u00e1pida e f\u00e1cil com comunica\u00e7\u00e3o Modbus padr\u00e3o.<\/p>\n<\/li>\n<li class=\"\" data-start=\"3396\" data-end=\"3503\">\n<p class=\"\" data-start=\"3398\" data-end=\"3503\"><strong data-start=\"3398\" data-end=\"3413\">Durabilidade:<\/strong> Concebidos para resistir a ambientes industriais exigentes e fornecer resultados consistentes.<\/p>\n<\/li>\n<\/ul>\n<p class=\"\" data-start=\"3505\" data-end=\"3749\">Quer pretenda melhorar os processos de automatiza\u00e7\u00e3o, integrar dados de medi\u00e7\u00e3o precisos nos seus sistemas de monitoriza\u00e7\u00e3o ou controlar a dist\u00e2ncia em aplica\u00e7\u00f5es remotas, os nossos <a href=\"https:\/\/glockapps.com\/free-test\/st-1-16wnsavg\/\" target=\"_blank\" rel=\"noopener\">Sensor de dist\u00e2ncia a laser com Modbus<\/a> a integra\u00e7\u00e3o oferece a solu\u00e7\u00e3o ideal.<\/p>\n<p data-start=\"2363\" data-end=\"2441\">","protected":false},"excerpt":{"rendered":"<p>O <strong data-start=\"4\" data-end=\"41\">Sensor de dist\u00e2ncia a laser com Modbus<\/strong> fornece uma medi\u00e7\u00e3o precisa da dist\u00e2ncia e uma comunica\u00e7\u00e3o Modbus RTU fi\u00e1vel, ideal para automa\u00e7\u00e3o industrial, rob\u00f3tica e monitoriza\u00e7\u00e3o remota. F\u00e1cil de integrar, dur\u00e1vel e eficiente em termos energ\u00e9ticos, garante um desempenho exato em ambientes exigentes.<\/p>","protected":false},"featured_media":4209,"template":"","meta":{"site-sidebar-layout":"default","site-content-layout":"","ast-site-content-layout":"default","site-content-style":"default","site-sidebar-style":"default","ast-global-header-display":"","ast-banner-title-visibility":"","ast-main-header-display":"","ast-hfb-above-header-display":"","ast-hfb-below-header-display":"","ast-hfb-mobile-header-display":"","site-post-title":"","ast-breadcrumbs-content":"","ast-featured-img":"","footer-sml-layout":"","ast-disable-related-posts":"","theme-transparent-header-meta":"default","adv-header-id-meta":"","stick-header-meta":"","header-above-stick-meta":"","header-main-stick-meta":"","header-below-stick-meta":"","astra-migrate-meta-layouts":"set","ast-page-background-enabled":"default","ast-page-background-meta":{"desktop":{"background-color":"var(--ast-global-color-4)","background-image":"","background-repeat":"repeat","background-position":"center center","background-size":"auto","background-attachment":"scroll","background-type":"","background-media":"","overlay-type":"","overlay-color":"","overlay-opacity":"","overlay-gradient":""},"tablet":{"background-color":"","background-image":"","background-repeat":"repeat","background-position":"center center","background-size":"auto","background-attachment":"scroll","background-type":"","background-media":"","overlay-type":"","overlay-color":"","overlay-opacity":"","overlay-gradient":""},"mobile":{"background-color":"","background-image":"","background-repeat":"repeat","background-position":"center center","background-size":"auto","background-attachment":"scroll","background-type":"","background-media":"","overlay-type":"","overlay-color":"","overlay-opacity":"","overlay-gradient":""}},"ast-content-background-meta":{"desktop":{"background-color":"var(--ast-global-color-5)","background-image":"","background-repeat":"repeat","background-position":"center center","background-size":"auto","background-attachment":"scroll","background-type":"","background-media":"","overlay-type":"","overlay-color":"","overlay-opacity":"","overlay-gradient":""},"tablet":{"background-color":"var(--ast-global-color-5)","background-image":"","background-repeat":"repeat","background-position":"center center","background-size":"auto","background-attachment":"scroll","background-type":"","background-media":"","overlay-type":"","overlay-color":"","overlay-opacity":"","overlay-gradient":""},"mobile":{"background-color":"var(--ast-global-color-5)","background-image":"","background-repeat":"repeat","background-position":"center center","background-size":"auto","background-attachment":"scroll","background-type":"","background-media":"","overlay-type":"","overlay-color":"","overlay-opacity":"","overlay-gradient":""}}},"product_brand":[60],"product_cat":[51],"product_tag":[],"class_list":{"0":"post-4247","1":"product","2":"type-product","3":"status-publish","4":"has-post-thumbnail","6":"product_brand-meskernel","7":"product_cat-laser-distance-sensor","8":"desktop-align-center","9":"tablet-align-left","10":"mobile-align-left","12":"first","13":"instock","14":"shipping-taxable","15":"product-type-simple"},"_links":{"self":[{"href":"https:\/\/meskernel.net\/pt\/wp-json\/wp\/v2\/product\/4247","targetHints":{"allow":["GET"]}}],"collection":[{"href":"https:\/\/meskernel.net\/pt\/wp-json\/wp\/v2\/product"}],"about":[{"href":"https:\/\/meskernel.net\/pt\/wp-json\/wp\/v2\/types\/product"}],"version-history":[{"count":0,"href":"https:\/\/meskernel.net\/pt\/wp-json\/wp\/v2\/product\/4247\/revisions"}],"wp:featuredmedia":[{"embeddable":true,"href":"https:\/\/meskernel.net\/pt\/wp-json\/wp\/v2\/media\/4209"}],"wp:attachment":[{"href":"https:\/\/meskernel.net\/pt\/wp-json\/wp\/v2\/media?parent=4247"}],"wp:term":[{"taxonomy":"product_brand","embeddable":true,"href":"https:\/\/meskernel.net\/pt\/wp-json\/wp\/v2\/product_brand?post=4247"},{"taxonomy":"product_cat","embeddable":true,"href":"https:\/\/meskernel.net\/pt\/wp-json\/wp\/v2\/product_cat?post=4247"},{"taxonomy":"product_tag","embeddable":true,"href":"https:\/\/meskernel.net\/pt\/wp-json\/wp\/v2\/product_tag?post=4247"}],"curies":[{"name":"wp","href":"https:\/\/api.w.org\/{rel}","templated":true}]}}