{"id":4276,"date":"2025-04-28T14:55:00","date_gmt":"2025-04-28T06:55:00","guid":{"rendered":"https:\/\/meskernel.net\/?post_type=product&#038;p=4276"},"modified":"2025-09-05T10:45:44","modified_gmt":"2025-09-05T02:45:44","slug":"sensor-laser-para-medicao-de-distancias","status":"publish","type":"product","link":"https:\/\/meskernel.net\/pt\/product\/laser-sensor-for-distance-measurement\/","title":{"rendered":"Sensor laser de frequ\u00eancia ultra-alta LDJU 3000Hz para medi\u00e7\u00e3o de dist\u00e2ncia"},"content":{"rendered":"<p class=\"\" data-start=\"86\" data-end=\"363\">O nosso sensor laser para medi\u00e7\u00e3o de dist\u00e2ncias foi concebido para um desempenho de alta velocidade e alta precis\u00e3o em aplica\u00e7\u00f5es industriais. Com uma frequ\u00eancia ultra-alta de 100-3000 Hz, permite medi\u00e7\u00f5es em tempo real com uma precis\u00e3o milim\u00e9trica numa gama de 0,2 m a 25 m.<\/p>\n<h3 class=\"\" data-start=\"365\" data-end=\"388\"><strong data-start=\"369\" data-end=\"386\">Carater\u00edsticas principais:<\/strong><\/h3>\n<p class=\"\" data-start=\"389\" data-end=\"1038\">\u2705 <strong data-start=\"391\" data-end=\"421\">Medi\u00e7\u00e3o de alta frequ\u00eancia<\/strong> - Suporta uma varia\u00e7\u00e3o ultra-r\u00e1pida de 100Hz a 3000Hz, garantindo uma sa\u00edda de dados r\u00e1pida e est\u00e1vel.<br data-start=\"516\" data-end=\"519\" \/>\u2705 <strong data-start=\"521\" data-end=\"551\" data-is-only-node=\"\">Precis\u00e3o ao n\u00edvel do mil\u00edmetro<\/strong> - Fornece leituras de dist\u00e2ncia altamente precisas para automa\u00e7\u00e3o industrial e engenharia de precis\u00e3o.<br data-start=\"649\" data-end=\"652\" \/>\u2705 <strong data-start=\"654\" data-end=\"688\">Caixa em liga de alum\u00ednio dur\u00e1vel<\/strong> - O inv\u00f3lucro met\u00e1lico proporciona uma durabilidade superior, estabilidade e resist\u00eancia a impactos externos.<br data-start=\"787\" data-end=\"790\" \/>\u2705 <strong data-start=\"792\" data-end=\"819\">\u00c0 prova de salpicos e de poeiras<\/strong> - Concebidos para ambientes exigentes, oferecem uma forte prote\u00e7\u00e3o contra o p\u00f3 e a \u00e1gua.<br data-start=\"911\" data-end=\"914\" \/>\u2705 <strong data-start=\"916\" data-end=\"953\">M\u00faltiplas interfaces de comunica\u00e7\u00e3o<\/strong> - Suporta interfaces USART, RS485 e RS232 para uma integra\u00e7\u00e3o perfeita do sistema.<\/p>\n<p class=\"\" data-start=\"1040\" data-end=\"1244\">Ideal para aplica\u00e7\u00f5es de automa\u00e7\u00e3o industrial, rob\u00f3tica, log\u00edstica e posicionamento, este TOF <a href=\"https:\/\/www.globalsources.com\/chengdu-meskernel\/showroom_6002100157315.htm\" target=\"_blank\" rel=\"noopener\"><strong>sensor laser para medi\u00e7\u00e3o de dist\u00e2ncias<\/strong><\/a> proporciona uma velocidade, precis\u00e3o e fiabilidade inigual\u00e1veis na medi\u00e7\u00e3o de dist\u00e2ncias.<\/p>\n<h3>Compara\u00e7\u00e3o de produtos<\/h3>\n<p><img data-dominant-color=\"dfdfdf\" data-has-transparency=\"false\" style=\"--dominant-color: #dfdfdf;\" fetchpriority=\"high\" decoding=\"async\" class=\"wp-image-3967 size-full not-transparent\" src=\"https:\/\/meskernel.net\/wp-content\/uploads\/2025\/03\/laser-distance-sensor-compare.jpg\" alt=\"compara\u00e7\u00e3o de sensores de dist\u00e2ncia a laser\" width=\"1112\" height=\"339\" srcset=\"https:\/\/meskernel.net\/wp-content\/uploads\/2025\/03\/laser-distance-sensor-compare.jpg 1112w, https:\/\/meskernel.net\/wp-content\/uploads\/2025\/03\/laser-distance-sensor-compare-300x91.jpg 300w, https:\/\/meskernel.net\/wp-content\/uploads\/2025\/03\/laser-distance-sensor-compare-1024x312.jpg 1024w, https:\/\/meskernel.net\/wp-content\/uploads\/2025\/03\/laser-distance-sensor-compare-768x234.jpg 768w, https:\/\/meskernel.net\/wp-content\/uploads\/2025\/03\/laser-distance-sensor-compare-400x122.jpg 400w\" sizes=\"(max-width: 1112px) 100vw, 1112px\" \/><\/p>\n<p>&nbsp;<\/p>\n<p><img data-dominant-color=\"7a7f84\" data-has-transparency=\"false\" style=\"--dominant-color: #7a7f84;\" decoding=\"async\" class=\"wp-image-4277 size-full alignleft not-transparent\" src=\"https:\/\/meskernel.net\/wp-content\/uploads\/2025\/04\/LDJU-3000Hz-Ultra-high-Frequency-Laser-Sensor-for-Distance-Measurement.webp\" alt=\"Sensor laser de frequ\u00eancia ultra-alta LDJU 3000Hz para medi\u00e7\u00e3o de dist\u00e2ncia\" width=\"1181\" height=\"330\" srcset=\"https:\/\/meskernel.net\/wp-content\/uploads\/2025\/04\/LDJU-3000Hz-Ultra-high-Frequency-Laser-Sensor-for-Distance-Measurement.webp 1181w, https:\/\/meskernel.net\/wp-content\/uploads\/2025\/04\/LDJU-3000Hz-Ultra-high-Frequency-Laser-Sensor-for-Distance-Measurement-300x84.webp 300w, https:\/\/meskernel.net\/wp-content\/uploads\/2025\/04\/LDJU-3000Hz-Ultra-high-Frequency-Laser-Sensor-for-Distance-Measurement-1024x286.webp 1024w, https:\/\/meskernel.net\/wp-content\/uploads\/2025\/04\/LDJU-3000Hz-Ultra-high-Frequency-Laser-Sensor-for-Distance-Measurement-768x215.webp 768w, https:\/\/meskernel.net\/wp-content\/uploads\/2025\/04\/LDJU-3000Hz-Ultra-high-Frequency-Laser-Sensor-for-Distance-Measurement-400x112.webp 400w\" sizes=\"(max-width: 1181px) 100vw, 1181px\" \/><\/p>\n<p>&nbsp;<\/p>\n<h3 class=\"\" data-start=\"1046\" data-end=\"1070\"><strong data-start=\"1050\" data-end=\"1068\">Porqu\u00ea escolher-nos?<\/strong><\/h3>\n<p class=\"\" data-start=\"1071\" data-end=\"1716\">Como profissional <a href=\"https:\/\/www.globalsources.com\/chengdu-meskernel\/showroom_6002100157315.htm\" target=\"_blank\" rel=\"noopener\">fabricante de sensores de dist\u00e2ncia por laser<\/a>A nossa empresa oferece servi\u00e7os de personaliza\u00e7\u00e3o OEM e ODM para satisfazer os requisitos espec\u00edficos da sua aplica\u00e7\u00e3o. Ao contr\u00e1rio das solu\u00e7\u00f5es padr\u00e3o, oferecemos:<br data-start=\"1261\" data-end=\"1264\" \/>\u2714 <strong data-start=\"1266\" data-end=\"1293\">Par\u00e2metros personaliz\u00e1veis<\/strong> - Ajuste a frequ\u00eancia, a taxa de transmiss\u00e3o, o intervalo de medi\u00e7\u00e3o e outras defini\u00e7\u00f5es para se adaptar \u00e0s necessidades do seu projeto.<br data-start=\"1387\" data-end=\"1390\" \/>\u2714 <strong data-start=\"1392\" data-end=\"1428\">Protocolos de comunica\u00e7\u00e3o flex\u00edveis<\/strong> - Adapte o sensor para se integrar sem problemas no seu sistema existente.<br data-start=\"1499\" data-end=\"1502\" \/>\u2714 <strong data-start=\"1504\" data-end=\"1530\">Pre\u00e7o direto de f\u00e1brica<\/strong> - Desfrutar <strong data-start=\"1539\" data-end=\"1557\">rent\u00e1vel<\/strong> solu\u00e7\u00f5es sem margens de lucro de intermedi\u00e1rios.<br data-start=\"1594\" data-end=\"1597\" \/>\u2714 <strong data-start=\"1599\" data-end=\"1633\">Suporte t\u00e9cnico profissional<\/strong> - A nossa experiente equipa de I&amp;D garante um desempenho \u00f3timo e uma r\u00e1pida resolu\u00e7\u00e3o de problemas.<\/p>\n<p class=\"\" data-start=\"1718\" data-end=\"1961\">Com mais de 20 anos de experi\u00eancia em tecnologia de medi\u00e7\u00e3o a laser, fornecemos solu\u00e7\u00f5es personalizadas e de alta qualidade que aumentam a efici\u00eancia e a precis\u00e3o em aplica\u00e7\u00f5es industriais. Contacte-nos hoje para discutir os seus requisitos espec\u00edficos!<a href=\"https:\/\/meskernel.net\/pt\/descarregar\/\"><strong>Descarregar o nosso manual do produto<\/strong><\/a><\/p>\n<h3 class=\"\" data-start=\"1718\" data-end=\"1763\"><strong data-start=\"1722\" data-end=\"1761\">FAQ - Sensor laser para medi\u00e7\u00e3o de dist\u00e2ncias<\/strong><\/h3>\n<p data-start=\"1765\" data-end=\"1819\"><strong>1. O que \u00e9 um sensor de dist\u00e2ncia a laser?<\/strong><\/p>\n<p class=\"\" data-start=\"1820\" data-end=\"2061\">Um sensor de telemetria a laser \u00e9 um dispositivo de medi\u00e7\u00e3o de precis\u00e3o que utiliza a tecnologia laser para determinar dist\u00e2ncias de forma r\u00e1pida e exacta. \u00c9 normalmente utilizado em automa\u00e7\u00e3o industrial, rob\u00f3tica, log\u00edstica e sistemas de posicionamento.<\/p>\n<p data-start=\"2063\" data-end=\"2127\"><strong>2. Qual \u00e9 a precis\u00e3o do sensor laser para a medi\u00e7\u00e3o de dist\u00e2ncias?<\/strong><\/p>\n<p class=\"\" data-start=\"2128\" data-end=\"2320\">O nosso sensor oferece uma exatid\u00e3o ao n\u00edvel do mil\u00edmetro, garantindo medi\u00e7\u00f5es precisas mesmo a longas dist\u00e2ncias. A precis\u00e3o efectiva depende das condi\u00e7\u00f5es ambientais e das propriedades da superf\u00edcie do alvo.<\/p>\n<p data-start=\"2322\" data-end=\"2413\"><strong>3. Quais as interfaces de comunica\u00e7\u00e3o suportadas pelo sensor laser para medi\u00e7\u00e3o de dist\u00e2ncias?<\/strong><\/p>\n<p class=\"\" data-start=\"2414\" data-end=\"2592\">O nosso sensor de alcance de dist\u00e2ncia a laser suporta interfaces USART, RS485 e RS232, facilitando a integra\u00e7\u00e3o com v\u00e1rios sistemas de controlo industrial e microcontroladores.<\/p>\n<p data-start=\"2594\" data-end=\"2660\"><strong>4. O sensor de medi\u00e7\u00e3o da dist\u00e2ncia a laser pode ser personalizado?<\/strong><\/p>\n<p class=\"\" data-start=\"2661\" data-end=\"2900\">Sim! Como fabricante de sensores de dist\u00e2ncia a laser, fornecemos servi\u00e7os de personaliza\u00e7\u00e3o, incluindo frequ\u00eancia ajust\u00e1vel (100-3000Hz), taxa de transmiss\u00e3o, gama de medi\u00e7\u00e3o e protocolos de comunica\u00e7\u00e3o, para satisfazer as necessidades espec\u00edficas da sua aplica\u00e7\u00e3o.<\/p>\n<p data-start=\"2902\" data-end=\"2978\"><strong>5. O sensor de dist\u00e2ncia a laser \u00e9 adequado para utiliza\u00e7\u00e3o no exterior?<\/strong><\/p>\n<p class=\"\" data-start=\"2979\" data-end=\"3155\">Sim, o nosso sensor possui um inv\u00f3lucro robusto em liga de alum\u00ednio com prote\u00e7\u00e3o \u00e0 prova de poeiras e salpicos, o que o torna ideal para ambientes exteriores e industriais adversos.<\/p>\n<p data-start=\"3157\" data-end=\"3239\"><strong>6. Quais s\u00e3o as principais aplica\u00e7\u00f5es do laser sesnor para a medi\u00e7\u00e3o de dist\u00e2ncias?<\/strong><\/p>\n<p class=\"\" data-start=\"3240\" data-end=\"3443\">O nosso sensor de dist\u00e2ncia a laser \u00e9 amplamente utilizado em rob\u00f3tica, AGVs (Automated Guided Vehicles), automa\u00e7\u00e3o industrial, log\u00edstica inteligente, sistemas de posicionamento, constru\u00e7\u00e3o e manuseamento de materiais.<\/p>\n<p data-start=\"3445\" data-end=\"3522\"><strong>7. Qual \u00e9 o tempo de resposta do sensor de dist\u00e2ncia a laser?<\/strong><\/p>\n<p class=\"\" data-start=\"3523\" data-end=\"3715\">Com uma taxa de medi\u00e7\u00e3o de alta frequ\u00eancia de 100-3000Hz, o nosso sensor fornece leituras de dist\u00e2ncia r\u00e1pidas e est\u00e1veis, tornando-o adequado para aplica\u00e7\u00f5es que requerem processamento de dados em tempo real.<\/p>\n<p data-start=\"3717\" data-end=\"3814\"><strong>8. Prestam assist\u00eancia t\u00e9cnica para a integra\u00e7\u00e3o do sensor laser para medi\u00e7\u00e3o de dist\u00e2ncias?<\/strong><\/p>\n<p class=\"\" data-start=\"3815\" data-end=\"3975\">Sim! Oferecemos apoio t\u00e9cnico profissional para o ajudar na integra\u00e7\u00e3o de sensores, na dete\u00e7\u00e3o de problemas e na otimiza\u00e7\u00e3o do desempenho para o seu projeto espec\u00edfico.<\/p>","protected":false},"excerpt":{"rendered":"<p>Laser sensor for distance measurement with 25m range, 3000Hz speed, millimeter accuracy, IP67 robust design, and easy integration via RS232\/RS485\/USART.<\/p>","protected":false},"featured_media":3963,"template":"","meta":{"site-sidebar-layout":"default","site-content-layout":"","ast-site-content-layout":"default","site-content-style":"default","site-sidebar-style":"default","ast-global-header-display":"","ast-banner-title-visibility":"","ast-main-header-display":"","ast-hfb-above-header-display":"","ast-hfb-below-header-display":"","ast-hfb-mobile-header-display":"","site-post-title":"","ast-breadcrumbs-content":"","ast-featured-img":"","footer-sml-layout":"","ast-disable-related-posts":"","theme-transparent-header-meta":"default","adv-header-id-meta":"","stick-header-meta":"","header-above-stick-meta":"","header-main-stick-meta":"","header-below-stick-meta":"","astra-migrate-meta-layouts":"set","ast-page-background-enabled":"default","ast-page-background-meta":{"desktop":{"background-color":"var(--ast-global-color-4)","background-image":"","background-repeat":"repeat","background-position":"center center","background-size":"auto","background-attachment":"scroll","background-type":"","background-media":"","overlay-type":"","overlay-color":"","overlay-opacity":"","overlay-gradient":""},"tablet":{"background-color":"","background-image":"","background-repeat":"repeat","background-position":"center center","background-size":"auto","background-attachment":"scroll","background-type":"","background-media":"","overlay-type":"","overlay-color":"","overlay-opacity":"","overlay-gradient":""},"mobile":{"background-color":"","background-image":"","background-repeat":"repeat","background-position":"center center","background-size":"auto","background-attachment":"scroll","background-type":"","background-media":"","overlay-type":"","overlay-color":"","overlay-opacity":"","overlay-gradient":""}},"ast-content-background-meta":{"desktop":{"background-color":"var(--ast-global-color-5)","background-image":"","background-repeat":"repeat","background-position":"center center","background-size":"auto","background-attachment":"scroll","background-type":"","background-media":"","overlay-type":"","overlay-color":"","overlay-opacity":"","overlay-gradient":""},"tablet":{"background-color":"var(--ast-global-color-5)","background-image":"","background-repeat":"repeat","background-position":"center center","background-size":"auto","background-attachment":"scroll","background-type":"","background-media":"","overlay-type":"","overlay-color":"","overlay-opacity":"","overlay-gradient":""},"mobile":{"background-color":"var(--ast-global-color-5)","background-image":"","background-repeat":"repeat","background-position":"center center","background-size":"auto","background-attachment":"scroll","background-type":"","background-media":"","overlay-type":"","overlay-color":"","overlay-opacity":"","overlay-gradient":""}}},"product_brand":[60],"product_cat":[33],"product_tag":[],"class_list":{"0":"post-4276","1":"product","2":"type-product","3":"status-publish","4":"has-post-thumbnail","6":"product_brand-meskernel","7":"product_cat-industrial-laser-distance-sensors","8":"desktop-align-center","9":"tablet-align-left","10":"mobile-align-left","12":"first","13":"instock","14":"shipping-taxable","15":"product-type-simple"},"_links":{"self":[{"href":"https:\/\/meskernel.net\/pt\/wp-json\/wp\/v2\/product\/4276","targetHints":{"allow":["GET"]}}],"collection":[{"href":"https:\/\/meskernel.net\/pt\/wp-json\/wp\/v2\/product"}],"about":[{"href":"https:\/\/meskernel.net\/pt\/wp-json\/wp\/v2\/types\/product"}],"version-history":[{"count":0,"href":"https:\/\/meskernel.net\/pt\/wp-json\/wp\/v2\/product\/4276\/revisions"}],"wp:featuredmedia":[{"embeddable":true,"href":"https:\/\/meskernel.net\/pt\/wp-json\/wp\/v2\/media\/3963"}],"wp:attachment":[{"href":"https:\/\/meskernel.net\/pt\/wp-json\/wp\/v2\/media?parent=4276"}],"wp:term":[{"taxonomy":"product_brand","embeddable":true,"href":"https:\/\/meskernel.net\/pt\/wp-json\/wp\/v2\/product_brand?post=4276"},{"taxonomy":"product_cat","embeddable":true,"href":"https:\/\/meskernel.net\/pt\/wp-json\/wp\/v2\/product_cat?post=4276"},{"taxonomy":"product_tag","embeddable":true,"href":"https:\/\/meskernel.net\/pt\/wp-json\/wp\/v2\/product_tag?post=4276"}],"curies":[{"name":"wp","href":"https:\/\/api.w.org\/{rel}","templated":true}]}}