{"id":4278,"date":"2025-04-28T15:27:09","date_gmt":"2025-04-28T07:27:09","guid":{"rendered":"https:\/\/meskernel.net\/?post_type=product&#038;p=4278"},"modified":"2025-07-10T11:19:51","modified_gmt":"2025-07-10T03:19:51","slug":"time-of-flight-laser-distance-sensor","status":"publish","type":"product","link":"https:\/\/meskernel.net\/pt\/product\/time-of-flight-laser-distance-sensor\/","title":{"rendered":"LDJU Sensor de dist\u00e2ncia a laser de tempo de voo de 1000 Hz para drone"},"content":{"rendered":"<p class=\"\" data-start=\"86\" data-end=\"363\">Our 1000Hz Time of Flight Laser Distance Sensor is engineered for high-speed, high-precision performance in industrial applications. Featuring an ultra-high frequency of 100\u20133000Hz, it delivers real-time measurements with millimeter-level accuracy across a range of 0.2m to 25m.<\/p>\n<h3 class=\"\" data-start=\"365\" data-end=\"388\"><strong data-start=\"369\" data-end=\"386\">Carater\u00edsticas principais:<\/strong><\/h3>\n<p class=\"\" data-start=\"389\" data-end=\"1038\">\u2705 <strong data-start=\"391\" data-end=\"421\">Medi\u00e7\u00e3o de alta frequ\u00eancia<\/strong> - Suporta uma varia\u00e7\u00e3o ultra-r\u00e1pida de 100Hz a 3000Hz, garantindo uma sa\u00edda de dados r\u00e1pida e est\u00e1vel.<br data-start=\"516\" data-end=\"519\" \/>\u2705 <strong data-start=\"521\" data-end=\"551\" data-is-only-node=\"\">Precis\u00e3o ao n\u00edvel do mil\u00edmetro<\/strong> - Fornece leituras de dist\u00e2ncia altamente precisas para automa\u00e7\u00e3o industrial e engenharia de precis\u00e3o.<br data-start=\"649\" data-end=\"652\" \/>\u2705 <strong data-start=\"654\" data-end=\"688\">Caixa em liga de alum\u00ednio dur\u00e1vel<\/strong> - O inv\u00f3lucro met\u00e1lico proporciona uma durabilidade superior, estabilidade e resist\u00eancia a impactos externos.<br data-start=\"787\" data-end=\"790\" \/>\u2705 <strong data-start=\"792\" data-end=\"819\">\u00c0 prova de salpicos e de poeiras<\/strong> - Concebidos para ambientes exigentes, oferecem uma forte prote\u00e7\u00e3o contra o p\u00f3 e a \u00e1gua.<br data-start=\"911\" data-end=\"914\" \/>\u2705 <strong data-start=\"916\" data-end=\"953\">M\u00faltiplas interfaces de comunica\u00e7\u00e3o<\/strong> - Suporta interfaces USART, RS485 e RS232 para uma integra\u00e7\u00e3o perfeita do sistema.<\/p>\n<p class=\"\" data-start=\"1040\" data-end=\"1244\">Ideal for industrial automation, robotics, logistics, and positioning applications, this Time of Flight Laser Distance Sensor\u00a0delivers unmatched speed, precision, and reliability in distance measurement.<\/p>\n<h3>Compara\u00e7\u00e3o de produtos<\/h3>\n<p><img data-dominant-color=\"eceeee\" data-has-transparency=\"false\" style=\"--dominant-color: #eceeee;\" fetchpriority=\"high\" decoding=\"async\" class=\"wp-image-4283 size-large alignnone not-transparent\" src=\"https:\/\/meskernel.net\/wp-content\/uploads\/2025\/04\/High-Frequency-Ranging-Sensor-Module-1024x781.webp\" alt=\"M\u00f3dulo de sensor de alcance de alta frequ\u00eancia\" width=\"1024\" height=\"781\" srcset=\"https:\/\/meskernel.net\/wp-content\/uploads\/2025\/04\/High-Frequency-Ranging-Sensor-Module-1024x781.webp 1024w, https:\/\/meskernel.net\/wp-content\/uploads\/2025\/04\/High-Frequency-Ranging-Sensor-Module-300x229.webp 300w, https:\/\/meskernel.net\/wp-content\/uploads\/2025\/04\/High-Frequency-Ranging-Sensor-Module-768x586.webp 768w, https:\/\/meskernel.net\/wp-content\/uploads\/2025\/04\/High-Frequency-Ranging-Sensor-Module-1536x1172.webp 1536w, https:\/\/meskernel.net\/wp-content\/uploads\/2025\/04\/High-Frequency-Ranging-Sensor-Module-400x305.webp 400w, https:\/\/meskernel.net\/wp-content\/uploads\/2025\/04\/High-Frequency-Ranging-Sensor-Module.webp 1796w\" sizes=\"(max-width: 1024px) 100vw, 1024px\" \/><\/p>\n<h3 data-start=\"1046\" data-end=\"1070\"><\/h3>\n<h3 class=\"\" data-start=\"1046\" data-end=\"1070\"><strong data-start=\"1050\" data-end=\"1068\">Porqu\u00ea escolher-nos?<\/strong><\/h3>\n<p class=\"\" data-start=\"1071\" data-end=\"1716\">Como profissional <a href=\"https:\/\/www.globalsources.com\/chengdu-meskernel\/showroom_6002100157315.htm\" target=\"_blank\" rel=\"noopener\">fabricante de sensores de dist\u00e2ncia por laser<\/a>A nossa empresa oferece servi\u00e7os de personaliza\u00e7\u00e3o OEM e ODM para satisfazer os requisitos espec\u00edficos da sua aplica\u00e7\u00e3o. Ao contr\u00e1rio das solu\u00e7\u00f5es padr\u00e3o, oferecemos:<br data-start=\"1261\" data-end=\"1264\" \/>\u2714 <strong data-start=\"1266\" data-end=\"1293\">Par\u00e2metros personaliz\u00e1veis<\/strong> - Ajuste a frequ\u00eancia, a taxa de transmiss\u00e3o, o intervalo de medi\u00e7\u00e3o e outras defini\u00e7\u00f5es para se adaptar \u00e0s necessidades do seu projeto.<br data-start=\"1387\" data-end=\"1390\" \/>\u2714 <strong data-start=\"1392\" data-end=\"1428\">Protocolos de comunica\u00e7\u00e3o flex\u00edveis<\/strong> - Adapte o sensor para se integrar sem problemas no seu sistema existente.<br data-start=\"1499\" data-end=\"1502\" \/>\u2714 <strong data-start=\"1504\" data-end=\"1530\">Pre\u00e7o direto de f\u00e1brica<\/strong> - Desfrutar <strong data-start=\"1539\" data-end=\"1557\">rent\u00e1vel<\/strong> solu\u00e7\u00f5es sem margens de lucro de intermedi\u00e1rios.<br data-start=\"1594\" data-end=\"1597\" \/>\u2714 <strong data-start=\"1599\" data-end=\"1633\">Suporte t\u00e9cnico profissional<\/strong> - A nossa experiente equipa de I&amp;D garante um desempenho \u00f3timo e uma r\u00e1pida resolu\u00e7\u00e3o de problemas.<\/p>\n<p class=\"\" data-start=\"1718\" data-end=\"1961\">Com mais de 20 anos de experi\u00eancia em tecnologia de medi\u00e7\u00e3o a laser, fornecemos solu\u00e7\u00f5es personalizadas e de alta qualidade que aumentam a efici\u00eancia e a precis\u00e3o em aplica\u00e7\u00f5es industriais. Contacte-nos hoje para discutir os seus requisitos espec\u00edficos!<a href=\"https:\/\/meskernel.net\/pt\/descarregar\/\"><strong>Descarregar o nosso manual do produto<\/strong><\/a><\/p>\n<h3 data-start=\"177\" data-end=\"228\">FAQ \u2013 Time of Flight Laser Distance Sensor<\/h3>\n<h5 data-start=\"230\" data-end=\"290\">1. O que \u00e9 um sensor de dist\u00e2ncia a laser de tempo de voo (ToF)?<\/h5>\n<p class=\"\" data-start=\"291\" data-end=\"606\">Um sensor de dist\u00e2ncia laser Time of Flight (ToF) mede a dist\u00e2ncia calculando o tempo que um feixe laser demora a viajar at\u00e9 um alvo e a regressar. Este m\u00e9todo fornece medi\u00e7\u00f5es de dist\u00e2ncia r\u00e1pidas, precisas e fi\u00e1veis, tornando-o ideal para aplica\u00e7\u00f5es de automa\u00e7\u00e3o industrial, rob\u00f3tica e monitoriza\u00e7\u00e3o de precis\u00e3o.<\/p>\n<hr class=\"\" data-start=\"608\" data-end=\"611\" \/>\n<h5 data-start=\"613\" data-end=\"702\">2. Qual \u00e9 a gama de medi\u00e7\u00e3o do vosso sensor de dist\u00e2ncia laser de tempo de voo de 1000 Hz?<\/h5>\n<p class=\"\" data-start=\"703\" data-end=\"864\">O nosso sensor suporta uma gama de medi\u00e7\u00e3o de 0,2 metros a 25 metros, garantindo um desempenho preciso para aplica\u00e7\u00f5es industriais de curto e m\u00e9dio alcance.<\/p>\n<hr class=\"\" data-start=\"866\" data-end=\"869\" \/>\n<h5 data-start=\"871\" data-end=\"925\">3. Qual \u00e9 a exatid\u00e3o da medi\u00e7\u00e3o da dist\u00e2ncia por laser?<\/h5>\n<p class=\"\" data-start=\"926\" data-end=\"1106\">Este sensor oferece uma precis\u00e3o ao n\u00edvel do mil\u00edmetro, tornando-o altamente adequado para ambientes exigentes em termos de precis\u00e3o, como o fabrico, sistemas de inspe\u00e7\u00e3o e controlo automatizado.<\/p>\n<hr class=\"\" data-start=\"1746\" data-end=\"1749\" \/>\n<h5 data-start=\"1751\" data-end=\"1802\">4. Que interfaces de comunica\u00e7\u00e3o s\u00e3o suportadas?<\/h5>\n<p class=\"\" data-start=\"1803\" data-end=\"2013\">O nosso sensor de dist\u00e2ncia a laser de tempo de voo de 1000 Hz suporta interfaces USART, RS485 e RS232, permitindo uma integra\u00e7\u00e3o f\u00e1cil e flex\u00edvel em sistemas de controlo industrial existentes, PLCs e plataformas IoT.<\/p>\n<hr class=\"\" data-start=\"2015\" data-end=\"2018\" \/>\n<h5 data-start=\"2020\" data-end=\"2096\">5. A frequ\u00eancia, a taxa de transmiss\u00e3o e o alcance do sensor laser podem ser personalizados?<\/h5>\n<p class=\"\" data-start=\"2097\" data-end=\"2293\">Sim. Como fabricante, oferecemos solu\u00e7\u00f5es personaliz\u00e1veis, incluindo frequ\u00eancia de amostragem ajust\u00e1vel, taxa de transmiss\u00e3o e gama de medi\u00e7\u00e3o para corresponder perfeitamente \u00e0s necessidades espec\u00edficas do seu projeto.<\/p>\n<p class=\"\" data-start=\"3185\" data-end=\"3227\">","protected":false},"excerpt":{"rendered":"<p>O nosso sensor de dist\u00e2ncia por laser de tempo de voo oferece um alcance de 0,2-25 m com uma frequ\u00eancia ultra-alta de 100-3000 Hz e uma precis\u00e3o ao n\u00edvel do mil\u00edmetro. Alojado numa caixa robusta em liga de alum\u00ednio, \u00e9 \u00e0 prova de p\u00f3 e de salpicos, garantindo um desempenho fi\u00e1vel em ambientes industriais exigentes. Com suporte para interfaces USART, RS485 e RS232, este sensor de dist\u00e2ncia a laser de tempo de voo de 1000 Hz integra-se facilmente em v\u00e1rios sistemas. Como fabricante, tamb\u00e9m fornecemos op\u00e7\u00f5es personaliz\u00e1veis, como frequ\u00eancia ajust\u00e1vel, taxa de transmiss\u00e3o e intervalo de medi\u00e7\u00e3o, para satisfazer requisitos de aplica\u00e7\u00e3o espec\u00edficos.<\/p>","protected":false},"featured_media":4279,"template":"","meta":{"site-sidebar-layout":"default","site-content-layout":"","ast-site-content-layout":"default","site-content-style":"default","site-sidebar-style":"default","ast-global-header-display":"","ast-banner-title-visibility":"","ast-main-header-display":"","ast-hfb-above-header-display":"","ast-hfb-below-header-display":"","ast-hfb-mobile-header-display":"","site-post-title":"","ast-breadcrumbs-content":"","ast-featured-img":"","footer-sml-layout":"","ast-disable-related-posts":"","theme-transparent-header-meta":"default","adv-header-id-meta":"","stick-header-meta":"","header-above-stick-meta":"","header-main-stick-meta":"","header-below-stick-meta":"","astra-migrate-meta-layouts":"set","ast-page-background-enabled":"default","ast-page-background-meta":{"desktop":{"background-color":"var(--ast-global-color-4)","background-image":"","background-repeat":"repeat","background-position":"center center","background-size":"auto","background-attachment":"scroll","background-type":"","background-media":"","overlay-type":"","overlay-color":"","overlay-opacity":"","overlay-gradient":""},"tablet":{"background-color":"","background-image":"","background-repeat":"repeat","background-position":"center center","background-size":"auto","background-attachment":"scroll","background-type":"","background-media":"","overlay-type":"","overlay-color":"","overlay-opacity":"","overlay-gradient":""},"mobile":{"background-color":"","background-image":"","background-repeat":"repeat","background-position":"center center","background-size":"auto","background-attachment":"scroll","background-type":"","background-media":"","overlay-type":"","overlay-color":"","overlay-opacity":"","overlay-gradient":""}},"ast-content-background-meta":{"desktop":{"background-color":"var(--ast-global-color-5)","background-image":"","background-repeat":"repeat","background-position":"center center","background-size":"auto","background-attachment":"scroll","background-type":"","background-media":"","overlay-type":"","overlay-color":"","overlay-opacity":"","overlay-gradient":""},"tablet":{"background-color":"var(--ast-global-color-5)","background-image":"","background-repeat":"repeat","background-position":"center center","background-size":"auto","background-attachment":"scroll","background-type":"","background-media":"","overlay-type":"","overlay-color":"","overlay-opacity":"","overlay-gradient":""},"mobile":{"background-color":"var(--ast-global-color-5)","background-image":"","background-repeat":"repeat","background-position":"center center","background-size":"auto","background-attachment":"scroll","background-type":"","background-media":"","overlay-type":"","overlay-color":"","overlay-opacity":"","overlay-gradient":""}}},"product_brand":[60],"product_cat":[32,52],"product_tag":[],"class_list":{"0":"post-4278","1":"product","2":"type-product","3":"status-publish","4":"has-post-thumbnail","6":"product_brand-meskernel","7":"product_cat-high-frequency-ranging-sensor-module","8":"product_cat-phase-distance-sensor","9":"desktop-align-center","10":"tablet-align-left","11":"mobile-align-left","13":"first","14":"instock","15":"shipping-taxable","16":"product-type-simple"},"_links":{"self":[{"href":"https:\/\/meskernel.net\/pt\/wp-json\/wp\/v2\/product\/4278","targetHints":{"allow":["GET"]}}],"collection":[{"href":"https:\/\/meskernel.net\/pt\/wp-json\/wp\/v2\/product"}],"about":[{"href":"https:\/\/meskernel.net\/pt\/wp-json\/wp\/v2\/types\/product"}],"version-history":[{"count":0,"href":"https:\/\/meskernel.net\/pt\/wp-json\/wp\/v2\/product\/4278\/revisions"}],"wp:featuredmedia":[{"embeddable":true,"href":"https:\/\/meskernel.net\/pt\/wp-json\/wp\/v2\/media\/4279"}],"wp:attachment":[{"href":"https:\/\/meskernel.net\/pt\/wp-json\/wp\/v2\/media?parent=4278"}],"wp:term":[{"taxonomy":"product_brand","embeddable":true,"href":"https:\/\/meskernel.net\/pt\/wp-json\/wp\/v2\/product_brand?post=4278"},{"taxonomy":"product_cat","embeddable":true,"href":"https:\/\/meskernel.net\/pt\/wp-json\/wp\/v2\/product_cat?post=4278"},{"taxonomy":"product_tag","embeddable":true,"href":"https:\/\/meskernel.net\/pt\/wp-json\/wp\/v2\/product_tag?post=4278"}],"curies":[{"name":"wp","href":"https:\/\/api.w.org\/{rel}","templated":true}]}}