{"id":497,"date":"2024-10-17T09:29:51","date_gmt":"2024-10-17T01:29:51","guid":{"rendered":"https:\/\/meskernel.net\/?post_type=product&#038;p=497"},"modified":"2025-07-03T13:57:20","modified_gmt":"2025-07-03T05:57:20","slug":"sensor-de-medicao-de-distancias-2","status":"publish","type":"product","link":"https:\/\/meskernel.net\/pt\/product\/distance-measuring-sensor\/","title":{"rendered":"Sensor de medi\u00e7\u00e3o de dist\u00e2ncias: Alcance de 150m, est\u00e1vel e f\u00e1cil de integrar"},"content":{"rendered":"<h3>Sensor de medi\u00e7\u00e3o de dist\u00e2ncia com longo alcance de 150m e estabilidade de f\u00e1cil integra\u00e7\u00e3o<\/h3>\n<p>O sensor de medi\u00e7\u00e3o de dist\u00e2ncias apresenta um impressionante alcance de 150 m com elevada precis\u00e3o e estabilidade. Fornece medi\u00e7\u00f5es de dist\u00e2ncia fi\u00e1veis em v\u00e1rios ambientes, garantindo dados precisos em tempo real. Com o seu design de f\u00e1cil utiliza\u00e7\u00e3o, o sensor integra-se facilmente nos sistemas existentes, tornando-o perfeito para aplica\u00e7\u00f5es em automa\u00e7\u00e3o, rob\u00f3tica e ve\u00edculos aut\u00f3nomos.<\/p>\n<figure id=\"attachment_2958\" aria-describedby=\"caption-attachment-2958\" style=\"width: 1080px\" class=\"wp-caption aligncenter\"><img fetchpriority=\"high\" decoding=\"async\" class=\"wp-image-2958 size-full\" title=\"Sensor de dete\u00e7\u00e3o de dist\u00e2ncia Tof\" src=\"https:\/\/meskernel.net\/wp-content\/uploads\/2024\/11\/laser-distance-senso.jpg\" alt=\"sensor de dist\u00e2ncia por laser\" width=\"1080\" height=\"300\" srcset=\"https:\/\/meskernel.net\/wp-content\/uploads\/2024\/11\/laser-distance-senso.jpg 1080w, https:\/\/meskernel.net\/wp-content\/uploads\/2024\/11\/laser-distance-senso-300x83.jpg 300w, https:\/\/meskernel.net\/wp-content\/uploads\/2024\/11\/laser-distance-senso-1024x284.jpg 1024w, https:\/\/meskernel.net\/wp-content\/uploads\/2024\/11\/laser-distance-senso-768x213.jpg 768w, https:\/\/meskernel.net\/wp-content\/uploads\/2024\/11\/laser-distance-senso-400x111.jpg 400w\" sizes=\"(max-width: 1080px) 100vw, 1080px\" \/><figcaption id=\"caption-attachment-2958\" class=\"wp-caption-text\">sensor de dist\u00e2ncia por laser<\/figcaption><\/figure>\n<h3>Carater\u00edsticas principais:<\/h3>\n<ul>\n<li><strong>Op\u00e7\u00f5es de grande dist\u00e2ncia<\/strong><br \/>\nAmpla gama de dist\u00e2ncias selecion\u00e1veis, tornando-o adequado para v\u00e1rias aplica\u00e7\u00f5es.<\/li>\n<li><strong>Velocidade de resposta r\u00e1pida<\/strong><br \/>\nCapacidades de aquisi\u00e7\u00e3o r\u00e1pida de dados, completando medi\u00e7\u00f5es de dist\u00e2ncia em milissegundos.<\/li>\n<li><strong>M\u00faltiplas interfaces de comunica\u00e7\u00e3o<\/strong><br \/>\nSuporta v\u00e1rias interfaces e protocolos de comunica\u00e7\u00e3o, incluindo RS232, RS485, Bluetooth, Modbus e UART, facilitando a integra\u00e7\u00e3o com o controlo ou os dados existentes.<\/li>\n<li><strong>Elevada precis\u00e3o de medi\u00e7\u00e3o<\/strong><br \/>\nCom uma precis\u00e3o tipicamente na ordem dos mil\u00edmetros, este sensor satisfaz os requisitos de elevada exatid\u00e3o de aplica\u00e7\u00f5es como os cen\u00e1rios geod\u00e9sicos e de engenharia de constru\u00e7\u00e3o.<\/li>\n<li><strong>Desempenho est\u00e1vel<\/strong><br \/>\nO sensor mant\u00e9m uma gama estreita de flutua\u00e7\u00f5es de dados e apresenta um erro de repetibilidade muito baixo.<\/li>\n<li><strong>Medi\u00e7\u00e3o sem contacto<\/strong><br \/>\nO sensor \u00e9 capaz de efetuar medi\u00e7\u00f5es sem contacto, adequado para detetar objectos em movimento, objectos a alta ou baixa temperatura, l\u00edquidos e objectos com formas irregulares.<\/li>\n<\/ul>\n<h3>Emiss\u00e3o e rece\u00e7\u00e3o de laser<\/h3>\n<p>O d\u00edodo emite um laser, recebe o laser atrav\u00e9s de uma lente \u00f3tica e converte o sinal luminoso num sinal el\u00e9trico.<\/p>\n<h3 class=\"magic-4\"><span class=\"magic-5\" data-spm-anchor-id=\"a2700.details.0.i67.6d7e275bI6VU3h\">Porta de comunica\u00e7\u00e3o<\/span><\/h3>\n<div class=\"magic-16\">\n<div class=\"magic-17\">\n<div class=\"magic-18\"><span class=\"magic-6\"><span data-spm-anchor-id=\"a2700.details.0.i68.6d7e275bI6VU3h\">O sensor de medi\u00e7\u00e3o de dist\u00e2ncias suporta USB, TTL, RS232, RS485, Bluetooth e outras interfaces de comunica\u00e7\u00e3o, suporta Arduino, Raspberry PI e outros dispositivos externos.<\/span><\/span><\/div>\n<div>\n<figure id=\"attachment_2972\" aria-describedby=\"caption-attachment-2972\" style=\"width: 800px\" class=\"wp-caption aligncenter\"><img decoding=\"async\" class=\"wp-image-2972 size-full\" title=\"sensor de dist\u00e2ncia\" src=\"https:\/\/meskernel.net\/wp-content\/uploads\/2024\/10\/distance-sensor.jpg\" alt=\"sensor de dist\u00e2ncia\" width=\"800\" height=\"800\" srcset=\"https:\/\/meskernel.net\/wp-content\/uploads\/2024\/10\/distance-sensor.jpg 800w, https:\/\/meskernel.net\/wp-content\/uploads\/2024\/10\/distance-sensor-300x300.jpg 300w, https:\/\/meskernel.net\/wp-content\/uploads\/2024\/10\/distance-sensor-150x150.jpg 150w, https:\/\/meskernel.net\/wp-content\/uploads\/2024\/10\/distance-sensor-768x768.jpg 768w, https:\/\/meskernel.net\/wp-content\/uploads\/2024\/10\/distance-sensor-400x400.jpg 400w, https:\/\/meskernel.net\/wp-content\/uploads\/2024\/10\/distance-sensor-100x100.jpg 100w\" sizes=\"(max-width: 800px) 100vw, 800px\" \/><figcaption id=\"caption-attachment-2972\" class=\"wp-caption-text\">sensor de dist\u00e2ncia<\/figcaption><\/figure>\n<\/div>\n<div>\n<h3 class=\"magic-4\"><span class=\"magic-5\" data-spm-anchor-id=\"a2700.details.0.i71.6d7e275bI6VU3h\">Plataforma de software de teste<\/span><\/h3>\n<div class=\"magic-16\">\n<div class=\"magic-17\">\n<div class=\"magic-18\"><span class=\"magic-6\"><span data-spm-anchor-id=\"a2700.details.0.i72.6d7e275bI6VU3h\">Possu\u00edmos ferramentas de teste de software patenteadas que interagem com o computador atrav\u00e9s da tecnologia de medi\u00e7\u00e3o de dist\u00e2ncias.<\/span><\/span><\/div>\n<div>\n<figure id=\"attachment_2967\" aria-describedby=\"caption-attachment-2967\" style=\"width: 1024px\" class=\"wp-caption aligncenter\"><img decoding=\"async\" class=\"wp-image-2967 size-large\" title=\"Sensor de dete\u00e7\u00e3o de dist\u00e2ncia Tof\" src=\"https:\/\/meskernel.net\/wp-content\/uploads\/2024\/10\/Arduino-Laser-Sensor-1024x520.jpg\" alt=\"Sensor laser Arduino\" width=\"1024\" height=\"520\" srcset=\"https:\/\/meskernel.net\/wp-content\/uploads\/2024\/10\/Arduino-Laser-Sensor-1024x520.jpg 1024w, https:\/\/meskernel.net\/wp-content\/uploads\/2024\/10\/Arduino-Laser-Sensor-300x152.jpg 300w, https:\/\/meskernel.net\/wp-content\/uploads\/2024\/10\/Arduino-Laser-Sensor-768x390.jpg 768w, https:\/\/meskernel.net\/wp-content\/uploads\/2024\/10\/Arduino-Laser-Sensor-1536x779.jpg 1536w, https:\/\/meskernel.net\/wp-content\/uploads\/2024\/10\/Arduino-Laser-Sensor-400x203.jpg 400w, https:\/\/meskernel.net\/wp-content\/uploads\/2024\/10\/Arduino-Laser-Sensor.jpg 1906w\" sizes=\"(max-width: 1024px) 100vw, 1024px\" \/><figcaption id=\"caption-attachment-2967\" class=\"wp-caption-text\">Sensor laser Arduino<\/figcaption><\/figure>\n<\/div>\n<div><\/div>\n<\/div>\n<\/div>\n<\/div>\n<div>\n<h3 class=\"magic-4\" data-spm-anchor-id=\"a2700.details.0.i69.6d7e275bI6VU3h\"><span class=\"magic-5\">Defini\u00e7\u00e3o da interface<\/span><\/h3>\n<div class=\"magic-16\">\n<div class=\"magic-17\">\n<div class=\"magic-18\"><span class=\"magic-6\"><span data-spm-anchor-id=\"a2700.details.0.i70.6d7e275bI6VU3h\">Forneceremos aos nossos clientes uma rotulagem e defini\u00e7\u00f5es abrangentes dos pinos, e a nossa equipa de engenheiros profissionais estar\u00e1 dispon\u00edvel para o ajudar e orientar durante o processo de soldadura.<\/span><\/span><\/div>\n<\/div>\n<\/div>\n<\/div>\n<\/div>\n<\/div>","protected":false},"excerpt":{"rendered":"<p>O nosso sensor de medi\u00e7\u00e3o de dist\u00e2ncias oferece medi\u00e7\u00f5es de dist\u00e2ncias precisas com uma gama de 0,05 m a 100 m, tornando-o adequado para uma vasta gama de aplica\u00e7\u00f5es. Com um design compacto e de f\u00e1cil integra\u00e7\u00e3o, \u00e9 ideal para rob\u00f3tica, constru\u00e7\u00e3o e automa\u00e7\u00e3o industrial. O m\u00f3dulo assegura uma elevada precis\u00e3o e fiabilidade, satisfazendo as exig\u00eancias mesmo das tarefas mais dif\u00edceis. A sua versatilidade torna-o uma ferramenta indispens\u00e1vel para os profissionais que necessitam de medi\u00e7\u00f5es precisas nos seus projectos.<\/p>","protected":false},"featured_media":3219,"template":"","meta":{"site-sidebar-layout":"default","site-content-layout":"","ast-site-content-layout":"default","site-content-style":"default","site-sidebar-style":"default","ast-global-header-display":"","ast-banner-title-visibility":"","ast-main-header-display":"","ast-hfb-above-header-display":"","ast-hfb-below-header-display":"","ast-hfb-mobile-header-display":"","site-post-title":"","ast-breadcrumbs-content":"","ast-featured-img":"","footer-sml-layout":"","ast-disable-related-posts":"","theme-transparent-header-meta":"default","adv-header-id-meta":"","stick-header-meta":"","header-above-stick-meta":"","header-main-stick-meta":"","header-below-stick-meta":"","astra-migrate-meta-layouts":"set","ast-page-background-enabled":"default","ast-page-background-meta":{"desktop":{"background-color":"var(--ast-global-color-4)","background-image":"","background-repeat":"repeat","background-position":"center center","background-size":"auto","background-attachment":"scroll","background-type":"","background-media":"","overlay-type":"","overlay-color":"","overlay-opacity":"","overlay-gradient":""},"tablet":{"background-color":"","background-image":"","background-repeat":"repeat","background-position":"center center","background-size":"auto","background-attachment":"scroll","background-type":"","background-media":"","overlay-type":"","overlay-color":"","overlay-opacity":"","overlay-gradient":""},"mobile":{"background-color":"","background-image":"","background-repeat":"repeat","background-position":"center center","background-size":"auto","background-attachment":"scroll","background-type":"","background-media":"","overlay-type":"","overlay-color":"","overlay-opacity":"","overlay-gradient":""}},"ast-content-background-meta":{"desktop":{"background-color":"var(--ast-global-color-5)","background-image":"","background-repeat":"repeat","background-position":"center center","background-size":"auto","background-attachment":"scroll","background-type":"","background-media":"","overlay-type":"","overlay-color":"","overlay-opacity":"","overlay-gradient":""},"tablet":{"background-color":"var(--ast-global-color-5)","background-image":"","background-repeat":"repeat","background-position":"center center","background-size":"auto","background-attachment":"scroll","background-type":"","background-media":"","overlay-type":"","overlay-color":"","overlay-opacity":"","overlay-gradient":""},"mobile":{"background-color":"var(--ast-global-color-5)","background-image":"","background-repeat":"repeat","background-position":"center center","background-size":"auto","background-attachment":"scroll","background-type":"","background-media":"","overlay-type":"","overlay-color":"","overlay-opacity":"","overlay-gradient":""}}},"product_brand":[60],"product_cat":[52],"product_tag":[],"class_list":{"0":"post-497","1":"product","2":"type-product","3":"status-publish","4":"has-post-thumbnail","6":"product_brand-meskernel","7":"product_cat-phase-distance-sensor","8":"desktop-align-center","9":"tablet-align-left","10":"mobile-align-left","12":"first","13":"instock","14":"shipping-taxable","15":"product-type-simple"},"_links":{"self":[{"href":"https:\/\/meskernel.net\/pt\/wp-json\/wp\/v2\/product\/497","targetHints":{"allow":["GET"]}}],"collection":[{"href":"https:\/\/meskernel.net\/pt\/wp-json\/wp\/v2\/product"}],"about":[{"href":"https:\/\/meskernel.net\/pt\/wp-json\/wp\/v2\/types\/product"}],"version-history":[{"count":0,"href":"https:\/\/meskernel.net\/pt\/wp-json\/wp\/v2\/product\/497\/revisions"}],"wp:featuredmedia":[{"embeddable":true,"href":"https:\/\/meskernel.net\/pt\/wp-json\/wp\/v2\/media\/3219"}],"wp:attachment":[{"href":"https:\/\/meskernel.net\/pt\/wp-json\/wp\/v2\/media?parent=497"}],"wp:term":[{"taxonomy":"product_brand","embeddable":true,"href":"https:\/\/meskernel.net\/pt\/wp-json\/wp\/v2\/product_brand?post=497"},{"taxonomy":"product_cat","embeddable":true,"href":"https:\/\/meskernel.net\/pt\/wp-json\/wp\/v2\/product_cat?post=497"},{"taxonomy":"product_tag","embeddable":true,"href":"https:\/\/meskernel.net\/pt\/wp-json\/wp\/v2\/product_tag?post=497"}],"curies":[{"name":"wp","href":"https:\/\/api.w.org\/{rel}","templated":true}]}}