{"id":499,"date":"2024-11-13T10:30:59","date_gmt":"2024-11-13T02:30:59","guid":{"rendered":"https:\/\/meskernel.net\/?post_type=product&#038;p=499"},"modified":"2026-01-27T14:07:59","modified_gmt":"2026-01-27T06:07:59","slug":"modulo-de-distancia-laser","status":"publish","type":"product","link":"https:\/\/meskernel.net\/pt\/product\/laser-distance-module\/","title":{"rendered":"M\u00f3dulo de Dist\u00e2ncia a Laser UART 2000\u202fm \u2013 Ideal para Medi\u00e7\u00f5es Externas"},"content":{"rendered":"<p><span style=\"font-size: 16px;\">O m\u00f3dulo de medi\u00e7\u00e3o de dist\u00e2ncias por laser de impulsos oferece uma solu\u00e7\u00e3o de medi\u00e7\u00e3o potente e precisa, combinando exatid\u00e3o, fiabilidade e versatilidade num design compacto. Com uma gama de medi\u00e7\u00e3o de 5 metros a 2000 metros e <\/span><strong style=\"font-size: 16px;\">\u00b1<\/strong><span style=\"font-size: 16px;\">Com uma precis\u00e3o de 1 metro, \u00e9 a escolha ideal para projectos que requerem medi\u00e7\u00f5es de curta e longa dist\u00e2ncia. Este m\u00f3dulo de dist\u00e2ncia TS1224 \u00e9 um sensor de dist\u00e2ncia a laser baseado num laser semicondutor de 905 nm, com interface de transmiss\u00e3o de dados UART (protocolo TTL) para que os utilizadores possam facilmente facilitar o desenvolvimento secund\u00e1rio.<\/span><\/p>\n<figure id=\"attachment_2986\" aria-describedby=\"caption-attachment-2986\" style=\"width: 1000px\" class=\"wp-caption aligncenter\"><img fetchpriority=\"high\" decoding=\"async\" class=\"wp-image-2986 size-full\" title=\"M\u00f3dulo de dist\u00e2ncia laser UART TS1224 2000m\" src=\"https:\/\/meskernel.net\/wp-content\/uploads\/2024\/11\/UART-laser-distance-module-TS1224.jpg\" alt=\"M\u00f3dulo de dist\u00e2ncia laser UART TS1224\" width=\"1000\" height=\"500\" srcset=\"https:\/\/meskernel.net\/wp-content\/uploads\/2024\/11\/UART-laser-distance-module-TS1224.jpg 1000w, https:\/\/meskernel.net\/wp-content\/uploads\/2024\/11\/UART-laser-distance-module-TS1224-300x150.jpg 300w, https:\/\/meskernel.net\/wp-content\/uploads\/2024\/11\/UART-laser-distance-module-TS1224-768x384.jpg 768w, https:\/\/meskernel.net\/wp-content\/uploads\/2024\/11\/UART-laser-distance-module-TS1224-400x200.jpg 400w\" sizes=\"(max-width: 1000px) 100vw, 1000px\" \/><figcaption id=\"caption-attachment-2986\" class=\"wp-caption-text\">M\u00f3dulo de dist\u00e2ncia laser UART TS1224<\/figcaption><\/figure>\n<h3>Carater\u00edsticas principais:<\/h3>\n<ul>\n<li><strong>Medi\u00e7\u00e3o de longo alcance para grandes projectos:<\/strong><br \/>\nUma das carater\u00edsticas de destaque do M\u00f3dulo de Dist\u00e2ncia Laser de Pulso \u00e9 a sua impressionante gama de medi\u00e7\u00e3o de at\u00e9 2000 metros. Isto torna-o especialmente adequado para aplica\u00e7\u00f5es em grande escala, como levantamentos topogr\u00e1ficos, projectos de infra-estruturas e monitoriza\u00e7\u00e3o ambiental. Quer seja necess\u00e1rio medir dist\u00e2ncias em vastas \u00e1reas ou captar dados de locais remotos, este m\u00f3dulo garante resultados precisos e fi\u00e1veis a longas dist\u00e2ncias.<\/li>\n<li><strong>Design ultra-compacto e economizador de espa\u00e7o:<\/strong><br \/>\nApesar do seu potente desempenho, este m\u00f3dulo tem um formato ultra-compacto (25,72\u00d724,60\u00d713,40 mm), o que o torna mais pequeno do que uma moeda. Este design economizador de espa\u00e7o \u00e9 crucial quando se trabalha com sistemas incorporados ou dispositivos compactos, onde cada mil\u00edmetro conta. \u00c9 particularmente adequado para utiliza\u00e7\u00e3o em rob\u00f3tica, drones ou dispositivos de medi\u00e7\u00e3o port\u00e1teis, permitindo uma integra\u00e7\u00e3o perfeita nos seus sistemas sem comprometer o desempenho.<\/li>\n<li><strong>Rece\u00e7\u00e3o de sinal superior para medi\u00e7\u00f5es mais claras:<\/strong><br \/>\nEquipado com vidro de alta transmit\u00e2ncia, o m\u00f3dulo de dist\u00e2ncia de laser de pulso \u00e9 excelente na rece\u00e7\u00e3o de sinais, fornecendo medi\u00e7\u00f5es mais claras e precisas mesmo a dist\u00e2ncias maiores. Esta carater\u00edstica assegura um desempenho fi\u00e1vel em ambientes onde possam estar presentes interfer\u00eancias de sinal ou obst\u00e1culos, como em ambientes exteriores ou industriais. Como resultado, pode confiar no m\u00f3dulo para fornecer medi\u00e7\u00f5es consistentes e precisas, mesmo nas condi\u00e7\u00f5es mais dif\u00edceis.<\/li>\n<li><strong>Estrutura met\u00e1lica dur\u00e1vel para ambientes dif\u00edceis:<\/strong><br \/>\nConstru\u00eddo com um inv\u00f3lucro met\u00e1lico robusto, este m\u00f3dulo foi concebido para resistir a ambientes adversos. O inv\u00f3lucro met\u00e1lico dur\u00e1vel n\u00e3o s\u00f3 fornece prote\u00e7\u00e3o f\u00edsica, como tamb\u00e9m contribui para a longevidade geral do m\u00f3dulo. Quer esteja a trabalhar em temperaturas extremas, condi\u00e7\u00f5es poeirentas ou projectos no exterior, o design robusto garante que o m\u00f3dulo continua a funcionar de forma fi\u00e1vel ao longo do tempo.<\/li>\n<\/ul>\n<h3>Integra\u00e7\u00e3o sem esfor\u00e7o com m\u00faltiplas interfaces:<\/h3>\n<p>O m\u00f3dulo de dist\u00e2ncia laser de impulsos oferece op\u00e7\u00f5es de integra\u00e7\u00e3o flex\u00edveis com interfaces TTL, RS485 e RS232, facilitando a liga\u00e7\u00e3o a uma vasta gama de dispositivos e controladores. Quer esteja a integrar o m\u00f3dulo num sistema baseado em microcontroladores, numa configura\u00e7\u00e3o de automa\u00e7\u00e3o industrial ou num projeto personalizado, a sua compatibilidade assegura um processo de integra\u00e7\u00e3o sem problemas.<\/p>\n<figure id=\"attachment_2987\" aria-describedby=\"caption-attachment-2987\" style=\"width: 750px\" class=\"wp-caption aligncenter\"><img decoding=\"async\" class=\"wp-image-2987 size-full\" title=\"M\u00f3dulo de dist\u00e2ncia laser 2000m\" src=\"https:\/\/meskernel.net\/wp-content\/uploads\/2024\/11\/Laser-Distance-Module-2000m.jpg\" alt=\"M\u00f3dulo de dist\u00e2ncia laser 2000m\" width=\"750\" height=\"266\" srcset=\"https:\/\/meskernel.net\/wp-content\/uploads\/2024\/11\/Laser-Distance-Module-2000m.jpg 750w, https:\/\/meskernel.net\/wp-content\/uploads\/2024\/11\/Laser-Distance-Module-2000m-300x106.jpg 300w, https:\/\/meskernel.net\/wp-content\/uploads\/2024\/11\/Laser-Distance-Module-2000m-400x142.jpg 400w\" sizes=\"(max-width: 750px) 100vw, 750px\" \/><figcaption id=\"caption-attachment-2987\" class=\"wp-caption-text\">M\u00f3dulo de dist\u00e2ncia laser 2000m<\/figcaption><\/figure>\n<p><a href=\"https:\/\/meskernel.net\/pt\/ttl-vs-rs485\/\">M\u00f3dulo de tel\u00e9metro laser TTL Vs RS485: Qual \u00e9 que deve escolher?<\/a><\/p>\n<h3>Aplica\u00e7\u00f5es vers\u00e1teis em todos os sectores:<\/h3>\n<p>O m\u00f3dulo de dist\u00e2ncia laser de impulsos foi concebido para satisfazer as diversas necessidades dos profissionais de v\u00e1rios dom\u00ednios. Gra\u00e7as \u00e0 sua elevada precis\u00e3o e \u00e0s suas capacidades de longo alcance, \u00e9 adequado para uma vasta gama de aplica\u00e7\u00f5es:<\/p>\n<ul>\n<li><strong>Constru\u00e7\u00e3o e engenharia:<\/strong><br \/>\nPara os profissionais de constru\u00e7\u00e3o e engenharia, este m\u00f3dulo \u00e9 inestim\u00e1vel para medir grandes \u00e1reas de terreno, construir estruturas ou efetuar levantamentos de locais. A sua capacidade de medir com precis\u00e3o em longas dist\u00e2ncias torna-o uma ferramenta fundamental para o planeamento e execu\u00e7\u00e3o de projectos de grande escala.<\/li>\n<li><strong>Levantamento topogr\u00e1fico:<\/strong><br \/>\nOs top\u00f3grafos apreciar\u00e3o o M\u00f3dulo de Dist\u00e2ncia de Laser de Impulso pela sua precis\u00e3o e fiabilidade. Quer esteja a mapear grandes \u00e1reas, a calcular topografia ou a efetuar levantamentos geod\u00e9sicos, este m\u00f3dulo fornece as medi\u00e7\u00f5es de dist\u00e2ncia exactas necess\u00e1rias para uma avalia\u00e7\u00e3o precisa do terreno.<\/li>\n<li><strong>Rob\u00f3tica e Automa\u00e7\u00e3o:<\/strong><br \/>\nO tamanho compacto e as medi\u00e7\u00f5es precisas deste m\u00f3dulo fazem dele uma excelente escolha para integra\u00e7\u00e3o em rob\u00f3tica e sistemas automatizados. Quer seja utilizado para dete\u00e7\u00e3o de obst\u00e1culos, navega\u00e7\u00e3o ou posicionamento, a versatilidade do m\u00f3dulo ajuda a garantir um funcionamento sem problemas em ambientes automatizados.<\/li>\n<li><strong>Monitoriza\u00e7\u00e3o ambiental:<\/strong><br \/>\nA monitoriza\u00e7\u00e3o ambiental requer medi\u00e7\u00f5es precisas em \u00e1reas remotas ou de dif\u00edcil acesso. A capacidade de longo alcance e a elevada exatid\u00e3o do m\u00f3dulo de dist\u00e2ncia por laser de impulsos tornam-no ideal para aplica\u00e7\u00f5es como a silvicultura, o seguimento da vida selvagem e os levantamentos geol\u00f3gicos, onde a precis\u00e3o e a fiabilidade s\u00e3o fundamentais.<\/li>\n<\/ul>\n<figure id=\"attachment_2990\" aria-describedby=\"caption-attachment-2990\" style=\"width: 1024px\" class=\"wp-caption aligncenter\"><img decoding=\"async\" class=\"wp-image-2990 size-large\" title=\"m\u00f3dulo de dist\u00e2ncia laser para drones e c\u00e2mara\" src=\"https:\/\/meskernel.net\/wp-content\/uploads\/2024\/11\/laser-distance-module-for-drones-and-camera-1024x576.jpg\" alt=\"m\u00f3dulo de dist\u00e2ncia laser para drones e c\u00e2mara\" width=\"1024\" height=\"576\" srcset=\"https:\/\/meskernel.net\/wp-content\/uploads\/2024\/11\/laser-distance-module-for-drones-and-camera-1024x576.jpg 1024w, https:\/\/meskernel.net\/wp-content\/uploads\/2024\/11\/laser-distance-module-for-drones-and-camera-300x169.jpg 300w, https:\/\/meskernel.net\/wp-content\/uploads\/2024\/11\/laser-distance-module-for-drones-and-camera-768x432.jpg 768w, https:\/\/meskernel.net\/wp-content\/uploads\/2024\/11\/laser-distance-module-for-drones-and-camera-1536x864.jpg 1536w, https:\/\/meskernel.net\/wp-content\/uploads\/2024\/11\/laser-distance-module-for-drones-and-camera-400x225.jpg 400w, https:\/\/meskernel.net\/wp-content\/uploads\/2024\/11\/laser-distance-module-for-drones-and-camera.jpg 2000w\" sizes=\"(max-width: 1024px) 100vw, 1024px\" \/><figcaption id=\"caption-attachment-2990\" class=\"wp-caption-text\">m\u00f3dulo de dist\u00e2ncia laser para drones e c\u00e2mara<\/figcaption><\/figure>\n<h3>Porqu\u00ea escolher o m\u00f3dulo de dist\u00e2ncia de laser de impulso?<\/h3>\n<p>Se procura um sensor de dist\u00e2ncia laser de elevado desempenho, fi\u00e1vel e compacto, o M\u00f3dulo de Dist\u00e2ncia Laser de Impulso \u00e9 a solu\u00e7\u00e3o ideal. Eis porqu\u00ea:<\/p>\n<ul>\n<li><strong>Medi\u00e7\u00f5es exactas e fi\u00e1veis:<\/strong> Oferece uma precis\u00e3o de \u00b11 metro em dist\u00e2ncias que variam entre 5 metros e 2000 metros, proporcionando resultados consistentes e precisos em diversas condi\u00e7\u00f5es.<\/li>\n<li><strong>Design compacto e economizador de espa\u00e7o:<\/strong> O seu tamanho ultra-compacto facilita a sua integra\u00e7\u00e3o em espa\u00e7os pequenos, tornando-o perfeito para sistemas incorporados ou dispositivos compactos.<\/li>\n<li><strong>Rece\u00e7\u00e3o de sinal superior:<\/strong> O vidro de alta transmit\u00e2ncia garante medi\u00e7\u00f5es claras e precisas, mesmo a dist\u00e2ncias maiores, ideal para aplica\u00e7\u00f5es industriais ou no exterior.<\/li>\n<li><strong>Dur\u00e1vel e de longa dura\u00e7\u00e3o:<\/strong> Com o seu inv\u00f3lucro met\u00e1lico robusto, o m\u00f3dulo foi constru\u00eddo para durar e resistir a ambientes dif\u00edceis, garantindo longevidade e fiabilidade ao longo do tempo.<\/li>\n<\/ul>\n<p>Quer se trate de constru\u00e7\u00e3o, topografia, rob\u00f3tica ou <a href=\"https:\/\/meskernel.net\/pt\/aplicacao\/controlo-ambiental\/\">controlo ambiental<\/a>O Pulse Laser Distance Module oferece um desempenho inigual\u00e1vel, durabilidade e facilidade de utiliza\u00e7\u00e3o. A sua versatilidade torna-o uma ferramenta fi\u00e1vel para projectos em v\u00e1rias ind\u00fastrias, garantindo sempre medi\u00e7\u00f5es precisas e exatas.<\/p>","protected":false},"excerpt":{"rendered":"<p>O m\u00f3dulo de dist\u00e2ncia de laser de pulso oferece medi\u00e7\u00f5es de dist\u00e2ncia precisas de 5 metros a 2000 metros com <strong>\u00b1<\/strong>Precis\u00e3o de 1 metro. Compacto mas potente, apresenta um design ultra-pequeno, vidro de alta transmit\u00e2ncia para uma rece\u00e7\u00e3o de sinal superior e um inv\u00f3lucro met\u00e1lico dur\u00e1vel para um desempenho duradouro. Ideal para uma s\u00e9rie de aplica\u00e7\u00f5es, incluindo constru\u00e7\u00e3o, topografia, rob\u00f3tica e monitoriza\u00e7\u00e3o ambiental, este m\u00f3dulo \u00e9 f\u00e1cil de integrar com interfaces TTL, RS485 e RS232. Perfeito para projectos que requerem medi\u00e7\u00f5es precisas, fi\u00e1veis e de longo alcance em ambientes dif\u00edceis.<\/p>","protected":false},"featured_media":2223,"template":"","meta":{"site-sidebar-layout":"default","site-content-layout":"","ast-site-content-layout":"default","site-content-style":"default","site-sidebar-style":"default","ast-global-header-display":"","ast-banner-title-visibility":"","ast-main-header-display":"","ast-hfb-above-header-display":"","ast-hfb-below-header-display":"","ast-hfb-mobile-header-display":"","site-post-title":"","ast-breadcrumbs-content":"","ast-featured-img":"","footer-sml-layout":"","ast-disable-related-posts":"","theme-transparent-header-meta":"default","adv-header-id-meta":"","stick-header-meta":"","header-above-stick-meta":"","header-main-stick-meta":"","header-below-stick-meta":"","astra-migrate-meta-layouts":"set","ast-page-background-enabled":"default","ast-page-background-meta":{"desktop":{"background-color":"var(--ast-global-color-4)","background-image":"","background-repeat":"repeat","background-position":"center center","background-size":"auto","background-attachment":"scroll","background-type":"","background-media":"","overlay-type":"","overlay-color":"","overlay-opacity":"","overlay-gradient":""},"tablet":{"background-color":"","background-image":"","background-repeat":"repeat","background-position":"center center","background-size":"auto","background-attachment":"scroll","background-type":"","background-media":"","overlay-type":"","overlay-color":"","overlay-opacity":"","overlay-gradient":""},"mobile":{"background-color":"","background-image":"","background-repeat":"repeat","background-position":"center center","background-size":"auto","background-attachment":"scroll","background-type":"","background-media":"","overlay-type":"","overlay-color":"","overlay-opacity":"","overlay-gradient":""}},"ast-content-background-meta":{"desktop":{"background-color":"var(--ast-global-color-5)","background-image":"","background-repeat":"repeat","background-position":"center center","background-size":"auto","background-attachment":"scroll","background-type":"","background-media":"","overlay-type":"","overlay-color":"","overlay-opacity":"","overlay-gradient":""},"tablet":{"background-color":"var(--ast-global-color-5)","background-image":"","background-repeat":"repeat","background-position":"center center","background-size":"auto","background-attachment":"scroll","background-type":"","background-media":"","overlay-type":"","overlay-color":"","overlay-opacity":"","overlay-gradient":""},"mobile":{"background-color":"var(--ast-global-color-5)","background-image":"","background-repeat":"repeat","background-position":"center center","background-size":"auto","background-attachment":"scroll","background-type":"","background-media":"","overlay-type":"","overlay-color":"","overlay-opacity":"","overlay-gradient":""}}},"product_brand":[60],"product_cat":[54],"product_tag":[],"class_list":{"0":"post-499","1":"product","2":"type-product","3":"status-publish","4":"has-post-thumbnail","6":"product_brand-meskernel","7":"product_cat-long-distance-laser-ranging-sensors","8":"desktop-align-center","9":"tablet-align-left","10":"mobile-align-left","12":"first","13":"instock","14":"shipping-taxable","15":"product-type-simple"},"_links":{"self":[{"href":"https:\/\/meskernel.net\/pt\/wp-json\/wp\/v2\/product\/499","targetHints":{"allow":["GET"]}}],"collection":[{"href":"https:\/\/meskernel.net\/pt\/wp-json\/wp\/v2\/product"}],"about":[{"href":"https:\/\/meskernel.net\/pt\/wp-json\/wp\/v2\/types\/product"}],"version-history":[{"count":0,"href":"https:\/\/meskernel.net\/pt\/wp-json\/wp\/v2\/product\/499\/revisions"}],"wp:featuredmedia":[{"embeddable":true,"href":"https:\/\/meskernel.net\/pt\/wp-json\/wp\/v2\/media\/2223"}],"wp:attachment":[{"href":"https:\/\/meskernel.net\/pt\/wp-json\/wp\/v2\/media?parent=499"}],"wp:term":[{"taxonomy":"product_brand","embeddable":true,"href":"https:\/\/meskernel.net\/pt\/wp-json\/wp\/v2\/product_brand?post=499"},{"taxonomy":"product_cat","embeddable":true,"href":"https:\/\/meskernel.net\/pt\/wp-json\/wp\/v2\/product_cat?post=499"},{"taxonomy":"product_tag","embeddable":true,"href":"https:\/\/meskernel.net\/pt\/wp-json\/wp\/v2\/product_tag?post=499"}],"curies":[{"name":"wp","href":"https:\/\/api.w.org\/{rel}","templated":true}]}}