{"id":5031,"date":"2025-07-14T11:31:39","date_gmt":"2025-07-14T03:31:39","guid":{"rendered":"https:\/\/meskernel.net\/?post_type=product&#038;p=5031"},"modified":"2026-01-16T15:52:26","modified_gmt":"2026-01-16T07:52:26","slug":"modulo-telemetro-laser","status":"publish","type":"product","link":"https:\/\/meskernel.net\/pt\/product\/laser-range-finder-module\/","title":{"rendered":"Melhor m\u00f3dulo tel\u00e9metro laser para aplica\u00e7\u00f5es exteriores TC25"},"content":{"rendered":"<p data-start=\"347\" data-end=\"407\"><strong data-start=\"347\" data-end=\"407\">Precis\u00e3o. Rapidez. Fiabilidade. Na palma da sua m\u00e3o.<\/strong><\/p>\n<p data-start=\"85\" data-end=\"349\">O TC25 \u00e9 um m\u00f3dulo compacto de tel\u00e9metro laser que oferece um alcance de at\u00e9 1.000 m e uma precis\u00e3o de \u00b11 m. Concebido pela Meskernel, um dos principais inovadores em tecnologias de medi\u00e7\u00e3o laser, o TC25 integra dete\u00e7\u00e3o \u00f3tica avan\u00e7ada com um formato robusto e leve - proporcionando uma medi\u00e7\u00e3o de dist\u00e2ncias fi\u00e1vel, mesmo em ambientes exteriores de ritmo acelerado e de elevada exig\u00eancia.<\/p>\n<p data-start=\"2902\" data-end=\"3098\">Para plataformas exteriores e m\u00f3veis, como UAV e AGV, <a href=\"https:\/\/meskernel.net\/pt\/time-of-flight-ranging\/\">Varia\u00e7\u00e3o do tempo de voo<\/a> (ToF) s\u00e3o amplamente utilizados devido \u00e0 sua forte resist\u00eancia \u00e0 luz solar e \u00e0 interfer\u00eancia da luz ambiente.<\/p>\n<p data-start=\"3105\" data-end=\"3211\">A tecnologia Diret ToF (dToF) assegura uma medi\u00e7\u00e3o est\u00e1vel da dist\u00e2ncia, mesmo em ambientes din\u00e2micos e complexos.<\/p>\n<p data-start=\"85\" data-end=\"349\"><img fetchpriority=\"high\" decoding=\"async\" class=\"size-medium wp-image-2688 alignleft\" src=\"https:\/\/meskernel.net\/wp-content\/uploads\/2024\/11\/Laser-Distance-Sensor-TC22-700m3-300x300.jpg\" alt=\"\" width=\"300\" height=\"300\" srcset=\"https:\/\/meskernel.net\/wp-content\/uploads\/2024\/11\/Laser-Distance-Sensor-TC22-700m3-300x300.jpg 300w, https:\/\/meskernel.net\/wp-content\/uploads\/2024\/11\/Laser-Distance-Sensor-TC22-700m3-150x150.jpg 150w, https:\/\/meskernel.net\/wp-content\/uploads\/2024\/11\/Laser-Distance-Sensor-TC22-700m3-768x768.jpg 768w, https:\/\/meskernel.net\/wp-content\/uploads\/2024\/11\/Laser-Distance-Sensor-TC22-700m3-400x400.jpg 400w, https:\/\/meskernel.net\/wp-content\/uploads\/2024\/11\/Laser-Distance-Sensor-TC22-700m3-100x100.jpg 100w, https:\/\/meskernel.net\/wp-content\/uploads\/2024\/11\/Laser-Distance-Sensor-TC22-700m3.jpg 800w\" sizes=\"(max-width: 300px) 100vw, 300px\" \/><\/p>\n<p><img decoding=\"async\" class=\"wp-image-3143 size-medium alignleft\" src=\"https:\/\/meskernel.net\/wp-content\/uploads\/2024\/12\/Pulse-Laser-Distance-Sensor-TC22-1000m-300x300.jpg\" alt=\"Sensor de dist\u00e2ncia a laser de pulso TC22-1000m\" width=\"300\" height=\"300\" srcset=\"https:\/\/meskernel.net\/wp-content\/uploads\/2024\/12\/Pulse-Laser-Distance-Sensor-TC22-1000m-300x300.jpg 300w, https:\/\/meskernel.net\/wp-content\/uploads\/2024\/12\/Pulse-Laser-Distance-Sensor-TC22-1000m-150x150.jpg 150w, https:\/\/meskernel.net\/wp-content\/uploads\/2024\/12\/Pulse-Laser-Distance-Sensor-TC22-1000m-768x768.jpg 768w, https:\/\/meskernel.net\/wp-content\/uploads\/2024\/12\/Pulse-Laser-Distance-Sensor-TC22-1000m-400x400.jpg 400w, https:\/\/meskernel.net\/wp-content\/uploads\/2024\/12\/Pulse-Laser-Distance-Sensor-TC22-1000m-100x100.jpg 100w, https:\/\/meskernel.net\/wp-content\/uploads\/2024\/12\/Pulse-Laser-Distance-Sensor-TC22-1000m.jpg 800w\" sizes=\"(max-width: 300px) 100vw, 300px\" \/><\/p>\n<p><img decoding=\"async\" class=\"wp-image-2686 size-medium alignleft\" src=\"https:\/\/meskernel.net\/wp-content\/uploads\/2024\/11\/Laser-Distance-Sensor-TC22-700m1-300x300.jpg\" alt=\"Localizador de dist\u00e2ncias a laser\" width=\"300\" height=\"300\" srcset=\"https:\/\/meskernel.net\/wp-content\/uploads\/2024\/11\/Laser-Distance-Sensor-TC22-700m1-300x300.jpg 300w, https:\/\/meskernel.net\/wp-content\/uploads\/2024\/11\/Laser-Distance-Sensor-TC22-700m1-150x150.jpg 150w, https:\/\/meskernel.net\/wp-content\/uploads\/2024\/11\/Laser-Distance-Sensor-TC22-700m1-768x768.jpg 768w, https:\/\/meskernel.net\/wp-content\/uploads\/2024\/11\/Laser-Distance-Sensor-TC22-700m1-400x400.jpg 400w, https:\/\/meskernel.net\/wp-content\/uploads\/2024\/11\/Laser-Distance-Sensor-TC22-700m1-100x100.jpg 100w, https:\/\/meskernel.net\/wp-content\/uploads\/2024\/11\/Laser-Distance-Sensor-TC22-700m1.jpg 800w\" sizes=\"(max-width: 300px) 100vw, 300px\" \/><\/p>\n<p>&nbsp;<\/p>\n<p>&nbsp;<\/p>\n<p>&nbsp;<\/p>\n<p>&nbsp;<\/p>\n<p>&nbsp;<\/p>\n<p>&nbsp;<\/p>\n<p>&nbsp;<\/p>\n<h3 data-start=\"795\" data-end=\"815\"><\/h3>\n<h3 data-start=\"795\" data-end=\"815\">\ud83d\udd39 Carater\u00edsticas principais:<\/h3>\n<ul data-start=\"816\" data-end=\"1734\">\n<li data-start=\"816\" data-end=\"998\">\n<p data-start=\"818\" data-end=\"998\"><strong data-start=\"818\" data-end=\"843\">Compacto e leve<\/strong>: Com apenas 43 mm de comprimento e pesando apenas alguns gramas, o m\u00f3dulo de dist\u00e2ncia laser TC25 \u00e9 ideal para integra\u00e7\u00e3o em equipamentos de mira port\u00e1teis e miras telesc\u00f3picas inteligentes.<\/p>\n<\/li>\n<li data-start=\"999\" data-end=\"1142\">\n<p data-start=\"1001\" data-end=\"1142\"><strong data-start=\"1001\" data-end=\"1024\">Precis\u00e3o de longo alcance<\/strong>: Mede dist\u00e2ncias at\u00e9 1.000 metros com uma precis\u00e3o de \u00b11 m - permitindo uma mira fi\u00e1vel em condi\u00e7\u00f5es de longo alcance.<\/p>\n<\/li>\n<li data-start=\"1143\" data-end=\"1289\">\n<p data-start=\"1145\" data-end=\"1289\"><strong data-start=\"1145\" data-end=\"1174\">Resposta r\u00e1pida de medi\u00e7\u00e3o<\/strong>: Com frequ\u00eancias de medi\u00e7\u00e3o at\u00e9 5 Hz, o TC25 assegura uma aquisi\u00e7\u00e3o r\u00e1pida de alvos em cen\u00e1rios de observa\u00e7\u00e3o din\u00e2micos.<\/p>\n<\/li>\n<li data-start=\"1290\" data-end=\"1439\">\n<p data-start=\"1292\" data-end=\"1439\"><strong data-start=\"1292\" data-end=\"1317\">Baixo consumo de energia<\/strong>: Optimizado para plataformas m\u00f3veis e alimentadas por bateria, o m\u00f3dulo suporta uma utiliza\u00e7\u00e3o prolongada no exterior sem necessidade de carregamentos frequentes.<\/p>\n<\/li>\n<li data-start=\"1440\" data-end=\"1584\">\n<p data-start=\"1442\" data-end=\"1584\"><strong data-start=\"1442\" data-end=\"1468\">Comunica\u00e7\u00e3o flex\u00edvel<\/strong>: Compat\u00edvel com interfaces s\u00e9rie UART, permitindo uma f\u00e1cil integra\u00e7\u00e3o em sistemas incorporados e placas de controlo personalizadas.<\/p>\n<\/li>\n<li data-start=\"1585\" data-end=\"1734\">\n<p data-start=\"1587\" data-end=\"1734\"><strong data-start=\"1587\" data-end=\"1615\">Design resistente \u00e0s intemp\u00e9ries<\/strong>: Constru\u00eddo para utiliza\u00e7\u00e3o no exterior em ambientes exigentes, o TC25 pode suportar choques, vibra\u00e7\u00f5es e temperaturas vari\u00e1veis.<\/p>\n<\/li>\n<\/ul>\n<h3 data-start=\"1736\" data-end=\"1756\">\ud83d\udd39 Aplica\u00e7\u00f5es:<\/h3>\n<ul data-start=\"1757\" data-end=\"1983\">\n<li data-start=\"1757\" data-end=\"1799\">\n<p data-start=\"1759\" data-end=\"1799\">medidores de dist\u00e2ncia por laser<\/p>\n<\/li>\n<li data-start=\"1800\" data-end=\"1843\">\n<p data-start=\"1802\" data-end=\"1843\">Miras telesc\u00f3picas e sistemas \u00f3pticos inteligentes<\/p>\n<\/li>\n<li data-start=\"1844\" data-end=\"1884\">\n<p data-start=\"1846\" data-end=\"1884\">Drones e robots<\/p>\n<\/li>\n<li data-start=\"1885\" data-end=\"1936\">\n<p data-start=\"1887\" data-end=\"1936\">Tel\u00e9metros para ca\u00e7a e observa\u00e7\u00e3o da vida selvagem<\/p>\n<\/li>\n<li data-start=\"1937\" data-end=\"1983\">\n<p data-start=\"1939\" data-end=\"1983\">Desportos ao ar livre<\/p>\n<\/li>\n<\/ul>\n<h3 data-start=\"1985\" data-end=\"2013\"><img data-dominant-color=\"686870\" data-has-transparency=\"true\" style=\"--dominant-color: #686870;\" loading=\"lazy\" decoding=\"async\" class=\"alignleft wp-image-6603 size-full has-transparency\" src=\"https:\/\/meskernel.net\/wp-content\/uploads\/2025\/07\/Laser-Range-finder-Module-for-Outdoor-Applications.webp\" alt=\"M\u00f3dulo tel\u00e9metro laser para aplica\u00e7\u00f5es exteriores\" width=\"1925\" height=\"482\" srcset=\"https:\/\/meskernel.net\/wp-content\/uploads\/2025\/07\/Laser-Range-finder-Module-for-Outdoor-Applications.webp 1925w, https:\/\/meskernel.net\/wp-content\/uploads\/2025\/07\/Laser-Range-finder-Module-for-Outdoor-Applications-300x75.webp 300w, https:\/\/meskernel.net\/wp-content\/uploads\/2025\/07\/Laser-Range-finder-Module-for-Outdoor-Applications-1024x256.webp 1024w, https:\/\/meskernel.net\/wp-content\/uploads\/2025\/07\/Laser-Range-finder-Module-for-Outdoor-Applications-768x192.webp 768w, https:\/\/meskernel.net\/wp-content\/uploads\/2025\/07\/Laser-Range-finder-Module-for-Outdoor-Applications-1536x385.webp 1536w, https:\/\/meskernel.net\/wp-content\/uploads\/2025\/07\/Laser-Range-finder-Module-for-Outdoor-Applications-18x5.webp 18w, https:\/\/meskernel.net\/wp-content\/uploads\/2025\/07\/Laser-Range-finder-Module-for-Outdoor-Applications-400x100.webp 400w\" sizes=\"(max-width: 1925px) 100vw, 1925px\" \/><\/h3>\n<h3 data-start=\"1985\" data-end=\"2013\">\ud83d\udd39 Destaques t\u00e9cnicos:<\/h3>\n<ul data-start=\"2014\" data-end=\"2289\">\n<li data-start=\"2014\" data-end=\"2053\">\n<p data-start=\"2016\" data-end=\"2053\"><strong data-start=\"2016\" data-end=\"2030\">Comprimento de onda<\/strong>Laser infravermelho de 905 nm<\/p>\n<\/li>\n<li data-start=\"2054\" data-end=\"2112\">\n<p data-start=\"2056\" data-end=\"2112\"><strong data-start=\"2056\" data-end=\"2065\">Gama<\/strong>: 5 m - 1.000 m (consoante a refletividade do alvo)<\/p>\n<\/li>\n<li data-start=\"2113\" data-end=\"2133\">\n<p data-start=\"2115\" data-end=\"2133\"><strong data-start=\"2115\" data-end=\"2127\">Exatid\u00e3o<\/strong>: \u00b11 m<\/p>\n<\/li>\n<li data-start=\"2134\" data-end=\"2163\">\n<p data-start=\"2136\" data-end=\"2163\"><strong data-start=\"2136\" data-end=\"2151\">Taxa de atualiza\u00e7\u00e3o<\/strong>: At\u00e9 5 Hz<\/p>\n<\/li>\n<li data-start=\"2164\" data-end=\"2218\">\n<p data-start=\"2166\" data-end=\"2218\"><strong data-start=\"2166\" data-end=\"2185\">Diverg\u00eancia do feixe<\/strong>: ~2,5 mrad para uma orienta\u00e7\u00e3o precisa<\/p>\n<\/li>\n<li data-start=\"2219\" data-end=\"2248\">\n<p data-start=\"2221\" data-end=\"2248\"><strong data-start=\"2221\" data-end=\"2240\">Tens\u00e3o de funcionamento<\/strong>: 5 V DC<\/p>\n<\/li>\n<li data-start=\"2249\" data-end=\"2289\">\n<p data-start=\"2251\" data-end=\"2289\"><strong data-start=\"2251\" data-end=\"2271\">Interface de sa\u00edda<\/strong>: UART (3,3 V TTL)<\/p>\n<\/li>\n<\/ul>\n<h3 data-start=\"2291\" data-end=\"2314\">Porqu\u00ea escolher o m\u00f3dulo tel\u00e9metro a laser TC25?<\/h3>\n<p data-start=\"2315\" data-end=\"2764\">O m\u00f3dulo de sensor de tel\u00e9metro laser TC25 da Meskernel combina um design miniaturizado com um desempenho de n\u00edvel profissional, tornando-o na escolha ideal para programadores OEM, aplica\u00e7\u00f5es de defesa e fabricantes de equipamento desportivo ao ar livre que procuram um sensor de tel\u00e9metro compacto com fiabilidade industrial. Quer esteja a construir uma nova gera\u00e7\u00e3o de \u00f3pticas inteligentes ou a melhorar os sistemas de rob\u00f4s existentes, o TC25 fornece a precis\u00e3o que os seus utilizadores exigem.<\/p>\n<h3 data-start=\"270\" data-end=\"346\">Perguntas frequentes - M\u00f3dulo tel\u00e9metro laser TC25<\/h3>\n<p>&nbsp;<\/p>\n<p data-start=\"701\" data-end=\"944\"><strong data-start=\"701\" data-end=\"756\">P1: Qual \u00e9 a precis\u00e3o do sensor de dist\u00e2ncia por laser TC25?<\/strong><br data-start=\"756\" data-end=\"759\" \/><strong data-start=\"759\" data-end=\"765\">A:<\/strong> O TC25 oferece uma elevada precis\u00e3o com um erro de medi\u00e7\u00e3o t\u00edpico de \u00b11 metro, o que o torna adequado para cen\u00e1rios de observa\u00e7\u00e3o de longo alcance e de ca\u00e7a em que \u00e9 essencial uma mira precisa.<\/p>\n<hr data-start=\"946\" data-end=\"949\" \/>\n<p data-start=\"951\" data-end=\"1256\"><strong data-start=\"951\" data-end=\"1023\">P2: O TC25 pode ser integrado no meu pr\u00f3prio sistema ou \u00e2mbito de aplica\u00e7\u00e3o?<\/strong><br data-start=\"1023\" data-end=\"1026\" \/><strong data-start=\"1026\" data-end=\"1032\">A:<\/strong> Sim. O TC25 <a href=\"https:\/\/www.globalsources.com\/chengdu-meskernel\/showroom_6002100157315.htm\" target=\"_blank\" rel=\"noopener\">m\u00f3dulo tel\u00e9metro laser<\/a> apresenta um design compacto (43 \u00d7 25 mm) e uma interface UART, o que facilita a sua integra\u00e7\u00e3o em sistemas personalizados, oscilosc\u00f3pios inteligentes ou outras plataformas incorporadas.<\/p>\n<hr data-start=\"1258\" data-end=\"1261\" \/>\n<p data-start=\"1263\" data-end=\"1478\"><strong data-start=\"1263\" data-end=\"1323\">P3: O TC25 \u00e9 adequado para condi\u00e7\u00f5es de ca\u00e7a no exterior?<\/strong><br data-start=\"1323\" data-end=\"1326\" \/><strong data-start=\"1326\" data-end=\"1332\">A:<\/strong> Sem d\u00favida. O TC25 foi concebido para uma utiliza\u00e7\u00e3o robusta no exterior, o que faz dele um sensor de alcance de ca\u00e7a fi\u00e1vel, mesmo em condi\u00e7\u00f5es meteorol\u00f3gicas e de ilumina\u00e7\u00e3o vari\u00e1veis.<\/p>\n<hr data-start=\"1696\" data-end=\"1699\" \/>\n<p data-start=\"1701\" data-end=\"1935\"><strong data-start=\"1701\" data-end=\"1761\">P4: Como \u00e9 que o m\u00f3dulo laser TC25 \u00e9 alimentado e controlado?<\/strong><br data-start=\"1761\" data-end=\"1764\" \/><strong data-start=\"1764\" data-end=\"1770\">A:<\/strong> Funciona com uma fonte de alimenta\u00e7\u00e3o de 5V DC e comunica atrav\u00e9s de uma interface UART TTL de 3,3V, o que o torna compat\u00edvel com uma vasta gama de microcontroladores e sistemas incorporados.<\/p>\n<p data-start=\"1942\" data-end=\"2244\">","protected":false},"excerpt":{"rendered":"<p data-start=\"85\" data-end=\"349\">O TC25 \u00e9 o melhor m\u00f3dulo de tel\u00e9metro a laser para mira, oferecendo um alcance de at\u00e9 1.000 m e uma precis\u00e3o de \u00b11 m. Concebido para tel\u00e9metros, dispositivos de ca\u00e7a e equipamento t\u00e1tico, proporciona uma medi\u00e7\u00e3o de dist\u00e2ncias r\u00e1pida e fi\u00e1vel num formato leve e f\u00e1cil de integrar.<\/p>","protected":false},"featured_media":5087,"template":"","meta":{"site-sidebar-layout":"default","site-content-layout":"","ast-site-content-layout":"default","site-content-style":"default","site-sidebar-style":"default","ast-global-header-display":"","ast-banner-title-visibility":"","ast-main-header-display":"","ast-hfb-above-header-display":"","ast-hfb-below-header-display":"","ast-hfb-mobile-header-display":"","site-post-title":"","ast-breadcrumbs-content":"","ast-featured-img":"","footer-sml-layout":"","ast-disable-related-posts":"","theme-transparent-header-meta":"default","adv-header-id-meta":"","stick-header-meta":"","header-above-stick-meta":"","header-main-stick-meta":"","header-below-stick-meta":"","astra-migrate-meta-layouts":"set","ast-page-background-enabled":"default","ast-page-background-meta":{"desktop":{"background-color":"var(--ast-global-color-4)","background-image":"","background-repeat":"repeat","background-position":"center center","background-size":"auto","background-attachment":"scroll","background-type":"","background-media":"","overlay-type":"","overlay-color":"","overlay-opacity":"","overlay-gradient":""},"tablet":{"background-color":"","background-image":"","background-repeat":"repeat","background-position":"center center","background-size":"auto","background-attachment":"scroll","background-type":"","background-media":"","overlay-type":"","overlay-color":"","overlay-opacity":"","overlay-gradient":""},"mobile":{"background-color":"","background-image":"","background-repeat":"repeat","background-position":"center center","background-size":"auto","background-attachment":"scroll","background-type":"","background-media":"","overlay-type":"","overlay-color":"","overlay-opacity":"","overlay-gradient":""}},"ast-content-background-meta":{"desktop":{"background-color":"var(--ast-global-color-5)","background-image":"","background-repeat":"repeat","background-position":"center center","background-size":"auto","background-attachment":"scroll","background-type":"","background-media":"","overlay-type":"","overlay-color":"","overlay-opacity":"","overlay-gradient":""},"tablet":{"background-color":"var(--ast-global-color-5)","background-image":"","background-repeat":"repeat","background-position":"center center","background-size":"auto","background-attachment":"scroll","background-type":"","background-media":"","overlay-type":"","overlay-color":"","overlay-opacity":"","overlay-gradient":""},"mobile":{"background-color":"var(--ast-global-color-5)","background-image":"","background-repeat":"repeat","background-position":"center center","background-size":"auto","background-attachment":"scroll","background-type":"","background-media":"","overlay-type":"","overlay-color":"","overlay-opacity":"","overlay-gradient":""}}},"product_brand":[60],"product_cat":[54],"product_tag":[59],"class_list":{"0":"post-5031","1":"product","2":"type-product","3":"status-publish","4":"has-post-thumbnail","6":"product_brand-meskernel","7":"product_cat-long-distance-laser-ranging-sensors","8":"product_tag-advantage","9":"desktop-align-center","10":"tablet-align-left","11":"mobile-align-left","13":"first","14":"instock","15":"shipping-taxable","16":"product-type-simple"},"_links":{"self":[{"href":"https:\/\/meskernel.net\/pt\/wp-json\/wp\/v2\/product\/5031","targetHints":{"allow":["GET"]}}],"collection":[{"href":"https:\/\/meskernel.net\/pt\/wp-json\/wp\/v2\/product"}],"about":[{"href":"https:\/\/meskernel.net\/pt\/wp-json\/wp\/v2\/types\/product"}],"version-history":[{"count":0,"href":"https:\/\/meskernel.net\/pt\/wp-json\/wp\/v2\/product\/5031\/revisions"}],"wp:featuredmedia":[{"embeddable":true,"href":"https:\/\/meskernel.net\/pt\/wp-json\/wp\/v2\/media\/5087"}],"wp:attachment":[{"href":"https:\/\/meskernel.net\/pt\/wp-json\/wp\/v2\/media?parent=5031"}],"wp:term":[{"taxonomy":"product_brand","embeddable":true,"href":"https:\/\/meskernel.net\/pt\/wp-json\/wp\/v2\/product_brand?post=5031"},{"taxonomy":"product_cat","embeddable":true,"href":"https:\/\/meskernel.net\/pt\/wp-json\/wp\/v2\/product_cat?post=5031"},{"taxonomy":"product_tag","embeddable":true,"href":"https:\/\/meskernel.net\/pt\/wp-json\/wp\/v2\/product_tag?post=5031"}],"curies":[{"name":"wp","href":"https:\/\/api.w.org\/{rel}","templated":true}]}}