{"id":5201,"date":"2025-07-30T14:31:28","date_gmt":"2025-07-30T06:31:28","guid":{"rendered":"https:\/\/meskernel.net\/?post_type=product&#038;p=5201"},"modified":"2025-07-30T14:32:59","modified_gmt":"2025-07-30T06:32:59","slug":"binoculo-com-telemetro-laser","status":"publish","type":"product","link":"https:\/\/meskernel.net\/pt\/product\/binocular-with-laser-rangefinder\/","title":{"rendered":"Fornecimento direto da f\u00e1brica - Bin\u00f3culo HD de alta pot\u00eancia \u00e0 prova de \u00e1gua com tel\u00e9metro laser, vis\u00e3o nocturna e visor de coordenadas para utiliza\u00e7\u00e3o no exterior"},"content":{"rendered":"<p data-start=\"234\" data-end=\"382\">Este bin\u00f3culo \u00e0 prova de \u00e1gua de elevado desempenho com <a href=\"https:\/\/meskernel.net\/pt\/product\/golf-rangefinder-sensor\/\">Tel\u00eametro a laser<\/a>, permitindo-lhe medir dist\u00e2ncias com precis\u00e3o enquanto desfruta de imagens cristalinas. Quer esteja a fazer caminhadas nas montanhas, a navegar na natureza ou a ca\u00e7ar em condi\u00e7\u00f5es de pouca luz, este dispositivo robusto foi concebido para funcionar.<\/p>\n<h2 data-start=\"543\" data-end=\"601\"><strong data-start=\"549\" data-end=\"599\">Porqu\u00ea escolher um bin\u00f3culo com tel\u00e9metro laser?<\/strong><\/h2>\n<p data-start=\"602\" data-end=\"760\">Um bin\u00f3culo com tel\u00e9metro laser combina as fun\u00e7\u00f5es de medi\u00e7\u00e3o de dist\u00e2ncias e de observa\u00e7\u00e3o de alta defini\u00e7\u00e3o num \u00fanico instrumento compacto. Permite-lhe:<\/p>\n<ul data-start=\"761\" data-end=\"982\">\n<li data-start=\"761\" data-end=\"816\">\n<p data-start=\"763\" data-end=\"816\">Determinar instantaneamente a dist\u00e2ncia exacta do seu alvo<\/p>\n<\/li>\n<li data-start=\"817\" data-end=\"857\">\n<p data-start=\"819\" data-end=\"857\">Monitorizar objectos em movimento utilizando o modo de varrimento<\/p>\n<\/li>\n<li data-start=\"858\" data-end=\"930\">\n<p data-start=\"860\" data-end=\"930\">Melhorar a precis\u00e3o durante actividades ao ar livre, como a ca\u00e7a ou o levantamento topogr\u00e1fico<\/p>\n<\/li>\n<li data-start=\"931\" data-end=\"982\">\n<p data-start=\"933\" data-end=\"982\">Reduzir a necessidade de transportar instrumentos separados<\/p>\n<\/li>\n<\/ul>\n<p data-start=\"984\" data-end=\"1100\">Este bin\u00f3culo multifuncional \u00e9 ideal para profissionais e entusiastas que procuram um desempenho fi\u00e1vel no terreno.<\/p>\n<p data-start=\"530\" data-end=\"844\"><strong data-start=\"530\" data-end=\"564\">Constru\u00eddo para ambientes extremos<\/strong><br data-start=\"564\" data-end=\"567\" \/>Com um design IP67 \u00e0 prova de \u00e1gua e de nevoeiro, este bin\u00f3culo \u00e9 selado e cheio de nitrog\u00e9nio para evitar que a humidade ou os detritos entrem na estrutura interna. Desde chuva intensa a gelo marinho e geada, mant\u00e9m-se n\u00edtido e fi\u00e1vel, satisfazendo as exig\u00eancias de qualquer desafio no exterior.<\/p>\n<p data-start=\"234\" data-end=\"382\">\ud83d\udd0d <strong data-start=\"237\" data-end=\"281\">Vis\u00e3o HD de grande angular - Claridade sem limites<\/strong><br data-start=\"281\" data-end=\"284\" \/>Experimente vistas ultra n\u00edtidas com o alcance laser HD de 10x, perfeito para observa\u00e7\u00e3o a longa dist\u00e2ncia.<\/p>\n<p data-start=\"234\" data-end=\"382\"><img data-dominant-color=\"788789\" data-has-transparency=\"false\" style=\"--dominant-color: #788789;\" fetchpriority=\"high\" decoding=\"async\" class=\"wp-image-5203 size-full aligncenter not-transparent\" src=\"https:\/\/meskernel.net\/wp-content\/uploads\/2025\/07\/Venture-rangefinder-1.webp\" alt=\"Tel\u00e9metro Venture (1)\" width=\"800\" height=\"1330\" srcset=\"https:\/\/meskernel.net\/wp-content\/uploads\/2025\/07\/Venture-rangefinder-1.webp 800w, https:\/\/meskernel.net\/wp-content\/uploads\/2025\/07\/Venture-rangefinder-1-180x300.webp 180w, https:\/\/meskernel.net\/wp-content\/uploads\/2025\/07\/Venture-rangefinder-1-616x1024.webp 616w, https:\/\/meskernel.net\/wp-content\/uploads\/2025\/07\/Venture-rangefinder-1-768x1277.webp 768w, https:\/\/meskernel.net\/wp-content\/uploads\/2025\/07\/Venture-rangefinder-1-7x12.webp 7w, https:\/\/meskernel.net\/wp-content\/uploads\/2025\/07\/Venture-rangefinder-1-400x665.webp 400w\" sizes=\"(max-width: 800px) 100vw, 800px\" \/><\/p>\n<p data-start=\"384\" data-end=\"405\">\ud83d\udee0\ufe0f <strong data-start=\"388\" data-end=\"405\">Carater\u00edsticas principais:<\/strong><\/p>\n<ul data-start=\"406\" data-end=\"980\">\n<li data-start=\"406\" data-end=\"486\">\n<p data-start=\"408\" data-end=\"486\">\ud83d\udd39 <strong data-start=\"411\" data-end=\"429\">Laser Ranging:<\/strong> Medi\u00e7\u00e3o exacta da dist\u00e2ncia com o toque de um bot\u00e3o<\/p>\n<\/li>\n<li data-start=\"487\" data-end=\"553\">\n<p data-start=\"489\" data-end=\"553\">\ud83d\udd39 <strong data-start=\"492\" data-end=\"513\">Rastreio de varrimento:<\/strong> Medi\u00e7\u00e3o cont\u00ednua durante o rastreio<\/p>\n<\/li>\n<li data-start=\"554\" data-end=\"625\">\n<p data-start=\"556\" data-end=\"625\">\ud83d\udd39 <strong data-start=\"559\" data-end=\"580\">Zoom \u00f3tico de 10x:<\/strong> Elevada amplia\u00e7\u00e3o para maior visibilidade<\/p>\n<\/li>\n<li data-start=\"626\" data-end=\"698\">\n<p data-start=\"628\" data-end=\"698\">\ud83d\udd39 <strong data-start=\"631\" data-end=\"655\">Medi\u00e7\u00e3o exacta:<\/strong> Precis\u00e3o de ponto para actividades ao ar livre<\/p>\n<\/li>\n<li data-start=\"699\" data-end=\"774\">\n<p data-start=\"701\" data-end=\"774\">\ud83d\udd39 <strong data-start=\"704\" data-end=\"732\">Revestimento largo multicamada:<\/strong> Melhoria da transmiss\u00e3o da luz e da claridade<\/p>\n<\/li>\n<li data-start=\"775\" data-end=\"831\">\n<p data-start=\"777\" data-end=\"831\">\ud83d\udd39 <strong data-start=\"780\" data-end=\"795\">Prisma BAK4:<\/strong> Oferece imagens mais brilhantes e n\u00edtidas<\/p>\n<\/li>\n<li data-start=\"832\" data-end=\"906\">\n<p data-start=\"834\" data-end=\"906\">\ud83d\udd39 <strong data-start=\"837\" data-end=\"869\">Liga de magn\u00e9sio Corpo do espelho:<\/strong> Leve, mas resistente e duradouro<\/p>\n<\/li>\n<li data-start=\"907\" data-end=\"980\">\n<p data-start=\"909\" data-end=\"980\">\ud83d\udd39 <strong data-start=\"912\" data-end=\"931\">\u00d3tica Full HD:<\/strong> Qualidade de imagem n\u00edtida e cristalina para utiliza\u00e7\u00e3o profissional<\/p>\n<\/li>\n<\/ul>\n<p data-start=\"982\" data-end=\"1030\">\ud83c\udf27\ufe0f <strong data-start=\"986\" data-end=\"1028\">IP67 \u00e0 prova de \u00e1gua, de nevoeiro e de poeiras<\/strong><\/p>\n<ul data-start=\"1031\" data-end=\"1268\">\n<li data-start=\"1031\" data-end=\"1115\">\n<p data-start=\"1033\" data-end=\"1115\">Concebido para condi\u00e7\u00f5es exteriores dif\u00edceis: montanhas, chuva, nevoeiro, gelo marinho e geada.<\/p>\n<\/li>\n<li data-start=\"1116\" data-end=\"1191\">\n<p data-start=\"1118\" data-end=\"1191\"><strong data-start=\"1118\" data-end=\"1149\">Tubo selado cheio de nitrog\u00e9nio<\/strong> mant\u00e9m os componentes internos seguros e secos.<\/p>\n<\/li>\n<li data-start=\"1192\" data-end=\"1268\">\n<p data-start=\"1194\" data-end=\"1268\">Desempenho fi\u00e1vel em qualquer clima, prolongando a vida \u00fatil do produto.<\/p>\n<\/li>\n<\/ul>\n<p data-start=\"1270\" data-end=\"1421\">\ud83d\udce6 <strong data-start=\"1273\" data-end=\"1287\">Ideal para:<\/strong><br data-start=\"1287\" data-end=\"1290\" \/>Caminhadas, ca\u00e7a, observa\u00e7\u00e3o da vida selvagem, campismo, navega\u00e7\u00e3o mar\u00edtima e desportos ao ar livre que exijam medi\u00e7\u00f5es precisas a longa dist\u00e2ncia.<\/p>\n<p data-start=\"234\" data-end=\"382\"><img data-dominant-color=\"c2c7c8\" data-has-transparency=\"false\" style=\"--dominant-color: #c2c7c8;\" decoding=\"async\" class=\"alignleft wp-image-5204 size-full not-transparent\" src=\"https:\/\/meskernel.net\/wp-content\/uploads\/2025\/07\/Venture-rangefinder-2.webp\" alt=\"Tel\u00e9metro Venture (2)\" width=\"800\" height=\"1211\" srcset=\"https:\/\/meskernel.net\/wp-content\/uploads\/2025\/07\/Venture-rangefinder-2.webp 800w, https:\/\/meskernel.net\/wp-content\/uploads\/2025\/07\/Venture-rangefinder-2-198x300.webp 198w, https:\/\/meskernel.net\/wp-content\/uploads\/2025\/07\/Venture-rangefinder-2-676x1024.webp 676w, https:\/\/meskernel.net\/wp-content\/uploads\/2025\/07\/Venture-rangefinder-2-768x1163.webp 768w, https:\/\/meskernel.net\/wp-content\/uploads\/2025\/07\/Venture-rangefinder-2-8x12.webp 8w, https:\/\/meskernel.net\/wp-content\/uploads\/2025\/07\/Venture-rangefinder-2-400x606.webp 400w\" sizes=\"(max-width: 800px) 100vw, 800px\" \/> <img data-dominant-color=\"cdd0d4\" data-has-transparency=\"false\" style=\"--dominant-color: #cdd0d4;\" decoding=\"async\" class=\"alignleft wp-image-5205 size-full not-transparent\" src=\"https:\/\/meskernel.net\/wp-content\/uploads\/2025\/07\/Venture-rangefinder-3.webp\" alt=\"Tel\u00e9metro Venture (3)\" width=\"800\" height=\"1145\" srcset=\"https:\/\/meskernel.net\/wp-content\/uploads\/2025\/07\/Venture-rangefinder-3.webp 800w, https:\/\/meskernel.net\/wp-content\/uploads\/2025\/07\/Venture-rangefinder-3-210x300.webp 210w, https:\/\/meskernel.net\/wp-content\/uploads\/2025\/07\/Venture-rangefinder-3-715x1024.webp 715w, https:\/\/meskernel.net\/wp-content\/uploads\/2025\/07\/Venture-rangefinder-3-768x1099.webp 768w, https:\/\/meskernel.net\/wp-content\/uploads\/2025\/07\/Venture-rangefinder-3-8x12.webp 8w, https:\/\/meskernel.net\/wp-content\/uploads\/2025\/07\/Venture-rangefinder-3-400x573.webp 400w\" sizes=\"(max-width: 800px) 100vw, 800px\" \/> <img data-dominant-color=\"b8bdc0\" data-has-transparency=\"false\" style=\"--dominant-color: #b8bdc0;\" loading=\"lazy\" decoding=\"async\" class=\"alignleft wp-image-5206 size-full not-transparent\" src=\"https:\/\/meskernel.net\/wp-content\/uploads\/2025\/07\/Venture-rangefinder-4.webp\" alt=\"Tel\u00e9metro Venture (4)\" width=\"800\" height=\"1114\" srcset=\"https:\/\/meskernel.net\/wp-content\/uploads\/2025\/07\/Venture-rangefinder-4.webp 800w, https:\/\/meskernel.net\/wp-content\/uploads\/2025\/07\/Venture-rangefinder-4-215x300.webp 215w, https:\/\/meskernel.net\/wp-content\/uploads\/2025\/07\/Venture-rangefinder-4-735x1024.webp 735w, https:\/\/meskernel.net\/wp-content\/uploads\/2025\/07\/Venture-rangefinder-4-768x1069.webp 768w, https:\/\/meskernel.net\/wp-content\/uploads\/2025\/07\/Venture-rangefinder-4-9x12.webp 9w, https:\/\/meskernel.net\/wp-content\/uploads\/2025\/07\/Venture-rangefinder-4-400x557.webp 400w\" sizes=\"(max-width: 800px) 100vw, 800px\" \/> <img data-dominant-color=\"b3b5b8\" data-has-transparency=\"false\" style=\"--dominant-color: #b3b5b8;\" loading=\"lazy\" decoding=\"async\" class=\"alignleft wp-image-5207 size-full not-transparent\" src=\"https:\/\/meskernel.net\/wp-content\/uploads\/2025\/07\/Venture-rangefinder-5.webp\" alt=\"Tel\u00e9metro Venture (5)\" width=\"800\" height=\"1015\" srcset=\"https:\/\/meskernel.net\/wp-content\/uploads\/2025\/07\/Venture-rangefinder-5.webp 800w, https:\/\/meskernel.net\/wp-content\/uploads\/2025\/07\/Venture-rangefinder-5-236x300.webp 236w, https:\/\/meskernel.net\/wp-content\/uploads\/2025\/07\/Venture-rangefinder-5-768x974.webp 768w, https:\/\/meskernel.net\/wp-content\/uploads\/2025\/07\/Venture-rangefinder-5-9x12.webp 9w, https:\/\/meskernel.net\/wp-content\/uploads\/2025\/07\/Venture-rangefinder-5-400x508.webp 400w\" sizes=\"(max-width: 800px) 100vw, 800px\" \/> <img data-dominant-color=\"a6a7a7\" data-has-transparency=\"false\" style=\"--dominant-color: #a6a7a7;\" loading=\"lazy\" decoding=\"async\" class=\"alignleft wp-image-5208 size-full not-transparent\" src=\"https:\/\/meskernel.net\/wp-content\/uploads\/2025\/07\/Venture-rangefinder-6.webp\" alt=\"Tel\u00e9metro Venture (6)\" width=\"800\" height=\"990\" srcset=\"https:\/\/meskernel.net\/wp-content\/uploads\/2025\/07\/Venture-rangefinder-6.webp 800w, https:\/\/meskernel.net\/wp-content\/uploads\/2025\/07\/Venture-rangefinder-6-242x300.webp 242w, https:\/\/meskernel.net\/wp-content\/uploads\/2025\/07\/Venture-rangefinder-6-768x950.webp 768w, https:\/\/meskernel.net\/wp-content\/uploads\/2025\/07\/Venture-rangefinder-6-10x12.webp 10w, https:\/\/meskernel.net\/wp-content\/uploads\/2025\/07\/Venture-rangefinder-6-400x495.webp 400w\" sizes=\"(max-width: 800px) 100vw, 800px\" \/> <img data-dominant-color=\"8c9d9b\" data-has-transparency=\"false\" style=\"--dominant-color: #8c9d9b;\" loading=\"lazy\" decoding=\"async\" class=\"alignleft wp-image-5209 size-full not-transparent\" src=\"https:\/\/meskernel.net\/wp-content\/uploads\/2025\/07\/Venture-rangefinder-7.webp\" alt=\"Tel\u00e9metro Venture (7)\" width=\"800\" height=\"1163\" srcset=\"https:\/\/meskernel.net\/wp-content\/uploads\/2025\/07\/Venture-rangefinder-7.webp 800w, https:\/\/meskernel.net\/wp-content\/uploads\/2025\/07\/Venture-rangefinder-7-206x300.webp 206w, https:\/\/meskernel.net\/wp-content\/uploads\/2025\/07\/Venture-rangefinder-7-704x1024.webp 704w, https:\/\/meskernel.net\/wp-content\/uploads\/2025\/07\/Venture-rangefinder-7-768x1116.webp 768w, https:\/\/meskernel.net\/wp-content\/uploads\/2025\/07\/Venture-rangefinder-7-8x12.webp 8w, https:\/\/meskernel.net\/wp-content\/uploads\/2025\/07\/Venture-rangefinder-7-400x582.webp 400w\" sizes=\"(max-width: 800px) 100vw, 800px\" \/> <img data-dominant-color=\"9ab1bb\" data-has-transparency=\"false\" style=\"--dominant-color: #9ab1bb;\" loading=\"lazy\" decoding=\"async\" class=\"alignleft wp-image-5210 size-full not-transparent\" src=\"https:\/\/meskernel.net\/wp-content\/uploads\/2025\/07\/Venture-rangefinder-8.webp\" alt=\"Tel\u00e9metro Venture (8)\" width=\"800\" height=\"1503\" srcset=\"https:\/\/meskernel.net\/wp-content\/uploads\/2025\/07\/Venture-rangefinder-8.webp 800w, https:\/\/meskernel.net\/wp-content\/uploads\/2025\/07\/Venture-rangefinder-8-160x300.webp 160w, https:\/\/meskernel.net\/wp-content\/uploads\/2025\/07\/Venture-rangefinder-8-545x1024.webp 545w, https:\/\/meskernel.net\/wp-content\/uploads\/2025\/07\/Venture-rangefinder-8-768x1443.webp 768w, https:\/\/meskernel.net\/wp-content\/uploads\/2025\/07\/Venture-rangefinder-8-6x12.webp 6w, https:\/\/meskernel.net\/wp-content\/uploads\/2025\/07\/Venture-rangefinder-8-400x752.webp 400w\" sizes=\"(max-width: 800px) 100vw, 800px\" \/> <img data-dominant-color=\"a3b9c4\" data-has-transparency=\"false\" style=\"--dominant-color: #a3b9c4;\" loading=\"lazy\" decoding=\"async\" class=\"alignleft wp-image-5211 size-full not-transparent\" src=\"https:\/\/meskernel.net\/wp-content\/uploads\/2025\/07\/Venture-rangefinder-9.webp\" alt=\"Tel\u00e9metro Venture (9)\" width=\"800\" height=\"710\" srcset=\"https:\/\/meskernel.net\/wp-content\/uploads\/2025\/07\/Venture-rangefinder-9.webp 800w, https:\/\/meskernel.net\/wp-content\/uploads\/2025\/07\/Venture-rangefinder-9-300x266.webp 300w, https:\/\/meskernel.net\/wp-content\/uploads\/2025\/07\/Venture-rangefinder-9-768x682.webp 768w, https:\/\/meskernel.net\/wp-content\/uploads\/2025\/07\/Venture-rangefinder-9-14x12.webp 14w, https:\/\/meskernel.net\/wp-content\/uploads\/2025\/07\/Venture-rangefinder-9-400x355.webp 400w\" sizes=\"(max-width: 800px) 100vw, 800px\" \/><\/p>\n<p data-start=\"1270\" data-end=\"1421\">","protected":false},"excerpt":{"rendered":"<p>Bin\u00f3culo HD 10x \u00e0 prova de \u00e1gua com tel\u00e9metro laser. Integra tecnologia avan\u00e7ada de tel\u00e9metro laser, permitindo-lhe medir dist\u00e2ncias com precis\u00e3o enquanto desfruta de imagens n\u00edtidas. Vis\u00e3o Full HD, design \u00e0 prova de nevoeiro IP67, perfeito para ca\u00e7a, caminhadas, prospe\u00e7\u00e3o e aventuras ao ar livre.<\/p>","protected":false},"featured_media":5213,"template":"","meta":{"site-sidebar-layout":"default","site-content-layout":"","ast-site-content-layout":"default","site-content-style":"default","site-sidebar-style":"default","ast-global-header-display":"","ast-banner-title-visibility":"","ast-main-header-display":"","ast-hfb-above-header-display":"","ast-hfb-below-header-display":"","ast-hfb-mobile-header-display":"","site-post-title":"","ast-breadcrumbs-content":"","ast-featured-img":"","footer-sml-layout":"","ast-disable-related-posts":"","theme-transparent-header-meta":"default","adv-header-id-meta":"","stick-header-meta":"","header-above-stick-meta":"","header-main-stick-meta":"","header-below-stick-meta":"","astra-migrate-meta-layouts":"set","ast-page-background-enabled":"default","ast-page-background-meta":{"desktop":{"background-color":"var(--ast-global-color-4)","background-image":"","background-repeat":"repeat","background-position":"center center","background-size":"auto","background-attachment":"scroll","background-type":"","background-media":"","overlay-type":"","overlay-color":"","overlay-opacity":"","overlay-gradient":""},"tablet":{"background-color":"","background-image":"","background-repeat":"repeat","background-position":"center center","background-size":"auto","background-attachment":"scroll","background-type":"","background-media":"","overlay-type":"","overlay-color":"","overlay-opacity":"","overlay-gradient":""},"mobile":{"background-color":"","background-image":"","background-repeat":"repeat","background-position":"center center","background-size":"auto","background-attachment":"scroll","background-type":"","background-media":"","overlay-type":"","overlay-color":"","overlay-opacity":"","overlay-gradient":""}},"ast-content-background-meta":{"desktop":{"background-color":"var(--ast-global-color-5)","background-image":"","background-repeat":"repeat","background-position":"center center","background-size":"auto","background-attachment":"scroll","background-type":"","background-media":"","overlay-type":"","overlay-color":"","overlay-opacity":"","overlay-gradient":""},"tablet":{"background-color":"var(--ast-global-color-5)","background-image":"","background-repeat":"repeat","background-position":"center center","background-size":"auto","background-attachment":"scroll","background-type":"","background-media":"","overlay-type":"","overlay-color":"","overlay-opacity":"","overlay-gradient":""},"mobile":{"background-color":"var(--ast-global-color-5)","background-image":"","background-repeat":"repeat","background-position":"center center","background-size":"auto","background-attachment":"scroll","background-type":"","background-media":"","overlay-type":"","overlay-color":"","overlay-opacity":"","overlay-gradient":""}}},"product_brand":[],"product_cat":[29],"product_tag":[],"class_list":{"0":"post-5201","1":"product","2":"type-product","3":"status-publish","4":"has-post-thumbnail","6":"product_cat-laser-measurement-tool","7":"desktop-align-center","8":"tablet-align-left","9":"mobile-align-left","11":"first","12":"instock","13":"shipping-taxable","14":"product-type-simple"},"_links":{"self":[{"href":"https:\/\/meskernel.net\/pt\/wp-json\/wp\/v2\/product\/5201","targetHints":{"allow":["GET"]}}],"collection":[{"href":"https:\/\/meskernel.net\/pt\/wp-json\/wp\/v2\/product"}],"about":[{"href":"https:\/\/meskernel.net\/pt\/wp-json\/wp\/v2\/types\/product"}],"version-history":[{"count":0,"href":"https:\/\/meskernel.net\/pt\/wp-json\/wp\/v2\/product\/5201\/revisions"}],"wp:featuredmedia":[{"embeddable":true,"href":"https:\/\/meskernel.net\/pt\/wp-json\/wp\/v2\/media\/5213"}],"wp:attachment":[{"href":"https:\/\/meskernel.net\/pt\/wp-json\/wp\/v2\/media?parent=5201"}],"wp:term":[{"taxonomy":"product_brand","embeddable":true,"href":"https:\/\/meskernel.net\/pt\/wp-json\/wp\/v2\/product_brand?post=5201"},{"taxonomy":"product_cat","embeddable":true,"href":"https:\/\/meskernel.net\/pt\/wp-json\/wp\/v2\/product_cat?post=5201"},{"taxonomy":"product_tag","embeddable":true,"href":"https:\/\/meskernel.net\/pt\/wp-json\/wp\/v2\/product_tag?post=5201"}],"curies":[{"name":"wp","href":"https:\/\/api.w.org\/{rel}","templated":true}]}}