{"id":5854,"date":"2025-09-03T17:44:47","date_gmt":"2025-09-03T09:44:47","guid":{"rendered":"https:\/\/meskernel.net\/?post_type=product&#038;p=5854"},"modified":"2026-01-29T10:08:33","modified_gmt":"2026-01-29T02:08:33","slug":"medicao-de-distancias-em-tempo-real","status":"publish","type":"product","link":"https:\/\/meskernel.net\/pt\/product\/real-time-distance-measurement\/","title":{"rendered":"LDJU Sensor de medi\u00e7\u00e3o de dist\u00e2ncia em tempo real para UAV 3000Hz Sem espera"},"content":{"rendered":"<p class=\"\" data-start=\"86\" data-end=\"363\">O nosso sensor de medi\u00e7\u00e3o de dist\u00e2ncias em tempo real LDJU de frequ\u00eancia ultra-alta fornece medi\u00e7\u00f5es em tempo real com uma precis\u00e3o de n\u00edvel milim\u00e9trico numa gama de 0,2 m a 25 m.<\/p>\n<h3 class=\"\" data-start=\"365\" data-end=\"388\"><strong data-start=\"369\" data-end=\"386\">Carater\u00edsticas principais:<\/strong><\/h3>\n<p class=\"\" data-start=\"389\" data-end=\"1038\">\u2705 <strong data-start=\"391\" data-end=\"421\">Medi\u00e7\u00e3o de alta frequ\u00eancia<\/strong> - Suporta uma varia\u00e7\u00e3o ultra-r\u00e1pida de 100Hz a 3000Hz, garantindo uma sa\u00edda de dados r\u00e1pida e est\u00e1vel.<br data-start=\"516\" data-end=\"519\" \/>\u2705 <strong data-start=\"521\" data-end=\"551\" data-is-only-node=\"\">Precis\u00e3o ao n\u00edvel do mil\u00edmetro<\/strong> - Fornece leituras de dist\u00e2ncia altamente precisas para automa\u00e7\u00e3o industrial e engenharia de precis\u00e3o.<br data-start=\"649\" data-end=\"652\" \/>\u2705 <strong data-start=\"654\" data-end=\"688\">Caixa em liga de alum\u00ednio dur\u00e1vel<\/strong> - O inv\u00f3lucro met\u00e1lico proporciona uma durabilidade superior, estabilidade e resist\u00eancia a impactos externos.<br data-start=\"787\" data-end=\"790\" \/>\u2705 <strong data-start=\"792\" data-end=\"819\">\u00c0 prova de salpicos e de poeiras<\/strong> - Concebidos para ambientes exigentes, oferecem uma forte prote\u00e7\u00e3o contra o p\u00f3 e a \u00e1gua.<br data-start=\"911\" data-end=\"914\" \/>\u2705 <strong data-start=\"916\" data-end=\"953\">M\u00faltiplas interfaces de comunica\u00e7\u00e3o<\/strong> - Suporta interfaces USART, RS485 e RS232 para uma integra\u00e7\u00e3o perfeita do sistema.<\/p>\n<p class=\"\" data-start=\"1040\" data-end=\"1244\">Ideal para aplica\u00e7\u00f5es de automa\u00e7\u00e3o industrial, rob\u00f3tica, log\u00edstica e posicionamento, este sensor de medi\u00e7\u00e3o de dist\u00e2ncias em tempo real proporciona uma velocidade, precis\u00e3o e fiabilidade inigual\u00e1veis na medi\u00e7\u00e3o de dist\u00e2ncias.<\/p>\n<h3>Compara\u00e7\u00e3o de produtos<\/h3>\n<p><img data-dominant-color=\"e0e0df\" data-has-transparency=\"false\" style=\"--dominant-color: #e0e0df;\" fetchpriority=\"high\" decoding=\"async\" class=\"alignleft wp-image-5856 size-full not-transparent\" src=\"https:\/\/meskernel.net\/wp-content\/uploads\/2025\/09\/Real-Time-Ranging-Sensor.webp\" alt=\"Sensor de alcance em tempo real\" width=\"1112\" height=\"339\" srcset=\"https:\/\/meskernel.net\/wp-content\/uploads\/2025\/09\/Real-Time-Ranging-Sensor.webp 1112w, https:\/\/meskernel.net\/wp-content\/uploads\/2025\/09\/Real-Time-Ranging-Sensor-300x91.webp 300w, https:\/\/meskernel.net\/wp-content\/uploads\/2025\/09\/Real-Time-Ranging-Sensor-1024x312.webp 1024w, https:\/\/meskernel.net\/wp-content\/uploads\/2025\/09\/Real-Time-Ranging-Sensor-768x234.webp 768w, https:\/\/meskernel.net\/wp-content\/uploads\/2025\/09\/Real-Time-Ranging-Sensor-18x5.webp 18w, https:\/\/meskernel.net\/wp-content\/uploads\/2025\/09\/Real-Time-Ranging-Sensor-400x122.webp 400w\" sizes=\"(max-width: 1112px) 100vw, 1112px\" \/><\/p>\n<h3 class=\"\" data-start=\"1046\" data-end=\"1070\"><strong data-start=\"1050\" data-end=\"1068\">Porqu\u00ea escolher-nos?<\/strong><\/h3>\n<p class=\"\" data-start=\"1071\" data-end=\"1716\">Como profissional <a href=\"https:\/\/www.globalsources.com\/chengdu-meskernel\/showroom_6002100157315.htm\" target=\"_blank\" rel=\"noopener\">fabricante de sensores de dist\u00e2ncia por laser<\/a>A nossa empresa oferece servi\u00e7os de personaliza\u00e7\u00e3o OEM e ODM para satisfazer os requisitos espec\u00edficos da sua aplica\u00e7\u00e3o. Ao contr\u00e1rio das solu\u00e7\u00f5es padr\u00e3o, oferecemos:<br data-start=\"1261\" data-end=\"1264\" \/>\u2714 <strong data-start=\"1266\" data-end=\"1293\">Par\u00e2metros personaliz\u00e1veis<\/strong> - Ajuste a frequ\u00eancia, a taxa de transmiss\u00e3o, o intervalo de medi\u00e7\u00e3o e outras defini\u00e7\u00f5es para se adaptar \u00e0s necessidades do seu projeto.<br data-start=\"1387\" data-end=\"1390\" \/>\u2714 <strong data-start=\"1392\" data-end=\"1428\">Protocolos de comunica\u00e7\u00e3o flex\u00edveis<\/strong> - Adapte o sensor para se integrar sem problemas no seu sistema existente.<br data-start=\"1499\" data-end=\"1502\" \/>\u2714 <strong data-start=\"1504\" data-end=\"1530\">Pre\u00e7o direto de f\u00e1brica<\/strong> - Desfrutar <strong data-start=\"1539\" data-end=\"1557\">rent\u00e1vel<\/strong> solu\u00e7\u00f5es sem margens de lucro de intermedi\u00e1rios.<br data-start=\"1594\" data-end=\"1597\" \/>\u2714 <strong data-start=\"1599\" data-end=\"1633\">Suporte t\u00e9cnico profissional<\/strong> - A nossa experiente equipa de I&amp;D garante um desempenho \u00f3timo e uma r\u00e1pida resolu\u00e7\u00e3o de problemas.<\/p>\n<p class=\"\" data-start=\"1718\" data-end=\"1961\">Com mais de 20 anos de experi\u00eancia em tecnologia de medi\u00e7\u00e3o a laser, fornecemos solu\u00e7\u00f5es personalizadas e de alta qualidade que aumentam a efici\u00eancia e a precis\u00e3o em aplica\u00e7\u00f5es industriais. Contacte-nos hoje para discutir os seus requisitos espec\u00edficos!<a href=\"https:\/\/meskernel.net\/pt\/descarregar\/\"><strong>Descarregar o nosso manual do produto<\/strong><\/a><\/p>\n<h3 data-start=\"177\" data-end=\"228\"><img data-dominant-color=\"6e7975\" data-has-transparency=\"false\" style=\"--dominant-color: #6e7975;\" decoding=\"async\" class=\"aligncenter wp-image-5603 size-full not-transparent\" src=\"https:\/\/meskernel.net\/wp-content\/uploads\/2025\/08\/Meskernel-Laser-Distance-Sensor.webp\" alt=\"Sensor de dist\u00e2ncia laser Meskernel\" width=\"750\" height=\"669\" srcset=\"https:\/\/meskernel.net\/wp-content\/uploads\/2025\/08\/Meskernel-Laser-Distance-Sensor.webp 750w, https:\/\/meskernel.net\/wp-content\/uploads\/2025\/08\/Meskernel-Laser-Distance-Sensor-300x268.webp 300w, https:\/\/meskernel.net\/wp-content\/uploads\/2025\/08\/Meskernel-Laser-Distance-Sensor-13x12.webp 13w, https:\/\/meskernel.net\/wp-content\/uploads\/2025\/08\/Meskernel-Laser-Distance-Sensor-400x357.webp 400w\" sizes=\"(max-width: 750px) 100vw, 750px\" \/><\/h3>\n<p><a class=\"wps-ellipsis-parent wps-internal-link\" href=\"https:\/\/meskernel.net\/pt\/sensores-de-distancia-laser-de-ponto-unico\/\" aria-label=\"Como escolher os melhores sensores de dist\u00e2ncia laser de ponto \u00fanico para a carga \u00fatil do seu UAV (\/pt\/single-point-laser-distance-sensors\/)\"><span class=\"wps-ellipsis-text\">Como escolher os melhores sensores de dist\u00e2ncia a laser de ponto \u00fanico para a carga \u00fatil do seu UAV\u00a0<\/span><\/a><\/p>\n<h3 data-start=\"177\" data-end=\"228\">FAQ<\/h3>\n<h5 data-start=\"230\" data-end=\"290\">1. O que \u00e9 um sensor de medi\u00e7\u00e3o de dist\u00e2ncias em tempo real?<\/h5>\n<p class=\"\" data-start=\"291\" data-end=\"606\">Um sensor de medi\u00e7\u00e3o de dist\u00e2ncias em tempo real mede a dist\u00e2ncia calculando o tempo que demora um feixe laser a viajar at\u00e9 um alvo e a regressar. Este m\u00e9todo fornece medi\u00e7\u00f5es de dist\u00e2ncia r\u00e1pidas, precisas e fi\u00e1veis, tornando-o ideal para aplica\u00e7\u00f5es de automa\u00e7\u00e3o industrial, rob\u00f3tica e monitoriza\u00e7\u00e3o de precis\u00e3o.<\/p>\n<hr class=\"\" data-start=\"608\" data-end=\"611\" \/>\n<h5 data-start=\"613\" data-end=\"702\">2. Qual \u00e9 a gama de medi\u00e7\u00e3o do seu sensor de medi\u00e7\u00e3o de dist\u00e2ncias em tempo real?<\/h5>\n<p class=\"\" data-start=\"703\" data-end=\"864\">O nosso sensor suporta uma gama de medi\u00e7\u00e3o de 0,2 metros a 25 metros, garantindo um desempenho preciso para aplica\u00e7\u00f5es industriais de curto e m\u00e9dio alcance.<\/p>\n<hr class=\"\" data-start=\"866\" data-end=\"869\" \/>\n<h5 data-start=\"871\" data-end=\"925\">3. Qual \u00e9 a precis\u00e3o do sensor de medi\u00e7\u00e3o de dist\u00e2ncias em tempo real?<\/h5>\n<p class=\"\" data-start=\"926\" data-end=\"1106\">Este sensor oferece uma precis\u00e3o ao n\u00edvel do mil\u00edmetro, tornando-o altamente adequado para ambientes exigentes em termos de precis\u00e3o, como o fabrico, sistemas de inspe\u00e7\u00e3o e controlo automatizado.<\/p>\n<hr class=\"\" data-start=\"1746\" data-end=\"1749\" \/>\n<h5 data-start=\"1751\" data-end=\"1802\">4. Que interfaces de comunica\u00e7\u00e3o s\u00e3o suportadas?<\/h5>\n<p class=\"\" data-start=\"1803\" data-end=\"2013\">O nosso sensor de dist\u00e2ncia a laser de tempo de voo de 1000 Hz suporta interfaces USART, RS485 e RS232, permitindo uma integra\u00e7\u00e3o f\u00e1cil e flex\u00edvel em sistemas de controlo industrial existentes, PLCs e plataformas IoT.<\/p>\n<hr class=\"\" data-start=\"2015\" data-end=\"2018\" \/>\n<h5 data-start=\"2020\" data-end=\"2096\">5. A frequ\u00eancia, a taxa de transmiss\u00e3o e o alcance do sensor laser podem ser personalizados?<\/h5>\n<p class=\"\" data-start=\"2097\" data-end=\"2293\">Sim. Como fabricante, oferecemos solu\u00e7\u00f5es personaliz\u00e1veis, incluindo frequ\u00eancia de amostragem ajust\u00e1vel, taxa de transmiss\u00e3o e gama de medi\u00e7\u00e3o para corresponder perfeitamente \u00e0s necessidades espec\u00edficas do seu projeto.<\/p>\n<p class=\"\" data-start=\"3185\" data-end=\"3227\">","protected":false},"excerpt":{"rendered":"<p>Este m\u00f3dulo de sensor de medi\u00e7\u00e3o de dist\u00e2ncias em tempo real com desempenho est\u00e1vel \u00e9 amplamente utilizado na condu\u00e7\u00e3o aut\u00f3noma, na preven\u00e7\u00e3o de obst\u00e1culos por radar, na prote\u00e7\u00e3o de transportes log\u00edsticos inteligentes, na ind\u00fastria aeroespacial mar\u00edtima, na automa\u00e7\u00e3o industrial e noutras \u00e1reas.<\/p>","protected":false},"featured_media":5855,"template":"","meta":{"site-sidebar-layout":"default","site-content-layout":"","ast-site-content-layout":"default","site-content-style":"default","site-sidebar-style":"default","ast-global-header-display":"","ast-banner-title-visibility":"","ast-main-header-display":"","ast-hfb-above-header-display":"","ast-hfb-below-header-display":"","ast-hfb-mobile-header-display":"","site-post-title":"","ast-breadcrumbs-content":"","ast-featured-img":"","footer-sml-layout":"","ast-disable-related-posts":"","theme-transparent-header-meta":"default","adv-header-id-meta":"","stick-header-meta":"","header-above-stick-meta":"","header-main-stick-meta":"","header-below-stick-meta":"","astra-migrate-meta-layouts":"set","ast-page-background-enabled":"default","ast-page-background-meta":{"desktop":{"background-color":"var(--ast-global-color-4)","background-image":"","background-repeat":"repeat","background-position":"center center","background-size":"auto","background-attachment":"scroll","background-type":"","background-media":"","overlay-type":"","overlay-color":"","overlay-opacity":"","overlay-gradient":""},"tablet":{"background-color":"","background-image":"","background-repeat":"repeat","background-position":"center center","background-size":"auto","background-attachment":"scroll","background-type":"","background-media":"","overlay-type":"","overlay-color":"","overlay-opacity":"","overlay-gradient":""},"mobile":{"background-color":"","background-image":"","background-repeat":"repeat","background-position":"center center","background-size":"auto","background-attachment":"scroll","background-type":"","background-media":"","overlay-type":"","overlay-color":"","overlay-opacity":"","overlay-gradient":""}},"ast-content-background-meta":{"desktop":{"background-color":"var(--ast-global-color-5)","background-image":"","background-repeat":"repeat","background-position":"center center","background-size":"auto","background-attachment":"scroll","background-type":"","background-media":"","overlay-type":"","overlay-color":"","overlay-opacity":"","overlay-gradient":""},"tablet":{"background-color":"var(--ast-global-color-5)","background-image":"","background-repeat":"repeat","background-position":"center center","background-size":"auto","background-attachment":"scroll","background-type":"","background-media":"","overlay-type":"","overlay-color":"","overlay-opacity":"","overlay-gradient":""},"mobile":{"background-color":"var(--ast-global-color-5)","background-image":"","background-repeat":"repeat","background-position":"center center","background-size":"auto","background-attachment":"scroll","background-type":"","background-media":"","overlay-type":"","overlay-color":"","overlay-opacity":"","overlay-gradient":""}}},"product_brand":[],"product_cat":[32,52],"product_tag":[],"class_list":{"0":"post-5854","1":"product","2":"type-product","3":"status-publish","4":"has-post-thumbnail","6":"product_cat-high-frequency-ranging-sensor-module","7":"product_cat-phase-distance-sensor","8":"desktop-align-center","9":"tablet-align-left","10":"mobile-align-left","12":"first","13":"instock","14":"shipping-taxable","15":"product-type-simple"},"_links":{"self":[{"href":"https:\/\/meskernel.net\/pt\/wp-json\/wp\/v2\/product\/5854","targetHints":{"allow":["GET"]}}],"collection":[{"href":"https:\/\/meskernel.net\/pt\/wp-json\/wp\/v2\/product"}],"about":[{"href":"https:\/\/meskernel.net\/pt\/wp-json\/wp\/v2\/types\/product"}],"version-history":[{"count":0,"href":"https:\/\/meskernel.net\/pt\/wp-json\/wp\/v2\/product\/5854\/revisions"}],"wp:featuredmedia":[{"embeddable":true,"href":"https:\/\/meskernel.net\/pt\/wp-json\/wp\/v2\/media\/5855"}],"wp:attachment":[{"href":"https:\/\/meskernel.net\/pt\/wp-json\/wp\/v2\/media?parent=5854"}],"wp:term":[{"taxonomy":"product_brand","embeddable":true,"href":"https:\/\/meskernel.net\/pt\/wp-json\/wp\/v2\/product_brand?post=5854"},{"taxonomy":"product_cat","embeddable":true,"href":"https:\/\/meskernel.net\/pt\/wp-json\/wp\/v2\/product_cat?post=5854"},{"taxonomy":"product_tag","embeddable":true,"href":"https:\/\/meskernel.net\/pt\/wp-json\/wp\/v2\/product_tag?post=5854"}],"curies":[{"name":"wp","href":"https:\/\/api.w.org\/{rel}","templated":true}]}}